{"id":3680,"date":"2024-04-15T11:19:06","date_gmt":"2024-04-15T09:19:06","guid":{"rendered":"https:\/\/koningdrone.nl\/kon\/product\/dji-rs-3-mini-creator-combo\/"},"modified":"2026-04-29T12:40:20","modified_gmt":"2026-04-29T10:40:20","slug":"dji-rs-3-mini-creator-combo","status":"publish","type":"product","link":"https:\/\/koningdrone.be\/fr\/produit\/dji-rs-3-mini-creator-combo\/","title":{"rendered":"DJI RS 3 Mini Creator Combo"},"content":{"rendered":"<p><strong>Introduction<\/strong><\/p>\n<p> La RS 3 Mini est une monture \u00e0 cardan ultra-portable con\u00e7ue pour les voyageurs et les cr\u00e9ateurs de contenu qui ont besoin d'un outil de stabilisation l\u00e9ger mais puissant. Sa taille compacte et sa facilit\u00e9 d'utilisation lui permettent de s'adapter \u00e0 un large \u00e9ventail d'activit\u00e9s vid\u00e9ographiques, des films amateurs aux tournages professionnels.<\/p>\n<p>  <strong>Conception l\u00e9g\u00e8re<\/strong><\/p>\n<p> Pesant seulement 795 grammes, le RS 3 Mini est con\u00e7u pour une utilisation portable pratique et confortable. Sa construction l\u00e9g\u00e8re permet une utilisation prolong\u00e9e sans la fatigue habituelle associ\u00e9e \u00e0 un \u00e9quipement plus lourd, ce qui en fait l'outil id\u00e9al pour capturer des contenus dynamiques en d\u00e9placement.<\/p>\n<p>  <strong>Une connectivit\u00e9 sans faille<\/strong><\/p>\n<p> Une fois associ\u00e9e \u00e0 une cam\u00e9ra, la RS 3 Mini garantit une reconnexion sans probl\u00e8me pour une utilisation ult\u00e9rieure. Cette caract\u00e9ristique simplifie le processus d'installation et permet une utilisation rapide, de sorte que vous pouvez vous concentrer davantage sur la prise de photos et de vid\u00e9os avec un contr\u00f4le direct du cardan.<\/p>\n<p>  <strong>Des moteurs puissants<\/strong><\/p>\n<p> Le cardan est \u00e9quip\u00e9 de moteurs \u00e0 couple \u00e9lev\u00e9 qui offrent une capacit\u00e9 de charge puissante pouvant atteindre 2 kilogrammes (4,4 livres). Cette capacit\u00e9 garantit la compatibilit\u00e9 avec un large \u00e9ventail de combinaisons d'appareils photo et d'objectifs, ce qui fait du RS 3 Mini un outil polyvalent adapt\u00e9 \u00e0 diff\u00e9rents styles et conditions de prise de vue.<\/p>\n<p>  <strong>Stabilisation avanc\u00e9e<\/strong><\/p>\n<p> Que vous soyez en mouvement, que vous filmiez en contre-plong\u00e9e ou en mode torche, la RS 3 Mini offre une stabilisation d'image de niveau professionnel. Sa technologie avanc\u00e9e garantit la fluidit\u00e9 et la stabilit\u00e9 de vos s\u00e9quences, pour des prises de vue fluides m\u00eame en cas de mouvement.<\/p>\n<p>  <strong>Interface conviviale<\/strong><\/p>\n<p> L'ajout d'un \u00e9cran tactile couleur de 1,4 pouce am\u00e9liore l'exp\u00e9rience de l'utilisateur en offrant une nouvelle interface intuitive. Cet \u00e9cran permet d'acc\u00e9der rapidement aux r\u00e9glages, ce qui r\u00e9duit le temps d'installation et facilite les modifications instantan\u00e9es.<\/p>\n<p>  <strong>La photographie verticale en toute simplicit\u00e9<\/strong><\/p>\n<p> Pour les cr\u00e9ateurs de contenu engag\u00e9s sur les plateformes de m\u00e9dias sociaux, le passage \u00e0 la prise de vue verticale est facilit\u00e9 par la RS 3 Mini. En montant la plaque de fixation rapide sur le bras vertical, la rotule permet de passer sans effort au mode portrait pour r\u00e9pondre aux exigences des formats de contenu des m\u00e9dias sociaux.<\/p>\n<p>  <strong>Polyvalence des modes<\/strong><\/p>\n<p> Le cardan est dot\u00e9 de trois modes de fonctionnement diff\u00e9rents, que l'on peut facilement changer en appuyant sur le bouton M. En outre, le bouton de fonction frontal permet d'ajuster les param\u00e8tres de l'appareil photo, tels que la mise au point, l'ISO et l'ouverture, en cours de route. Cette polyvalence des options de contr\u00f4le rend la RS 3 Mini particuli\u00e8rement adapt\u00e9e aux personnes cr\u00e9atives qui ont besoin d'options d'ajustement rapide dans diff\u00e9rents sc\u00e9narios de prise de vue.<\/p>","protected":false},"excerpt":{"rendered":"<ul>\n<li>Conception ultra-compacte, id\u00e9ale pour les d\u00e9placements<\/li>\n<li> L\u00e9ger (795 g), confortable pour une utilisation prolong\u00e9e<\/li>\n<li> Reconnexion automatique de l'appareil photo lors du premier appairage<\/li>\n<li> Contr\u00f4le du cardan pour l'enregistrement de photos et de vid\u00e9os<\/li>\n<li> Les moteurs \u00e0 couple \u00e9lev\u00e9 supportent des charges allant jusqu'\u00e0 2 kg (4,4 lbs).<\/li>\n<li> Stabilisation professionnelle de l'image dans diff\u00e9rents modes de prise de vue<\/li>\n<li> \u00c9cran tactile couleur de 1,4 pouce avec interface utilisateur intuitive<\/li>\n<li> Plaque de fixation rapide pour faciliter la prise de vue verticale<\/li>\n<li> Trois modes de cardan commutables via le bouton M<\/li>\n<li> La molette avant permet de r\u00e9gler la mise au point, la sensibilit\u00e9 ISO, l'ouverture, etc.<\/li>\n<\/ul>","protected":false},"featured_media":3677,"template":"","meta":{"_acf_changed":false},"product_brand":[],"product_cat":[315,410,97,265,721],"product_tag":[],"class_list":{"0":"post-3680","1":"product","2":"type-product","3":"status-publish","4":"has-post-thumbnail","6":"product_cat-alle-gimbals-en-cameras","7":"product_cat-alle-handheld-gimbals","8":"product_cat-alle-producten","9":"product_cat-dji-ronin","10":"product_cat-dji-rs3","11":"product_shipping_class-outofstock","12":"pa_brand-dji","13":"pa_productfamily-gimbal","14":"pa_producttype-gimbal","15":"pa_series-rs-3","17":"first","18":"outofstock","19":"taxable","20":"shipping-taxable","21":"product-type-simple"},"acf":[],"yoast_head":"<!-- This site is optimized with the Yoast SEO Premium plugin v27.2 (Yoast SEO v27.2) - https:\/\/yoast.com\/product\/yoast-seo-premium-wordpress\/ -->\n<title>DJI RS 3 Mini Creator Combo - koningdrone.be<\/title>\n<meta name=\"robots\" content=\"index, follow, max-snippet:-1, max-image-preview:large, max-video-preview:-1\" \/>\n<link rel=\"canonical\" href=\"https:\/\/koningdrone.be\/fr\/produit\/dji-rs-3-mini-creator-combo\/\" \/>\n<meta property=\"og:locale\" content=\"fr_FR\" \/>\n<meta property=\"og:type\" content=\"article\" \/>\n<meta property=\"og:title\" content=\"DJI RS 3 Mini Creator Combo\" \/>\n<meta property=\"og:description\" content=\"Ultracompact ontwerp, ideaal voor op reis Lichtgewicht van 795 g (1,75 lbs), comfortabel voor langdurig gebruik Automatische herverbinding van de camera bij eerste koppeling Gimbalbediening voor foto- en video-opname Motoren met hoog koppel ondersteunen een belasting tot 2 kg (4,4 lbs). Professionele beeldstabilisatie in verschillende opnamemodi 1,4-inch kleurenaanraakscherm met intu\u00eftieve gebruikersinterface Snelkoppelingsplaat voor eenvoudig verticaal fotograferen Drie gimbalmodi schakelbaar via de M-knop Draaiknop aan de voorzijde voor het aanpassen van de scherpstelling, ISO, diafragma en meer\" \/>\n<meta property=\"og:url\" content=\"https:\/\/koningdrone.be\/fr\/produit\/dji-rs-3-mini-creator-combo\/\" \/>\n<meta property=\"og:site_name\" content=\"koningdrone.be\" \/>\n<meta property=\"article:modified_time\" content=\"2026-04-29T10:40:20+00:00\" \/>\n<meta property=\"og:image\" content=\"https:\/\/koningdrone.be\/wp-content\/uploads\/sites\/13\/2025\/04\/845228fcc7f212d7498e8d1421a71ac8@ultra.jpg\" \/>\n\t<meta property=\"og:image:width\" content=\"1280\" \/>\n\t<meta property=\"og:image:height\" content=\"1280\" \/>\n\t<meta property=\"og:image:type\" content=\"image\/jpeg\" \/>\n<meta name=\"twitter:card\" content=\"summary_large_image\" \/>\n<meta name=\"twitter:label1\" content=\"Dur\u00e9e de lecture est.\" \/>\n\t<meta name=\"twitter:data1\" content=\"2 minutes\" \/>\n<script type=\"application\/ld+json\" class=\"yoast-schema-graph\">{\"@context\":\"https:\/\/schema.org\",\"@graph\":[{\"@type\":\"WebPage\",\"@id\":\"https:\/\/koningdrone.be\/product\/dji-rs-3-mini-creator-combo\/\",\"url\":\"https:\/\/koningdrone.be\/product\/dji-rs-3-mini-creator-combo\/\",\"name\":\"DJI RS 3 Mini Creator Combo - koningdrone.be\",\"isPartOf\":{\"@id\":\"https:\/\/koningdrone.be\/#website\"},\"primaryImageOfPage\":{\"@id\":\"https:\/\/koningdrone.be\/product\/dji-rs-3-mini-creator-combo\/#primaryimage\"},\"image\":{\"@id\":\"https:\/\/koningdrone.be\/product\/dji-rs-3-mini-creator-combo\/#primaryimage\"},\"thumbnailUrl\":\"https:\/\/koningdrone.be\/wp-content\/uploads\/sites\/13\/2025\/04\/845228fcc7f212d7498e8d1421a71ac8@ultra.jpg\",\"datePublished\":\"2024-04-15T09:19:06+00:00\",\"dateModified\":\"2026-04-29T10:40:20+00:00\",\"breadcrumb\":{\"@id\":\"https:\/\/koningdrone.be\/product\/dji-rs-3-mini-creator-combo\/#breadcrumb\"},\"inLanguage\":\"fr-BE\",\"potentialAction\":[{\"@type\":\"ReadAction\",\"target\":[\"https:\/\/koningdrone.be\/product\/dji-rs-3-mini-creator-combo\/\"]}]},{\"@type\":\"ImageObject\",\"inLanguage\":\"fr-BE\",\"@id\":\"https:\/\/koningdrone.be\/product\/dji-rs-3-mini-creator-combo\/#primaryimage\",\"url\":\"https:\/\/koningdrone.be\/wp-content\/uploads\/sites\/13\/2025\/04\/845228fcc7f212d7498e8d1421a71ac8@ultra.jpg\",\"contentUrl\":\"https:\/\/koningdrone.be\/wp-content\/uploads\/sites\/13\/2025\/04\/845228fcc7f212d7498e8d1421a71ac8@ultra.jpg\",\"width\":1280,\"height\":1280},{\"@type\":\"BreadcrumbList\",\"@id\":\"https:\/\/koningdrone.be\/product\/dji-rs-3-mini-creator-combo\/#breadcrumb\",\"itemListElement\":[{\"@type\":\"ListItem\",\"position\":1,\"name\":\"Home\",\"item\":\"https:\/\/koningdrone.be\/\"},{\"@type\":\"ListItem\",\"position\":2,\"name\":\"AVSS Parachute Recovery System for DJI Matrice 300\/350\",\"item\":\"https:\/\/koningdrone.be\/product\/avss-parachute-recovery-system-for-dji-matrice-300-350\/\"},{\"@type\":\"ListItem\",\"position\":3,\"name\":\"Alle gimbals en cameras\",\"item\":\"https:\/\/koningdrone.be\/categorie\/alle-gimbals-en-cameras\/\"},{\"@type\":\"ListItem\",\"position\":4,\"name\":\"DJI RS 3 Mini Creator Combo\"}]},{\"@type\":\"WebSite\",\"@id\":\"https:\/\/koningdrone.be\/#website\",\"url\":\"https:\/\/koningdrone.be\/\",\"name\":\"Koningdrone.be - Uw online specialist in drones, gimbals, camera's en power stations.\",\"description\":\"De webshop in drones en gimbals\",\"publisher\":{\"@id\":\"https:\/\/koningdrone.be\/#organization\"},\"potentialAction\":[{\"@type\":\"SearchAction\",\"target\":{\"@type\":\"EntryPoint\",\"urlTemplate\":\"https:\/\/koningdrone.be\/?s={search_term_string}\"},\"query-input\":{\"@type\":\"PropertyValueSpecification\",\"valueRequired\":true,\"valueName\":\"search_term_string\"}}],\"inLanguage\":\"fr-BE\"},{\"@type\":\"Organization\",\"@id\":\"https:\/\/koningdrone.be\/#organization\",\"name\":\"Koningdrone.be\",\"url\":\"https:\/\/koningdrone.be\/\",\"logo\":{\"@type\":\"ImageObject\",\"inLanguage\":\"fr-BE\",\"@id\":\"https:\/\/koningdrone.be\/#\/schema\/logo\/image\/\",\"url\":\"https:\/\/koningdrone.be\/wp-content\/uploads\/sites\/13\/2025\/04\/koningdrone-copyright-logo.svg\",\"contentUrl\":\"https:\/\/koningdrone.be\/wp-content\/uploads\/sites\/13\/2025\/04\/koningdrone-copyright-logo.svg\",\"width\":227,\"height\":38,\"caption\":\"Koningdrone.be\"},\"image\":{\"@id\":\"https:\/\/koningdrone.be\/#\/schema\/logo\/image\/\"}}]}<\/script>\n<!-- \/ Yoast SEO Premium plugin. -->","yoast_head_json":{"title":"DJI RS 3 Mini Creator Combo - koningdrone.be","robots":{"index":"index","follow":"follow","max-snippet":"max-snippet:-1","max-image-preview":"max-image-preview:large","max-video-preview":"max-video-preview:-1"},"canonical":"https:\/\/koningdrone.be\/fr\/produit\/dji-rs-3-mini-creator-combo\/","og_locale":"fr_FR","og_type":"article","og_title":"DJI RS 3 Mini Creator Combo","og_description":"Ultracompact ontwerp, ideaal voor op reis Lichtgewicht van 795 g (1,75 lbs), comfortabel voor langdurig gebruik Automatische herverbinding van de camera bij eerste koppeling Gimbalbediening voor foto- en video-opname Motoren met hoog koppel ondersteunen een belasting tot 2 kg (4,4 lbs). Professionele beeldstabilisatie in verschillende opnamemodi 1,4-inch kleurenaanraakscherm met intu\u00eftieve gebruikersinterface Snelkoppelingsplaat voor eenvoudig verticaal fotograferen Drie gimbalmodi schakelbaar via de M-knop Draaiknop aan de voorzijde voor het aanpassen van de scherpstelling, ISO, diafragma en meer","og_url":"https:\/\/koningdrone.be\/fr\/produit\/dji-rs-3-mini-creator-combo\/","og_site_name":"koningdrone.be","article_modified_time":"2026-04-29T10:40:20+00:00","og_image":[{"width":1280,"height":1280,"url":"https:\/\/koningdrone.be\/wp-content\/uploads\/sites\/13\/2025\/04\/845228fcc7f212d7498e8d1421a71ac8@ultra.jpg","type":"image\/jpeg"}],"twitter_card":"summary_large_image","twitter_misc":{"Dur\u00e9e de lecture est.":"2 minutes"},"schema":{"@context":"https:\/\/schema.org","@graph":[{"@type":"WebPage","@id":"https:\/\/koningdrone.be\/product\/dji-rs-3-mini-creator-combo\/","url":"https:\/\/koningdrone.be\/product\/dji-rs-3-mini-creator-combo\/","name":"DJI RS 3 Mini Creator Combo - koningdrone.be","isPartOf":{"@id":"https:\/\/koningdrone.be\/#website"},"primaryImageOfPage":{"@id":"https:\/\/koningdrone.be\/product\/dji-rs-3-mini-creator-combo\/#primaryimage"},"image":{"@id":"https:\/\/koningdrone.be\/product\/dji-rs-3-mini-creator-combo\/#primaryimage"},"thumbnailUrl":"https:\/\/koningdrone.be\/wp-content\/uploads\/sites\/13\/2025\/04\/845228fcc7f212d7498e8d1421a71ac8@ultra.jpg","datePublished":"2024-04-15T09:19:06+00:00","dateModified":"2026-04-29T10:40:20+00:00","breadcrumb":{"@id":"https:\/\/koningdrone.be\/product\/dji-rs-3-mini-creator-combo\/#breadcrumb"},"inLanguage":"fr-BE","potentialAction":[{"@type":"ReadAction","target":["https:\/\/koningdrone.be\/product\/dji-rs-3-mini-creator-combo\/"]}]},{"@type":"ImageObject","inLanguage":"fr-BE","@id":"https:\/\/koningdrone.be\/product\/dji-rs-3-mini-creator-combo\/#primaryimage","url":"https:\/\/koningdrone.be\/wp-content\/uploads\/sites\/13\/2025\/04\/845228fcc7f212d7498e8d1421a71ac8@ultra.jpg","contentUrl":"https:\/\/koningdrone.be\/wp-content\/uploads\/sites\/13\/2025\/04\/845228fcc7f212d7498e8d1421a71ac8@ultra.jpg","width":1280,"height":1280},{"@type":"BreadcrumbList","@id":"https:\/\/koningdrone.be\/product\/dji-rs-3-mini-creator-combo\/#breadcrumb","itemListElement":[{"@type":"ListItem","position":1,"name":"Home","item":"https:\/\/koningdrone.be\/"},{"@type":"ListItem","position":2,"name":"AVSS Parachute Recovery System for DJI Matrice 300\/350","item":"https:\/\/koningdrone.be\/product\/avss-parachute-recovery-system-for-dji-matrice-300-350\/"},{"@type":"ListItem","position":3,"name":"Alle gimbals en cameras","item":"https:\/\/koningdrone.be\/categorie\/alle-gimbals-en-cameras\/"},{"@type":"ListItem","position":4,"name":"DJI RS 3 Mini Creator Combo"}]},{"@type":"WebSite","@id":"https:\/\/koningdrone.be\/#website","url":"https:\/\/koningdrone.be\/","name":"Koningdrone.be - Votre sp\u00e9cialiste en ligne en mati\u00e8re de drones, de cardans, de cam\u00e9ras et de centrales \u00e9lectriques.","description":"La boutique en ligne de drones et de cardans","publisher":{"@id":"https:\/\/koningdrone.be\/#organization"},"potentialAction":[{"@type":"SearchAction","target":{"@type":"EntryPoint","urlTemplate":"https:\/\/koningdrone.be\/?s={search_term_string}"},"query-input":{"@type":"PropertyValueSpecification","valueRequired":true,"valueName":"search_term_string"}}],"inLanguage":"fr-BE"},{"@type":"Organization","@id":"https:\/\/koningdrone.be\/#organization","name":"Kingdrone.co.uk","url":"https:\/\/koningdrone.be\/","logo":{"@type":"ImageObject","inLanguage":"fr-BE","@id":"https:\/\/koningdrone.be\/#\/schema\/logo\/image\/","url":"https:\/\/koningdrone.be\/wp-content\/uploads\/sites\/13\/2025\/04\/koningdrone-copyright-logo.svg","contentUrl":"https:\/\/koningdrone.be\/wp-content\/uploads\/sites\/13\/2025\/04\/koningdrone-copyright-logo.svg","width":227,"height":38,"caption":"Koningdrone.be"},"image":{"@id":"https:\/\/koningdrone.be\/#\/schema\/logo\/image\/"}}]}},"df_price":"","df_sale_price":"","df_regular_price":"","df_image_link":"https:\/\/koningdrone.be\/wp-content\/uploads\/sites\/13\/2025\/04\/845228fcc7f212d7498e8d1421a71ac8@ultra-300x300.jpg","_links":{"self":[{"href":"https:\/\/koningdrone.be\/fr\/wp-json\/wp\/v2\/product\/3680","targetHints":{"allow":["GET"]}}],"collection":[{"href":"https:\/\/koningdrone.be\/fr\/wp-json\/wp\/v2\/product"}],"about":[{"href":"https:\/\/koningdrone.be\/fr\/wp-json\/wp\/v2\/types\/product"}],"wp:featuredmedia":[{"embeddable":true,"href":"https:\/\/koningdrone.be\/fr\/wp-json\/wp\/v2\/media\/3677"}],"wp:attachment":[{"href":"https:\/\/koningdrone.be\/fr\/wp-json\/wp\/v2\/media?parent=3680"}],"wp:term":[{"taxonomy":"product_brand","embeddable":true,"href":"https:\/\/koningdrone.be\/fr\/wp-json\/wp\/v2\/product_brand?post=3680"},{"taxonomy":"product_cat","embeddable":true,"href":"https:\/\/koningdrone.be\/fr\/wp-json\/wp\/v2\/product_cat?post=3680"},{"taxonomy":"product_tag","embeddable":true,"href":"https:\/\/koningdrone.be\/fr\/wp-json\/wp\/v2\/product_tag?post=3680"}],"curies":[{"name":"wp","href":"https:\/\/api.w.org\/{rel}","templated":true}]}}