{"id":3676,"date":"2024-04-15T11:19:06","date_gmt":"2024-04-15T09:19:06","guid":{"rendered":"https:\/\/koningdrone.nl\/kon\/product\/dji-ronin-4d-8k\/"},"modified":"2026-04-29T16:00:14","modified_gmt":"2026-04-29T14:00:14","slug":"dji-ronin-4d-8k","status":"publish","type":"product","link":"https:\/\/koningdrone.be\/fr\/produit\/dji-ronin-4d-8k\/","title":{"rendered":"DJI Ronin 4D-8K"},"content":{"rendered":"<p><strong>Formats vid\u00e9o de haute qualit\u00e9<\/strong><\/p>\n<p> La cam\u00e9ra Zenmuse X9 est remarquablement polyvalente et prend en charge un large \u00e9ventail de formats vid\u00e9o haute d\u00e9finition tels que Apple ProRes RAW, ProRes 4444 XQ, ProRes 422 HQ, ProRes 422 LT et H.264. Il peut atteindre des r\u00e9solutions d'enregistrement aussi \u00e9lev\u00e9es que 8K \u00e0 60 images par seconde (ips) et 4K \u00e0 120 ips en plein cadre, ce qui le rend adapt\u00e9 aux films professionnels exigeant une qualit\u00e9 d'image sup\u00e9rieure.<\/p>\n<p>  <strong>Am\u00e9lioration de la gamme dynamique et de l'indice d'exposition<\/strong><\/p>\n<p> Le mod\u00e8le X9-8K fonctionne avec un indice d'exposition de 320\/1600, tout en permettant d'\u00e9tendre la port\u00e9e jusqu'\u00e0 EI 800\/4000 lorsque la fonction d'extension de la plage dynamique est activ\u00e9e. Le mod\u00e8le X9-6K \u00e9tend m\u00eame cette capacit\u00e9 jusqu'\u00e0 EI 800\/5000. Cette am\u00e9lioration de la plage garantit des images d'une clart\u00e9 exceptionnelle, en particulier en cas de faible luminosit\u00e9 ambiante, en minimisant efficacement le bruit.<\/p>\n<p>  <strong>Syst\u00e8me avanc\u00e9 de filtre ND<\/strong><\/p>\n<p> \u00c9quip\u00e9e d'un syst\u00e8me motoris\u00e9, la cam\u00e9ra int\u00e8gre des filtres physiques \u00e0 densit\u00e9 neutre (ND) de 9 puissances diff\u00e9rentes, allant de ND 2 \u00e0 ND 512, ce qui permet aux vid\u00e9astes de passer rapidement d'un filtre \u00e0 l'autre. Cette fonction permet de contr\u00f4ler l'exposition \u00e0 la lumi\u00e8re et de garantir des conditions optimales pour la r\u00e9alisation de vid\u00e9os de haute qualit\u00e9.<\/p>\n<p>  <strong>Compatibilit\u00e9 avec les objectifs larges<\/strong><\/p>\n<p> La Zenmuse X9 est compatible avec la monture DL de DJI et d'autres montures d'objectifs populaires, y compris Leica L, Leica M, Sony E et ARRI PL. Cette large compatibilit\u00e9 offre aux cin\u00e9astes un choix flexible d'objectifs pour diff\u00e9rentes plateformes et diff\u00e9rents besoins.<\/p>\n<p>  <strong>Syst\u00e8me autofocus am\u00e9lior\u00e9<\/strong><\/p>\n<p> Int\u00e9grant un syst\u00e8me de mise au point LiDAR et un moteur de mise au point, le X9 am\u00e9liore les capacit\u00e9s de mise au point automatique, permettant m\u00eame aux objectifs manuels de b\u00e9n\u00e9ficier des fonctions de mise au point automatique. Le mode de mise au point manuelle automatique maintient la mise au point en synchronisation avec les changements de la zone de mise au point, mais offre des options de r\u00e9glage manuel pour les directeurs de la photographie lorsque cela est n\u00e9cessaire.<\/p>\n<p>  <strong>Technologies de stabilisation sup\u00e9rieures<\/strong><\/p>\n<p> Le syst\u00e8me de stabilisation de l'axe Z est au c\u0153ur de la X9 et \u00e9limine efficacement les vibrations verticales de la cam\u00e9ra. Cette fonction est compl\u00e9t\u00e9e par des capteurs visuels et le syst\u00e8me ActiveTrack Pro pour garantir la stabilit\u00e9 et la fluidit\u00e9 des images captur\u00e9es, ce qui est essentiel pour les productions de haute qualit\u00e9.<\/p>\n<p>  <strong>Technologie avanc\u00e9e de transmission vid\u00e9o<\/strong><\/p>\n<p> Notable pour le X9, la technologie de transmission vid\u00e9o O3 Pro augmente la gamme de fr\u00e9quences avec les bandes DFS et prend en charge une transmission vid\u00e9o robuste \u00e0 1080p\/60fps. Ce syst\u00e8me avanc\u00e9 permet la connexion d'un seul \u00e9metteur \u00e0 plusieurs r\u00e9cepteurs, ce qui permet un contr\u00f4le \u00e0 distance \u00e9tendu des diff\u00e9rents r\u00e9glages de la cam\u00e9ra et du cardan, am\u00e9liorant ainsi l'efficacit\u00e9 dans les environnements de tournage professionnels.<\/p>","protected":false},"excerpt":{"rendered":"<ul>\n<li>Prise en charge de divers formats Apple ProRes et H.264 jusqu'\u00e0 8K\/60fps.<\/li>\n<li> L'extension de la gamme dynamique permet d'am\u00e9liorer l'IE jusqu'\u00e0 800\/5000.<\/li>\n<li> Comprend des filtres ND physiques int\u00e9gr\u00e9s de 9 diaphragmes pour un meilleur contr\u00f4le.<\/li>\n<li> Compatible avec plusieurs types d'objectifs, y compris le DL de DJI et le Leica L.<\/li>\n<li> La mise au point LiDAR permet une mise au point automatique sur des objectifs manuels.<\/li>\n<li> La stabilisation de l'axe Z \u00e9limine les vibrations verticales de l'appareil photo.<\/li>\n<li> La transmission vid\u00e9o O3 Pro prend en charge 1080p\/60fps avec plusieurs r\u00e9cepteurs.<\/li>\n<\/ul>","protected":false},"featured_media":3673,"template":"","meta":{"_acf_changed":false},"product_brand":[],"product_cat":[315,97,265,532],"product_tag":[],"class_list":{"0":"post-3676","1":"product","2":"type-product","3":"status-publish","4":"has-post-thumbnail","6":"product_cat-alle-gimbals-en-cameras","7":"product_cat-alle-producten","8":"product_cat-dji-ronin","9":"product_cat-dji-ronin-4d","10":"product_shipping_class-outofstock","11":"pa_brand-dji","12":"pa_productfamily-gimbal","13":"pa_producttype-gimbal","15":"first","16":"outofstock","17":"taxable","18":"shipping-taxable","19":"purchasable","20":"product-type-simple"},"acf":[],"yoast_head":"<!-- This site is optimized with the Yoast SEO Premium plugin v27.2 (Yoast SEO v27.2) - https:\/\/yoast.com\/product\/yoast-seo-premium-wordpress\/ -->\n<title>DJI Ronin 4D-8K - koningdrone.be<\/title>\n<meta name=\"robots\" content=\"index, follow, max-snippet:-1, max-image-preview:large, max-video-preview:-1\" \/>\n<link rel=\"canonical\" href=\"https:\/\/koningdrone.be\/fr\/produit\/dji-ronin-4d-8k\/\" \/>\n<meta property=\"og:locale\" content=\"fr_FR\" \/>\n<meta property=\"og:type\" content=\"article\" \/>\n<meta property=\"og:title\" content=\"DJI Ronin 4D-8K\" \/>\n<meta property=\"og:description\" content=\"Ondersteunt verschillende Apple ProRes- en H.264-formaten tot 8K\/60fps. Beschikt over dynamische bereikuitbreiding, waardoor de EI wordt verbeterd tot 800\/5000. Inclusief 9-stops ingebouwde fysieke ND-filters voor verbeterde controle. Compatibel met meerdere lensvattingen, waaronder DJI&#039;s DL en Leica L. LiDAR-scherpstelling maakt autofocus op handmatige lenzen mogelijk. Z-asstabilisatie elimineert verticale cameratrilling. O3 Pro Video Transmission ondersteunt 1080p\/60fps met meerdere ontvangers.\" \/>\n<meta property=\"og:url\" content=\"https:\/\/koningdrone.be\/fr\/produit\/dji-ronin-4d-8k\/\" \/>\n<meta property=\"og:site_name\" content=\"koningdrone.be\" \/>\n<meta property=\"article:modified_time\" content=\"2026-04-29T14:00:14+00:00\" \/>\n<meta property=\"og:image\" content=\"https:\/\/koningdrone.be\/wp-content\/uploads\/sites\/13\/2025\/04\/f7e8d709e1ec1a5705e1939068d95db8@ultra.jpg\" \/>\n\t<meta property=\"og:image:width\" content=\"1280\" \/>\n\t<meta property=\"og:image:height\" content=\"1280\" \/>\n\t<meta property=\"og:image:type\" content=\"image\/jpeg\" \/>\n<meta name=\"twitter:card\" content=\"summary_large_image\" \/>\n<meta name=\"twitter:label1\" content=\"Dur\u00e9e de lecture est.\" \/>\n\t<meta name=\"twitter:data1\" content=\"2 minutes\" \/>\n<script type=\"application\/ld+json\" class=\"yoast-schema-graph\">{\"@context\":\"https:\/\/schema.org\",\"@graph\":[{\"@type\":\"WebPage\",\"@id\":\"https:\/\/koningdrone.be\/product\/dji-ronin-4d-8k\/\",\"url\":\"https:\/\/koningdrone.be\/product\/dji-ronin-4d-8k\/\",\"name\":\"DJI Ronin 4D-8K - koningdrone.be\",\"isPartOf\":{\"@id\":\"https:\/\/koningdrone.be\/#website\"},\"primaryImageOfPage\":{\"@id\":\"https:\/\/koningdrone.be\/product\/dji-ronin-4d-8k\/#primaryimage\"},\"image\":{\"@id\":\"https:\/\/koningdrone.be\/product\/dji-ronin-4d-8k\/#primaryimage\"},\"thumbnailUrl\":\"https:\/\/koningdrone.be\/wp-content\/uploads\/sites\/13\/2025\/04\/f7e8d709e1ec1a5705e1939068d95db8@ultra.jpg\",\"datePublished\":\"2024-04-15T09:19:06+00:00\",\"dateModified\":\"2026-04-29T14:00:14+00:00\",\"breadcrumb\":{\"@id\":\"https:\/\/koningdrone.be\/product\/dji-ronin-4d-8k\/#breadcrumb\"},\"inLanguage\":\"fr-BE\",\"potentialAction\":[{\"@type\":\"ReadAction\",\"target\":[\"https:\/\/koningdrone.be\/product\/dji-ronin-4d-8k\/\"]}]},{\"@type\":\"ImageObject\",\"inLanguage\":\"fr-BE\",\"@id\":\"https:\/\/koningdrone.be\/product\/dji-ronin-4d-8k\/#primaryimage\",\"url\":\"https:\/\/koningdrone.be\/wp-content\/uploads\/sites\/13\/2025\/04\/f7e8d709e1ec1a5705e1939068d95db8@ultra.jpg\",\"contentUrl\":\"https:\/\/koningdrone.be\/wp-content\/uploads\/sites\/13\/2025\/04\/f7e8d709e1ec1a5705e1939068d95db8@ultra.jpg\",\"width\":1280,\"height\":1280},{\"@type\":\"BreadcrumbList\",\"@id\":\"https:\/\/koningdrone.be\/product\/dji-ronin-4d-8k\/#breadcrumb\",\"itemListElement\":[{\"@type\":\"ListItem\",\"position\":1,\"name\":\"Home\",\"item\":\"https:\/\/koningdrone.be\/\"},{\"@type\":\"ListItem\",\"position\":2,\"name\":\"AVSS Parachute Recovery System for DJI Matrice 300\/350\",\"item\":\"https:\/\/koningdrone.be\/product\/avss-parachute-recovery-system-for-dji-matrice-300-350\/\"},{\"@type\":\"ListItem\",\"position\":3,\"name\":\"Alle gimbals en cameras\",\"item\":\"https:\/\/koningdrone.be\/categorie\/alle-gimbals-en-cameras\/\"},{\"@type\":\"ListItem\",\"position\":4,\"name\":\"DJI Ronin 4D-8K\"}]},{\"@type\":\"WebSite\",\"@id\":\"https:\/\/koningdrone.be\/#website\",\"url\":\"https:\/\/koningdrone.be\/\",\"name\":\"Koningdrone.be - Uw online specialist in drones, gimbals, camera's en power stations.\",\"description\":\"De webshop in drones en gimbals\",\"publisher\":{\"@id\":\"https:\/\/koningdrone.be\/#organization\"},\"potentialAction\":[{\"@type\":\"SearchAction\",\"target\":{\"@type\":\"EntryPoint\",\"urlTemplate\":\"https:\/\/koningdrone.be\/?s={search_term_string}\"},\"query-input\":{\"@type\":\"PropertyValueSpecification\",\"valueRequired\":true,\"valueName\":\"search_term_string\"}}],\"inLanguage\":\"fr-BE\"},{\"@type\":\"Organization\",\"@id\":\"https:\/\/koningdrone.be\/#organization\",\"name\":\"Koningdrone.be\",\"url\":\"https:\/\/koningdrone.be\/\",\"logo\":{\"@type\":\"ImageObject\",\"inLanguage\":\"fr-BE\",\"@id\":\"https:\/\/koningdrone.be\/#\/schema\/logo\/image\/\",\"url\":\"https:\/\/koningdrone.be\/wp-content\/uploads\/sites\/13\/2025\/04\/koningdrone-copyright-logo.svg\",\"contentUrl\":\"https:\/\/koningdrone.be\/wp-content\/uploads\/sites\/13\/2025\/04\/koningdrone-copyright-logo.svg\",\"width\":227,\"height\":38,\"caption\":\"Koningdrone.be\"},\"image\":{\"@id\":\"https:\/\/koningdrone.be\/#\/schema\/logo\/image\/\"}}]}<\/script>\n<!-- \/ Yoast SEO Premium plugin. -->","yoast_head_json":{"title":"DJI Ronin 4D-8K - koningdrone.be","robots":{"index":"index","follow":"follow","max-snippet":"max-snippet:-1","max-image-preview":"max-image-preview:large","max-video-preview":"max-video-preview:-1"},"canonical":"https:\/\/koningdrone.be\/fr\/produit\/dji-ronin-4d-8k\/","og_locale":"fr_FR","og_type":"article","og_title":"DJI Ronin 4D-8K","og_description":"Ondersteunt verschillende Apple ProRes- en H.264-formaten tot 8K\/60fps. Beschikt over dynamische bereikuitbreiding, waardoor de EI wordt verbeterd tot 800\/5000. Inclusief 9-stops ingebouwde fysieke ND-filters voor verbeterde controle. Compatibel met meerdere lensvattingen, waaronder DJI&#039;s DL en Leica L. LiDAR-scherpstelling maakt autofocus op handmatige lenzen mogelijk. Z-asstabilisatie elimineert verticale cameratrilling. O3 Pro Video Transmission ondersteunt 1080p\/60fps met meerdere ontvangers.","og_url":"https:\/\/koningdrone.be\/fr\/produit\/dji-ronin-4d-8k\/","og_site_name":"koningdrone.be","article_modified_time":"2026-04-29T14:00:14+00:00","og_image":[{"width":1280,"height":1280,"url":"https:\/\/koningdrone.be\/wp-content\/uploads\/sites\/13\/2025\/04\/f7e8d709e1ec1a5705e1939068d95db8@ultra.jpg","type":"image\/jpeg"}],"twitter_card":"summary_large_image","twitter_misc":{"Dur\u00e9e de lecture est.":"2 minutes"},"schema":{"@context":"https:\/\/schema.org","@graph":[{"@type":"WebPage","@id":"https:\/\/koningdrone.be\/product\/dji-ronin-4d-8k\/","url":"https:\/\/koningdrone.be\/product\/dji-ronin-4d-8k\/","name":"DJI Ronin 4D-8K - koningdrone.be","isPartOf":{"@id":"https:\/\/koningdrone.be\/#website"},"primaryImageOfPage":{"@id":"https:\/\/koningdrone.be\/product\/dji-ronin-4d-8k\/#primaryimage"},"image":{"@id":"https:\/\/koningdrone.be\/product\/dji-ronin-4d-8k\/#primaryimage"},"thumbnailUrl":"https:\/\/koningdrone.be\/wp-content\/uploads\/sites\/13\/2025\/04\/f7e8d709e1ec1a5705e1939068d95db8@ultra.jpg","datePublished":"2024-04-15T09:19:06+00:00","dateModified":"2026-04-29T14:00:14+00:00","breadcrumb":{"@id":"https:\/\/koningdrone.be\/product\/dji-ronin-4d-8k\/#breadcrumb"},"inLanguage":"fr-BE","potentialAction":[{"@type":"ReadAction","target":["https:\/\/koningdrone.be\/product\/dji-ronin-4d-8k\/"]}]},{"@type":"ImageObject","inLanguage":"fr-BE","@id":"https:\/\/koningdrone.be\/product\/dji-ronin-4d-8k\/#primaryimage","url":"https:\/\/koningdrone.be\/wp-content\/uploads\/sites\/13\/2025\/04\/f7e8d709e1ec1a5705e1939068d95db8@ultra.jpg","contentUrl":"https:\/\/koningdrone.be\/wp-content\/uploads\/sites\/13\/2025\/04\/f7e8d709e1ec1a5705e1939068d95db8@ultra.jpg","width":1280,"height":1280},{"@type":"BreadcrumbList","@id":"https:\/\/koningdrone.be\/product\/dji-ronin-4d-8k\/#breadcrumb","itemListElement":[{"@type":"ListItem","position":1,"name":"Home","item":"https:\/\/koningdrone.be\/"},{"@type":"ListItem","position":2,"name":"AVSS Parachute Recovery System for DJI Matrice 300\/350","item":"https:\/\/koningdrone.be\/product\/avss-parachute-recovery-system-for-dji-matrice-300-350\/"},{"@type":"ListItem","position":3,"name":"Alle gimbals en cameras","item":"https:\/\/koningdrone.be\/categorie\/alle-gimbals-en-cameras\/"},{"@type":"ListItem","position":4,"name":"DJI Ronin 4D-8K"}]},{"@type":"WebSite","@id":"https:\/\/koningdrone.be\/#website","url":"https:\/\/koningdrone.be\/","name":"Koningdrone.be - Votre sp\u00e9cialiste en ligne en mati\u00e8re de drones, de cardans, de cam\u00e9ras et de centrales \u00e9lectriques.","description":"La boutique en ligne de drones et de cardans","publisher":{"@id":"https:\/\/koningdrone.be\/#organization"},"potentialAction":[{"@type":"SearchAction","target":{"@type":"EntryPoint","urlTemplate":"https:\/\/koningdrone.be\/?s={search_term_string}"},"query-input":{"@type":"PropertyValueSpecification","valueRequired":true,"valueName":"search_term_string"}}],"inLanguage":"fr-BE"},{"@type":"Organization","@id":"https:\/\/koningdrone.be\/#organization","name":"Kingdrone.co.uk","url":"https:\/\/koningdrone.be\/","logo":{"@type":"ImageObject","inLanguage":"fr-BE","@id":"https:\/\/koningdrone.be\/#\/schema\/logo\/image\/","url":"https:\/\/koningdrone.be\/wp-content\/uploads\/sites\/13\/2025\/04\/koningdrone-copyright-logo.svg","contentUrl":"https:\/\/koningdrone.be\/wp-content\/uploads\/sites\/13\/2025\/04\/koningdrone-copyright-logo.svg","width":227,"height":38,"caption":"Koningdrone.be"},"image":{"@id":"https:\/\/koningdrone.be\/#\/schema\/logo\/image\/"}}]}},"df_price":9998.99,"df_sale_price":"","df_regular_price":9998.99,"df_image_link":"https:\/\/koningdrone.be\/wp-content\/uploads\/sites\/13\/2025\/04\/f7e8d709e1ec1a5705e1939068d95db8@ultra-300x300.jpg","_links":{"self":[{"href":"https:\/\/koningdrone.be\/fr\/wp-json\/wp\/v2\/product\/3676","targetHints":{"allow":["GET"]}}],"collection":[{"href":"https:\/\/koningdrone.be\/fr\/wp-json\/wp\/v2\/product"}],"about":[{"href":"https:\/\/koningdrone.be\/fr\/wp-json\/wp\/v2\/types\/product"}],"wp:featuredmedia":[{"embeddable":true,"href":"https:\/\/koningdrone.be\/fr\/wp-json\/wp\/v2\/media\/3673"}],"wp:attachment":[{"href":"https:\/\/koningdrone.be\/fr\/wp-json\/wp\/v2\/media?parent=3676"}],"wp:term":[{"taxonomy":"product_brand","embeddable":true,"href":"https:\/\/koningdrone.be\/fr\/wp-json\/wp\/v2\/product_brand?post=3676"},{"taxonomy":"product_cat","embeddable":true,"href":"https:\/\/koningdrone.be\/fr\/wp-json\/wp\/v2\/product_cat?post=3676"},{"taxonomy":"product_tag","embeddable":true,"href":"https:\/\/koningdrone.be\/fr\/wp-json\/wp\/v2\/product_tag?post=3676"}],"curies":[{"name":"wp","href":"https:\/\/api.w.org\/{rel}","templated":true}]}}