{"id":3672,"date":"2024-04-15T11:19:06","date_gmt":"2024-04-15T09:19:06","guid":{"rendered":"https:\/\/koningdrone.nl\/kon\/product\/dji-fpv-explorer-combo\/"},"modified":"2026-04-29T13:40:58","modified_gmt":"2026-04-29T11:40:58","slug":"dji-fpv-explorer-combo","status":"publish","type":"product","link":"https:\/\/koningdrone.be\/fr\/produit\/dji-fpv-explorer-combo\/","title":{"rendered":"DJI FPV Explorer Combo"},"content":{"rendered":"<p><strong>Introduction au DJI FPV<\/strong><\/p>\n<p> D\u00e9couvrez les sensations du vol avec le DJI FPV, con\u00e7u pour faire passer vos aventures a\u00e9riennes au niveau sup\u00e9rieur. Ce drone est \u00e9quip\u00e9 de technologies de pointe, notamment la transmission d'images HD \u00e0 faible latence, qui vous permet de voir le monde d'en haut avec une clart\u00e9 \u00e9poustouflante et une r\u00e9activit\u00e9 en temps r\u00e9el. Capturez des images \u00e0 couper le souffle avec des d\u00e9tails riches gr\u00e2ce aux capacit\u00e9s vid\u00e9o 4K\/60fps et \u00e0 un champ de vision super large de 150\u00b0, rendant vos s\u00e9quences aussi immersives que votre vol.<\/p>\n<p>  <strong>Modes de vol adaptatifs<\/strong><\/p>\n<p> Le FPV de DJI s'adresse aux passionn\u00e9s de tous niveaux gr\u00e2ce \u00e0 ses multiples modes de vol. Les d\u00e9butants peuvent voler en douceur et en toute confiance, tandis que les pilotes exp\u00e9riment\u00e9s peuvent explorer le ciel avec un contr\u00f4le dynamique. Le contr\u00f4leur de mouvement DJI ultra-intuitif am\u00e9liore cette exp\u00e9rience, en vous donnant un contr\u00f4le pr\u00e9cis et naturel sur votre vol avec de simples mouvements de la main.<\/p>\n<p>  <strong>Des dispositifs de s\u00e9curit\u00e9 renforc\u00e9s<\/strong><\/p>\n<p> La s\u00e9curit\u00e9 est une priorit\u00e9 avec le DJI FPV. Des fonctions telles que le freinage d'urgence et le vol stationnaire vous permettent d'arr\u00eater et de stabiliser le drone imm\u00e9diatement, r\u00e9duisant ainsi le risque d'accident. D'autres mesures de s\u00e9curit\u00e9, notamment le retour \u00e0 la maison (RTH), une lumi\u00e8re au sol suppl\u00e9mentaire et d'autres fonctions avanc\u00e9es, garantissent une exp\u00e9rience de vol en toute s\u00e9curit\u00e9.<\/p>\n<p>  <strong>Conception conviviale<\/strong><\/p>\n<p> D\u00e8s sa sortie de la bo\u00eete, le DJI FPV est enti\u00e8rement assembl\u00e9 et pr\u00eat \u00e0 l'emploi. La conception modulaire simplifie non seulement les r\u00e9parations, mais rend \u00e9galement le remplacement des pi\u00e8ces rapide et facile, afin que vous puissiez voler \u00e0 nouveau en un rien de temps.<\/p>\n<p>  <strong>Une exp\u00e9rience de vol in\u00e9gal\u00e9e<\/strong><\/p>\n<p> Que vous capturiez des paysages \u00e0 couper le souffle ou que vous exploriez de nouveaux sommets, DJI FPV vous offre une exp\u00e9rience de vol in\u00e9gal\u00e9e, \u00e0 la fois excitante et fiable.<\/p>","protected":false},"excerpt":{"rendered":"<ul>\n<li>Transfert d'images HD \u00e0 faible latence pour un vol immersif.<\/li>\n<li> Contr\u00f4le de vol illimit\u00e9 avec diff\u00e9rents modes.<\/li>\n<li> Le contr\u00f4leur de mouvement DJI offre un fonctionnement intuitif.<\/li>\n<li> Livr\u00e9 enti\u00e8rement assembl\u00e9 pour une exp\u00e9rience sans faille.<\/li>\n<li> R\u00e9parations faciles et rapides gr\u00e2ce \u00e0 la conception modulaire.<\/li>\n<li> Capacit\u00e9s vid\u00e9o 4K\/60fps pour des images de haute qualit\u00e9.<\/li>\n<li> Champ de vision tr\u00e8s large de 150\u00b0.<\/li>\n<li> Le frein d'urgence et le vol stationnaire renforcent la s\u00e9curit\u00e9.<\/li>\n<li> Retour \u00e0 la maison (RTH) et fonction suppl\u00e9mentaire d'\u00e9clairage inf\u00e9rieur.<\/li>\n<\/ul>","protected":false},"featured_media":3669,"template":"","meta":{"_acf_changed":false},"product_brand":[],"product_cat":[97,136,719,99],"product_tag":[],"class_list":{"0":"post-3672","1":"product","2":"type-product","3":"status-publish","4":"has-post-thumbnail","6":"product_cat-alle-producten","7":"product_cat-consumer-drones","8":"product_cat-dji-fpv","9":"product_cat-drones-met-certificaat","10":"product_shipping_class-outofstock","11":"pa_brand-dji","12":"pa_dronegrade-consumer","13":"pa_productfamily-drone","14":"pa_producttype-drone","15":"pa_series-fpv","17":"first","18":"outofstock","19":"taxable","20":"shipping-taxable","21":"product-type-simple"},"acf":[],"yoast_head":"<!-- This site is optimized with the Yoast SEO Premium plugin v27.2 (Yoast SEO v27.2) - https:\/\/yoast.com\/product\/yoast-seo-premium-wordpress\/ -->\n<title>DJI FPV Explorer Combo - koningdrone.be<\/title>\n<meta name=\"robots\" content=\"index, follow, max-snippet:-1, max-image-preview:large, max-video-preview:-1\" \/>\n<link rel=\"canonical\" href=\"https:\/\/koningdrone.be\/fr\/produit\/dji-fpv-explorer-combo\/\" \/>\n<meta property=\"og:locale\" content=\"fr_FR\" \/>\n<meta property=\"og:type\" content=\"article\" \/>\n<meta property=\"og:title\" content=\"DJI FPV Explorer Combo\" \/>\n<meta property=\"og:description\" content=\"HD-beeldoverdracht met lage latentie voor meeslepend vliegen. Onbeperkte vluchtcontrole met verschillende modi. DJI Motion Controller biedt intu\u00eftieve bediening. Wordt volledig gemonteerd geleverd voor een naadloze ervaring. Eenvoudige en snelle reparaties dankzij modulair ontwerp. 4K\/60fps videomogelijkheden voor beelden van hoge kwaliteit. Superbreed gezichtsveld van 150\u00b0. Noodrem en Hover voor meer veiligheid. Return to Home (RTH) en extra bodemlichtfunctie.\" \/>\n<meta property=\"og:url\" content=\"https:\/\/koningdrone.be\/fr\/produit\/dji-fpv-explorer-combo\/\" \/>\n<meta property=\"og:site_name\" content=\"koningdrone.be\" \/>\n<meta property=\"article:modified_time\" content=\"2026-04-29T11:40:58+00:00\" \/>\n<meta property=\"og:image\" content=\"https:\/\/koningdrone.be\/wp-content\/uploads\/sites\/13\/2025\/04\/1ba95c1e05315905e4666af51128f822@ultra.jpg\" \/>\n\t<meta property=\"og:image:width\" content=\"1280\" \/>\n\t<meta property=\"og:image:height\" content=\"1280\" \/>\n\t<meta property=\"og:image:type\" content=\"image\/jpeg\" \/>\n<meta name=\"twitter:card\" content=\"summary_large_image\" \/>\n<meta name=\"twitter:label1\" content=\"Dur\u00e9e de lecture est.\" \/>\n\t<meta name=\"twitter:data1\" content=\"1 minute\" \/>\n<script type=\"application\/ld+json\" class=\"yoast-schema-graph\">{\"@context\":\"https:\/\/schema.org\",\"@graph\":[{\"@type\":\"WebPage\",\"@id\":\"https:\/\/koningdrone.be\/product\/dji-fpv-explorer-combo\/\",\"url\":\"https:\/\/koningdrone.be\/product\/dji-fpv-explorer-combo\/\",\"name\":\"DJI FPV Explorer Combo - koningdrone.be\",\"isPartOf\":{\"@id\":\"https:\/\/koningdrone.be\/#website\"},\"primaryImageOfPage\":{\"@id\":\"https:\/\/koningdrone.be\/product\/dji-fpv-explorer-combo\/#primaryimage\"},\"image\":{\"@id\":\"https:\/\/koningdrone.be\/product\/dji-fpv-explorer-combo\/#primaryimage\"},\"thumbnailUrl\":\"https:\/\/koningdrone.be\/wp-content\/uploads\/sites\/13\/2025\/04\/1ba95c1e05315905e4666af51128f822@ultra.jpg\",\"datePublished\":\"2024-04-15T09:19:06+00:00\",\"dateModified\":\"2026-04-29T11:40:58+00:00\",\"breadcrumb\":{\"@id\":\"https:\/\/koningdrone.be\/product\/dji-fpv-explorer-combo\/#breadcrumb\"},\"inLanguage\":\"fr-BE\",\"potentialAction\":[{\"@type\":\"ReadAction\",\"target\":[\"https:\/\/koningdrone.be\/product\/dji-fpv-explorer-combo\/\"]}]},{\"@type\":\"ImageObject\",\"inLanguage\":\"fr-BE\",\"@id\":\"https:\/\/koningdrone.be\/product\/dji-fpv-explorer-combo\/#primaryimage\",\"url\":\"https:\/\/koningdrone.be\/wp-content\/uploads\/sites\/13\/2025\/04\/1ba95c1e05315905e4666af51128f822@ultra.jpg\",\"contentUrl\":\"https:\/\/koningdrone.be\/wp-content\/uploads\/sites\/13\/2025\/04\/1ba95c1e05315905e4666af51128f822@ultra.jpg\",\"width\":1280,\"height\":1280},{\"@type\":\"BreadcrumbList\",\"@id\":\"https:\/\/koningdrone.be\/product\/dji-fpv-explorer-combo\/#breadcrumb\",\"itemListElement\":[{\"@type\":\"ListItem\",\"position\":1,\"name\":\"Home\",\"item\":\"https:\/\/koningdrone.be\/\"},{\"@type\":\"ListItem\",\"position\":2,\"name\":\"AVSS Parachute Recovery System for DJI Matrice 300\/350\",\"item\":\"https:\/\/koningdrone.be\/product\/avss-parachute-recovery-system-for-dji-matrice-300-350\/\"},{\"@type\":\"ListItem\",\"position\":3,\"name\":\"Alle producten\",\"item\":\"https:\/\/koningdrone.be\/categorie\/alle-producten\/\"},{\"@type\":\"ListItem\",\"position\":4,\"name\":\"DJI FPV Explorer Combo\"}]},{\"@type\":\"WebSite\",\"@id\":\"https:\/\/koningdrone.be\/#website\",\"url\":\"https:\/\/koningdrone.be\/\",\"name\":\"Koningdrone.be - Uw online specialist in drones, gimbals, camera's en power stations.\",\"description\":\"De webshop in drones en gimbals\",\"publisher\":{\"@id\":\"https:\/\/koningdrone.be\/#organization\"},\"potentialAction\":[{\"@type\":\"SearchAction\",\"target\":{\"@type\":\"EntryPoint\",\"urlTemplate\":\"https:\/\/koningdrone.be\/?s={search_term_string}\"},\"query-input\":{\"@type\":\"PropertyValueSpecification\",\"valueRequired\":true,\"valueName\":\"search_term_string\"}}],\"inLanguage\":\"fr-BE\"},{\"@type\":\"Organization\",\"@id\":\"https:\/\/koningdrone.be\/#organization\",\"name\":\"Koningdrone.be\",\"url\":\"https:\/\/koningdrone.be\/\",\"logo\":{\"@type\":\"ImageObject\",\"inLanguage\":\"fr-BE\",\"@id\":\"https:\/\/koningdrone.be\/#\/schema\/logo\/image\/\",\"url\":\"https:\/\/koningdrone.be\/wp-content\/uploads\/sites\/13\/2025\/04\/koningdrone-copyright-logo.svg\",\"contentUrl\":\"https:\/\/koningdrone.be\/wp-content\/uploads\/sites\/13\/2025\/04\/koningdrone-copyright-logo.svg\",\"width\":227,\"height\":38,\"caption\":\"Koningdrone.be\"},\"image\":{\"@id\":\"https:\/\/koningdrone.be\/#\/schema\/logo\/image\/\"}}]}<\/script>\n<!-- \/ Yoast SEO Premium plugin. -->","yoast_head_json":{"title":"DJI FPV Explorer Combo - koningdrone.be","robots":{"index":"index","follow":"follow","max-snippet":"max-snippet:-1","max-image-preview":"max-image-preview:large","max-video-preview":"max-video-preview:-1"},"canonical":"https:\/\/koningdrone.be\/fr\/produit\/dji-fpv-explorer-combo\/","og_locale":"fr_FR","og_type":"article","og_title":"DJI FPV Explorer Combo","og_description":"HD-beeldoverdracht met lage latentie voor meeslepend vliegen. Onbeperkte vluchtcontrole met verschillende modi. DJI Motion Controller biedt intu\u00eftieve bediening. Wordt volledig gemonteerd geleverd voor een naadloze ervaring. Eenvoudige en snelle reparaties dankzij modulair ontwerp. 4K\/60fps videomogelijkheden voor beelden van hoge kwaliteit. Superbreed gezichtsveld van 150\u00b0. Noodrem en Hover voor meer veiligheid. Return to Home (RTH) en extra bodemlichtfunctie.","og_url":"https:\/\/koningdrone.be\/fr\/produit\/dji-fpv-explorer-combo\/","og_site_name":"koningdrone.be","article_modified_time":"2026-04-29T11:40:58+00:00","og_image":[{"width":1280,"height":1280,"url":"https:\/\/koningdrone.be\/wp-content\/uploads\/sites\/13\/2025\/04\/1ba95c1e05315905e4666af51128f822@ultra.jpg","type":"image\/jpeg"}],"twitter_card":"summary_large_image","twitter_misc":{"Dur\u00e9e de lecture est.":"1 minute"},"schema":{"@context":"https:\/\/schema.org","@graph":[{"@type":"WebPage","@id":"https:\/\/koningdrone.be\/product\/dji-fpv-explorer-combo\/","url":"https:\/\/koningdrone.be\/product\/dji-fpv-explorer-combo\/","name":"DJI FPV Explorer Combo - koningdrone.be","isPartOf":{"@id":"https:\/\/koningdrone.be\/#website"},"primaryImageOfPage":{"@id":"https:\/\/koningdrone.be\/product\/dji-fpv-explorer-combo\/#primaryimage"},"image":{"@id":"https:\/\/koningdrone.be\/product\/dji-fpv-explorer-combo\/#primaryimage"},"thumbnailUrl":"https:\/\/koningdrone.be\/wp-content\/uploads\/sites\/13\/2025\/04\/1ba95c1e05315905e4666af51128f822@ultra.jpg","datePublished":"2024-04-15T09:19:06+00:00","dateModified":"2026-04-29T11:40:58+00:00","breadcrumb":{"@id":"https:\/\/koningdrone.be\/product\/dji-fpv-explorer-combo\/#breadcrumb"},"inLanguage":"fr-BE","potentialAction":[{"@type":"ReadAction","target":["https:\/\/koningdrone.be\/product\/dji-fpv-explorer-combo\/"]}]},{"@type":"ImageObject","inLanguage":"fr-BE","@id":"https:\/\/koningdrone.be\/product\/dji-fpv-explorer-combo\/#primaryimage","url":"https:\/\/koningdrone.be\/wp-content\/uploads\/sites\/13\/2025\/04\/1ba95c1e05315905e4666af51128f822@ultra.jpg","contentUrl":"https:\/\/koningdrone.be\/wp-content\/uploads\/sites\/13\/2025\/04\/1ba95c1e05315905e4666af51128f822@ultra.jpg","width":1280,"height":1280},{"@type":"BreadcrumbList","@id":"https:\/\/koningdrone.be\/product\/dji-fpv-explorer-combo\/#breadcrumb","itemListElement":[{"@type":"ListItem","position":1,"name":"Home","item":"https:\/\/koningdrone.be\/"},{"@type":"ListItem","position":2,"name":"AVSS Parachute Recovery System for DJI Matrice 300\/350","item":"https:\/\/koningdrone.be\/product\/avss-parachute-recovery-system-for-dji-matrice-300-350\/"},{"@type":"ListItem","position":3,"name":"Alle producten","item":"https:\/\/koningdrone.be\/categorie\/alle-producten\/"},{"@type":"ListItem","position":4,"name":"DJI FPV Explorer Combo"}]},{"@type":"WebSite","@id":"https:\/\/koningdrone.be\/#website","url":"https:\/\/koningdrone.be\/","name":"Koningdrone.be - Votre sp\u00e9cialiste en ligne en mati\u00e8re de drones, de cardans, de cam\u00e9ras et de centrales \u00e9lectriques.","description":"La boutique en ligne de drones et de cardans","publisher":{"@id":"https:\/\/koningdrone.be\/#organization"},"potentialAction":[{"@type":"SearchAction","target":{"@type":"EntryPoint","urlTemplate":"https:\/\/koningdrone.be\/?s={search_term_string}"},"query-input":{"@type":"PropertyValueSpecification","valueRequired":true,"valueName":"search_term_string"}}],"inLanguage":"fr-BE"},{"@type":"Organization","@id":"https:\/\/koningdrone.be\/#organization","name":"Kingdrone.co.uk","url":"https:\/\/koningdrone.be\/","logo":{"@type":"ImageObject","inLanguage":"fr-BE","@id":"https:\/\/koningdrone.be\/#\/schema\/logo\/image\/","url":"https:\/\/koningdrone.be\/wp-content\/uploads\/sites\/13\/2025\/04\/koningdrone-copyright-logo.svg","contentUrl":"https:\/\/koningdrone.be\/wp-content\/uploads\/sites\/13\/2025\/04\/koningdrone-copyright-logo.svg","width":227,"height":38,"caption":"Koningdrone.be"},"image":{"@id":"https:\/\/koningdrone.be\/#\/schema\/logo\/image\/"}}]}},"df_price":"","df_sale_price":"","df_regular_price":"","df_image_link":"https:\/\/koningdrone.be\/wp-content\/uploads\/sites\/13\/2025\/04\/1ba95c1e05315905e4666af51128f822@ultra-300x300.jpg","_links":{"self":[{"href":"https:\/\/koningdrone.be\/fr\/wp-json\/wp\/v2\/product\/3672","targetHints":{"allow":["GET"]}}],"collection":[{"href":"https:\/\/koningdrone.be\/fr\/wp-json\/wp\/v2\/product"}],"about":[{"href":"https:\/\/koningdrone.be\/fr\/wp-json\/wp\/v2\/types\/product"}],"wp:featuredmedia":[{"embeddable":true,"href":"https:\/\/koningdrone.be\/fr\/wp-json\/wp\/v2\/media\/3669"}],"wp:attachment":[{"href":"https:\/\/koningdrone.be\/fr\/wp-json\/wp\/v2\/media?parent=3672"}],"wp:term":[{"taxonomy":"product_brand","embeddable":true,"href":"https:\/\/koningdrone.be\/fr\/wp-json\/wp\/v2\/product_brand?post=3672"},{"taxonomy":"product_cat","embeddable":true,"href":"https:\/\/koningdrone.be\/fr\/wp-json\/wp\/v2\/product_cat?post=3672"},{"taxonomy":"product_tag","embeddable":true,"href":"https:\/\/koningdrone.be\/fr\/wp-json\/wp\/v2\/product_tag?post=3672"}],"curies":[{"name":"wp","href":"https:\/\/api.w.org\/{rel}","templated":true}]}}