{"id":3668,"date":"2024-04-15T11:19:06","date_gmt":"2024-04-15T09:19:06","guid":{"rendered":"https:\/\/koningdrone.nl\/kon\/product\/dji-focus-pro-creator-combo\/"},"modified":"2026-04-29T15:20:10","modified_gmt":"2026-04-29T13:20:10","slug":"dji-focus-pro-creator-combo","status":"publish","type":"product","link":"https:\/\/koningdrone.be\/fr\/produit\/dji-focus-pro-creator-combo\/","title":{"rendered":"DJI Focus Pro Creator Combo"},"content":{"rendered":"<p><strong>Technologie LiDAR am\u00e9lior\u00e9e<\/strong><\/p>\n<p>La derni\u00e8re technologie LiDAR offre d\u00e9sormais une distance de mise au point entre l'homme et le sujet trois fois sup\u00e9rieure \u00e0 celle de la g\u00e9n\u00e9ration pr\u00e9c\u00e9dente, ce qui am\u00e9liore la pr\u00e9cision de la capture des d\u00e9tails. Elle comprend 76 800 points de mesure qui am\u00e9liorent consid\u00e9rablement la d\u00e9tection des bords des sujets humains, ce qui rend la mise au point beaucoup plus nette et claire. Ce syst\u00e8me am\u00e9lior\u00e9 est \u00e9galement particuli\u00e8rement efficace pour reconna\u00eetre de mani\u00e8re coh\u00e9rente et fiable les sujets humains et les v\u00e9hicules. Il refait m\u00eame rapidement la mise au point si le sujet est temporairement flou.<\/p>\n<p><strong>Suivi et retour d'information avanc\u00e9s<\/strong><\/p>\n<p>Les op\u00e9rateurs peuvent utiliser le mode AMF pour v\u00e9rifier visuellement l'\u00e9tat de la mise au point et ressentir les r\u00e9glages de l'autofocus par une r\u00e9ponse tactile, ce qui leur donne une double assurance quant \u00e0 la pr\u00e9cision de la mise au point. L'unit\u00e9 manuelle Focus Pro est con\u00e7ue pour permettre des ajustements fluides et en temps r\u00e9el de l'amortissement, et se synchronise parfaitement avec le moteur Focus Pro par le biais d'une connexion simplifi\u00e9e \u00e0 un bouton. Cette technologie permet aux pilotes de g\u00e9rer sans effort les r\u00e9glages de mise au point, de diaphragme et de zoom (FIZ) de l'objectif.<\/p>\n<p><strong>Aide \u00e0 la mise au point de la forme d'onde LiDAR<\/strong><\/p>\n<p>Les directeurs de la photographie ont l'avantage suppl\u00e9mentaire de pouvoir utiliser l'aide \u00e0 la mise au point LiDAR Waveform, accessible via le moniteur \u00e0 distance \u00e0 haute luminosit\u00e9. Ce syst\u00e8me fournit non seulement une aide \u00e0 la mise au point standard, mais aussi des informations suppl\u00e9mentaires qui peuvent \u00eatre utilis\u00e9es pour affiner le processus de mise au point.<\/p>\n<p><strong>Large compatibilit\u00e9 avec la cin\u00e9matographie<\/strong><\/p>\n<p>Le DJI Focus Pro est compatible avec une large gamme d'\u00e9quipements, y compris les stabilisateurs Ronin, DJI Transmission, Ronin 4D et Inspire 3. Cette compatibilit\u00e9 offre une solution de mise au point AMF puissante et polyvalente, adapt\u00e9e \u00e0 de nombreux contextes de tournage, ce qui en fait un choix de premier ordre pour les besoins de la cin\u00e9matographie moderne.<\/p>\n<p>&nbsp;<\/p>","protected":false},"excerpt":{"rendered":"<ul>\n<li>Distance de mise au point LiDAR 3 fois plus longue que la g\u00e9n\u00e9ration pr\u00e9c\u00e9dente.<\/li>\n<li>LiDAR fournit 76 800 points de port\u00e9e pour une meilleure d\u00e9tection des bords.<\/li>\n<li>Am\u00e9lioration de la reconnaissance des sujets humains et des v\u00e9hicules.<\/li>\n<li>Mise au point rapide, m\u00eame en cas d'obstacle.<\/li>\n<li>Le mode AMF permet un retour visuel et tactile de l'autofocus.<\/li>\n<li>R\u00e9glage de l'amortissement en temps r\u00e9el sur l'unit\u00e9 manuelle Focus Pro.<\/li>\n<li>Appairage par un seul bouton du moteur Focus Pro avec l'unit\u00e9 manuelle.<\/li>\n<li>Forme d'onde LiDAR sur un moniteur externe tr\u00e8s lumineux pour faciliter la mise au point.<\/li>\n<li>Compatible avec les stabilisateurs Ronin, DJI Transmission, Ronin 4D, Inspire 3.<\/li>\n<\/ul>","protected":false},"featured_media":3665,"template":"","meta":{"_acf_changed":false},"product_brand":[],"product_cat":[315,97,640,1815],"product_tag":[],"class_list":{"0":"post-3668","1":"product","2":"type-product","3":"status-publish","4":"has-post-thumbnail","6":"product_cat-alle-gimbals-en-cameras","7":"product_cat-alle-producten","8":"product_cat-dji-focus","9":"product_cat-dji-pro-accessoires","10":"product_shipping_class-outofstock","11":"pa_brand-dji","12":"pa_productfamily-focus","13":"pa_producttype-focus","15":"first","16":"outofstock","17":"taxable","18":"shipping-taxable","19":"purchasable","20":"product-type-simple"},"acf":[],"yoast_head":"<!-- This site is optimized with the Yoast SEO Premium plugin v27.2 (Yoast SEO v27.2) - https:\/\/yoast.com\/product\/yoast-seo-premium-wordpress\/ -->\n<title>DJI Focus Pro Creator Combo\u200c - koningdrone.be<\/title>\n<meta name=\"robots\" content=\"index, follow, max-snippet:-1, max-image-preview:large, max-video-preview:-1\" \/>\n<link rel=\"canonical\" href=\"https:\/\/koningdrone.be\/fr\/produit\/dji-focus-pro-creator-combo\/\" \/>\n<meta property=\"og:locale\" content=\"fr_FR\" \/>\n<meta property=\"og:type\" content=\"article\" \/>\n<meta property=\"og:title\" content=\"DJI Focus Pro Creator Combo\u200c\" \/>\n<meta property=\"og:description\" content=\"LiDAR-focusafstand 3 keer groter dan de vorige generatie.  LiDAR biedt 76.800 bereikpunten voor betere randdetectie.  Verbeterde herkenning van menselijke onderwerpen en voertuigen.  Snelle herfocussering, zelfs na obstakels.  De AMF-modus maakt visuele en tactiele autofocusfeedback mogelijk.  Realtime dempingsaanpassing op Focus Pro Handunit.  Koppeling met \u00e9\u00e9n knop van Focus Pro Motor met handunit.  LiDAR-golfvorm op zeer heldere externe monitor voor hulp bij het scherpstellen.  Compatibel met Ronin-stabilisatoren, DJI Transmission, Ronin 4D, Inspire 3.\" \/>\n<meta property=\"og:url\" content=\"https:\/\/koningdrone.be\/fr\/produit\/dji-focus-pro-creator-combo\/\" \/>\n<meta property=\"og:site_name\" content=\"koningdrone.be\" \/>\n<meta property=\"article:modified_time\" content=\"2026-04-29T13:20:10+00:00\" \/>\n<meta property=\"og:image\" content=\"https:\/\/koningdrone.be\/wp-content\/uploads\/sites\/13\/2025\/04\/b83299c44e3dabebb0df9c882ce71b8d@ultra.jpg\" \/>\n\t<meta property=\"og:image:width\" content=\"1280\" \/>\n\t<meta property=\"og:image:height\" content=\"1280\" \/>\n\t<meta property=\"og:image:type\" content=\"image\/jpeg\" \/>\n<meta name=\"twitter:card\" content=\"summary_large_image\" \/>\n<meta name=\"twitter:label1\" content=\"Dur\u00e9e de lecture est.\" \/>\n\t<meta name=\"twitter:data1\" content=\"1 minute\" \/>\n<script type=\"application\/ld+json\" class=\"yoast-schema-graph\">{\"@context\":\"https:\/\/schema.org\",\"@graph\":[{\"@type\":\"WebPage\",\"@id\":\"https:\/\/koningdrone.be\/product\/dji-focus-pro-creator-combo\/\",\"url\":\"https:\/\/koningdrone.be\/product\/dji-focus-pro-creator-combo\/\",\"name\":\"DJI Focus Pro Creator Combo\u200c - koningdrone.be\",\"isPartOf\":{\"@id\":\"https:\/\/koningdrone.be\/#website\"},\"primaryImageOfPage\":{\"@id\":\"https:\/\/koningdrone.be\/product\/dji-focus-pro-creator-combo\/#primaryimage\"},\"image\":{\"@id\":\"https:\/\/koningdrone.be\/product\/dji-focus-pro-creator-combo\/#primaryimage\"},\"thumbnailUrl\":\"https:\/\/koningdrone.be\/wp-content\/uploads\/sites\/13\/2025\/04\/b83299c44e3dabebb0df9c882ce71b8d@ultra.jpg\",\"datePublished\":\"2024-04-15T09:19:06+00:00\",\"dateModified\":\"2026-04-29T13:20:10+00:00\",\"breadcrumb\":{\"@id\":\"https:\/\/koningdrone.be\/product\/dji-focus-pro-creator-combo\/#breadcrumb\"},\"inLanguage\":\"fr-BE\",\"potentialAction\":[{\"@type\":\"ReadAction\",\"target\":[\"https:\/\/koningdrone.be\/product\/dji-focus-pro-creator-combo\/\"]}]},{\"@type\":\"ImageObject\",\"inLanguage\":\"fr-BE\",\"@id\":\"https:\/\/koningdrone.be\/product\/dji-focus-pro-creator-combo\/#primaryimage\",\"url\":\"https:\/\/koningdrone.be\/wp-content\/uploads\/sites\/13\/2025\/04\/b83299c44e3dabebb0df9c882ce71b8d@ultra.jpg\",\"contentUrl\":\"https:\/\/koningdrone.be\/wp-content\/uploads\/sites\/13\/2025\/04\/b83299c44e3dabebb0df9c882ce71b8d@ultra.jpg\",\"width\":1280,\"height\":1280},{\"@type\":\"BreadcrumbList\",\"@id\":\"https:\/\/koningdrone.be\/product\/dji-focus-pro-creator-combo\/#breadcrumb\",\"itemListElement\":[{\"@type\":\"ListItem\",\"position\":1,\"name\":\"Home\",\"item\":\"https:\/\/koningdrone.be\/\"},{\"@type\":\"ListItem\",\"position\":2,\"name\":\"AVSS Parachute Recovery System for DJI Matrice 300\/350\",\"item\":\"https:\/\/koningdrone.be\/product\/avss-parachute-recovery-system-for-dji-matrice-300-350\/\"},{\"@type\":\"ListItem\",\"position\":3,\"name\":\"Alle gimbals en cameras\",\"item\":\"https:\/\/koningdrone.be\/categorie\/alle-gimbals-en-cameras\/\"},{\"@type\":\"ListItem\",\"position\":4,\"name\":\"DJI Focus Pro Creator Combo\u200c\"}]},{\"@type\":\"WebSite\",\"@id\":\"https:\/\/koningdrone.be\/#website\",\"url\":\"https:\/\/koningdrone.be\/\",\"name\":\"Koningdrone.be - Uw online specialist in drones, gimbals, camera's en power stations.\",\"description\":\"De webshop in drones en gimbals\",\"publisher\":{\"@id\":\"https:\/\/koningdrone.be\/#organization\"},\"potentialAction\":[{\"@type\":\"SearchAction\",\"target\":{\"@type\":\"EntryPoint\",\"urlTemplate\":\"https:\/\/koningdrone.be\/?s={search_term_string}\"},\"query-input\":{\"@type\":\"PropertyValueSpecification\",\"valueRequired\":true,\"valueName\":\"search_term_string\"}}],\"inLanguage\":\"fr-BE\"},{\"@type\":\"Organization\",\"@id\":\"https:\/\/koningdrone.be\/#organization\",\"name\":\"Koningdrone.be\",\"url\":\"https:\/\/koningdrone.be\/\",\"logo\":{\"@type\":\"ImageObject\",\"inLanguage\":\"fr-BE\",\"@id\":\"https:\/\/koningdrone.be\/#\/schema\/logo\/image\/\",\"url\":\"https:\/\/koningdrone.be\/wp-content\/uploads\/sites\/13\/2025\/04\/koningdrone-copyright-logo.svg\",\"contentUrl\":\"https:\/\/koningdrone.be\/wp-content\/uploads\/sites\/13\/2025\/04\/koningdrone-copyright-logo.svg\",\"width\":227,\"height\":38,\"caption\":\"Koningdrone.be\"},\"image\":{\"@id\":\"https:\/\/koningdrone.be\/#\/schema\/logo\/image\/\"}}]}<\/script>\n<!-- \/ Yoast SEO Premium plugin. -->","yoast_head_json":{"title":"DJI Focus Pro Creator Combo\u200c - koningdrone.be","robots":{"index":"index","follow":"follow","max-snippet":"max-snippet:-1","max-image-preview":"max-image-preview:large","max-video-preview":"max-video-preview:-1"},"canonical":"https:\/\/koningdrone.be\/fr\/produit\/dji-focus-pro-creator-combo\/","og_locale":"fr_FR","og_type":"article","og_title":"DJI Focus Pro Creator Combo\u200c","og_description":"LiDAR-focusafstand 3 keer groter dan de vorige generatie.  LiDAR biedt 76.800 bereikpunten voor betere randdetectie.  Verbeterde herkenning van menselijke onderwerpen en voertuigen.  Snelle herfocussering, zelfs na obstakels.  De AMF-modus maakt visuele en tactiele autofocusfeedback mogelijk.  Realtime dempingsaanpassing op Focus Pro Handunit.  Koppeling met \u00e9\u00e9n knop van Focus Pro Motor met handunit.  LiDAR-golfvorm op zeer heldere externe monitor voor hulp bij het scherpstellen.  Compatibel met Ronin-stabilisatoren, DJI Transmission, Ronin 4D, Inspire 3.","og_url":"https:\/\/koningdrone.be\/fr\/produit\/dji-focus-pro-creator-combo\/","og_site_name":"koningdrone.be","article_modified_time":"2026-04-29T13:20:10+00:00","og_image":[{"width":1280,"height":1280,"url":"https:\/\/koningdrone.be\/wp-content\/uploads\/sites\/13\/2025\/04\/b83299c44e3dabebb0df9c882ce71b8d@ultra.jpg","type":"image\/jpeg"}],"twitter_card":"summary_large_image","twitter_misc":{"Dur\u00e9e de lecture est.":"1 minute"},"schema":{"@context":"https:\/\/schema.org","@graph":[{"@type":"WebPage","@id":"https:\/\/koningdrone.be\/product\/dji-focus-pro-creator-combo\/","url":"https:\/\/koningdrone.be\/product\/dji-focus-pro-creator-combo\/","name":"DJI Focus Pro Creator Combo\u200c - koningdrone.be","isPartOf":{"@id":"https:\/\/koningdrone.be\/#website"},"primaryImageOfPage":{"@id":"https:\/\/koningdrone.be\/product\/dji-focus-pro-creator-combo\/#primaryimage"},"image":{"@id":"https:\/\/koningdrone.be\/product\/dji-focus-pro-creator-combo\/#primaryimage"},"thumbnailUrl":"https:\/\/koningdrone.be\/wp-content\/uploads\/sites\/13\/2025\/04\/b83299c44e3dabebb0df9c882ce71b8d@ultra.jpg","datePublished":"2024-04-15T09:19:06+00:00","dateModified":"2026-04-29T13:20:10+00:00","breadcrumb":{"@id":"https:\/\/koningdrone.be\/product\/dji-focus-pro-creator-combo\/#breadcrumb"},"inLanguage":"fr-BE","potentialAction":[{"@type":"ReadAction","target":["https:\/\/koningdrone.be\/product\/dji-focus-pro-creator-combo\/"]}]},{"@type":"ImageObject","inLanguage":"fr-BE","@id":"https:\/\/koningdrone.be\/product\/dji-focus-pro-creator-combo\/#primaryimage","url":"https:\/\/koningdrone.be\/wp-content\/uploads\/sites\/13\/2025\/04\/b83299c44e3dabebb0df9c882ce71b8d@ultra.jpg","contentUrl":"https:\/\/koningdrone.be\/wp-content\/uploads\/sites\/13\/2025\/04\/b83299c44e3dabebb0df9c882ce71b8d@ultra.jpg","width":1280,"height":1280},{"@type":"BreadcrumbList","@id":"https:\/\/koningdrone.be\/product\/dji-focus-pro-creator-combo\/#breadcrumb","itemListElement":[{"@type":"ListItem","position":1,"name":"Home","item":"https:\/\/koningdrone.be\/"},{"@type":"ListItem","position":2,"name":"AVSS Parachute Recovery System for DJI Matrice 300\/350","item":"https:\/\/koningdrone.be\/product\/avss-parachute-recovery-system-for-dji-matrice-300-350\/"},{"@type":"ListItem","position":3,"name":"Alle gimbals en cameras","item":"https:\/\/koningdrone.be\/categorie\/alle-gimbals-en-cameras\/"},{"@type":"ListItem","position":4,"name":"DJI Focus Pro Creator Combo\u200c"}]},{"@type":"WebSite","@id":"https:\/\/koningdrone.be\/#website","url":"https:\/\/koningdrone.be\/","name":"Koningdrone.be - Votre sp\u00e9cialiste en ligne en mati\u00e8re de drones, de cardans, de cam\u00e9ras et de centrales \u00e9lectriques.","description":"La boutique en ligne de drones et de cardans","publisher":{"@id":"https:\/\/koningdrone.be\/#organization"},"potentialAction":[{"@type":"SearchAction","target":{"@type":"EntryPoint","urlTemplate":"https:\/\/koningdrone.be\/?s={search_term_string}"},"query-input":{"@type":"PropertyValueSpecification","valueRequired":true,"valueName":"search_term_string"}}],"inLanguage":"fr-BE"},{"@type":"Organization","@id":"https:\/\/koningdrone.be\/#organization","name":"Kingdrone.co.uk","url":"https:\/\/koningdrone.be\/","logo":{"@type":"ImageObject","inLanguage":"fr-BE","@id":"https:\/\/koningdrone.be\/#\/schema\/logo\/image\/","url":"https:\/\/koningdrone.be\/wp-content\/uploads\/sites\/13\/2025\/04\/koningdrone-copyright-logo.svg","contentUrl":"https:\/\/koningdrone.be\/wp-content\/uploads\/sites\/13\/2025\/04\/koningdrone-copyright-logo.svg","width":227,"height":38,"caption":"Koningdrone.be"},"image":{"@id":"https:\/\/koningdrone.be\/#\/schema\/logo\/image\/"}}]}},"df_price":899,"df_sale_price":"","df_regular_price":899,"df_image_link":"https:\/\/koningdrone.be\/wp-content\/uploads\/sites\/13\/2025\/04\/b83299c44e3dabebb0df9c882ce71b8d@ultra-300x300.jpg","_links":{"self":[{"href":"https:\/\/koningdrone.be\/fr\/wp-json\/wp\/v2\/product\/3668","targetHints":{"allow":["GET"]}}],"collection":[{"href":"https:\/\/koningdrone.be\/fr\/wp-json\/wp\/v2\/product"}],"about":[{"href":"https:\/\/koningdrone.be\/fr\/wp-json\/wp\/v2\/types\/product"}],"wp:featuredmedia":[{"embeddable":true,"href":"https:\/\/koningdrone.be\/fr\/wp-json\/wp\/v2\/media\/3665"}],"wp:attachment":[{"href":"https:\/\/koningdrone.be\/fr\/wp-json\/wp\/v2\/media?parent=3668"}],"wp:term":[{"taxonomy":"product_brand","embeddable":true,"href":"https:\/\/koningdrone.be\/fr\/wp-json\/wp\/v2\/product_brand?post=3668"},{"taxonomy":"product_cat","embeddable":true,"href":"https:\/\/koningdrone.be\/fr\/wp-json\/wp\/v2\/product_cat?post=3668"},{"taxonomy":"product_tag","embeddable":true,"href":"https:\/\/koningdrone.be\/fr\/wp-json\/wp\/v2\/product_tag?post=3668"}],"curies":[{"name":"wp","href":"https:\/\/api.w.org\/{rel}","templated":true}]}}