{"id":3664,"date":"2024-04-15T11:19:06","date_gmt":"2024-04-15T09:19:06","guid":{"rendered":"https:\/\/koningdrone.nl\/kon\/product\/dji-focus-pro-all-in-one-combo\/"},"modified":"2026-04-29T15:20:09","modified_gmt":"2026-04-29T13:20:09","slug":"dji-focus-pro-all-in-one-combo","status":"publish","type":"product","link":"https:\/\/koningdrone.be\/fr\/produit\/dji-focus-pro-all-in-one-combo\/","title":{"rendered":"DJI Focus Pro Combo tout-en-un"},"content":{"rendered":"<p><strong>Technologie LiDAR am\u00e9lior\u00e9e<\/strong><\/p>\n<p>La technologie LiDAR r\u00e9cemment am\u00e9lior\u00e9e de ce produit offre une distance de mise au point remarquable, environ trois fois sup\u00e9rieure \u00e0 celle de la g\u00e9n\u00e9ration pr\u00e9c\u00e9dente. Cette am\u00e9lioration permet une d\u00e9tection plus pr\u00e9cise et peut traiter 76 800 points de mesure, ce qui signifie que les contours des sujets humains sont distingu\u00e9s avec plus de pr\u00e9cision. La technologie permet une reconnaissance plus fiable des sujets humains et des v\u00e9hicules, en maintenant la mise au point m\u00eame si le sujet dispara\u00eet momentan\u00e9ment du champ de vision.<\/p>\n<p><strong>Mode Advanced Motion Focus (AMF)<\/strong><\/p>\n<p>Pour les directeurs de la photographie, le mode Advanced Motion Focus (AMF) am\u00e9liore consid\u00e9rablement l'exp\u00e9rience de l'utilisateur. Il permet aux utilisateurs de suivre visiblement l'\u00e9tat de la mise au point sur un moniteur et de comprendre intuitivement les op\u00e9rations d'autofocus gr\u00e2ce \u00e0 un retour d'information tactile. Cette fonction est particuli\u00e8rement utile dans les sc\u00e9narios de films dynamiques.<\/p>\n<p><strong>Unit\u00e9 manuelle Focus Pro<\/strong><\/p>\n<p>L'unit\u00e9 manuelle Focus Pro met la pr\u00e9cision au bout de vos doigts gr\u00e2ce \u00e0 sa fonction d'amortissement r\u00e9glable en temps r\u00e9el. Associ\u00e9 au moteur Focus Pro, qui se connecte en toute transparence \u00e0 l'unit\u00e9 manuelle par simple pression d'un bouton, il rationalise le processus de contr\u00f4le de la mise au point, du diaphragme et du zoom (FIZ) de votre objectif. Cette int\u00e9gration garantit un fonctionnement fluide et efficace.<\/p>\n<p><strong>Aide \u00e0 la mise au point de la forme d'onde LiDAR<\/strong><\/p>\n<p>En outre, les directeurs de la photographie peuvent b\u00e9n\u00e9ficier de l'assistance \u00e0 la mise au point LiDAR Waveform via le moniteur \u00e0 distance \u00e0 haute luminosit\u00e9, qui non seulement am\u00e9liore la pr\u00e9cision de la mise au point, mais fournit \u00e9galement des informations suppl\u00e9mentaires pour faciliter les r\u00e9glages pr\u00e9cis de la mise au point.<\/p>\n<p><strong>Large compatibilit\u00e9 et polyvalence<\/strong><\/p>\n<p>Le DJI Focus Pro est con\u00e7u pour \u00eatre compatible avec une vari\u00e9t\u00e9 d'\u00e9quipements, y compris les stabilisateurs Ronin, DJI Transmission, Ronin 4D et Inspire 3, entre autres. Cette compatibilit\u00e9 offre une solution compl\u00e8te et avanc\u00e9e de mise au point par le mouvement (AMF) qui peut \u00eatre appliqu\u00e9e dans un large \u00e9ventail de sc\u00e9narios de tournage, ce qui en fait un outil polyvalent pour les directeurs de la photographie novices et professionnels.<\/p>\n<p>&nbsp;<\/p>","protected":false},"excerpt":{"rendered":"<ul>\n<li>La distance de mise au point LiDAR a \u00e9t\u00e9 tripl\u00e9e par rapport \u00e0 la g\u00e9n\u00e9ration pr\u00e9c\u00e9dente.<\/li>\n<li>D\u00e9tection am\u00e9lior\u00e9e des contours entre l'homme et le sujet avec 76 800 points de port\u00e9e.<\/li>\n<li>Am\u00e9lioration de la reconnaissance des sujets humains et des v\u00e9hicules.<\/li>\n<li>Mise au point rapide m\u00eame en cas d'obstruction du sujet.<\/li>\n<li>Le mode AMF fournit un retour visuel et tactile de l'autofocus.<\/li>\n<li>L'unit\u00e9 manuelle Focus Pro permet de r\u00e9gler l'amortissement en temps r\u00e9el.<\/li>\n<li>Focus Pro Motor prend en charge l'appairage \u00e0 un bouton avec l'unit\u00e9 manuelle.<\/li>\n<li>Aide \u00e0 la mise au point de la forme d'onde LiDAR disponible via un moniteur externe.<\/li>\n<li>Compatible avec plusieurs appareils DJI pour une mise au point AMF polyvalente.<\/li>\n<\/ul>","protected":false},"featured_media":3661,"template":"","meta":{"_acf_changed":false},"product_brand":[],"product_cat":[315,97,640,1815],"product_tag":[],"class_list":{"0":"post-3664","1":"product","2":"type-product","3":"status-publish","4":"has-post-thumbnail","6":"product_cat-alle-gimbals-en-cameras","7":"product_cat-alle-producten","8":"product_cat-dji-focus","9":"product_cat-dji-pro-accessoires","10":"product_shipping_class-outofstock","11":"pa_brand-dji","12":"pa_productfamily-focus","13":"pa_producttype-focus","15":"first","16":"outofstock","17":"taxable","18":"shipping-taxable","19":"purchasable","20":"product-type-simple"},"acf":[],"yoast_head":"<!-- This site is optimized with the Yoast SEO Premium plugin v27.2 (Yoast SEO v27.2) - https:\/\/yoast.com\/product\/yoast-seo-premium-wordpress\/ -->\n<title>DJI Focus Pro All-In-One Combo - koningdrone.be<\/title>\n<meta name=\"robots\" content=\"index, follow, max-snippet:-1, max-image-preview:large, max-video-preview:-1\" \/>\n<link rel=\"canonical\" href=\"https:\/\/koningdrone.be\/fr\/produit\/dji-focus-pro-all-in-one-combo\/\" \/>\n<meta property=\"og:locale\" content=\"fr_FR\" \/>\n<meta property=\"og:type\" content=\"article\" \/>\n<meta property=\"og:title\" content=\"DJI Focus Pro All-In-One Combo\" \/>\n<meta property=\"og:description\" content=\"LiDAR-focusafstand verdrievoudigd ten opzichte van de vorige generatie.  Verbeterde randdetectie tussen mens en onderwerp met 76.800 bereikpunten.  Verbeterde herkenning van menselijke onderwerpen en voertuigen.  Snelle herfocussering, zelfs na obstructie van het onderwerp.  De AMF-modus biedt visuele en tactiele autofocusfeedback.  Focus Pro Hand Unit maakt realtime aanpassing van de demping mogelijk.  Focus Pro Motor ondersteunt koppeling met \u00e9\u00e9n knop met handunit.  Hulp bij LiDAR-golfvormfocus beschikbaar via externe monitor.  Compatibel met meerdere DJI-apparaten voor veelzijdige AMF-scherpstelling.\" \/>\n<meta property=\"og:url\" content=\"https:\/\/koningdrone.be\/fr\/produit\/dji-focus-pro-all-in-one-combo\/\" \/>\n<meta property=\"og:site_name\" content=\"koningdrone.be\" \/>\n<meta property=\"article:modified_time\" content=\"2026-04-29T13:20:09+00:00\" \/>\n<meta property=\"og:image\" content=\"https:\/\/koningdrone.be\/wp-content\/uploads\/sites\/13\/2025\/04\/ca5f31f32733be522a2ef59f7118a533@ultra.jpg\" \/>\n\t<meta property=\"og:image:width\" content=\"1280\" \/>\n\t<meta property=\"og:image:height\" content=\"1280\" \/>\n\t<meta property=\"og:image:type\" content=\"image\/jpeg\" \/>\n<meta name=\"twitter:card\" content=\"summary_large_image\" \/>\n<meta name=\"twitter:label1\" content=\"Dur\u00e9e de lecture est.\" \/>\n\t<meta name=\"twitter:data1\" content=\"1 minute\" \/>\n<script type=\"application\/ld+json\" class=\"yoast-schema-graph\">{\"@context\":\"https:\/\/schema.org\",\"@graph\":[{\"@type\":\"WebPage\",\"@id\":\"https:\/\/koningdrone.be\/product\/dji-focus-pro-all-in-one-combo\/\",\"url\":\"https:\/\/koningdrone.be\/product\/dji-focus-pro-all-in-one-combo\/\",\"name\":\"DJI Focus Pro All-In-One Combo - koningdrone.be\",\"isPartOf\":{\"@id\":\"https:\/\/koningdrone.be\/#website\"},\"primaryImageOfPage\":{\"@id\":\"https:\/\/koningdrone.be\/product\/dji-focus-pro-all-in-one-combo\/#primaryimage\"},\"image\":{\"@id\":\"https:\/\/koningdrone.be\/product\/dji-focus-pro-all-in-one-combo\/#primaryimage\"},\"thumbnailUrl\":\"https:\/\/koningdrone.be\/wp-content\/uploads\/sites\/13\/2025\/04\/ca5f31f32733be522a2ef59f7118a533@ultra.jpg\",\"datePublished\":\"2024-04-15T09:19:06+00:00\",\"dateModified\":\"2026-04-29T13:20:09+00:00\",\"breadcrumb\":{\"@id\":\"https:\/\/koningdrone.be\/product\/dji-focus-pro-all-in-one-combo\/#breadcrumb\"},\"inLanguage\":\"fr-BE\",\"potentialAction\":[{\"@type\":\"ReadAction\",\"target\":[\"https:\/\/koningdrone.be\/product\/dji-focus-pro-all-in-one-combo\/\"]}]},{\"@type\":\"ImageObject\",\"inLanguage\":\"fr-BE\",\"@id\":\"https:\/\/koningdrone.be\/product\/dji-focus-pro-all-in-one-combo\/#primaryimage\",\"url\":\"https:\/\/koningdrone.be\/wp-content\/uploads\/sites\/13\/2025\/04\/ca5f31f32733be522a2ef59f7118a533@ultra.jpg\",\"contentUrl\":\"https:\/\/koningdrone.be\/wp-content\/uploads\/sites\/13\/2025\/04\/ca5f31f32733be522a2ef59f7118a533@ultra.jpg\",\"width\":1280,\"height\":1280},{\"@type\":\"BreadcrumbList\",\"@id\":\"https:\/\/koningdrone.be\/product\/dji-focus-pro-all-in-one-combo\/#breadcrumb\",\"itemListElement\":[{\"@type\":\"ListItem\",\"position\":1,\"name\":\"Home\",\"item\":\"https:\/\/koningdrone.be\/\"},{\"@type\":\"ListItem\",\"position\":2,\"name\":\"AVSS Parachute Recovery System for DJI Matrice 300\/350\",\"item\":\"https:\/\/koningdrone.be\/product\/avss-parachute-recovery-system-for-dji-matrice-300-350\/\"},{\"@type\":\"ListItem\",\"position\":3,\"name\":\"Alle gimbals en cameras\",\"item\":\"https:\/\/koningdrone.be\/categorie\/alle-gimbals-en-cameras\/\"},{\"@type\":\"ListItem\",\"position\":4,\"name\":\"DJI Focus Pro All-In-One Combo\"}]},{\"@type\":\"WebSite\",\"@id\":\"https:\/\/koningdrone.be\/#website\",\"url\":\"https:\/\/koningdrone.be\/\",\"name\":\"Koningdrone.be - Uw online specialist in drones, gimbals, camera's en power stations.\",\"description\":\"De webshop in drones en gimbals\",\"publisher\":{\"@id\":\"https:\/\/koningdrone.be\/#organization\"},\"potentialAction\":[{\"@type\":\"SearchAction\",\"target\":{\"@type\":\"EntryPoint\",\"urlTemplate\":\"https:\/\/koningdrone.be\/?s={search_term_string}\"},\"query-input\":{\"@type\":\"PropertyValueSpecification\",\"valueRequired\":true,\"valueName\":\"search_term_string\"}}],\"inLanguage\":\"fr-BE\"},{\"@type\":\"Organization\",\"@id\":\"https:\/\/koningdrone.be\/#organization\",\"name\":\"Koningdrone.be\",\"url\":\"https:\/\/koningdrone.be\/\",\"logo\":{\"@type\":\"ImageObject\",\"inLanguage\":\"fr-BE\",\"@id\":\"https:\/\/koningdrone.be\/#\/schema\/logo\/image\/\",\"url\":\"https:\/\/koningdrone.be\/wp-content\/uploads\/sites\/13\/2025\/04\/koningdrone-copyright-logo.svg\",\"contentUrl\":\"https:\/\/koningdrone.be\/wp-content\/uploads\/sites\/13\/2025\/04\/koningdrone-copyright-logo.svg\",\"width\":227,\"height\":38,\"caption\":\"Koningdrone.be\"},\"image\":{\"@id\":\"https:\/\/koningdrone.be\/#\/schema\/logo\/image\/\"}}]}<\/script>\n<!-- \/ Yoast SEO Premium plugin. -->","yoast_head_json":{"title":"DJI Focus Pro All-In-One Combo - koningdrone.be","robots":{"index":"index","follow":"follow","max-snippet":"max-snippet:-1","max-image-preview":"max-image-preview:large","max-video-preview":"max-video-preview:-1"},"canonical":"https:\/\/koningdrone.be\/fr\/produit\/dji-focus-pro-all-in-one-combo\/","og_locale":"fr_FR","og_type":"article","og_title":"DJI Focus Pro All-In-One Combo","og_description":"LiDAR-focusafstand verdrievoudigd ten opzichte van de vorige generatie.  Verbeterde randdetectie tussen mens en onderwerp met 76.800 bereikpunten.  Verbeterde herkenning van menselijke onderwerpen en voertuigen.  Snelle herfocussering, zelfs na obstructie van het onderwerp.  De AMF-modus biedt visuele en tactiele autofocusfeedback.  Focus Pro Hand Unit maakt realtime aanpassing van de demping mogelijk.  Focus Pro Motor ondersteunt koppeling met \u00e9\u00e9n knop met handunit.  Hulp bij LiDAR-golfvormfocus beschikbaar via externe monitor.  Compatibel met meerdere DJI-apparaten voor veelzijdige AMF-scherpstelling.","og_url":"https:\/\/koningdrone.be\/fr\/produit\/dji-focus-pro-all-in-one-combo\/","og_site_name":"koningdrone.be","article_modified_time":"2026-04-29T13:20:09+00:00","og_image":[{"width":1280,"height":1280,"url":"https:\/\/koningdrone.be\/wp-content\/uploads\/sites\/13\/2025\/04\/ca5f31f32733be522a2ef59f7118a533@ultra.jpg","type":"image\/jpeg"}],"twitter_card":"summary_large_image","twitter_misc":{"Dur\u00e9e de lecture est.":"1 minute"},"schema":{"@context":"https:\/\/schema.org","@graph":[{"@type":"WebPage","@id":"https:\/\/koningdrone.be\/product\/dji-focus-pro-all-in-one-combo\/","url":"https:\/\/koningdrone.be\/product\/dji-focus-pro-all-in-one-combo\/","name":"DJI Focus Pro All-In-One Combo - koningdrone.be","isPartOf":{"@id":"https:\/\/koningdrone.be\/#website"},"primaryImageOfPage":{"@id":"https:\/\/koningdrone.be\/product\/dji-focus-pro-all-in-one-combo\/#primaryimage"},"image":{"@id":"https:\/\/koningdrone.be\/product\/dji-focus-pro-all-in-one-combo\/#primaryimage"},"thumbnailUrl":"https:\/\/koningdrone.be\/wp-content\/uploads\/sites\/13\/2025\/04\/ca5f31f32733be522a2ef59f7118a533@ultra.jpg","datePublished":"2024-04-15T09:19:06+00:00","dateModified":"2026-04-29T13:20:09+00:00","breadcrumb":{"@id":"https:\/\/koningdrone.be\/product\/dji-focus-pro-all-in-one-combo\/#breadcrumb"},"inLanguage":"fr-BE","potentialAction":[{"@type":"ReadAction","target":["https:\/\/koningdrone.be\/product\/dji-focus-pro-all-in-one-combo\/"]}]},{"@type":"ImageObject","inLanguage":"fr-BE","@id":"https:\/\/koningdrone.be\/product\/dji-focus-pro-all-in-one-combo\/#primaryimage","url":"https:\/\/koningdrone.be\/wp-content\/uploads\/sites\/13\/2025\/04\/ca5f31f32733be522a2ef59f7118a533@ultra.jpg","contentUrl":"https:\/\/koningdrone.be\/wp-content\/uploads\/sites\/13\/2025\/04\/ca5f31f32733be522a2ef59f7118a533@ultra.jpg","width":1280,"height":1280},{"@type":"BreadcrumbList","@id":"https:\/\/koningdrone.be\/product\/dji-focus-pro-all-in-one-combo\/#breadcrumb","itemListElement":[{"@type":"ListItem","position":1,"name":"Home","item":"https:\/\/koningdrone.be\/"},{"@type":"ListItem","position":2,"name":"AVSS Parachute Recovery System for DJI Matrice 300\/350","item":"https:\/\/koningdrone.be\/product\/avss-parachute-recovery-system-for-dji-matrice-300-350\/"},{"@type":"ListItem","position":3,"name":"Alle gimbals en cameras","item":"https:\/\/koningdrone.be\/categorie\/alle-gimbals-en-cameras\/"},{"@type":"ListItem","position":4,"name":"DJI Focus Pro All-In-One Combo"}]},{"@type":"WebSite","@id":"https:\/\/koningdrone.be\/#website","url":"https:\/\/koningdrone.be\/","name":"Koningdrone.be - Votre sp\u00e9cialiste en ligne en mati\u00e8re de drones, de cardans, de cam\u00e9ras et de centrales \u00e9lectriques.","description":"La boutique en ligne de drones et de cardans","publisher":{"@id":"https:\/\/koningdrone.be\/#organization"},"potentialAction":[{"@type":"SearchAction","target":{"@type":"EntryPoint","urlTemplate":"https:\/\/koningdrone.be\/?s={search_term_string}"},"query-input":{"@type":"PropertyValueSpecification","valueRequired":true,"valueName":"search_term_string"}}],"inLanguage":"fr-BE"},{"@type":"Organization","@id":"https:\/\/koningdrone.be\/#organization","name":"Kingdrone.co.uk","url":"https:\/\/koningdrone.be\/","logo":{"@type":"ImageObject","inLanguage":"fr-BE","@id":"https:\/\/koningdrone.be\/#\/schema\/logo\/image\/","url":"https:\/\/koningdrone.be\/wp-content\/uploads\/sites\/13\/2025\/04\/koningdrone-copyright-logo.svg","contentUrl":"https:\/\/koningdrone.be\/wp-content\/uploads\/sites\/13\/2025\/04\/koningdrone-copyright-logo.svg","width":227,"height":38,"caption":"Koningdrone.be"},"image":{"@id":"https:\/\/koningdrone.be\/#\/schema\/logo\/image\/"}}]}},"df_price":1649,"df_sale_price":"","df_regular_price":1649,"df_image_link":"https:\/\/koningdrone.be\/wp-content\/uploads\/sites\/13\/2025\/04\/ca5f31f32733be522a2ef59f7118a533@ultra-300x300.jpg","_links":{"self":[{"href":"https:\/\/koningdrone.be\/fr\/wp-json\/wp\/v2\/product\/3664","targetHints":{"allow":["GET"]}}],"collection":[{"href":"https:\/\/koningdrone.be\/fr\/wp-json\/wp\/v2\/product"}],"about":[{"href":"https:\/\/koningdrone.be\/fr\/wp-json\/wp\/v2\/types\/product"}],"wp:featuredmedia":[{"embeddable":true,"href":"https:\/\/koningdrone.be\/fr\/wp-json\/wp\/v2\/media\/3661"}],"wp:attachment":[{"href":"https:\/\/koningdrone.be\/fr\/wp-json\/wp\/v2\/media?parent=3664"}],"wp:term":[{"taxonomy":"product_brand","embeddable":true,"href":"https:\/\/koningdrone.be\/fr\/wp-json\/wp\/v2\/product_brand?post=3664"},{"taxonomy":"product_cat","embeddable":true,"href":"https:\/\/koningdrone.be\/fr\/wp-json\/wp\/v2\/product_cat?post=3664"},{"taxonomy":"product_tag","embeddable":true,"href":"https:\/\/koningdrone.be\/fr\/wp-json\/wp\/v2\/product_tag?post=3664"}],"curies":[{"name":"wp","href":"https:\/\/api.w.org\/{rel}","templated":true}]}}