{"id":3592,"date":"2024-04-22T16:16:04","date_gmt":"2024-04-22T14:16:04","guid":{"rendered":"https:\/\/koningdrone.nl\/kon\/product\/dji-matrice-3d\/"},"modified":"2026-04-29T04:30:02","modified_gmt":"2026-04-29T02:30:02","slug":"dji-matrice-3d","status":"publish","type":"product","link":"https:\/\/koningdrone.be\/fr\/produit\/dji-matrice-3d\/","title":{"rendered":"DJI Matrice 3D"},"content":{"rendered":"<p><strong>D\u00e9couvrez la DJI Matrice 3D : la perfection au service de la DJI Dock 2<\/strong><br \/>\n<br \/>\nCon\u00e7u exclusivement pour \u00eatre utilis\u00e9 avec le DJI Dock 2, le DJI Matrice 3D est un drone r\u00e9volutionnaire qui \u00e9tablit de nouvelles normes en mati\u00e8re de technologie des drones. \u00c9quip\u00e9 de deux cam\u00e9ras avanc\u00e9es - un t\u00e9l\u00e9objectif et une cam\u00e9ra grand angle \u00e0 obturateur m\u00e9canique - ce drone offre des performances exceptionnelles pour la cartographie de pr\u00e9cision.<\/p>\n<p><strong>Sp\u00e9cifications de l'appareil photo :<\/strong><\/p>\n<ul>\n<li><strong>Appareil photo grand angle<\/strong>Le capteur CMOS 4\/3 de 20 m\u00e9gapixels et une longueur focale \u00e9quivalente \u00e0 24 mm permettent de capturer des images d\u00e9taill\u00e9es et larges, essentielles pour un travail cartographique pr\u00e9cis.<\/li>\n<li><strong>T\u00e9l\u00e9cam\u00e9ra<\/strong>Le capteur CMOS 1\/2\u2033 de 12 MP et une longueur focale \u00e9quivalente \u00e0 162 mm offrent une pr\u00e9cision remarquable, id\u00e9ale pour les inspections a\u00e9riennes d\u00e9taill\u00e9es.<\/li>\n<\/ul>\n<p>La combinaison de ces cam\u00e9ras fait de la Matrice 3D l'outil id\u00e9al pour les t\u00e2ches de cartographie de haute pr\u00e9cision, fournissant aux utilisateurs des donn\u00e9es extr\u00eamement pr\u00e9cises.<\/p>\n<p><strong>Des performances robustes et fiables :<\/strong><\/p>\n<ul>\n<li><strong>R\u00e9sistance \u00e0 l'eau et \u00e0 la poussi\u00e8re<\/strong>: La certification IP54 garantit que le drone fonctionne de mani\u00e8re fiable dans des conditions vari\u00e9es, qu'il s'agisse d'environnements de travail poussi\u00e9reux ou de conditions m\u00e9t\u00e9orologiques humides.<\/li>\n<li><strong>Temps de vol maximum<\/strong>Matrice 3D : Avec une autonomie de vol de 50 minutes par charge, le Matrice 3D permet des op\u00e9rations a\u00e9riennes prolong\u00e9es sans recharge fr\u00e9quente.<\/li>\n<li><strong>D\u00e9tection des obstacles<\/strong>Le syst\u00e8me de d\u00e9tection des obstacles : six directions de d\u00e9tection des obstacles garantissent une s\u00e9curit\u00e9 et une efficacit\u00e9 optimales en vol.<\/li>\n<li><strong>Port\u00e9e maximale<\/strong>La port\u00e9e op\u00e9rationnelle peut atteindre 10 km, ce qui permet de couvrir une zone \u00e9tendue, id\u00e9ale pour les op\u00e9rations \u00e0 grande \u00e9chelle.<\/li>\n<\/ul>\n<p><strong>Navigation pr\u00e9cise :<\/strong><\/p>\n<ul>\n<li><strong>Module RTK int\u00e9gr\u00e9<\/strong>Matrice 3D : Avec une pr\u00e9cision de positionnement de \u00b13 cm, la Matrice 3D est parfaite pour les missions qui exigent une grande pr\u00e9cision.<\/li>\n<\/ul>","protected":false},"excerpt":{"rendered":"<ul>\n<li><strong>Compatible avec le DJI Dock 2<\/strong><\/li>\n<li><strong>RTK int\u00e9gr\u00e9 (cin\u00e9matique en temps r\u00e9el)<\/strong><\/li>\n<li><strong>Certifi\u00e9 IP54<\/strong><\/li>\n<li><strong>50 minutes Dur\u00e9e de vol<\/strong><\/li>\n<li><strong>Syst\u00e8me de d\u00e9tection d'obstacles<\/strong><\/li>\n<li><strong>Rayon d'action de 10 km<\/strong><\/li>\n<li><strong>Obturateur m\u00e9canique<\/strong><\/li>\n<li><strong>Appareil photo grand angle de 20 m\u00e9gapixels<\/strong><\/li>\n<li><strong>T\u00e9l\u00e9cam\u00e9ra 12MP<\/strong><\/li>\n<\/ul>","protected":false},"featured_media":3589,"template":"","meta":{"_acf_changed":false},"product_brand":[],"product_cat":[135,97,161,99,100,101],"product_tag":[],"class_list":{"0":"post-3592","1":"product","2":"type-product","3":"status-publish","4":"has-post-thumbnail","6":"product_cat-alle-drones","7":"product_cat-alle-producten","8":"product_cat-dji-matrice-3","9":"product_cat-drones-met-certificaat","10":"product_cat-enterprise-drones","11":"product_cat-professionele-dji-drone","12":"product_shipping_class-dronelandall","13":"pa_brand-dji","14":"pa_dronegrade-enterprise","15":"pa_productfamily-drone","16":"pa_producttype-drone","17":"pa_series-matrice-3d","19":"first","20":"instock","21":"taxable","22":"shipping-taxable","23":"purchasable","24":"product-type-simple"},"acf":[],"yoast_head":"<!-- This site is optimized with the Yoast SEO Premium plugin v27.2 (Yoast SEO v27.2) - https:\/\/yoast.com\/product\/yoast-seo-premium-wordpress\/ -->\n<title>DJI Matrice 3D - koningdrone.be<\/title>\n<meta name=\"robots\" content=\"index, follow, max-snippet:-1, max-image-preview:large, max-video-preview:-1\" \/>\n<link rel=\"canonical\" href=\"https:\/\/koningdrone.be\/fr\/produit\/dji-matrice-3d\/\" \/>\n<meta property=\"og:locale\" content=\"fr_FR\" \/>\n<meta property=\"og:type\" content=\"article\" \/>\n<meta property=\"og:title\" content=\"DJI Matrice 3D\" \/>\n<meta property=\"og:description\" content=\"Compatibel met DJI Dock 2  Ingebouwde RTK (Real-Time Kinematic)  IP54 Gecertificeerd  50 Minuten Vliegtijd  Obstacle Sensing System  10km Operatie Radius  Mechanische Sluiter  20MP Groothoekcamera  12MP Telecamera\" \/>\n<meta property=\"og:url\" content=\"https:\/\/koningdrone.be\/fr\/produit\/dji-matrice-3d\/\" \/>\n<meta property=\"og:site_name\" content=\"koningdrone.be\" \/>\n<meta property=\"article:modified_time\" content=\"2026-04-29T02:30:02+00:00\" \/>\n<meta property=\"og:image\" content=\"https:\/\/koningdrone.be\/wp-content\/uploads\/sites\/13\/2025\/04\/DJI-Matrice-3D-1.webp\" \/>\n\t<meta property=\"og:image:width\" content=\"1000\" \/>\n\t<meta property=\"og:image:height\" content=\"720\" \/>\n\t<meta property=\"og:image:type\" content=\"image\/webp\" \/>\n<meta name=\"twitter:card\" content=\"summary_large_image\" \/>\n<meta name=\"twitter:label1\" content=\"Dur\u00e9e de lecture est.\" \/>\n\t<meta name=\"twitter:data1\" content=\"1 minute\" \/>\n<script type=\"application\/ld+json\" class=\"yoast-schema-graph\">{\"@context\":\"https:\/\/schema.org\",\"@graph\":[{\"@type\":\"WebPage\",\"@id\":\"https:\/\/koningdrone.be\/product\/dji-matrice-3d\/\",\"url\":\"https:\/\/koningdrone.be\/product\/dji-matrice-3d\/\",\"name\":\"DJI Matrice 3D - koningdrone.be\",\"isPartOf\":{\"@id\":\"https:\/\/koningdrone.be\/#website\"},\"primaryImageOfPage\":{\"@id\":\"https:\/\/koningdrone.be\/product\/dji-matrice-3d\/#primaryimage\"},\"image\":{\"@id\":\"https:\/\/koningdrone.be\/product\/dji-matrice-3d\/#primaryimage\"},\"thumbnailUrl\":\"https:\/\/koningdrone.be\/wp-content\/uploads\/sites\/13\/2025\/04\/DJI-Matrice-3D-1.webp\",\"datePublished\":\"2024-04-22T14:16:04+00:00\",\"dateModified\":\"2026-04-29T02:30:02+00:00\",\"breadcrumb\":{\"@id\":\"https:\/\/koningdrone.be\/product\/dji-matrice-3d\/#breadcrumb\"},\"inLanguage\":\"fr-BE\",\"potentialAction\":[{\"@type\":\"ReadAction\",\"target\":[\"https:\/\/koningdrone.be\/product\/dji-matrice-3d\/\"]}]},{\"@type\":\"ImageObject\",\"inLanguage\":\"fr-BE\",\"@id\":\"https:\/\/koningdrone.be\/product\/dji-matrice-3d\/#primaryimage\",\"url\":\"https:\/\/koningdrone.be\/wp-content\/uploads\/sites\/13\/2025\/04\/DJI-Matrice-3D-1.webp\",\"contentUrl\":\"https:\/\/koningdrone.be\/wp-content\/uploads\/sites\/13\/2025\/04\/DJI-Matrice-3D-1.webp\",\"width\":1000,\"height\":720},{\"@type\":\"BreadcrumbList\",\"@id\":\"https:\/\/koningdrone.be\/product\/dji-matrice-3d\/#breadcrumb\",\"itemListElement\":[{\"@type\":\"ListItem\",\"position\":1,\"name\":\"Home\",\"item\":\"https:\/\/koningdrone.be\/\"},{\"@type\":\"ListItem\",\"position\":2,\"name\":\"AVSS Parachute Recovery System for DJI Matrice 300\/350\",\"item\":\"https:\/\/koningdrone.be\/product\/avss-parachute-recovery-system-for-dji-matrice-300-350\/\"},{\"@type\":\"ListItem\",\"position\":3,\"name\":\"Alle drones\",\"item\":\"https:\/\/koningdrone.be\/categorie\/alle-drones\/\"},{\"@type\":\"ListItem\",\"position\":4,\"name\":\"DJI Matrice 3D\"}]},{\"@type\":\"WebSite\",\"@id\":\"https:\/\/koningdrone.be\/#website\",\"url\":\"https:\/\/koningdrone.be\/\",\"name\":\"Koningdrone.be - Uw online specialist in drones, gimbals, camera's en power stations.\",\"description\":\"De webshop in drones en gimbals\",\"publisher\":{\"@id\":\"https:\/\/koningdrone.be\/#organization\"},\"potentialAction\":[{\"@type\":\"SearchAction\",\"target\":{\"@type\":\"EntryPoint\",\"urlTemplate\":\"https:\/\/koningdrone.be\/?s={search_term_string}\"},\"query-input\":{\"@type\":\"PropertyValueSpecification\",\"valueRequired\":true,\"valueName\":\"search_term_string\"}}],\"inLanguage\":\"fr-BE\"},{\"@type\":\"Organization\",\"@id\":\"https:\/\/koningdrone.be\/#organization\",\"name\":\"Koningdrone.be\",\"url\":\"https:\/\/koningdrone.be\/\",\"logo\":{\"@type\":\"ImageObject\",\"inLanguage\":\"fr-BE\",\"@id\":\"https:\/\/koningdrone.be\/#\/schema\/logo\/image\/\",\"url\":\"https:\/\/koningdrone.be\/wp-content\/uploads\/sites\/13\/2025\/04\/koningdrone-copyright-logo.svg\",\"contentUrl\":\"https:\/\/koningdrone.be\/wp-content\/uploads\/sites\/13\/2025\/04\/koningdrone-copyright-logo.svg\",\"width\":227,\"height\":38,\"caption\":\"Koningdrone.be\"},\"image\":{\"@id\":\"https:\/\/koningdrone.be\/#\/schema\/logo\/image\/\"}}]}<\/script>\n<!-- \/ Yoast SEO Premium plugin. -->","yoast_head_json":{"title":"DJI Matrice 3D - koningdrone.be","robots":{"index":"index","follow":"follow","max-snippet":"max-snippet:-1","max-image-preview":"max-image-preview:large","max-video-preview":"max-video-preview:-1"},"canonical":"https:\/\/koningdrone.be\/fr\/produit\/dji-matrice-3d\/","og_locale":"fr_FR","og_type":"article","og_title":"DJI Matrice 3D","og_description":"Compatibel met DJI Dock 2  Ingebouwde RTK (Real-Time Kinematic)  IP54 Gecertificeerd  50 Minuten Vliegtijd  Obstacle Sensing System  10km Operatie Radius  Mechanische Sluiter  20MP Groothoekcamera  12MP Telecamera","og_url":"https:\/\/koningdrone.be\/fr\/produit\/dji-matrice-3d\/","og_site_name":"koningdrone.be","article_modified_time":"2026-04-29T02:30:02+00:00","og_image":[{"width":1000,"height":720,"url":"https:\/\/koningdrone.be\/wp-content\/uploads\/sites\/13\/2025\/04\/DJI-Matrice-3D-1.webp","type":"image\/webp"}],"twitter_card":"summary_large_image","twitter_misc":{"Dur\u00e9e de lecture est.":"1 minute"},"schema":{"@context":"https:\/\/schema.org","@graph":[{"@type":"WebPage","@id":"https:\/\/koningdrone.be\/product\/dji-matrice-3d\/","url":"https:\/\/koningdrone.be\/product\/dji-matrice-3d\/","name":"DJI Matrice 3D - koningdrone.be","isPartOf":{"@id":"https:\/\/koningdrone.be\/#website"},"primaryImageOfPage":{"@id":"https:\/\/koningdrone.be\/product\/dji-matrice-3d\/#primaryimage"},"image":{"@id":"https:\/\/koningdrone.be\/product\/dji-matrice-3d\/#primaryimage"},"thumbnailUrl":"https:\/\/koningdrone.be\/wp-content\/uploads\/sites\/13\/2025\/04\/DJI-Matrice-3D-1.webp","datePublished":"2024-04-22T14:16:04+00:00","dateModified":"2026-04-29T02:30:02+00:00","breadcrumb":{"@id":"https:\/\/koningdrone.be\/product\/dji-matrice-3d\/#breadcrumb"},"inLanguage":"fr-BE","potentialAction":[{"@type":"ReadAction","target":["https:\/\/koningdrone.be\/product\/dji-matrice-3d\/"]}]},{"@type":"ImageObject","inLanguage":"fr-BE","@id":"https:\/\/koningdrone.be\/product\/dji-matrice-3d\/#primaryimage","url":"https:\/\/koningdrone.be\/wp-content\/uploads\/sites\/13\/2025\/04\/DJI-Matrice-3D-1.webp","contentUrl":"https:\/\/koningdrone.be\/wp-content\/uploads\/sites\/13\/2025\/04\/DJI-Matrice-3D-1.webp","width":1000,"height":720},{"@type":"BreadcrumbList","@id":"https:\/\/koningdrone.be\/product\/dji-matrice-3d\/#breadcrumb","itemListElement":[{"@type":"ListItem","position":1,"name":"Home","item":"https:\/\/koningdrone.be\/"},{"@type":"ListItem","position":2,"name":"AVSS Parachute Recovery System for DJI Matrice 300\/350","item":"https:\/\/koningdrone.be\/product\/avss-parachute-recovery-system-for-dji-matrice-300-350\/"},{"@type":"ListItem","position":3,"name":"Alle drones","item":"https:\/\/koningdrone.be\/categorie\/alle-drones\/"},{"@type":"ListItem","position":4,"name":"DJI Matrice 3D"}]},{"@type":"WebSite","@id":"https:\/\/koningdrone.be\/#website","url":"https:\/\/koningdrone.be\/","name":"Koningdrone.be - Votre sp\u00e9cialiste en ligne en mati\u00e8re de drones, de cardans, de cam\u00e9ras et de centrales \u00e9lectriques.","description":"La boutique en ligne de drones et de cardans","publisher":{"@id":"https:\/\/koningdrone.be\/#organization"},"potentialAction":[{"@type":"SearchAction","target":{"@type":"EntryPoint","urlTemplate":"https:\/\/koningdrone.be\/?s={search_term_string}"},"query-input":{"@type":"PropertyValueSpecification","valueRequired":true,"valueName":"search_term_string"}}],"inLanguage":"fr-BE"},{"@type":"Organization","@id":"https:\/\/koningdrone.be\/#organization","name":"Kingdrone.co.uk","url":"https:\/\/koningdrone.be\/","logo":{"@type":"ImageObject","inLanguage":"fr-BE","@id":"https:\/\/koningdrone.be\/#\/schema\/logo\/image\/","url":"https:\/\/koningdrone.be\/wp-content\/uploads\/sites\/13\/2025\/04\/koningdrone-copyright-logo.svg","contentUrl":"https:\/\/koningdrone.be\/wp-content\/uploads\/sites\/13\/2025\/04\/koningdrone-copyright-logo.svg","width":227,"height":38,"caption":"Koningdrone.be"},"image":{"@id":"https:\/\/koningdrone.be\/#\/schema\/logo\/image\/"}}]}},"df_price":4090,"df_sale_price":"","df_regular_price":4090,"df_image_link":"https:\/\/koningdrone.be\/wp-content\/uploads\/sites\/13\/2025\/04\/DJI-Matrice-3D-1-300x216.webp","_links":{"self":[{"href":"https:\/\/koningdrone.be\/fr\/wp-json\/wp\/v2\/product\/3592","targetHints":{"allow":["GET"]}}],"collection":[{"href":"https:\/\/koningdrone.be\/fr\/wp-json\/wp\/v2\/product"}],"about":[{"href":"https:\/\/koningdrone.be\/fr\/wp-json\/wp\/v2\/types\/product"}],"wp:featuredmedia":[{"embeddable":true,"href":"https:\/\/koningdrone.be\/fr\/wp-json\/wp\/v2\/media\/3589"}],"wp:attachment":[{"href":"https:\/\/koningdrone.be\/fr\/wp-json\/wp\/v2\/media?parent=3592"}],"wp:term":[{"taxonomy":"product_brand","embeddable":true,"href":"https:\/\/koningdrone.be\/fr\/wp-json\/wp\/v2\/product_brand?post=3592"},{"taxonomy":"product_cat","embeddable":true,"href":"https:\/\/koningdrone.be\/fr\/wp-json\/wp\/v2\/product_cat?post=3592"},{"taxonomy":"product_tag","embeddable":true,"href":"https:\/\/koningdrone.be\/fr\/wp-json\/wp\/v2\/product_tag?post=3592"}],"curies":[{"name":"wp","href":"https:\/\/api.w.org\/{rel}","templated":true}]}}