{"id":3588,"date":"2024-04-22T16:50:41","date_gmt":"2024-04-22T14:50:41","guid":{"rendered":"https:\/\/koningdrone.nl\/kon\/product\/dji-matrice-3td\/"},"modified":"2026-04-29T04:30:05","modified_gmt":"2026-04-29T02:30:05","slug":"dji-matrice-3td","status":"publish","type":"product","link":"https:\/\/koningdrone.be\/fr\/produit\/dji-matrice-3td\/","title":{"rendered":"DJI Matrice 3TD"},"content":{"rendered":"<p><span style=\"vertical-align: inherit\"><span style=\"vertical-align: inherit\">Con\u00e7u pour une int\u00e9gration optimale avec le DJI Dock 2, le DJI Matrice 3TD est un drone polyvalent et puissant qui est exceptionnellement bien adapt\u00e9 aux missions de s\u00e9curit\u00e9 et d'inspection gr\u00e2ce \u00e0 son syst\u00e8me d'imagerie avanc\u00e9. Le drone est \u00e9quip\u00e9 d'une cam\u00e9ra grand angle haute r\u00e9solution de 48 MP pour des images larges et claires, d'un t\u00e9l\u00e9objectif qui fournit des images d\u00e9taill\u00e9es de 12 MP \u00e0 plus grande distance, et d'une cam\u00e9ra infrarouge avanc\u00e9e qui peut capturer des images thermiques pour les inspections nocturnes ou sp\u00e9cialis\u00e9es.<\/span><\/span><\/p>","protected":false},"excerpt":{"rendered":"<ul>\n<li><strong><span style=\"vertical-align: inherit\"><span style=\"vertical-align: inherit\">Compatible avec le DJI Dock 2<\/span><\/span><\/strong><\/li>\n<li><strong><span style=\"vertical-align: inherit\"><span style=\"vertical-align: inherit\">IP54<\/span><\/span><\/strong><\/li>\n<li><strong><span style=\"vertical-align: inherit\"><span style=\"vertical-align: inherit\">50 min de vol<\/span><\/span><\/strong><\/li>\n<li><strong><span style=\"vertical-align: inherit\"><span style=\"vertical-align: inherit\">6 Directions D\u00e9tection des obstacles<\/span><\/span><\/strong><\/li>\n<li><strong><span style=\"vertical-align: inherit\"><span style=\"vertical-align: inherit\">Module RTK int\u00e9gr\u00e9, pr\u00e9cision de \u00b13cm<\/span><\/span><\/strong><\/li>\n<li><strong><span style=\"vertical-align: inherit\"><span style=\"vertical-align: inherit\">Syst\u00e8me \u00e0 trois cam\u00e9ras<\/span><\/span><\/strong><span style=\"vertical-align: inherit\"><span style=\"vertical-align: inherit\"> La cam\u00e9ra est \u00e9quip\u00e9e d'une cam\u00e9ra grand angle, d'une cam\u00e9ra t\u00e9l\u00e9objectif et d'une cam\u00e9ra infrarouge pour les images en lumi\u00e8re visible et les images thermiques.<\/span><\/span>\n<ul>\n<li><strong><span style=\"vertical-align: inherit\"><span style=\"vertical-align: inherit\">Appareil photo grand angle<\/span><\/span><\/strong><span style=\"vertical-align: inherit\"><span style=\"vertical-align: inherit\"> CMOS : 1\/1,32 pouce, \u00e9quivalent 24 mm, 48 Mpx.<\/span><\/span><\/li>\n<li><strong><span style=\"vertical-align: inherit\"><span style=\"vertical-align: inherit\">T\u00e9l\u00e9objectif<\/span><\/span><\/strong><span style=\"vertical-align: inherit\"><span style=\"vertical-align: inherit\"> CMOS : 1\/2 pouce, \u00e9quivalent \u00e0 162 mm, 12 Mpx.<\/span><\/span><\/li>\n<li><strong><span style=\"vertical-align: inherit\"><span style=\"vertical-align: inherit\">Cam\u00e9ra infrarouge<\/span><\/span><\/strong><span style=\"vertical-align: inherit\"><span style=\"vertical-align: inherit\"> \u00c9quivalent \u00e0 40 mm, 640\u00d7512@30fps en mode normal, 1280\u00d71024@30fps en mode UHR avec un zoom num\u00e9rique 28x.<\/span><\/span><\/li>\n<\/ul>\n<\/li>\n<\/ul>","protected":false},"featured_media":3584,"template":"","meta":{"_acf_changed":false},"product_brand":[],"product_cat":[135,97,161,99,100,115,101],"product_tag":[],"class_list":{"0":"post-3588","1":"product","2":"type-product","3":"status-publish","4":"has-post-thumbnail","6":"product_cat-alle-drones","7":"product_cat-alle-producten","8":"product_cat-dji-matrice-3","9":"product_cat-drones-met-certificaat","10":"product_cat-enterprise-drones","11":"product_cat-inspecties-met-drones","12":"product_cat-professionele-dji-drone","13":"product_shipping_class-dronelandall","14":"pa_brand-dji","15":"pa_dronegrade-enterprise","16":"pa_productfamily-drone","17":"pa_producttype-drone","18":"pa_series-matrice-3td","20":"first","21":"instock","22":"taxable","23":"shipping-taxable","24":"purchasable","25":"product-type-simple"},"acf":[],"yoast_head":"<!-- This site is optimized with the Yoast SEO Premium plugin v27.2 (Yoast SEO v27.2) - https:\/\/yoast.com\/product\/yoast-seo-premium-wordpress\/ -->\n<title>DJI Matrice 3TD - koningdrone.be<\/title>\n<meta name=\"robots\" content=\"index, follow, max-snippet:-1, max-image-preview:large, max-video-preview:-1\" \/>\n<link rel=\"canonical\" href=\"https:\/\/koningdrone.be\/fr\/produit\/dji-matrice-3td\/\" \/>\n<meta property=\"og:locale\" content=\"fr_FR\" \/>\n<meta property=\"og:type\" content=\"article\" \/>\n<meta property=\"og:title\" content=\"DJI Matrice 3TD\" \/>\n<meta property=\"og:description\" content=\"Compatible with DJI Dock 2  IP54 rating  50 min flight time  6 Directions Obstacle Detection  RTK module built-in, \u00b13cm accuracy  Triple Camera System : Equipped with a wide-angle camera, a telephoto camera, and an infrared camera for visible light and thermal images.   Wide-angle camera : 1\/1.32-inch CMOS, 24mm equivalent, 48MP.  Telephoto camera : 1\/2-inch CMOS, 162mm equivalent, 12MP.  Infrared camera : 40mm equivalent, 640\u00d7512@30fps normal, 1280\u00d71024@30fps in UHR mode with 28x digital zoom.\" \/>\n<meta property=\"og:url\" content=\"https:\/\/koningdrone.be\/fr\/produit\/dji-matrice-3td\/\" \/>\n<meta property=\"og:site_name\" content=\"koningdrone.be\" \/>\n<meta property=\"article:modified_time\" content=\"2026-04-29T02:30:05+00:00\" \/>\n<meta property=\"og:image\" content=\"https:\/\/koningdrone.be\/wp-content\/uploads\/sites\/13\/2025\/04\/DJI-Matrice-3TD-1.webp\" \/>\n\t<meta property=\"og:image:width\" content=\"1000\" \/>\n\t<meta property=\"og:image:height\" content=\"720\" \/>\n\t<meta property=\"og:image:type\" content=\"image\/webp\" \/>\n<meta name=\"twitter:card\" content=\"summary_large_image\" \/>\n<script type=\"application\/ld+json\" class=\"yoast-schema-graph\">{\"@context\":\"https:\/\/schema.org\",\"@graph\":[{\"@type\":\"WebPage\",\"@id\":\"https:\/\/koningdrone.be\/product\/dji-matrice-3td\/\",\"url\":\"https:\/\/koningdrone.be\/product\/dji-matrice-3td\/\",\"name\":\"DJI Matrice 3TD - koningdrone.be\",\"isPartOf\":{\"@id\":\"https:\/\/koningdrone.be\/#website\"},\"primaryImageOfPage\":{\"@id\":\"https:\/\/koningdrone.be\/product\/dji-matrice-3td\/#primaryimage\"},\"image\":{\"@id\":\"https:\/\/koningdrone.be\/product\/dji-matrice-3td\/#primaryimage\"},\"thumbnailUrl\":\"https:\/\/koningdrone.be\/wp-content\/uploads\/sites\/13\/2025\/04\/DJI-Matrice-3TD-1.webp\",\"datePublished\":\"2024-04-22T14:50:41+00:00\",\"dateModified\":\"2026-04-29T02:30:05+00:00\",\"breadcrumb\":{\"@id\":\"https:\/\/koningdrone.be\/product\/dji-matrice-3td\/#breadcrumb\"},\"inLanguage\":\"fr-BE\",\"potentialAction\":[{\"@type\":\"ReadAction\",\"target\":[\"https:\/\/koningdrone.be\/product\/dji-matrice-3td\/\"]}]},{\"@type\":\"ImageObject\",\"inLanguage\":\"fr-BE\",\"@id\":\"https:\/\/koningdrone.be\/product\/dji-matrice-3td\/#primaryimage\",\"url\":\"https:\/\/koningdrone.be\/wp-content\/uploads\/sites\/13\/2025\/04\/DJI-Matrice-3TD-1.webp\",\"contentUrl\":\"https:\/\/koningdrone.be\/wp-content\/uploads\/sites\/13\/2025\/04\/DJI-Matrice-3TD-1.webp\",\"width\":1000,\"height\":720},{\"@type\":\"BreadcrumbList\",\"@id\":\"https:\/\/koningdrone.be\/product\/dji-matrice-3td\/#breadcrumb\",\"itemListElement\":[{\"@type\":\"ListItem\",\"position\":1,\"name\":\"Home\",\"item\":\"https:\/\/koningdrone.be\/\"},{\"@type\":\"ListItem\",\"position\":2,\"name\":\"AVSS Parachute Recovery System for DJI Matrice 300\/350\",\"item\":\"https:\/\/koningdrone.be\/product\/avss-parachute-recovery-system-for-dji-matrice-300-350\/\"},{\"@type\":\"ListItem\",\"position\":3,\"name\":\"Alle drones\",\"item\":\"https:\/\/koningdrone.be\/categorie\/alle-drones\/\"},{\"@type\":\"ListItem\",\"position\":4,\"name\":\"DJI Matrice 3TD\"}]},{\"@type\":\"WebSite\",\"@id\":\"https:\/\/koningdrone.be\/#website\",\"url\":\"https:\/\/koningdrone.be\/\",\"name\":\"Koningdrone.be - Uw online specialist in drones, gimbals, camera's en power stations.\",\"description\":\"De webshop in drones en gimbals\",\"publisher\":{\"@id\":\"https:\/\/koningdrone.be\/#organization\"},\"potentialAction\":[{\"@type\":\"SearchAction\",\"target\":{\"@type\":\"EntryPoint\",\"urlTemplate\":\"https:\/\/koningdrone.be\/?s={search_term_string}\"},\"query-input\":{\"@type\":\"PropertyValueSpecification\",\"valueRequired\":true,\"valueName\":\"search_term_string\"}}],\"inLanguage\":\"fr-BE\"},{\"@type\":\"Organization\",\"@id\":\"https:\/\/koningdrone.be\/#organization\",\"name\":\"Koningdrone.be\",\"url\":\"https:\/\/koningdrone.be\/\",\"logo\":{\"@type\":\"ImageObject\",\"inLanguage\":\"fr-BE\",\"@id\":\"https:\/\/koningdrone.be\/#\/schema\/logo\/image\/\",\"url\":\"https:\/\/koningdrone.be\/wp-content\/uploads\/sites\/13\/2025\/04\/koningdrone-copyright-logo.svg\",\"contentUrl\":\"https:\/\/koningdrone.be\/wp-content\/uploads\/sites\/13\/2025\/04\/koningdrone-copyright-logo.svg\",\"width\":227,\"height\":38,\"caption\":\"Koningdrone.be\"},\"image\":{\"@id\":\"https:\/\/koningdrone.be\/#\/schema\/logo\/image\/\"}}]}<\/script>\n<!-- \/ Yoast SEO Premium plugin. -->","yoast_head_json":{"title":"DJI Matrice 3TD - koningdrone.be","robots":{"index":"index","follow":"follow","max-snippet":"max-snippet:-1","max-image-preview":"max-image-preview:large","max-video-preview":"max-video-preview:-1"},"canonical":"https:\/\/koningdrone.be\/fr\/produit\/dji-matrice-3td\/","og_locale":"fr_FR","og_type":"article","og_title":"DJI Matrice 3TD","og_description":"Compatible with DJI Dock 2  IP54 rating  50 min flight time  6 Directions Obstacle Detection  RTK module built-in, \u00b13cm accuracy  Triple Camera System : Equipped with a wide-angle camera, a telephoto camera, and an infrared camera for visible light and thermal images.   Wide-angle camera : 1\/1.32-inch CMOS, 24mm equivalent, 48MP.  Telephoto camera : 1\/2-inch CMOS, 162mm equivalent, 12MP.  Infrared camera : 40mm equivalent, 640\u00d7512@30fps normal, 1280\u00d71024@30fps in UHR mode with 28x digital zoom.","og_url":"https:\/\/koningdrone.be\/fr\/produit\/dji-matrice-3td\/","og_site_name":"koningdrone.be","article_modified_time":"2026-04-29T02:30:05+00:00","og_image":[{"width":1000,"height":720,"url":"https:\/\/koningdrone.be\/wp-content\/uploads\/sites\/13\/2025\/04\/DJI-Matrice-3TD-1.webp","type":"image\/webp"}],"twitter_card":"summary_large_image","schema":{"@context":"https:\/\/schema.org","@graph":[{"@type":"WebPage","@id":"https:\/\/koningdrone.be\/product\/dji-matrice-3td\/","url":"https:\/\/koningdrone.be\/product\/dji-matrice-3td\/","name":"DJI Matrice 3TD - koningdrone.be","isPartOf":{"@id":"https:\/\/koningdrone.be\/#website"},"primaryImageOfPage":{"@id":"https:\/\/koningdrone.be\/product\/dji-matrice-3td\/#primaryimage"},"image":{"@id":"https:\/\/koningdrone.be\/product\/dji-matrice-3td\/#primaryimage"},"thumbnailUrl":"https:\/\/koningdrone.be\/wp-content\/uploads\/sites\/13\/2025\/04\/DJI-Matrice-3TD-1.webp","datePublished":"2024-04-22T14:50:41+00:00","dateModified":"2026-04-29T02:30:05+00:00","breadcrumb":{"@id":"https:\/\/koningdrone.be\/product\/dji-matrice-3td\/#breadcrumb"},"inLanguage":"fr-BE","potentialAction":[{"@type":"ReadAction","target":["https:\/\/koningdrone.be\/product\/dji-matrice-3td\/"]}]},{"@type":"ImageObject","inLanguage":"fr-BE","@id":"https:\/\/koningdrone.be\/product\/dji-matrice-3td\/#primaryimage","url":"https:\/\/koningdrone.be\/wp-content\/uploads\/sites\/13\/2025\/04\/DJI-Matrice-3TD-1.webp","contentUrl":"https:\/\/koningdrone.be\/wp-content\/uploads\/sites\/13\/2025\/04\/DJI-Matrice-3TD-1.webp","width":1000,"height":720},{"@type":"BreadcrumbList","@id":"https:\/\/koningdrone.be\/product\/dji-matrice-3td\/#breadcrumb","itemListElement":[{"@type":"ListItem","position":1,"name":"Home","item":"https:\/\/koningdrone.be\/"},{"@type":"ListItem","position":2,"name":"AVSS Parachute Recovery System for DJI Matrice 300\/350","item":"https:\/\/koningdrone.be\/product\/avss-parachute-recovery-system-for-dji-matrice-300-350\/"},{"@type":"ListItem","position":3,"name":"Alle drones","item":"https:\/\/koningdrone.be\/categorie\/alle-drones\/"},{"@type":"ListItem","position":4,"name":"DJI Matrice 3TD"}]},{"@type":"WebSite","@id":"https:\/\/koningdrone.be\/#website","url":"https:\/\/koningdrone.be\/","name":"Koningdrone.be - Votre sp\u00e9cialiste en ligne en mati\u00e8re de drones, de cardans, de cam\u00e9ras et de centrales \u00e9lectriques.","description":"La boutique en ligne de drones et de cardans","publisher":{"@id":"https:\/\/koningdrone.be\/#organization"},"potentialAction":[{"@type":"SearchAction","target":{"@type":"EntryPoint","urlTemplate":"https:\/\/koningdrone.be\/?s={search_term_string}"},"query-input":{"@type":"PropertyValueSpecification","valueRequired":true,"valueName":"search_term_string"}}],"inLanguage":"fr-BE"},{"@type":"Organization","@id":"https:\/\/koningdrone.be\/#organization","name":"Kingdrone.co.uk","url":"https:\/\/koningdrone.be\/","logo":{"@type":"ImageObject","inLanguage":"fr-BE","@id":"https:\/\/koningdrone.be\/#\/schema\/logo\/image\/","url":"https:\/\/koningdrone.be\/wp-content\/uploads\/sites\/13\/2025\/04\/koningdrone-copyright-logo.svg","contentUrl":"https:\/\/koningdrone.be\/wp-content\/uploads\/sites\/13\/2025\/04\/koningdrone-copyright-logo.svg","width":227,"height":38,"caption":"Koningdrone.be"},"image":{"@id":"https:\/\/koningdrone.be\/#\/schema\/logo\/image\/"}}]}},"df_price":6021,"df_sale_price":"","df_regular_price":6021,"df_image_link":"https:\/\/koningdrone.be\/wp-content\/uploads\/sites\/13\/2025\/04\/DJI-Matrice-3TD-1-300x216.webp","_links":{"self":[{"href":"https:\/\/koningdrone.be\/fr\/wp-json\/wp\/v2\/product\/3588","targetHints":{"allow":["GET"]}}],"collection":[{"href":"https:\/\/koningdrone.be\/fr\/wp-json\/wp\/v2\/product"}],"about":[{"href":"https:\/\/koningdrone.be\/fr\/wp-json\/wp\/v2\/types\/product"}],"wp:featuredmedia":[{"embeddable":true,"href":"https:\/\/koningdrone.be\/fr\/wp-json\/wp\/v2\/media\/3584"}],"wp:attachment":[{"href":"https:\/\/koningdrone.be\/fr\/wp-json\/wp\/v2\/media?parent=3588"}],"wp:term":[{"taxonomy":"product_brand","embeddable":true,"href":"https:\/\/koningdrone.be\/fr\/wp-json\/wp\/v2\/product_brand?post=3588"},{"taxonomy":"product_cat","embeddable":true,"href":"https:\/\/koningdrone.be\/fr\/wp-json\/wp\/v2\/product_cat?post=3588"},{"taxonomy":"product_tag","embeddable":true,"href":"https:\/\/koningdrone.be\/fr\/wp-json\/wp\/v2\/product_tag?post=3588"}],"curies":[{"name":"wp","href":"https:\/\/api.w.org\/{rel}","templated":true}]}}