{"id":3552,"date":"2024-07-10T10:41:41","date_gmt":"2024-07-10T08:41:41","guid":{"rendered":"https:\/\/koningdrone.nl\/kon\/product\/dji-rc-plus-inspire-3-refurbished\/"},"modified":"2026-04-20T15:05:23","modified_gmt":"2026-04-20T13:05:23","slug":"dji-rc-plus-inspire-3-refurbished","status":"publish","type":"product","link":"https:\/\/koningdrone.be\/fr\/produit\/dji-rc-plus-inspire-3-refurbished\/","title":{"rendered":"DJI RC Plus (Inspire 3) - Remis \u00e0 neuf"},"content":{"rendered":"<p>Le mod\u00e8le RC Plus (version Inspire 3) est une t\u00e9l\u00e9commande innovante qui se distingue par son \u00e9cran de 7 pouces d'une luminosit\u00e9 de 1 200 nits. Cette caract\u00e9ristique garantit que l'\u00e9cran reste lumineux et visible m\u00eame dans les environnements ext\u00e9rieurs les plus \u00e9clair\u00e9s. Con\u00e7ue dans un souci de commodit\u00e9 pour l'utilisateur, elle est \u00e9quip\u00e9e d'une vari\u00e9t\u00e9 de boutons et de cadrans plac\u00e9s strat\u00e9giquement \u00e0 l'avant, \u00e0 l'arri\u00e8re et sur le dessus, ce qui permet une utilisation rapide et efficace.<\/p>\n<h4>Adaptation pour plus d'efficacit\u00e9<\/h4>\n<p>La RC Plus comprend les divers besoins et pr\u00e9f\u00e9rences de ses utilisateurs et permet de personnaliser les fonctions des boutons. Cette flexibilit\u00e9 permet aux utilisateurs de mieux adapter la t\u00e9l\u00e9commande \u00e0 leurs besoins op\u00e9rationnels sp\u00e9cifiques, ce qui am\u00e9liore l'exp\u00e9rience globale de l'utilisateur et l'efficacit\u00e9 pendant l'utilisation.<\/p>\n<h4>Des capacit\u00e9s op\u00e9rationnelles \u00e9tendues<\/h4>\n<p>\u00c9quip\u00e9 d'une batterie interne, le RC Plus peut \u00eatre compl\u00e9t\u00e9 par une batterie externe suppl\u00e9mentaire, ce qui permet de prolonger l'autonomie jusqu'\u00e0 six heures. Cette fonction est particuli\u00e8rement utile pour les utilisateurs qui ont besoin d'une utilisation prolong\u00e9e sans avoir \u00e0 se soucier de remplacer r\u00e9guli\u00e8rement la batterie.<\/p>\n<h4>Remplacement de la batterie en toute transparence<\/h4>\n<p>L'un des aspects remarquables du RC Plus est qu'il permet de changer de batterie en toute transparence alors que l'appareil est toujours op\u00e9rationnel. Les utilisateurs b\u00e9n\u00e9ficient ainsi d'un temps d'arr\u00eat minimal et d'une utilisation ininterrompue. Cette capacit\u00e9 est inestimable pour ceux qui doivent compter sur l'appareil pendant de longues p\u00e9riodes et garantit que le travail se d\u00e9roule sans interruption impr\u00e9vue.<\/p>\n<h4>A propos des produits reconditionn\u00e9s<\/h4>\n<p><em><strong>Ce produit a \u00e9t\u00e9 utilis\u00e9, mais il est en tr\u00e8s bon \u00e9tat\/comme neuf. Il a \u00e9t\u00e9 retourn\u00e9 dans les 14 jours et n'a souvent \u00e9t\u00e9 utilis\u00e9 que bri\u00e8vement. L'\u00e9tat g\u00e9n\u00e9ral est presque comme neuf.<\/strong><\/em><\/p>","protected":false},"excerpt":{"rendered":"<ul>\n<li>Moniteur 7 pouces 1200 nits \u00e0 haute luminosit\u00e9<\/li>\n<li>Exp\u00e9rience exceptionnelle de surveillance en ext\u00e9rieur<\/li>\n<li>Plusieurs touches et boutons rotatifs pour une utilisation rapide<\/li>\n<li>Fonctions des boutons personnalisables<\/li>\n<li>Jusqu'\u00e0 six heures d'autonomie avec deux piles<\/li>\n<li>Permet le remplacement \u00e0 chaud de la batterie<\/li>\n<\/ul>","protected":false},"featured_media":3549,"template":"","meta":{"_acf_changed":false},"product_brand":[],"product_cat":[97,139],"product_tag":[],"class_list":{"0":"post-3552","1":"product","2":"type-product","3":"status-publish","4":"has-post-thumbnail","6":"product_cat-alle-producten","7":"product_cat-refurbished","8":"pa_brand-dji","9":"pa_productfamily-afstandsbediening","10":"pa_producttype-afstandsbediening","11":"pa_series-inspire-3","13":"first","14":"instock","15":"sale","16":"taxable","17":"shipping-taxable","18":"purchasable","19":"product-type-simple"},"acf":[],"yoast_head":"<!-- This site is optimized with the Yoast SEO Premium plugin v27.2 (Yoast SEO v27.2) - https:\/\/yoast.com\/product\/yoast-seo-premium-wordpress\/ -->\n<title>DJI RC Plus (Inspire 3) - Refurbished - koningdrone.be<\/title>\n<meta name=\"robots\" content=\"index, follow, max-snippet:-1, max-image-preview:large, max-video-preview:-1\" \/>\n<link rel=\"canonical\" href=\"https:\/\/koningdrone.be\/fr\/produit\/dji-rc-plus-inspire-3-refurbished\/\" \/>\n<meta property=\"og:locale\" content=\"fr_FR\" \/>\n<meta property=\"og:type\" content=\"article\" \/>\n<meta property=\"og:title\" content=\"DJI RC Plus (Inspire 3) - Refurbished\" \/>\n<meta property=\"og:description\" content=\"7-inch 1200-nit monitor met hoge helderheid  Buitengewone outdoor monitoring-ervaring  Meerdere knoppen en draaiknoppen voor snelle bediening  Aanpasbare knopfuncties  Tot zes uur gebruiksduur met dubbele batterijen  Ondersteunt hot-swapping van de batterij\" \/>\n<meta property=\"og:url\" content=\"https:\/\/koningdrone.be\/fr\/produit\/dji-rc-plus-inspire-3-refurbished\/\" \/>\n<meta property=\"og:site_name\" content=\"koningdrone.be\" \/>\n<meta property=\"article:modified_time\" content=\"2026-04-20T13:05:23+00:00\" \/>\n<meta property=\"og:image\" content=\"https:\/\/koningdrone.be\/wp-content\/uploads\/sites\/13\/2025\/04\/b11326014e657f1f39c81e6568c4283f@large.jpg\" \/>\n\t<meta property=\"og:image:width\" content=\"1200\" \/>\n\t<meta property=\"og:image:height\" content=\"800\" \/>\n\t<meta property=\"og:image:type\" content=\"image\/jpeg\" \/>\n<meta name=\"twitter:card\" content=\"summary_large_image\" \/>\n<meta name=\"twitter:label1\" content=\"Dur\u00e9e de lecture est.\" \/>\n\t<meta name=\"twitter:data1\" content=\"2 minutes\" \/>\n<script type=\"application\/ld+json\" class=\"yoast-schema-graph\">{\"@context\":\"https:\/\/schema.org\",\"@graph\":[{\"@type\":\"WebPage\",\"@id\":\"https:\/\/koningdrone.be\/product\/dji-rc-plus-inspire-3-refurbished\/\",\"url\":\"https:\/\/koningdrone.be\/product\/dji-rc-plus-inspire-3-refurbished\/\",\"name\":\"DJI RC Plus (Inspire 3) - Refurbished - koningdrone.be\",\"isPartOf\":{\"@id\":\"https:\/\/koningdrone.be\/#website\"},\"primaryImageOfPage\":{\"@id\":\"https:\/\/koningdrone.be\/product\/dji-rc-plus-inspire-3-refurbished\/#primaryimage\"},\"image\":{\"@id\":\"https:\/\/koningdrone.be\/product\/dji-rc-plus-inspire-3-refurbished\/#primaryimage\"},\"thumbnailUrl\":\"https:\/\/koningdrone.be\/wp-content\/uploads\/sites\/13\/2025\/04\/b11326014e657f1f39c81e6568c4283f@large.jpg\",\"datePublished\":\"2024-07-10T08:41:41+00:00\",\"dateModified\":\"2026-04-20T13:05:23+00:00\",\"breadcrumb\":{\"@id\":\"https:\/\/koningdrone.be\/product\/dji-rc-plus-inspire-3-refurbished\/#breadcrumb\"},\"inLanguage\":\"fr-BE\",\"potentialAction\":[{\"@type\":\"ReadAction\",\"target\":[\"https:\/\/koningdrone.be\/product\/dji-rc-plus-inspire-3-refurbished\/\"]}]},{\"@type\":\"ImageObject\",\"inLanguage\":\"fr-BE\",\"@id\":\"https:\/\/koningdrone.be\/product\/dji-rc-plus-inspire-3-refurbished\/#primaryimage\",\"url\":\"https:\/\/koningdrone.be\/wp-content\/uploads\/sites\/13\/2025\/04\/b11326014e657f1f39c81e6568c4283f@large.jpg\",\"contentUrl\":\"https:\/\/koningdrone.be\/wp-content\/uploads\/sites\/13\/2025\/04\/b11326014e657f1f39c81e6568c4283f@large.jpg\",\"width\":1200,\"height\":800},{\"@type\":\"BreadcrumbList\",\"@id\":\"https:\/\/koningdrone.be\/product\/dji-rc-plus-inspire-3-refurbished\/#breadcrumb\",\"itemListElement\":[{\"@type\":\"ListItem\",\"position\":1,\"name\":\"Home\",\"item\":\"https:\/\/koningdrone.be\/\"},{\"@type\":\"ListItem\",\"position\":2,\"name\":\"AVSS Parachute Recovery System for DJI Matrice 300\/350\",\"item\":\"https:\/\/koningdrone.be\/product\/avss-parachute-recovery-system-for-dji-matrice-300-350\/\"},{\"@type\":\"ListItem\",\"position\":3,\"name\":\"Alle producten\",\"item\":\"https:\/\/koningdrone.be\/categorie\/alle-producten\/\"},{\"@type\":\"ListItem\",\"position\":4,\"name\":\"DJI RC Plus (Inspire 3) &#8211; Refurbished\"}]},{\"@type\":\"WebSite\",\"@id\":\"https:\/\/koningdrone.be\/#website\",\"url\":\"https:\/\/koningdrone.be\/\",\"name\":\"Koningdrone.be - Uw online specialist in drones, gimbals, camera's en power stations.\",\"description\":\"De webshop in drones en gimbals\",\"publisher\":{\"@id\":\"https:\/\/koningdrone.be\/#organization\"},\"potentialAction\":[{\"@type\":\"SearchAction\",\"target\":{\"@type\":\"EntryPoint\",\"urlTemplate\":\"https:\/\/koningdrone.be\/?s={search_term_string}\"},\"query-input\":{\"@type\":\"PropertyValueSpecification\",\"valueRequired\":true,\"valueName\":\"search_term_string\"}}],\"inLanguage\":\"fr-BE\"},{\"@type\":\"Organization\",\"@id\":\"https:\/\/koningdrone.be\/#organization\",\"name\":\"Koningdrone.be\",\"url\":\"https:\/\/koningdrone.be\/\",\"logo\":{\"@type\":\"ImageObject\",\"inLanguage\":\"fr-BE\",\"@id\":\"https:\/\/koningdrone.be\/#\/schema\/logo\/image\/\",\"url\":\"https:\/\/koningdrone.be\/wp-content\/uploads\/sites\/13\/2025\/04\/koningdrone-copyright-logo.svg\",\"contentUrl\":\"https:\/\/koningdrone.be\/wp-content\/uploads\/sites\/13\/2025\/04\/koningdrone-copyright-logo.svg\",\"width\":227,\"height\":38,\"caption\":\"Koningdrone.be\"},\"image\":{\"@id\":\"https:\/\/koningdrone.be\/#\/schema\/logo\/image\/\"}}]}<\/script>\n<!-- \/ Yoast SEO Premium plugin. -->","yoast_head_json":{"title":"DJI RC Plus (Inspire 3) - Refurbished - koningdrone.be","robots":{"index":"index","follow":"follow","max-snippet":"max-snippet:-1","max-image-preview":"max-image-preview:large","max-video-preview":"max-video-preview:-1"},"canonical":"https:\/\/koningdrone.be\/fr\/produit\/dji-rc-plus-inspire-3-refurbished\/","og_locale":"fr_FR","og_type":"article","og_title":"DJI RC Plus (Inspire 3) - Refurbished","og_description":"7-inch 1200-nit monitor met hoge helderheid  Buitengewone outdoor monitoring-ervaring  Meerdere knoppen en draaiknoppen voor snelle bediening  Aanpasbare knopfuncties  Tot zes uur gebruiksduur met dubbele batterijen  Ondersteunt hot-swapping van de batterij","og_url":"https:\/\/koningdrone.be\/fr\/produit\/dji-rc-plus-inspire-3-refurbished\/","og_site_name":"koningdrone.be","article_modified_time":"2026-04-20T13:05:23+00:00","og_image":[{"width":1200,"height":800,"url":"https:\/\/koningdrone.be\/wp-content\/uploads\/sites\/13\/2025\/04\/b11326014e657f1f39c81e6568c4283f@large.jpg","type":"image\/jpeg"}],"twitter_card":"summary_large_image","twitter_misc":{"Dur\u00e9e de lecture est.":"2 minutes"},"schema":{"@context":"https:\/\/schema.org","@graph":[{"@type":"WebPage","@id":"https:\/\/koningdrone.be\/product\/dji-rc-plus-inspire-3-refurbished\/","url":"https:\/\/koningdrone.be\/product\/dji-rc-plus-inspire-3-refurbished\/","name":"DJI RC Plus (Inspire 3) - Refurbished - koningdrone.be","isPartOf":{"@id":"https:\/\/koningdrone.be\/#website"},"primaryImageOfPage":{"@id":"https:\/\/koningdrone.be\/product\/dji-rc-plus-inspire-3-refurbished\/#primaryimage"},"image":{"@id":"https:\/\/koningdrone.be\/product\/dji-rc-plus-inspire-3-refurbished\/#primaryimage"},"thumbnailUrl":"https:\/\/koningdrone.be\/wp-content\/uploads\/sites\/13\/2025\/04\/b11326014e657f1f39c81e6568c4283f@large.jpg","datePublished":"2024-07-10T08:41:41+00:00","dateModified":"2026-04-20T13:05:23+00:00","breadcrumb":{"@id":"https:\/\/koningdrone.be\/product\/dji-rc-plus-inspire-3-refurbished\/#breadcrumb"},"inLanguage":"fr-BE","potentialAction":[{"@type":"ReadAction","target":["https:\/\/koningdrone.be\/product\/dji-rc-plus-inspire-3-refurbished\/"]}]},{"@type":"ImageObject","inLanguage":"fr-BE","@id":"https:\/\/koningdrone.be\/product\/dji-rc-plus-inspire-3-refurbished\/#primaryimage","url":"https:\/\/koningdrone.be\/wp-content\/uploads\/sites\/13\/2025\/04\/b11326014e657f1f39c81e6568c4283f@large.jpg","contentUrl":"https:\/\/koningdrone.be\/wp-content\/uploads\/sites\/13\/2025\/04\/b11326014e657f1f39c81e6568c4283f@large.jpg","width":1200,"height":800},{"@type":"BreadcrumbList","@id":"https:\/\/koningdrone.be\/product\/dji-rc-plus-inspire-3-refurbished\/#breadcrumb","itemListElement":[{"@type":"ListItem","position":1,"name":"Home","item":"https:\/\/koningdrone.be\/"},{"@type":"ListItem","position":2,"name":"AVSS Parachute Recovery System for DJI Matrice 300\/350","item":"https:\/\/koningdrone.be\/product\/avss-parachute-recovery-system-for-dji-matrice-300-350\/"},{"@type":"ListItem","position":3,"name":"Alle producten","item":"https:\/\/koningdrone.be\/categorie\/alle-producten\/"},{"@type":"ListItem","position":4,"name":"DJI RC Plus (Inspire 3) &#8211; Refurbished"}]},{"@type":"WebSite","@id":"https:\/\/koningdrone.be\/#website","url":"https:\/\/koningdrone.be\/","name":"Koningdrone.be - Votre sp\u00e9cialiste en ligne en mati\u00e8re de drones, de cardans, de cam\u00e9ras et de centrales \u00e9lectriques.","description":"La boutique en ligne de drones et de cardans","publisher":{"@id":"https:\/\/koningdrone.be\/#organization"},"potentialAction":[{"@type":"SearchAction","target":{"@type":"EntryPoint","urlTemplate":"https:\/\/koningdrone.be\/?s={search_term_string}"},"query-input":{"@type":"PropertyValueSpecification","valueRequired":true,"valueName":"search_term_string"}}],"inLanguage":"fr-BE"},{"@type":"Organization","@id":"https:\/\/koningdrone.be\/#organization","name":"Kingdrone.co.uk","url":"https:\/\/koningdrone.be\/","logo":{"@type":"ImageObject","inLanguage":"fr-BE","@id":"https:\/\/koningdrone.be\/#\/schema\/logo\/image\/","url":"https:\/\/koningdrone.be\/wp-content\/uploads\/sites\/13\/2025\/04\/koningdrone-copyright-logo.svg","contentUrl":"https:\/\/koningdrone.be\/wp-content\/uploads\/sites\/13\/2025\/04\/koningdrone-copyright-logo.svg","width":227,"height":38,"caption":"Koningdrone.be"},"image":{"@id":"https:\/\/koningdrone.be\/#\/schema\/logo\/image\/"}}]}},"df_price":1029,"df_sale_price":1029,"df_regular_price":1299,"df_image_link":"https:\/\/koningdrone.be\/wp-content\/uploads\/sites\/13\/2025\/04\/b11326014e657f1f39c81e6568c4283f@large-300x200.jpg","_links":{"self":[{"href":"https:\/\/koningdrone.be\/fr\/wp-json\/wp\/v2\/product\/3552","targetHints":{"allow":["GET"]}}],"collection":[{"href":"https:\/\/koningdrone.be\/fr\/wp-json\/wp\/v2\/product"}],"about":[{"href":"https:\/\/koningdrone.be\/fr\/wp-json\/wp\/v2\/types\/product"}],"wp:featuredmedia":[{"embeddable":true,"href":"https:\/\/koningdrone.be\/fr\/wp-json\/wp\/v2\/media\/3549"}],"wp:attachment":[{"href":"https:\/\/koningdrone.be\/fr\/wp-json\/wp\/v2\/media?parent=3552"}],"wp:term":[{"taxonomy":"product_brand","embeddable":true,"href":"https:\/\/koningdrone.be\/fr\/wp-json\/wp\/v2\/product_brand?post=3552"},{"taxonomy":"product_cat","embeddable":true,"href":"https:\/\/koningdrone.be\/fr\/wp-json\/wp\/v2\/product_cat?post=3552"},{"taxonomy":"product_tag","embeddable":true,"href":"https:\/\/koningdrone.be\/fr\/wp-json\/wp\/v2\/product_tag?post=3552"}],"curies":[{"name":"wp","href":"https:\/\/api.w.org\/{rel}","templated":true}]}}