{"id":3541,"date":"2024-07-15T14:42:16","date_gmt":"2024-07-15T12:42:16","guid":{"rendered":"https:\/\/koningdrone.nl\/kon\/product\/dji-flycart-30\/"},"modified":"2026-04-29T16:00:15","modified_gmt":"2026-04-29T14:00:15","slug":"dji-flycart-30","status":"publish","type":"product","link":"https:\/\/koningdrone.be\/fr\/produit\/dji-flycart-30\/","title":{"rendered":"DJI FlyCart 30"},"content":{"rendered":"<p><strong>Con\u00e7u pour la livraison<\/strong><br \/>\nLe DJI FlyCart 30 porte la livraison a\u00e9rienne \u00e0 un nouveau niveau gr\u00e2ce \u00e0 un design puissant et polyvalent. Ce syst\u00e8me portable et pliable offre une charge utile maximale de 40 kg et peut voler jusqu'\u00e0 16 km avec une charge compl\u00e8te, ce qui est id\u00e9al pour diverses applications de livraison.<\/p>\n<p><strong>Portez votre charge<\/strong><br \/>\nEn mode Cargo, le FlyCart 30 peut facilement desservir les endroits difficiles d'acc\u00e8s. Le grand conteneur EPP a une capacit\u00e9 de 70 litres et convient \u00e0 diff\u00e9rents types de marchandises. Dans ce mode, le drone peut transporter jusqu'\u00e0 30 kg avec deux batteries ou 40 kg avec une seule batterie.<\/p>\n<p><strong>Mode treuil<\/strong><br \/>\nAvec le syst\u00e8me de treuil FlyCart 30, les charges peuvent \u00eatre transport\u00e9es en toute s\u00e9curit\u00e9 via un c\u00e2ble de 20 m. Ce mode est id\u00e9al pour les charges de grande taille et de forme irr\u00e9guli\u00e8re, telles que les panneaux solaires ou les \u00e9quipements. Ce mode est parfait pour les charges de grande taille et de forme irr\u00e9guli\u00e8re, telles que les panneaux solaires ou les \u00e9quipements. Le treuil peut \u00eatre actionn\u00e9 manuellement ou automatiquement pour une s\u00e9curit\u00e9 optimale.<\/p>\n<p><strong>Voler par tous les temps<\/strong><br \/>\nLe FlyCart 30 fonctionne de mani\u00e8re fiable dans toutes les conditions m\u00e9t\u00e9orologiques, avec une protection IP55. Il peut supporter des temp\u00e9ratures allant de -20\u00b0 \u00e0 45\u00b0C et des vents allant jusqu'\u00e0 12 m\/s.<\/p>\n<p><strong>Port\u00e9e \u00e0 longue distance<\/strong><br \/>\nLe FlyCart 30 dispose d'une transmission vid\u00e9o de 20 km, aliment\u00e9e par le protocole DJI O3. Le drone supporte une distance de vol maximale de 28 km \u00e0 une vitesse de croisi\u00e8re de 15 m\/s, avec un mode double op\u00e9rateur pour une prise de contr\u00f4le en toute s\u00e9curit\u00e9 sur les longues distances.<\/p>\n<p><strong>Options de s\u00e9curit\u00e9 avanc\u00e9es<\/strong><br \/>\nAvec des radars \u00e0 r\u00e9seau phas\u00e9 avant et arri\u00e8re et un syst\u00e8me de vision binoculaire double, le FlyCart 30 peut d\u00e9tecter des obstacles dans diff\u00e9rentes directions pour un vol en toute s\u00e9curit\u00e9. D'autres syst\u00e8mes de s\u00e9curit\u00e9 incluent des IMU doubles, des barom\u00e8tres et des batteries, ainsi qu'un parachute int\u00e9gr\u00e9 pour les atterrissages d'urgence.<\/p>\n<p><strong>Contr\u00f4leur DJI RC Plus<\/strong><br \/>\nContr\u00f4lez le FlyCart 30 avec le DJI RC Plus, un contr\u00f4leur dot\u00e9 d'un \u00e9cran de 7 pouces, d'une autonomie de 6 heures et d'une protection IP54. Gr\u00e2ce au mode Dual Operator, les commandes peuvent \u00eatre transf\u00e9r\u00e9es sans effort d'un contr\u00f4leur \u00e0 l'autre.<\/p>","protected":false},"excerpt":{"rendered":"<ul>\n<li>Capacit\u00e9 de charge maximale de 40 kg<\/li>\n<li>Autonomie de 16 km avec une charge compl\u00e8te<\/li>\n<li>Options de s\u00e9curit\u00e9 avanc\u00e9es avec d\u00e9tection des obstacles<\/li>\n<li>Transmission vid\u00e9o \u00e0 20 km avec DJI O3<\/li>\n<li>Mode Cargo pour les grandes charges et mode Treuil pour la pr\u00e9cision<\/li>\n<li>Protection IP55 contre les intemp\u00e9ries<\/li>\n<li>Contr\u00f4leur DJI RC Plus facile \u00e0 utiliser<\/li>\n<\/ul>","protected":false},"featured_media":3536,"template":"","meta":{"_acf_changed":false},"product_brand":[],"product_cat":[135,97,675,158,159,99,100,101],"product_tag":[],"class_list":{"0":"post-3541","1":"product","2":"type-product","3":"status-publish","4":"has-post-thumbnail","6":"product_cat-alle-drones","7":"product_cat-alle-producten","8":"product_cat-dji-enterprise-drones","9":"product_cat-dji-flycart","10":"product_cat-dji-flycart-30","11":"product_cat-drones-met-certificaat","12":"product_cat-enterprise-drones","13":"product_cat-professionele-dji-drone","14":"product_shipping_class-outofstock","15":"pa_brand-dji","16":"pa_dronegrade-enterprise","17":"pa_productfamily-drone","18":"pa_producttype-drone","19":"pa_series-flycart-30","21":"first","22":"outofstock","23":"taxable","24":"shipping-taxable","25":"purchasable","26":"product-type-simple"},"acf":[],"yoast_head":"<!-- This site is optimized with the Yoast SEO Premium plugin v27.2 (Yoast SEO v27.2) - https:\/\/yoast.com\/product\/yoast-seo-premium-wordpress\/ -->\n<title>DJI FlyCart 30 - koningdrone.be<\/title>\n<meta name=\"robots\" content=\"index, follow, max-snippet:-1, max-image-preview:large, max-video-preview:-1\" \/>\n<link rel=\"canonical\" href=\"https:\/\/koningdrone.be\/fr\/produit\/dji-flycart-30\/\" \/>\n<meta property=\"og:locale\" content=\"fr_FR\" \/>\n<meta property=\"og:type\" content=\"article\" \/>\n<meta property=\"og:title\" content=\"DJI FlyCart 30\" \/>\n<meta property=\"og:description\" content=\"Maximaal 40 kg laadcapaciteit  Bereik van 16 km met volle lading  Geavanceerde veiligheidsopties met obstakeldetectie  20 km video-overdracht met DJI O3  Cargomodus voor grote ladingen en Liermodus voor precisie  IP55-bescherming voor alle weersomstandigheden  Gebruiksvriendelijke DJI RC Plus-controller\" \/>\n<meta property=\"og:url\" content=\"https:\/\/koningdrone.be\/fr\/produit\/dji-flycart-30\/\" \/>\n<meta property=\"og:site_name\" content=\"koningdrone.be\" \/>\n<meta property=\"article:modified_time\" content=\"2026-04-29T14:00:15+00:00\" \/>\n<meta property=\"og:image\" content=\"https:\/\/koningdrone.be\/wp-content\/uploads\/sites\/13\/2025\/04\/DJI-FlyCart-30-1.jpg\" \/>\n\t<meta property=\"og:image:width\" content=\"800\" \/>\n\t<meta property=\"og:image:height\" content=\"600\" \/>\n\t<meta property=\"og:image:type\" content=\"image\/jpeg\" \/>\n<meta name=\"twitter:card\" content=\"summary_large_image\" \/>\n<meta name=\"twitter:label1\" content=\"Dur\u00e9e de lecture est.\" \/>\n\t<meta name=\"twitter:data1\" content=\"1 minute\" \/>\n<script type=\"application\/ld+json\" class=\"yoast-schema-graph\">{\"@context\":\"https:\/\/schema.org\",\"@graph\":[{\"@type\":\"WebPage\",\"@id\":\"https:\/\/koningdrone.be\/product\/dji-flycart-30\/\",\"url\":\"https:\/\/koningdrone.be\/product\/dji-flycart-30\/\",\"name\":\"DJI FlyCart 30 - koningdrone.be\",\"isPartOf\":{\"@id\":\"https:\/\/koningdrone.be\/#website\"},\"primaryImageOfPage\":{\"@id\":\"https:\/\/koningdrone.be\/product\/dji-flycart-30\/#primaryimage\"},\"image\":{\"@id\":\"https:\/\/koningdrone.be\/product\/dji-flycart-30\/#primaryimage\"},\"thumbnailUrl\":\"https:\/\/koningdrone.be\/wp-content\/uploads\/sites\/13\/2025\/04\/DJI-FlyCart-30-1.jpg\",\"datePublished\":\"2024-07-15T12:42:16+00:00\",\"dateModified\":\"2026-04-29T14:00:15+00:00\",\"breadcrumb\":{\"@id\":\"https:\/\/koningdrone.be\/product\/dji-flycart-30\/#breadcrumb\"},\"inLanguage\":\"fr-BE\",\"potentialAction\":[{\"@type\":\"ReadAction\",\"target\":[\"https:\/\/koningdrone.be\/product\/dji-flycart-30\/\"]}]},{\"@type\":\"ImageObject\",\"inLanguage\":\"fr-BE\",\"@id\":\"https:\/\/koningdrone.be\/product\/dji-flycart-30\/#primaryimage\",\"url\":\"https:\/\/koningdrone.be\/wp-content\/uploads\/sites\/13\/2025\/04\/DJI-FlyCart-30-1.jpg\",\"contentUrl\":\"https:\/\/koningdrone.be\/wp-content\/uploads\/sites\/13\/2025\/04\/DJI-FlyCart-30-1.jpg\",\"width\":800,\"height\":600},{\"@type\":\"BreadcrumbList\",\"@id\":\"https:\/\/koningdrone.be\/product\/dji-flycart-30\/#breadcrumb\",\"itemListElement\":[{\"@type\":\"ListItem\",\"position\":1,\"name\":\"Home\",\"item\":\"https:\/\/koningdrone.be\/\"},{\"@type\":\"ListItem\",\"position\":2,\"name\":\"AVSS Parachute Recovery System for DJI Matrice 300\/350\",\"item\":\"https:\/\/koningdrone.be\/product\/avss-parachute-recovery-system-for-dji-matrice-300-350\/\"},{\"@type\":\"ListItem\",\"position\":3,\"name\":\"Alle drones\",\"item\":\"https:\/\/koningdrone.be\/categorie\/alle-drones\/\"},{\"@type\":\"ListItem\",\"position\":4,\"name\":\"DJI FlyCart 30\"}]},{\"@type\":\"WebSite\",\"@id\":\"https:\/\/koningdrone.be\/#website\",\"url\":\"https:\/\/koningdrone.be\/\",\"name\":\"Koningdrone.be - Uw online specialist in drones, gimbals, camera's en power stations.\",\"description\":\"De webshop in drones en gimbals\",\"publisher\":{\"@id\":\"https:\/\/koningdrone.be\/#organization\"},\"potentialAction\":[{\"@type\":\"SearchAction\",\"target\":{\"@type\":\"EntryPoint\",\"urlTemplate\":\"https:\/\/koningdrone.be\/?s={search_term_string}\"},\"query-input\":{\"@type\":\"PropertyValueSpecification\",\"valueRequired\":true,\"valueName\":\"search_term_string\"}}],\"inLanguage\":\"fr-BE\"},{\"@type\":\"Organization\",\"@id\":\"https:\/\/koningdrone.be\/#organization\",\"name\":\"Koningdrone.be\",\"url\":\"https:\/\/koningdrone.be\/\",\"logo\":{\"@type\":\"ImageObject\",\"inLanguage\":\"fr-BE\",\"@id\":\"https:\/\/koningdrone.be\/#\/schema\/logo\/image\/\",\"url\":\"https:\/\/koningdrone.be\/wp-content\/uploads\/sites\/13\/2025\/04\/koningdrone-copyright-logo.svg\",\"contentUrl\":\"https:\/\/koningdrone.be\/wp-content\/uploads\/sites\/13\/2025\/04\/koningdrone-copyright-logo.svg\",\"width\":227,\"height\":38,\"caption\":\"Koningdrone.be\"},\"image\":{\"@id\":\"https:\/\/koningdrone.be\/#\/schema\/logo\/image\/\"}}]}<\/script>\n<!-- \/ Yoast SEO Premium plugin. -->","yoast_head_json":{"title":"DJI FlyCart 30 - koningdrone.be","robots":{"index":"index","follow":"follow","max-snippet":"max-snippet:-1","max-image-preview":"max-image-preview:large","max-video-preview":"max-video-preview:-1"},"canonical":"https:\/\/koningdrone.be\/fr\/produit\/dji-flycart-30\/","og_locale":"fr_FR","og_type":"article","og_title":"DJI FlyCart 30","og_description":"Maximaal 40 kg laadcapaciteit  Bereik van 16 km met volle lading  Geavanceerde veiligheidsopties met obstakeldetectie  20 km video-overdracht met DJI O3  Cargomodus voor grote ladingen en Liermodus voor precisie  IP55-bescherming voor alle weersomstandigheden  Gebruiksvriendelijke DJI RC Plus-controller","og_url":"https:\/\/koningdrone.be\/fr\/produit\/dji-flycart-30\/","og_site_name":"koningdrone.be","article_modified_time":"2026-04-29T14:00:15+00:00","og_image":[{"width":800,"height":600,"url":"https:\/\/koningdrone.be\/wp-content\/uploads\/sites\/13\/2025\/04\/DJI-FlyCart-30-1.jpg","type":"image\/jpeg"}],"twitter_card":"summary_large_image","twitter_misc":{"Dur\u00e9e de lecture est.":"1 minute"},"schema":{"@context":"https:\/\/schema.org","@graph":[{"@type":"WebPage","@id":"https:\/\/koningdrone.be\/product\/dji-flycart-30\/","url":"https:\/\/koningdrone.be\/product\/dji-flycart-30\/","name":"DJI FlyCart 30 - koningdrone.be","isPartOf":{"@id":"https:\/\/koningdrone.be\/#website"},"primaryImageOfPage":{"@id":"https:\/\/koningdrone.be\/product\/dji-flycart-30\/#primaryimage"},"image":{"@id":"https:\/\/koningdrone.be\/product\/dji-flycart-30\/#primaryimage"},"thumbnailUrl":"https:\/\/koningdrone.be\/wp-content\/uploads\/sites\/13\/2025\/04\/DJI-FlyCart-30-1.jpg","datePublished":"2024-07-15T12:42:16+00:00","dateModified":"2026-04-29T14:00:15+00:00","breadcrumb":{"@id":"https:\/\/koningdrone.be\/product\/dji-flycart-30\/#breadcrumb"},"inLanguage":"fr-BE","potentialAction":[{"@type":"ReadAction","target":["https:\/\/koningdrone.be\/product\/dji-flycart-30\/"]}]},{"@type":"ImageObject","inLanguage":"fr-BE","@id":"https:\/\/koningdrone.be\/product\/dji-flycart-30\/#primaryimage","url":"https:\/\/koningdrone.be\/wp-content\/uploads\/sites\/13\/2025\/04\/DJI-FlyCart-30-1.jpg","contentUrl":"https:\/\/koningdrone.be\/wp-content\/uploads\/sites\/13\/2025\/04\/DJI-FlyCart-30-1.jpg","width":800,"height":600},{"@type":"BreadcrumbList","@id":"https:\/\/koningdrone.be\/product\/dji-flycart-30\/#breadcrumb","itemListElement":[{"@type":"ListItem","position":1,"name":"Home","item":"https:\/\/koningdrone.be\/"},{"@type":"ListItem","position":2,"name":"AVSS Parachute Recovery System for DJI Matrice 300\/350","item":"https:\/\/koningdrone.be\/product\/avss-parachute-recovery-system-for-dji-matrice-300-350\/"},{"@type":"ListItem","position":3,"name":"Alle drones","item":"https:\/\/koningdrone.be\/categorie\/alle-drones\/"},{"@type":"ListItem","position":4,"name":"DJI FlyCart 30"}]},{"@type":"WebSite","@id":"https:\/\/koningdrone.be\/#website","url":"https:\/\/koningdrone.be\/","name":"Koningdrone.be - Votre sp\u00e9cialiste en ligne en mati\u00e8re de drones, de cardans, de cam\u00e9ras et de centrales \u00e9lectriques.","description":"La boutique en ligne de drones et de cardans","publisher":{"@id":"https:\/\/koningdrone.be\/#organization"},"potentialAction":[{"@type":"SearchAction","target":{"@type":"EntryPoint","urlTemplate":"https:\/\/koningdrone.be\/?s={search_term_string}"},"query-input":{"@type":"PropertyValueSpecification","valueRequired":true,"valueName":"search_term_string"}}],"inLanguage":"fr-BE"},{"@type":"Organization","@id":"https:\/\/koningdrone.be\/#organization","name":"Kingdrone.co.uk","url":"https:\/\/koningdrone.be\/","logo":{"@type":"ImageObject","inLanguage":"fr-BE","@id":"https:\/\/koningdrone.be\/#\/schema\/logo\/image\/","url":"https:\/\/koningdrone.be\/wp-content\/uploads\/sites\/13\/2025\/04\/koningdrone-copyright-logo.svg","contentUrl":"https:\/\/koningdrone.be\/wp-content\/uploads\/sites\/13\/2025\/04\/koningdrone-copyright-logo.svg","width":227,"height":38,"caption":"Koningdrone.be"},"image":{"@id":"https:\/\/koningdrone.be\/#\/schema\/logo\/image\/"}}]}},"df_price":19735.1,"df_sale_price":"","df_regular_price":19735.1,"df_image_link":"https:\/\/koningdrone.be\/wp-content\/uploads\/sites\/13\/2025\/04\/DJI-FlyCart-30-1-300x225.jpg","_links":{"self":[{"href":"https:\/\/koningdrone.be\/fr\/wp-json\/wp\/v2\/product\/3541","targetHints":{"allow":["GET"]}}],"collection":[{"href":"https:\/\/koningdrone.be\/fr\/wp-json\/wp\/v2\/product"}],"about":[{"href":"https:\/\/koningdrone.be\/fr\/wp-json\/wp\/v2\/types\/product"}],"wp:featuredmedia":[{"embeddable":true,"href":"https:\/\/koningdrone.be\/fr\/wp-json\/wp\/v2\/media\/3536"}],"wp:attachment":[{"href":"https:\/\/koningdrone.be\/fr\/wp-json\/wp\/v2\/media?parent=3541"}],"wp:term":[{"taxonomy":"product_brand","embeddable":true,"href":"https:\/\/koningdrone.be\/fr\/wp-json\/wp\/v2\/product_brand?post=3541"},{"taxonomy":"product_cat","embeddable":true,"href":"https:\/\/koningdrone.be\/fr\/wp-json\/wp\/v2\/product_cat?post=3541"},{"taxonomy":"product_tag","embeddable":true,"href":"https:\/\/koningdrone.be\/fr\/wp-json\/wp\/v2\/product_tag?post=3541"}],"curies":[{"name":"wp","href":"https:\/\/api.w.org\/{rel}","templated":true}]}}