{"id":3533,"date":"2024-07-24T17:44:19","date_gmt":"2024-07-24T15:44:19","guid":{"rendered":"https:\/\/koningdrone.nl\/kon\/product\/dji-rc-plus-for-dji-flycart\/"},"modified":"2026-04-29T04:21:08","modified_gmt":"2026-04-29T02:21:08","slug":"dji-rc-plus-for-dji-flycart","status":"publish","type":"product","link":"https:\/\/koningdrone.be\/fr\/produit\/dji-rc-plus-for-dji-flycart\/","title":{"rendered":"DJI RC Plus pour DJI Flycart"},"content":{"rendered":"<p><strong>T\u00e9l\u00e9commande DJI RC Plus pour le FlyCart 30<\/strong> est un contr\u00f4leur avanc\u00e9 qui assure un contr\u00f4le pr\u00e9cis et fiable du DJI FlyCart 30, m\u00eame dans des conditions difficiles. Avec un \u00e9cran lumineux de 7 pouces et une luminosit\u00e9 maximale de 1200 cd\/m\u00b2, le DJI RC Plus offre une excellente visibilit\u00e9 m\u00eame en plein soleil. La capacit\u00e9 de double contr\u00f4le permet aux pilotes de transf\u00e9rer facilement le contr\u00f4le, id\u00e9al pour les op\u00e9rations multi-pilotes ou les missions complexes.<\/p>\n<p><strong>Conception robuste et r\u00e9sistante aux intemp\u00e9ries :<\/strong> Avec un indice de protection IP54, le RC Plus est \u00e0 la fois \u00e9tanche \u00e0 la poussi\u00e8re et \u00e0 l'eau, et peut fonctionner sans probl\u00e8me \u00e0 des temp\u00e9ratures comprises entre -20\u00b0 et 50\u00b0C. Cette construction robuste garantit que le contr\u00f4leur est adapt\u00e9 \u00e0 divers environnements et conditions m\u00e9t\u00e9orologiques.<\/p>\n<p><strong>Fonctions avanc\u00e9es avec l'application DJI Pilot 2 et le syst\u00e8me O3 :<\/strong> L'application DJI Pilot 2 offre des fonctionnalit\u00e9s telles que la visualisation du terrain en temps r\u00e9el, l'assistance \u00e0 la projection AR et des capacit\u00e9s de stabilisation du drone. Avec le syst\u00e8me O3 int\u00e9gr\u00e9, le pilote b\u00e9n\u00e9ficie d'une connectivit\u00e9 et d'une stabilit\u00e9 accrues. Aliment\u00e9 par une batterie WB37, le RC Plus dispose d'une batterie int\u00e9gr\u00e9e, permettant un remplacement \u00e0 chaud pendant le vol.<\/p>\n<p><strong>Options de connectivit\u00e9 \u00e9tendues :<\/strong> Pour une plus grande souplesse d'utilisation, la DJI RC Plus est dot\u00e9e de connecteurs pour Micro SD, USB, HDMI et USB-C, ce qui simplifie l'utilisation d'accessoires et d'options de stockage suppl\u00e9mentaires.<\/p>","protected":false},"excerpt":{"rendered":"<ul>\n<li>\u00c9cran de 7 pouces avec une luminosit\u00e9 de 1200 cd\/m\u00b2 pour une visibilit\u00e9 optimale<\/li>\n<li>\u00c9tanch\u00e9it\u00e9 \u00e0 l'eau et \u00e0 la poussi\u00e8re (IP54) pour une utilisation dans des environnements difficiles<\/li>\n<li>Option de double contr\u00f4le pour un transfert facile du contr\u00f4le<\/li>\n<li>L'application DJI Pilot 2 avec des fonctions de projection et de stabilisation AR<\/li>\n<li>Prise en charge de la batterie WB37 et remplacement \u00e0 chaud en vol<\/li>\n<li>Connexions pour Micro SD, USB, HDMI et USB-C<\/li>\n<\/ul>","protected":false},"featured_media":3531,"template":"","meta":{"_acf_changed":false},"product_brand":[],"product_cat":[122,97,158,159],"product_tag":[],"class_list":{"0":"post-3533","1":"product","2":"type-product","3":"status-publish","4":"has-post-thumbnail","6":"product_cat-alle-afstandsbedieningen","7":"product_cat-alle-producten","8":"product_cat-dji-flycart","9":"product_cat-dji-flycart-30","10":"product_shipping_class-dronelandall","11":"pa_brand-dji","12":"pa_productfamily-afstandsbediening","13":"pa_producttype-afstandsbediening","14":"pa_series-flycart","16":"first","17":"instock","18":"taxable","19":"shipping-taxable","20":"purchasable","21":"product-type-simple"},"acf":[],"yoast_head":"<!-- This site is optimized with the Yoast SEO Premium plugin v27.2 (Yoast SEO v27.2) - https:\/\/yoast.com\/product\/yoast-seo-premium-wordpress\/ -->\n<title>DJI RC Plus for DJI Flycart - koningdrone.be<\/title>\n<meta name=\"robots\" content=\"index, follow, max-snippet:-1, max-image-preview:large, max-video-preview:-1\" \/>\n<link rel=\"canonical\" href=\"https:\/\/koningdrone.be\/fr\/produit\/dji-rc-plus-for-dji-flycart\/\" \/>\n<meta property=\"og:locale\" content=\"fr_FR\" \/>\n<meta property=\"og:type\" content=\"article\" \/>\n<meta property=\"og:title\" content=\"DJI RC Plus for DJI Flycart\" \/>\n<meta property=\"og:description\" content=\"7-inch scherm met een helderheid van 1200 cd\/m\u00b2 voor optimale zichtbaarheid  Water- en stofdicht (IP54) voor gebruik onder zware omstandigheden  Dual control-optie om eenvoudig de besturing over te dragen  DJI Pilot 2 app met AR-projectie en stabilisatiefuncties  Ondersteunt WB37 batterij en hot-swapping tijdens de vlucht  Aansluitingen voor Micro SD, USB, HDMI en USB-C\" \/>\n<meta property=\"og:url\" content=\"https:\/\/koningdrone.be\/fr\/produit\/dji-rc-plus-for-dji-flycart\/\" \/>\n<meta property=\"og:site_name\" content=\"koningdrone.be\" \/>\n<meta property=\"article:modified_time\" content=\"2026-04-29T02:21:08+00:00\" \/>\n<meta property=\"og:image\" content=\"https:\/\/koningdrone.be\/wp-content\/uploads\/sites\/13\/2025\/04\/DJI-RC-Plus-for-DJI-Flycart.webp\" \/>\n\t<meta property=\"og:image:width\" content=\"720\" \/>\n\t<meta property=\"og:image:height\" content=\"720\" \/>\n\t<meta property=\"og:image:type\" content=\"image\/webp\" \/>\n<meta name=\"twitter:card\" content=\"summary_large_image\" \/>\n<meta name=\"twitter:label1\" content=\"Dur\u00e9e de lecture est.\" \/>\n\t<meta name=\"twitter:data1\" content=\"1 minute\" \/>\n<script type=\"application\/ld+json\" class=\"yoast-schema-graph\">{\"@context\":\"https:\/\/schema.org\",\"@graph\":[{\"@type\":\"WebPage\",\"@id\":\"https:\/\/koningdrone.be\/product\/dji-rc-plus-for-dji-flycart\/\",\"url\":\"https:\/\/koningdrone.be\/product\/dji-rc-plus-for-dji-flycart\/\",\"name\":\"DJI RC Plus for DJI Flycart - koningdrone.be\",\"isPartOf\":{\"@id\":\"https:\/\/koningdrone.be\/#website\"},\"primaryImageOfPage\":{\"@id\":\"https:\/\/koningdrone.be\/product\/dji-rc-plus-for-dji-flycart\/#primaryimage\"},\"image\":{\"@id\":\"https:\/\/koningdrone.be\/product\/dji-rc-plus-for-dji-flycart\/#primaryimage\"},\"thumbnailUrl\":\"https:\/\/koningdrone.be\/wp-content\/uploads\/sites\/13\/2025\/04\/DJI-RC-Plus-for-DJI-Flycart.webp\",\"datePublished\":\"2024-07-24T15:44:19+00:00\",\"dateModified\":\"2026-04-29T02:21:08+00:00\",\"breadcrumb\":{\"@id\":\"https:\/\/koningdrone.be\/product\/dji-rc-plus-for-dji-flycart\/#breadcrumb\"},\"inLanguage\":\"fr-BE\",\"potentialAction\":[{\"@type\":\"ReadAction\",\"target\":[\"https:\/\/koningdrone.be\/product\/dji-rc-plus-for-dji-flycart\/\"]}]},{\"@type\":\"ImageObject\",\"inLanguage\":\"fr-BE\",\"@id\":\"https:\/\/koningdrone.be\/product\/dji-rc-plus-for-dji-flycart\/#primaryimage\",\"url\":\"https:\/\/koningdrone.be\/wp-content\/uploads\/sites\/13\/2025\/04\/DJI-RC-Plus-for-DJI-Flycart.webp\",\"contentUrl\":\"https:\/\/koningdrone.be\/wp-content\/uploads\/sites\/13\/2025\/04\/DJI-RC-Plus-for-DJI-Flycart.webp\",\"width\":720,\"height\":720},{\"@type\":\"BreadcrumbList\",\"@id\":\"https:\/\/koningdrone.be\/product\/dji-rc-plus-for-dji-flycart\/#breadcrumb\",\"itemListElement\":[{\"@type\":\"ListItem\",\"position\":1,\"name\":\"Home\",\"item\":\"https:\/\/koningdrone.be\/\"},{\"@type\":\"ListItem\",\"position\":2,\"name\":\"AVSS Parachute Recovery System for DJI Matrice 300\/350\",\"item\":\"https:\/\/koningdrone.be\/product\/avss-parachute-recovery-system-for-dji-matrice-300-350\/\"},{\"@type\":\"ListItem\",\"position\":3,\"name\":\"Alle afstandsbedieningen\",\"item\":\"https:\/\/koningdrone.be\/categorie\/alle-afstandsbedieningen\/\"},{\"@type\":\"ListItem\",\"position\":4,\"name\":\"DJI RC Plus for DJI Flycart\"}]},{\"@type\":\"WebSite\",\"@id\":\"https:\/\/koningdrone.be\/#website\",\"url\":\"https:\/\/koningdrone.be\/\",\"name\":\"Koningdrone.be - Uw online specialist in drones, gimbals, camera's en power stations.\",\"description\":\"De webshop in drones en gimbals\",\"publisher\":{\"@id\":\"https:\/\/koningdrone.be\/#organization\"},\"potentialAction\":[{\"@type\":\"SearchAction\",\"target\":{\"@type\":\"EntryPoint\",\"urlTemplate\":\"https:\/\/koningdrone.be\/?s={search_term_string}\"},\"query-input\":{\"@type\":\"PropertyValueSpecification\",\"valueRequired\":true,\"valueName\":\"search_term_string\"}}],\"inLanguage\":\"fr-BE\"},{\"@type\":\"Organization\",\"@id\":\"https:\/\/koningdrone.be\/#organization\",\"name\":\"Koningdrone.be\",\"url\":\"https:\/\/koningdrone.be\/\",\"logo\":{\"@type\":\"ImageObject\",\"inLanguage\":\"fr-BE\",\"@id\":\"https:\/\/koningdrone.be\/#\/schema\/logo\/image\/\",\"url\":\"https:\/\/koningdrone.be\/wp-content\/uploads\/sites\/13\/2025\/04\/koningdrone-copyright-logo.svg\",\"contentUrl\":\"https:\/\/koningdrone.be\/wp-content\/uploads\/sites\/13\/2025\/04\/koningdrone-copyright-logo.svg\",\"width\":227,\"height\":38,\"caption\":\"Koningdrone.be\"},\"image\":{\"@id\":\"https:\/\/koningdrone.be\/#\/schema\/logo\/image\/\"}}]}<\/script>\n<!-- \/ Yoast SEO Premium plugin. -->","yoast_head_json":{"title":"DJI RC Plus for DJI Flycart - koningdrone.be","robots":{"index":"index","follow":"follow","max-snippet":"max-snippet:-1","max-image-preview":"max-image-preview:large","max-video-preview":"max-video-preview:-1"},"canonical":"https:\/\/koningdrone.be\/fr\/produit\/dji-rc-plus-for-dji-flycart\/","og_locale":"fr_FR","og_type":"article","og_title":"DJI RC Plus for DJI Flycart","og_description":"7-inch scherm met een helderheid van 1200 cd\/m\u00b2 voor optimale zichtbaarheid  Water- en stofdicht (IP54) voor gebruik onder zware omstandigheden  Dual control-optie om eenvoudig de besturing over te dragen  DJI Pilot 2 app met AR-projectie en stabilisatiefuncties  Ondersteunt WB37 batterij en hot-swapping tijdens de vlucht  Aansluitingen voor Micro SD, USB, HDMI en USB-C","og_url":"https:\/\/koningdrone.be\/fr\/produit\/dji-rc-plus-for-dji-flycart\/","og_site_name":"koningdrone.be","article_modified_time":"2026-04-29T02:21:08+00:00","og_image":[{"width":720,"height":720,"url":"https:\/\/koningdrone.be\/wp-content\/uploads\/sites\/13\/2025\/04\/DJI-RC-Plus-for-DJI-Flycart.webp","type":"image\/webp"}],"twitter_card":"summary_large_image","twitter_misc":{"Dur\u00e9e de lecture est.":"1 minute"},"schema":{"@context":"https:\/\/schema.org","@graph":[{"@type":"WebPage","@id":"https:\/\/koningdrone.be\/product\/dji-rc-plus-for-dji-flycart\/","url":"https:\/\/koningdrone.be\/product\/dji-rc-plus-for-dji-flycart\/","name":"DJI RC Plus for DJI Flycart - koningdrone.be","isPartOf":{"@id":"https:\/\/koningdrone.be\/#website"},"primaryImageOfPage":{"@id":"https:\/\/koningdrone.be\/product\/dji-rc-plus-for-dji-flycart\/#primaryimage"},"image":{"@id":"https:\/\/koningdrone.be\/product\/dji-rc-plus-for-dji-flycart\/#primaryimage"},"thumbnailUrl":"https:\/\/koningdrone.be\/wp-content\/uploads\/sites\/13\/2025\/04\/DJI-RC-Plus-for-DJI-Flycart.webp","datePublished":"2024-07-24T15:44:19+00:00","dateModified":"2026-04-29T02:21:08+00:00","breadcrumb":{"@id":"https:\/\/koningdrone.be\/product\/dji-rc-plus-for-dji-flycart\/#breadcrumb"},"inLanguage":"fr-BE","potentialAction":[{"@type":"ReadAction","target":["https:\/\/koningdrone.be\/product\/dji-rc-plus-for-dji-flycart\/"]}]},{"@type":"ImageObject","inLanguage":"fr-BE","@id":"https:\/\/koningdrone.be\/product\/dji-rc-plus-for-dji-flycart\/#primaryimage","url":"https:\/\/koningdrone.be\/wp-content\/uploads\/sites\/13\/2025\/04\/DJI-RC-Plus-for-DJI-Flycart.webp","contentUrl":"https:\/\/koningdrone.be\/wp-content\/uploads\/sites\/13\/2025\/04\/DJI-RC-Plus-for-DJI-Flycart.webp","width":720,"height":720},{"@type":"BreadcrumbList","@id":"https:\/\/koningdrone.be\/product\/dji-rc-plus-for-dji-flycart\/#breadcrumb","itemListElement":[{"@type":"ListItem","position":1,"name":"Home","item":"https:\/\/koningdrone.be\/"},{"@type":"ListItem","position":2,"name":"AVSS Parachute Recovery System for DJI Matrice 300\/350","item":"https:\/\/koningdrone.be\/product\/avss-parachute-recovery-system-for-dji-matrice-300-350\/"},{"@type":"ListItem","position":3,"name":"Alle afstandsbedieningen","item":"https:\/\/koningdrone.be\/categorie\/alle-afstandsbedieningen\/"},{"@type":"ListItem","position":4,"name":"DJI RC Plus for DJI Flycart"}]},{"@type":"WebSite","@id":"https:\/\/koningdrone.be\/#website","url":"https:\/\/koningdrone.be\/","name":"Koningdrone.be - Votre sp\u00e9cialiste en ligne en mati\u00e8re de drones, de cardans, de cam\u00e9ras et de centrales \u00e9lectriques.","description":"La boutique en ligne de drones et de cardans","publisher":{"@id":"https:\/\/koningdrone.be\/#organization"},"potentialAction":[{"@type":"SearchAction","target":{"@type":"EntryPoint","urlTemplate":"https:\/\/koningdrone.be\/?s={search_term_string}"},"query-input":{"@type":"PropertyValueSpecification","valueRequired":true,"valueName":"search_term_string"}}],"inLanguage":"fr-BE"},{"@type":"Organization","@id":"https:\/\/koningdrone.be\/#organization","name":"Kingdrone.co.uk","url":"https:\/\/koningdrone.be\/","logo":{"@type":"ImageObject","inLanguage":"fr-BE","@id":"https:\/\/koningdrone.be\/#\/schema\/logo\/image\/","url":"https:\/\/koningdrone.be\/wp-content\/uploads\/sites\/13\/2025\/04\/koningdrone-copyright-logo.svg","contentUrl":"https:\/\/koningdrone.be\/wp-content\/uploads\/sites\/13\/2025\/04\/koningdrone-copyright-logo.svg","width":227,"height":38,"caption":"Koningdrone.be"},"image":{"@id":"https:\/\/koningdrone.be\/#\/schema\/logo\/image\/"}}]}},"df_price":1525,"df_sale_price":"","df_regular_price":1525,"df_image_link":"https:\/\/koningdrone.be\/wp-content\/uploads\/sites\/13\/2025\/04\/DJI-RC-Plus-for-DJI-Flycart-300x300.webp","_links":{"self":[{"href":"https:\/\/koningdrone.be\/fr\/wp-json\/wp\/v2\/product\/3533","targetHints":{"allow":["GET"]}}],"collection":[{"href":"https:\/\/koningdrone.be\/fr\/wp-json\/wp\/v2\/product"}],"about":[{"href":"https:\/\/koningdrone.be\/fr\/wp-json\/wp\/v2\/types\/product"}],"wp:featuredmedia":[{"embeddable":true,"href":"https:\/\/koningdrone.be\/fr\/wp-json\/wp\/v2\/media\/3531"}],"wp:attachment":[{"href":"https:\/\/koningdrone.be\/fr\/wp-json\/wp\/v2\/media?parent=3533"}],"wp:term":[{"taxonomy":"product_brand","embeddable":true,"href":"https:\/\/koningdrone.be\/fr\/wp-json\/wp\/v2\/product_brand?post=3533"},{"taxonomy":"product_cat","embeddable":true,"href":"https:\/\/koningdrone.be\/fr\/wp-json\/wp\/v2\/product_cat?post=3533"},{"taxonomy":"product_tag","embeddable":true,"href":"https:\/\/koningdrone.be\/fr\/wp-json\/wp\/v2\/product_tag?post=3533"}],"curies":[{"name":"wp","href":"https:\/\/api.w.org\/{rel}","templated":true}]}}