{"id":3530,"date":"2024-07-25T15:55:37","date_gmt":"2024-07-25T15:55:37","guid":{"rendered":"https:\/\/koningdrone.nl\/kon\/product\/dji-mavic-3-battery-bundle-hub\/"},"modified":"2025-04-29T11:51:49","modified_gmt":"2025-04-29T11:51:49","slug":"dji-mavic-3-battery-bundle-hub","status":"publish","type":"product","link":"https:\/\/koningdrone.be\/fr\/produit\/dji-mavic-3-battery-bundle-hub\/","title":{"rendered":"DJI Mavic 3 Battery Bundle + Charging Hub"},"content":{"rendered":"<p>Optimisez la charge de vos batteries DJI Mavic gr\u00e2ce au hub de charge avanc\u00e9. Con\u00e7u pour les batteries DJI Mavic 3 Pro, Mavic 3 Classic, Mavic 3 Cine, Mavic 3, Mavic 3 Thermal et Mavic 3 Enterprise, ce concentrateur de charge offre un moyen rapide, efficace et s\u00fbr de charger jusqu'\u00e0 quatre batteries simultan\u00e9ment. Gr\u00e2ce \u00e0 l'\u00e9cran LCD clair, vous avez toujours une visibilit\u00e9 en temps r\u00e9el de l'\u00e9tat de charge, de la capacit\u00e9 de la batterie et plus encore, pour une tranquillit\u00e9 d'esprit absolue pendant vos vols en drone.<\/p>\n<p><strong>Il est recommand\u00e9 d'utiliser le chargeur USB-C 65W de DJI ou un autre chargeur prenant en charge la charge rapide USB.<\/strong><\/p>","protected":false},"excerpt":{"rendered":"<ul>\n<li><strong>Set complet pour DJI Mavic Series :<\/strong> Comprend quatre batteries 5000mAh et un hub de chargement, compatible avec les drones Mavic 3 Pro, Mavic 3 Classic, Mavic 3 Cine et Mavic 3.<\/li>\n<li><strong>Chargement rapide et efficace :<\/strong> Chargez jusqu'\u00e0 quatre batteries cons\u00e9cutivement avec le hub de charge avanc\u00e9. Chargez compl\u00e8tement une batterie en seulement 75 minutes avec le chargeur USB-C 65 W recommand\u00e9.<\/li>\n<li><strong>\u00c9cran LCD avanc\u00e9 :<\/strong> Surveillez les donn\u00e9es en temps r\u00e9el telles que la tension, le courant, la puissance, le temps de charge, la capacit\u00e9, la temp\u00e9rature et la progression de la charge pour chaque batterie.<\/li>\n<li><strong>Fonctionnement convivial :<\/strong> Basculez facilement entre le mode de charge compl\u00e8te et le mode de stockage, pour que vos batteries restent toujours dans un \u00e9tat optimal sans risque d'endommagement.<\/li>\n<li><strong>Parfait pour Underway :<\/strong> Le concentrateur de charge compact et les batteries se rangent facilement dans tous les sacs de rangement et les sacs \u00e0 dos pour drones, de sorte que vous \u00eates pr\u00eat \u00e0 l'action o\u00f9 que vous soyez.<\/li>\n<li><strong>Protection de la charge intelligente :<\/strong> Le concentrateur prot\u00e8ge vos batteries gr\u00e2ce \u00e0 une fonction intelligente de courant de maintien qui abaisse la temp\u00e9rature de charge et assure une saturation compl\u00e8te, prolongeant ainsi la dur\u00e9e de vie de la batterie.<\/li>\n<\/ul>","protected":false},"featured_media":3528,"template":"","meta":{"_acf_changed":false},"product_brand":[],"product_cat":[113,111,97,673,137,165,138],"product_tag":[],"class_list":{"0":"post-3530","1":"product","2":"type-product","3":"status-publish","4":"has-post-thumbnail","6":"product_cat-alle-batterijen","7":"product_cat-alle-opladers","8":"product_cat-alle-producten","9":"product_cat-batterijen","10":"product_cat-dji-mavic-3","11":"product_cat-dji-mavic-3-enterprise","12":"product_cat-dji-mavic-3-pro","13":"pa_brand-dji","14":"pa_productfamily-batterij","15":"pa_producttype-batterij","16":"pa_series-dji-mavic-3-pro","17":"pa_series-mavic-3","18":"pa_series-mavic-3-enterprise","19":"pa_series-mavic-3-pro","21":"first","22":"outofstock","23":"sale","24":"taxable","25":"shipping-taxable","26":"purchasable","27":"product-type-simple"},"acf":[],"yoast_head":"<!-- This site is optimized with the Yoast SEO Premium plugin v27.2 (Yoast SEO v27.2) - https:\/\/yoast.com\/product\/yoast-seo-premium-wordpress\/ -->\n<title>DJI Mavic 3 Battery Bundle + Oplaadhub - koningdrone.be<\/title>\n<meta name=\"robots\" content=\"index, follow, max-snippet:-1, max-image-preview:large, max-video-preview:-1\" \/>\n<link rel=\"canonical\" href=\"https:\/\/koningdrone.be\/fr\/produit\/dji-mavic-3-battery-bundle-hub\/\" \/>\n<meta property=\"og:locale\" content=\"fr_FR\" \/>\n<meta property=\"og:type\" content=\"article\" \/>\n<meta property=\"og:title\" content=\"DJI Mavic 3 Battery Bundle + Oplaadhub\" \/>\n<meta property=\"og:description\" content=\"Complete Set voor DJI Mavic Series: Inclusief vier 5000mAh batterijen en een oplaadhub, compatibel met Mavic 3 Pro, Mavic 3 Classic, Mavic 3 Cine en Mavic 3 drones.  Snel en Effici\u00ebnt Opladen: Laad tot vier batterijen achter elkaar op met de geavanceerde oplaadhub. Volledig opladen van \u00e9\u00e9n batterij in slechts 75 minuten met de aanbevolen 65W USB-C oplader.  Geavanceerd LCD-Scherm: Houd real-time gegevens in de gaten, zoals spanning, stroom, vermogen, oplaadtijd, capaciteit, temperatuur en laadvoortgang voor elke batterij.  Gebruiksvriendelijke Bediening: Schakel eenvoudig tussen volledig opladen en opslagmodus, zodat je batterijen altijd in optimale conditie blijven zonder risico op schade.  Perfect voor Onderweg: De compacte oplaadhub en batterijen passen gemakkelijk in alle drone-opbergtassen en rugzakken, zodat je overal klaar bent voor actie.  Slimme Oplaadbeveiliging: De hub beschermt je batterijen met een intelligente trickle current functie die de oplaadtemperatuur verlaagt en zorgt voor volledige saturatie, wat de levensduur van de batterijen verlengt.\" \/>\n<meta property=\"og:url\" content=\"https:\/\/koningdrone.be\/fr\/produit\/dji-mavic-3-battery-bundle-hub\/\" \/>\n<meta property=\"og:site_name\" content=\"koningdrone.be\" \/>\n<meta property=\"article:modified_time\" content=\"2025-04-29T11:51:49+00:00\" \/>\n<meta property=\"og:image\" content=\"https:\/\/koningdrone.be\/wp-content\/uploads\/sites\/13\/2025\/04\/m3-hub-3.webp\" \/>\n\t<meta property=\"og:image:width\" content=\"750\" \/>\n\t<meta property=\"og:image:height\" content=\"750\" \/>\n\t<meta property=\"og:image:type\" content=\"image\/webp\" \/>\n<meta name=\"twitter:card\" content=\"summary_large_image\" \/>\n<script type=\"application\/ld+json\" class=\"yoast-schema-graph\">{\"@context\":\"https:\/\/schema.org\",\"@graph\":[{\"@type\":\"WebPage\",\"@id\":\"https:\/\/koningdrone.be\/fr\/produit\/dji-mavic-3-battery-bundle-hub\/\",\"url\":\"https:\/\/koningdrone.be\/fr\/produit\/dji-mavic-3-battery-bundle-hub\/\",\"name\":\"DJI Mavic 3 Battery Bundle + Oplaadhub - koningdrone.be\",\"isPartOf\":{\"@id\":\"https:\/\/koningdrone.be\/#website\"},\"primaryImageOfPage\":{\"@id\":\"https:\/\/koningdrone.be\/fr\/produit\/dji-mavic-3-battery-bundle-hub\/#primaryimage\"},\"image\":{\"@id\":\"https:\/\/koningdrone.be\/fr\/produit\/dji-mavic-3-battery-bundle-hub\/#primaryimage\"},\"thumbnailUrl\":\"https:\/\/koningdrone.be\/wp-content\/uploads\/sites\/13\/2025\/04\/m3-hub-3.webp\",\"datePublished\":\"2024-07-25T15:55:37+00:00\",\"dateModified\":\"2025-04-29T11:51:49+00:00\",\"breadcrumb\":{\"@id\":\"https:\/\/koningdrone.be\/fr\/produit\/dji-mavic-3-battery-bundle-hub\/#breadcrumb\"},\"inLanguage\":\"fr-BE\",\"potentialAction\":[{\"@type\":\"ReadAction\",\"target\":[\"https:\/\/koningdrone.be\/fr\/produit\/dji-mavic-3-battery-bundle-hub\/\"]}]},{\"@type\":\"ImageObject\",\"inLanguage\":\"fr-BE\",\"@id\":\"https:\/\/koningdrone.be\/fr\/produit\/dji-mavic-3-battery-bundle-hub\/#primaryimage\",\"url\":\"https:\/\/koningdrone.be\/wp-content\/uploads\/sites\/13\/2025\/04\/m3-hub-3.webp\",\"contentUrl\":\"https:\/\/koningdrone.be\/wp-content\/uploads\/sites\/13\/2025\/04\/m3-hub-3.webp\",\"width\":750,\"height\":750},{\"@type\":\"BreadcrumbList\",\"@id\":\"https:\/\/koningdrone.be\/fr\/produit\/dji-mavic-3-battery-bundle-hub\/#breadcrumb\",\"itemListElement\":[{\"@type\":\"ListItem\",\"position\":1,\"name\":\"Home\",\"item\":\"https:\/\/koningdrone.be\/\"},{\"@type\":\"ListItem\",\"position\":2,\"name\":\"AVSS Parachute Recovery System for DJI Matrice 300\/350\",\"item\":\"https:\/\/koningdrone.be\/product\/avss-parachute-recovery-system-for-dji-matrice-300-350\/\"},{\"@type\":\"ListItem\",\"position\":3,\"name\":\"Alle batterijen\",\"item\":\"https:\/\/koningdrone.be\/categorie\/alle-batterijen\/\"},{\"@type\":\"ListItem\",\"position\":4,\"name\":\"DJI Mavic 3 Battery Bundle + Oplaadhub\"}]},{\"@type\":\"WebSite\",\"@id\":\"https:\/\/koningdrone.be\/#website\",\"url\":\"https:\/\/koningdrone.be\/\",\"name\":\"Koningdrone.be - Uw online specialist in drones, gimbals, camera's en power stations.\",\"description\":\"De webshop in drones en gimbals\",\"publisher\":{\"@id\":\"https:\/\/koningdrone.be\/#organization\"},\"potentialAction\":[{\"@type\":\"SearchAction\",\"target\":{\"@type\":\"EntryPoint\",\"urlTemplate\":\"https:\/\/koningdrone.be\/?s={search_term_string}\"},\"query-input\":{\"@type\":\"PropertyValueSpecification\",\"valueRequired\":true,\"valueName\":\"search_term_string\"}}],\"inLanguage\":\"fr-BE\"},{\"@type\":\"Organization\",\"@id\":\"https:\/\/koningdrone.be\/#organization\",\"name\":\"Koningdrone.be\",\"url\":\"https:\/\/koningdrone.be\/\",\"logo\":{\"@type\":\"ImageObject\",\"inLanguage\":\"fr-BE\",\"@id\":\"https:\/\/koningdrone.be\/#\/schema\/logo\/image\/\",\"url\":\"https:\/\/koningdrone.be\/wp-content\/uploads\/sites\/13\/2025\/04\/koningdrone-copyright-logo.svg\",\"contentUrl\":\"https:\/\/koningdrone.be\/wp-content\/uploads\/sites\/13\/2025\/04\/koningdrone-copyright-logo.svg\",\"width\":227,\"height\":38,\"caption\":\"Koningdrone.be\"},\"image\":{\"@id\":\"https:\/\/koningdrone.be\/#\/schema\/logo\/image\/\"}}]}<\/script>\n<!-- \/ Yoast SEO Premium plugin. -->","yoast_head_json":{"title":"DJI Mavic 3 Battery Bundle + Oplaadhub - koningdrone.be","robots":{"index":"index","follow":"follow","max-snippet":"max-snippet:-1","max-image-preview":"max-image-preview:large","max-video-preview":"max-video-preview:-1"},"canonical":"https:\/\/koningdrone.be\/fr\/produit\/dji-mavic-3-battery-bundle-hub\/","og_locale":"fr_FR","og_type":"article","og_title":"DJI Mavic 3 Battery Bundle + Oplaadhub","og_description":"Complete Set voor DJI Mavic Series: Inclusief vier 5000mAh batterijen en een oplaadhub, compatibel met Mavic 3 Pro, Mavic 3 Classic, Mavic 3 Cine en Mavic 3 drones.  Snel en Effici\u00ebnt Opladen: Laad tot vier batterijen achter elkaar op met de geavanceerde oplaadhub. Volledig opladen van \u00e9\u00e9n batterij in slechts 75 minuten met de aanbevolen 65W USB-C oplader.  Geavanceerd LCD-Scherm: Houd real-time gegevens in de gaten, zoals spanning, stroom, vermogen, oplaadtijd, capaciteit, temperatuur en laadvoortgang voor elke batterij.  Gebruiksvriendelijke Bediening: Schakel eenvoudig tussen volledig opladen en opslagmodus, zodat je batterijen altijd in optimale conditie blijven zonder risico op schade.  Perfect voor Onderweg: De compacte oplaadhub en batterijen passen gemakkelijk in alle drone-opbergtassen en rugzakken, zodat je overal klaar bent voor actie.  Slimme Oplaadbeveiliging: De hub beschermt je batterijen met een intelligente trickle current functie die de oplaadtemperatuur verlaagt en zorgt voor volledige saturatie, wat de levensduur van de batterijen verlengt.","og_url":"https:\/\/koningdrone.be\/fr\/produit\/dji-mavic-3-battery-bundle-hub\/","og_site_name":"koningdrone.be","article_modified_time":"2025-04-29T11:51:49+00:00","og_image":[{"width":750,"height":750,"url":"https:\/\/koningdrone.be\/wp-content\/uploads\/sites\/13\/2025\/04\/m3-hub-3.webp","type":"image\/webp"}],"twitter_card":"summary_large_image","schema":{"@context":"https:\/\/schema.org","@graph":[{"@type":"WebPage","@id":"https:\/\/koningdrone.be\/fr\/produit\/dji-mavic-3-battery-bundle-hub\/","url":"https:\/\/koningdrone.be\/fr\/produit\/dji-mavic-3-battery-bundle-hub\/","name":"DJI Mavic 3 Battery Bundle + Oplaadhub - koningdrone.be","isPartOf":{"@id":"https:\/\/koningdrone.be\/#website"},"primaryImageOfPage":{"@id":"https:\/\/koningdrone.be\/fr\/produit\/dji-mavic-3-battery-bundle-hub\/#primaryimage"},"image":{"@id":"https:\/\/koningdrone.be\/fr\/produit\/dji-mavic-3-battery-bundle-hub\/#primaryimage"},"thumbnailUrl":"https:\/\/koningdrone.be\/wp-content\/uploads\/sites\/13\/2025\/04\/m3-hub-3.webp","datePublished":"2024-07-25T15:55:37+00:00","dateModified":"2025-04-29T11:51:49+00:00","breadcrumb":{"@id":"https:\/\/koningdrone.be\/fr\/produit\/dji-mavic-3-battery-bundle-hub\/#breadcrumb"},"inLanguage":"fr-BE","potentialAction":[{"@type":"ReadAction","target":["https:\/\/koningdrone.be\/fr\/produit\/dji-mavic-3-battery-bundle-hub\/"]}]},{"@type":"ImageObject","inLanguage":"fr-BE","@id":"https:\/\/koningdrone.be\/fr\/produit\/dji-mavic-3-battery-bundle-hub\/#primaryimage","url":"https:\/\/koningdrone.be\/wp-content\/uploads\/sites\/13\/2025\/04\/m3-hub-3.webp","contentUrl":"https:\/\/koningdrone.be\/wp-content\/uploads\/sites\/13\/2025\/04\/m3-hub-3.webp","width":750,"height":750},{"@type":"BreadcrumbList","@id":"https:\/\/koningdrone.be\/fr\/produit\/dji-mavic-3-battery-bundle-hub\/#breadcrumb","itemListElement":[{"@type":"ListItem","position":1,"name":"Home","item":"https:\/\/koningdrone.be\/"},{"@type":"ListItem","position":2,"name":"AVSS Parachute Recovery System for DJI Matrice 300\/350","item":"https:\/\/koningdrone.be\/product\/avss-parachute-recovery-system-for-dji-matrice-300-350\/"},{"@type":"ListItem","position":3,"name":"Alle batterijen","item":"https:\/\/koningdrone.be\/categorie\/alle-batterijen\/"},{"@type":"ListItem","position":4,"name":"DJI Mavic 3 Battery Bundle + Oplaadhub"}]},{"@type":"WebSite","@id":"https:\/\/koningdrone.be\/#website","url":"https:\/\/koningdrone.be\/","name":"Koningdrone.be - Votre sp\u00e9cialiste en ligne en mati\u00e8re de drones, de cardans, de cam\u00e9ras et de centrales \u00e9lectriques.","description":"La boutique en ligne de drones et de cardans","publisher":{"@id":"https:\/\/koningdrone.be\/#organization"},"potentialAction":[{"@type":"SearchAction","target":{"@type":"EntryPoint","urlTemplate":"https:\/\/koningdrone.be\/?s={search_term_string}"},"query-input":{"@type":"PropertyValueSpecification","valueRequired":true,"valueName":"search_term_string"}}],"inLanguage":"fr-BE"},{"@type":"Organization","@id":"https:\/\/koningdrone.be\/#organization","name":"Kingdrone.co.uk","url":"https:\/\/koningdrone.be\/","logo":{"@type":"ImageObject","inLanguage":"fr-BE","@id":"https:\/\/koningdrone.be\/#\/schema\/logo\/image\/","url":"https:\/\/koningdrone.be\/wp-content\/uploads\/sites\/13\/2025\/04\/koningdrone-copyright-logo.svg","contentUrl":"https:\/\/koningdrone.be\/wp-content\/uploads\/sites\/13\/2025\/04\/koningdrone-copyright-logo.svg","width":227,"height":38,"caption":"Koningdrone.be"},"image":{"@id":"https:\/\/koningdrone.be\/#\/schema\/logo\/image\/"}}]}},"df_price":505,"df_sale_price":505,"df_regular_price":538.45,"df_image_link":"https:\/\/koningdrone.be\/wp-content\/uploads\/sites\/13\/2025\/04\/m3-hub-3-300x300.webp","_links":{"self":[{"href":"https:\/\/koningdrone.be\/fr\/wp-json\/wp\/v2\/product\/3530","targetHints":{"allow":["GET"]}}],"collection":[{"href":"https:\/\/koningdrone.be\/fr\/wp-json\/wp\/v2\/product"}],"about":[{"href":"https:\/\/koningdrone.be\/fr\/wp-json\/wp\/v2\/types\/product"}],"wp:featuredmedia":[{"embeddable":true,"href":"https:\/\/koningdrone.be\/fr\/wp-json\/wp\/v2\/media\/3528"}],"wp:attachment":[{"href":"https:\/\/koningdrone.be\/fr\/wp-json\/wp\/v2\/media?parent=3530"}],"wp:term":[{"taxonomy":"product_brand","embeddable":true,"href":"https:\/\/koningdrone.be\/fr\/wp-json\/wp\/v2\/product_brand?post=3530"},{"taxonomy":"product_cat","embeddable":true,"href":"https:\/\/koningdrone.be\/fr\/wp-json\/wp\/v2\/product_cat?post=3530"},{"taxonomy":"product_tag","embeddable":true,"href":"https:\/\/koningdrone.be\/fr\/wp-json\/wp\/v2\/product_tag?post=3530"}],"curies":[{"name":"wp","href":"https:\/\/api.w.org\/{rel}","templated":true}]}}