{"id":3500,"date":"2024-09-05T11:42:19","date_gmt":"2024-09-05T09:42:19","guid":{"rendered":"https:\/\/koningdrone.nl\/kon\/product\/apple-ipad-mini-wifi-cellular-64gb-space-grey\/"},"modified":"2026-04-30T15:50:13","modified_gmt":"2026-04-30T13:50:13","slug":"apple-ipad-mini-wifi-cellular-64gb-space-grey","status":"publish","type":"product","link":"https:\/\/koningdrone.be\/fr\/produit\/apple-ipad-mini-wifi-cellular-64gb-space-grey\/","title":{"rendered":"Apple iPad Mini WiFi + Cellulaire (64GB) - Gris Espace"},"content":{"rendered":"<p>Le nouvel iPad mini. Dot\u00e9 d'un design plein \u00e9cran et d'un \u00e9cran Liquid Retina de 8,3 pouces.1 La puissante puce A15 Bionic avec Neural Engine. Une cam\u00e9ra frontale ultra-large de 12 m\u00e9gapixels avec Centre Stage. La connectivit\u00e9 USB-C. La 5G ultrarapide.2 Prenez des notes, surlignez des documents ou capturez vos plus grandes id\u00e9es avec l'Apple Pencil (2e g\u00e9n\u00e9ration), que vous pouvez fixer magn\u00e9tiquement et recharger sans fil.<\/p>","protected":false},"excerpt":{"rendered":"<ul>\n<li>\u00c9cran Liquid Retina de 8,3 pouces avec True Tone et couleurs \u00e9tendues1<\/li>\n<li><\/li>\n<li>Puce bionique A15 avec moteur neuronal<\/li>\n<li><\/li>\n<li>Touch ID pour une authentification s\u00e9curis\u00e9e et Apple Pay<\/li>\n<li><\/li>\n<li>Cam\u00e9ra arri\u00e8re de 12 Mpixels et cam\u00e9ra frontale ultra-large de 12 Mpixels avec Centre Stage<\/li>\n<\/ul>","protected":false},"featured_media":3496,"template":"","meta":{"_acf_changed":false},"product_brand":[],"product_cat":[660,97],"product_tag":[],"class_list":{"0":"post-3500","1":"product","2":"type-product","3":"status-publish","4":"has-post-thumbnail","6":"product_cat-alle-ipad","7":"product_cat-alle-producten","8":"product_shipping_class-outofstock","9":"pa_brand-apple","10":"pa_productfamily-ipad","11":"pa_producttype-ipad","12":"pa_series-ipad-mini","14":"first","15":"outofstock","16":"taxable","17":"shipping-taxable","18":"purchasable","19":"product-type-simple"},"acf":[],"yoast_head":"<!-- This site is optimized with the Yoast SEO Premium plugin v27.2 (Yoast SEO v27.2) - https:\/\/yoast.com\/product\/yoast-seo-premium-wordpress\/ -->\n<title>Apple iPad Mini WiFi + Cellular (64GB) - Space Grey - koningdrone.be<\/title>\n<meta name=\"robots\" content=\"index, follow, max-snippet:-1, max-image-preview:large, max-video-preview:-1\" \/>\n<link rel=\"canonical\" href=\"https:\/\/koningdrone.be\/fr\/produit\/apple-ipad-mini-wifi-cellular-64gb-space-grey\/\" \/>\n<meta property=\"og:locale\" content=\"fr_FR\" \/>\n<meta property=\"og:type\" content=\"article\" \/>\n<meta property=\"og:title\" content=\"Apple iPad Mini WiFi + Cellular (64GB) - Space Grey\" \/>\n<meta property=\"og:description\" content=\"8,3-inch Liquid Retina-display met True Tone en brede kleuren1A15 Bionic-chip met Neural EngineTouch ID voor veilige verificatie en Apple Pay12MP brede camera aan de achterkant en 12MP ultrabrede camera aan de voorkant met Centre Stage\" \/>\n<meta property=\"og:url\" content=\"https:\/\/koningdrone.be\/fr\/produit\/apple-ipad-mini-wifi-cellular-64gb-space-grey\/\" \/>\n<meta property=\"og:site_name\" content=\"koningdrone.be\" \/>\n<meta property=\"article:modified_time\" content=\"2026-04-30T13:50:13+00:00\" \/>\n<meta property=\"og:image\" content=\"https:\/\/koningdrone.be\/wp-content\/uploads\/sites\/13\/2025\/04\/535983-Product-0-I-637673239979219860.jpg\" \/>\n\t<meta property=\"og:image:width\" content=\"2000\" \/>\n\t<meta property=\"og:image:height\" content=\"2000\" \/>\n\t<meta property=\"og:image:type\" content=\"image\/jpeg\" \/>\n<meta name=\"twitter:card\" content=\"summary_large_image\" \/>\n<script type=\"application\/ld+json\" class=\"yoast-schema-graph\">{\"@context\":\"https:\/\/schema.org\",\"@graph\":[{\"@type\":\"WebPage\",\"@id\":\"https:\/\/koningdrone.be\/product\/apple-ipad-mini-wifi-cellular-64gb-space-grey\/\",\"url\":\"https:\/\/koningdrone.be\/product\/apple-ipad-mini-wifi-cellular-64gb-space-grey\/\",\"name\":\"Apple iPad Mini WiFi + Cellular (64GB) - Space Grey - koningdrone.be\",\"isPartOf\":{\"@id\":\"https:\/\/koningdrone.be\/#website\"},\"primaryImageOfPage\":{\"@id\":\"https:\/\/koningdrone.be\/product\/apple-ipad-mini-wifi-cellular-64gb-space-grey\/#primaryimage\"},\"image\":{\"@id\":\"https:\/\/koningdrone.be\/product\/apple-ipad-mini-wifi-cellular-64gb-space-grey\/#primaryimage\"},\"thumbnailUrl\":\"https:\/\/koningdrone.be\/wp-content\/uploads\/sites\/13\/2025\/04\/535983-Product-0-I-637673239979219860.jpg\",\"datePublished\":\"2024-09-05T09:42:19+00:00\",\"dateModified\":\"2026-04-30T13:50:13+00:00\",\"breadcrumb\":{\"@id\":\"https:\/\/koningdrone.be\/product\/apple-ipad-mini-wifi-cellular-64gb-space-grey\/#breadcrumb\"},\"inLanguage\":\"fr-BE\",\"potentialAction\":[{\"@type\":\"ReadAction\",\"target\":[\"https:\/\/koningdrone.be\/product\/apple-ipad-mini-wifi-cellular-64gb-space-grey\/\"]}]},{\"@type\":\"ImageObject\",\"inLanguage\":\"fr-BE\",\"@id\":\"https:\/\/koningdrone.be\/product\/apple-ipad-mini-wifi-cellular-64gb-space-grey\/#primaryimage\",\"url\":\"https:\/\/koningdrone.be\/wp-content\/uploads\/sites\/13\/2025\/04\/535983-Product-0-I-637673239979219860.jpg\",\"contentUrl\":\"https:\/\/koningdrone.be\/wp-content\/uploads\/sites\/13\/2025\/04\/535983-Product-0-I-637673239979219860.jpg\",\"width\":2000,\"height\":2000},{\"@type\":\"BreadcrumbList\",\"@id\":\"https:\/\/koningdrone.be\/product\/apple-ipad-mini-wifi-cellular-64gb-space-grey\/#breadcrumb\",\"itemListElement\":[{\"@type\":\"ListItem\",\"position\":1,\"name\":\"Home\",\"item\":\"https:\/\/koningdrone.be\/\"},{\"@type\":\"ListItem\",\"position\":2,\"name\":\"AVSS Parachute Recovery System for DJI Matrice 300\/350\",\"item\":\"https:\/\/koningdrone.be\/product\/avss-parachute-recovery-system-for-dji-matrice-300-350\/\"},{\"@type\":\"ListItem\",\"position\":3,\"name\":\"Alle Ipad\",\"item\":\"https:\/\/koningdrone.be\/categorie\/alle-ipad\/\"},{\"@type\":\"ListItem\",\"position\":4,\"name\":\"Apple iPad Mini WiFi + Cellular (64GB) &#8211; Space Grey\"}]},{\"@type\":\"WebSite\",\"@id\":\"https:\/\/koningdrone.be\/#website\",\"url\":\"https:\/\/koningdrone.be\/\",\"name\":\"Koningdrone.be - Uw online specialist in drones, gimbals, camera's en power stations.\",\"description\":\"De webshop in drones en gimbals\",\"publisher\":{\"@id\":\"https:\/\/koningdrone.be\/#organization\"},\"potentialAction\":[{\"@type\":\"SearchAction\",\"target\":{\"@type\":\"EntryPoint\",\"urlTemplate\":\"https:\/\/koningdrone.be\/?s={search_term_string}\"},\"query-input\":{\"@type\":\"PropertyValueSpecification\",\"valueRequired\":true,\"valueName\":\"search_term_string\"}}],\"inLanguage\":\"fr-BE\"},{\"@type\":\"Organization\",\"@id\":\"https:\/\/koningdrone.be\/#organization\",\"name\":\"Koningdrone.be\",\"url\":\"https:\/\/koningdrone.be\/\",\"logo\":{\"@type\":\"ImageObject\",\"inLanguage\":\"fr-BE\",\"@id\":\"https:\/\/koningdrone.be\/#\/schema\/logo\/image\/\",\"url\":\"https:\/\/koningdrone.be\/wp-content\/uploads\/sites\/13\/2025\/04\/koningdrone-copyright-logo.svg\",\"contentUrl\":\"https:\/\/koningdrone.be\/wp-content\/uploads\/sites\/13\/2025\/04\/koningdrone-copyright-logo.svg\",\"width\":227,\"height\":38,\"caption\":\"Koningdrone.be\"},\"image\":{\"@id\":\"https:\/\/koningdrone.be\/#\/schema\/logo\/image\/\"}}]}<\/script>\n<!-- \/ Yoast SEO Premium plugin. -->","yoast_head_json":{"title":"Apple iPad Mini WiFi + Cellular (64GB) - Space Grey - koningdrone.be","robots":{"index":"index","follow":"follow","max-snippet":"max-snippet:-1","max-image-preview":"max-image-preview:large","max-video-preview":"max-video-preview:-1"},"canonical":"https:\/\/koningdrone.be\/fr\/produit\/apple-ipad-mini-wifi-cellular-64gb-space-grey\/","og_locale":"fr_FR","og_type":"article","og_title":"Apple iPad Mini WiFi + Cellular (64GB) - Space Grey","og_description":"8,3-inch Liquid Retina-display met True Tone en brede kleuren1A15 Bionic-chip met Neural EngineTouch ID voor veilige verificatie en Apple Pay12MP brede camera aan de achterkant en 12MP ultrabrede camera aan de voorkant met Centre Stage","og_url":"https:\/\/koningdrone.be\/fr\/produit\/apple-ipad-mini-wifi-cellular-64gb-space-grey\/","og_site_name":"koningdrone.be","article_modified_time":"2026-04-30T13:50:13+00:00","og_image":[{"width":2000,"height":2000,"url":"https:\/\/koningdrone.be\/wp-content\/uploads\/sites\/13\/2025\/04\/535983-Product-0-I-637673239979219860.jpg","type":"image\/jpeg"}],"twitter_card":"summary_large_image","schema":{"@context":"https:\/\/schema.org","@graph":[{"@type":"WebPage","@id":"https:\/\/koningdrone.be\/product\/apple-ipad-mini-wifi-cellular-64gb-space-grey\/","url":"https:\/\/koningdrone.be\/product\/apple-ipad-mini-wifi-cellular-64gb-space-grey\/","name":"Apple iPad Mini WiFi + Cellular (64GB) - Space Grey - koningdrone.be","isPartOf":{"@id":"https:\/\/koningdrone.be\/#website"},"primaryImageOfPage":{"@id":"https:\/\/koningdrone.be\/product\/apple-ipad-mini-wifi-cellular-64gb-space-grey\/#primaryimage"},"image":{"@id":"https:\/\/koningdrone.be\/product\/apple-ipad-mini-wifi-cellular-64gb-space-grey\/#primaryimage"},"thumbnailUrl":"https:\/\/koningdrone.be\/wp-content\/uploads\/sites\/13\/2025\/04\/535983-Product-0-I-637673239979219860.jpg","datePublished":"2024-09-05T09:42:19+00:00","dateModified":"2026-04-30T13:50:13+00:00","breadcrumb":{"@id":"https:\/\/koningdrone.be\/product\/apple-ipad-mini-wifi-cellular-64gb-space-grey\/#breadcrumb"},"inLanguage":"fr-BE","potentialAction":[{"@type":"ReadAction","target":["https:\/\/koningdrone.be\/product\/apple-ipad-mini-wifi-cellular-64gb-space-grey\/"]}]},{"@type":"ImageObject","inLanguage":"fr-BE","@id":"https:\/\/koningdrone.be\/product\/apple-ipad-mini-wifi-cellular-64gb-space-grey\/#primaryimage","url":"https:\/\/koningdrone.be\/wp-content\/uploads\/sites\/13\/2025\/04\/535983-Product-0-I-637673239979219860.jpg","contentUrl":"https:\/\/koningdrone.be\/wp-content\/uploads\/sites\/13\/2025\/04\/535983-Product-0-I-637673239979219860.jpg","width":2000,"height":2000},{"@type":"BreadcrumbList","@id":"https:\/\/koningdrone.be\/product\/apple-ipad-mini-wifi-cellular-64gb-space-grey\/#breadcrumb","itemListElement":[{"@type":"ListItem","position":1,"name":"Home","item":"https:\/\/koningdrone.be\/"},{"@type":"ListItem","position":2,"name":"AVSS Parachute Recovery System for DJI Matrice 300\/350","item":"https:\/\/koningdrone.be\/product\/avss-parachute-recovery-system-for-dji-matrice-300-350\/"},{"@type":"ListItem","position":3,"name":"Alle Ipad","item":"https:\/\/koningdrone.be\/categorie\/alle-ipad\/"},{"@type":"ListItem","position":4,"name":"Apple iPad Mini WiFi + Cellular (64GB) &#8211; Space Grey"}]},{"@type":"WebSite","@id":"https:\/\/koningdrone.be\/#website","url":"https:\/\/koningdrone.be\/","name":"Koningdrone.be - Votre sp\u00e9cialiste en ligne en mati\u00e8re de drones, de cardans, de cam\u00e9ras et de centrales \u00e9lectriques.","description":"La boutique en ligne de drones et de cardans","publisher":{"@id":"https:\/\/koningdrone.be\/#organization"},"potentialAction":[{"@type":"SearchAction","target":{"@type":"EntryPoint","urlTemplate":"https:\/\/koningdrone.be\/?s={search_term_string}"},"query-input":{"@type":"PropertyValueSpecification","valueRequired":true,"valueName":"search_term_string"}}],"inLanguage":"fr-BE"},{"@type":"Organization","@id":"https:\/\/koningdrone.be\/#organization","name":"Kingdrone.co.uk","url":"https:\/\/koningdrone.be\/","logo":{"@type":"ImageObject","inLanguage":"fr-BE","@id":"https:\/\/koningdrone.be\/#\/schema\/logo\/image\/","url":"https:\/\/koningdrone.be\/wp-content\/uploads\/sites\/13\/2025\/04\/koningdrone-copyright-logo.svg","contentUrl":"https:\/\/koningdrone.be\/wp-content\/uploads\/sites\/13\/2025\/04\/koningdrone-copyright-logo.svg","width":227,"height":38,"caption":"Koningdrone.be"},"image":{"@id":"https:\/\/koningdrone.be\/#\/schema\/logo\/image\/"}}]}},"df_price":899.01,"df_sale_price":"","df_regular_price":899.01,"df_image_link":"https:\/\/koningdrone.be\/wp-content\/uploads\/sites\/13\/2025\/04\/535983-Product-0-I-637673239979219860-300x300.jpg","_links":{"self":[{"href":"https:\/\/koningdrone.be\/fr\/wp-json\/wp\/v2\/product\/3500","targetHints":{"allow":["GET"]}}],"collection":[{"href":"https:\/\/koningdrone.be\/fr\/wp-json\/wp\/v2\/product"}],"about":[{"href":"https:\/\/koningdrone.be\/fr\/wp-json\/wp\/v2\/types\/product"}],"wp:featuredmedia":[{"embeddable":true,"href":"https:\/\/koningdrone.be\/fr\/wp-json\/wp\/v2\/media\/3496"}],"wp:attachment":[{"href":"https:\/\/koningdrone.be\/fr\/wp-json\/wp\/v2\/media?parent=3500"}],"wp:term":[{"taxonomy":"product_brand","embeddable":true,"href":"https:\/\/koningdrone.be\/fr\/wp-json\/wp\/v2\/product_brand?post=3500"},{"taxonomy":"product_cat","embeddable":true,"href":"https:\/\/koningdrone.be\/fr\/wp-json\/wp\/v2\/product_cat?post=3500"},{"taxonomy":"product_tag","embeddable":true,"href":"https:\/\/koningdrone.be\/fr\/wp-json\/wp\/v2\/product_tag?post=3500"}],"curies":[{"name":"wp","href":"https:\/\/api.w.org\/{rel}","templated":true}]}}