{"id":3462,"date":"2024-09-05T11:42:19","date_gmt":"2024-09-05T09:42:19","guid":{"rendered":"https:\/\/koningdrone.nl\/kon\/product\/dji-transmission-high-bright-monitor-combo\/"},"modified":"2026-04-29T15:40:42","modified_gmt":"2026-04-29T13:40:42","slug":"dji-transmission-high-bright-monitor-combo","status":"publish","type":"product","link":"https:\/\/koningdrone.be\/fr\/produit\/dji-transmission-high-bright-monitor-combo\/","title":{"rendered":"DJI Transmission Moniteur haute luminosit\u00e9 Combo"},"content":{"rendered":"<p>Transmettez des vid\u00e9os haute d\u00e9finition \u00e0 plus de 3 miles (en ligne de mire) de votre drone ou de votre cardan DJI \u00e0 des fins de surveillance gr\u00e2ce \u00e0 ce combo de transmission avec moniteur haute luminosit\u00e9 de DJI. Le combo se compose d'un \u00e9metteur et d'un moniteur\/r\u00e9cepteur qui transmet des vid\u00e9os jusqu'\u00e0 1080p60 \u00e0 l'aide de la technologie de transmission O3 Pro hautement efficace sur les fr\u00e9quences Wi-Fi 2,4 et 5 GHz. Des antennes \u00e0 gain \u00e9lev\u00e9 peuvent \u00eatre achet\u00e9es en option pour am\u00e9liorer la qualit\u00e9 du signal et la distance. Le moniteur tr\u00e8s lumineux offre une luminosit\u00e9 de 1500 cd\/m\u00b2, une r\u00e9solution de 1920 x 1200 et un \u00e9cran tactile.<\/p>","protected":false},"excerpt":{"rendered":"<ul>\n<li>Transmission \u00e0 20 000 pieds 1080p\/60fps <\/li>\n<li>Saut de fr\u00e9quence automatique et sans faille <\/li>\n<li>Temps de latence ultra-faible de bout en bout <\/li>\n<li>R\u00e9cepteur sans fil int\u00e9gr\u00e9 <\/li>\n<li>Contr\u00f4le du cardan, de la mise au point et de la cam\u00e9ra <\/li>\n<li>Enregistrement et lecture ind\u00e9pendants<\/li>\n<\/ul>","protected":false},"featured_media":3456,"template":"","meta":{"_acf_changed":false},"product_brand":[],"product_cat":[651,97],"product_tag":[],"class_list":{"0":"post-3462","1":"product","2":"type-product","3":"status-publish","4":"has-post-thumbnail","6":"product_cat-alle-monitoren","7":"product_cat-alle-producten","8":"product_shipping_class-outofstock","9":"pa_brand-dji","10":"pa_productfamily-video-overdrachtsysteem","11":"pa_producttype-video-overdrachtsysteem","12":"pa_series-transmission","14":"first","15":"outofstock","16":"taxable","17":"shipping-taxable","18":"purchasable","19":"product-type-simple"},"acf":[],"yoast_head":"<!-- This site is optimized with the Yoast SEO Premium plugin v27.2 (Yoast SEO v27.2) - https:\/\/yoast.com\/product\/yoast-seo-premium-wordpress\/ -->\n<title>DJI Transmission High-bright monitor Combo - koningdrone.be<\/title>\n<meta name=\"robots\" content=\"index, follow, max-snippet:-1, max-image-preview:large, max-video-preview:-1\" \/>\n<link rel=\"canonical\" href=\"https:\/\/koningdrone.be\/fr\/produit\/dji-transmission-high-bright-monitor-combo\/\" \/>\n<meta property=\"og:locale\" content=\"fr_FR\" \/>\n<meta property=\"og:type\" content=\"article\" \/>\n<meta property=\"og:title\" content=\"DJI Transmission High-bright monitor Combo\" \/>\n<meta property=\"og:description\" content=\"20.000ft 1080p\/60fps transmissie Naadloze automatische frequentieshopping End-to-end ultra-lage latentie Ge\u00efntegreerde draadloze ontvanger Gimbal\/Focus\/Camera bediening Onafhankelijk opnemen en afspelen\" \/>\n<meta property=\"og:url\" content=\"https:\/\/koningdrone.be\/fr\/produit\/dji-transmission-high-bright-monitor-combo\/\" \/>\n<meta property=\"og:site_name\" content=\"koningdrone.be\" \/>\n<meta property=\"article:modified_time\" content=\"2026-04-29T13:40:42+00:00\" \/>\n<meta property=\"og:image\" content=\"https:\/\/koningdrone.be\/wp-content\/uploads\/sites\/13\/2025\/04\/d943036c7102002835e881df633863a8@ultra.jpg\" \/>\n\t<meta property=\"og:image:width\" content=\"1280\" \/>\n\t<meta property=\"og:image:height\" content=\"1280\" \/>\n\t<meta property=\"og:image:type\" content=\"image\/jpeg\" \/>\n<meta name=\"twitter:card\" content=\"summary_large_image\" \/>\n<script type=\"application\/ld+json\" class=\"yoast-schema-graph\">{\"@context\":\"https:\/\/schema.org\",\"@graph\":[{\"@type\":\"WebPage\",\"@id\":\"https:\/\/koningdrone.be\/product\/dji-transmission-high-bright-monitor-combo\/\",\"url\":\"https:\/\/koningdrone.be\/product\/dji-transmission-high-bright-monitor-combo\/\",\"name\":\"DJI Transmission High-bright monitor Combo - koningdrone.be\",\"isPartOf\":{\"@id\":\"https:\/\/koningdrone.be\/#website\"},\"primaryImageOfPage\":{\"@id\":\"https:\/\/koningdrone.be\/product\/dji-transmission-high-bright-monitor-combo\/#primaryimage\"},\"image\":{\"@id\":\"https:\/\/koningdrone.be\/product\/dji-transmission-high-bright-monitor-combo\/#primaryimage\"},\"thumbnailUrl\":\"https:\/\/koningdrone.be\/wp-content\/uploads\/sites\/13\/2025\/04\/d943036c7102002835e881df633863a8@ultra.jpg\",\"datePublished\":\"2024-09-05T09:42:19+00:00\",\"dateModified\":\"2026-04-29T13:40:42+00:00\",\"breadcrumb\":{\"@id\":\"https:\/\/koningdrone.be\/product\/dji-transmission-high-bright-monitor-combo\/#breadcrumb\"},\"inLanguage\":\"fr-BE\",\"potentialAction\":[{\"@type\":\"ReadAction\",\"target\":[\"https:\/\/koningdrone.be\/product\/dji-transmission-high-bright-monitor-combo\/\"]}]},{\"@type\":\"ImageObject\",\"inLanguage\":\"fr-BE\",\"@id\":\"https:\/\/koningdrone.be\/product\/dji-transmission-high-bright-monitor-combo\/#primaryimage\",\"url\":\"https:\/\/koningdrone.be\/wp-content\/uploads\/sites\/13\/2025\/04\/d943036c7102002835e881df633863a8@ultra.jpg\",\"contentUrl\":\"https:\/\/koningdrone.be\/wp-content\/uploads\/sites\/13\/2025\/04\/d943036c7102002835e881df633863a8@ultra.jpg\",\"width\":1280,\"height\":1280},{\"@type\":\"BreadcrumbList\",\"@id\":\"https:\/\/koningdrone.be\/product\/dji-transmission-high-bright-monitor-combo\/#breadcrumb\",\"itemListElement\":[{\"@type\":\"ListItem\",\"position\":1,\"name\":\"Home\",\"item\":\"https:\/\/koningdrone.be\/\"},{\"@type\":\"ListItem\",\"position\":2,\"name\":\"AVSS Parachute Recovery System for DJI Matrice 300\/350\",\"item\":\"https:\/\/koningdrone.be\/product\/avss-parachute-recovery-system-for-dji-matrice-300-350\/\"},{\"@type\":\"ListItem\",\"position\":3,\"name\":\"Alle monitoren\",\"item\":\"https:\/\/koningdrone.be\/categorie\/alle-monitoren\/\"},{\"@type\":\"ListItem\",\"position\":4,\"name\":\"DJI Transmission High-bright monitor Combo\"}]},{\"@type\":\"WebSite\",\"@id\":\"https:\/\/koningdrone.be\/#website\",\"url\":\"https:\/\/koningdrone.be\/\",\"name\":\"Koningdrone.be - Uw online specialist in drones, gimbals, camera's en power stations.\",\"description\":\"De webshop in drones en gimbals\",\"publisher\":{\"@id\":\"https:\/\/koningdrone.be\/#organization\"},\"potentialAction\":[{\"@type\":\"SearchAction\",\"target\":{\"@type\":\"EntryPoint\",\"urlTemplate\":\"https:\/\/koningdrone.be\/?s={search_term_string}\"},\"query-input\":{\"@type\":\"PropertyValueSpecification\",\"valueRequired\":true,\"valueName\":\"search_term_string\"}}],\"inLanguage\":\"fr-BE\"},{\"@type\":\"Organization\",\"@id\":\"https:\/\/koningdrone.be\/#organization\",\"name\":\"Koningdrone.be\",\"url\":\"https:\/\/koningdrone.be\/\",\"logo\":{\"@type\":\"ImageObject\",\"inLanguage\":\"fr-BE\",\"@id\":\"https:\/\/koningdrone.be\/#\/schema\/logo\/image\/\",\"url\":\"https:\/\/koningdrone.be\/wp-content\/uploads\/sites\/13\/2025\/04\/koningdrone-copyright-logo.svg\",\"contentUrl\":\"https:\/\/koningdrone.be\/wp-content\/uploads\/sites\/13\/2025\/04\/koningdrone-copyright-logo.svg\",\"width\":227,\"height\":38,\"caption\":\"Koningdrone.be\"},\"image\":{\"@id\":\"https:\/\/koningdrone.be\/#\/schema\/logo\/image\/\"}}]}<\/script>\n<!-- \/ Yoast SEO Premium plugin. -->","yoast_head_json":{"title":"DJI Transmission High-bright monitor Combo - koningdrone.be","robots":{"index":"index","follow":"follow","max-snippet":"max-snippet:-1","max-image-preview":"max-image-preview:large","max-video-preview":"max-video-preview:-1"},"canonical":"https:\/\/koningdrone.be\/fr\/produit\/dji-transmission-high-bright-monitor-combo\/","og_locale":"fr_FR","og_type":"article","og_title":"DJI Transmission High-bright monitor Combo","og_description":"20.000ft 1080p\/60fps transmissie Naadloze automatische frequentieshopping End-to-end ultra-lage latentie Ge\u00efntegreerde draadloze ontvanger Gimbal\/Focus\/Camera bediening Onafhankelijk opnemen en afspelen","og_url":"https:\/\/koningdrone.be\/fr\/produit\/dji-transmission-high-bright-monitor-combo\/","og_site_name":"koningdrone.be","article_modified_time":"2026-04-29T13:40:42+00:00","og_image":[{"width":1280,"height":1280,"url":"https:\/\/koningdrone.be\/wp-content\/uploads\/sites\/13\/2025\/04\/d943036c7102002835e881df633863a8@ultra.jpg","type":"image\/jpeg"}],"twitter_card":"summary_large_image","schema":{"@context":"https:\/\/schema.org","@graph":[{"@type":"WebPage","@id":"https:\/\/koningdrone.be\/product\/dji-transmission-high-bright-monitor-combo\/","url":"https:\/\/koningdrone.be\/product\/dji-transmission-high-bright-monitor-combo\/","name":"DJI Transmission High-bright monitor Combo - koningdrone.be","isPartOf":{"@id":"https:\/\/koningdrone.be\/#website"},"primaryImageOfPage":{"@id":"https:\/\/koningdrone.be\/product\/dji-transmission-high-bright-monitor-combo\/#primaryimage"},"image":{"@id":"https:\/\/koningdrone.be\/product\/dji-transmission-high-bright-monitor-combo\/#primaryimage"},"thumbnailUrl":"https:\/\/koningdrone.be\/wp-content\/uploads\/sites\/13\/2025\/04\/d943036c7102002835e881df633863a8@ultra.jpg","datePublished":"2024-09-05T09:42:19+00:00","dateModified":"2026-04-29T13:40:42+00:00","breadcrumb":{"@id":"https:\/\/koningdrone.be\/product\/dji-transmission-high-bright-monitor-combo\/#breadcrumb"},"inLanguage":"fr-BE","potentialAction":[{"@type":"ReadAction","target":["https:\/\/koningdrone.be\/product\/dji-transmission-high-bright-monitor-combo\/"]}]},{"@type":"ImageObject","inLanguage":"fr-BE","@id":"https:\/\/koningdrone.be\/product\/dji-transmission-high-bright-monitor-combo\/#primaryimage","url":"https:\/\/koningdrone.be\/wp-content\/uploads\/sites\/13\/2025\/04\/d943036c7102002835e881df633863a8@ultra.jpg","contentUrl":"https:\/\/koningdrone.be\/wp-content\/uploads\/sites\/13\/2025\/04\/d943036c7102002835e881df633863a8@ultra.jpg","width":1280,"height":1280},{"@type":"BreadcrumbList","@id":"https:\/\/koningdrone.be\/product\/dji-transmission-high-bright-monitor-combo\/#breadcrumb","itemListElement":[{"@type":"ListItem","position":1,"name":"Home","item":"https:\/\/koningdrone.be\/"},{"@type":"ListItem","position":2,"name":"AVSS Parachute Recovery System for DJI Matrice 300\/350","item":"https:\/\/koningdrone.be\/product\/avss-parachute-recovery-system-for-dji-matrice-300-350\/"},{"@type":"ListItem","position":3,"name":"Alle monitoren","item":"https:\/\/koningdrone.be\/categorie\/alle-monitoren\/"},{"@type":"ListItem","position":4,"name":"DJI Transmission High-bright monitor Combo"}]},{"@type":"WebSite","@id":"https:\/\/koningdrone.be\/#website","url":"https:\/\/koningdrone.be\/","name":"Koningdrone.be - Votre sp\u00e9cialiste en ligne en mati\u00e8re de drones, de cardans, de cam\u00e9ras et de centrales \u00e9lectriques.","description":"La boutique en ligne de drones et de cardans","publisher":{"@id":"https:\/\/koningdrone.be\/#organization"},"potentialAction":[{"@type":"SearchAction","target":{"@type":"EntryPoint","urlTemplate":"https:\/\/koningdrone.be\/?s={search_term_string}"},"query-input":{"@type":"PropertyValueSpecification","valueRequired":true,"valueName":"search_term_string"}}],"inLanguage":"fr-BE"},{"@type":"Organization","@id":"https:\/\/koningdrone.be\/#organization","name":"Kingdrone.co.uk","url":"https:\/\/koningdrone.be\/","logo":{"@type":"ImageObject","inLanguage":"fr-BE","@id":"https:\/\/koningdrone.be\/#\/schema\/logo\/image\/","url":"https:\/\/koningdrone.be\/wp-content\/uploads\/sites\/13\/2025\/04\/koningdrone-copyright-logo.svg","contentUrl":"https:\/\/koningdrone.be\/wp-content\/uploads\/sites\/13\/2025\/04\/koningdrone-copyright-logo.svg","width":227,"height":38,"caption":"Koningdrone.be"},"image":{"@id":"https:\/\/koningdrone.be\/#\/schema\/logo\/image\/"}}]}},"df_price":2299,"df_sale_price":"","df_regular_price":2299,"df_image_link":"https:\/\/koningdrone.be\/wp-content\/uploads\/sites\/13\/2025\/04\/d943036c7102002835e881df633863a8@ultra-300x300.jpg","_links":{"self":[{"href":"https:\/\/koningdrone.be\/fr\/wp-json\/wp\/v2\/product\/3462","targetHints":{"allow":["GET"]}}],"collection":[{"href":"https:\/\/koningdrone.be\/fr\/wp-json\/wp\/v2\/product"}],"about":[{"href":"https:\/\/koningdrone.be\/fr\/wp-json\/wp\/v2\/types\/product"}],"wp:featuredmedia":[{"embeddable":true,"href":"https:\/\/koningdrone.be\/fr\/wp-json\/wp\/v2\/media\/3456"}],"wp:attachment":[{"href":"https:\/\/koningdrone.be\/fr\/wp-json\/wp\/v2\/media?parent=3462"}],"wp:term":[{"taxonomy":"product_brand","embeddable":true,"href":"https:\/\/koningdrone.be\/fr\/wp-json\/wp\/v2\/product_brand?post=3462"},{"taxonomy":"product_cat","embeddable":true,"href":"https:\/\/koningdrone.be\/fr\/wp-json\/wp\/v2\/product_cat?post=3462"},{"taxonomy":"product_tag","embeddable":true,"href":"https:\/\/koningdrone.be\/fr\/wp-json\/wp\/v2\/product_tag?post=3462"}],"curies":[{"name":"wp","href":"https:\/\/api.w.org\/{rel}","templated":true}]}}