{"id":3455,"date":"2024-09-05T11:42:19","date_gmt":"2024-09-05T09:42:19","guid":{"rendered":"https:\/\/koningdrone.nl\/kon\/product\/dji-cellular-dongle-lte-usb-modem\/"},"modified":"2026-04-29T12:40:39","modified_gmt":"2026-04-29T10:40:39","slug":"dji-cellular-dongle-lte-usb-modem","status":"publish","type":"product","link":"https:\/\/koningdrone.be\/fr\/produit\/dji-cellular-dongle-lte-usb-modem\/","title":{"rendered":"DJI Cellular Dongle (Modem USB LTE)"},"content":{"rendered":"<p>Le dongle cellulaire permet \u00e0 votre \u00e9quipement DJI d'acc\u00e9der aux r\u00e9seaux 4G et d'activer les services de connectivit\u00e9, la transmission am\u00e9lior\u00e9e, le RTK r\u00e9seau et d'autres fonctions. Elle offre des services de connectivit\u00e9 stables et \u00e0 haut d\u00e9bit, ainsi qu'un abonnement gratuit d'un an au service Enhanced Transmission.<\/p>\n<p>Transmission am\u00e9lior\u00e9e : Bas\u00e9 sur la transmission vid\u00e9o originale, ce dongle fonctionne en synergie avec les r\u00e9seaux 4G pour surmonter les obstructions ou les interf\u00e9rences. Si le signal de transmission vid\u00e9o d'origine est compromis, vous pouvez toujours compter sur la connectivit\u00e9 4G pour contr\u00f4ler votre drone, ce qui r\u00e9duit consid\u00e9rablement les risques de d\u00e9connexion.<\/p>","protected":false},"excerpt":{"rendered":"<ul>\n<li>Il prend en charge l'acc\u00e8s aux r\u00e9seaux 4G, ce qui permet d'offrir des services de connectivit\u00e9, une transmission am\u00e9lior\u00e9e, un r\u00e9seau RTK et d'autres fonctions.<\/li>\n<\/ul>","protected":false},"featured_media":3451,"template":"","meta":{"_acf_changed":false},"product_brand":[],"product_cat":[268,649,97,469],"product_tag":[],"class_list":{"0":"post-3455","1":"product","2":"type-product","3":"status-publish","4":"has-post-thumbnail","6":"product_cat-alle-accessoires","7":"product_cat-alle-dongles","8":"product_cat-alle-producten","9":"product_cat-dji-accessories","10":"product_shipping_class-outofstock","11":"pa_brand-dji","12":"pa_productfamily-adapter","13":"pa_producttype-adapter","14":"pa_series-mavic-3-pro","16":"first","17":"outofstock","18":"taxable","19":"shipping-taxable","20":"product-type-simple"},"acf":[],"yoast_head":"<!-- This site is optimized with the Yoast SEO Premium plugin v27.2 (Yoast SEO v27.2) - https:\/\/yoast.com\/product\/yoast-seo-premium-wordpress\/ -->\n<title>DJI Cellular Dongle (LTE USB Modem) - koningdrone.be<\/title>\n<meta name=\"robots\" content=\"index, follow, max-snippet:-1, max-image-preview:large, max-video-preview:-1\" \/>\n<link rel=\"canonical\" href=\"https:\/\/koningdrone.be\/fr\/produit\/dji-cellular-dongle-lte-usb-modem\/\" \/>\n<meta property=\"og:locale\" content=\"fr_FR\" \/>\n<meta property=\"og:type\" content=\"article\" \/>\n<meta property=\"og:title\" content=\"DJI Cellular Dongle (LTE USB Modem)\" \/>\n<meta property=\"og:description\" content=\"Ondersteunt toegang tot 4G netwerken, waardoor connectiviteitsdiensten, Verbeterde Transmissie, Netwerk RTK en andere functies mogelijk worden.\" \/>\n<meta property=\"og:url\" content=\"https:\/\/koningdrone.be\/fr\/produit\/dji-cellular-dongle-lte-usb-modem\/\" \/>\n<meta property=\"og:site_name\" content=\"koningdrone.be\" \/>\n<meta property=\"article:modified_time\" content=\"2026-04-29T10:40:39+00:00\" \/>\n<meta property=\"og:image\" content=\"https:\/\/koningdrone.be\/wp-content\/uploads\/sites\/13\/2025\/04\/a4e59172931c5050e91c433098ffdb92@large.jpg\" \/>\n\t<meta property=\"og:image:width\" content=\"1200\" \/>\n\t<meta property=\"og:image:height\" content=\"800\" \/>\n\t<meta property=\"og:image:type\" content=\"image\/jpeg\" \/>\n<meta name=\"twitter:card\" content=\"summary_large_image\" \/>\n<script type=\"application\/ld+json\" class=\"yoast-schema-graph\">{\"@context\":\"https:\/\/schema.org\",\"@graph\":[{\"@type\":\"WebPage\",\"@id\":\"https:\/\/koningdrone.be\/product\/dji-cellular-dongle-lte-usb-modem\/\",\"url\":\"https:\/\/koningdrone.be\/product\/dji-cellular-dongle-lte-usb-modem\/\",\"name\":\"DJI Cellular Dongle (LTE USB Modem) - koningdrone.be\",\"isPartOf\":{\"@id\":\"https:\/\/koningdrone.be\/#website\"},\"primaryImageOfPage\":{\"@id\":\"https:\/\/koningdrone.be\/product\/dji-cellular-dongle-lte-usb-modem\/#primaryimage\"},\"image\":{\"@id\":\"https:\/\/koningdrone.be\/product\/dji-cellular-dongle-lte-usb-modem\/#primaryimage\"},\"thumbnailUrl\":\"https:\/\/koningdrone.be\/wp-content\/uploads\/sites\/13\/2025\/04\/a4e59172931c5050e91c433098ffdb92@large.jpg\",\"datePublished\":\"2024-09-05T09:42:19+00:00\",\"dateModified\":\"2026-04-29T10:40:39+00:00\",\"breadcrumb\":{\"@id\":\"https:\/\/koningdrone.be\/product\/dji-cellular-dongle-lte-usb-modem\/#breadcrumb\"},\"inLanguage\":\"fr-BE\",\"potentialAction\":[{\"@type\":\"ReadAction\",\"target\":[\"https:\/\/koningdrone.be\/product\/dji-cellular-dongle-lte-usb-modem\/\"]}]},{\"@type\":\"ImageObject\",\"inLanguage\":\"fr-BE\",\"@id\":\"https:\/\/koningdrone.be\/product\/dji-cellular-dongle-lte-usb-modem\/#primaryimage\",\"url\":\"https:\/\/koningdrone.be\/wp-content\/uploads\/sites\/13\/2025\/04\/a4e59172931c5050e91c433098ffdb92@large.jpg\",\"contentUrl\":\"https:\/\/koningdrone.be\/wp-content\/uploads\/sites\/13\/2025\/04\/a4e59172931c5050e91c433098ffdb92@large.jpg\",\"width\":1200,\"height\":800},{\"@type\":\"BreadcrumbList\",\"@id\":\"https:\/\/koningdrone.be\/product\/dji-cellular-dongle-lte-usb-modem\/#breadcrumb\",\"itemListElement\":[{\"@type\":\"ListItem\",\"position\":1,\"name\":\"Home\",\"item\":\"https:\/\/koningdrone.be\/\"},{\"@type\":\"ListItem\",\"position\":2,\"name\":\"AVSS Parachute Recovery System for DJI Matrice 300\/350\",\"item\":\"https:\/\/koningdrone.be\/product\/avss-parachute-recovery-system-for-dji-matrice-300-350\/\"},{\"@type\":\"ListItem\",\"position\":3,\"name\":\"Alle accessoires\",\"item\":\"https:\/\/koningdrone.be\/categorie\/alle-accessoires\/\"},{\"@type\":\"ListItem\",\"position\":4,\"name\":\"DJI Cellular Dongle (LTE USB Modem)\"}]},{\"@type\":\"WebSite\",\"@id\":\"https:\/\/koningdrone.be\/#website\",\"url\":\"https:\/\/koningdrone.be\/\",\"name\":\"Koningdrone.be - Uw online specialist in drones, gimbals, camera's en power stations.\",\"description\":\"De webshop in drones en gimbals\",\"publisher\":{\"@id\":\"https:\/\/koningdrone.be\/#organization\"},\"potentialAction\":[{\"@type\":\"SearchAction\",\"target\":{\"@type\":\"EntryPoint\",\"urlTemplate\":\"https:\/\/koningdrone.be\/?s={search_term_string}\"},\"query-input\":{\"@type\":\"PropertyValueSpecification\",\"valueRequired\":true,\"valueName\":\"search_term_string\"}}],\"inLanguage\":\"fr-BE\"},{\"@type\":\"Organization\",\"@id\":\"https:\/\/koningdrone.be\/#organization\",\"name\":\"Koningdrone.be\",\"url\":\"https:\/\/koningdrone.be\/\",\"logo\":{\"@type\":\"ImageObject\",\"inLanguage\":\"fr-BE\",\"@id\":\"https:\/\/koningdrone.be\/#\/schema\/logo\/image\/\",\"url\":\"https:\/\/koningdrone.be\/wp-content\/uploads\/sites\/13\/2025\/04\/koningdrone-copyright-logo.svg\",\"contentUrl\":\"https:\/\/koningdrone.be\/wp-content\/uploads\/sites\/13\/2025\/04\/koningdrone-copyright-logo.svg\",\"width\":227,\"height\":38,\"caption\":\"Koningdrone.be\"},\"image\":{\"@id\":\"https:\/\/koningdrone.be\/#\/schema\/logo\/image\/\"}}]}<\/script>\n<!-- \/ Yoast SEO Premium plugin. -->","yoast_head_json":{"title":"DJI Cellular Dongle (LTE USB Modem) - koningdrone.be","robots":{"index":"index","follow":"follow","max-snippet":"max-snippet:-1","max-image-preview":"max-image-preview:large","max-video-preview":"max-video-preview:-1"},"canonical":"https:\/\/koningdrone.be\/fr\/produit\/dji-cellular-dongle-lte-usb-modem\/","og_locale":"fr_FR","og_type":"article","og_title":"DJI Cellular Dongle (LTE USB Modem)","og_description":"Ondersteunt toegang tot 4G netwerken, waardoor connectiviteitsdiensten, Verbeterde Transmissie, Netwerk RTK en andere functies mogelijk worden.","og_url":"https:\/\/koningdrone.be\/fr\/produit\/dji-cellular-dongle-lte-usb-modem\/","og_site_name":"koningdrone.be","article_modified_time":"2026-04-29T10:40:39+00:00","og_image":[{"width":1200,"height":800,"url":"https:\/\/koningdrone.be\/wp-content\/uploads\/sites\/13\/2025\/04\/a4e59172931c5050e91c433098ffdb92@large.jpg","type":"image\/jpeg"}],"twitter_card":"summary_large_image","schema":{"@context":"https:\/\/schema.org","@graph":[{"@type":"WebPage","@id":"https:\/\/koningdrone.be\/product\/dji-cellular-dongle-lte-usb-modem\/","url":"https:\/\/koningdrone.be\/product\/dji-cellular-dongle-lte-usb-modem\/","name":"DJI Cellular Dongle (LTE USB Modem) - koningdrone.be","isPartOf":{"@id":"https:\/\/koningdrone.be\/#website"},"primaryImageOfPage":{"@id":"https:\/\/koningdrone.be\/product\/dji-cellular-dongle-lte-usb-modem\/#primaryimage"},"image":{"@id":"https:\/\/koningdrone.be\/product\/dji-cellular-dongle-lte-usb-modem\/#primaryimage"},"thumbnailUrl":"https:\/\/koningdrone.be\/wp-content\/uploads\/sites\/13\/2025\/04\/a4e59172931c5050e91c433098ffdb92@large.jpg","datePublished":"2024-09-05T09:42:19+00:00","dateModified":"2026-04-29T10:40:39+00:00","breadcrumb":{"@id":"https:\/\/koningdrone.be\/product\/dji-cellular-dongle-lte-usb-modem\/#breadcrumb"},"inLanguage":"fr-BE","potentialAction":[{"@type":"ReadAction","target":["https:\/\/koningdrone.be\/product\/dji-cellular-dongle-lte-usb-modem\/"]}]},{"@type":"ImageObject","inLanguage":"fr-BE","@id":"https:\/\/koningdrone.be\/product\/dji-cellular-dongle-lte-usb-modem\/#primaryimage","url":"https:\/\/koningdrone.be\/wp-content\/uploads\/sites\/13\/2025\/04\/a4e59172931c5050e91c433098ffdb92@large.jpg","contentUrl":"https:\/\/koningdrone.be\/wp-content\/uploads\/sites\/13\/2025\/04\/a4e59172931c5050e91c433098ffdb92@large.jpg","width":1200,"height":800},{"@type":"BreadcrumbList","@id":"https:\/\/koningdrone.be\/product\/dji-cellular-dongle-lte-usb-modem\/#breadcrumb","itemListElement":[{"@type":"ListItem","position":1,"name":"Home","item":"https:\/\/koningdrone.be\/"},{"@type":"ListItem","position":2,"name":"AVSS Parachute Recovery System for DJI Matrice 300\/350","item":"https:\/\/koningdrone.be\/product\/avss-parachute-recovery-system-for-dji-matrice-300-350\/"},{"@type":"ListItem","position":3,"name":"Alle accessoires","item":"https:\/\/koningdrone.be\/categorie\/alle-accessoires\/"},{"@type":"ListItem","position":4,"name":"DJI Cellular Dongle (LTE USB Modem)"}]},{"@type":"WebSite","@id":"https:\/\/koningdrone.be\/#website","url":"https:\/\/koningdrone.be\/","name":"Koningdrone.be - Votre sp\u00e9cialiste en ligne en mati\u00e8re de drones, de cardans, de cam\u00e9ras et de centrales \u00e9lectriques.","description":"La boutique en ligne de drones et de cardans","publisher":{"@id":"https:\/\/koningdrone.be\/#organization"},"potentialAction":[{"@type":"SearchAction","target":{"@type":"EntryPoint","urlTemplate":"https:\/\/koningdrone.be\/?s={search_term_string}"},"query-input":{"@type":"PropertyValueSpecification","valueRequired":true,"valueName":"search_term_string"}}],"inLanguage":"fr-BE"},{"@type":"Organization","@id":"https:\/\/koningdrone.be\/#organization","name":"Kingdrone.co.uk","url":"https:\/\/koningdrone.be\/","logo":{"@type":"ImageObject","inLanguage":"fr-BE","@id":"https:\/\/koningdrone.be\/#\/schema\/logo\/image\/","url":"https:\/\/koningdrone.be\/wp-content\/uploads\/sites\/13\/2025\/04\/koningdrone-copyright-logo.svg","contentUrl":"https:\/\/koningdrone.be\/wp-content\/uploads\/sites\/13\/2025\/04\/koningdrone-copyright-logo.svg","width":227,"height":38,"caption":"Koningdrone.be"},"image":{"@id":"https:\/\/koningdrone.be\/#\/schema\/logo\/image\/"}}]}},"df_price":"","df_sale_price":"","df_regular_price":"","df_image_link":"https:\/\/koningdrone.be\/wp-content\/uploads\/sites\/13\/2025\/04\/a4e59172931c5050e91c433098ffdb92@large-300x200.jpg","_links":{"self":[{"href":"https:\/\/koningdrone.be\/fr\/wp-json\/wp\/v2\/product\/3455","targetHints":{"allow":["GET"]}}],"collection":[{"href":"https:\/\/koningdrone.be\/fr\/wp-json\/wp\/v2\/product"}],"about":[{"href":"https:\/\/koningdrone.be\/fr\/wp-json\/wp\/v2\/types\/product"}],"wp:featuredmedia":[{"embeddable":true,"href":"https:\/\/koningdrone.be\/fr\/wp-json\/wp\/v2\/media\/3451"}],"wp:attachment":[{"href":"https:\/\/koningdrone.be\/fr\/wp-json\/wp\/v2\/media?parent=3455"}],"wp:term":[{"taxonomy":"product_brand","embeddable":true,"href":"https:\/\/koningdrone.be\/fr\/wp-json\/wp\/v2\/product_brand?post=3455"},{"taxonomy":"product_cat","embeddable":true,"href":"https:\/\/koningdrone.be\/fr\/wp-json\/wp\/v2\/product_cat?post=3455"},{"taxonomy":"product_tag","embeddable":true,"href":"https:\/\/koningdrone.be\/fr\/wp-json\/wp\/v2\/product_tag?post=3455"}],"curies":[{"name":"wp","href":"https:\/\/api.w.org\/{rel}","templated":true}]}}