{"id":3439,"date":"2024-09-05T11:42:19","date_gmt":"2024-09-05T09:42:19","guid":{"rendered":"https:\/\/koningdrone.nl\/kon\/product\/dji-ronin-4d-4-axis-cinema-camera-6k-combo\/"},"modified":"2026-04-29T04:10:51","modified_gmt":"2026-04-29T02:10:51","slug":"dji-ronin-4d-4-axis-cinema-camera-6k-combo","status":"publish","type":"product","link":"https:\/\/koningdrone.be\/fr\/produit\/dji-ronin-4d-4-axis-cinema-camera-6k-combo\/","title":{"rendered":"DJI Ronin 4D - Cam\u00e9ra Cin\u00e9ma 4 axes 6K Combo"},"content":{"rendered":"<p>Con\u00e7u pour une utilisation en solo par des r\u00e9alisateurs ind\u00e9pendants et pour l'enregistrement de vid\u00e9os professionnelles dynamiques, le Ronin 4D de DJI est une solution innovante de cam\u00e9ra et de cardan tout-en-un. La d\u00e9signation \"4D\" fait r\u00e9f\u00e9rence \u00e0 la stabilisation de l'axe Z (vertical) int\u00e9gr\u00e9e \u00e0 la cam\u00e9ra X9-6K et \u00e0 la stabilisation du cardan sur trois axes. Fabriqu\u00e9 en fibre de carbone l\u00e9g\u00e8re et en alliage d'aluminium\/magn\u00e9sium, ce syst\u00e8me est id\u00e9al pour les cr\u00e9ateurs de contenu ind\u00e9pendants, les r\u00e9alisateurs de films ind\u00e9pendants et les vid\u00e9astes qui filment des \u00e9v\u00e9nements. L'enregistrement plein format avec des vitesses allant jusqu'\u00e0 6K60 en Apple ProRes 422 HQ et le syst\u00e8me de traitement d'image CineCore 3.0 de Ronin avec prise en charge du flux de travail ACES est \u00e9galement adapt\u00e9 au 4D en tant que cam\u00e9ra \"B\" ou deuxi\u00e8me cam\u00e9ra pour les productions cin\u00e9matographiques plus importantes.<\/p>","protected":false},"excerpt":{"rendered":"<ul>\n<li>Composants modulaires inclus :<\/li>\n<li><\/li>\n<li>Poign\u00e9es gauche et droite<\/li>\n<li>Compteur de distance LiDAR<\/li>\n<li>Poign\u00e9e sup\u00e9rieure<\/li>\n<li>Plaque de base<\/li>\n<li>Contrepoids X9 de 3,8 oz<\/li>\n<li><\/li>\n<li>Les pi\u00e8ces sont disponibles s\u00e9par\u00e9ment :<\/li>\n<li><\/li>\n<li>\u00c9cran tactile lumineux de 7 pouces<\/li>\n<li>Transmetteur vid\u00e9o sans fil<\/li>\n<li>ProSSD 1TB media drive<\/li>\n<li>Moteur de mise au point X9<\/li>\n<li>Monture d'objectif Leica M<\/li>\n<li>Contr\u00f4le de l'objectif FIZ \u00e0 3 canaux<\/li>\n<\/ul>","protected":false},"featured_media":3432,"template":"","meta":{"_acf_changed":false},"product_brand":[],"product_cat":[315,410,97,265,532],"product_tag":[],"class_list":{"0":"post-3439","1":"product","2":"type-product","3":"status-publish","4":"has-post-thumbnail","6":"product_cat-alle-gimbals-en-cameras","7":"product_cat-alle-handheld-gimbals","8":"product_cat-alle-producten","9":"product_cat-dji-ronin","10":"product_cat-dji-ronin-4d","11":"product_shipping_class-acsystemsall","12":"pa_brand-dji","13":"pa_productfamily-camera","14":"pa_producttype-camera","15":"pa_series-ronin-4d","17":"first","18":"instock","19":"taxable","20":"shipping-taxable","21":"purchasable","22":"product-type-simple"},"acf":[],"yoast_head":"<!-- This site is optimized with the Yoast SEO Premium plugin v27.2 (Yoast SEO v27.2) - https:\/\/yoast.com\/product\/yoast-seo-premium-wordpress\/ -->\n<title>DJI Ronin 4D - 4-Axis Cinema Camera 6K Combo - koningdrone.be<\/title>\n<meta name=\"robots\" content=\"index, follow, max-snippet:-1, max-image-preview:large, max-video-preview:-1\" \/>\n<link rel=\"canonical\" href=\"https:\/\/koningdrone.be\/fr\/produit\/dji-ronin-4d-4-axis-cinema-camera-6k-combo\/\" \/>\n<meta property=\"og:locale\" content=\"fr_FR\" \/>\n<meta property=\"og:type\" content=\"article\" \/>\n<meta property=\"og:title\" content=\"DJI Ronin 4D - 4-Axis Cinema Camera 6K Combo\" \/>\n<meta property=\"og:description\" content=\"Inbegrepen modulaire onderdelen:Linker en rechter handgrepenLiDAR afstandsmeterBovenste handgreepGrondplaatX9 3,8 oz contragewichtApart verkrijgbare onderdelen:7\u201d heldere touchscreen monitorDraadloze videozenderProSSD 1TB mediaschijfX9 scherpstelmotorLeica M lensvatting3-kanaals FIZ-lensbediening\" \/>\n<meta property=\"og:url\" content=\"https:\/\/koningdrone.be\/fr\/produit\/dji-ronin-4d-4-axis-cinema-camera-6k-combo\/\" \/>\n<meta property=\"og:site_name\" content=\"koningdrone.be\" \/>\n<meta property=\"article:modified_time\" content=\"2026-04-29T02:10:51+00:00\" \/>\n<meta property=\"og:image\" content=\"https:\/\/koningdrone.be\/wp-content\/uploads\/sites\/13\/2025\/04\/11bb5f5a6b6072f79db2e48d0b9df3ec@ultra.jpg\" \/>\n\t<meta property=\"og:image:width\" content=\"1280\" \/>\n\t<meta property=\"og:image:height\" content=\"1280\" \/>\n\t<meta property=\"og:image:type\" content=\"image\/jpeg\" \/>\n<meta name=\"twitter:card\" content=\"summary_large_image\" \/>\n<meta name=\"twitter:label1\" content=\"Dur\u00e9e de lecture est.\" \/>\n\t<meta name=\"twitter:data1\" content=\"1 minute\" \/>\n<script type=\"application\/ld+json\" class=\"yoast-schema-graph\">{\"@context\":\"https:\/\/schema.org\",\"@graph\":[{\"@type\":\"WebPage\",\"@id\":\"https:\/\/koningdrone.be\/product\/dji-ronin-4d-4-axis-cinema-camera-6k-combo\/\",\"url\":\"https:\/\/koningdrone.be\/product\/dji-ronin-4d-4-axis-cinema-camera-6k-combo\/\",\"name\":\"DJI Ronin 4D - 4-Axis Cinema Camera 6K Combo - koningdrone.be\",\"isPartOf\":{\"@id\":\"https:\/\/koningdrone.be\/#website\"},\"primaryImageOfPage\":{\"@id\":\"https:\/\/koningdrone.be\/product\/dji-ronin-4d-4-axis-cinema-camera-6k-combo\/#primaryimage\"},\"image\":{\"@id\":\"https:\/\/koningdrone.be\/product\/dji-ronin-4d-4-axis-cinema-camera-6k-combo\/#primaryimage\"},\"thumbnailUrl\":\"https:\/\/koningdrone.be\/wp-content\/uploads\/sites\/13\/2025\/04\/11bb5f5a6b6072f79db2e48d0b9df3ec@ultra.jpg\",\"datePublished\":\"2024-09-05T09:42:19+00:00\",\"dateModified\":\"2026-04-29T02:10:51+00:00\",\"breadcrumb\":{\"@id\":\"https:\/\/koningdrone.be\/product\/dji-ronin-4d-4-axis-cinema-camera-6k-combo\/#breadcrumb\"},\"inLanguage\":\"fr-BE\",\"potentialAction\":[{\"@type\":\"ReadAction\",\"target\":[\"https:\/\/koningdrone.be\/product\/dji-ronin-4d-4-axis-cinema-camera-6k-combo\/\"]}]},{\"@type\":\"ImageObject\",\"inLanguage\":\"fr-BE\",\"@id\":\"https:\/\/koningdrone.be\/product\/dji-ronin-4d-4-axis-cinema-camera-6k-combo\/#primaryimage\",\"url\":\"https:\/\/koningdrone.be\/wp-content\/uploads\/sites\/13\/2025\/04\/11bb5f5a6b6072f79db2e48d0b9df3ec@ultra.jpg\",\"contentUrl\":\"https:\/\/koningdrone.be\/wp-content\/uploads\/sites\/13\/2025\/04\/11bb5f5a6b6072f79db2e48d0b9df3ec@ultra.jpg\",\"width\":1280,\"height\":1280},{\"@type\":\"BreadcrumbList\",\"@id\":\"https:\/\/koningdrone.be\/product\/dji-ronin-4d-4-axis-cinema-camera-6k-combo\/#breadcrumb\",\"itemListElement\":[{\"@type\":\"ListItem\",\"position\":1,\"name\":\"Home\",\"item\":\"https:\/\/koningdrone.be\/\"},{\"@type\":\"ListItem\",\"position\":2,\"name\":\"AVSS Parachute Recovery System for DJI Matrice 300\/350\",\"item\":\"https:\/\/koningdrone.be\/product\/avss-parachute-recovery-system-for-dji-matrice-300-350\/\"},{\"@type\":\"ListItem\",\"position\":3,\"name\":\"Alle gimbals en cameras\",\"item\":\"https:\/\/koningdrone.be\/categorie\/alle-gimbals-en-cameras\/\"},{\"@type\":\"ListItem\",\"position\":4,\"name\":\"DJI Ronin 4D &#8211; 4-Axis Cinema Camera 6K Combo\"}]},{\"@type\":\"WebSite\",\"@id\":\"https:\/\/koningdrone.be\/#website\",\"url\":\"https:\/\/koningdrone.be\/\",\"name\":\"Koningdrone.be - Uw online specialist in drones, gimbals, camera's en power stations.\",\"description\":\"De webshop in drones en gimbals\",\"publisher\":{\"@id\":\"https:\/\/koningdrone.be\/#organization\"},\"potentialAction\":[{\"@type\":\"SearchAction\",\"target\":{\"@type\":\"EntryPoint\",\"urlTemplate\":\"https:\/\/koningdrone.be\/?s={search_term_string}\"},\"query-input\":{\"@type\":\"PropertyValueSpecification\",\"valueRequired\":true,\"valueName\":\"search_term_string\"}}],\"inLanguage\":\"fr-BE\"},{\"@type\":\"Organization\",\"@id\":\"https:\/\/koningdrone.be\/#organization\",\"name\":\"Koningdrone.be\",\"url\":\"https:\/\/koningdrone.be\/\",\"logo\":{\"@type\":\"ImageObject\",\"inLanguage\":\"fr-BE\",\"@id\":\"https:\/\/koningdrone.be\/#\/schema\/logo\/image\/\",\"url\":\"https:\/\/koningdrone.be\/wp-content\/uploads\/sites\/13\/2025\/04\/koningdrone-copyright-logo.svg\",\"contentUrl\":\"https:\/\/koningdrone.be\/wp-content\/uploads\/sites\/13\/2025\/04\/koningdrone-copyright-logo.svg\",\"width\":227,\"height\":38,\"caption\":\"Koningdrone.be\"},\"image\":{\"@id\":\"https:\/\/koningdrone.be\/#\/schema\/logo\/image\/\"}}]}<\/script>\n<!-- \/ Yoast SEO Premium plugin. -->","yoast_head_json":{"title":"DJI Ronin 4D - 4-Axis Cinema Camera 6K Combo - koningdrone.be","robots":{"index":"index","follow":"follow","max-snippet":"max-snippet:-1","max-image-preview":"max-image-preview:large","max-video-preview":"max-video-preview:-1"},"canonical":"https:\/\/koningdrone.be\/fr\/produit\/dji-ronin-4d-4-axis-cinema-camera-6k-combo\/","og_locale":"fr_FR","og_type":"article","og_title":"DJI Ronin 4D - 4-Axis Cinema Camera 6K Combo","og_description":"Inbegrepen modulaire onderdelen:Linker en rechter handgrepenLiDAR afstandsmeterBovenste handgreepGrondplaatX9 3,8 oz contragewichtApart verkrijgbare onderdelen:7\u201d heldere touchscreen monitorDraadloze videozenderProSSD 1TB mediaschijfX9 scherpstelmotorLeica M lensvatting3-kanaals FIZ-lensbediening","og_url":"https:\/\/koningdrone.be\/fr\/produit\/dji-ronin-4d-4-axis-cinema-camera-6k-combo\/","og_site_name":"koningdrone.be","article_modified_time":"2026-04-29T02:10:51+00:00","og_image":[{"width":1280,"height":1280,"url":"https:\/\/koningdrone.be\/wp-content\/uploads\/sites\/13\/2025\/04\/11bb5f5a6b6072f79db2e48d0b9df3ec@ultra.jpg","type":"image\/jpeg"}],"twitter_card":"summary_large_image","twitter_misc":{"Dur\u00e9e de lecture est.":"1 minute"},"schema":{"@context":"https:\/\/schema.org","@graph":[{"@type":"WebPage","@id":"https:\/\/koningdrone.be\/product\/dji-ronin-4d-4-axis-cinema-camera-6k-combo\/","url":"https:\/\/koningdrone.be\/product\/dji-ronin-4d-4-axis-cinema-camera-6k-combo\/","name":"DJI Ronin 4D - 4-Axis Cinema Camera 6K Combo - koningdrone.be","isPartOf":{"@id":"https:\/\/koningdrone.be\/#website"},"primaryImageOfPage":{"@id":"https:\/\/koningdrone.be\/product\/dji-ronin-4d-4-axis-cinema-camera-6k-combo\/#primaryimage"},"image":{"@id":"https:\/\/koningdrone.be\/product\/dji-ronin-4d-4-axis-cinema-camera-6k-combo\/#primaryimage"},"thumbnailUrl":"https:\/\/koningdrone.be\/wp-content\/uploads\/sites\/13\/2025\/04\/11bb5f5a6b6072f79db2e48d0b9df3ec@ultra.jpg","datePublished":"2024-09-05T09:42:19+00:00","dateModified":"2026-04-29T02:10:51+00:00","breadcrumb":{"@id":"https:\/\/koningdrone.be\/product\/dji-ronin-4d-4-axis-cinema-camera-6k-combo\/#breadcrumb"},"inLanguage":"fr-BE","potentialAction":[{"@type":"ReadAction","target":["https:\/\/koningdrone.be\/product\/dji-ronin-4d-4-axis-cinema-camera-6k-combo\/"]}]},{"@type":"ImageObject","inLanguage":"fr-BE","@id":"https:\/\/koningdrone.be\/product\/dji-ronin-4d-4-axis-cinema-camera-6k-combo\/#primaryimage","url":"https:\/\/koningdrone.be\/wp-content\/uploads\/sites\/13\/2025\/04\/11bb5f5a6b6072f79db2e48d0b9df3ec@ultra.jpg","contentUrl":"https:\/\/koningdrone.be\/wp-content\/uploads\/sites\/13\/2025\/04\/11bb5f5a6b6072f79db2e48d0b9df3ec@ultra.jpg","width":1280,"height":1280},{"@type":"BreadcrumbList","@id":"https:\/\/koningdrone.be\/product\/dji-ronin-4d-4-axis-cinema-camera-6k-combo\/#breadcrumb","itemListElement":[{"@type":"ListItem","position":1,"name":"Home","item":"https:\/\/koningdrone.be\/"},{"@type":"ListItem","position":2,"name":"AVSS Parachute Recovery System for DJI Matrice 300\/350","item":"https:\/\/koningdrone.be\/product\/avss-parachute-recovery-system-for-dji-matrice-300-350\/"},{"@type":"ListItem","position":3,"name":"Alle gimbals en cameras","item":"https:\/\/koningdrone.be\/categorie\/alle-gimbals-en-cameras\/"},{"@type":"ListItem","position":4,"name":"DJI Ronin 4D &#8211; 4-Axis Cinema Camera 6K Combo"}]},{"@type":"WebSite","@id":"https:\/\/koningdrone.be\/#website","url":"https:\/\/koningdrone.be\/","name":"Koningdrone.be - Votre sp\u00e9cialiste en ligne en mati\u00e8re de drones, de cardans, de cam\u00e9ras et de centrales \u00e9lectriques.","description":"La boutique en ligne de drones et de cardans","publisher":{"@id":"https:\/\/koningdrone.be\/#organization"},"potentialAction":[{"@type":"SearchAction","target":{"@type":"EntryPoint","urlTemplate":"https:\/\/koningdrone.be\/?s={search_term_string}"},"query-input":{"@type":"PropertyValueSpecification","valueRequired":true,"valueName":"search_term_string"}}],"inLanguage":"fr-BE"},{"@type":"Organization","@id":"https:\/\/koningdrone.be\/#organization","name":"Kingdrone.co.uk","url":"https:\/\/koningdrone.be\/","logo":{"@type":"ImageObject","inLanguage":"fr-BE","@id":"https:\/\/koningdrone.be\/#\/schema\/logo\/image\/","url":"https:\/\/koningdrone.be\/wp-content\/uploads\/sites\/13\/2025\/04\/koningdrone-copyright-logo.svg","contentUrl":"https:\/\/koningdrone.be\/wp-content\/uploads\/sites\/13\/2025\/04\/koningdrone-copyright-logo.svg","width":227,"height":38,"caption":"Koningdrone.be"},"image":{"@id":"https:\/\/koningdrone.be\/#\/schema\/logo\/image\/"}}]}},"df_price":4794,"df_sale_price":"","df_regular_price":4794,"df_image_link":"https:\/\/koningdrone.be\/wp-content\/uploads\/sites\/13\/2025\/04\/11bb5f5a6b6072f79db2e48d0b9df3ec@ultra-300x300.jpg","_links":{"self":[{"href":"https:\/\/koningdrone.be\/fr\/wp-json\/wp\/v2\/product\/3439","targetHints":{"allow":["GET"]}}],"collection":[{"href":"https:\/\/koningdrone.be\/fr\/wp-json\/wp\/v2\/product"}],"about":[{"href":"https:\/\/koningdrone.be\/fr\/wp-json\/wp\/v2\/types\/product"}],"wp:featuredmedia":[{"embeddable":true,"href":"https:\/\/koningdrone.be\/fr\/wp-json\/wp\/v2\/media\/3432"}],"wp:attachment":[{"href":"https:\/\/koningdrone.be\/fr\/wp-json\/wp\/v2\/media?parent=3439"}],"wp:term":[{"taxonomy":"product_brand","embeddable":true,"href":"https:\/\/koningdrone.be\/fr\/wp-json\/wp\/v2\/product_brand?post=3439"},{"taxonomy":"product_cat","embeddable":true,"href":"https:\/\/koningdrone.be\/fr\/wp-json\/wp\/v2\/product_cat?post=3439"},{"taxonomy":"product_tag","embeddable":true,"href":"https:\/\/koningdrone.be\/fr\/wp-json\/wp\/v2\/product_tag?post=3439"}],"curies":[{"name":"wp","href":"https:\/\/api.w.org\/{rel}","templated":true}]}}