{"id":3431,"date":"2024-09-05T11:42:19","date_gmt":"2024-09-05T09:42:19","guid":{"rendered":"https:\/\/koningdrone.nl\/kon\/product\/dji-agras-t30-orchard-spray-package\/"},"modified":"2026-04-29T04:21:02","modified_gmt":"2026-04-29T02:21:02","slug":"dji-agras-t30-orchard-spray-package","status":"publish","type":"product","link":"https:\/\/koningdrone.be\/fr\/produit\/dji-agras-t30-orchard-spray-package\/","title":{"rendered":"DJI Agras T30 Ensemble de pulv\u00e9risation pour vergers"},"content":{"rendered":"<p>L'ensemble T30 Orchard Spray permet aux utilisateurs de changer la configuration du T30 en configuration Orchard, qui est plus adapt\u00e9e \u00e0 la pulv\u00e9risation dans les vergers. Remplacez les composants de pulv\u00e9risation sur les bras M1 et M4 de l'appareil et fixez les buses TX-VK4 ou ZV-VK4. En utilisant l'ensemble de pulv\u00e9risation pour vergers T30 et la technologie unique de ciblage des branches de DJI, le T30 peut p\u00e9n\u00e9trer les cimes \u00e9paisses des arbres pour effectuer des op\u00e9rations de pulv\u00e9risation plus pr\u00e9cises et plus efficaces et \u00e9conomiser des pesticides liquides et d'autres co\u00fbts d'exploitation.<\/p>","protected":false},"excerpt":{"rendered":"<ul>\n<li>En utilisant l'ensemble de pulv\u00e9risation pour vergers T30 et la technologie unique de ciblage des branches de DJI, le T30 peut p\u00e9n\u00e9trer les cimes \u00e9paisses des arbres pour effectuer des op\u00e9rations de pulv\u00e9risation plus pr\u00e9cises et plus efficaces et \u00e9conomiser des pesticides liquides et d'autres co\u00fbts d'exploitation.<\/li>\n<\/ul>","protected":false},"featured_media":3430,"template":"","meta":{"_acf_changed":false},"product_brand":[],"product_cat":[97,567,568],"product_tag":[],"class_list":{"0":"post-3431","1":"product","2":"type-product","3":"status-publish","4":"has-post-thumbnail","6":"product_cat-alle-producten","7":"product_cat-dji-agras","8":"product_cat-landbouw-drones","9":"product_shipping_class-dronelandall","10":"pa_brand-dji","11":"pa_productfamily-spuit","12":"pa_producttype-spuit","13":"pa_series-t30","15":"first","16":"instock","17":"taxable","18":"shipping-taxable","19":"purchasable","20":"product-type-simple"},"acf":[],"yoast_head":"<!-- This site is optimized with the Yoast SEO Premium plugin v27.2 (Yoast SEO v27.2) - https:\/\/yoast.com\/product\/yoast-seo-premium-wordpress\/ -->\n<title>DJI Agras T30 Orchard Spray Package - koningdrone.be<\/title>\n<meta name=\"robots\" content=\"index, follow, max-snippet:-1, max-image-preview:large, max-video-preview:-1\" \/>\n<link rel=\"canonical\" href=\"https:\/\/koningdrone.be\/fr\/produit\/dji-agras-t30-orchard-spray-package\/\" \/>\n<meta property=\"og:locale\" content=\"fr_FR\" \/>\n<meta property=\"og:type\" content=\"article\" \/>\n<meta property=\"og:title\" content=\"DJI Agras T30 Orchard Spray Package\" \/>\n<meta property=\"og:description\" content=\"Bij gebruik van het T30 Orchard Spray Package en DJI&#039;s unieke branch targeting technologie, kan de T30 door dikke boomtoppen heen dringen om preciezere en effici\u00ebntere spuitbewerkingen uit te voeren en te besparen op vloeibare bestrijdingsmiddelen en andere operationele kosten.\" \/>\n<meta property=\"og:url\" content=\"https:\/\/koningdrone.be\/fr\/produit\/dji-agras-t30-orchard-spray-package\/\" \/>\n<meta property=\"og:site_name\" content=\"koningdrone.be\" \/>\n<meta property=\"article:modified_time\" content=\"2026-04-29T02:21:02+00:00\" \/>\n<meta property=\"og:image\" content=\"https:\/\/koningdrone.be\/wp-content\/uploads\/sites\/13\/2025\/04\/dji-agras-t30-orchard-spray-package.jpg\" \/>\n\t<meta property=\"og:image:width\" content=\"800\" \/>\n\t<meta property=\"og:image:height\" content=\"800\" \/>\n\t<meta property=\"og:image:type\" content=\"image\/jpeg\" \/>\n<meta name=\"twitter:card\" content=\"summary_large_image\" \/>\n<script type=\"application\/ld+json\" class=\"yoast-schema-graph\">{\"@context\":\"https:\/\/schema.org\",\"@graph\":[{\"@type\":\"WebPage\",\"@id\":\"https:\/\/koningdrone.be\/product\/dji-agras-t30-orchard-spray-package\/\",\"url\":\"https:\/\/koningdrone.be\/product\/dji-agras-t30-orchard-spray-package\/\",\"name\":\"DJI Agras T30 Orchard Spray Package - koningdrone.be\",\"isPartOf\":{\"@id\":\"https:\/\/koningdrone.be\/#website\"},\"primaryImageOfPage\":{\"@id\":\"https:\/\/koningdrone.be\/product\/dji-agras-t30-orchard-spray-package\/#primaryimage\"},\"image\":{\"@id\":\"https:\/\/koningdrone.be\/product\/dji-agras-t30-orchard-spray-package\/#primaryimage\"},\"thumbnailUrl\":\"https:\/\/koningdrone.be\/wp-content\/uploads\/sites\/13\/2025\/04\/dji-agras-t30-orchard-spray-package.jpg\",\"datePublished\":\"2024-09-05T09:42:19+00:00\",\"dateModified\":\"2026-04-29T02:21:02+00:00\",\"breadcrumb\":{\"@id\":\"https:\/\/koningdrone.be\/product\/dji-agras-t30-orchard-spray-package\/#breadcrumb\"},\"inLanguage\":\"fr-BE\",\"potentialAction\":[{\"@type\":\"ReadAction\",\"target\":[\"https:\/\/koningdrone.be\/product\/dji-agras-t30-orchard-spray-package\/\"]}]},{\"@type\":\"ImageObject\",\"inLanguage\":\"fr-BE\",\"@id\":\"https:\/\/koningdrone.be\/product\/dji-agras-t30-orchard-spray-package\/#primaryimage\",\"url\":\"https:\/\/koningdrone.be\/wp-content\/uploads\/sites\/13\/2025\/04\/dji-agras-t30-orchard-spray-package.jpg\",\"contentUrl\":\"https:\/\/koningdrone.be\/wp-content\/uploads\/sites\/13\/2025\/04\/dji-agras-t30-orchard-spray-package.jpg\",\"width\":800,\"height\":800},{\"@type\":\"BreadcrumbList\",\"@id\":\"https:\/\/koningdrone.be\/product\/dji-agras-t30-orchard-spray-package\/#breadcrumb\",\"itemListElement\":[{\"@type\":\"ListItem\",\"position\":1,\"name\":\"Home\",\"item\":\"https:\/\/koningdrone.be\/\"},{\"@type\":\"ListItem\",\"position\":2,\"name\":\"AVSS Parachute Recovery System for DJI Matrice 300\/350\",\"item\":\"https:\/\/koningdrone.be\/product\/avss-parachute-recovery-system-for-dji-matrice-300-350\/\"},{\"@type\":\"ListItem\",\"position\":3,\"name\":\"Alle producten\",\"item\":\"https:\/\/koningdrone.be\/categorie\/alle-producten\/\"},{\"@type\":\"ListItem\",\"position\":4,\"name\":\"DJI Agras T30 Orchard Spray Package\"}]},{\"@type\":\"WebSite\",\"@id\":\"https:\/\/koningdrone.be\/#website\",\"url\":\"https:\/\/koningdrone.be\/\",\"name\":\"Koningdrone.be - Uw online specialist in drones, gimbals, camera's en power stations.\",\"description\":\"De webshop in drones en gimbals\",\"publisher\":{\"@id\":\"https:\/\/koningdrone.be\/#organization\"},\"potentialAction\":[{\"@type\":\"SearchAction\",\"target\":{\"@type\":\"EntryPoint\",\"urlTemplate\":\"https:\/\/koningdrone.be\/?s={search_term_string}\"},\"query-input\":{\"@type\":\"PropertyValueSpecification\",\"valueRequired\":true,\"valueName\":\"search_term_string\"}}],\"inLanguage\":\"fr-BE\"},{\"@type\":\"Organization\",\"@id\":\"https:\/\/koningdrone.be\/#organization\",\"name\":\"Koningdrone.be\",\"url\":\"https:\/\/koningdrone.be\/\",\"logo\":{\"@type\":\"ImageObject\",\"inLanguage\":\"fr-BE\",\"@id\":\"https:\/\/koningdrone.be\/#\/schema\/logo\/image\/\",\"url\":\"https:\/\/koningdrone.be\/wp-content\/uploads\/sites\/13\/2025\/04\/koningdrone-copyright-logo.svg\",\"contentUrl\":\"https:\/\/koningdrone.be\/wp-content\/uploads\/sites\/13\/2025\/04\/koningdrone-copyright-logo.svg\",\"width\":227,\"height\":38,\"caption\":\"Koningdrone.be\"},\"image\":{\"@id\":\"https:\/\/koningdrone.be\/#\/schema\/logo\/image\/\"}}]}<\/script>\n<!-- \/ Yoast SEO Premium plugin. -->","yoast_head_json":{"title":"DJI Agras T30 Orchard Spray Package - koningdrone.be","robots":{"index":"index","follow":"follow","max-snippet":"max-snippet:-1","max-image-preview":"max-image-preview:large","max-video-preview":"max-video-preview:-1"},"canonical":"https:\/\/koningdrone.be\/fr\/produit\/dji-agras-t30-orchard-spray-package\/","og_locale":"fr_FR","og_type":"article","og_title":"DJI Agras T30 Orchard Spray Package","og_description":"Bij gebruik van het T30 Orchard Spray Package en DJI's unieke branch targeting technologie, kan de T30 door dikke boomtoppen heen dringen om preciezere en effici\u00ebntere spuitbewerkingen uit te voeren en te besparen op vloeibare bestrijdingsmiddelen en andere operationele kosten.","og_url":"https:\/\/koningdrone.be\/fr\/produit\/dji-agras-t30-orchard-spray-package\/","og_site_name":"koningdrone.be","article_modified_time":"2026-04-29T02:21:02+00:00","og_image":[{"width":800,"height":800,"url":"https:\/\/koningdrone.be\/wp-content\/uploads\/sites\/13\/2025\/04\/dji-agras-t30-orchard-spray-package.jpg","type":"image\/jpeg"}],"twitter_card":"summary_large_image","schema":{"@context":"https:\/\/schema.org","@graph":[{"@type":"WebPage","@id":"https:\/\/koningdrone.be\/product\/dji-agras-t30-orchard-spray-package\/","url":"https:\/\/koningdrone.be\/product\/dji-agras-t30-orchard-spray-package\/","name":"DJI Agras T30 Orchard Spray Package - koningdrone.be","isPartOf":{"@id":"https:\/\/koningdrone.be\/#website"},"primaryImageOfPage":{"@id":"https:\/\/koningdrone.be\/product\/dji-agras-t30-orchard-spray-package\/#primaryimage"},"image":{"@id":"https:\/\/koningdrone.be\/product\/dji-agras-t30-orchard-spray-package\/#primaryimage"},"thumbnailUrl":"https:\/\/koningdrone.be\/wp-content\/uploads\/sites\/13\/2025\/04\/dji-agras-t30-orchard-spray-package.jpg","datePublished":"2024-09-05T09:42:19+00:00","dateModified":"2026-04-29T02:21:02+00:00","breadcrumb":{"@id":"https:\/\/koningdrone.be\/product\/dji-agras-t30-orchard-spray-package\/#breadcrumb"},"inLanguage":"fr-BE","potentialAction":[{"@type":"ReadAction","target":["https:\/\/koningdrone.be\/product\/dji-agras-t30-orchard-spray-package\/"]}]},{"@type":"ImageObject","inLanguage":"fr-BE","@id":"https:\/\/koningdrone.be\/product\/dji-agras-t30-orchard-spray-package\/#primaryimage","url":"https:\/\/koningdrone.be\/wp-content\/uploads\/sites\/13\/2025\/04\/dji-agras-t30-orchard-spray-package.jpg","contentUrl":"https:\/\/koningdrone.be\/wp-content\/uploads\/sites\/13\/2025\/04\/dji-agras-t30-orchard-spray-package.jpg","width":800,"height":800},{"@type":"BreadcrumbList","@id":"https:\/\/koningdrone.be\/product\/dji-agras-t30-orchard-spray-package\/#breadcrumb","itemListElement":[{"@type":"ListItem","position":1,"name":"Home","item":"https:\/\/koningdrone.be\/"},{"@type":"ListItem","position":2,"name":"AVSS Parachute Recovery System for DJI Matrice 300\/350","item":"https:\/\/koningdrone.be\/product\/avss-parachute-recovery-system-for-dji-matrice-300-350\/"},{"@type":"ListItem","position":3,"name":"Alle producten","item":"https:\/\/koningdrone.be\/categorie\/alle-producten\/"},{"@type":"ListItem","position":4,"name":"DJI Agras T30 Orchard Spray Package"}]},{"@type":"WebSite","@id":"https:\/\/koningdrone.be\/#website","url":"https:\/\/koningdrone.be\/","name":"Koningdrone.be - Votre sp\u00e9cialiste en ligne en mati\u00e8re de drones, de cardans, de cam\u00e9ras et de centrales \u00e9lectriques.","description":"La boutique en ligne de drones et de cardans","publisher":{"@id":"https:\/\/koningdrone.be\/#organization"},"potentialAction":[{"@type":"SearchAction","target":{"@type":"EntryPoint","urlTemplate":"https:\/\/koningdrone.be\/?s={search_term_string}"},"query-input":{"@type":"PropertyValueSpecification","valueRequired":true,"valueName":"search_term_string"}}],"inLanguage":"fr-BE"},{"@type":"Organization","@id":"https:\/\/koningdrone.be\/#organization","name":"Kingdrone.co.uk","url":"https:\/\/koningdrone.be\/","logo":{"@type":"ImageObject","inLanguage":"fr-BE","@id":"https:\/\/koningdrone.be\/#\/schema\/logo\/image\/","url":"https:\/\/koningdrone.be\/wp-content\/uploads\/sites\/13\/2025\/04\/koningdrone-copyright-logo.svg","contentUrl":"https:\/\/koningdrone.be\/wp-content\/uploads\/sites\/13\/2025\/04\/koningdrone-copyright-logo.svg","width":227,"height":38,"caption":"Koningdrone.be"},"image":{"@id":"https:\/\/koningdrone.be\/#\/schema\/logo\/image\/"}}]}},"df_price":355,"df_sale_price":"","df_regular_price":355,"df_image_link":"https:\/\/koningdrone.be\/wp-content\/uploads\/sites\/13\/2025\/04\/dji-agras-t30-orchard-spray-package-300x300.jpg","_links":{"self":[{"href":"https:\/\/koningdrone.be\/fr\/wp-json\/wp\/v2\/product\/3431","targetHints":{"allow":["GET"]}}],"collection":[{"href":"https:\/\/koningdrone.be\/fr\/wp-json\/wp\/v2\/product"}],"about":[{"href":"https:\/\/koningdrone.be\/fr\/wp-json\/wp\/v2\/types\/product"}],"wp:featuredmedia":[{"embeddable":true,"href":"https:\/\/koningdrone.be\/fr\/wp-json\/wp\/v2\/media\/3430"}],"wp:attachment":[{"href":"https:\/\/koningdrone.be\/fr\/wp-json\/wp\/v2\/media?parent=3431"}],"wp:term":[{"taxonomy":"product_brand","embeddable":true,"href":"https:\/\/koningdrone.be\/fr\/wp-json\/wp\/v2\/product_brand?post=3431"},{"taxonomy":"product_cat","embeddable":true,"href":"https:\/\/koningdrone.be\/fr\/wp-json\/wp\/v2\/product_cat?post=3431"},{"taxonomy":"product_tag","embeddable":true,"href":"https:\/\/koningdrone.be\/fr\/wp-json\/wp\/v2\/product_tag?post=3431"}],"curies":[{"name":"wp","href":"https:\/\/api.w.org\/{rel}","templated":true}]}}