{"id":3429,"date":"2024-09-05T11:43:19","date_gmt":"2024-09-05T09:43:19","guid":{"rendered":"https:\/\/koningdrone.nl\/kon\/product\/dji-power-1000-protective-storage-bag\/"},"modified":"2026-04-29T04:00:27","modified_gmt":"2026-04-29T02:00:27","slug":"dji-power-1000-protective-storage-bag","status":"publish","type":"product","link":"https:\/\/koningdrone.be\/fr\/produit\/dji-power-1000-protective-storage-bag\/","title":{"rendered":"Sac de rangement protecteur DJI Power 1000"},"content":{"rendered":"<p>Con\u00e7ue pour ranger la DJI Power 1000, elle est pratique \u00e0 transporter d'une seule main. L'arri\u00e8re dispose d'un espace d\u00e9di\u00e9 \u00e0 la gestion des c\u00e2bles, ce qui le rend facile \u00e0 utiliser. De plus, les poign\u00e9es gauche et droite sont dot\u00e9es d'ouvertures d'a\u00e9ration. Avec la fermeture \u00e9clair ouverte, vous n'avez pas besoin de sortir la DJI Power 1000 de l'\u00e9tui pour l'utiliser.<\/p>","protected":false},"excerpt":{"rendered":"<ul>\n<li>Il est \u00e9galement dot\u00e9 d'un panneau rabattable \u00e0 la place du panneau de la DJI Power 1000 qui recouvre les ports d'alimentation afin de les prot\u00e9ger contre les \u00e9claboussures accidentelles et les gouttes de pluie.<\/li>\n<\/ul>","protected":false},"featured_media":3425,"template":"","meta":{"_acf_changed":false},"product_brand":[],"product_cat":[97,201,327,634,627,415],"product_tag":[],"class_list":{"0":"post-3429","1":"product","2":"type-product","3":"status-publish","4":"has-post-thumbnail","6":"product_cat-alle-producten","7":"product_cat-alle-tassen-en-koffers","8":"product_cat-dji-energy","9":"product_cat-dji-power-1000","10":"product_cat-dji-powerstations","11":"product_cat-energy","12":"product_shipping_class-acsystemsall","13":"pa_brand-dji","14":"pa_productfamily-tas","15":"pa_producttype-tas","16":"pa_series-power-1000","18":"first","19":"instock","20":"taxable","21":"shipping-taxable","22":"purchasable","23":"product-type-simple"},"acf":[],"yoast_head":"<!-- This site is optimized with the Yoast SEO Premium plugin v27.2 (Yoast SEO v27.2) - https:\/\/yoast.com\/product\/yoast-seo-premium-wordpress\/ -->\n<title>DJI Power 1000 Protective Storage Bag - koningdrone.be<\/title>\n<meta name=\"robots\" content=\"index, follow, max-snippet:-1, max-image-preview:large, max-video-preview:-1\" \/>\n<link rel=\"canonical\" href=\"https:\/\/koningdrone.be\/fr\/produit\/dji-power-1000-protective-storage-bag\/\" \/>\n<meta property=\"og:locale\" content=\"fr_FR\" \/>\n<meta property=\"og:type\" content=\"article\" \/>\n<meta property=\"og:title\" content=\"DJI Power 1000 Protective Storage Bag\" \/>\n<meta property=\"og:description\" content=\"Het beschikt ook over een opklapbaar ontwerp op de plaats van het paneel van de DJI Power 1000, dat de voedingspoorten afdekt ter bescherming tegen onbedoelde spatten en regendruppels.\" \/>\n<meta property=\"og:url\" content=\"https:\/\/koningdrone.be\/fr\/produit\/dji-power-1000-protective-storage-bag\/\" \/>\n<meta property=\"og:site_name\" content=\"koningdrone.be\" \/>\n<meta property=\"article:modified_time\" content=\"2026-04-29T02:00:27+00:00\" \/>\n<meta property=\"og:image\" content=\"https:\/\/koningdrone.be\/wp-content\/uploads\/sites\/13\/2025\/04\/d5b5e380bf62d8e1452c5d9199b745df@large.jpg\" \/>\n\t<meta property=\"og:image:width\" content=\"1200\" \/>\n\t<meta property=\"og:image:height\" content=\"800\" \/>\n\t<meta property=\"og:image:type\" content=\"image\/jpeg\" \/>\n<meta name=\"twitter:card\" content=\"summary_large_image\" \/>\n<script type=\"application\/ld+json\" class=\"yoast-schema-graph\">{\"@context\":\"https:\/\/schema.org\",\"@graph\":[{\"@type\":\"WebPage\",\"@id\":\"https:\/\/koningdrone.be\/product\/dji-power-1000-protective-storage-bag\/\",\"url\":\"https:\/\/koningdrone.be\/product\/dji-power-1000-protective-storage-bag\/\",\"name\":\"DJI Power 1000 Protective Storage Bag - koningdrone.be\",\"isPartOf\":{\"@id\":\"https:\/\/koningdrone.be\/#website\"},\"primaryImageOfPage\":{\"@id\":\"https:\/\/koningdrone.be\/product\/dji-power-1000-protective-storage-bag\/#primaryimage\"},\"image\":{\"@id\":\"https:\/\/koningdrone.be\/product\/dji-power-1000-protective-storage-bag\/#primaryimage\"},\"thumbnailUrl\":\"https:\/\/koningdrone.be\/wp-content\/uploads\/sites\/13\/2025\/04\/d5b5e380bf62d8e1452c5d9199b745df@large.jpg\",\"datePublished\":\"2024-09-05T09:43:19+00:00\",\"dateModified\":\"2026-04-29T02:00:27+00:00\",\"breadcrumb\":{\"@id\":\"https:\/\/koningdrone.be\/product\/dji-power-1000-protective-storage-bag\/#breadcrumb\"},\"inLanguage\":\"fr-BE\",\"potentialAction\":[{\"@type\":\"ReadAction\",\"target\":[\"https:\/\/koningdrone.be\/product\/dji-power-1000-protective-storage-bag\/\"]}]},{\"@type\":\"ImageObject\",\"inLanguage\":\"fr-BE\",\"@id\":\"https:\/\/koningdrone.be\/product\/dji-power-1000-protective-storage-bag\/#primaryimage\",\"url\":\"https:\/\/koningdrone.be\/wp-content\/uploads\/sites\/13\/2025\/04\/d5b5e380bf62d8e1452c5d9199b745df@large.jpg\",\"contentUrl\":\"https:\/\/koningdrone.be\/wp-content\/uploads\/sites\/13\/2025\/04\/d5b5e380bf62d8e1452c5d9199b745df@large.jpg\",\"width\":1200,\"height\":800},{\"@type\":\"BreadcrumbList\",\"@id\":\"https:\/\/koningdrone.be\/product\/dji-power-1000-protective-storage-bag\/#breadcrumb\",\"itemListElement\":[{\"@type\":\"ListItem\",\"position\":1,\"name\":\"Home\",\"item\":\"https:\/\/koningdrone.be\/\"},{\"@type\":\"ListItem\",\"position\":2,\"name\":\"AVSS Parachute Recovery System for DJI Matrice 300\/350\",\"item\":\"https:\/\/koningdrone.be\/product\/avss-parachute-recovery-system-for-dji-matrice-300-350\/\"},{\"@type\":\"ListItem\",\"position\":3,\"name\":\"Alle producten\",\"item\":\"https:\/\/koningdrone.be\/categorie\/alle-producten\/\"},{\"@type\":\"ListItem\",\"position\":4,\"name\":\"DJI Power 1000 Protective Storage Bag\"}]},{\"@type\":\"WebSite\",\"@id\":\"https:\/\/koningdrone.be\/#website\",\"url\":\"https:\/\/koningdrone.be\/\",\"name\":\"Koningdrone.be - Uw online specialist in drones, gimbals, camera's en power stations.\",\"description\":\"De webshop in drones en gimbals\",\"publisher\":{\"@id\":\"https:\/\/koningdrone.be\/#organization\"},\"potentialAction\":[{\"@type\":\"SearchAction\",\"target\":{\"@type\":\"EntryPoint\",\"urlTemplate\":\"https:\/\/koningdrone.be\/?s={search_term_string}\"},\"query-input\":{\"@type\":\"PropertyValueSpecification\",\"valueRequired\":true,\"valueName\":\"search_term_string\"}}],\"inLanguage\":\"fr-BE\"},{\"@type\":\"Organization\",\"@id\":\"https:\/\/koningdrone.be\/#organization\",\"name\":\"Koningdrone.be\",\"url\":\"https:\/\/koningdrone.be\/\",\"logo\":{\"@type\":\"ImageObject\",\"inLanguage\":\"fr-BE\",\"@id\":\"https:\/\/koningdrone.be\/#\/schema\/logo\/image\/\",\"url\":\"https:\/\/koningdrone.be\/wp-content\/uploads\/sites\/13\/2025\/04\/koningdrone-copyright-logo.svg\",\"contentUrl\":\"https:\/\/koningdrone.be\/wp-content\/uploads\/sites\/13\/2025\/04\/koningdrone-copyright-logo.svg\",\"width\":227,\"height\":38,\"caption\":\"Koningdrone.be\"},\"image\":{\"@id\":\"https:\/\/koningdrone.be\/#\/schema\/logo\/image\/\"}}]}<\/script>\n<!-- \/ Yoast SEO Premium plugin. -->","yoast_head_json":{"title":"DJI Power 1000 Protective Storage Bag - koningdrone.be","robots":{"index":"index","follow":"follow","max-snippet":"max-snippet:-1","max-image-preview":"max-image-preview:large","max-video-preview":"max-video-preview:-1"},"canonical":"https:\/\/koningdrone.be\/fr\/produit\/dji-power-1000-protective-storage-bag\/","og_locale":"fr_FR","og_type":"article","og_title":"DJI Power 1000 Protective Storage Bag","og_description":"Het beschikt ook over een opklapbaar ontwerp op de plaats van het paneel van de DJI Power 1000, dat de voedingspoorten afdekt ter bescherming tegen onbedoelde spatten en regendruppels.","og_url":"https:\/\/koningdrone.be\/fr\/produit\/dji-power-1000-protective-storage-bag\/","og_site_name":"koningdrone.be","article_modified_time":"2026-04-29T02:00:27+00:00","og_image":[{"width":1200,"height":800,"url":"https:\/\/koningdrone.be\/wp-content\/uploads\/sites\/13\/2025\/04\/d5b5e380bf62d8e1452c5d9199b745df@large.jpg","type":"image\/jpeg"}],"twitter_card":"summary_large_image","schema":{"@context":"https:\/\/schema.org","@graph":[{"@type":"WebPage","@id":"https:\/\/koningdrone.be\/product\/dji-power-1000-protective-storage-bag\/","url":"https:\/\/koningdrone.be\/product\/dji-power-1000-protective-storage-bag\/","name":"DJI Power 1000 Protective Storage Bag - koningdrone.be","isPartOf":{"@id":"https:\/\/koningdrone.be\/#website"},"primaryImageOfPage":{"@id":"https:\/\/koningdrone.be\/product\/dji-power-1000-protective-storage-bag\/#primaryimage"},"image":{"@id":"https:\/\/koningdrone.be\/product\/dji-power-1000-protective-storage-bag\/#primaryimage"},"thumbnailUrl":"https:\/\/koningdrone.be\/wp-content\/uploads\/sites\/13\/2025\/04\/d5b5e380bf62d8e1452c5d9199b745df@large.jpg","datePublished":"2024-09-05T09:43:19+00:00","dateModified":"2026-04-29T02:00:27+00:00","breadcrumb":{"@id":"https:\/\/koningdrone.be\/product\/dji-power-1000-protective-storage-bag\/#breadcrumb"},"inLanguage":"fr-BE","potentialAction":[{"@type":"ReadAction","target":["https:\/\/koningdrone.be\/product\/dji-power-1000-protective-storage-bag\/"]}]},{"@type":"ImageObject","inLanguage":"fr-BE","@id":"https:\/\/koningdrone.be\/product\/dji-power-1000-protective-storage-bag\/#primaryimage","url":"https:\/\/koningdrone.be\/wp-content\/uploads\/sites\/13\/2025\/04\/d5b5e380bf62d8e1452c5d9199b745df@large.jpg","contentUrl":"https:\/\/koningdrone.be\/wp-content\/uploads\/sites\/13\/2025\/04\/d5b5e380bf62d8e1452c5d9199b745df@large.jpg","width":1200,"height":800},{"@type":"BreadcrumbList","@id":"https:\/\/koningdrone.be\/product\/dji-power-1000-protective-storage-bag\/#breadcrumb","itemListElement":[{"@type":"ListItem","position":1,"name":"Home","item":"https:\/\/koningdrone.be\/"},{"@type":"ListItem","position":2,"name":"AVSS Parachute Recovery System for DJI Matrice 300\/350","item":"https:\/\/koningdrone.be\/product\/avss-parachute-recovery-system-for-dji-matrice-300-350\/"},{"@type":"ListItem","position":3,"name":"Alle producten","item":"https:\/\/koningdrone.be\/categorie\/alle-producten\/"},{"@type":"ListItem","position":4,"name":"DJI Power 1000 Protective Storage Bag"}]},{"@type":"WebSite","@id":"https:\/\/koningdrone.be\/#website","url":"https:\/\/koningdrone.be\/","name":"Koningdrone.be - Votre sp\u00e9cialiste en ligne en mati\u00e8re de drones, de cardans, de cam\u00e9ras et de centrales \u00e9lectriques.","description":"La boutique en ligne de drones et de cardans","publisher":{"@id":"https:\/\/koningdrone.be\/#organization"},"potentialAction":[{"@type":"SearchAction","target":{"@type":"EntryPoint","urlTemplate":"https:\/\/koningdrone.be\/?s={search_term_string}"},"query-input":{"@type":"PropertyValueSpecification","valueRequired":true,"valueName":"search_term_string"}}],"inLanguage":"fr-BE"},{"@type":"Organization","@id":"https:\/\/koningdrone.be\/#organization","name":"Kingdrone.co.uk","url":"https:\/\/koningdrone.be\/","logo":{"@type":"ImageObject","inLanguage":"fr-BE","@id":"https:\/\/koningdrone.be\/#\/schema\/logo\/image\/","url":"https:\/\/koningdrone.be\/wp-content\/uploads\/sites\/13\/2025\/04\/koningdrone-copyright-logo.svg","contentUrl":"https:\/\/koningdrone.be\/wp-content\/uploads\/sites\/13\/2025\/04\/koningdrone-copyright-logo.svg","width":227,"height":38,"caption":"Koningdrone.be"},"image":{"@id":"https:\/\/koningdrone.be\/#\/schema\/logo\/image\/"}}]}},"df_price":91,"df_sale_price":"","df_regular_price":91,"df_image_link":"https:\/\/koningdrone.be\/wp-content\/uploads\/sites\/13\/2025\/04\/d5b5e380bf62d8e1452c5d9199b745df@large-300x200.jpg","_links":{"self":[{"href":"https:\/\/koningdrone.be\/fr\/wp-json\/wp\/v2\/product\/3429","targetHints":{"allow":["GET"]}}],"collection":[{"href":"https:\/\/koningdrone.be\/fr\/wp-json\/wp\/v2\/product"}],"about":[{"href":"https:\/\/koningdrone.be\/fr\/wp-json\/wp\/v2\/types\/product"}],"wp:featuredmedia":[{"embeddable":true,"href":"https:\/\/koningdrone.be\/fr\/wp-json\/wp\/v2\/media\/3425"}],"wp:attachment":[{"href":"https:\/\/koningdrone.be\/fr\/wp-json\/wp\/v2\/media?parent=3429"}],"wp:term":[{"taxonomy":"product_brand","embeddable":true,"href":"https:\/\/koningdrone.be\/fr\/wp-json\/wp\/v2\/product_brand?post=3429"},{"taxonomy":"product_cat","embeddable":true,"href":"https:\/\/koningdrone.be\/fr\/wp-json\/wp\/v2\/product_cat?post=3429"},{"taxonomy":"product_tag","embeddable":true,"href":"https:\/\/koningdrone.be\/fr\/wp-json\/wp\/v2\/product_tag?post=3429"}],"curies":[{"name":"wp","href":"https:\/\/api.w.org\/{rel}","templated":true}]}}