{"id":3402,"date":"2024-09-05T11:46:43","date_gmt":"2024-09-05T09:46:43","guid":{"rendered":"https:\/\/koningdrone.nl\/kon\/product\/dji-mini-2-se-single-unit-incl-dji-rc-n1-controller-co-label\/"},"modified":"2026-04-29T14:01:03","modified_gmt":"2026-04-29T12:01:03","slug":"dji-mini-2-se-single-unit-incl-dji-rc-n1-controller-co-label","status":"publish","type":"product","link":"https:\/\/koningdrone.be\/fr\/produit\/dji-mini-2-se-single-unit-incl-dji-rc-n1-controller-co-label\/","title":{"rendered":"DJI Mini 2 SE - Unit\u00e9 simple avec contr\u00f4leur DJI RC-N1 - Label CO"},"content":{"rendered":"<p>Volez plus longtemps avec le Mini 2 SE de DJI. Par rapport \u00e0 la g\u00e9n\u00e9ration pr\u00e9c\u00e9dente, le Mini 2 SE a am\u00e9lior\u00e9 la r\u00e9sistance au vent et l'autonomie de la batterie, et offre d\u00e9sormais jusqu'\u00e0 31 minutes d'autonomie de vol. Le Mini 2 SE capture de superbes vid\u00e9os en 2,7K, utilise OcuSync 2.0 pour une port\u00e9e de transmission allant jusqu'\u00e0 10 km et inclut une multitude de fonctions automatis\u00e9es pour faciliter le pilotage. Ajoutez \u00e0 cela un design pliable et une vari\u00e9t\u00e9 de modes de suivi et d'imagerie, et vous obtenez un drone facile \u00e0 transporter et adapt\u00e9 \u00e0 la photographie a\u00e9rienne spontan\u00e9e personnelle et professionnelle.<\/p>","protected":false},"excerpt":{"rendered":"<ul>\n<li>L'avion combine le GNSS avec le syst\u00e8me de vision vers le bas et le syst\u00e8me de d\u00e9tection infrarouge pour rester en vol stationnaire de mani\u00e8re stable et pr\u00e9cise, ce qui vous permet de voler en toute confiance.<\/li>\n<\/ul>","protected":false},"featured_media":3394,"template":"","meta":{"_acf_changed":false},"product_brand":[],"product_cat":[135,97,136,611,177],"product_tag":[],"class_list":{"0":"post-3402","1":"product","2":"type-product","3":"status-publish","4":"has-post-thumbnail","6":"product_cat-alle-drones","7":"product_cat-alle-producten","8":"product_cat-consumer-drones","9":"product_cat-dji-mini-2","10":"product_cat-drones-zonder-certificaat","11":"product_shipping_class-outofstock","12":"pa_brand-dji","13":"pa_dronegrade-consumer","14":"pa_productfamily-drone","15":"pa_producttype-drone","16":"pa_series-mini-2","18":"first","19":"outofstock","20":"taxable","21":"shipping-taxable","22":"product-type-simple"},"acf":[],"yoast_head":"<!-- This site is optimized with the Yoast SEO Premium plugin v27.2 (Yoast SEO v27.2) - https:\/\/yoast.com\/product\/yoast-seo-premium-wordpress\/ -->\n<title>DJI Mini 2 SE - Single unit incl. DJI RC-N1 controller - CO Label - koningdrone.be<\/title>\n<meta name=\"robots\" content=\"index, follow, max-snippet:-1, max-image-preview:large, max-video-preview:-1\" \/>\n<link rel=\"canonical\" href=\"https:\/\/koningdrone.be\/fr\/produit\/dji-mini-2-se-single-unit-incl-dji-rc-n1-controller-co-label\/\" \/>\n<meta property=\"og:locale\" content=\"fr_FR\" \/>\n<meta property=\"og:type\" content=\"article\" \/>\n<meta property=\"og:title\" content=\"DJI Mini 2 SE - Single unit incl. DJI RC-N1 controller - CO Label\" \/>\n<meta property=\"og:description\" content=\"Het vliegtuig combineert GNSS met het neerwaarts zichtsysteem en het infrarood detectiesysteem om stabiel en nauwkeurig te zweven, zodat je met vertrouwen kunt vliegen.\" \/>\n<meta property=\"og:url\" content=\"https:\/\/koningdrone.be\/fr\/produit\/dji-mini-2-se-single-unit-incl-dji-rc-n1-controller-co-label\/\" \/>\n<meta property=\"og:site_name\" content=\"koningdrone.be\" \/>\n<meta property=\"article:modified_time\" content=\"2026-04-29T12:01:03+00:00\" \/>\n<meta property=\"og:image\" content=\"https:\/\/koningdrone.be\/wp-content\/uploads\/sites\/13\/2025\/04\/a67d0e9996d950c56f5495d8283e6c41@ultra.jpg\" \/>\n\t<meta property=\"og:image:width\" content=\"1280\" \/>\n\t<meta property=\"og:image:height\" content=\"1280\" \/>\n\t<meta property=\"og:image:type\" content=\"image\/jpeg\" \/>\n<meta name=\"twitter:card\" content=\"summary_large_image\" \/>\n<meta name=\"twitter:label1\" content=\"Dur\u00e9e de lecture est.\" \/>\n\t<meta name=\"twitter:data1\" content=\"3 minutes\" \/>\n<script type=\"application\/ld+json\" class=\"yoast-schema-graph\">{\"@context\":\"https:\/\/schema.org\",\"@graph\":[{\"@type\":\"WebPage\",\"@id\":\"https:\/\/koningdrone.be\/product\/dji-mini-2-se-single-unit-incl-dji-rc-n1-controller-co-label\/\",\"url\":\"https:\/\/koningdrone.be\/product\/dji-mini-2-se-single-unit-incl-dji-rc-n1-controller-co-label\/\",\"name\":\"DJI Mini 2 SE - Single unit incl. DJI RC-N1 controller - CO Label - koningdrone.be\",\"isPartOf\":{\"@id\":\"https:\/\/koningdrone.be\/#website\"},\"primaryImageOfPage\":{\"@id\":\"https:\/\/koningdrone.be\/product\/dji-mini-2-se-single-unit-incl-dji-rc-n1-controller-co-label\/#primaryimage\"},\"image\":{\"@id\":\"https:\/\/koningdrone.be\/product\/dji-mini-2-se-single-unit-incl-dji-rc-n1-controller-co-label\/#primaryimage\"},\"thumbnailUrl\":\"https:\/\/koningdrone.be\/wp-content\/uploads\/sites\/13\/2025\/04\/a67d0e9996d950c56f5495d8283e6c41@ultra.jpg\",\"datePublished\":\"2024-09-05T09:46:43+00:00\",\"dateModified\":\"2026-04-29T12:01:03+00:00\",\"breadcrumb\":{\"@id\":\"https:\/\/koningdrone.be\/product\/dji-mini-2-se-single-unit-incl-dji-rc-n1-controller-co-label\/#breadcrumb\"},\"inLanguage\":\"fr-BE\",\"potentialAction\":[{\"@type\":\"ReadAction\",\"target\":[\"https:\/\/koningdrone.be\/product\/dji-mini-2-se-single-unit-incl-dji-rc-n1-controller-co-label\/\"]}]},{\"@type\":\"ImageObject\",\"inLanguage\":\"fr-BE\",\"@id\":\"https:\/\/koningdrone.be\/product\/dji-mini-2-se-single-unit-incl-dji-rc-n1-controller-co-label\/#primaryimage\",\"url\":\"https:\/\/koningdrone.be\/wp-content\/uploads\/sites\/13\/2025\/04\/a67d0e9996d950c56f5495d8283e6c41@ultra.jpg\",\"contentUrl\":\"https:\/\/koningdrone.be\/wp-content\/uploads\/sites\/13\/2025\/04\/a67d0e9996d950c56f5495d8283e6c41@ultra.jpg\",\"width\":1280,\"height\":1280},{\"@type\":\"BreadcrumbList\",\"@id\":\"https:\/\/koningdrone.be\/product\/dji-mini-2-se-single-unit-incl-dji-rc-n1-controller-co-label\/#breadcrumb\",\"itemListElement\":[{\"@type\":\"ListItem\",\"position\":1,\"name\":\"Home\",\"item\":\"https:\/\/koningdrone.be\/\"},{\"@type\":\"ListItem\",\"position\":2,\"name\":\"AVSS Parachute Recovery System for DJI Matrice 300\/350\",\"item\":\"https:\/\/koningdrone.be\/product\/avss-parachute-recovery-system-for-dji-matrice-300-350\/\"},{\"@type\":\"ListItem\",\"position\":3,\"name\":\"Alle drones\",\"item\":\"https:\/\/koningdrone.be\/categorie\/alle-drones\/\"},{\"@type\":\"ListItem\",\"position\":4,\"name\":\"DJI Mini 2 SE &#8211; Single unit incl. DJI RC-N1 controller &#8211; CO Label\"}]},{\"@type\":\"WebSite\",\"@id\":\"https:\/\/koningdrone.be\/#website\",\"url\":\"https:\/\/koningdrone.be\/\",\"name\":\"Koningdrone.be - Uw online specialist in drones, gimbals, camera's en power stations.\",\"description\":\"De webshop in drones en gimbals\",\"publisher\":{\"@id\":\"https:\/\/koningdrone.be\/#organization\"},\"potentialAction\":[{\"@type\":\"SearchAction\",\"target\":{\"@type\":\"EntryPoint\",\"urlTemplate\":\"https:\/\/koningdrone.be\/?s={search_term_string}\"},\"query-input\":{\"@type\":\"PropertyValueSpecification\",\"valueRequired\":true,\"valueName\":\"search_term_string\"}}],\"inLanguage\":\"fr-BE\"},{\"@type\":\"Organization\",\"@id\":\"https:\/\/koningdrone.be\/#organization\",\"name\":\"Koningdrone.be\",\"url\":\"https:\/\/koningdrone.be\/\",\"logo\":{\"@type\":\"ImageObject\",\"inLanguage\":\"fr-BE\",\"@id\":\"https:\/\/koningdrone.be\/#\/schema\/logo\/image\/\",\"url\":\"https:\/\/koningdrone.be\/wp-content\/uploads\/sites\/13\/2025\/04\/koningdrone-copyright-logo.svg\",\"contentUrl\":\"https:\/\/koningdrone.be\/wp-content\/uploads\/sites\/13\/2025\/04\/koningdrone-copyright-logo.svg\",\"width\":227,\"height\":38,\"caption\":\"Koningdrone.be\"},\"image\":{\"@id\":\"https:\/\/koningdrone.be\/#\/schema\/logo\/image\/\"}}]}<\/script>\n<!-- \/ Yoast SEO Premium plugin. -->","yoast_head_json":{"title":"DJI Mini 2 SE - Single unit incl. DJI RC-N1 controller - CO Label - koningdrone.be","robots":{"index":"index","follow":"follow","max-snippet":"max-snippet:-1","max-image-preview":"max-image-preview:large","max-video-preview":"max-video-preview:-1"},"canonical":"https:\/\/koningdrone.be\/fr\/produit\/dji-mini-2-se-single-unit-incl-dji-rc-n1-controller-co-label\/","og_locale":"fr_FR","og_type":"article","og_title":"DJI Mini 2 SE - Single unit incl. DJI RC-N1 controller - CO Label","og_description":"Het vliegtuig combineert GNSS met het neerwaarts zichtsysteem en het infrarood detectiesysteem om stabiel en nauwkeurig te zweven, zodat je met vertrouwen kunt vliegen.","og_url":"https:\/\/koningdrone.be\/fr\/produit\/dji-mini-2-se-single-unit-incl-dji-rc-n1-controller-co-label\/","og_site_name":"koningdrone.be","article_modified_time":"2026-04-29T12:01:03+00:00","og_image":[{"width":1280,"height":1280,"url":"https:\/\/koningdrone.be\/wp-content\/uploads\/sites\/13\/2025\/04\/a67d0e9996d950c56f5495d8283e6c41@ultra.jpg","type":"image\/jpeg"}],"twitter_card":"summary_large_image","twitter_misc":{"Dur\u00e9e de lecture est.":"3 minutes"},"schema":{"@context":"https:\/\/schema.org","@graph":[{"@type":"WebPage","@id":"https:\/\/koningdrone.be\/product\/dji-mini-2-se-single-unit-incl-dji-rc-n1-controller-co-label\/","url":"https:\/\/koningdrone.be\/product\/dji-mini-2-se-single-unit-incl-dji-rc-n1-controller-co-label\/","name":"DJI Mini 2 SE - Single unit incl. DJI RC-N1 controller - CO Label - koningdrone.be","isPartOf":{"@id":"https:\/\/koningdrone.be\/#website"},"primaryImageOfPage":{"@id":"https:\/\/koningdrone.be\/product\/dji-mini-2-se-single-unit-incl-dji-rc-n1-controller-co-label\/#primaryimage"},"image":{"@id":"https:\/\/koningdrone.be\/product\/dji-mini-2-se-single-unit-incl-dji-rc-n1-controller-co-label\/#primaryimage"},"thumbnailUrl":"https:\/\/koningdrone.be\/wp-content\/uploads\/sites\/13\/2025\/04\/a67d0e9996d950c56f5495d8283e6c41@ultra.jpg","datePublished":"2024-09-05T09:46:43+00:00","dateModified":"2026-04-29T12:01:03+00:00","breadcrumb":{"@id":"https:\/\/koningdrone.be\/product\/dji-mini-2-se-single-unit-incl-dji-rc-n1-controller-co-label\/#breadcrumb"},"inLanguage":"fr-BE","potentialAction":[{"@type":"ReadAction","target":["https:\/\/koningdrone.be\/product\/dji-mini-2-se-single-unit-incl-dji-rc-n1-controller-co-label\/"]}]},{"@type":"ImageObject","inLanguage":"fr-BE","@id":"https:\/\/koningdrone.be\/product\/dji-mini-2-se-single-unit-incl-dji-rc-n1-controller-co-label\/#primaryimage","url":"https:\/\/koningdrone.be\/wp-content\/uploads\/sites\/13\/2025\/04\/a67d0e9996d950c56f5495d8283e6c41@ultra.jpg","contentUrl":"https:\/\/koningdrone.be\/wp-content\/uploads\/sites\/13\/2025\/04\/a67d0e9996d950c56f5495d8283e6c41@ultra.jpg","width":1280,"height":1280},{"@type":"BreadcrumbList","@id":"https:\/\/koningdrone.be\/product\/dji-mini-2-se-single-unit-incl-dji-rc-n1-controller-co-label\/#breadcrumb","itemListElement":[{"@type":"ListItem","position":1,"name":"Home","item":"https:\/\/koningdrone.be\/"},{"@type":"ListItem","position":2,"name":"AVSS Parachute Recovery System for DJI Matrice 300\/350","item":"https:\/\/koningdrone.be\/product\/avss-parachute-recovery-system-for-dji-matrice-300-350\/"},{"@type":"ListItem","position":3,"name":"Alle drones","item":"https:\/\/koningdrone.be\/categorie\/alle-drones\/"},{"@type":"ListItem","position":4,"name":"DJI Mini 2 SE &#8211; Single unit incl. DJI RC-N1 controller &#8211; CO Label"}]},{"@type":"WebSite","@id":"https:\/\/koningdrone.be\/#website","url":"https:\/\/koningdrone.be\/","name":"Koningdrone.be - Votre sp\u00e9cialiste en ligne en mati\u00e8re de drones, de cardans, de cam\u00e9ras et de centrales \u00e9lectriques.","description":"La boutique en ligne de drones et de cardans","publisher":{"@id":"https:\/\/koningdrone.be\/#organization"},"potentialAction":[{"@type":"SearchAction","target":{"@type":"EntryPoint","urlTemplate":"https:\/\/koningdrone.be\/?s={search_term_string}"},"query-input":{"@type":"PropertyValueSpecification","valueRequired":true,"valueName":"search_term_string"}}],"inLanguage":"fr-BE"},{"@type":"Organization","@id":"https:\/\/koningdrone.be\/#organization","name":"Kingdrone.co.uk","url":"https:\/\/koningdrone.be\/","logo":{"@type":"ImageObject","inLanguage":"fr-BE","@id":"https:\/\/koningdrone.be\/#\/schema\/logo\/image\/","url":"https:\/\/koningdrone.be\/wp-content\/uploads\/sites\/13\/2025\/04\/koningdrone-copyright-logo.svg","contentUrl":"https:\/\/koningdrone.be\/wp-content\/uploads\/sites\/13\/2025\/04\/koningdrone-copyright-logo.svg","width":227,"height":38,"caption":"Koningdrone.be"},"image":{"@id":"https:\/\/koningdrone.be\/#\/schema\/logo\/image\/"}}]}},"df_price":"","df_sale_price":"","df_regular_price":"","df_image_link":"https:\/\/koningdrone.be\/wp-content\/uploads\/sites\/13\/2025\/04\/a67d0e9996d950c56f5495d8283e6c41@ultra-300x300.jpg","_links":{"self":[{"href":"https:\/\/koningdrone.be\/fr\/wp-json\/wp\/v2\/product\/3402","targetHints":{"allow":["GET"]}}],"collection":[{"href":"https:\/\/koningdrone.be\/fr\/wp-json\/wp\/v2\/product"}],"about":[{"href":"https:\/\/koningdrone.be\/fr\/wp-json\/wp\/v2\/types\/product"}],"wp:featuredmedia":[{"embeddable":true,"href":"https:\/\/koningdrone.be\/fr\/wp-json\/wp\/v2\/media\/3394"}],"wp:attachment":[{"href":"https:\/\/koningdrone.be\/fr\/wp-json\/wp\/v2\/media?parent=3402"}],"wp:term":[{"taxonomy":"product_brand","embeddable":true,"href":"https:\/\/koningdrone.be\/fr\/wp-json\/wp\/v2\/product_brand?post=3402"},{"taxonomy":"product_cat","embeddable":true,"href":"https:\/\/koningdrone.be\/fr\/wp-json\/wp\/v2\/product_cat?post=3402"},{"taxonomy":"product_tag","embeddable":true,"href":"https:\/\/koningdrone.be\/fr\/wp-json\/wp\/v2\/product_tag?post=3402"}],"curies":[{"name":"wp","href":"https:\/\/api.w.org\/{rel}","templated":true}]}}