{"id":3358,"date":"2024-09-05T11:46:43","date_gmt":"2024-09-05T09:46:43","guid":{"rendered":"https:\/\/koningdrone.nl\/kon\/product\/dji-zignes-120w-solar-panel\/"},"modified":"2026-04-29T15:00:28","modified_gmt":"2026-04-29T13:00:28","slug":"dji-zignes-120w-solar-panel","status":"publish","type":"product","link":"https:\/\/koningdrone.be\/fr\/produit\/dji-zignes-120w-solar-panel\/","title":{"rendered":"Panneau solaire DJI Zignes 120W"},"content":{"rendered":"<p>Le panneau solaire Zignes utilise l'\u00e9nergie solaire pour recharger les centrales DJI Power Series de mani\u00e8re \u00e9cologique, avec un panneau atteignant une capacit\u00e9 de charge maximale de 120 W. Gr\u00e2ce \u00e0 sa conception pliable, le panneau est pratique \u00e0 ranger et \u00e0 transporter, et il est livr\u00e9 avec un support pour une installation facile sans avoir besoin de supports suppl\u00e9mentaires.<\/p>","protected":false},"excerpt":{"rendered":"<ul>\n<li>Le panneau solaire Zignes 120W n\u00e9cessite l'utilisation d'un module adaptateur de panneau solaire DJI Power (MPPT) ou d'un c\u00e2ble d'alimentation DJI Power Car Outlet to SDC Power Cable (12V\/24V) pour la connexion aux centrales \u00e9lectriques de la s\u00e9rie DJI Power. Achetez les accessoires n\u00e9cessaires.<\/li>\n<li>Chaque module adaptateur de panneau solaire DJI Power (MPPT) peut alors \u00eatre connect\u00e9 \u00e0 un \u00e0 trois panneaux solaires, tandis que le c\u00e2ble d'alimentation DJI Power Car Outlet to SDC Power Cable (12V\/24V) peut \u00eatre connect\u00e9 \u00e0 un maximum d'un panneau solaire.<\/li>\n<\/ul>","protected":false},"featured_media":3353,"template":"","meta":{"_acf_changed":false},"product_brand":[],"product_cat":[97,586,327,627,616,198],"product_tag":[],"class_list":{"0":"post-3358","1":"product","2":"type-product","3":"status-publish","4":"has-post-thumbnail","6":"product_cat-alle-producten","7":"product_cat-dji","8":"product_cat-dji-energy","9":"product_cat-dji-powerstations","10":"product_cat-dji-zignes","11":"product_cat-zonnepanelen","12":"product_shipping_class-outofstock","13":"pa_brand-dji","14":"pa_productfamily-zonnepaneel","15":"pa_producttype-zonnepaneel","16":"pa_series-zignes","18":"first","19":"outofstock","20":"taxable","21":"shipping-taxable","22":"purchasable","23":"product-type-simple"},"acf":[],"yoast_head":"<!-- This site is optimized with the Yoast SEO Premium plugin v27.2 (Yoast SEO v27.2) - https:\/\/yoast.com\/product\/yoast-seo-premium-wordpress\/ -->\n<title>DJI Zignes 120W Solar Panel - koningdrone.be<\/title>\n<meta name=\"robots\" content=\"index, follow, max-snippet:-1, max-image-preview:large, max-video-preview:-1\" \/>\n<link rel=\"canonical\" href=\"https:\/\/koningdrone.be\/fr\/produit\/dji-zignes-120w-solar-panel\/\" \/>\n<meta property=\"og:locale\" content=\"fr_FR\" \/>\n<meta property=\"og:type\" content=\"article\" \/>\n<meta property=\"og:title\" content=\"DJI Zignes 120W Solar Panel\" \/>\n<meta property=\"og:description\" content=\"Het Zignes 120W zonnepaneel vereist het gebruik van een DJI Power Solar Panel Adapter Module (MPPT) of een DJI Power Car Power Outlet naar SDC Power Cable (12V\/24V) voor aansluiting op de DJI Power-serie energiecentrales. Koop de benodigde accessoires.  Elke DJI Power Solar Panel Adapter Module (MPPT) kan dan worden aangesloten op \u00e9\u00e9n tot drie zonnepanelen, terwijl de DJI Power Car Power Outlet to SDC Power Cable (12V\/24V) kan worden aangesloten op maximaal \u00e9\u00e9n zonnepaneel.\" \/>\n<meta property=\"og:url\" content=\"https:\/\/koningdrone.be\/fr\/produit\/dji-zignes-120w-solar-panel\/\" \/>\n<meta property=\"og:site_name\" content=\"koningdrone.be\" \/>\n<meta property=\"article:modified_time\" content=\"2026-04-29T13:00:28+00:00\" \/>\n<meta property=\"og:image\" content=\"https:\/\/koningdrone.be\/wp-content\/uploads\/sites\/13\/2025\/04\/cd3ef7d4cd0a7ac94c4f86584ab8a202@large.jpg\" \/>\n\t<meta property=\"og:image:width\" content=\"1200\" \/>\n\t<meta property=\"og:image:height\" content=\"800\" \/>\n\t<meta property=\"og:image:type\" content=\"image\/jpeg\" \/>\n<meta name=\"twitter:card\" content=\"summary_large_image\" \/>\n<script type=\"application\/ld+json\" class=\"yoast-schema-graph\">{\"@context\":\"https:\/\/schema.org\",\"@graph\":[{\"@type\":\"WebPage\",\"@id\":\"https:\/\/koningdrone.be\/product\/dji-zignes-120w-solar-panel\/\",\"url\":\"https:\/\/koningdrone.be\/product\/dji-zignes-120w-solar-panel\/\",\"name\":\"DJI Zignes 120W Solar Panel - koningdrone.be\",\"isPartOf\":{\"@id\":\"https:\/\/koningdrone.be\/#website\"},\"primaryImageOfPage\":{\"@id\":\"https:\/\/koningdrone.be\/product\/dji-zignes-120w-solar-panel\/#primaryimage\"},\"image\":{\"@id\":\"https:\/\/koningdrone.be\/product\/dji-zignes-120w-solar-panel\/#primaryimage\"},\"thumbnailUrl\":\"https:\/\/koningdrone.be\/wp-content\/uploads\/sites\/13\/2025\/04\/cd3ef7d4cd0a7ac94c4f86584ab8a202@large.jpg\",\"datePublished\":\"2024-09-05T09:46:43+00:00\",\"dateModified\":\"2026-04-29T13:00:28+00:00\",\"breadcrumb\":{\"@id\":\"https:\/\/koningdrone.be\/product\/dji-zignes-120w-solar-panel\/#breadcrumb\"},\"inLanguage\":\"fr-BE\",\"potentialAction\":[{\"@type\":\"ReadAction\",\"target\":[\"https:\/\/koningdrone.be\/product\/dji-zignes-120w-solar-panel\/\"]}]},{\"@type\":\"ImageObject\",\"inLanguage\":\"fr-BE\",\"@id\":\"https:\/\/koningdrone.be\/product\/dji-zignes-120w-solar-panel\/#primaryimage\",\"url\":\"https:\/\/koningdrone.be\/wp-content\/uploads\/sites\/13\/2025\/04\/cd3ef7d4cd0a7ac94c4f86584ab8a202@large.jpg\",\"contentUrl\":\"https:\/\/koningdrone.be\/wp-content\/uploads\/sites\/13\/2025\/04\/cd3ef7d4cd0a7ac94c4f86584ab8a202@large.jpg\",\"width\":1200,\"height\":800},{\"@type\":\"BreadcrumbList\",\"@id\":\"https:\/\/koningdrone.be\/product\/dji-zignes-120w-solar-panel\/#breadcrumb\",\"itemListElement\":[{\"@type\":\"ListItem\",\"position\":1,\"name\":\"Home\",\"item\":\"https:\/\/koningdrone.be\/\"},{\"@type\":\"ListItem\",\"position\":2,\"name\":\"AVSS Parachute Recovery System for DJI Matrice 300\/350\",\"item\":\"https:\/\/koningdrone.be\/product\/avss-parachute-recovery-system-for-dji-matrice-300-350\/\"},{\"@type\":\"ListItem\",\"position\":3,\"name\":\"Alle producten\",\"item\":\"https:\/\/koningdrone.be\/categorie\/alle-producten\/\"},{\"@type\":\"ListItem\",\"position\":4,\"name\":\"DJI Zignes 120W Solar Panel\"}]},{\"@type\":\"WebSite\",\"@id\":\"https:\/\/koningdrone.be\/#website\",\"url\":\"https:\/\/koningdrone.be\/\",\"name\":\"Koningdrone.be - Uw online specialist in drones, gimbals, camera's en power stations.\",\"description\":\"De webshop in drones en gimbals\",\"publisher\":{\"@id\":\"https:\/\/koningdrone.be\/#organization\"},\"potentialAction\":[{\"@type\":\"SearchAction\",\"target\":{\"@type\":\"EntryPoint\",\"urlTemplate\":\"https:\/\/koningdrone.be\/?s={search_term_string}\"},\"query-input\":{\"@type\":\"PropertyValueSpecification\",\"valueRequired\":true,\"valueName\":\"search_term_string\"}}],\"inLanguage\":\"fr-BE\"},{\"@type\":\"Organization\",\"@id\":\"https:\/\/koningdrone.be\/#organization\",\"name\":\"Koningdrone.be\",\"url\":\"https:\/\/koningdrone.be\/\",\"logo\":{\"@type\":\"ImageObject\",\"inLanguage\":\"fr-BE\",\"@id\":\"https:\/\/koningdrone.be\/#\/schema\/logo\/image\/\",\"url\":\"https:\/\/koningdrone.be\/wp-content\/uploads\/sites\/13\/2025\/04\/koningdrone-copyright-logo.svg\",\"contentUrl\":\"https:\/\/koningdrone.be\/wp-content\/uploads\/sites\/13\/2025\/04\/koningdrone-copyright-logo.svg\",\"width\":227,\"height\":38,\"caption\":\"Koningdrone.be\"},\"image\":{\"@id\":\"https:\/\/koningdrone.be\/#\/schema\/logo\/image\/\"}}]}<\/script>\n<!-- \/ Yoast SEO Premium plugin. -->","yoast_head_json":{"title":"DJI Zignes 120W Solar Panel - koningdrone.be","robots":{"index":"index","follow":"follow","max-snippet":"max-snippet:-1","max-image-preview":"max-image-preview:large","max-video-preview":"max-video-preview:-1"},"canonical":"https:\/\/koningdrone.be\/fr\/produit\/dji-zignes-120w-solar-panel\/","og_locale":"fr_FR","og_type":"article","og_title":"DJI Zignes 120W Solar Panel","og_description":"Het Zignes 120W zonnepaneel vereist het gebruik van een DJI Power Solar Panel Adapter Module (MPPT) of een DJI Power Car Power Outlet naar SDC Power Cable (12V\/24V) voor aansluiting op de DJI Power-serie energiecentrales. Koop de benodigde accessoires.  Elke DJI Power Solar Panel Adapter Module (MPPT) kan dan worden aangesloten op \u00e9\u00e9n tot drie zonnepanelen, terwijl de DJI Power Car Power Outlet to SDC Power Cable (12V\/24V) kan worden aangesloten op maximaal \u00e9\u00e9n zonnepaneel.","og_url":"https:\/\/koningdrone.be\/fr\/produit\/dji-zignes-120w-solar-panel\/","og_site_name":"koningdrone.be","article_modified_time":"2026-04-29T13:00:28+00:00","og_image":[{"width":1200,"height":800,"url":"https:\/\/koningdrone.be\/wp-content\/uploads\/sites\/13\/2025\/04\/cd3ef7d4cd0a7ac94c4f86584ab8a202@large.jpg","type":"image\/jpeg"}],"twitter_card":"summary_large_image","schema":{"@context":"https:\/\/schema.org","@graph":[{"@type":"WebPage","@id":"https:\/\/koningdrone.be\/product\/dji-zignes-120w-solar-panel\/","url":"https:\/\/koningdrone.be\/product\/dji-zignes-120w-solar-panel\/","name":"DJI Zignes 120W Solar Panel - koningdrone.be","isPartOf":{"@id":"https:\/\/koningdrone.be\/#website"},"primaryImageOfPage":{"@id":"https:\/\/koningdrone.be\/product\/dji-zignes-120w-solar-panel\/#primaryimage"},"image":{"@id":"https:\/\/koningdrone.be\/product\/dji-zignes-120w-solar-panel\/#primaryimage"},"thumbnailUrl":"https:\/\/koningdrone.be\/wp-content\/uploads\/sites\/13\/2025\/04\/cd3ef7d4cd0a7ac94c4f86584ab8a202@large.jpg","datePublished":"2024-09-05T09:46:43+00:00","dateModified":"2026-04-29T13:00:28+00:00","breadcrumb":{"@id":"https:\/\/koningdrone.be\/product\/dji-zignes-120w-solar-panel\/#breadcrumb"},"inLanguage":"fr-BE","potentialAction":[{"@type":"ReadAction","target":["https:\/\/koningdrone.be\/product\/dji-zignes-120w-solar-panel\/"]}]},{"@type":"ImageObject","inLanguage":"fr-BE","@id":"https:\/\/koningdrone.be\/product\/dji-zignes-120w-solar-panel\/#primaryimage","url":"https:\/\/koningdrone.be\/wp-content\/uploads\/sites\/13\/2025\/04\/cd3ef7d4cd0a7ac94c4f86584ab8a202@large.jpg","contentUrl":"https:\/\/koningdrone.be\/wp-content\/uploads\/sites\/13\/2025\/04\/cd3ef7d4cd0a7ac94c4f86584ab8a202@large.jpg","width":1200,"height":800},{"@type":"BreadcrumbList","@id":"https:\/\/koningdrone.be\/product\/dji-zignes-120w-solar-panel\/#breadcrumb","itemListElement":[{"@type":"ListItem","position":1,"name":"Home","item":"https:\/\/koningdrone.be\/"},{"@type":"ListItem","position":2,"name":"AVSS Parachute Recovery System for DJI Matrice 300\/350","item":"https:\/\/koningdrone.be\/product\/avss-parachute-recovery-system-for-dji-matrice-300-350\/"},{"@type":"ListItem","position":3,"name":"Alle producten","item":"https:\/\/koningdrone.be\/categorie\/alle-producten\/"},{"@type":"ListItem","position":4,"name":"DJI Zignes 120W Solar Panel"}]},{"@type":"WebSite","@id":"https:\/\/koningdrone.be\/#website","url":"https:\/\/koningdrone.be\/","name":"Koningdrone.be - Votre sp\u00e9cialiste en ligne en mati\u00e8re de drones, de cardans, de cam\u00e9ras et de centrales \u00e9lectriques.","description":"La boutique en ligne de drones et de cardans","publisher":{"@id":"https:\/\/koningdrone.be\/#organization"},"potentialAction":[{"@type":"SearchAction","target":{"@type":"EntryPoint","urlTemplate":"https:\/\/koningdrone.be\/?s={search_term_string}"},"query-input":{"@type":"PropertyValueSpecification","valueRequired":true,"valueName":"search_term_string"}}],"inLanguage":"fr-BE"},{"@type":"Organization","@id":"https:\/\/koningdrone.be\/#organization","name":"Kingdrone.co.uk","url":"https:\/\/koningdrone.be\/","logo":{"@type":"ImageObject","inLanguage":"fr-BE","@id":"https:\/\/koningdrone.be\/#\/schema\/logo\/image\/","url":"https:\/\/koningdrone.be\/wp-content\/uploads\/sites\/13\/2025\/04\/koningdrone-copyright-logo.svg","contentUrl":"https:\/\/koningdrone.be\/wp-content\/uploads\/sites\/13\/2025\/04\/koningdrone-copyright-logo.svg","width":227,"height":38,"caption":"Koningdrone.be"},"image":{"@id":"https:\/\/koningdrone.be\/#\/schema\/logo\/image\/"}}]}},"df_price":299,"df_sale_price":"","df_regular_price":299,"df_image_link":"https:\/\/koningdrone.be\/wp-content\/uploads\/sites\/13\/2025\/04\/cd3ef7d4cd0a7ac94c4f86584ab8a202@large-300x200.jpg","_links":{"self":[{"href":"https:\/\/koningdrone.be\/fr\/wp-json\/wp\/v2\/product\/3358","targetHints":{"allow":["GET"]}}],"collection":[{"href":"https:\/\/koningdrone.be\/fr\/wp-json\/wp\/v2\/product"}],"about":[{"href":"https:\/\/koningdrone.be\/fr\/wp-json\/wp\/v2\/types\/product"}],"wp:featuredmedia":[{"embeddable":true,"href":"https:\/\/koningdrone.be\/fr\/wp-json\/wp\/v2\/media\/3353"}],"wp:attachment":[{"href":"https:\/\/koningdrone.be\/fr\/wp-json\/wp\/v2\/media?parent=3358"}],"wp:term":[{"taxonomy":"product_brand","embeddable":true,"href":"https:\/\/koningdrone.be\/fr\/wp-json\/wp\/v2\/product_brand?post=3358"},{"taxonomy":"product_cat","embeddable":true,"href":"https:\/\/koningdrone.be\/fr\/wp-json\/wp\/v2\/product_cat?post=3358"},{"taxonomy":"product_tag","embeddable":true,"href":"https:\/\/koningdrone.be\/fr\/wp-json\/wp\/v2\/product_tag?post=3358"}],"curies":[{"name":"wp","href":"https:\/\/api.w.org\/{rel}","templated":true}]}}