{"id":3334,"date":"2024-09-05T11:48:05","date_gmt":"2024-09-05T09:48:05","guid":{"rendered":"https:\/\/koningdrone.nl\/kon\/product\/dji-mini-3-dji-rc-smart-remote-controller-fly-more-combo\/"},"modified":"2026-04-29T15:20:29","modified_gmt":"2026-04-29T13:20:29","slug":"dji-mini-3-dji-rc-smart-remote-controller-fly-more-combo","status":"publish","type":"product","link":"https:\/\/koningdrone.be\/fr\/produit\/dji-mini-3-dji-rc-smart-remote-controller-fly-more-combo\/","title":{"rendered":"DJI Mini 3 + DJI RC Smart Remote Controller Fly more Combo"},"content":{"rendered":"<p>Le DJI Mini 3 est un drone compact et l\u00e9ger con\u00e7u pour les d\u00e9butants et les passionn\u00e9s. Il p\u00e8se moins de 249 grammes et propose des vid\u00e9os 4K HDR avec un capteur CMOS de 1\/1,3 pouce, garantissant une qualit\u00e9 d'image \u00e9poustouflante. Avec une dur\u00e9e de vol maximale de 51 minutes et une technologie de transmission avanc\u00e9e, il offre une port\u00e9e stable et longue de 10 km. Le drone est \u00e9galement dot\u00e9 des fonctions True Vertical Shooting, QuickShots et d'une impressionnante r\u00e9sistance au vent, ce qui le rend polyvalent pour divers types de photographie a\u00e9rienne. Id\u00e9al pour capturer des contenus de haute qualit\u00e9 en d\u00e9placement.<\/p>","protected":false},"excerpt":{"rendered":"<ul>\n<li>Dur\u00e9e de vie de la batterie plus longue<\/li>\n<li>Vid\u00e9o 4K HDR<\/li>\n<li>V\u00e9ritable tournage vertical<\/li>\n<li>Fonctions intelligentes<\/li>\n<li>38 km\/h (niveau 5) r\u00e9sistance au vent<\/li>\n<li>Convivialit\u00e9, facilit\u00e9 de pilotage et d'utilisation pour les d\u00e9butants<\/li>\n<\/ul>","protected":false},"featured_media":3326,"template":"","meta":{"_acf_changed":false},"product_brand":[],"product_cat":[135,97,136,446,177],"product_tag":[],"class_list":{"0":"post-3334","1":"product","2":"type-product","3":"status-publish","4":"has-post-thumbnail","6":"product_cat-alle-drones","7":"product_cat-alle-producten","8":"product_cat-consumer-drones","9":"product_cat-dji-mini-3","10":"product_cat-drones-zonder-certificaat","11":"product_shipping_class-outofstock","12":"pa_brand-dji","13":"pa_dronegrade-consumer","14":"pa_productfamily-drone","15":"pa_producttype-drone","16":"pa_series-mini-3","18":"first","19":"outofstock","20":"taxable","21":"shipping-taxable","22":"purchasable","23":"product-type-simple"},"acf":[],"yoast_head":"<!-- This site is optimized with the Yoast SEO Premium plugin v27.2 (Yoast SEO v27.2) - https:\/\/yoast.com\/product\/yoast-seo-premium-wordpress\/ -->\n<title>DJI Mini 3 + DJI RC Smart Remote Controller Fly more Combo - koningdrone.be<\/title>\n<meta name=\"robots\" content=\"index, follow, max-snippet:-1, max-image-preview:large, max-video-preview:-1\" \/>\n<link rel=\"canonical\" href=\"https:\/\/koningdrone.be\/fr\/produit\/dji-mini-3-dji-rc-smart-remote-controller-fly-more-combo\/\" \/>\n<meta property=\"og:locale\" content=\"fr_FR\" \/>\n<meta property=\"og:type\" content=\"article\" \/>\n<meta property=\"og:title\" content=\"DJI Mini 3 + DJI RC Smart Remote Controller Fly more Combo\" \/>\n<meta property=\"og:description\" content=\"Langere levensduur batterij  4K HDR-video  Echt verticaal filmen  Intelligente functies  38 km\/u (Level 5) windbestendigheid  Beginner-vriendelijk, gemakkelijk te vliegen en gemakkelijk te gebruiken\" \/>\n<meta property=\"og:url\" content=\"https:\/\/koningdrone.be\/fr\/produit\/dji-mini-3-dji-rc-smart-remote-controller-fly-more-combo\/\" \/>\n<meta property=\"og:site_name\" content=\"koningdrone.be\" \/>\n<meta property=\"article:modified_time\" content=\"2026-04-29T13:20:29+00:00\" \/>\n<meta property=\"og:image\" content=\"https:\/\/koningdrone.be\/wp-content\/uploads\/sites\/13\/2025\/04\/31414736485f526b4c190ee3a3d7927c@ultra.jpg\" \/>\n\t<meta property=\"og:image:width\" content=\"1280\" \/>\n\t<meta property=\"og:image:height\" content=\"1280\" \/>\n\t<meta property=\"og:image:type\" content=\"image\/jpeg\" \/>\n<meta name=\"twitter:card\" content=\"summary_large_image\" \/>\n<meta name=\"twitter:label1\" content=\"Dur\u00e9e de lecture est.\" \/>\n\t<meta name=\"twitter:data1\" content=\"3 minutes\" \/>\n<script type=\"application\/ld+json\" class=\"yoast-schema-graph\">{\"@context\":\"https:\/\/schema.org\",\"@graph\":[{\"@type\":\"WebPage\",\"@id\":\"https:\/\/koningdrone.be\/product\/dji-mini-3-dji-rc-smart-remote-controller-fly-more-combo\/\",\"url\":\"https:\/\/koningdrone.be\/product\/dji-mini-3-dji-rc-smart-remote-controller-fly-more-combo\/\",\"name\":\"DJI Mini 3 + DJI RC Smart Remote Controller Fly more Combo - koningdrone.be\",\"isPartOf\":{\"@id\":\"https:\/\/koningdrone.be\/#website\"},\"primaryImageOfPage\":{\"@id\":\"https:\/\/koningdrone.be\/product\/dji-mini-3-dji-rc-smart-remote-controller-fly-more-combo\/#primaryimage\"},\"image\":{\"@id\":\"https:\/\/koningdrone.be\/product\/dji-mini-3-dji-rc-smart-remote-controller-fly-more-combo\/#primaryimage\"},\"thumbnailUrl\":\"https:\/\/koningdrone.be\/wp-content\/uploads\/sites\/13\/2025\/04\/31414736485f526b4c190ee3a3d7927c@ultra.jpg\",\"datePublished\":\"2024-09-05T09:48:05+00:00\",\"dateModified\":\"2026-04-29T13:20:29+00:00\",\"breadcrumb\":{\"@id\":\"https:\/\/koningdrone.be\/product\/dji-mini-3-dji-rc-smart-remote-controller-fly-more-combo\/#breadcrumb\"},\"inLanguage\":\"fr-BE\",\"potentialAction\":[{\"@type\":\"ReadAction\",\"target\":[\"https:\/\/koningdrone.be\/product\/dji-mini-3-dji-rc-smart-remote-controller-fly-more-combo\/\"]}]},{\"@type\":\"ImageObject\",\"inLanguage\":\"fr-BE\",\"@id\":\"https:\/\/koningdrone.be\/product\/dji-mini-3-dji-rc-smart-remote-controller-fly-more-combo\/#primaryimage\",\"url\":\"https:\/\/koningdrone.be\/wp-content\/uploads\/sites\/13\/2025\/04\/31414736485f526b4c190ee3a3d7927c@ultra.jpg\",\"contentUrl\":\"https:\/\/koningdrone.be\/wp-content\/uploads\/sites\/13\/2025\/04\/31414736485f526b4c190ee3a3d7927c@ultra.jpg\",\"width\":1280,\"height\":1280},{\"@type\":\"BreadcrumbList\",\"@id\":\"https:\/\/koningdrone.be\/product\/dji-mini-3-dji-rc-smart-remote-controller-fly-more-combo\/#breadcrumb\",\"itemListElement\":[{\"@type\":\"ListItem\",\"position\":1,\"name\":\"Home\",\"item\":\"https:\/\/koningdrone.be\/\"},{\"@type\":\"ListItem\",\"position\":2,\"name\":\"AVSS Parachute Recovery System for DJI Matrice 300\/350\",\"item\":\"https:\/\/koningdrone.be\/product\/avss-parachute-recovery-system-for-dji-matrice-300-350\/\"},{\"@type\":\"ListItem\",\"position\":3,\"name\":\"Alle drones\",\"item\":\"https:\/\/koningdrone.be\/categorie\/alle-drones\/\"},{\"@type\":\"ListItem\",\"position\":4,\"name\":\"DJI Mini 3 + DJI RC Smart Remote Controller Fly more Combo\"}]},{\"@type\":\"WebSite\",\"@id\":\"https:\/\/koningdrone.be\/#website\",\"url\":\"https:\/\/koningdrone.be\/\",\"name\":\"Koningdrone.be - Uw online specialist in drones, gimbals, camera's en power stations.\",\"description\":\"De webshop in drones en gimbals\",\"publisher\":{\"@id\":\"https:\/\/koningdrone.be\/#organization\"},\"potentialAction\":[{\"@type\":\"SearchAction\",\"target\":{\"@type\":\"EntryPoint\",\"urlTemplate\":\"https:\/\/koningdrone.be\/?s={search_term_string}\"},\"query-input\":{\"@type\":\"PropertyValueSpecification\",\"valueRequired\":true,\"valueName\":\"search_term_string\"}}],\"inLanguage\":\"fr-BE\"},{\"@type\":\"Organization\",\"@id\":\"https:\/\/koningdrone.be\/#organization\",\"name\":\"Koningdrone.be\",\"url\":\"https:\/\/koningdrone.be\/\",\"logo\":{\"@type\":\"ImageObject\",\"inLanguage\":\"fr-BE\",\"@id\":\"https:\/\/koningdrone.be\/#\/schema\/logo\/image\/\",\"url\":\"https:\/\/koningdrone.be\/wp-content\/uploads\/sites\/13\/2025\/04\/koningdrone-copyright-logo.svg\",\"contentUrl\":\"https:\/\/koningdrone.be\/wp-content\/uploads\/sites\/13\/2025\/04\/koningdrone-copyright-logo.svg\",\"width\":227,\"height\":38,\"caption\":\"Koningdrone.be\"},\"image\":{\"@id\":\"https:\/\/koningdrone.be\/#\/schema\/logo\/image\/\"}}]}<\/script>\n<!-- \/ Yoast SEO Premium plugin. -->","yoast_head_json":{"title":"DJI Mini 3 + DJI RC Smart Remote Controller Fly more Combo - koningdrone.be","robots":{"index":"index","follow":"follow","max-snippet":"max-snippet:-1","max-image-preview":"max-image-preview:large","max-video-preview":"max-video-preview:-1"},"canonical":"https:\/\/koningdrone.be\/fr\/produit\/dji-mini-3-dji-rc-smart-remote-controller-fly-more-combo\/","og_locale":"fr_FR","og_type":"article","og_title":"DJI Mini 3 + DJI RC Smart Remote Controller Fly more Combo","og_description":"Langere levensduur batterij  4K HDR-video  Echt verticaal filmen  Intelligente functies  38 km\/u (Level 5) windbestendigheid  Beginner-vriendelijk, gemakkelijk te vliegen en gemakkelijk te gebruiken","og_url":"https:\/\/koningdrone.be\/fr\/produit\/dji-mini-3-dji-rc-smart-remote-controller-fly-more-combo\/","og_site_name":"koningdrone.be","article_modified_time":"2026-04-29T13:20:29+00:00","og_image":[{"width":1280,"height":1280,"url":"https:\/\/koningdrone.be\/wp-content\/uploads\/sites\/13\/2025\/04\/31414736485f526b4c190ee3a3d7927c@ultra.jpg","type":"image\/jpeg"}],"twitter_card":"summary_large_image","twitter_misc":{"Dur\u00e9e de lecture est.":"3 minutes"},"schema":{"@context":"https:\/\/schema.org","@graph":[{"@type":"WebPage","@id":"https:\/\/koningdrone.be\/product\/dji-mini-3-dji-rc-smart-remote-controller-fly-more-combo\/","url":"https:\/\/koningdrone.be\/product\/dji-mini-3-dji-rc-smart-remote-controller-fly-more-combo\/","name":"DJI Mini 3 + DJI RC Smart Remote Controller Fly more Combo - koningdrone.be","isPartOf":{"@id":"https:\/\/koningdrone.be\/#website"},"primaryImageOfPage":{"@id":"https:\/\/koningdrone.be\/product\/dji-mini-3-dji-rc-smart-remote-controller-fly-more-combo\/#primaryimage"},"image":{"@id":"https:\/\/koningdrone.be\/product\/dji-mini-3-dji-rc-smart-remote-controller-fly-more-combo\/#primaryimage"},"thumbnailUrl":"https:\/\/koningdrone.be\/wp-content\/uploads\/sites\/13\/2025\/04\/31414736485f526b4c190ee3a3d7927c@ultra.jpg","datePublished":"2024-09-05T09:48:05+00:00","dateModified":"2026-04-29T13:20:29+00:00","breadcrumb":{"@id":"https:\/\/koningdrone.be\/product\/dji-mini-3-dji-rc-smart-remote-controller-fly-more-combo\/#breadcrumb"},"inLanguage":"fr-BE","potentialAction":[{"@type":"ReadAction","target":["https:\/\/koningdrone.be\/product\/dji-mini-3-dji-rc-smart-remote-controller-fly-more-combo\/"]}]},{"@type":"ImageObject","inLanguage":"fr-BE","@id":"https:\/\/koningdrone.be\/product\/dji-mini-3-dji-rc-smart-remote-controller-fly-more-combo\/#primaryimage","url":"https:\/\/koningdrone.be\/wp-content\/uploads\/sites\/13\/2025\/04\/31414736485f526b4c190ee3a3d7927c@ultra.jpg","contentUrl":"https:\/\/koningdrone.be\/wp-content\/uploads\/sites\/13\/2025\/04\/31414736485f526b4c190ee3a3d7927c@ultra.jpg","width":1280,"height":1280},{"@type":"BreadcrumbList","@id":"https:\/\/koningdrone.be\/product\/dji-mini-3-dji-rc-smart-remote-controller-fly-more-combo\/#breadcrumb","itemListElement":[{"@type":"ListItem","position":1,"name":"Home","item":"https:\/\/koningdrone.be\/"},{"@type":"ListItem","position":2,"name":"AVSS Parachute Recovery System for DJI Matrice 300\/350","item":"https:\/\/koningdrone.be\/product\/avss-parachute-recovery-system-for-dji-matrice-300-350\/"},{"@type":"ListItem","position":3,"name":"Alle drones","item":"https:\/\/koningdrone.be\/categorie\/alle-drones\/"},{"@type":"ListItem","position":4,"name":"DJI Mini 3 + DJI RC Smart Remote Controller Fly more Combo"}]},{"@type":"WebSite","@id":"https:\/\/koningdrone.be\/#website","url":"https:\/\/koningdrone.be\/","name":"Koningdrone.be - Votre sp\u00e9cialiste en ligne en mati\u00e8re de drones, de cardans, de cam\u00e9ras et de centrales \u00e9lectriques.","description":"La boutique en ligne de drones et de cardans","publisher":{"@id":"https:\/\/koningdrone.be\/#organization"},"potentialAction":[{"@type":"SearchAction","target":{"@type":"EntryPoint","urlTemplate":"https:\/\/koningdrone.be\/?s={search_term_string}"},"query-input":{"@type":"PropertyValueSpecification","valueRequired":true,"valueName":"search_term_string"}}],"inLanguage":"fr-BE"},{"@type":"Organization","@id":"https:\/\/koningdrone.be\/#organization","name":"Kingdrone.co.uk","url":"https:\/\/koningdrone.be\/","logo":{"@type":"ImageObject","inLanguage":"fr-BE","@id":"https:\/\/koningdrone.be\/#\/schema\/logo\/image\/","url":"https:\/\/koningdrone.be\/wp-content\/uploads\/sites\/13\/2025\/04\/koningdrone-copyright-logo.svg","contentUrl":"https:\/\/koningdrone.be\/wp-content\/uploads\/sites\/13\/2025\/04\/koningdrone-copyright-logo.svg","width":227,"height":38,"caption":"Koningdrone.be"},"image":{"@id":"https:\/\/koningdrone.be\/#\/schema\/logo\/image\/"}}]}},"df_price":649,"df_sale_price":"","df_regular_price":649,"df_image_link":"https:\/\/koningdrone.be\/wp-content\/uploads\/sites\/13\/2025\/04\/31414736485f526b4c190ee3a3d7927c@ultra-300x300.jpg","_links":{"self":[{"href":"https:\/\/koningdrone.be\/fr\/wp-json\/wp\/v2\/product\/3334","targetHints":{"allow":["GET"]}}],"collection":[{"href":"https:\/\/koningdrone.be\/fr\/wp-json\/wp\/v2\/product"}],"about":[{"href":"https:\/\/koningdrone.be\/fr\/wp-json\/wp\/v2\/types\/product"}],"wp:featuredmedia":[{"embeddable":true,"href":"https:\/\/koningdrone.be\/fr\/wp-json\/wp\/v2\/media\/3326"}],"wp:attachment":[{"href":"https:\/\/koningdrone.be\/fr\/wp-json\/wp\/v2\/media?parent=3334"}],"wp:term":[{"taxonomy":"product_brand","embeddable":true,"href":"https:\/\/koningdrone.be\/fr\/wp-json\/wp\/v2\/product_brand?post=3334"},{"taxonomy":"product_cat","embeddable":true,"href":"https:\/\/koningdrone.be\/fr\/wp-json\/wp\/v2\/product_cat?post=3334"},{"taxonomy":"product_tag","embeddable":true,"href":"https:\/\/koningdrone.be\/fr\/wp-json\/wp\/v2\/product_tag?post=3334"}],"curies":[{"name":"wp","href":"https:\/\/api.w.org\/{rel}","templated":true}]}}