{"id":3295,"date":"2024-09-05T11:48:49","date_gmt":"2024-09-05T09:48:49","guid":{"rendered":"https:\/\/koningdrone.nl\/kon\/product\/dji-mini-4k-fly-more-combo\/"},"modified":"2026-04-29T04:30:15","modified_gmt":"2026-04-29T02:30:15","slug":"dji-mini-4k-fly-more-combo","status":"publish","type":"product","link":"https:\/\/koningdrone.be\/fr\/produit\/dji-mini-4k-fly-more-combo\/","title":{"rendered":"DJI Mini 4K Fly More Combo"},"content":{"rendered":"<p>Le drone DJI Mini 4K est id\u00e9al pour les d\u00e9butants comme pour les experts gr\u00e2ce \u00e0 sa convivialit\u00e9 et \u00e0 ses fonctionnalit\u00e9s avanc\u00e9es. Ce drone compact offre des commandes simples \u00e0 une touche pour le d\u00e9collage et l'atterrissage. La fonction de retour \u00e0 la maison (RTH) et le mode de vol stationnaire stable am\u00e9liorent la facilit\u00e9 d'utilisation. L'enregistrement n'est souvent pas n\u00e9cessaire dans de nombreux pays.<\/p>\n<p><\/p>\n<p>\u00c9quip\u00e9 d'une cam\u00e9ra CMOS de 1\/2,3 pouce, ce drone capture des vid\u00e9os 4K d'une nettet\u00e9 exceptionnelle. Les modes de prise de vue intelligents tels que QuickShots et Panoramas \u00e9largissent vos possibilit\u00e9s cr\u00e9atives.<\/p>\n<p><\/p>\n<p>La transmission vid\u00e9o DJI O2 a une port\u00e9e moyenne de 10 km pour la vid\u00e9o HD et d'excellentes capacit\u00e9s anti-interf\u00e9rences, garantissant une exp\u00e9rience de vol fiable.<\/p>\n<p><\/p>\n<p>En ce qui concerne les performances, le drone dispose d'une autonomie de vol suffisante pour r\u00e9aliser des prises de vue parfaites. Il offre une r\u00e9sistance au vent allant jusqu'\u00e0 38 km\/h (niveau 5) et une altitude de d\u00e9collage maximale de 4 000 m\u00e8tres, ce qui garantit des images stables dans des conditions difficiles. Convient \u00e0 diff\u00e9rents sc\u00e9narios.<\/p>","protected":false},"excerpt":{"rendered":"<ul>\n<li>Simple et intuitif pour les d\u00e9butants, il suffit d'appuyer sur un bouton.<\/li>\n<li>Prend en charge les fonctions de d\u00e9collage et d'atterrissage automatiques.<\/li>\n<li>Aucun enregistrement n'est requis dans la plupart des pays et r\u00e9gions.<\/li>\n<li>De petite taille, il se glisse facilement dans n'importe quel sac.<\/li>\n<li>La cam\u00e9ra CMOS de 1\/2,3 pouce produit des vid\u00e9os 4K d'une grande nettet\u00e9.<\/li>\n<li>Plusieurs modes intelligents pour les prises de vue rapides et les panoramas.<\/li>\n<li>Transmission vid\u00e9o DJI O2 jusqu'\u00e0 10 km vid\u00e9o HD.<\/li>\n<li>Excellentes capacit\u00e9s anti-interf\u00e9rences.<\/li>\n<li>Supporte une r\u00e9sistance au vent de 38 km\/h et un vol maximum de 4000 m.<\/li>\n<\/ul>","protected":false},"featured_media":3291,"template":"","meta":{"_acf_changed":false},"product_brand":[],"product_cat":[318,97,330,177],"product_tag":[],"class_list":{"0":"post-3295","1":"product","2":"type-product","3":"status-publish","4":"has-post-thumbnail","6":"product_cat-alle-consumer-drones","7":"product_cat-alle-producten","8":"product_cat-dji-mini-4k","9":"product_cat-drones-zonder-certificaat","10":"product_shipping_class-dronelandall","11":"pa_brand-dji","12":"pa_producttype-drone","14":"first","15":"instock","16":"taxable","17":"shipping-taxable","18":"purchasable","19":"product-type-simple"},"acf":[],"yoast_head":"<!-- This site is optimized with the Yoast SEO Premium plugin v27.2 (Yoast SEO v27.2) - https:\/\/yoast.com\/product\/yoast-seo-premium-wordpress\/ -->\n<title>DJI Mini 4K Fly More Combo - koningdrone.be<\/title>\n<meta name=\"robots\" content=\"index, follow, max-snippet:-1, max-image-preview:large, max-video-preview:-1\" \/>\n<link rel=\"canonical\" href=\"https:\/\/koningdrone.be\/fr\/produit\/dji-mini-4k-fly-more-combo\/\" \/>\n<meta property=\"og:locale\" content=\"fr_FR\" \/>\n<meta property=\"og:type\" content=\"article\" \/>\n<meta property=\"og:title\" content=\"DJI Mini 4K Fly More Combo\" \/>\n<meta property=\"og:description\" content=\"Eenvoudig en intu\u00eftief voor beginners met \u00e9\u00e9n druk op de knop. Ondersteunt automatische start- en landingsfuncties. Niet registreren nodig in meeste landen en regio&#039;s. Klein formaat, past gemakkelijk in elke tas. 1\/2.3-inch CMOS camera levert heldere 4K video. Meerdere intelligente modi voor QuickShots en Panoramas. DJI O2 video transmissie tot 10 km HD-video. Uitstekende anti-interferentie capaciteiten. Ondersteunt windweerstand van 38kph en 4000m maximale vlucht.\" \/>\n<meta property=\"og:url\" content=\"https:\/\/koningdrone.be\/fr\/produit\/dji-mini-4k-fly-more-combo\/\" \/>\n<meta property=\"og:site_name\" content=\"koningdrone.be\" \/>\n<meta property=\"article:modified_time\" content=\"2026-04-29T02:30:15+00:00\" \/>\n<meta property=\"og:image\" content=\"https:\/\/koningdrone.be\/wp-content\/uploads\/sites\/13\/2025\/04\/aade063679e342762fab3f5bef790aaf@ultra.jpg\" \/>\n\t<meta property=\"og:image:width\" content=\"1280\" \/>\n\t<meta property=\"og:image:height\" content=\"1280\" \/>\n\t<meta property=\"og:image:type\" content=\"image\/jpeg\" \/>\n<meta name=\"twitter:card\" content=\"summary_large_image\" \/>\n<meta name=\"twitter:label1\" content=\"Dur\u00e9e de lecture est.\" \/>\n\t<meta name=\"twitter:data1\" content=\"1 minute\" \/>\n<script type=\"application\/ld+json\" class=\"yoast-schema-graph\">{\"@context\":\"https:\/\/schema.org\",\"@graph\":[{\"@type\":\"WebPage\",\"@id\":\"https:\/\/koningdrone.be\/product\/dji-mini-4k-fly-more-combo\/\",\"url\":\"https:\/\/koningdrone.be\/product\/dji-mini-4k-fly-more-combo\/\",\"name\":\"DJI Mini 4K Fly More Combo - koningdrone.be\",\"isPartOf\":{\"@id\":\"https:\/\/koningdrone.be\/#website\"},\"primaryImageOfPage\":{\"@id\":\"https:\/\/koningdrone.be\/product\/dji-mini-4k-fly-more-combo\/#primaryimage\"},\"image\":{\"@id\":\"https:\/\/koningdrone.be\/product\/dji-mini-4k-fly-more-combo\/#primaryimage\"},\"thumbnailUrl\":\"https:\/\/koningdrone.be\/wp-content\/uploads\/sites\/13\/2025\/04\/aade063679e342762fab3f5bef790aaf@ultra.jpg\",\"datePublished\":\"2024-09-05T09:48:49+00:00\",\"dateModified\":\"2026-04-29T02:30:15+00:00\",\"breadcrumb\":{\"@id\":\"https:\/\/koningdrone.be\/product\/dji-mini-4k-fly-more-combo\/#breadcrumb\"},\"inLanguage\":\"fr-BE\",\"potentialAction\":[{\"@type\":\"ReadAction\",\"target\":[\"https:\/\/koningdrone.be\/product\/dji-mini-4k-fly-more-combo\/\"]}]},{\"@type\":\"ImageObject\",\"inLanguage\":\"fr-BE\",\"@id\":\"https:\/\/koningdrone.be\/product\/dji-mini-4k-fly-more-combo\/#primaryimage\",\"url\":\"https:\/\/koningdrone.be\/wp-content\/uploads\/sites\/13\/2025\/04\/aade063679e342762fab3f5bef790aaf@ultra.jpg\",\"contentUrl\":\"https:\/\/koningdrone.be\/wp-content\/uploads\/sites\/13\/2025\/04\/aade063679e342762fab3f5bef790aaf@ultra.jpg\",\"width\":1280,\"height\":1280},{\"@type\":\"BreadcrumbList\",\"@id\":\"https:\/\/koningdrone.be\/product\/dji-mini-4k-fly-more-combo\/#breadcrumb\",\"itemListElement\":[{\"@type\":\"ListItem\",\"position\":1,\"name\":\"Home\",\"item\":\"https:\/\/koningdrone.be\/\"},{\"@type\":\"ListItem\",\"position\":2,\"name\":\"AVSS Parachute Recovery System for DJI Matrice 300\/350\",\"item\":\"https:\/\/koningdrone.be\/product\/avss-parachute-recovery-system-for-dji-matrice-300-350\/\"},{\"@type\":\"ListItem\",\"position\":3,\"name\":\"Alle consumer drones\",\"item\":\"https:\/\/koningdrone.be\/categorie\/alle-consumer-drones\/\"},{\"@type\":\"ListItem\",\"position\":4,\"name\":\"DJI Mini 4K Fly More Combo\"}]},{\"@type\":\"WebSite\",\"@id\":\"https:\/\/koningdrone.be\/#website\",\"url\":\"https:\/\/koningdrone.be\/\",\"name\":\"Koningdrone.be - Uw online specialist in drones, gimbals, camera's en power stations.\",\"description\":\"De webshop in drones en gimbals\",\"publisher\":{\"@id\":\"https:\/\/koningdrone.be\/#organization\"},\"potentialAction\":[{\"@type\":\"SearchAction\",\"target\":{\"@type\":\"EntryPoint\",\"urlTemplate\":\"https:\/\/koningdrone.be\/?s={search_term_string}\"},\"query-input\":{\"@type\":\"PropertyValueSpecification\",\"valueRequired\":true,\"valueName\":\"search_term_string\"}}],\"inLanguage\":\"fr-BE\"},{\"@type\":\"Organization\",\"@id\":\"https:\/\/koningdrone.be\/#organization\",\"name\":\"Koningdrone.be\",\"url\":\"https:\/\/koningdrone.be\/\",\"logo\":{\"@type\":\"ImageObject\",\"inLanguage\":\"fr-BE\",\"@id\":\"https:\/\/koningdrone.be\/#\/schema\/logo\/image\/\",\"url\":\"https:\/\/koningdrone.be\/wp-content\/uploads\/sites\/13\/2025\/04\/koningdrone-copyright-logo.svg\",\"contentUrl\":\"https:\/\/koningdrone.be\/wp-content\/uploads\/sites\/13\/2025\/04\/koningdrone-copyright-logo.svg\",\"width\":227,\"height\":38,\"caption\":\"Koningdrone.be\"},\"image\":{\"@id\":\"https:\/\/koningdrone.be\/#\/schema\/logo\/image\/\"}}]}<\/script>\n<!-- \/ Yoast SEO Premium plugin. -->","yoast_head_json":{"title":"DJI Mini 4K Fly More Combo - koningdrone.be","robots":{"index":"index","follow":"follow","max-snippet":"max-snippet:-1","max-image-preview":"max-image-preview:large","max-video-preview":"max-video-preview:-1"},"canonical":"https:\/\/koningdrone.be\/fr\/produit\/dji-mini-4k-fly-more-combo\/","og_locale":"fr_FR","og_type":"article","og_title":"DJI Mini 4K Fly More Combo","og_description":"Eenvoudig en intu\u00eftief voor beginners met \u00e9\u00e9n druk op de knop. Ondersteunt automatische start- en landingsfuncties. Niet registreren nodig in meeste landen en regio's. Klein formaat, past gemakkelijk in elke tas. 1\/2.3-inch CMOS camera levert heldere 4K video. Meerdere intelligente modi voor QuickShots en Panoramas. DJI O2 video transmissie tot 10 km HD-video. Uitstekende anti-interferentie capaciteiten. Ondersteunt windweerstand van 38kph en 4000m maximale vlucht.","og_url":"https:\/\/koningdrone.be\/fr\/produit\/dji-mini-4k-fly-more-combo\/","og_site_name":"koningdrone.be","article_modified_time":"2026-04-29T02:30:15+00:00","og_image":[{"width":1280,"height":1280,"url":"https:\/\/koningdrone.be\/wp-content\/uploads\/sites\/13\/2025\/04\/aade063679e342762fab3f5bef790aaf@ultra.jpg","type":"image\/jpeg"}],"twitter_card":"summary_large_image","twitter_misc":{"Dur\u00e9e de lecture est.":"1 minute"},"schema":{"@context":"https:\/\/schema.org","@graph":[{"@type":"WebPage","@id":"https:\/\/koningdrone.be\/product\/dji-mini-4k-fly-more-combo\/","url":"https:\/\/koningdrone.be\/product\/dji-mini-4k-fly-more-combo\/","name":"DJI Mini 4K Fly More Combo - koningdrone.be","isPartOf":{"@id":"https:\/\/koningdrone.be\/#website"},"primaryImageOfPage":{"@id":"https:\/\/koningdrone.be\/product\/dji-mini-4k-fly-more-combo\/#primaryimage"},"image":{"@id":"https:\/\/koningdrone.be\/product\/dji-mini-4k-fly-more-combo\/#primaryimage"},"thumbnailUrl":"https:\/\/koningdrone.be\/wp-content\/uploads\/sites\/13\/2025\/04\/aade063679e342762fab3f5bef790aaf@ultra.jpg","datePublished":"2024-09-05T09:48:49+00:00","dateModified":"2026-04-29T02:30:15+00:00","breadcrumb":{"@id":"https:\/\/koningdrone.be\/product\/dji-mini-4k-fly-more-combo\/#breadcrumb"},"inLanguage":"fr-BE","potentialAction":[{"@type":"ReadAction","target":["https:\/\/koningdrone.be\/product\/dji-mini-4k-fly-more-combo\/"]}]},{"@type":"ImageObject","inLanguage":"fr-BE","@id":"https:\/\/koningdrone.be\/product\/dji-mini-4k-fly-more-combo\/#primaryimage","url":"https:\/\/koningdrone.be\/wp-content\/uploads\/sites\/13\/2025\/04\/aade063679e342762fab3f5bef790aaf@ultra.jpg","contentUrl":"https:\/\/koningdrone.be\/wp-content\/uploads\/sites\/13\/2025\/04\/aade063679e342762fab3f5bef790aaf@ultra.jpg","width":1280,"height":1280},{"@type":"BreadcrumbList","@id":"https:\/\/koningdrone.be\/product\/dji-mini-4k-fly-more-combo\/#breadcrumb","itemListElement":[{"@type":"ListItem","position":1,"name":"Home","item":"https:\/\/koningdrone.be\/"},{"@type":"ListItem","position":2,"name":"AVSS Parachute Recovery System for DJI Matrice 300\/350","item":"https:\/\/koningdrone.be\/product\/avss-parachute-recovery-system-for-dji-matrice-300-350\/"},{"@type":"ListItem","position":3,"name":"Alle consumer drones","item":"https:\/\/koningdrone.be\/categorie\/alle-consumer-drones\/"},{"@type":"ListItem","position":4,"name":"DJI Mini 4K Fly More Combo"}]},{"@type":"WebSite","@id":"https:\/\/koningdrone.be\/#website","url":"https:\/\/koningdrone.be\/","name":"Koningdrone.be - Votre sp\u00e9cialiste en ligne en mati\u00e8re de drones, de cardans, de cam\u00e9ras et de centrales \u00e9lectriques.","description":"La boutique en ligne de drones et de cardans","publisher":{"@id":"https:\/\/koningdrone.be\/#organization"},"potentialAction":[{"@type":"SearchAction","target":{"@type":"EntryPoint","urlTemplate":"https:\/\/koningdrone.be\/?s={search_term_string}"},"query-input":{"@type":"PropertyValueSpecification","valueRequired":true,"valueName":"search_term_string"}}],"inLanguage":"fr-BE"},{"@type":"Organization","@id":"https:\/\/koningdrone.be\/#organization","name":"Kingdrone.co.uk","url":"https:\/\/koningdrone.be\/","logo":{"@type":"ImageObject","inLanguage":"fr-BE","@id":"https:\/\/koningdrone.be\/#\/schema\/logo\/image\/","url":"https:\/\/koningdrone.be\/wp-content\/uploads\/sites\/13\/2025\/04\/koningdrone-copyright-logo.svg","contentUrl":"https:\/\/koningdrone.be\/wp-content\/uploads\/sites\/13\/2025\/04\/koningdrone-copyright-logo.svg","width":227,"height":38,"caption":"Koningdrone.be"},"image":{"@id":"https:\/\/koningdrone.be\/#\/schema\/logo\/image\/"}}]}},"df_price":442,"df_sale_price":"","df_regular_price":442,"df_image_link":"https:\/\/koningdrone.be\/wp-content\/uploads\/sites\/13\/2025\/04\/aade063679e342762fab3f5bef790aaf@ultra-300x300.jpg","_links":{"self":[{"href":"https:\/\/koningdrone.be\/fr\/wp-json\/wp\/v2\/product\/3295","targetHints":{"allow":["GET"]}}],"collection":[{"href":"https:\/\/koningdrone.be\/fr\/wp-json\/wp\/v2\/product"}],"about":[{"href":"https:\/\/koningdrone.be\/fr\/wp-json\/wp\/v2\/types\/product"}],"wp:featuredmedia":[{"embeddable":true,"href":"https:\/\/koningdrone.be\/fr\/wp-json\/wp\/v2\/media\/3291"}],"wp:attachment":[{"href":"https:\/\/koningdrone.be\/fr\/wp-json\/wp\/v2\/media?parent=3295"}],"wp:term":[{"taxonomy":"product_brand","embeddable":true,"href":"https:\/\/koningdrone.be\/fr\/wp-json\/wp\/v2\/product_brand?post=3295"},{"taxonomy":"product_cat","embeddable":true,"href":"https:\/\/koningdrone.be\/fr\/wp-json\/wp\/v2\/product_cat?post=3295"},{"taxonomy":"product_tag","embeddable":true,"href":"https:\/\/koningdrone.be\/fr\/wp-json\/wp\/v2\/product_tag?post=3295"}],"curies":[{"name":"wp","href":"https:\/\/api.w.org\/{rel}","templated":true}]}}