{"id":3284,"date":"2024-09-05T11:49:14","date_gmt":"2024-09-05T09:49:14","guid":{"rendered":"https:\/\/koningdrone.nl\/kon\/product\/dji-sdr-rx-to-phone-connection-cable-usb-c-to-usb-c-22-cm\/"},"modified":"2026-04-29T10:50:31","modified_gmt":"2026-04-29T08:50:31","slug":"dji-sdr-rx-to-phone-connection-cable-usb-c-to-usb-c-22-cm","status":"publish","type":"product","link":"https:\/\/koningdrone.be\/fr\/produit\/dji-sdr-rx-to-phone-connection-cable-usb-c-to-usb-c-22-cm\/","title":{"rendered":"C\u00e2ble de connexion DJI SDR RX vers t\u00e9l\u00e9phone (USB-C vers USB-C, 22 cm)"},"content":{"rendered":"<p>Le c\u00e2ble RC permet de connecter la t\u00e9l\u00e9commande \u00e0 un appareil mobile via le port USB Type-C.<\/p>","protected":false},"excerpt":{"rendered":"<ul>\n<li>Il est compact et facile \u00e0 ranger.<\/li>\n<\/ul>","protected":false},"featured_media":3280,"template":"","meta":{"_acf_changed":false},"product_brand":[],"product_cat":[244,97,586,1815,587],"product_tag":[],"class_list":{"0":"post-3284","1":"product","2":"type-product","3":"status-publish","4":"has-post-thumbnail","6":"product_cat-alle-kabels","7":"product_cat-alle-producten","8":"product_cat-dji","9":"product_cat-dji-pro-accessoires","10":"product_cat-dji-sdr-transmission","11":"product_shipping_class-outofstock","12":"pa_brand-dji","13":"pa_productfamily-kabel","14":"pa_producttype-kabel","15":"pa_series-rc-n1","17":"first","18":"outofstock","19":"taxable","20":"shipping-taxable","21":"product-type-simple"},"acf":[],"yoast_head":"<!-- This site is optimized with the Yoast SEO Premium plugin v27.2 (Yoast SEO v27.2) - https:\/\/yoast.com\/product\/yoast-seo-premium-wordpress\/ -->\n<title>DJI SDR RX to Phone Connection Cable (USB-C to USB-C, 22 cm) - koningdrone.be<\/title>\n<meta name=\"robots\" content=\"index, follow, max-snippet:-1, max-image-preview:large, max-video-preview:-1\" \/>\n<link rel=\"canonical\" href=\"https:\/\/koningdrone.be\/fr\/produit\/dji-sdr-rx-to-phone-connection-cable-usb-c-to-usb-c-22-cm\/\" \/>\n<meta property=\"og:locale\" content=\"fr_FR\" \/>\n<meta property=\"og:type\" content=\"article\" \/>\n<meta property=\"og:title\" content=\"DJI SDR RX to Phone Connection Cable (USB-C to USB-C, 22 cm)\" \/>\n<meta property=\"og:description\" content=\"Heeft een compact ontwerp en is gemakkelijk op te bergen.\" \/>\n<meta property=\"og:url\" content=\"https:\/\/koningdrone.be\/fr\/produit\/dji-sdr-rx-to-phone-connection-cable-usb-c-to-usb-c-22-cm\/\" \/>\n<meta property=\"og:site_name\" content=\"koningdrone.be\" \/>\n<meta property=\"article:modified_time\" content=\"2026-04-29T08:50:31+00:00\" \/>\n<meta property=\"og:image\" content=\"https:\/\/koningdrone.be\/wp-content\/uploads\/sites\/13\/2025\/04\/DJI-RC-N1N2-RC-Cable-USB-Type-C-connector.jpg\" \/>\n\t<meta property=\"og:image:width\" content=\"2000\" \/>\n\t<meta property=\"og:image:height\" content=\"2000\" \/>\n\t<meta property=\"og:image:type\" content=\"image\/jpeg\" \/>\n<meta name=\"twitter:card\" content=\"summary_large_image\" \/>\n<script type=\"application\/ld+json\" class=\"yoast-schema-graph\">{\"@context\":\"https:\/\/schema.org\",\"@graph\":[{\"@type\":\"WebPage\",\"@id\":\"https:\/\/koningdrone.be\/product\/dji-sdr-rx-to-phone-connection-cable-usb-c-to-usb-c-22-cm\/\",\"url\":\"https:\/\/koningdrone.be\/product\/dji-sdr-rx-to-phone-connection-cable-usb-c-to-usb-c-22-cm\/\",\"name\":\"DJI SDR RX to Phone Connection Cable (USB-C to USB-C, 22 cm) - koningdrone.be\",\"isPartOf\":{\"@id\":\"https:\/\/koningdrone.be\/#website\"},\"primaryImageOfPage\":{\"@id\":\"https:\/\/koningdrone.be\/product\/dji-sdr-rx-to-phone-connection-cable-usb-c-to-usb-c-22-cm\/#primaryimage\"},\"image\":{\"@id\":\"https:\/\/koningdrone.be\/product\/dji-sdr-rx-to-phone-connection-cable-usb-c-to-usb-c-22-cm\/#primaryimage\"},\"thumbnailUrl\":\"https:\/\/koningdrone.be\/wp-content\/uploads\/sites\/13\/2025\/04\/DJI-RC-N1N2-RC-Cable-USB-Type-C-connector.jpg\",\"datePublished\":\"2024-09-05T09:49:14+00:00\",\"dateModified\":\"2026-04-29T08:50:31+00:00\",\"breadcrumb\":{\"@id\":\"https:\/\/koningdrone.be\/product\/dji-sdr-rx-to-phone-connection-cable-usb-c-to-usb-c-22-cm\/#breadcrumb\"},\"inLanguage\":\"fr-BE\",\"potentialAction\":[{\"@type\":\"ReadAction\",\"target\":[\"https:\/\/koningdrone.be\/product\/dji-sdr-rx-to-phone-connection-cable-usb-c-to-usb-c-22-cm\/\"]}]},{\"@type\":\"ImageObject\",\"inLanguage\":\"fr-BE\",\"@id\":\"https:\/\/koningdrone.be\/product\/dji-sdr-rx-to-phone-connection-cable-usb-c-to-usb-c-22-cm\/#primaryimage\",\"url\":\"https:\/\/koningdrone.be\/wp-content\/uploads\/sites\/13\/2025\/04\/DJI-RC-N1N2-RC-Cable-USB-Type-C-connector.jpg\",\"contentUrl\":\"https:\/\/koningdrone.be\/wp-content\/uploads\/sites\/13\/2025\/04\/DJI-RC-N1N2-RC-Cable-USB-Type-C-connector.jpg\",\"width\":2000,\"height\":2000},{\"@type\":\"BreadcrumbList\",\"@id\":\"https:\/\/koningdrone.be\/product\/dji-sdr-rx-to-phone-connection-cable-usb-c-to-usb-c-22-cm\/#breadcrumb\",\"itemListElement\":[{\"@type\":\"ListItem\",\"position\":1,\"name\":\"Home\",\"item\":\"https:\/\/koningdrone.be\/\"},{\"@type\":\"ListItem\",\"position\":2,\"name\":\"AVSS Parachute Recovery System for DJI Matrice 300\/350\",\"item\":\"https:\/\/koningdrone.be\/product\/avss-parachute-recovery-system-for-dji-matrice-300-350\/\"},{\"@type\":\"ListItem\",\"position\":3,\"name\":\"Alle kabels\",\"item\":\"https:\/\/koningdrone.be\/categorie\/alle-kabels\/\"},{\"@type\":\"ListItem\",\"position\":4,\"name\":\"DJI SDR RX to Phone Connection Cable (USB-C to USB-C, 22 cm)\"}]},{\"@type\":\"WebSite\",\"@id\":\"https:\/\/koningdrone.be\/#website\",\"url\":\"https:\/\/koningdrone.be\/\",\"name\":\"Koningdrone.be - Uw online specialist in drones, gimbals, camera's en power stations.\",\"description\":\"De webshop in drones en gimbals\",\"publisher\":{\"@id\":\"https:\/\/koningdrone.be\/#organization\"},\"potentialAction\":[{\"@type\":\"SearchAction\",\"target\":{\"@type\":\"EntryPoint\",\"urlTemplate\":\"https:\/\/koningdrone.be\/?s={search_term_string}\"},\"query-input\":{\"@type\":\"PropertyValueSpecification\",\"valueRequired\":true,\"valueName\":\"search_term_string\"}}],\"inLanguage\":\"fr-BE\"},{\"@type\":\"Organization\",\"@id\":\"https:\/\/koningdrone.be\/#organization\",\"name\":\"Koningdrone.be\",\"url\":\"https:\/\/koningdrone.be\/\",\"logo\":{\"@type\":\"ImageObject\",\"inLanguage\":\"fr-BE\",\"@id\":\"https:\/\/koningdrone.be\/#\/schema\/logo\/image\/\",\"url\":\"https:\/\/koningdrone.be\/wp-content\/uploads\/sites\/13\/2025\/04\/koningdrone-copyright-logo.svg\",\"contentUrl\":\"https:\/\/koningdrone.be\/wp-content\/uploads\/sites\/13\/2025\/04\/koningdrone-copyright-logo.svg\",\"width\":227,\"height\":38,\"caption\":\"Koningdrone.be\"},\"image\":{\"@id\":\"https:\/\/koningdrone.be\/#\/schema\/logo\/image\/\"}}]}<\/script>\n<!-- \/ Yoast SEO Premium plugin. -->","yoast_head_json":{"title":"DJI SDR RX to Phone Connection Cable (USB-C to USB-C, 22 cm) - koningdrone.be","robots":{"index":"index","follow":"follow","max-snippet":"max-snippet:-1","max-image-preview":"max-image-preview:large","max-video-preview":"max-video-preview:-1"},"canonical":"https:\/\/koningdrone.be\/fr\/produit\/dji-sdr-rx-to-phone-connection-cable-usb-c-to-usb-c-22-cm\/","og_locale":"fr_FR","og_type":"article","og_title":"DJI SDR RX to Phone Connection Cable (USB-C to USB-C, 22 cm)","og_description":"Heeft een compact ontwerp en is gemakkelijk op te bergen.","og_url":"https:\/\/koningdrone.be\/fr\/produit\/dji-sdr-rx-to-phone-connection-cable-usb-c-to-usb-c-22-cm\/","og_site_name":"koningdrone.be","article_modified_time":"2026-04-29T08:50:31+00:00","og_image":[{"width":2000,"height":2000,"url":"https:\/\/koningdrone.be\/wp-content\/uploads\/sites\/13\/2025\/04\/DJI-RC-N1N2-RC-Cable-USB-Type-C-connector.jpg","type":"image\/jpeg"}],"twitter_card":"summary_large_image","schema":{"@context":"https:\/\/schema.org","@graph":[{"@type":"WebPage","@id":"https:\/\/koningdrone.be\/product\/dji-sdr-rx-to-phone-connection-cable-usb-c-to-usb-c-22-cm\/","url":"https:\/\/koningdrone.be\/product\/dji-sdr-rx-to-phone-connection-cable-usb-c-to-usb-c-22-cm\/","name":"DJI SDR RX to Phone Connection Cable (USB-C to USB-C, 22 cm) - koningdrone.be","isPartOf":{"@id":"https:\/\/koningdrone.be\/#website"},"primaryImageOfPage":{"@id":"https:\/\/koningdrone.be\/product\/dji-sdr-rx-to-phone-connection-cable-usb-c-to-usb-c-22-cm\/#primaryimage"},"image":{"@id":"https:\/\/koningdrone.be\/product\/dji-sdr-rx-to-phone-connection-cable-usb-c-to-usb-c-22-cm\/#primaryimage"},"thumbnailUrl":"https:\/\/koningdrone.be\/wp-content\/uploads\/sites\/13\/2025\/04\/DJI-RC-N1N2-RC-Cable-USB-Type-C-connector.jpg","datePublished":"2024-09-05T09:49:14+00:00","dateModified":"2026-04-29T08:50:31+00:00","breadcrumb":{"@id":"https:\/\/koningdrone.be\/product\/dji-sdr-rx-to-phone-connection-cable-usb-c-to-usb-c-22-cm\/#breadcrumb"},"inLanguage":"fr-BE","potentialAction":[{"@type":"ReadAction","target":["https:\/\/koningdrone.be\/product\/dji-sdr-rx-to-phone-connection-cable-usb-c-to-usb-c-22-cm\/"]}]},{"@type":"ImageObject","inLanguage":"fr-BE","@id":"https:\/\/koningdrone.be\/product\/dji-sdr-rx-to-phone-connection-cable-usb-c-to-usb-c-22-cm\/#primaryimage","url":"https:\/\/koningdrone.be\/wp-content\/uploads\/sites\/13\/2025\/04\/DJI-RC-N1N2-RC-Cable-USB-Type-C-connector.jpg","contentUrl":"https:\/\/koningdrone.be\/wp-content\/uploads\/sites\/13\/2025\/04\/DJI-RC-N1N2-RC-Cable-USB-Type-C-connector.jpg","width":2000,"height":2000},{"@type":"BreadcrumbList","@id":"https:\/\/koningdrone.be\/product\/dji-sdr-rx-to-phone-connection-cable-usb-c-to-usb-c-22-cm\/#breadcrumb","itemListElement":[{"@type":"ListItem","position":1,"name":"Home","item":"https:\/\/koningdrone.be\/"},{"@type":"ListItem","position":2,"name":"AVSS Parachute Recovery System for DJI Matrice 300\/350","item":"https:\/\/koningdrone.be\/product\/avss-parachute-recovery-system-for-dji-matrice-300-350\/"},{"@type":"ListItem","position":3,"name":"Alle kabels","item":"https:\/\/koningdrone.be\/categorie\/alle-kabels\/"},{"@type":"ListItem","position":4,"name":"DJI SDR RX to Phone Connection Cable (USB-C to USB-C, 22 cm)"}]},{"@type":"WebSite","@id":"https:\/\/koningdrone.be\/#website","url":"https:\/\/koningdrone.be\/","name":"Koningdrone.be - Votre sp\u00e9cialiste en ligne en mati\u00e8re de drones, de cardans, de cam\u00e9ras et de centrales \u00e9lectriques.","description":"La boutique en ligne de drones et de cardans","publisher":{"@id":"https:\/\/koningdrone.be\/#organization"},"potentialAction":[{"@type":"SearchAction","target":{"@type":"EntryPoint","urlTemplate":"https:\/\/koningdrone.be\/?s={search_term_string}"},"query-input":{"@type":"PropertyValueSpecification","valueRequired":true,"valueName":"search_term_string"}}],"inLanguage":"fr-BE"},{"@type":"Organization","@id":"https:\/\/koningdrone.be\/#organization","name":"Kingdrone.co.uk","url":"https:\/\/koningdrone.be\/","logo":{"@type":"ImageObject","inLanguage":"fr-BE","@id":"https:\/\/koningdrone.be\/#\/schema\/logo\/image\/","url":"https:\/\/koningdrone.be\/wp-content\/uploads\/sites\/13\/2025\/04\/koningdrone-copyright-logo.svg","contentUrl":"https:\/\/koningdrone.be\/wp-content\/uploads\/sites\/13\/2025\/04\/koningdrone-copyright-logo.svg","width":227,"height":38,"caption":"Koningdrone.be"},"image":{"@id":"https:\/\/koningdrone.be\/#\/schema\/logo\/image\/"}}]}},"df_price":"","df_sale_price":"","df_regular_price":"","df_image_link":"https:\/\/koningdrone.be\/wp-content\/uploads\/sites\/13\/2025\/04\/DJI-RC-N1N2-RC-Cable-USB-Type-C-connector-300x300.jpg","_links":{"self":[{"href":"https:\/\/koningdrone.be\/fr\/wp-json\/wp\/v2\/product\/3284","targetHints":{"allow":["GET"]}}],"collection":[{"href":"https:\/\/koningdrone.be\/fr\/wp-json\/wp\/v2\/product"}],"about":[{"href":"https:\/\/koningdrone.be\/fr\/wp-json\/wp\/v2\/types\/product"}],"wp:featuredmedia":[{"embeddable":true,"href":"https:\/\/koningdrone.be\/fr\/wp-json\/wp\/v2\/media\/3280"}],"wp:attachment":[{"href":"https:\/\/koningdrone.be\/fr\/wp-json\/wp\/v2\/media?parent=3284"}],"wp:term":[{"taxonomy":"product_brand","embeddable":true,"href":"https:\/\/koningdrone.be\/fr\/wp-json\/wp\/v2\/product_brand?post=3284"},{"taxonomy":"product_cat","embeddable":true,"href":"https:\/\/koningdrone.be\/fr\/wp-json\/wp\/v2\/product_cat?post=3284"},{"taxonomy":"product_tag","embeddable":true,"href":"https:\/\/koningdrone.be\/fr\/wp-json\/wp\/v2\/product_tag?post=3284"}],"curies":[{"name":"wp","href":"https:\/\/api.w.org\/{rel}","templated":true}]}}