{"id":3278,"date":"2024-09-05T11:49:14","date_gmt":"2024-09-05T09:49:14","guid":{"rendered":"https:\/\/koningdrone.nl\/kon\/product\/dji-sdr-transmission-receiver\/"},"modified":"2026-04-30T16:10:56","modified_gmt":"2026-04-30T14:10:56","slug":"dji-sdr-transmission-receiver","status":"publish","type":"product","link":"https:\/\/koningdrone.be\/fr\/produit\/dji-sdr-transmission-receiver\/","title":{"rendered":"DJI SDR Transmission - R\u00e9cepteur"},"content":{"rendered":"<p>Un \u00e9metteur-r\u00e9cepteur DJI SDR autonome. En mode Contr\u00f4le, chaque \u00e9metteur peut se connecter \u00e0 deux r\u00e9cepteurs. En mode diffusion, chaque \u00e9metteur peut se connecter \u00e0 un nombre illimit\u00e9 de r\u00e9cepteurs, ce qui permet de r\u00e9pondre aux besoins de surveillance ind\u00e9pendante de diff\u00e9rents r\u00f4les professionnels.<\/p>","protected":false},"excerpt":{"rendered":"<ul>\n<li>Transmission SDR, stable et anti-interf\u00e9rence<\/li>\n<li>Forte p\u00e9n\u00e9tration, longue distance de transmission<\/li>\n<li>D\u00e9bit \u00e9lev\u00e9, haute qualit\u00e9 d'image<\/li>\n<li>Exp\u00e9rience de surveillance USB-C innovante<\/li>\n<li>Mode diffusion, nombre illimit\u00e9 de r\u00e9cepteurs<\/li>\n<li>Compatibilit\u00e9 Ronin et t\u00e9l\u00e9commande<\/li>\n<\/ul>","protected":false},"featured_media":3272,"template":"","meta":{"_acf_changed":false},"product_brand":[],"product_cat":[97,586,1815,587],"product_tag":[],"class_list":{"0":"post-3278","1":"product","2":"type-product","3":"status-publish","4":"has-post-thumbnail","6":"product_cat-alle-producten","7":"product_cat-dji","8":"product_cat-dji-pro-accessoires","9":"product_cat-dji-sdr-transmission","10":"product_shipping_class-outofstock","11":"pa_brand-dji","12":"pa_productfamily-ontvanger","13":"pa_producttype-ontvanger","14":"pa_series-sdr-transmission","16":"first","17":"outofstock","18":"taxable","19":"shipping-taxable","20":"purchasable","21":"product-type-simple"},"acf":[],"yoast_head":"<!-- This site is optimized with the Yoast SEO Premium plugin v27.2 (Yoast SEO v27.2) - https:\/\/yoast.com\/product\/yoast-seo-premium-wordpress\/ -->\n<title>DJI SDR Transmission - Receiver - koningdrone.be<\/title>\n<meta name=\"robots\" content=\"index, follow, max-snippet:-1, max-image-preview:large, max-video-preview:-1\" \/>\n<link rel=\"canonical\" href=\"https:\/\/koningdrone.be\/fr\/produit\/dji-sdr-transmission-receiver\/\" \/>\n<meta property=\"og:locale\" content=\"fr_FR\" \/>\n<meta property=\"og:type\" content=\"article\" \/>\n<meta property=\"og:title\" content=\"DJI SDR Transmission - Receiver\" \/>\n<meta property=\"og:description\" content=\"SDR-transmissie, stabiel en anti-interferentieSterke penetratie, uitgebreide transmissieafstandHoge bitsnelheid, hoge beeldkwaliteitInnovatieve USB-C-monitoringervaringBroadcastmodus, onbeperkt aantal ontvangersRonin-compatibiliteit &amp; afstandsbediening\" \/>\n<meta property=\"og:url\" content=\"https:\/\/koningdrone.be\/fr\/produit\/dji-sdr-transmission-receiver\/\" \/>\n<meta property=\"og:site_name\" content=\"koningdrone.be\" \/>\n<meta property=\"article:modified_time\" content=\"2026-04-30T14:10:56+00:00\" \/>\n<meta property=\"og:image\" content=\"https:\/\/koningdrone.be\/wp-content\/uploads\/sites\/13\/2025\/04\/a6ee12ae892b6687b4dc36b4f0affc39@ultra.jpg\" \/>\n\t<meta property=\"og:image:width\" content=\"1280\" \/>\n\t<meta property=\"og:image:height\" content=\"1280\" \/>\n\t<meta property=\"og:image:type\" content=\"image\/jpeg\" \/>\n<meta name=\"twitter:card\" content=\"summary_large_image\" \/>\n<script type=\"application\/ld+json\" class=\"yoast-schema-graph\">{\"@context\":\"https:\/\/schema.org\",\"@graph\":[{\"@type\":\"WebPage\",\"@id\":\"https:\/\/koningdrone.be\/product\/dji-sdr-transmission-receiver\/\",\"url\":\"https:\/\/koningdrone.be\/product\/dji-sdr-transmission-receiver\/\",\"name\":\"DJI SDR Transmission - Receiver - koningdrone.be\",\"isPartOf\":{\"@id\":\"https:\/\/koningdrone.be\/#website\"},\"primaryImageOfPage\":{\"@id\":\"https:\/\/koningdrone.be\/product\/dji-sdr-transmission-receiver\/#primaryimage\"},\"image\":{\"@id\":\"https:\/\/koningdrone.be\/product\/dji-sdr-transmission-receiver\/#primaryimage\"},\"thumbnailUrl\":\"https:\/\/koningdrone.be\/wp-content\/uploads\/sites\/13\/2025\/04\/a6ee12ae892b6687b4dc36b4f0affc39@ultra.jpg\",\"datePublished\":\"2024-09-05T09:49:14+00:00\",\"dateModified\":\"2026-04-30T14:10:56+00:00\",\"breadcrumb\":{\"@id\":\"https:\/\/koningdrone.be\/product\/dji-sdr-transmission-receiver\/#breadcrumb\"},\"inLanguage\":\"fr-BE\",\"potentialAction\":[{\"@type\":\"ReadAction\",\"target\":[\"https:\/\/koningdrone.be\/product\/dji-sdr-transmission-receiver\/\"]}]},{\"@type\":\"ImageObject\",\"inLanguage\":\"fr-BE\",\"@id\":\"https:\/\/koningdrone.be\/product\/dji-sdr-transmission-receiver\/#primaryimage\",\"url\":\"https:\/\/koningdrone.be\/wp-content\/uploads\/sites\/13\/2025\/04\/a6ee12ae892b6687b4dc36b4f0affc39@ultra.jpg\",\"contentUrl\":\"https:\/\/koningdrone.be\/wp-content\/uploads\/sites\/13\/2025\/04\/a6ee12ae892b6687b4dc36b4f0affc39@ultra.jpg\",\"width\":1280,\"height\":1280},{\"@type\":\"BreadcrumbList\",\"@id\":\"https:\/\/koningdrone.be\/product\/dji-sdr-transmission-receiver\/#breadcrumb\",\"itemListElement\":[{\"@type\":\"ListItem\",\"position\":1,\"name\":\"Home\",\"item\":\"https:\/\/koningdrone.be\/\"},{\"@type\":\"ListItem\",\"position\":2,\"name\":\"AVSS Parachute Recovery System for DJI Matrice 300\/350\",\"item\":\"https:\/\/koningdrone.be\/product\/avss-parachute-recovery-system-for-dji-matrice-300-350\/\"},{\"@type\":\"ListItem\",\"position\":3,\"name\":\"Alle producten\",\"item\":\"https:\/\/koningdrone.be\/categorie\/alle-producten\/\"},{\"@type\":\"ListItem\",\"position\":4,\"name\":\"DJI SDR Transmission &#8211; Receiver\"}]},{\"@type\":\"WebSite\",\"@id\":\"https:\/\/koningdrone.be\/#website\",\"url\":\"https:\/\/koningdrone.be\/\",\"name\":\"Koningdrone.be - Uw online specialist in drones, gimbals, camera's en power stations.\",\"description\":\"De webshop in drones en gimbals\",\"publisher\":{\"@id\":\"https:\/\/koningdrone.be\/#organization\"},\"potentialAction\":[{\"@type\":\"SearchAction\",\"target\":{\"@type\":\"EntryPoint\",\"urlTemplate\":\"https:\/\/koningdrone.be\/?s={search_term_string}\"},\"query-input\":{\"@type\":\"PropertyValueSpecification\",\"valueRequired\":true,\"valueName\":\"search_term_string\"}}],\"inLanguage\":\"fr-BE\"},{\"@type\":\"Organization\",\"@id\":\"https:\/\/koningdrone.be\/#organization\",\"name\":\"Koningdrone.be\",\"url\":\"https:\/\/koningdrone.be\/\",\"logo\":{\"@type\":\"ImageObject\",\"inLanguage\":\"fr-BE\",\"@id\":\"https:\/\/koningdrone.be\/#\/schema\/logo\/image\/\",\"url\":\"https:\/\/koningdrone.be\/wp-content\/uploads\/sites\/13\/2025\/04\/koningdrone-copyright-logo.svg\",\"contentUrl\":\"https:\/\/koningdrone.be\/wp-content\/uploads\/sites\/13\/2025\/04\/koningdrone-copyright-logo.svg\",\"width\":227,\"height\":38,\"caption\":\"Koningdrone.be\"},\"image\":{\"@id\":\"https:\/\/koningdrone.be\/#\/schema\/logo\/image\/\"}}]}<\/script>\n<!-- \/ Yoast SEO Premium plugin. -->","yoast_head_json":{"title":"DJI SDR Transmission - Receiver - koningdrone.be","robots":{"index":"index","follow":"follow","max-snippet":"max-snippet:-1","max-image-preview":"max-image-preview:large","max-video-preview":"max-video-preview:-1"},"canonical":"https:\/\/koningdrone.be\/fr\/produit\/dji-sdr-transmission-receiver\/","og_locale":"fr_FR","og_type":"article","og_title":"DJI SDR Transmission - Receiver","og_description":"SDR-transmissie, stabiel en anti-interferentieSterke penetratie, uitgebreide transmissieafstandHoge bitsnelheid, hoge beeldkwaliteitInnovatieve USB-C-monitoringervaringBroadcastmodus, onbeperkt aantal ontvangersRonin-compatibiliteit &amp; afstandsbediening","og_url":"https:\/\/koningdrone.be\/fr\/produit\/dji-sdr-transmission-receiver\/","og_site_name":"koningdrone.be","article_modified_time":"2026-04-30T14:10:56+00:00","og_image":[{"width":1280,"height":1280,"url":"https:\/\/koningdrone.be\/wp-content\/uploads\/sites\/13\/2025\/04\/a6ee12ae892b6687b4dc36b4f0affc39@ultra.jpg","type":"image\/jpeg"}],"twitter_card":"summary_large_image","schema":{"@context":"https:\/\/schema.org","@graph":[{"@type":"WebPage","@id":"https:\/\/koningdrone.be\/product\/dji-sdr-transmission-receiver\/","url":"https:\/\/koningdrone.be\/product\/dji-sdr-transmission-receiver\/","name":"DJI SDR Transmission - Receiver - koningdrone.be","isPartOf":{"@id":"https:\/\/koningdrone.be\/#website"},"primaryImageOfPage":{"@id":"https:\/\/koningdrone.be\/product\/dji-sdr-transmission-receiver\/#primaryimage"},"image":{"@id":"https:\/\/koningdrone.be\/product\/dji-sdr-transmission-receiver\/#primaryimage"},"thumbnailUrl":"https:\/\/koningdrone.be\/wp-content\/uploads\/sites\/13\/2025\/04\/a6ee12ae892b6687b4dc36b4f0affc39@ultra.jpg","datePublished":"2024-09-05T09:49:14+00:00","dateModified":"2026-04-30T14:10:56+00:00","breadcrumb":{"@id":"https:\/\/koningdrone.be\/product\/dji-sdr-transmission-receiver\/#breadcrumb"},"inLanguage":"fr-BE","potentialAction":[{"@type":"ReadAction","target":["https:\/\/koningdrone.be\/product\/dji-sdr-transmission-receiver\/"]}]},{"@type":"ImageObject","inLanguage":"fr-BE","@id":"https:\/\/koningdrone.be\/product\/dji-sdr-transmission-receiver\/#primaryimage","url":"https:\/\/koningdrone.be\/wp-content\/uploads\/sites\/13\/2025\/04\/a6ee12ae892b6687b4dc36b4f0affc39@ultra.jpg","contentUrl":"https:\/\/koningdrone.be\/wp-content\/uploads\/sites\/13\/2025\/04\/a6ee12ae892b6687b4dc36b4f0affc39@ultra.jpg","width":1280,"height":1280},{"@type":"BreadcrumbList","@id":"https:\/\/koningdrone.be\/product\/dji-sdr-transmission-receiver\/#breadcrumb","itemListElement":[{"@type":"ListItem","position":1,"name":"Home","item":"https:\/\/koningdrone.be\/"},{"@type":"ListItem","position":2,"name":"AVSS Parachute Recovery System for DJI Matrice 300\/350","item":"https:\/\/koningdrone.be\/product\/avss-parachute-recovery-system-for-dji-matrice-300-350\/"},{"@type":"ListItem","position":3,"name":"Alle producten","item":"https:\/\/koningdrone.be\/categorie\/alle-producten\/"},{"@type":"ListItem","position":4,"name":"DJI SDR Transmission &#8211; Receiver"}]},{"@type":"WebSite","@id":"https:\/\/koningdrone.be\/#website","url":"https:\/\/koningdrone.be\/","name":"Koningdrone.be - Votre sp\u00e9cialiste en ligne en mati\u00e8re de drones, de cardans, de cam\u00e9ras et de centrales \u00e9lectriques.","description":"La boutique en ligne de drones et de cardans","publisher":{"@id":"https:\/\/koningdrone.be\/#organization"},"potentialAction":[{"@type":"SearchAction","target":{"@type":"EntryPoint","urlTemplate":"https:\/\/koningdrone.be\/?s={search_term_string}"},"query-input":{"@type":"PropertyValueSpecification","valueRequired":true,"valueName":"search_term_string"}}],"inLanguage":"fr-BE"},{"@type":"Organization","@id":"https:\/\/koningdrone.be\/#organization","name":"Kingdrone.co.uk","url":"https:\/\/koningdrone.be\/","logo":{"@type":"ImageObject","inLanguage":"fr-BE","@id":"https:\/\/koningdrone.be\/#\/schema\/logo\/image\/","url":"https:\/\/koningdrone.be\/wp-content\/uploads\/sites\/13\/2025\/04\/koningdrone-copyright-logo.svg","contentUrl":"https:\/\/koningdrone.be\/wp-content\/uploads\/sites\/13\/2025\/04\/koningdrone-copyright-logo.svg","width":227,"height":38,"caption":"Koningdrone.be"},"image":{"@id":"https:\/\/koningdrone.be\/#\/schema\/logo\/image\/"}}]}},"df_price":329,"df_sale_price":"","df_regular_price":329,"df_image_link":"https:\/\/koningdrone.be\/wp-content\/uploads\/sites\/13\/2025\/04\/a6ee12ae892b6687b4dc36b4f0affc39@ultra-300x300.jpg","_links":{"self":[{"href":"https:\/\/koningdrone.be\/fr\/wp-json\/wp\/v2\/product\/3278","targetHints":{"allow":["GET"]}}],"collection":[{"href":"https:\/\/koningdrone.be\/fr\/wp-json\/wp\/v2\/product"}],"about":[{"href":"https:\/\/koningdrone.be\/fr\/wp-json\/wp\/v2\/types\/product"}],"wp:featuredmedia":[{"embeddable":true,"href":"https:\/\/koningdrone.be\/fr\/wp-json\/wp\/v2\/media\/3272"}],"wp:attachment":[{"href":"https:\/\/koningdrone.be\/fr\/wp-json\/wp\/v2\/media?parent=3278"}],"wp:term":[{"taxonomy":"product_brand","embeddable":true,"href":"https:\/\/koningdrone.be\/fr\/wp-json\/wp\/v2\/product_brand?post=3278"},{"taxonomy":"product_cat","embeddable":true,"href":"https:\/\/koningdrone.be\/fr\/wp-json\/wp\/v2\/product_cat?post=3278"},{"taxonomy":"product_tag","embeddable":true,"href":"https:\/\/koningdrone.be\/fr\/wp-json\/wp\/v2\/product_tag?post=3278"}],"curies":[{"name":"wp","href":"https:\/\/api.w.org\/{rel}","templated":true}]}}