{"id":3242,"date":"2024-09-05T11:50:27","date_gmt":"2024-09-05T09:50:27","guid":{"rendered":"https:\/\/koningdrone.nl\/kon\/product\/dji-agras-t50-spreading-system\/"},"modified":"2026-04-29T16:00:31","modified_gmt":"2026-04-29T14:00:31","slug":"dji-agras-t50-spreading-system","status":"publish","type":"product","link":"https:\/\/koningdrone.be\/fr\/produit\/dji-agras-t50-spreading-system\/","title":{"rendered":"Syst\u00e8me d'\u00e9pandage DJI Agras T50"},"content":{"rendered":"<p>Faites l'exp\u00e9rience d'une efficacit\u00e9 et d'une fiabilit\u00e9 in\u00e9gal\u00e9es avec le syst\u00e8me d'\u00e9pandage DJI Agras T50, con\u00e7u sp\u00e9cifiquement pour le drone DJI Agras T50. Dot\u00e9 d'un robuste r\u00e9servoir d'\u00e9pandage de 75 litres, ce syst\u00e8me offre des capacit\u00e9s d'\u00e9pandage pr\u00e9cises pour r\u00e9pondre \u00e0 de nombreux besoins agricoles. Configurez et g\u00e9rez vos op\u00e9rations d'\u00e9pandage en toute transparence via l'application DJI Agras, qui vous permet de d\u00e9finir des mod\u00e8les sp\u00e9cifiques pour diff\u00e9rents mat\u00e9riaux afin de garantir des performances optimales pour chaque t\u00e2che. L'appli fournit \u00e9galement des alertes en temps r\u00e9el pour les r\u00e9servoirs vides et d\u00e9tecte les \u00e9carts de vitesse de rotation, de temp\u00e9rature et de taille de sortie de tr\u00e9mie.<\/p>","protected":false},"excerpt":{"rendered":"<ul>\n<li>Charge utile \u00e9lev\u00e9e : Peut supporter une charge utile de 50 kg avec un r\u00e9servoir d'une capacit\u00e9 maximale de 75 litres, \u00e9quip\u00e9 d'un orifice de chargement \u00e9tendu pour un remplissage rapide.<\/li>\n<li>Epandage efficace : un couple am\u00e9lior\u00e9 et une trappe de sortie \u00e9largie permettent un d\u00e9bit allant jusqu'\u00e0 108 kg\/min, pour un \u00e9pandage rapide et efficace.<\/li>\n<li>R\u00e9partition homog\u00e8ne : la roue \u00e0 picots en spirale assure une r\u00e9partition homog\u00e8ne de la mati\u00e8re sur le champ.<\/li>\n<li>\u00c9pandage pr\u00e9cis \u00e0 faible vitesse : les vannes de tr\u00e9mie commutables am\u00e9liorent la pr\u00e9cision pour les mat\u00e9riaux n\u00e9cessitant des d\u00e9bits plus faibles.<\/li>\n<li>Contr\u00f4le en temps r\u00e9el : des capteurs de pesage int\u00e9gr\u00e9s fournissent des donn\u00e9es en temps r\u00e9el sur la charge restante, garantissant ainsi des op\u00e9rations pr\u00e9cises.<\/li>\n<li>Entretien facile : con\u00e7u pour un d\u00e9montage et un nettoyage rapides, l'\u00e9pandeur simplifie les t\u00e2ches d'entretien.<\/li>\n<li>Fiabilit\u00e9 et s\u00e9curit\u00e9 : le syst\u00e8me d'\u00e9pandage T50 a fait l'objet de nombreux tests de fiabilit\u00e9 et de durabilit\u00e9.<\/li>\n<\/ul>","protected":false},"featured_media":3241,"template":"","meta":{"_acf_changed":false},"product_brand":[],"product_cat":[97,567,568],"product_tag":[],"class_list":{"0":"post-3242","1":"product","2":"type-product","3":"status-publish","4":"has-post-thumbnail","6":"product_cat-alle-producten","7":"product_cat-dji-agras","8":"product_cat-landbouw-drones","9":"product_shipping_class-outofstock","10":"pa_brand-dji","11":"pa_dronegrade-enterprise","12":"pa_productfamily-strooisysteem","13":"pa_producttype-strooisysteem","14":"pa_series-t50","16":"first","17":"outofstock","18":"taxable","19":"shipping-taxable","20":"purchasable","21":"product-type-simple"},"acf":[],"yoast_head":"<!-- This site is optimized with the Yoast SEO Premium plugin v27.2 (Yoast SEO v27.2) - https:\/\/yoast.com\/product\/yoast-seo-premium-wordpress\/ -->\n<title>DJI Agras T50 Spreading System - koningdrone.be<\/title>\n<meta name=\"robots\" content=\"index, follow, max-snippet:-1, max-image-preview:large, max-video-preview:-1\" \/>\n<link rel=\"canonical\" href=\"https:\/\/koningdrone.be\/fr\/produit\/dji-agras-t50-spreading-system\/\" \/>\n<meta property=\"og:locale\" content=\"fr_FR\" \/>\n<meta property=\"og:type\" content=\"article\" \/>\n<meta property=\"og:title\" content=\"DJI Agras T50 Spreading System\" \/>\n<meta property=\"og:description\" content=\"Hoog laadvermogen: Kan een nuttige last van 50 kg hanteren met een maximale tankinhoud van 75 liter, voorzien van een verlengde laadpoort voor snel bijvullen.  Effici\u00ebnte verspreiding: Een verbeterd koppel en een vergroot uitstroomluik zorgen voor een debiet tot 108 kg\/min, zodat er snel en effici\u00ebnt gestrooid kan worden.  Gelijkmatige verdeling: De spiraalkanaalspinschijf zorgt ervoor dat het materiaal gelijkmatig over het veld wordt verspreid.  Nauwkeurig strooien met lage snelheid: Omschakelbare trechterafsluiters verbeteren de nauwkeurigheid voor materialen die een lager debiet vereisen.  Real-Time Controle: Ge\u00efntegreerde weegsensoren leveren realtime gegevens over de resterende lading, waardoor nauwkeurige bewerkingen gegarandeerd zijn.  Eenvoudig onderhoud: De strooier is ontworpen voor snelle demontage en reiniging en vereenvoudigt onderhoudstaken.  Betrouwbaarheid en veiligheid: Het T50-strooisysteem is uitgebreid getest op betrouwbaarheid en duurzaamheid.\" \/>\n<meta property=\"og:url\" content=\"https:\/\/koningdrone.be\/fr\/produit\/dji-agras-t50-spreading-system\/\" \/>\n<meta property=\"og:site_name\" content=\"koningdrone.be\" \/>\n<meta property=\"article:modified_time\" content=\"2026-04-29T14:00:31+00:00\" \/>\n<meta property=\"og:image\" content=\"https:\/\/koningdrone.be\/wp-content\/uploads\/sites\/13\/2025\/04\/dji-agras-t40-spreading-system-3-0-hse-uav_957ac99b-32f3-4d87-8a76-e538d2a6c35d_1024x1024@2x.png\" \/>\n\t<meta property=\"og:image:width\" content=\"2048\" \/>\n\t<meta property=\"og:image:height\" content=\"1152\" \/>\n\t<meta property=\"og:image:type\" content=\"image\/png\" \/>\n<meta name=\"twitter:card\" content=\"summary_large_image\" \/>\n<script type=\"application\/ld+json\" class=\"yoast-schema-graph\">{\"@context\":\"https:\/\/schema.org\",\"@graph\":[{\"@type\":\"WebPage\",\"@id\":\"https:\/\/koningdrone.be\/product\/dji-agras-t50-spreading-system\/\",\"url\":\"https:\/\/koningdrone.be\/product\/dji-agras-t50-spreading-system\/\",\"name\":\"DJI Agras T50 Spreading System - koningdrone.be\",\"isPartOf\":{\"@id\":\"https:\/\/koningdrone.be\/#website\"},\"primaryImageOfPage\":{\"@id\":\"https:\/\/koningdrone.be\/product\/dji-agras-t50-spreading-system\/#primaryimage\"},\"image\":{\"@id\":\"https:\/\/koningdrone.be\/product\/dji-agras-t50-spreading-system\/#primaryimage\"},\"thumbnailUrl\":\"https:\/\/koningdrone.be\/wp-content\/uploads\/sites\/13\/2025\/04\/dji-agras-t40-spreading-system-3-0-hse-uav_957ac99b-32f3-4d87-8a76-e538d2a6c35d_1024x1024@2x.png\",\"datePublished\":\"2024-09-05T09:50:27+00:00\",\"dateModified\":\"2026-04-29T14:00:31+00:00\",\"breadcrumb\":{\"@id\":\"https:\/\/koningdrone.be\/product\/dji-agras-t50-spreading-system\/#breadcrumb\"},\"inLanguage\":\"fr-BE\",\"potentialAction\":[{\"@type\":\"ReadAction\",\"target\":[\"https:\/\/koningdrone.be\/product\/dji-agras-t50-spreading-system\/\"]}]},{\"@type\":\"ImageObject\",\"inLanguage\":\"fr-BE\",\"@id\":\"https:\/\/koningdrone.be\/product\/dji-agras-t50-spreading-system\/#primaryimage\",\"url\":\"https:\/\/koningdrone.be\/wp-content\/uploads\/sites\/13\/2025\/04\/dji-agras-t40-spreading-system-3-0-hse-uav_957ac99b-32f3-4d87-8a76-e538d2a6c35d_1024x1024@2x.png\",\"contentUrl\":\"https:\/\/koningdrone.be\/wp-content\/uploads\/sites\/13\/2025\/04\/dji-agras-t40-spreading-system-3-0-hse-uav_957ac99b-32f3-4d87-8a76-e538d2a6c35d_1024x1024@2x.png\",\"width\":2048,\"height\":1152},{\"@type\":\"BreadcrumbList\",\"@id\":\"https:\/\/koningdrone.be\/product\/dji-agras-t50-spreading-system\/#breadcrumb\",\"itemListElement\":[{\"@type\":\"ListItem\",\"position\":1,\"name\":\"Home\",\"item\":\"https:\/\/koningdrone.be\/\"},{\"@type\":\"ListItem\",\"position\":2,\"name\":\"AVSS Parachute Recovery System for DJI Matrice 300\/350\",\"item\":\"https:\/\/koningdrone.be\/product\/avss-parachute-recovery-system-for-dji-matrice-300-350\/\"},{\"@type\":\"ListItem\",\"position\":3,\"name\":\"Alle producten\",\"item\":\"https:\/\/koningdrone.be\/categorie\/alle-producten\/\"},{\"@type\":\"ListItem\",\"position\":4,\"name\":\"DJI Agras T50 Spreading System\"}]},{\"@type\":\"WebSite\",\"@id\":\"https:\/\/koningdrone.be\/#website\",\"url\":\"https:\/\/koningdrone.be\/\",\"name\":\"Koningdrone.be - Uw online specialist in drones, gimbals, camera's en power stations.\",\"description\":\"De webshop in drones en gimbals\",\"publisher\":{\"@id\":\"https:\/\/koningdrone.be\/#organization\"},\"potentialAction\":[{\"@type\":\"SearchAction\",\"target\":{\"@type\":\"EntryPoint\",\"urlTemplate\":\"https:\/\/koningdrone.be\/?s={search_term_string}\"},\"query-input\":{\"@type\":\"PropertyValueSpecification\",\"valueRequired\":true,\"valueName\":\"search_term_string\"}}],\"inLanguage\":\"fr-BE\"},{\"@type\":\"Organization\",\"@id\":\"https:\/\/koningdrone.be\/#organization\",\"name\":\"Koningdrone.be\",\"url\":\"https:\/\/koningdrone.be\/\",\"logo\":{\"@type\":\"ImageObject\",\"inLanguage\":\"fr-BE\",\"@id\":\"https:\/\/koningdrone.be\/#\/schema\/logo\/image\/\",\"url\":\"https:\/\/koningdrone.be\/wp-content\/uploads\/sites\/13\/2025\/04\/koningdrone-copyright-logo.svg\",\"contentUrl\":\"https:\/\/koningdrone.be\/wp-content\/uploads\/sites\/13\/2025\/04\/koningdrone-copyright-logo.svg\",\"width\":227,\"height\":38,\"caption\":\"Koningdrone.be\"},\"image\":{\"@id\":\"https:\/\/koningdrone.be\/#\/schema\/logo\/image\/\"}}]}<\/script>\n<!-- \/ Yoast SEO Premium plugin. -->","yoast_head_json":{"title":"DJI Agras T50 Spreading System - koningdrone.be","robots":{"index":"index","follow":"follow","max-snippet":"max-snippet:-1","max-image-preview":"max-image-preview:large","max-video-preview":"max-video-preview:-1"},"canonical":"https:\/\/koningdrone.be\/fr\/produit\/dji-agras-t50-spreading-system\/","og_locale":"fr_FR","og_type":"article","og_title":"DJI Agras T50 Spreading System","og_description":"Hoog laadvermogen: Kan een nuttige last van 50 kg hanteren met een maximale tankinhoud van 75 liter, voorzien van een verlengde laadpoort voor snel bijvullen.  Effici\u00ebnte verspreiding: Een verbeterd koppel en een vergroot uitstroomluik zorgen voor een debiet tot 108 kg\/min, zodat er snel en effici\u00ebnt gestrooid kan worden.  Gelijkmatige verdeling: De spiraalkanaalspinschijf zorgt ervoor dat het materiaal gelijkmatig over het veld wordt verspreid.  Nauwkeurig strooien met lage snelheid: Omschakelbare trechterafsluiters verbeteren de nauwkeurigheid voor materialen die een lager debiet vereisen.  Real-Time Controle: Ge\u00efntegreerde weegsensoren leveren realtime gegevens over de resterende lading, waardoor nauwkeurige bewerkingen gegarandeerd zijn.  Eenvoudig onderhoud: De strooier is ontworpen voor snelle demontage en reiniging en vereenvoudigt onderhoudstaken.  Betrouwbaarheid en veiligheid: Het T50-strooisysteem is uitgebreid getest op betrouwbaarheid en duurzaamheid.","og_url":"https:\/\/koningdrone.be\/fr\/produit\/dji-agras-t50-spreading-system\/","og_site_name":"koningdrone.be","article_modified_time":"2026-04-29T14:00:31+00:00","og_image":[{"width":2048,"height":1152,"url":"https:\/\/koningdrone.be\/wp-content\/uploads\/sites\/13\/2025\/04\/dji-agras-t40-spreading-system-3-0-hse-uav_957ac99b-32f3-4d87-8a76-e538d2a6c35d_1024x1024@2x.png","type":"image\/png"}],"twitter_card":"summary_large_image","schema":{"@context":"https:\/\/schema.org","@graph":[{"@type":"WebPage","@id":"https:\/\/koningdrone.be\/product\/dji-agras-t50-spreading-system\/","url":"https:\/\/koningdrone.be\/product\/dji-agras-t50-spreading-system\/","name":"DJI Agras T50 Spreading System - koningdrone.be","isPartOf":{"@id":"https:\/\/koningdrone.be\/#website"},"primaryImageOfPage":{"@id":"https:\/\/koningdrone.be\/product\/dji-agras-t50-spreading-system\/#primaryimage"},"image":{"@id":"https:\/\/koningdrone.be\/product\/dji-agras-t50-spreading-system\/#primaryimage"},"thumbnailUrl":"https:\/\/koningdrone.be\/wp-content\/uploads\/sites\/13\/2025\/04\/dji-agras-t40-spreading-system-3-0-hse-uav_957ac99b-32f3-4d87-8a76-e538d2a6c35d_1024x1024@2x.png","datePublished":"2024-09-05T09:50:27+00:00","dateModified":"2026-04-29T14:00:31+00:00","breadcrumb":{"@id":"https:\/\/koningdrone.be\/product\/dji-agras-t50-spreading-system\/#breadcrumb"},"inLanguage":"fr-BE","potentialAction":[{"@type":"ReadAction","target":["https:\/\/koningdrone.be\/product\/dji-agras-t50-spreading-system\/"]}]},{"@type":"ImageObject","inLanguage":"fr-BE","@id":"https:\/\/koningdrone.be\/product\/dji-agras-t50-spreading-system\/#primaryimage","url":"https:\/\/koningdrone.be\/wp-content\/uploads\/sites\/13\/2025\/04\/dji-agras-t40-spreading-system-3-0-hse-uav_957ac99b-32f3-4d87-8a76-e538d2a6c35d_1024x1024@2x.png","contentUrl":"https:\/\/koningdrone.be\/wp-content\/uploads\/sites\/13\/2025\/04\/dji-agras-t40-spreading-system-3-0-hse-uav_957ac99b-32f3-4d87-8a76-e538d2a6c35d_1024x1024@2x.png","width":2048,"height":1152},{"@type":"BreadcrumbList","@id":"https:\/\/koningdrone.be\/product\/dji-agras-t50-spreading-system\/#breadcrumb","itemListElement":[{"@type":"ListItem","position":1,"name":"Home","item":"https:\/\/koningdrone.be\/"},{"@type":"ListItem","position":2,"name":"AVSS Parachute Recovery System for DJI Matrice 300\/350","item":"https:\/\/koningdrone.be\/product\/avss-parachute-recovery-system-for-dji-matrice-300-350\/"},{"@type":"ListItem","position":3,"name":"Alle producten","item":"https:\/\/koningdrone.be\/categorie\/alle-producten\/"},{"@type":"ListItem","position":4,"name":"DJI Agras T50 Spreading System"}]},{"@type":"WebSite","@id":"https:\/\/koningdrone.be\/#website","url":"https:\/\/koningdrone.be\/","name":"Koningdrone.be - Votre sp\u00e9cialiste en ligne en mati\u00e8re de drones, de cardans, de cam\u00e9ras et de centrales \u00e9lectriques.","description":"La boutique en ligne de drones et de cardans","publisher":{"@id":"https:\/\/koningdrone.be\/#organization"},"potentialAction":[{"@type":"SearchAction","target":{"@type":"EntryPoint","urlTemplate":"https:\/\/koningdrone.be\/?s={search_term_string}"},"query-input":{"@type":"PropertyValueSpecification","valueRequired":true,"valueName":"search_term_string"}}],"inLanguage":"fr-BE"},{"@type":"Organization","@id":"https:\/\/koningdrone.be\/#organization","name":"Kingdrone.co.uk","url":"https:\/\/koningdrone.be\/","logo":{"@type":"ImageObject","inLanguage":"fr-BE","@id":"https:\/\/koningdrone.be\/#\/schema\/logo\/image\/","url":"https:\/\/koningdrone.be\/wp-content\/uploads\/sites\/13\/2025\/04\/koningdrone-copyright-logo.svg","contentUrl":"https:\/\/koningdrone.be\/wp-content\/uploads\/sites\/13\/2025\/04\/koningdrone-copyright-logo.svg","width":227,"height":38,"caption":"Koningdrone.be"},"image":{"@id":"https:\/\/koningdrone.be\/#\/schema\/logo\/image\/"}}]}},"df_price":976,"df_sale_price":"","df_regular_price":976,"df_image_link":"https:\/\/koningdrone.be\/wp-content\/uploads\/sites\/13\/2025\/04\/dji-agras-t40-spreading-system-3-0-hse-uav_957ac99b-32f3-4d87-8a76-e538d2a6c35d_1024x1024@2x-300x169.png","_links":{"self":[{"href":"https:\/\/koningdrone.be\/fr\/wp-json\/wp\/v2\/product\/3242","targetHints":{"allow":["GET"]}}],"collection":[{"href":"https:\/\/koningdrone.be\/fr\/wp-json\/wp\/v2\/product"}],"about":[{"href":"https:\/\/koningdrone.be\/fr\/wp-json\/wp\/v2\/types\/product"}],"wp:featuredmedia":[{"embeddable":true,"href":"https:\/\/koningdrone.be\/fr\/wp-json\/wp\/v2\/media\/3241"}],"wp:attachment":[{"href":"https:\/\/koningdrone.be\/fr\/wp-json\/wp\/v2\/media?parent=3242"}],"wp:term":[{"taxonomy":"product_brand","embeddable":true,"href":"https:\/\/koningdrone.be\/fr\/wp-json\/wp\/v2\/product_brand?post=3242"},{"taxonomy":"product_cat","embeddable":true,"href":"https:\/\/koningdrone.be\/fr\/wp-json\/wp\/v2\/product_cat?post=3242"},{"taxonomy":"product_tag","embeddable":true,"href":"https:\/\/koningdrone.be\/fr\/wp-json\/wp\/v2\/product_tag?post=3242"}],"curies":[{"name":"wp","href":"https:\/\/api.w.org\/{rel}","templated":true}]}}