{"id":3213,"date":"2024-09-05T11:50:52","date_gmt":"2024-09-05T09:50:52","guid":{"rendered":"https:\/\/koningdrone.nl\/kon\/product\/dji-agras-t25\/"},"modified":"2026-04-29T16:00:34","modified_gmt":"2026-04-29T14:00:34","slug":"dji-agras-t25","status":"publish","type":"product","link":"https:\/\/koningdrone.be\/fr\/produit\/dji-agras-t25\/","title":{"rendered":"DJI Agras T25"},"content":{"rendered":"<p>Le DJI Agras T25 red\u00e9finit la norme des drones agricoles compacts, combinant technologie avanc\u00e9e et facilit\u00e9 d'utilisation. L\u00e9ger et maniable, le T25 peut \u00eatre pilot\u00e9 sans effort par un seul op\u00e9rateur, ce qui le rend id\u00e9al pour les petites et moyennes exploitations agricoles.<\/p>","protected":false},"excerpt":{"rendered":"<ul>\n<li>Charge utile \u00e9lev\u00e9e : L'Agras T25 peut transporter une charge de pulv\u00e9risation allant jusqu'\u00e0 20 kg et une charge d'\u00e9pandage allant jusqu'\u00e0 25 kg, ce qui lui conf\u00e8re une grande souplesse pour les diff\u00e9rents travaux agricoles.<\/li>\n<li>Navigation avanc\u00e9e : \u00c9quip\u00e9 de radars \u00e0 r\u00e9seaux phas\u00e9s avant et arri\u00e8re et d'un syst\u00e8me de vision binoculaire, le T25 excelle dans l'\u00e9vitement des obstacles et le suivi du terrain, garantissant des op\u00e9rations pr\u00e9cises et s\u00fbres sur divers terrains.<\/li>\n<li>Fonctionnement efficace : le drone peut d\u00e9coller d'une simple pression et fonctionne de mani\u00e8re enti\u00e8rement automatique, ce qui simplifie le processus de cartographie et de pulv\u00e9risation. Le drone peut cartographier un champ de 13 hectares en seulement 10 minutes, ce qui am\u00e9liore consid\u00e9rablement l'efficacit\u00e9 op\u00e9rationnelle.<\/li>\n<li>Int\u00e9gration SmartFarm : Associ\u00e9 \u00e0 l'application DJI SmartFarm, le T25 rationalise les op\u00e9rations quotidiennes gr\u00e2ce \u00e0 une visualisation am\u00e9lior\u00e9e des donn\u00e9es, des rapports et une gestion dynamique des appareils. Cette int\u00e9gration permet d'optimiser la protection des cultures et la gestion des champs.<\/li>\n<li>Chargement rapide : Le T25 prend en charge le chargement ultra-rapide de la batterie, ce qui vous permet de travailler en continu avec un minimum de temps d'arr\u00eat. La batterie de vol intelligente DB800 se charge en seulement 9 minutes avec le chargeur intelligent DJI C8000.<\/li>\n<\/ul>","protected":false},"featured_media":3207,"template":"","meta":{"_acf_changed":false},"product_brand":[],"product_cat":[97,567,99,100,568,101],"product_tag":[],"class_list":{"0":"post-3213","1":"product","2":"type-product","3":"status-publish","4":"has-post-thumbnail","6":"product_cat-alle-producten","7":"product_cat-dji-agras","8":"product_cat-drones-met-certificaat","9":"product_cat-enterprise-drones","10":"product_cat-landbouw-drones","11":"product_cat-professionele-dji-drone","12":"product_shipping_class-outofstock","13":"pa_brand-dji","14":"pa_dronegrade-enterprise","15":"pa_productfamily-drone","16":"pa_producttype-drone","17":"pa_series-t25","19":"first","20":"outofstock","21":"taxable","22":"shipping-taxable","23":"purchasable","24":"product-type-simple"},"acf":[],"yoast_head":"<!-- This site is optimized with the Yoast SEO Premium plugin v27.2 (Yoast SEO v27.2) - https:\/\/yoast.com\/product\/yoast-seo-premium-wordpress\/ -->\n<title>DJI Agras T25 - koningdrone.be<\/title>\n<meta name=\"robots\" content=\"index, follow, max-snippet:-1, max-image-preview:large, max-video-preview:-1\" \/>\n<link rel=\"canonical\" href=\"https:\/\/koningdrone.be\/fr\/produit\/dji-agras-t25\/\" \/>\n<meta property=\"og:locale\" content=\"fr_FR\" \/>\n<meta property=\"og:type\" content=\"article\" \/>\n<meta property=\"og:title\" content=\"DJI Agras T25\" \/>\n<meta property=\"og:description\" content=\"Hoog laadvermogen: De Agras T25 kan een spuitlading tot 20 kg (44 lbs) en een strooilading tot 25 kg (55 lbs) dragen, wat flexibiliteit biedt voor diverse landbouwtaken.  Geavanceerde navigatie: Uitgerust met phased array radars voor en achter en een binoculair vision systeem, blinkt de T25 uit in obstakelvermijding en Terrain Following, wat zorgt voor nauwkeurige en veilige werkzaamheden op diverse terreinen.  Effici\u00ebnte bediening: De drone kan met \u00e9\u00e9n tik opstijgen en werkt volledig automatisch, wat het proces van in kaart brengen en sproeien vereenvoudigt. De drone kan een veld van 13 hectare in kaart brengen in slechts 10 minuten, waardoor de operationele effici\u00ebntie aanzienlijk wordt verbeterd.  SmartFarm-integratie: In combinatie met de DJI SmartFarm app stroomlijnt de T25 de dagelijkse werkzaamheden door verbeterde visualisatie van gegevens, rapportage en dynamisch apparaatbeheer. Deze integratie helpt gewasbescherming en perceelbeheer te optimaliseren.  Snel opladen: De T25 ondersteunt het ultrasnel opladen van de batterij, waardoor je continu kunt werken met minimale uitvaltijd. De DB800 Intelligent Flight Battery wordt in slechts 9 minuten opgeladen wanneer de DJI C8000 Intelligent Charger wordt gebruikt.\" \/>\n<meta property=\"og:url\" content=\"https:\/\/koningdrone.be\/fr\/produit\/dji-agras-t25\/\" \/>\n<meta property=\"og:site_name\" content=\"koningdrone.be\" \/>\n<meta property=\"article:modified_time\" content=\"2026-04-29T14:00:34+00:00\" \/>\n<meta property=\"og:image\" content=\"https:\/\/koningdrone.be\/wp-content\/uploads\/sites\/13\/2025\/04\/T25_45_FrontView_500x.png\" \/>\n\t<meta property=\"og:image:width\" content=\"500\" \/>\n\t<meta property=\"og:image:height\" content=\"281\" \/>\n\t<meta property=\"og:image:type\" content=\"image\/png\" \/>\n<meta name=\"twitter:card\" content=\"summary_large_image\" \/>\n<meta name=\"twitter:label1\" content=\"Dur\u00e9e de lecture est.\" \/>\n\t<meta name=\"twitter:data1\" content=\"3 minutes\" \/>\n<script type=\"application\/ld+json\" class=\"yoast-schema-graph\">{\"@context\":\"https:\/\/schema.org\",\"@graph\":[{\"@type\":\"WebPage\",\"@id\":\"https:\/\/koningdrone.be\/product\/dji-agras-t25\/\",\"url\":\"https:\/\/koningdrone.be\/product\/dji-agras-t25\/\",\"name\":\"DJI Agras T25 - koningdrone.be\",\"isPartOf\":{\"@id\":\"https:\/\/koningdrone.be\/#website\"},\"primaryImageOfPage\":{\"@id\":\"https:\/\/koningdrone.be\/product\/dji-agras-t25\/#primaryimage\"},\"image\":{\"@id\":\"https:\/\/koningdrone.be\/product\/dji-agras-t25\/#primaryimage\"},\"thumbnailUrl\":\"https:\/\/koningdrone.be\/wp-content\/uploads\/sites\/13\/2025\/04\/T25_45_FrontView_500x.png\",\"datePublished\":\"2024-09-05T09:50:52+00:00\",\"dateModified\":\"2026-04-29T14:00:34+00:00\",\"breadcrumb\":{\"@id\":\"https:\/\/koningdrone.be\/product\/dji-agras-t25\/#breadcrumb\"},\"inLanguage\":\"fr-BE\",\"potentialAction\":[{\"@type\":\"ReadAction\",\"target\":[\"https:\/\/koningdrone.be\/product\/dji-agras-t25\/\"]}]},{\"@type\":\"ImageObject\",\"inLanguage\":\"fr-BE\",\"@id\":\"https:\/\/koningdrone.be\/product\/dji-agras-t25\/#primaryimage\",\"url\":\"https:\/\/koningdrone.be\/wp-content\/uploads\/sites\/13\/2025\/04\/T25_45_FrontView_500x.png\",\"contentUrl\":\"https:\/\/koningdrone.be\/wp-content\/uploads\/sites\/13\/2025\/04\/T25_45_FrontView_500x.png\",\"width\":500,\"height\":281},{\"@type\":\"BreadcrumbList\",\"@id\":\"https:\/\/koningdrone.be\/product\/dji-agras-t25\/#breadcrumb\",\"itemListElement\":[{\"@type\":\"ListItem\",\"position\":1,\"name\":\"Home\",\"item\":\"https:\/\/koningdrone.be\/\"},{\"@type\":\"ListItem\",\"position\":2,\"name\":\"AVSS Parachute Recovery System for DJI Matrice 300\/350\",\"item\":\"https:\/\/koningdrone.be\/product\/avss-parachute-recovery-system-for-dji-matrice-300-350\/\"},{\"@type\":\"ListItem\",\"position\":3,\"name\":\"Alle producten\",\"item\":\"https:\/\/koningdrone.be\/categorie\/alle-producten\/\"},{\"@type\":\"ListItem\",\"position\":4,\"name\":\"DJI Agras T25\"}]},{\"@type\":\"WebSite\",\"@id\":\"https:\/\/koningdrone.be\/#website\",\"url\":\"https:\/\/koningdrone.be\/\",\"name\":\"Koningdrone.be - Uw online specialist in drones, gimbals, camera's en power stations.\",\"description\":\"De webshop in drones en gimbals\",\"publisher\":{\"@id\":\"https:\/\/koningdrone.be\/#organization\"},\"potentialAction\":[{\"@type\":\"SearchAction\",\"target\":{\"@type\":\"EntryPoint\",\"urlTemplate\":\"https:\/\/koningdrone.be\/?s={search_term_string}\"},\"query-input\":{\"@type\":\"PropertyValueSpecification\",\"valueRequired\":true,\"valueName\":\"search_term_string\"}}],\"inLanguage\":\"fr-BE\"},{\"@type\":\"Organization\",\"@id\":\"https:\/\/koningdrone.be\/#organization\",\"name\":\"Koningdrone.be\",\"url\":\"https:\/\/koningdrone.be\/\",\"logo\":{\"@type\":\"ImageObject\",\"inLanguage\":\"fr-BE\",\"@id\":\"https:\/\/koningdrone.be\/#\/schema\/logo\/image\/\",\"url\":\"https:\/\/koningdrone.be\/wp-content\/uploads\/sites\/13\/2025\/04\/koningdrone-copyright-logo.svg\",\"contentUrl\":\"https:\/\/koningdrone.be\/wp-content\/uploads\/sites\/13\/2025\/04\/koningdrone-copyright-logo.svg\",\"width\":227,\"height\":38,\"caption\":\"Koningdrone.be\"},\"image\":{\"@id\":\"https:\/\/koningdrone.be\/#\/schema\/logo\/image\/\"}}]}<\/script>\n<!-- \/ Yoast SEO Premium plugin. -->","yoast_head_json":{"title":"DJI Agras T25 - koningdrone.be","robots":{"index":"index","follow":"follow","max-snippet":"max-snippet:-1","max-image-preview":"max-image-preview:large","max-video-preview":"max-video-preview:-1"},"canonical":"https:\/\/koningdrone.be\/fr\/produit\/dji-agras-t25\/","og_locale":"fr_FR","og_type":"article","og_title":"DJI Agras T25","og_description":"Hoog laadvermogen: De Agras T25 kan een spuitlading tot 20 kg (44 lbs) en een strooilading tot 25 kg (55 lbs) dragen, wat flexibiliteit biedt voor diverse landbouwtaken.  Geavanceerde navigatie: Uitgerust met phased array radars voor en achter en een binoculair vision systeem, blinkt de T25 uit in obstakelvermijding en Terrain Following, wat zorgt voor nauwkeurige en veilige werkzaamheden op diverse terreinen.  Effici\u00ebnte bediening: De drone kan met \u00e9\u00e9n tik opstijgen en werkt volledig automatisch, wat het proces van in kaart brengen en sproeien vereenvoudigt. De drone kan een veld van 13 hectare in kaart brengen in slechts 10 minuten, waardoor de operationele effici\u00ebntie aanzienlijk wordt verbeterd.  SmartFarm-integratie: In combinatie met de DJI SmartFarm app stroomlijnt de T25 de dagelijkse werkzaamheden door verbeterde visualisatie van gegevens, rapportage en dynamisch apparaatbeheer. Deze integratie helpt gewasbescherming en perceelbeheer te optimaliseren.  Snel opladen: De T25 ondersteunt het ultrasnel opladen van de batterij, waardoor je continu kunt werken met minimale uitvaltijd. De DB800 Intelligent Flight Battery wordt in slechts 9 minuten opgeladen wanneer de DJI C8000 Intelligent Charger wordt gebruikt.","og_url":"https:\/\/koningdrone.be\/fr\/produit\/dji-agras-t25\/","og_site_name":"koningdrone.be","article_modified_time":"2026-04-29T14:00:34+00:00","og_image":[{"width":500,"height":281,"url":"https:\/\/koningdrone.be\/wp-content\/uploads\/sites\/13\/2025\/04\/T25_45_FrontView_500x.png","type":"image\/png"}],"twitter_card":"summary_large_image","twitter_misc":{"Dur\u00e9e de lecture est.":"3 minutes"},"schema":{"@context":"https:\/\/schema.org","@graph":[{"@type":"WebPage","@id":"https:\/\/koningdrone.be\/product\/dji-agras-t25\/","url":"https:\/\/koningdrone.be\/product\/dji-agras-t25\/","name":"DJI Agras T25 - koningdrone.be","isPartOf":{"@id":"https:\/\/koningdrone.be\/#website"},"primaryImageOfPage":{"@id":"https:\/\/koningdrone.be\/product\/dji-agras-t25\/#primaryimage"},"image":{"@id":"https:\/\/koningdrone.be\/product\/dji-agras-t25\/#primaryimage"},"thumbnailUrl":"https:\/\/koningdrone.be\/wp-content\/uploads\/sites\/13\/2025\/04\/T25_45_FrontView_500x.png","datePublished":"2024-09-05T09:50:52+00:00","dateModified":"2026-04-29T14:00:34+00:00","breadcrumb":{"@id":"https:\/\/koningdrone.be\/product\/dji-agras-t25\/#breadcrumb"},"inLanguage":"fr-BE","potentialAction":[{"@type":"ReadAction","target":["https:\/\/koningdrone.be\/product\/dji-agras-t25\/"]}]},{"@type":"ImageObject","inLanguage":"fr-BE","@id":"https:\/\/koningdrone.be\/product\/dji-agras-t25\/#primaryimage","url":"https:\/\/koningdrone.be\/wp-content\/uploads\/sites\/13\/2025\/04\/T25_45_FrontView_500x.png","contentUrl":"https:\/\/koningdrone.be\/wp-content\/uploads\/sites\/13\/2025\/04\/T25_45_FrontView_500x.png","width":500,"height":281},{"@type":"BreadcrumbList","@id":"https:\/\/koningdrone.be\/product\/dji-agras-t25\/#breadcrumb","itemListElement":[{"@type":"ListItem","position":1,"name":"Home","item":"https:\/\/koningdrone.be\/"},{"@type":"ListItem","position":2,"name":"AVSS Parachute Recovery System for DJI Matrice 300\/350","item":"https:\/\/koningdrone.be\/product\/avss-parachute-recovery-system-for-dji-matrice-300-350\/"},{"@type":"ListItem","position":3,"name":"Alle producten","item":"https:\/\/koningdrone.be\/categorie\/alle-producten\/"},{"@type":"ListItem","position":4,"name":"DJI Agras T25"}]},{"@type":"WebSite","@id":"https:\/\/koningdrone.be\/#website","url":"https:\/\/koningdrone.be\/","name":"Koningdrone.be - Votre sp\u00e9cialiste en ligne en mati\u00e8re de drones, de cardans, de cam\u00e9ras et de centrales \u00e9lectriques.","description":"La boutique en ligne de drones et de cardans","publisher":{"@id":"https:\/\/koningdrone.be\/#organization"},"potentialAction":[{"@type":"SearchAction","target":{"@type":"EntryPoint","urlTemplate":"https:\/\/koningdrone.be\/?s={search_term_string}"},"query-input":{"@type":"PropertyValueSpecification","valueRequired":true,"valueName":"search_term_string"}}],"inLanguage":"fr-BE"},{"@type":"Organization","@id":"https:\/\/koningdrone.be\/#organization","name":"Kingdrone.co.uk","url":"https:\/\/koningdrone.be\/","logo":{"@type":"ImageObject","inLanguage":"fr-BE","@id":"https:\/\/koningdrone.be\/#\/schema\/logo\/image\/","url":"https:\/\/koningdrone.be\/wp-content\/uploads\/sites\/13\/2025\/04\/koningdrone-copyright-logo.svg","contentUrl":"https:\/\/koningdrone.be\/wp-content\/uploads\/sites\/13\/2025\/04\/koningdrone-copyright-logo.svg","width":227,"height":38,"caption":"Koningdrone.be"},"image":{"@id":"https:\/\/koningdrone.be\/#\/schema\/logo\/image\/"}}]}},"df_price":9618,"df_sale_price":"","df_regular_price":9618,"df_image_link":"https:\/\/koningdrone.be\/wp-content\/uploads\/sites\/13\/2025\/04\/T25_45_FrontView_500x-300x169.png","_links":{"self":[{"href":"https:\/\/koningdrone.be\/fr\/wp-json\/wp\/v2\/product\/3213","targetHints":{"allow":["GET"]}}],"collection":[{"href":"https:\/\/koningdrone.be\/fr\/wp-json\/wp\/v2\/product"}],"about":[{"href":"https:\/\/koningdrone.be\/fr\/wp-json\/wp\/v2\/types\/product"}],"wp:featuredmedia":[{"embeddable":true,"href":"https:\/\/koningdrone.be\/fr\/wp-json\/wp\/v2\/media\/3207"}],"wp:attachment":[{"href":"https:\/\/koningdrone.be\/fr\/wp-json\/wp\/v2\/media?parent=3213"}],"wp:term":[{"taxonomy":"product_brand","embeddable":true,"href":"https:\/\/koningdrone.be\/fr\/wp-json\/wp\/v2\/product_brand?post=3213"},{"taxonomy":"product_cat","embeddable":true,"href":"https:\/\/koningdrone.be\/fr\/wp-json\/wp\/v2\/product_cat?post=3213"},{"taxonomy":"product_tag","embeddable":true,"href":"https:\/\/koningdrone.be\/fr\/wp-json\/wp\/v2\/product_tag?post=3213"}],"curies":[{"name":"wp","href":"https:\/\/api.w.org\/{rel}","templated":true}]}}