{"id":3180,"date":"2024-09-05T11:51:21","date_gmt":"2024-09-05T09:51:21","guid":{"rendered":"https:\/\/koningdrone.nl\/kon\/product\/dji-zenmuse-h30t-infrared-density-filter\/"},"modified":"2026-04-29T03:31:01","modified_gmt":"2026-04-29T01:31:01","slug":"dji-zenmuse-h30t-infrared-density-filter","status":"publish","type":"product","link":"https:\/\/koningdrone.be\/fr\/produit\/dji-zenmuse-h30t-infrared-density-filter\/","title":{"rendered":"DJI Zenmuse H30T Filtre de densit\u00e9 infrarouge"},"content":{"rendered":"<h3>DJI Zenmuse H30T Filtre de densit\u00e9 infrarouge<\/h3>\n<p><iframe loading=\"lazy\" title=\"D\u00e9verrouiller la chaleur extr\u00eame : DJI Zenmuse H30T Infrared Density Filter\" width=\"800\" height=\"450\" src=\"https:\/\/www.youtube.com\/embed\/0bjo16wo7Vs?feature=oembed&#038;enablejsapi=1&#038;origin=https:\/\/koningdrone.be\" frameborder=\"0\" allow=\"accelerometer; autoplay; clipboard-write; encrypted-media; gyroscope; picture-in-picture; web-share\" referrerpolicy=\"strict-origin-when-cross-origin\" allowfullscreen><\/iframe><\/p>\n<p style=\"margin-top: 20px\">La DJI Zenmuse H30T est un drone-cam\u00e9ra multi-capteurs avanc\u00e9 con\u00e7u pour les op\u00e9rations professionnelles d'inspection, de s\u00e9curit\u00e9 et de sauvetage. Cette puissante charge utile combine plusieurs capteurs dans un cardan compact, y compris une cam\u00e9ra zoom, une cam\u00e9ra grand angle, une cam\u00e9ra thermique, un t\u00e9l\u00e9m\u00e8tre laser et une lumi\u00e8re auxiliaire NIR. Les op\u00e9rateurs peuvent ainsi capturer des images d\u00e9taill\u00e9es et prendre des mesures pr\u00e9cises de jour comme de nuit.<\/p>\n<p style=\"margin-bottom: 20px\">Cette cam\u00e9ra est con\u00e7ue pour \u00eatre utilis\u00e9e dans des environnements industriels et de s\u00e9curit\u00e9 complexes tels que la lutte contre les incendies, l'inspection des infrastructures, l'inspection de l'\u00e9nergie et les missions de recherche et de sauvetage. Ses capteurs haute r\u00e9solution et ses capacit\u00e9s de zoom avanc\u00e9es permettent aux utilisateurs de d\u00e9tecter et d'analyser des objets et des sources de chaleur \u00e0 longue distance.<\/p>\n<p><a href=\"https:\/\/koningdrone.nl\/wp-content\/uploads\/2024\/09\/DJI-Zenmuse-H30T-Infrared-Density-Filter.webp\"><img loading=\"lazy\" decoding=\"async\" class=\"size-full wp-image-467238 aligncenter\" src=\"https:\/\/koningdrone.nl\/wp-content\/uploads\/2024\/09\/DJI-Zenmuse-H30T-Infrared-Density-Filter.webp\" alt=\"DJI Zenmuse H30T Infrared Density Filter\" width=\"1200\" height=\"800\" \/><\/a><\/p>\n<h4>Performance et fonctionnalit\u00e9<\/h4>\n<p>La Zenmuse H30T est dot\u00e9e d'une puissante cam\u00e9ra thermique d'une r\u00e9solution de 1280 \u00d7 1024 et d'une sensibilit\u00e9 de \u226450 mK, rendant visibles les diff\u00e9rences de temp\u00e9rature les plus infimes. La cam\u00e9ra prend en charge les mesures de temp\u00e9rature par d\u00e9tection de point, de zone et de centre et peut mesurer des temp\u00e9ratures allant jusqu'\u00e0 1600 \u00b0C lorsqu'un filtre de densit\u00e9 infrarouge est utilis\u00e9.<\/p>\n<p>En outre, le syst\u00e8me comprend une cam\u00e9ra zoom de 40 MP avec un zoom optique de 34\u00d7 et un zoom hybride maximal de 400\u00d7, ce qui permet aux op\u00e9rateurs d'identifier des objets \u00e0 grande distance sans perdre de d\u00e9tails. Le t\u00e9l\u00e9m\u00e8tre laser int\u00e9gr\u00e9 peut mesurer des distances allant jusqu'\u00e0 environ 3 000 m\u00e8tres et fournit des donn\u00e9es de localisation pr\u00e9cises pour l'analyse et l'inspection.<\/p>\n<p>Une lumi\u00e8re auxiliaire NIR facilite les op\u00e9rations nocturnes en fournissant un \u00e9clairage infrarouge suppl\u00e9mentaire, tandis que des fonctions telles que le mode Sc\u00e8ne de nuit, le zoom Link et la capture intelligente garantissent une collecte de donn\u00e9es efficace et pr\u00e9cise.<\/p>\n<h4>Qualit\u00e9 de construction et conception<\/h4>\n<p>La Zenmuse H30T est con\u00e7ue comme une charge utile de drone professionnel avec une construction robuste de cardan qui assure la stabilit\u00e9 et la pr\u00e9cision en vol. Son architecture modulaire de capteurs permet \u00e0 plusieurs cam\u00e9ras et capteurs de fonctionner ensemble de mani\u00e8re transparente au sein d'un seul syst\u00e8me. Les composants de haute qualit\u00e9 et l'ing\u00e9nierie DJI permettent \u00e0 la cam\u00e9ra de fonctionner de mani\u00e8re fiable dans des environnements industriels et de s\u00e9curit\u00e9 publique exigeants.<\/p>\n<p>La stabilisation par cardan minimise les vibrations et les mouvements du drone, ce qui permet de conserver des images nettes et stables, m\u00eame \u00e0 des niveaux de zoom \u00e9lev\u00e9s. Le H30T est donc id\u00e9al pour les op\u00e9rations critiques o\u00f9 des donn\u00e9es visuelles et thermiques pr\u00e9cises sont essentielles.<\/p>\n<p style=\"text-align: center\"><a href=\"https:\/\/koningdrone.nl\/wp-content\/uploads\/2024\/09\/DJI-Zenmuse-H30T-Infrared-Density-Filter-Product.webp\"><img loading=\"lazy\" decoding=\"async\" class=\"alignnone wp-image-467236 size-medium\" src=\"https:\/\/koningdrone.nl\/wp-content\/uploads\/2024\/09\/DJI-Zenmuse-H30T-Infrared-Density-Filter-Product-300x300.webp\" alt=\"DJI Zenmuse H30T Infrared Density Filter Product\" width=\"300\" height=\"300\" \/><\/a><\/p>\n<h4>Pourquoi vous en avez besoin<\/h4>\n<p>La DJI Zenmuse H30T est une puissante solution d'inspection a\u00e9rienne tout-en-un pour les professionnels qui ont besoin de capacit\u00e9s visuelles, thermiques et de mesure avanc\u00e9es. La combinaison de capteurs haute r\u00e9solution, d'un zoom puissant et d'une mesure pr\u00e9cise de la distance permet aux op\u00e9rateurs de d\u00e9tecter les probl\u00e8mes plus rapidement, d'inspecter plus efficacement et d'op\u00e9rer en toute s\u00e9curit\u00e9 dans des situations complexes.<\/p>","protected":false},"excerpt":{"rendered":"<ul>\n<li>Charge utile multi-capteurs avec cam\u00e9ra zoom, cam\u00e9ra grand angle, cam\u00e9ra thermique et t\u00e9l\u00e9m\u00e8tre laser<\/li>\n<li>R\u00e9solution thermique de 1280 \u00d7 1024 pour une d\u00e9tection pr\u00e9cise de la temp\u00e9rature<\/li>\n<li>Zoom optique jusqu'\u00e0 34\u00d7 et zoom hybride maximal jusqu'\u00e0 400\u00d7<\/li>\n<li>T\u00e9l\u00e9m\u00e8tre laser avec plage de mesure jusqu'\u00e0 environ 3000 m\u00e8tres<\/li>\n<li>Lumi\u00e8re auxiliaire NIR et mode sc\u00e8ne de nuit pour des op\u00e9rations nocturnes puissantes<\/li>\n<\/ul>","protected":false},"featured_media":17045,"template":"","meta":{"_acf_changed":false},"product_brand":[],"product_cat":[153,1741],"product_tag":[],"class_list":{"0":"post-3180","1":"product","2":"type-product","3":"status-publish","4":"has-post-thumbnail","6":"product_cat-dji-matrice-350","7":"product_cat-zenmuse-h30t","8":"product_shipping_class-uavspacesall","9":"pa_brand-dji","10":"pa_producttype-infraroodfilter","11":"pa_series-zenmuse","13":"first","14":"instock","15":"taxable","16":"shipping-taxable","17":"purchasable","18":"product-type-simple"},"acf":[],"yoast_head":"<!-- This site is optimized with the Yoast SEO Premium plugin v27.2 (Yoast SEO v27.2) - https:\/\/yoast.com\/product\/yoast-seo-premium-wordpress\/ -->\n<title>DJI Zenmuse H30T Infrared Density Filter - koningdrone.be<\/title>\n<meta name=\"robots\" content=\"index, follow, max-snippet:-1, max-image-preview:large, max-video-preview:-1\" \/>\n<link rel=\"canonical\" href=\"https:\/\/koningdrone.be\/fr\/produit\/dji-zenmuse-h30t-infrared-density-filter\/\" \/>\n<meta property=\"og:locale\" content=\"fr_FR\" \/>\n<meta property=\"og:type\" content=\"article\" \/>\n<meta property=\"og:title\" content=\"DJI Zenmuse H30T Infrared Density Filter\" \/>\n<meta property=\"og:description\" content=\"Multi-sensor payload met zoomcamera, groothoekcamera, thermische camera en laserafstandsmeter  Thermische resolutie van 1280 \u00d7 1024 voor nauwkeurige temperatuurdetectie  Tot 34\u00d7 optische zoom en tot 400\u00d7 maximale hybride zoom  Laserafstandsmeter met meetbereik tot ongeveer 3000 meter  NIR-hulplamp en Night Scene Mode voor krachtige nachtoperaties\" \/>\n<meta property=\"og:url\" content=\"https:\/\/koningdrone.be\/fr\/produit\/dji-zenmuse-h30t-infrared-density-filter\/\" \/>\n<meta property=\"og:site_name\" content=\"koningdrone.be\" \/>\n<meta property=\"article:modified_time\" content=\"2026-04-29T01:31:01+00:00\" \/>\n<meta property=\"og:image\" content=\"https:\/\/koningdrone.be\/wp-content\/uploads\/sites\/13\/2026\/03\/DJI-Product-Zenmuse-H30T-Infrared-Density-Filter.webp\" \/>\n\t<meta property=\"og:image:width\" content=\"2048\" \/>\n\t<meta property=\"og:image:height\" content=\"2048\" \/>\n\t<meta property=\"og:image:type\" content=\"image\/webp\" \/>\n<meta name=\"twitter:card\" content=\"summary_large_image\" \/>\n<meta name=\"twitter:label1\" content=\"Dur\u00e9e de lecture est.\" \/>\n\t<meta name=\"twitter:data1\" content=\"2 minutes\" \/>\n<script type=\"application\/ld+json\" class=\"yoast-schema-graph\">{\"@context\":\"https:\/\/schema.org\",\"@graph\":[{\"@type\":\"WebPage\",\"@id\":\"https:\/\/koningdrone.be\/product\/dji-zenmuse-h30t-infrared-density-filter\/\",\"url\":\"https:\/\/koningdrone.be\/product\/dji-zenmuse-h30t-infrared-density-filter\/\",\"name\":\"DJI Zenmuse H30T Infrared Density Filter - koningdrone.be\",\"isPartOf\":{\"@id\":\"https:\/\/koningdrone.be\/#website\"},\"primaryImageOfPage\":{\"@id\":\"https:\/\/koningdrone.be\/product\/dji-zenmuse-h30t-infrared-density-filter\/#primaryimage\"},\"image\":{\"@id\":\"https:\/\/koningdrone.be\/product\/dji-zenmuse-h30t-infrared-density-filter\/#primaryimage\"},\"thumbnailUrl\":\"https:\/\/koningdrone.be\/wp-content\/uploads\/sites\/13\/2026\/03\/DJI-Product-Zenmuse-H30T-Infrared-Density-Filter.webp\",\"datePublished\":\"2024-09-05T09:51:21+00:00\",\"dateModified\":\"2026-04-29T01:31:01+00:00\",\"breadcrumb\":{\"@id\":\"https:\/\/koningdrone.be\/product\/dji-zenmuse-h30t-infrared-density-filter\/#breadcrumb\"},\"inLanguage\":\"fr-BE\",\"potentialAction\":[{\"@type\":\"ReadAction\",\"target\":[\"https:\/\/koningdrone.be\/product\/dji-zenmuse-h30t-infrared-density-filter\/\"]}]},{\"@type\":\"ImageObject\",\"inLanguage\":\"fr-BE\",\"@id\":\"https:\/\/koningdrone.be\/product\/dji-zenmuse-h30t-infrared-density-filter\/#primaryimage\",\"url\":\"https:\/\/koningdrone.be\/wp-content\/uploads\/sites\/13\/2026\/03\/DJI-Product-Zenmuse-H30T-Infrared-Density-Filter.webp\",\"contentUrl\":\"https:\/\/koningdrone.be\/wp-content\/uploads\/sites\/13\/2026\/03\/DJI-Product-Zenmuse-H30T-Infrared-Density-Filter.webp\",\"width\":2048,\"height\":2048},{\"@type\":\"BreadcrumbList\",\"@id\":\"https:\/\/koningdrone.be\/product\/dji-zenmuse-h30t-infrared-density-filter\/#breadcrumb\",\"itemListElement\":[{\"@type\":\"ListItem\",\"position\":1,\"name\":\"Home\",\"item\":\"https:\/\/koningdrone.be\/\"},{\"@type\":\"ListItem\",\"position\":2,\"name\":\"AVSS Parachute Recovery System for DJI Matrice 300\/350\",\"item\":\"https:\/\/koningdrone.be\/product\/avss-parachute-recovery-system-for-dji-matrice-300-350\/\"},{\"@type\":\"ListItem\",\"position\":3,\"name\":\"DJI Matrice 350\",\"item\":\"https:\/\/koningdrone.be\/categorie\/dji-matrice-350\/\"},{\"@type\":\"ListItem\",\"position\":4,\"name\":\"DJI Zenmuse H30T Infrared Density Filter\"}]},{\"@type\":\"WebSite\",\"@id\":\"https:\/\/koningdrone.be\/#website\",\"url\":\"https:\/\/koningdrone.be\/\",\"name\":\"Koningdrone.be - Uw online specialist in drones, gimbals, camera's en power stations.\",\"description\":\"De webshop in drones en gimbals\",\"publisher\":{\"@id\":\"https:\/\/koningdrone.be\/#organization\"},\"potentialAction\":[{\"@type\":\"SearchAction\",\"target\":{\"@type\":\"EntryPoint\",\"urlTemplate\":\"https:\/\/koningdrone.be\/?s={search_term_string}\"},\"query-input\":{\"@type\":\"PropertyValueSpecification\",\"valueRequired\":true,\"valueName\":\"search_term_string\"}}],\"inLanguage\":\"fr-BE\"},{\"@type\":\"Organization\",\"@id\":\"https:\/\/koningdrone.be\/#organization\",\"name\":\"Koningdrone.be\",\"url\":\"https:\/\/koningdrone.be\/\",\"logo\":{\"@type\":\"ImageObject\",\"inLanguage\":\"fr-BE\",\"@id\":\"https:\/\/koningdrone.be\/#\/schema\/logo\/image\/\",\"url\":\"https:\/\/koningdrone.be\/wp-content\/uploads\/sites\/13\/2025\/04\/koningdrone-copyright-logo.svg\",\"contentUrl\":\"https:\/\/koningdrone.be\/wp-content\/uploads\/sites\/13\/2025\/04\/koningdrone-copyright-logo.svg\",\"width\":227,\"height\":38,\"caption\":\"Koningdrone.be\"},\"image\":{\"@id\":\"https:\/\/koningdrone.be\/#\/schema\/logo\/image\/\"}}]}<\/script>\n<!-- \/ Yoast SEO Premium plugin. -->","yoast_head_json":{"title":"DJI Zenmuse H30T Infrared Density Filter - koningdrone.be","robots":{"index":"index","follow":"follow","max-snippet":"max-snippet:-1","max-image-preview":"max-image-preview:large","max-video-preview":"max-video-preview:-1"},"canonical":"https:\/\/koningdrone.be\/fr\/produit\/dji-zenmuse-h30t-infrared-density-filter\/","og_locale":"fr_FR","og_type":"article","og_title":"DJI Zenmuse H30T Infrared Density Filter","og_description":"Multi-sensor payload met zoomcamera, groothoekcamera, thermische camera en laserafstandsmeter  Thermische resolutie van 1280 \u00d7 1024 voor nauwkeurige temperatuurdetectie  Tot 34\u00d7 optische zoom en tot 400\u00d7 maximale hybride zoom  Laserafstandsmeter met meetbereik tot ongeveer 3000 meter  NIR-hulplamp en Night Scene Mode voor krachtige nachtoperaties","og_url":"https:\/\/koningdrone.be\/fr\/produit\/dji-zenmuse-h30t-infrared-density-filter\/","og_site_name":"koningdrone.be","article_modified_time":"2026-04-29T01:31:01+00:00","og_image":[{"width":2048,"height":2048,"url":"https:\/\/koningdrone.be\/wp-content\/uploads\/sites\/13\/2026\/03\/DJI-Product-Zenmuse-H30T-Infrared-Density-Filter.webp","type":"image\/webp"}],"twitter_card":"summary_large_image","twitter_misc":{"Dur\u00e9e de lecture est.":"2 minutes"},"schema":{"@context":"https:\/\/schema.org","@graph":[{"@type":"WebPage","@id":"https:\/\/koningdrone.be\/product\/dji-zenmuse-h30t-infrared-density-filter\/","url":"https:\/\/koningdrone.be\/product\/dji-zenmuse-h30t-infrared-density-filter\/","name":"DJI Zenmuse H30T Infrared Density Filter - koningdrone.be","isPartOf":{"@id":"https:\/\/koningdrone.be\/#website"},"primaryImageOfPage":{"@id":"https:\/\/koningdrone.be\/product\/dji-zenmuse-h30t-infrared-density-filter\/#primaryimage"},"image":{"@id":"https:\/\/koningdrone.be\/product\/dji-zenmuse-h30t-infrared-density-filter\/#primaryimage"},"thumbnailUrl":"https:\/\/koningdrone.be\/wp-content\/uploads\/sites\/13\/2026\/03\/DJI-Product-Zenmuse-H30T-Infrared-Density-Filter.webp","datePublished":"2024-09-05T09:51:21+00:00","dateModified":"2026-04-29T01:31:01+00:00","breadcrumb":{"@id":"https:\/\/koningdrone.be\/product\/dji-zenmuse-h30t-infrared-density-filter\/#breadcrumb"},"inLanguage":"fr-BE","potentialAction":[{"@type":"ReadAction","target":["https:\/\/koningdrone.be\/product\/dji-zenmuse-h30t-infrared-density-filter\/"]}]},{"@type":"ImageObject","inLanguage":"fr-BE","@id":"https:\/\/koningdrone.be\/product\/dji-zenmuse-h30t-infrared-density-filter\/#primaryimage","url":"https:\/\/koningdrone.be\/wp-content\/uploads\/sites\/13\/2026\/03\/DJI-Product-Zenmuse-H30T-Infrared-Density-Filter.webp","contentUrl":"https:\/\/koningdrone.be\/wp-content\/uploads\/sites\/13\/2026\/03\/DJI-Product-Zenmuse-H30T-Infrared-Density-Filter.webp","width":2048,"height":2048},{"@type":"BreadcrumbList","@id":"https:\/\/koningdrone.be\/product\/dji-zenmuse-h30t-infrared-density-filter\/#breadcrumb","itemListElement":[{"@type":"ListItem","position":1,"name":"Home","item":"https:\/\/koningdrone.be\/"},{"@type":"ListItem","position":2,"name":"AVSS Parachute Recovery System for DJI Matrice 300\/350","item":"https:\/\/koningdrone.be\/product\/avss-parachute-recovery-system-for-dji-matrice-300-350\/"},{"@type":"ListItem","position":3,"name":"DJI Matrice 350","item":"https:\/\/koningdrone.be\/categorie\/dji-matrice-350\/"},{"@type":"ListItem","position":4,"name":"DJI Zenmuse H30T Infrared Density Filter"}]},{"@type":"WebSite","@id":"https:\/\/koningdrone.be\/#website","url":"https:\/\/koningdrone.be\/","name":"Koningdrone.be - Votre sp\u00e9cialiste en ligne en mati\u00e8re de drones, de cardans, de cam\u00e9ras et de centrales \u00e9lectriques.","description":"La boutique en ligne de drones et de cardans","publisher":{"@id":"https:\/\/koningdrone.be\/#organization"},"potentialAction":[{"@type":"SearchAction","target":{"@type":"EntryPoint","urlTemplate":"https:\/\/koningdrone.be\/?s={search_term_string}"},"query-input":{"@type":"PropertyValueSpecification","valueRequired":true,"valueName":"search_term_string"}}],"inLanguage":"fr-BE"},{"@type":"Organization","@id":"https:\/\/koningdrone.be\/#organization","name":"Kingdrone.co.uk","url":"https:\/\/koningdrone.be\/","logo":{"@type":"ImageObject","inLanguage":"fr-BE","@id":"https:\/\/koningdrone.be\/#\/schema\/logo\/image\/","url":"https:\/\/koningdrone.be\/wp-content\/uploads\/sites\/13\/2025\/04\/koningdrone-copyright-logo.svg","contentUrl":"https:\/\/koningdrone.be\/wp-content\/uploads\/sites\/13\/2025\/04\/koningdrone-copyright-logo.svg","width":227,"height":38,"caption":"Koningdrone.be"},"image":{"@id":"https:\/\/koningdrone.be\/#\/schema\/logo\/image\/"}}]}},"df_price":149,"df_sale_price":"","df_regular_price":149,"df_image_link":"https:\/\/koningdrone.be\/wp-content\/uploads\/sites\/13\/2026\/03\/DJI-Product-Zenmuse-H30T-Infrared-Density-Filter-300x300.webp","_links":{"self":[{"href":"https:\/\/koningdrone.be\/fr\/wp-json\/wp\/v2\/product\/3180","targetHints":{"allow":["GET"]}}],"collection":[{"href":"https:\/\/koningdrone.be\/fr\/wp-json\/wp\/v2\/product"}],"about":[{"href":"https:\/\/koningdrone.be\/fr\/wp-json\/wp\/v2\/types\/product"}],"wp:featuredmedia":[{"embeddable":true,"href":"https:\/\/koningdrone.be\/fr\/wp-json\/wp\/v2\/media\/17045"}],"wp:attachment":[{"href":"https:\/\/koningdrone.be\/fr\/wp-json\/wp\/v2\/media?parent=3180"}],"wp:term":[{"taxonomy":"product_brand","embeddable":true,"href":"https:\/\/koningdrone.be\/fr\/wp-json\/wp\/v2\/product_brand?post=3180"},{"taxonomy":"product_cat","embeddable":true,"href":"https:\/\/koningdrone.be\/fr\/wp-json\/wp\/v2\/product_cat?post=3180"},{"taxonomy":"product_tag","embeddable":true,"href":"https:\/\/koningdrone.be\/fr\/wp-json\/wp\/v2\/product_tag?post=3180"}],"curies":[{"name":"wp","href":"https:\/\/api.w.org\/{rel}","templated":true}]}}