{"id":3133,"date":"2024-09-05T11:52:13","date_gmt":"2024-09-05T09:52:13","guid":{"rendered":"https:\/\/koningdrone.nl\/kon\/product\/hollyland-solidcom-c1-pro-wireless-stereo-remote-headset\/"},"modified":"2026-04-29T16:00:54","modified_gmt":"2026-04-29T14:00:54","slug":"hollyland-solidcom-c1-pro-wireless-stereo-remote-headset","status":"publish","type":"product","link":"https:\/\/koningdrone.be\/fr\/produit\/hollyland-solidcom-c1-pro-wireless-stereo-remote-headset\/","title":{"rendered":"Hollyland Solidcom C1 Pro Casque d'\u00e9coute st\u00e9r\u00e9o sans fil \u00e0 distance"},"content":{"rendered":"<p>Le casque d'\u00e9coute \u00e0 distance st\u00e9r\u00e9o sans fil SolidCom C1 Pro est dot\u00e9 de la technologie ENC, qui \u00e9limine consid\u00e9rablement les bruits de fond ind\u00e9sirables et les \u00e9chos g\u00eanants.<\/p>","protected":false},"excerpt":{"rendered":"<ul>\n<li>Casque principal : 6 heures d'autonomie (connexion avec 3 casques externes)<\/li>\n<li>Casque d'\u00e9coute \u00e0 distance : 10 heures d'autonomie<\/li>\n<li>Temps de charge : 2,5 heures<\/li>\n<\/ul>","protected":false},"featured_media":3127,"template":"","meta":{"_acf_changed":false},"product_brand":[],"product_cat":[268,419,97,207],"product_tag":[],"class_list":{"0":"post-3133","1":"product","2":"type-product","3":"status-publish","4":"has-post-thumbnail","6":"product_cat-alle-accessoires","7":"product_cat-alle-hoofdtelefoons","8":"product_cat-alle-producten","9":"product_cat-hollyland","10":"product_shipping_class-outofstock","11":"pa_brand-hollyland","12":"pa_productfamily-hoofdtelefoonsysteem","13":"pa_producttype-hoofdtelefoonsysteem","14":"pa_series-solidcom-c1","16":"first","17":"outofstock","18":"taxable","19":"shipping-taxable","20":"purchasable","21":"product-type-simple"},"acf":[],"yoast_head":"<!-- This site is optimized with the Yoast SEO Premium plugin v27.2 (Yoast SEO v27.2) - https:\/\/yoast.com\/product\/yoast-seo-premium-wordpress\/ -->\n<title>Hollyland Solidcom C1 Pro Wireless Stereo Remote Headset - koningdrone.be<\/title>\n<meta name=\"robots\" content=\"index, follow, max-snippet:-1, max-image-preview:large, max-video-preview:-1\" \/>\n<link rel=\"canonical\" href=\"https:\/\/koningdrone.be\/fr\/produit\/hollyland-solidcom-c1-pro-wireless-stereo-remote-headset\/\" \/>\n<meta property=\"og:locale\" content=\"fr_FR\" \/>\n<meta property=\"og:type\" content=\"article\" \/>\n<meta property=\"og:title\" content=\"Hollyland Solidcom C1 Pro Wireless Stereo Remote Headset\" \/>\n<meta property=\"og:description\" content=\"Hoofdheadset: 6 uur autonomie (verbinding met 3 externe headsets)Remote headset: 10 uur autonomieOplaadtijd: 2,5 uur\" \/>\n<meta property=\"og:url\" content=\"https:\/\/koningdrone.be\/fr\/produit\/hollyland-solidcom-c1-pro-wireless-stereo-remote-headset\/\" \/>\n<meta property=\"og:site_name\" content=\"koningdrone.be\" \/>\n<meta property=\"article:modified_time\" content=\"2026-04-29T14:00:54+00:00\" \/>\n<meta property=\"og:image\" content=\"https:\/\/koningdrone.be\/wp-content\/uploads\/sites\/13\/2025\/04\/FN-C1Pro-Master-.png\" \/>\n\t<meta property=\"og:image:width\" content=\"659\" \/>\n\t<meta property=\"og:image:height\" content=\"800\" \/>\n\t<meta property=\"og:image:type\" content=\"image\/png\" \/>\n<meta name=\"twitter:card\" content=\"summary_large_image\" \/>\n<script type=\"application\/ld+json\" class=\"yoast-schema-graph\">{\"@context\":\"https:\/\/schema.org\",\"@graph\":[{\"@type\":\"WebPage\",\"@id\":\"https:\/\/koningdrone.be\/product\/hollyland-solidcom-c1-pro-wireless-stereo-remote-headset\/\",\"url\":\"https:\/\/koningdrone.be\/product\/hollyland-solidcom-c1-pro-wireless-stereo-remote-headset\/\",\"name\":\"Hollyland Solidcom C1 Pro Wireless Stereo Remote Headset - koningdrone.be\",\"isPartOf\":{\"@id\":\"https:\/\/koningdrone.be\/#website\"},\"primaryImageOfPage\":{\"@id\":\"https:\/\/koningdrone.be\/product\/hollyland-solidcom-c1-pro-wireless-stereo-remote-headset\/#primaryimage\"},\"image\":{\"@id\":\"https:\/\/koningdrone.be\/product\/hollyland-solidcom-c1-pro-wireless-stereo-remote-headset\/#primaryimage\"},\"thumbnailUrl\":\"https:\/\/koningdrone.be\/wp-content\/uploads\/sites\/13\/2025\/04\/FN-C1Pro-Master-.png\",\"datePublished\":\"2024-09-05T09:52:13+00:00\",\"dateModified\":\"2026-04-29T14:00:54+00:00\",\"breadcrumb\":{\"@id\":\"https:\/\/koningdrone.be\/product\/hollyland-solidcom-c1-pro-wireless-stereo-remote-headset\/#breadcrumb\"},\"inLanguage\":\"fr-BE\",\"potentialAction\":[{\"@type\":\"ReadAction\",\"target\":[\"https:\/\/koningdrone.be\/product\/hollyland-solidcom-c1-pro-wireless-stereo-remote-headset\/\"]}]},{\"@type\":\"ImageObject\",\"inLanguage\":\"fr-BE\",\"@id\":\"https:\/\/koningdrone.be\/product\/hollyland-solidcom-c1-pro-wireless-stereo-remote-headset\/#primaryimage\",\"url\":\"https:\/\/koningdrone.be\/wp-content\/uploads\/sites\/13\/2025\/04\/FN-C1Pro-Master-.png\",\"contentUrl\":\"https:\/\/koningdrone.be\/wp-content\/uploads\/sites\/13\/2025\/04\/FN-C1Pro-Master-.png\",\"width\":659,\"height\":800},{\"@type\":\"BreadcrumbList\",\"@id\":\"https:\/\/koningdrone.be\/product\/hollyland-solidcom-c1-pro-wireless-stereo-remote-headset\/#breadcrumb\",\"itemListElement\":[{\"@type\":\"ListItem\",\"position\":1,\"name\":\"Home\",\"item\":\"https:\/\/koningdrone.be\/\"},{\"@type\":\"ListItem\",\"position\":2,\"name\":\"AVSS Parachute Recovery System for DJI Matrice 300\/350\",\"item\":\"https:\/\/koningdrone.be\/product\/avss-parachute-recovery-system-for-dji-matrice-300-350\/\"},{\"@type\":\"ListItem\",\"position\":3,\"name\":\"Alle accessoires\",\"item\":\"https:\/\/koningdrone.be\/categorie\/alle-accessoires\/\"},{\"@type\":\"ListItem\",\"position\":4,\"name\":\"Hollyland Solidcom C1 Pro Wireless Stereo Remote Headset\"}]},{\"@type\":\"WebSite\",\"@id\":\"https:\/\/koningdrone.be\/#website\",\"url\":\"https:\/\/koningdrone.be\/\",\"name\":\"Koningdrone.be - Uw online specialist in drones, gimbals, camera's en power stations.\",\"description\":\"De webshop in drones en gimbals\",\"publisher\":{\"@id\":\"https:\/\/koningdrone.be\/#organization\"},\"potentialAction\":[{\"@type\":\"SearchAction\",\"target\":{\"@type\":\"EntryPoint\",\"urlTemplate\":\"https:\/\/koningdrone.be\/?s={search_term_string}\"},\"query-input\":{\"@type\":\"PropertyValueSpecification\",\"valueRequired\":true,\"valueName\":\"search_term_string\"}}],\"inLanguage\":\"fr-BE\"},{\"@type\":\"Organization\",\"@id\":\"https:\/\/koningdrone.be\/#organization\",\"name\":\"Koningdrone.be\",\"url\":\"https:\/\/koningdrone.be\/\",\"logo\":{\"@type\":\"ImageObject\",\"inLanguage\":\"fr-BE\",\"@id\":\"https:\/\/koningdrone.be\/#\/schema\/logo\/image\/\",\"url\":\"https:\/\/koningdrone.be\/wp-content\/uploads\/sites\/13\/2025\/04\/koningdrone-copyright-logo.svg\",\"contentUrl\":\"https:\/\/koningdrone.be\/wp-content\/uploads\/sites\/13\/2025\/04\/koningdrone-copyright-logo.svg\",\"width\":227,\"height\":38,\"caption\":\"Koningdrone.be\"},\"image\":{\"@id\":\"https:\/\/koningdrone.be\/#\/schema\/logo\/image\/\"}}]}<\/script>\n<!-- \/ Yoast SEO Premium plugin. -->","yoast_head_json":{"title":"Hollyland Solidcom C1 Pro Wireless Stereo Remote Headset - koningdrone.be","robots":{"index":"index","follow":"follow","max-snippet":"max-snippet:-1","max-image-preview":"max-image-preview:large","max-video-preview":"max-video-preview:-1"},"canonical":"https:\/\/koningdrone.be\/fr\/produit\/hollyland-solidcom-c1-pro-wireless-stereo-remote-headset\/","og_locale":"fr_FR","og_type":"article","og_title":"Hollyland Solidcom C1 Pro Wireless Stereo Remote Headset","og_description":"Hoofdheadset: 6 uur autonomie (verbinding met 3 externe headsets)Remote headset: 10 uur autonomieOplaadtijd: 2,5 uur","og_url":"https:\/\/koningdrone.be\/fr\/produit\/hollyland-solidcom-c1-pro-wireless-stereo-remote-headset\/","og_site_name":"koningdrone.be","article_modified_time":"2026-04-29T14:00:54+00:00","og_image":[{"width":659,"height":800,"url":"https:\/\/koningdrone.be\/wp-content\/uploads\/sites\/13\/2025\/04\/FN-C1Pro-Master-.png","type":"image\/png"}],"twitter_card":"summary_large_image","schema":{"@context":"https:\/\/schema.org","@graph":[{"@type":"WebPage","@id":"https:\/\/koningdrone.be\/product\/hollyland-solidcom-c1-pro-wireless-stereo-remote-headset\/","url":"https:\/\/koningdrone.be\/product\/hollyland-solidcom-c1-pro-wireless-stereo-remote-headset\/","name":"Hollyland Solidcom C1 Pro Wireless Stereo Remote Headset - koningdrone.be","isPartOf":{"@id":"https:\/\/koningdrone.be\/#website"},"primaryImageOfPage":{"@id":"https:\/\/koningdrone.be\/product\/hollyland-solidcom-c1-pro-wireless-stereo-remote-headset\/#primaryimage"},"image":{"@id":"https:\/\/koningdrone.be\/product\/hollyland-solidcom-c1-pro-wireless-stereo-remote-headset\/#primaryimage"},"thumbnailUrl":"https:\/\/koningdrone.be\/wp-content\/uploads\/sites\/13\/2025\/04\/FN-C1Pro-Master-.png","datePublished":"2024-09-05T09:52:13+00:00","dateModified":"2026-04-29T14:00:54+00:00","breadcrumb":{"@id":"https:\/\/koningdrone.be\/product\/hollyland-solidcom-c1-pro-wireless-stereo-remote-headset\/#breadcrumb"},"inLanguage":"fr-BE","potentialAction":[{"@type":"ReadAction","target":["https:\/\/koningdrone.be\/product\/hollyland-solidcom-c1-pro-wireless-stereo-remote-headset\/"]}]},{"@type":"ImageObject","inLanguage":"fr-BE","@id":"https:\/\/koningdrone.be\/product\/hollyland-solidcom-c1-pro-wireless-stereo-remote-headset\/#primaryimage","url":"https:\/\/koningdrone.be\/wp-content\/uploads\/sites\/13\/2025\/04\/FN-C1Pro-Master-.png","contentUrl":"https:\/\/koningdrone.be\/wp-content\/uploads\/sites\/13\/2025\/04\/FN-C1Pro-Master-.png","width":659,"height":800},{"@type":"BreadcrumbList","@id":"https:\/\/koningdrone.be\/product\/hollyland-solidcom-c1-pro-wireless-stereo-remote-headset\/#breadcrumb","itemListElement":[{"@type":"ListItem","position":1,"name":"Home","item":"https:\/\/koningdrone.be\/"},{"@type":"ListItem","position":2,"name":"AVSS Parachute Recovery System for DJI Matrice 300\/350","item":"https:\/\/koningdrone.be\/product\/avss-parachute-recovery-system-for-dji-matrice-300-350\/"},{"@type":"ListItem","position":3,"name":"Alle accessoires","item":"https:\/\/koningdrone.be\/categorie\/alle-accessoires\/"},{"@type":"ListItem","position":4,"name":"Hollyland Solidcom C1 Pro Wireless Stereo Remote Headset"}]},{"@type":"WebSite","@id":"https:\/\/koningdrone.be\/#website","url":"https:\/\/koningdrone.be\/","name":"Koningdrone.be - Votre sp\u00e9cialiste en ligne en mati\u00e8re de drones, de cardans, de cam\u00e9ras et de centrales \u00e9lectriques.","description":"La boutique en ligne de drones et de cardans","publisher":{"@id":"https:\/\/koningdrone.be\/#organization"},"potentialAction":[{"@type":"SearchAction","target":{"@type":"EntryPoint","urlTemplate":"https:\/\/koningdrone.be\/?s={search_term_string}"},"query-input":{"@type":"PropertyValueSpecification","valueRequired":true,"valueName":"search_term_string"}}],"inLanguage":"fr-BE"},{"@type":"Organization","@id":"https:\/\/koningdrone.be\/#organization","name":"Kingdrone.co.uk","url":"https:\/\/koningdrone.be\/","logo":{"@type":"ImageObject","inLanguage":"fr-BE","@id":"https:\/\/koningdrone.be\/#\/schema\/logo\/image\/","url":"https:\/\/koningdrone.be\/wp-content\/uploads\/sites\/13\/2025\/04\/koningdrone-copyright-logo.svg","contentUrl":"https:\/\/koningdrone.be\/wp-content\/uploads\/sites\/13\/2025\/04\/koningdrone-copyright-logo.svg","width":227,"height":38,"caption":"Koningdrone.be"},"image":{"@id":"https:\/\/koningdrone.be\/#\/schema\/logo\/image\/"}}]}},"df_price":372.68,"df_sale_price":"","df_regular_price":372.68,"df_image_link":"https:\/\/koningdrone.be\/wp-content\/uploads\/sites\/13\/2025\/04\/FN-C1Pro-Master--247x300.png","_links":{"self":[{"href":"https:\/\/koningdrone.be\/fr\/wp-json\/wp\/v2\/product\/3133","targetHints":{"allow":["GET"]}}],"collection":[{"href":"https:\/\/koningdrone.be\/fr\/wp-json\/wp\/v2\/product"}],"about":[{"href":"https:\/\/koningdrone.be\/fr\/wp-json\/wp\/v2\/types\/product"}],"wp:featuredmedia":[{"embeddable":true,"href":"https:\/\/koningdrone.be\/fr\/wp-json\/wp\/v2\/media\/3127"}],"wp:attachment":[{"href":"https:\/\/koningdrone.be\/fr\/wp-json\/wp\/v2\/media?parent=3133"}],"wp:term":[{"taxonomy":"product_brand","embeddable":true,"href":"https:\/\/koningdrone.be\/fr\/wp-json\/wp\/v2\/product_brand?post=3133"},{"taxonomy":"product_cat","embeddable":true,"href":"https:\/\/koningdrone.be\/fr\/wp-json\/wp\/v2\/product_cat?post=3133"},{"taxonomy":"product_tag","embeddable":true,"href":"https:\/\/koningdrone.be\/fr\/wp-json\/wp\/v2\/product_tag?post=3133"}],"curies":[{"name":"wp","href":"https:\/\/api.w.org\/{rel}","templated":true}]}}