{"id":3117,"date":"2024-09-05T11:52:32","date_gmt":"2024-09-05T09:52:32","guid":{"rendered":"https:\/\/koningdrone.nl\/kon\/product\/pgytech-onemo-2-backpack-25l-space-black\/"},"modified":"2026-04-29T16:10:12","modified_gmt":"2026-04-29T14:10:12","slug":"pgytech-onemo-2-backpack-25l-space-black","status":"publish","type":"product","link":"https:\/\/koningdrone.be\/fr\/produit\/pgytech-onemo-2-backpack-25l-space-black\/","title":{"rendered":"PGYTECH OneMo 2 Backpack 25L (Space Black)"},"content":{"rendered":"<p>Le sac \u00e0 dos noir OneMo 2 de PGYTECH, d'une capacit\u00e9 de 25 litres, est un sac tout-en-un con\u00e7u pour les photographes professionnels. Le compartiment int\u00e9rieur scientifiquement structur\u00e9 permet de ranger soigneusement le mat\u00e9riel photo et les objets essentiels. Le compartiment avant am\u00e9lior\u00e9 permet une expansion en V et en H pour accueillir un stabilisateur \u00e0 cardan et bien plus encore. La large ouverture \u00e0 l'arri\u00e8re permet un rangement \u00e0 plat et les s\u00e9parateurs int\u00e9rieurs sont \u00e9pais et flexibles pour un ajustement s\u00fbr et un r\u00e9glage facile.<\/p>","protected":false},"excerpt":{"rendered":"<ul>\n<li>1. h\u00e9riter de la conception classique de la s\u00e9rie OneMo ;<\/li>\n<li>2. Le sac \u00e0 dos et le sac \u00e0 bandouli\u00e8re peuvent r\u00e9pondre \u00e0 diff\u00e9rents besoins ; <\/li>\n<li>3. Le panneau dorsal de haute qualit\u00e9 et la large ceinture de hanches garantissent un plus grand confort lors des d\u00e9placements ;<\/li>\n<li>4. L'int\u00e9rieur scientifiquement structur\u00e9 permet de ranger soigneusement le mat\u00e9riel photo et les objets essentiels. La poche frontale am\u00e9lior\u00e9e permet une expansion en V et en H, pour ranger le stabilisateur de cardan et bien plus encore ;<\/li>\n<li>5. 5. L'acc\u00e8s en haut et \u00e0 droite permet de saisir facilement l'objectif \u00e0 longue focale ; <\/li>\n<li>6. Large ouverture arri\u00e8re pour un rangement \u00e0 plat ;<\/li>\n<li>7. les cloisons int\u00e9rieures Upgarded sont plus \u00e9paisses et plus flexibles, ce qui permet un ajustement s\u00fbr et un r\u00e9glage facile ; <\/li>\n<li>8. Sac \u00e0 bandouli\u00e8re allong\u00e9 pour Mavic 3 combo ; <\/li>\n<li>9. Fermeture \u00e0 glissi\u00e8re YKK antivol et de haute qualit\u00e9 ; <\/li>\n<li>10. Bo\u00eetier indicateur de puissance brevet\u00e9 ; <\/li>\n<li>11. Sangles d'\u00e9paule pour smartphone et clip pour appareil photo ;<\/li>\n<li>12. Poche secr\u00e8te AirTag.<\/li>\n<\/ul>","protected":false},"featured_media":3111,"template":"","meta":{"_acf_changed":false},"product_brand":[],"product_cat":[268,419,97,201,207],"product_tag":[],"class_list":{"0":"post-3117","1":"product","2":"type-product","3":"status-publish","4":"has-post-thumbnail","6":"product_cat-alle-accessoires","7":"product_cat-alle-hoofdtelefoons","8":"product_cat-alle-producten","9":"product_cat-alle-tassen-en-koffers","10":"product_cat-hollyland","11":"product_shipping_class-outofstock","12":"pa_brand-pgytech","13":"pa_productfamily-tas","14":"pa_producttype-tas","16":"first","17":"outofstock","18":"taxable","19":"shipping-taxable","20":"purchasable","21":"product-type-simple"},"acf":[],"yoast_head":"<!-- This site is optimized with the Yoast SEO Premium plugin v27.2 (Yoast SEO v27.2) - https:\/\/yoast.com\/product\/yoast-seo-premium-wordpress\/ -->\n<title>PGYTECH OneMo 2 Backpack 25L (Space Black) - koningdrone.be<\/title>\n<meta name=\"robots\" content=\"index, follow, max-snippet:-1, max-image-preview:large, max-video-preview:-1\" \/>\n<link rel=\"canonical\" href=\"https:\/\/koningdrone.be\/fr\/produit\/pgytech-onemo-2-backpack-25l-space-black\/\" \/>\n<meta property=\"og:locale\" content=\"fr_FR\" \/>\n<meta property=\"og:type\" content=\"article\" \/>\n<meta property=\"og:title\" content=\"PGYTECH OneMo 2 Backpack 25L (Space Black)\" \/>\n<meta property=\"og:description\" content=\"1.Erf de klassieke vooruitzichten van de OneMo-reeks;2. Rugzak plus schoudertas kunnen aan verschillende behoeften voldoen; 3. Hoogwaardig rugpaneel plus brede heupband zorgen voor meer comfort onderweg;4. Dankzij de wetenschappelijk gestructureerde binnenruimte kunnen zowel cameraspullen als levensbenodigdheden netjes worden opgeborgen. Het verbeterde voorvak ondersteunt zowel V-vorm als H-vorm uitbreiding, voor het opbergen van gimbal stabilisator en meer;5. 5. Top + rechts toegang kunt u gemakkelijk grijpen long-focus lens; 6. Brede opening aan de achterkant voor plat opbergen;7.Upgarded interieur partities zijn dikker en flexibeler, die een veilige pasvorm en eenvoudige aanpassing brengt; 8. Uitgebreide schoudertas voor Mavic 3 combo; 9. Anti-diefstal en hoge kwaliteit YKK rits; 10. Gepatenteerd power-indicatievak; 11. Schouderbanden voor smartphone en cameraklem;12. Geheim AirTag-vak.\" \/>\n<meta property=\"og:url\" content=\"https:\/\/koningdrone.be\/fr\/produit\/pgytech-onemo-2-backpack-25l-space-black\/\" \/>\n<meta property=\"og:site_name\" content=\"koningdrone.be\" \/>\n<meta property=\"article:modified_time\" content=\"2026-04-29T14:10:12+00:00\" \/>\n<meta property=\"og:image\" content=\"https:\/\/koningdrone.be\/wp-content\/uploads\/sites\/13\/2025\/04\/1677677428_1752366.jpg\" \/>\n\t<meta property=\"og:image:width\" content=\"500\" \/>\n\t<meta property=\"og:image:height\" content=\"500\" \/>\n\t<meta property=\"og:image:type\" content=\"image\/jpeg\" \/>\n<meta name=\"twitter:card\" content=\"summary_large_image\" \/>\n<script type=\"application\/ld+json\" class=\"yoast-schema-graph\">{\"@context\":\"https:\/\/schema.org\",\"@graph\":[{\"@type\":\"WebPage\",\"@id\":\"https:\/\/koningdrone.be\/product\/pgytech-onemo-2-backpack-25l-space-black\/\",\"url\":\"https:\/\/koningdrone.be\/product\/pgytech-onemo-2-backpack-25l-space-black\/\",\"name\":\"PGYTECH OneMo 2 Backpack 25L (Space Black) - koningdrone.be\",\"isPartOf\":{\"@id\":\"https:\/\/koningdrone.be\/#website\"},\"primaryImageOfPage\":{\"@id\":\"https:\/\/koningdrone.be\/product\/pgytech-onemo-2-backpack-25l-space-black\/#primaryimage\"},\"image\":{\"@id\":\"https:\/\/koningdrone.be\/product\/pgytech-onemo-2-backpack-25l-space-black\/#primaryimage\"},\"thumbnailUrl\":\"https:\/\/koningdrone.be\/wp-content\/uploads\/sites\/13\/2025\/04\/1677677428_1752366.jpg\",\"datePublished\":\"2024-09-05T09:52:32+00:00\",\"dateModified\":\"2026-04-29T14:10:12+00:00\",\"breadcrumb\":{\"@id\":\"https:\/\/koningdrone.be\/product\/pgytech-onemo-2-backpack-25l-space-black\/#breadcrumb\"},\"inLanguage\":\"fr-BE\",\"potentialAction\":[{\"@type\":\"ReadAction\",\"target\":[\"https:\/\/koningdrone.be\/product\/pgytech-onemo-2-backpack-25l-space-black\/\"]}]},{\"@type\":\"ImageObject\",\"inLanguage\":\"fr-BE\",\"@id\":\"https:\/\/koningdrone.be\/product\/pgytech-onemo-2-backpack-25l-space-black\/#primaryimage\",\"url\":\"https:\/\/koningdrone.be\/wp-content\/uploads\/sites\/13\/2025\/04\/1677677428_1752366.jpg\",\"contentUrl\":\"https:\/\/koningdrone.be\/wp-content\/uploads\/sites\/13\/2025\/04\/1677677428_1752366.jpg\",\"width\":500,\"height\":500},{\"@type\":\"BreadcrumbList\",\"@id\":\"https:\/\/koningdrone.be\/product\/pgytech-onemo-2-backpack-25l-space-black\/#breadcrumb\",\"itemListElement\":[{\"@type\":\"ListItem\",\"position\":1,\"name\":\"Home\",\"item\":\"https:\/\/koningdrone.be\/\"},{\"@type\":\"ListItem\",\"position\":2,\"name\":\"AVSS Parachute Recovery System for DJI Matrice 300\/350\",\"item\":\"https:\/\/koningdrone.be\/product\/avss-parachute-recovery-system-for-dji-matrice-300-350\/\"},{\"@type\":\"ListItem\",\"position\":3,\"name\":\"Alle accessoires\",\"item\":\"https:\/\/koningdrone.be\/categorie\/alle-accessoires\/\"},{\"@type\":\"ListItem\",\"position\":4,\"name\":\"PGYTECH OneMo 2 Backpack 25L (Space Black)\"}]},{\"@type\":\"WebSite\",\"@id\":\"https:\/\/koningdrone.be\/#website\",\"url\":\"https:\/\/koningdrone.be\/\",\"name\":\"Koningdrone.be - Uw online specialist in drones, gimbals, camera's en power stations.\",\"description\":\"De webshop in drones en gimbals\",\"publisher\":{\"@id\":\"https:\/\/koningdrone.be\/#organization\"},\"potentialAction\":[{\"@type\":\"SearchAction\",\"target\":{\"@type\":\"EntryPoint\",\"urlTemplate\":\"https:\/\/koningdrone.be\/?s={search_term_string}\"},\"query-input\":{\"@type\":\"PropertyValueSpecification\",\"valueRequired\":true,\"valueName\":\"search_term_string\"}}],\"inLanguage\":\"fr-BE\"},{\"@type\":\"Organization\",\"@id\":\"https:\/\/koningdrone.be\/#organization\",\"name\":\"Koningdrone.be\",\"url\":\"https:\/\/koningdrone.be\/\",\"logo\":{\"@type\":\"ImageObject\",\"inLanguage\":\"fr-BE\",\"@id\":\"https:\/\/koningdrone.be\/#\/schema\/logo\/image\/\",\"url\":\"https:\/\/koningdrone.be\/wp-content\/uploads\/sites\/13\/2025\/04\/koningdrone-copyright-logo.svg\",\"contentUrl\":\"https:\/\/koningdrone.be\/wp-content\/uploads\/sites\/13\/2025\/04\/koningdrone-copyright-logo.svg\",\"width\":227,\"height\":38,\"caption\":\"Koningdrone.be\"},\"image\":{\"@id\":\"https:\/\/koningdrone.be\/#\/schema\/logo\/image\/\"}}]}<\/script>\n<!-- \/ Yoast SEO Premium plugin. -->","yoast_head_json":{"title":"PGYTECH OneMo 2 Backpack 25L (Space Black) - koningdrone.be","robots":{"index":"index","follow":"follow","max-snippet":"max-snippet:-1","max-image-preview":"max-image-preview:large","max-video-preview":"max-video-preview:-1"},"canonical":"https:\/\/koningdrone.be\/fr\/produit\/pgytech-onemo-2-backpack-25l-space-black\/","og_locale":"fr_FR","og_type":"article","og_title":"PGYTECH OneMo 2 Backpack 25L (Space Black)","og_description":"1.Erf de klassieke vooruitzichten van de OneMo-reeks;2. Rugzak plus schoudertas kunnen aan verschillende behoeften voldoen; 3. Hoogwaardig rugpaneel plus brede heupband zorgen voor meer comfort onderweg;4. Dankzij de wetenschappelijk gestructureerde binnenruimte kunnen zowel cameraspullen als levensbenodigdheden netjes worden opgeborgen. Het verbeterde voorvak ondersteunt zowel V-vorm als H-vorm uitbreiding, voor het opbergen van gimbal stabilisator en meer;5. 5. Top + rechts toegang kunt u gemakkelijk grijpen long-focus lens; 6. Brede opening aan de achterkant voor plat opbergen;7.Upgarded interieur partities zijn dikker en flexibeler, die een veilige pasvorm en eenvoudige aanpassing brengt; 8. Uitgebreide schoudertas voor Mavic 3 combo; 9. Anti-diefstal en hoge kwaliteit YKK rits; 10. Gepatenteerd power-indicatievak; 11. Schouderbanden voor smartphone en cameraklem;12. Geheim AirTag-vak.","og_url":"https:\/\/koningdrone.be\/fr\/produit\/pgytech-onemo-2-backpack-25l-space-black\/","og_site_name":"koningdrone.be","article_modified_time":"2026-04-29T14:10:12+00:00","og_image":[{"width":500,"height":500,"url":"https:\/\/koningdrone.be\/wp-content\/uploads\/sites\/13\/2025\/04\/1677677428_1752366.jpg","type":"image\/jpeg"}],"twitter_card":"summary_large_image","schema":{"@context":"https:\/\/schema.org","@graph":[{"@type":"WebPage","@id":"https:\/\/koningdrone.be\/product\/pgytech-onemo-2-backpack-25l-space-black\/","url":"https:\/\/koningdrone.be\/product\/pgytech-onemo-2-backpack-25l-space-black\/","name":"PGYTECH OneMo 2 Backpack 25L (Space Black) - koningdrone.be","isPartOf":{"@id":"https:\/\/koningdrone.be\/#website"},"primaryImageOfPage":{"@id":"https:\/\/koningdrone.be\/product\/pgytech-onemo-2-backpack-25l-space-black\/#primaryimage"},"image":{"@id":"https:\/\/koningdrone.be\/product\/pgytech-onemo-2-backpack-25l-space-black\/#primaryimage"},"thumbnailUrl":"https:\/\/koningdrone.be\/wp-content\/uploads\/sites\/13\/2025\/04\/1677677428_1752366.jpg","datePublished":"2024-09-05T09:52:32+00:00","dateModified":"2026-04-29T14:10:12+00:00","breadcrumb":{"@id":"https:\/\/koningdrone.be\/product\/pgytech-onemo-2-backpack-25l-space-black\/#breadcrumb"},"inLanguage":"fr-BE","potentialAction":[{"@type":"ReadAction","target":["https:\/\/koningdrone.be\/product\/pgytech-onemo-2-backpack-25l-space-black\/"]}]},{"@type":"ImageObject","inLanguage":"fr-BE","@id":"https:\/\/koningdrone.be\/product\/pgytech-onemo-2-backpack-25l-space-black\/#primaryimage","url":"https:\/\/koningdrone.be\/wp-content\/uploads\/sites\/13\/2025\/04\/1677677428_1752366.jpg","contentUrl":"https:\/\/koningdrone.be\/wp-content\/uploads\/sites\/13\/2025\/04\/1677677428_1752366.jpg","width":500,"height":500},{"@type":"BreadcrumbList","@id":"https:\/\/koningdrone.be\/product\/pgytech-onemo-2-backpack-25l-space-black\/#breadcrumb","itemListElement":[{"@type":"ListItem","position":1,"name":"Home","item":"https:\/\/koningdrone.be\/"},{"@type":"ListItem","position":2,"name":"AVSS Parachute Recovery System for DJI Matrice 300\/350","item":"https:\/\/koningdrone.be\/product\/avss-parachute-recovery-system-for-dji-matrice-300-350\/"},{"@type":"ListItem","position":3,"name":"Alle accessoires","item":"https:\/\/koningdrone.be\/categorie\/alle-accessoires\/"},{"@type":"ListItem","position":4,"name":"PGYTECH OneMo 2 Backpack 25L (Space Black)"}]},{"@type":"WebSite","@id":"https:\/\/koningdrone.be\/#website","url":"https:\/\/koningdrone.be\/","name":"Koningdrone.be - Votre sp\u00e9cialiste en ligne en mati\u00e8re de drones, de cardans, de cam\u00e9ras et de centrales \u00e9lectriques.","description":"La boutique en ligne de drones et de cardans","publisher":{"@id":"https:\/\/koningdrone.be\/#organization"},"potentialAction":[{"@type":"SearchAction","target":{"@type":"EntryPoint","urlTemplate":"https:\/\/koningdrone.be\/?s={search_term_string}"},"query-input":{"@type":"PropertyValueSpecification","valueRequired":true,"valueName":"search_term_string"}}],"inLanguage":"fr-BE"},{"@type":"Organization","@id":"https:\/\/koningdrone.be\/#organization","name":"Kingdrone.co.uk","url":"https:\/\/koningdrone.be\/","logo":{"@type":"ImageObject","inLanguage":"fr-BE","@id":"https:\/\/koningdrone.be\/#\/schema\/logo\/image\/","url":"https:\/\/koningdrone.be\/wp-content\/uploads\/sites\/13\/2025\/04\/koningdrone-copyright-logo.svg","contentUrl":"https:\/\/koningdrone.be\/wp-content\/uploads\/sites\/13\/2025\/04\/koningdrone-copyright-logo.svg","width":227,"height":38,"caption":"Koningdrone.be"},"image":{"@id":"https:\/\/koningdrone.be\/#\/schema\/logo\/image\/"}}]}},"df_price":239.99,"df_sale_price":"","df_regular_price":239.99,"df_image_link":"https:\/\/koningdrone.be\/wp-content\/uploads\/sites\/13\/2025\/04\/1677677428_1752366-300x300.jpg","_links":{"self":[{"href":"https:\/\/koningdrone.be\/fr\/wp-json\/wp\/v2\/product\/3117","targetHints":{"allow":["GET"]}}],"collection":[{"href":"https:\/\/koningdrone.be\/fr\/wp-json\/wp\/v2\/product"}],"about":[{"href":"https:\/\/koningdrone.be\/fr\/wp-json\/wp\/v2\/types\/product"}],"wp:featuredmedia":[{"embeddable":true,"href":"https:\/\/koningdrone.be\/fr\/wp-json\/wp\/v2\/media\/3111"}],"wp:attachment":[{"href":"https:\/\/koningdrone.be\/fr\/wp-json\/wp\/v2\/media?parent=3117"}],"wp:term":[{"taxonomy":"product_brand","embeddable":true,"href":"https:\/\/koningdrone.be\/fr\/wp-json\/wp\/v2\/product_brand?post=3117"},{"taxonomy":"product_cat","embeddable":true,"href":"https:\/\/koningdrone.be\/fr\/wp-json\/wp\/v2\/product_cat?post=3117"},{"taxonomy":"product_tag","embeddable":true,"href":"https:\/\/koningdrone.be\/fr\/wp-json\/wp\/v2\/product_tag?post=3117"}],"curies":[{"name":"wp","href":"https:\/\/api.w.org\/{rel}","templated":true}]}}