{"id":3110,"date":"2024-09-05T11:52:32","date_gmt":"2024-09-05T09:52:32","guid":{"rendered":"https:\/\/koningdrone.nl\/kon\/product\/pgytech-safety-carrying-case-for-dji-mavic-2-smart-controller\/"},"modified":"2026-04-29T16:10:06","modified_gmt":"2026-04-29T14:10:06","slug":"pgytech-safety-carrying-case-for-dji-mavic-2-smart-controller","status":"publish","type":"product","link":"https:\/\/koningdrone.be\/fr\/produit\/pgytech-safety-carrying-case-for-dji-mavic-2-smart-controller\/","title":{"rendered":"PGYTECH Safety Carrying Case for DJI Mavic 2 &amp; Smart Controller (mallette de transport s\u00e9curis\u00e9e pour DJI Mavic 2 et contr\u00f4leur intelligent)"},"content":{"rendered":"<p>Con\u00e7ue pour \u00eatre tr\u00e8s protectrice \u00e0 l'int\u00e9rieur comme \u00e0 l'ext\u00e9rieur, la mallette de transport PGYTECH pour DJI Mavic 2 et Smart Controller offre un emballage s\u00e9curis\u00e9 pour le drone, le contr\u00f4leur, les quatre batteries, le chargeur, le concentrateur de charge, les h\u00e9lices, les jeux de filtres et les accessoires associ\u00e9s au drone\/contr\u00f4leur. La mallette est \u00e9quip\u00e9e d'un rev\u00eatement en plastique r\u00e9sistant aux chocs, d'un cadenas renforc\u00e9 en acier inoxydable et d'une valve d'\u00e9quilibrage de pression \u00e9tanche et respirante qui compense les changements d'altitude et de temp\u00e9rature caus\u00e9s par les diff\u00e9rences entre la pression interne et externe. La mallette est adapt\u00e9e \u00e0 des conditions allant de -13 \u00e0 194\u00b0F.<\/p>","protected":false},"excerpt":{"rendered":"<ul>\n<li>Configuration de stockage efficace pour DJI Air 2S et Mavic Air 2 ;<\/li>\n<li>\u00c9tanch\u00e9it\u00e9 IP67 ;<\/li>\n<li>Anti-impact, anti-pression, r\u00e9sistant \u00e0 la corrosion, plage de temp\u00e9rature \u00e9lev\u00e9e ;<\/li>\n<li>Ouverture facile et s\u00fbre en cas de changement d'altitude et de temp\u00e9rature gr\u00e2ce \u00e0 une valve d'\u00e9quilibrage de la pression.<\/li>\n<\/ul>","protected":false},"featured_media":0,"template":"","meta":{"_acf_changed":false},"product_brand":[],"product_cat":[268,419,97,207],"product_tag":[],"class_list":{"0":"post-3110","1":"product","2":"type-product","3":"status-publish","5":"product_cat-alle-accessoires","6":"product_cat-alle-hoofdtelefoons","7":"product_cat-alle-producten","8":"product_cat-hollyland","9":"product_shipping_class-outofstock","10":"pa_brand-pgytech","11":"pa_productfamily-koffer","12":"pa_producttype-koffer","13":"pa_series-mavic-2","15":"first","16":"outofstock","17":"taxable","18":"shipping-taxable","19":"purchasable","20":"product-type-simple"},"acf":[],"yoast_head":"<!-- This site is optimized with the Yoast SEO Premium plugin v27.2 (Yoast SEO v27.2) - https:\/\/yoast.com\/product\/yoast-seo-premium-wordpress\/ -->\n<title>PGYTECH Safety Carrying Case for DJI Mavic 2 &amp; Smart Controller - koningdrone.be<\/title>\n<meta name=\"robots\" content=\"index, follow, max-snippet:-1, max-image-preview:large, max-video-preview:-1\" \/>\n<link rel=\"canonical\" href=\"https:\/\/koningdrone.be\/fr\/produit\/pgytech-safety-carrying-case-for-dji-mavic-2-smart-controller\/\" \/>\n<meta property=\"og:locale\" content=\"fr_FR\" \/>\n<meta property=\"og:type\" content=\"article\" \/>\n<meta property=\"og:title\" content=\"PGYTECH Safety Carrying Case for DJI Mavic 2 &amp; Smart Controller\" \/>\n<meta property=\"og:description\" content=\"Effici\u00ebnte opslagset-up voor DJI Air 2S en Mavic Air 2;Waterdicht IP67;Anti-impact, anti-druk, corrosiebestendig, hoge temperatuurbereik;Gemakkelijk en veilig te openen tijdens hoogte- en temperatuurveranderingen met een drukbalansventiel.\" \/>\n<meta property=\"og:url\" content=\"https:\/\/koningdrone.be\/fr\/produit\/pgytech-safety-carrying-case-for-dji-mavic-2-smart-controller\/\" \/>\n<meta property=\"og:site_name\" content=\"koningdrone.be\" \/>\n<meta property=\"article:modified_time\" content=\"2026-04-29T14:10:06+00:00\" \/>\n<meta name=\"twitter:card\" content=\"summary_large_image\" \/>\n<script type=\"application\/ld+json\" class=\"yoast-schema-graph\">{\"@context\":\"https:\/\/schema.org\",\"@graph\":[{\"@type\":\"WebPage\",\"@id\":\"https:\/\/koningdrone.be\/product\/pgytech-safety-carrying-case-for-dji-mavic-2-smart-controller\/\",\"url\":\"https:\/\/koningdrone.be\/product\/pgytech-safety-carrying-case-for-dji-mavic-2-smart-controller\/\",\"name\":\"PGYTECH Safety Carrying Case for DJI Mavic 2 &amp; Smart Controller - koningdrone.be\",\"isPartOf\":{\"@id\":\"https:\/\/koningdrone.be\/#website\"},\"datePublished\":\"2024-09-05T09:52:32+00:00\",\"dateModified\":\"2026-04-29T14:10:06+00:00\",\"breadcrumb\":{\"@id\":\"https:\/\/koningdrone.be\/product\/pgytech-safety-carrying-case-for-dji-mavic-2-smart-controller\/#breadcrumb\"},\"inLanguage\":\"fr-BE\",\"potentialAction\":[{\"@type\":\"ReadAction\",\"target\":[\"https:\/\/koningdrone.be\/product\/pgytech-safety-carrying-case-for-dji-mavic-2-smart-controller\/\"]}]},{\"@type\":\"BreadcrumbList\",\"@id\":\"https:\/\/koningdrone.be\/product\/pgytech-safety-carrying-case-for-dji-mavic-2-smart-controller\/#breadcrumb\",\"itemListElement\":[{\"@type\":\"ListItem\",\"position\":1,\"name\":\"Home\",\"item\":\"https:\/\/koningdrone.be\/\"},{\"@type\":\"ListItem\",\"position\":2,\"name\":\"AVSS Parachute Recovery System for DJI Matrice 300\/350\",\"item\":\"https:\/\/koningdrone.be\/product\/avss-parachute-recovery-system-for-dji-matrice-300-350\/\"},{\"@type\":\"ListItem\",\"position\":3,\"name\":\"Alle accessoires\",\"item\":\"https:\/\/koningdrone.be\/categorie\/alle-accessoires\/\"},{\"@type\":\"ListItem\",\"position\":4,\"name\":\"PGYTECH Safety Carrying Case for DJI Mavic 2 &amp; Smart Controller\"}]},{\"@type\":\"WebSite\",\"@id\":\"https:\/\/koningdrone.be\/#website\",\"url\":\"https:\/\/koningdrone.be\/\",\"name\":\"Koningdrone.be - Uw online specialist in drones, gimbals, camera's en power stations.\",\"description\":\"De webshop in drones en gimbals\",\"publisher\":{\"@id\":\"https:\/\/koningdrone.be\/#organization\"},\"potentialAction\":[{\"@type\":\"SearchAction\",\"target\":{\"@type\":\"EntryPoint\",\"urlTemplate\":\"https:\/\/koningdrone.be\/?s={search_term_string}\"},\"query-input\":{\"@type\":\"PropertyValueSpecification\",\"valueRequired\":true,\"valueName\":\"search_term_string\"}}],\"inLanguage\":\"fr-BE\"},{\"@type\":\"Organization\",\"@id\":\"https:\/\/koningdrone.be\/#organization\",\"name\":\"Koningdrone.be\",\"url\":\"https:\/\/koningdrone.be\/\",\"logo\":{\"@type\":\"ImageObject\",\"inLanguage\":\"fr-BE\",\"@id\":\"https:\/\/koningdrone.be\/#\/schema\/logo\/image\/\",\"url\":\"https:\/\/koningdrone.be\/wp-content\/uploads\/sites\/13\/2025\/04\/koningdrone-copyright-logo.svg\",\"contentUrl\":\"https:\/\/koningdrone.be\/wp-content\/uploads\/sites\/13\/2025\/04\/koningdrone-copyright-logo.svg\",\"width\":227,\"height\":38,\"caption\":\"Koningdrone.be\"},\"image\":{\"@id\":\"https:\/\/koningdrone.be\/#\/schema\/logo\/image\/\"}}]}<\/script>\n<!-- \/ Yoast SEO Premium plugin. -->","yoast_head_json":{"title":"PGYTECH Safety Carrying Case for DJI Mavic 2 &amp; Smart Controller - koningdrone.be","robots":{"index":"index","follow":"follow","max-snippet":"max-snippet:-1","max-image-preview":"max-image-preview:large","max-video-preview":"max-video-preview:-1"},"canonical":"https:\/\/koningdrone.be\/fr\/produit\/pgytech-safety-carrying-case-for-dji-mavic-2-smart-controller\/","og_locale":"fr_FR","og_type":"article","og_title":"PGYTECH Safety Carrying Case for DJI Mavic 2 &amp; Smart Controller","og_description":"Effici\u00ebnte opslagset-up voor DJI Air 2S en Mavic Air 2;Waterdicht IP67;Anti-impact, anti-druk, corrosiebestendig, hoge temperatuurbereik;Gemakkelijk en veilig te openen tijdens hoogte- en temperatuurveranderingen met een drukbalansventiel.","og_url":"https:\/\/koningdrone.be\/fr\/produit\/pgytech-safety-carrying-case-for-dji-mavic-2-smart-controller\/","og_site_name":"koningdrone.be","article_modified_time":"2026-04-29T14:10:06+00:00","twitter_card":"summary_large_image","schema":{"@context":"https:\/\/schema.org","@graph":[{"@type":"WebPage","@id":"https:\/\/koningdrone.be\/product\/pgytech-safety-carrying-case-for-dji-mavic-2-smart-controller\/","url":"https:\/\/koningdrone.be\/product\/pgytech-safety-carrying-case-for-dji-mavic-2-smart-controller\/","name":"PGYTECH Safety Carrying Case for DJI Mavic 2 &amp; Smart Controller - koningdrone.be","isPartOf":{"@id":"https:\/\/koningdrone.be\/#website"},"datePublished":"2024-09-05T09:52:32+00:00","dateModified":"2026-04-29T14:10:06+00:00","breadcrumb":{"@id":"https:\/\/koningdrone.be\/product\/pgytech-safety-carrying-case-for-dji-mavic-2-smart-controller\/#breadcrumb"},"inLanguage":"fr-BE","potentialAction":[{"@type":"ReadAction","target":["https:\/\/koningdrone.be\/product\/pgytech-safety-carrying-case-for-dji-mavic-2-smart-controller\/"]}]},{"@type":"BreadcrumbList","@id":"https:\/\/koningdrone.be\/product\/pgytech-safety-carrying-case-for-dji-mavic-2-smart-controller\/#breadcrumb","itemListElement":[{"@type":"ListItem","position":1,"name":"Home","item":"https:\/\/koningdrone.be\/"},{"@type":"ListItem","position":2,"name":"AVSS Parachute Recovery System for DJI Matrice 300\/350","item":"https:\/\/koningdrone.be\/product\/avss-parachute-recovery-system-for-dji-matrice-300-350\/"},{"@type":"ListItem","position":3,"name":"Alle accessoires","item":"https:\/\/koningdrone.be\/categorie\/alle-accessoires\/"},{"@type":"ListItem","position":4,"name":"PGYTECH Safety Carrying Case for DJI Mavic 2 &amp; Smart Controller"}]},{"@type":"WebSite","@id":"https:\/\/koningdrone.be\/#website","url":"https:\/\/koningdrone.be\/","name":"Koningdrone.be - Votre sp\u00e9cialiste en ligne en mati\u00e8re de drones, de cardans, de cam\u00e9ras et de centrales \u00e9lectriques.","description":"La boutique en ligne de drones et de cardans","publisher":{"@id":"https:\/\/koningdrone.be\/#organization"},"potentialAction":[{"@type":"SearchAction","target":{"@type":"EntryPoint","urlTemplate":"https:\/\/koningdrone.be\/?s={search_term_string}"},"query-input":{"@type":"PropertyValueSpecification","valueRequired":true,"valueName":"search_term_string"}}],"inLanguage":"fr-BE"},{"@type":"Organization","@id":"https:\/\/koningdrone.be\/#organization","name":"Kingdrone.co.uk","url":"https:\/\/koningdrone.be\/","logo":{"@type":"ImageObject","inLanguage":"fr-BE","@id":"https:\/\/koningdrone.be\/#\/schema\/logo\/image\/","url":"https:\/\/koningdrone.be\/wp-content\/uploads\/sites\/13\/2025\/04\/koningdrone-copyright-logo.svg","contentUrl":"https:\/\/koningdrone.be\/wp-content\/uploads\/sites\/13\/2025\/04\/koningdrone-copyright-logo.svg","width":227,"height":38,"caption":"Koningdrone.be"},"image":{"@id":"https:\/\/koningdrone.be\/#\/schema\/logo\/image\/"}}]}},"df_price":119.95,"df_sale_price":"","df_regular_price":119.95,"df_image_link":"https:\/\/koningdrone.be\/wp-content\/uploads\/sites\/13\/woocommerce-placeholder-300x300.png","_links":{"self":[{"href":"https:\/\/koningdrone.be\/fr\/wp-json\/wp\/v2\/product\/3110","targetHints":{"allow":["GET"]}}],"collection":[{"href":"https:\/\/koningdrone.be\/fr\/wp-json\/wp\/v2\/product"}],"about":[{"href":"https:\/\/koningdrone.be\/fr\/wp-json\/wp\/v2\/types\/product"}],"wp:attachment":[{"href":"https:\/\/koningdrone.be\/fr\/wp-json\/wp\/v2\/media?parent=3110"}],"wp:term":[{"taxonomy":"product_brand","embeddable":true,"href":"https:\/\/koningdrone.be\/fr\/wp-json\/wp\/v2\/product_brand?post=3110"},{"taxonomy":"product_cat","embeddable":true,"href":"https:\/\/koningdrone.be\/fr\/wp-json\/wp\/v2\/product_cat?post=3110"},{"taxonomy":"product_tag","embeddable":true,"href":"https:\/\/koningdrone.be\/fr\/wp-json\/wp\/v2\/product_tag?post=3110"}],"curies":[{"name":"wp","href":"https:\/\/api.w.org\/{rel}","templated":true}]}}