{"id":3087,"date":"2024-09-05T11:53:16","date_gmt":"2024-09-05T09:53:16","guid":{"rendered":"https:\/\/koningdrone.nl\/kon\/product\/hollyland-solidcom-c1-pro-4s-dh\/"},"modified":"2026-04-29T16:00:44","modified_gmt":"2026-04-29T14:00:44","slug":"hollyland-solidcom-c1-pro-4s-dh","status":"publish","type":"product","link":"https:\/\/koningdrone.be\/fr\/produit\/hollyland-solidcom-c1-pro-4s-dh\/","title":{"rendered":"Hollyland Solidcom C1 Pro-4S-DH"},"content":{"rendered":"<p>Le syst\u00e8me d'intercom sans fil Hollyland Solidcom C1 Pro-4S-DH est parfait pour les \u00e9quipes de production dans les environnements bruyants. Dot\u00e9 de la technologie ENC \u00e0 double microphone pour une communication limpide, ce casque l\u00e9ger offre une gamme audio \u00e0 large bande de 150 Hz \u00e0 7 kHz et une port\u00e9e LOS de 335 m\u00e8tres. Am\u00e9liorez la communication de votre \u00e9quipe gr\u00e2ce \u00e0 ce syst\u00e8me r\u00e9volutionnaire.<\/p>","protected":false},"excerpt":{"rendered":"<ul>\n<li>Fourni avec 4 casques antibruit \u00e0 double oreille<\/li>\n<li>Parfait pour les \u00e9quipes de production dans des environnements bruyants<\/li>\n<li>ENC Dual-Mic in\u00e9gal\u00e9<\/li>\n<li>Audio \u00e0 large bande 150Hz-7kHz avec AEC<\/li>\n<li>Suppression robuste du bruit du vent<\/li>\n<li>Champ de vision de 350 m<\/li>\n<li>Con\u00e7u pour la portabilit\u00e9 et la durabilit\u00e9<\/li>\n<\/ul>","protected":false},"featured_media":3078,"template":"","meta":{"_acf_changed":false},"product_brand":[],"product_cat":[268,419,97,207],"product_tag":[],"class_list":{"0":"post-3087","1":"product","2":"type-product","3":"status-publish","4":"has-post-thumbnail","6":"product_cat-alle-accessoires","7":"product_cat-alle-hoofdtelefoons","8":"product_cat-alle-producten","9":"product_cat-hollyland","10":"product_shipping_class-outofstock","11":"pa_brand-hollyland","12":"pa_productfamily-hoofdtelefoonsysteem","13":"pa_producttype-hoofdtelefoonsysteem","14":"pa_series-solidcom-c1","16":"first","17":"outofstock","18":"taxable","19":"shipping-taxable","20":"purchasable","21":"product-type-simple"},"acf":[],"yoast_head":"<!-- This site is optimized with the Yoast SEO Premium plugin v27.2 (Yoast SEO v27.2) - https:\/\/yoast.com\/product\/yoast-seo-premium-wordpress\/ -->\n<title>Hollyland Solidcom C1 Pro-4S-DH - koningdrone.be<\/title>\n<meta name=\"robots\" content=\"index, follow, max-snippet:-1, max-image-preview:large, max-video-preview:-1\" \/>\n<link rel=\"canonical\" href=\"https:\/\/koningdrone.be\/fr\/produit\/hollyland-solidcom-c1-pro-4s-dh\/\" \/>\n<meta property=\"og:locale\" content=\"fr_FR\" \/>\n<meta property=\"og:type\" content=\"article\" \/>\n<meta property=\"og:title\" content=\"Hollyland Solidcom C1 Pro-4S-DH\" \/>\n<meta property=\"og:description\" content=\"Geleverd met 4x dubbeloor ruisonderdrukkende headsetsPerfect voor productieteams in luide omgevingenOnge\u00ebvenaarde Dual-Mic ENC150Hz-7kHz breedbandaudio met AECRobuuste verwijdering van windruis350m gezichtsveldGebouwd voor draagbaarheid en duurzaamheid\" \/>\n<meta property=\"og:url\" content=\"https:\/\/koningdrone.be\/fr\/produit\/hollyland-solidcom-c1-pro-4s-dh\/\" \/>\n<meta property=\"og:site_name\" content=\"koningdrone.be\" \/>\n<meta property=\"article:modified_time\" content=\"2026-04-29T14:00:44+00:00\" \/>\n<meta property=\"og:image\" content=\"https:\/\/koningdrone.be\/wp-content\/uploads\/sites\/13\/2025\/04\/HL-5803-4S-DH-HOLLYLAND-SOLIDCOM-C1-PRO-WIRELESS-INTERCOM-SYSTEM-WITH-4X-DUAL-EAR-ENC-HEADSEATS-01_1080x1080.jpg\" \/>\n\t<meta property=\"og:image:width\" content=\"1080\" \/>\n\t<meta property=\"og:image:height\" content=\"1080\" \/>\n\t<meta property=\"og:image:type\" content=\"image\/jpeg\" \/>\n<meta name=\"twitter:card\" content=\"summary_large_image\" \/>\n<script type=\"application\/ld+json\" class=\"yoast-schema-graph\">{\"@context\":\"https:\/\/schema.org\",\"@graph\":[{\"@type\":\"WebPage\",\"@id\":\"https:\/\/koningdrone.be\/product\/hollyland-solidcom-c1-pro-4s-dh\/\",\"url\":\"https:\/\/koningdrone.be\/product\/hollyland-solidcom-c1-pro-4s-dh\/\",\"name\":\"Hollyland Solidcom C1 Pro-4S-DH - koningdrone.be\",\"isPartOf\":{\"@id\":\"https:\/\/koningdrone.be\/#website\"},\"primaryImageOfPage\":{\"@id\":\"https:\/\/koningdrone.be\/product\/hollyland-solidcom-c1-pro-4s-dh\/#primaryimage\"},\"image\":{\"@id\":\"https:\/\/koningdrone.be\/product\/hollyland-solidcom-c1-pro-4s-dh\/#primaryimage\"},\"thumbnailUrl\":\"https:\/\/koningdrone.be\/wp-content\/uploads\/sites\/13\/2025\/04\/HL-5803-4S-DH-HOLLYLAND-SOLIDCOM-C1-PRO-WIRELESS-INTERCOM-SYSTEM-WITH-4X-DUAL-EAR-ENC-HEADSEATS-01_1080x1080.jpg\",\"datePublished\":\"2024-09-05T09:53:16+00:00\",\"dateModified\":\"2026-04-29T14:00:44+00:00\",\"breadcrumb\":{\"@id\":\"https:\/\/koningdrone.be\/product\/hollyland-solidcom-c1-pro-4s-dh\/#breadcrumb\"},\"inLanguage\":\"fr-BE\",\"potentialAction\":[{\"@type\":\"ReadAction\",\"target\":[\"https:\/\/koningdrone.be\/product\/hollyland-solidcom-c1-pro-4s-dh\/\"]}]},{\"@type\":\"ImageObject\",\"inLanguage\":\"fr-BE\",\"@id\":\"https:\/\/koningdrone.be\/product\/hollyland-solidcom-c1-pro-4s-dh\/#primaryimage\",\"url\":\"https:\/\/koningdrone.be\/wp-content\/uploads\/sites\/13\/2025\/04\/HL-5803-4S-DH-HOLLYLAND-SOLIDCOM-C1-PRO-WIRELESS-INTERCOM-SYSTEM-WITH-4X-DUAL-EAR-ENC-HEADSEATS-01_1080x1080.jpg\",\"contentUrl\":\"https:\/\/koningdrone.be\/wp-content\/uploads\/sites\/13\/2025\/04\/HL-5803-4S-DH-HOLLYLAND-SOLIDCOM-C1-PRO-WIRELESS-INTERCOM-SYSTEM-WITH-4X-DUAL-EAR-ENC-HEADSEATS-01_1080x1080.jpg\",\"width\":1080,\"height\":1080},{\"@type\":\"BreadcrumbList\",\"@id\":\"https:\/\/koningdrone.be\/product\/hollyland-solidcom-c1-pro-4s-dh\/#breadcrumb\",\"itemListElement\":[{\"@type\":\"ListItem\",\"position\":1,\"name\":\"Home\",\"item\":\"https:\/\/koningdrone.be\/\"},{\"@type\":\"ListItem\",\"position\":2,\"name\":\"AVSS Parachute Recovery System for DJI Matrice 300\/350\",\"item\":\"https:\/\/koningdrone.be\/product\/avss-parachute-recovery-system-for-dji-matrice-300-350\/\"},{\"@type\":\"ListItem\",\"position\":3,\"name\":\"Alle accessoires\",\"item\":\"https:\/\/koningdrone.be\/categorie\/alle-accessoires\/\"},{\"@type\":\"ListItem\",\"position\":4,\"name\":\"Hollyland Solidcom C1 Pro-4S-DH\"}]},{\"@type\":\"WebSite\",\"@id\":\"https:\/\/koningdrone.be\/#website\",\"url\":\"https:\/\/koningdrone.be\/\",\"name\":\"Koningdrone.be - Uw online specialist in drones, gimbals, camera's en power stations.\",\"description\":\"De webshop in drones en gimbals\",\"publisher\":{\"@id\":\"https:\/\/koningdrone.be\/#organization\"},\"potentialAction\":[{\"@type\":\"SearchAction\",\"target\":{\"@type\":\"EntryPoint\",\"urlTemplate\":\"https:\/\/koningdrone.be\/?s={search_term_string}\"},\"query-input\":{\"@type\":\"PropertyValueSpecification\",\"valueRequired\":true,\"valueName\":\"search_term_string\"}}],\"inLanguage\":\"fr-BE\"},{\"@type\":\"Organization\",\"@id\":\"https:\/\/koningdrone.be\/#organization\",\"name\":\"Koningdrone.be\",\"url\":\"https:\/\/koningdrone.be\/\",\"logo\":{\"@type\":\"ImageObject\",\"inLanguage\":\"fr-BE\",\"@id\":\"https:\/\/koningdrone.be\/#\/schema\/logo\/image\/\",\"url\":\"https:\/\/koningdrone.be\/wp-content\/uploads\/sites\/13\/2025\/04\/koningdrone-copyright-logo.svg\",\"contentUrl\":\"https:\/\/koningdrone.be\/wp-content\/uploads\/sites\/13\/2025\/04\/koningdrone-copyright-logo.svg\",\"width\":227,\"height\":38,\"caption\":\"Koningdrone.be\"},\"image\":{\"@id\":\"https:\/\/koningdrone.be\/#\/schema\/logo\/image\/\"}}]}<\/script>\n<!-- \/ Yoast SEO Premium plugin. -->","yoast_head_json":{"title":"Hollyland Solidcom C1 Pro-4S-DH - koningdrone.be","robots":{"index":"index","follow":"follow","max-snippet":"max-snippet:-1","max-image-preview":"max-image-preview:large","max-video-preview":"max-video-preview:-1"},"canonical":"https:\/\/koningdrone.be\/fr\/produit\/hollyland-solidcom-c1-pro-4s-dh\/","og_locale":"fr_FR","og_type":"article","og_title":"Hollyland Solidcom C1 Pro-4S-DH","og_description":"Geleverd met 4x dubbeloor ruisonderdrukkende headsetsPerfect voor productieteams in luide omgevingenOnge\u00ebvenaarde Dual-Mic ENC150Hz-7kHz breedbandaudio met AECRobuuste verwijdering van windruis350m gezichtsveldGebouwd voor draagbaarheid en duurzaamheid","og_url":"https:\/\/koningdrone.be\/fr\/produit\/hollyland-solidcom-c1-pro-4s-dh\/","og_site_name":"koningdrone.be","article_modified_time":"2026-04-29T14:00:44+00:00","og_image":[{"width":1080,"height":1080,"url":"https:\/\/koningdrone.be\/wp-content\/uploads\/sites\/13\/2025\/04\/HL-5803-4S-DH-HOLLYLAND-SOLIDCOM-C1-PRO-WIRELESS-INTERCOM-SYSTEM-WITH-4X-DUAL-EAR-ENC-HEADSEATS-01_1080x1080.jpg","type":"image\/jpeg"}],"twitter_card":"summary_large_image","schema":{"@context":"https:\/\/schema.org","@graph":[{"@type":"WebPage","@id":"https:\/\/koningdrone.be\/product\/hollyland-solidcom-c1-pro-4s-dh\/","url":"https:\/\/koningdrone.be\/product\/hollyland-solidcom-c1-pro-4s-dh\/","name":"Hollyland Solidcom C1 Pro-4S-DH - koningdrone.be","isPartOf":{"@id":"https:\/\/koningdrone.be\/#website"},"primaryImageOfPage":{"@id":"https:\/\/koningdrone.be\/product\/hollyland-solidcom-c1-pro-4s-dh\/#primaryimage"},"image":{"@id":"https:\/\/koningdrone.be\/product\/hollyland-solidcom-c1-pro-4s-dh\/#primaryimage"},"thumbnailUrl":"https:\/\/koningdrone.be\/wp-content\/uploads\/sites\/13\/2025\/04\/HL-5803-4S-DH-HOLLYLAND-SOLIDCOM-C1-PRO-WIRELESS-INTERCOM-SYSTEM-WITH-4X-DUAL-EAR-ENC-HEADSEATS-01_1080x1080.jpg","datePublished":"2024-09-05T09:53:16+00:00","dateModified":"2026-04-29T14:00:44+00:00","breadcrumb":{"@id":"https:\/\/koningdrone.be\/product\/hollyland-solidcom-c1-pro-4s-dh\/#breadcrumb"},"inLanguage":"fr-BE","potentialAction":[{"@type":"ReadAction","target":["https:\/\/koningdrone.be\/product\/hollyland-solidcom-c1-pro-4s-dh\/"]}]},{"@type":"ImageObject","inLanguage":"fr-BE","@id":"https:\/\/koningdrone.be\/product\/hollyland-solidcom-c1-pro-4s-dh\/#primaryimage","url":"https:\/\/koningdrone.be\/wp-content\/uploads\/sites\/13\/2025\/04\/HL-5803-4S-DH-HOLLYLAND-SOLIDCOM-C1-PRO-WIRELESS-INTERCOM-SYSTEM-WITH-4X-DUAL-EAR-ENC-HEADSEATS-01_1080x1080.jpg","contentUrl":"https:\/\/koningdrone.be\/wp-content\/uploads\/sites\/13\/2025\/04\/HL-5803-4S-DH-HOLLYLAND-SOLIDCOM-C1-PRO-WIRELESS-INTERCOM-SYSTEM-WITH-4X-DUAL-EAR-ENC-HEADSEATS-01_1080x1080.jpg","width":1080,"height":1080},{"@type":"BreadcrumbList","@id":"https:\/\/koningdrone.be\/product\/hollyland-solidcom-c1-pro-4s-dh\/#breadcrumb","itemListElement":[{"@type":"ListItem","position":1,"name":"Home","item":"https:\/\/koningdrone.be\/"},{"@type":"ListItem","position":2,"name":"AVSS Parachute Recovery System for DJI Matrice 300\/350","item":"https:\/\/koningdrone.be\/product\/avss-parachute-recovery-system-for-dji-matrice-300-350\/"},{"@type":"ListItem","position":3,"name":"Alle accessoires","item":"https:\/\/koningdrone.be\/categorie\/alle-accessoires\/"},{"@type":"ListItem","position":4,"name":"Hollyland Solidcom C1 Pro-4S-DH"}]},{"@type":"WebSite","@id":"https:\/\/koningdrone.be\/#website","url":"https:\/\/koningdrone.be\/","name":"Koningdrone.be - Votre sp\u00e9cialiste en ligne en mati\u00e8re de drones, de cardans, de cam\u00e9ras et de centrales \u00e9lectriques.","description":"La boutique en ligne de drones et de cardans","publisher":{"@id":"https:\/\/koningdrone.be\/#organization"},"potentialAction":[{"@type":"SearchAction","target":{"@type":"EntryPoint","urlTemplate":"https:\/\/koningdrone.be\/?s={search_term_string}"},"query-input":{"@type":"PropertyValueSpecification","valueRequired":true,"valueName":"search_term_string"}}],"inLanguage":"fr-BE"},{"@type":"Organization","@id":"https:\/\/koningdrone.be\/#organization","name":"Kingdrone.co.uk","url":"https:\/\/koningdrone.be\/","logo":{"@type":"ImageObject","inLanguage":"fr-BE","@id":"https:\/\/koningdrone.be\/#\/schema\/logo\/image\/","url":"https:\/\/koningdrone.be\/wp-content\/uploads\/sites\/13\/2025\/04\/koningdrone-copyright-logo.svg","contentUrl":"https:\/\/koningdrone.be\/wp-content\/uploads\/sites\/13\/2025\/04\/koningdrone-copyright-logo.svg","width":227,"height":38,"caption":"Koningdrone.be"},"image":{"@id":"https:\/\/koningdrone.be\/#\/schema\/logo\/image\/"}}]}},"df_price":1571.79,"df_sale_price":"","df_regular_price":1571.79,"df_image_link":"https:\/\/koningdrone.be\/wp-content\/uploads\/sites\/13\/2025\/04\/HL-5803-4S-DH-HOLLYLAND-SOLIDCOM-C1-PRO-WIRELESS-INTERCOM-SYSTEM-WITH-4X-DUAL-EAR-ENC-HEADSEATS-01_1080x1080-300x300.jpg","_links":{"self":[{"href":"https:\/\/koningdrone.be\/fr\/wp-json\/wp\/v2\/product\/3087","targetHints":{"allow":["GET"]}}],"collection":[{"href":"https:\/\/koningdrone.be\/fr\/wp-json\/wp\/v2\/product"}],"about":[{"href":"https:\/\/koningdrone.be\/fr\/wp-json\/wp\/v2\/types\/product"}],"wp:featuredmedia":[{"embeddable":true,"href":"https:\/\/koningdrone.be\/fr\/wp-json\/wp\/v2\/media\/3078"}],"wp:attachment":[{"href":"https:\/\/koningdrone.be\/fr\/wp-json\/wp\/v2\/media?parent=3087"}],"wp:term":[{"taxonomy":"product_brand","embeddable":true,"href":"https:\/\/koningdrone.be\/fr\/wp-json\/wp\/v2\/product_brand?post=3087"},{"taxonomy":"product_cat","embeddable":true,"href":"https:\/\/koningdrone.be\/fr\/wp-json\/wp\/v2\/product_cat?post=3087"},{"taxonomy":"product_tag","embeddable":true,"href":"https:\/\/koningdrone.be\/fr\/wp-json\/wp\/v2\/product_tag?post=3087"}],"curies":[{"name":"wp","href":"https:\/\/api.w.org\/{rel}","templated":true}]}}