{"id":3076,"date":"2024-09-05T11:53:16","date_gmt":"2024-09-05T09:53:16","guid":{"rendered":"https:\/\/koningdrone.nl\/kon\/product\/hollyland-solidcom-c1-pro-wireless-stereo-remote-headset-double-ear-version\/"},"modified":"2026-04-29T16:00:50","modified_gmt":"2026-04-29T14:00:50","slug":"hollyland-solidcom-c1-pro-wireless-stereo-remote-headset-double-ear-version","status":"publish","type":"product","link":"https:\/\/koningdrone.be\/fr\/produit\/hollyland-solidcom-c1-pro-wireless-stereo-remote-headset-double-ear-version\/","title":{"rendered":"Hollyland Solidcom C1 Pro Wireless Stereo Remote Headset Version double oreille"},"content":{"rendered":"<p>Le Solidcom C1 Pro est le syst\u00e8me r\u00e9volutionnaire d'intercom sans fil de Hollyland, dot\u00e9 de la technologie ENC (Environmental Noise Cancellation) \u00e0 double microphone. Il est l\u00e9ger, convivial et parfait pour les \u00e9quipes de production travaillant dans des environnements bruyants. Dot\u00e9 de la technologie DECT 6.0, d'une gamme audio \u00e0 large bande de 150 Hz \u00e0 7 kHz et d'une port\u00e9e de communication fiable allant jusqu'\u00e0 350 m, ce syst\u00e8me de casque est une r\u00e9volution dans l'industrie.<\/p>","protected":false},"excerpt":{"rendered":"<ul>\n<li>R\u00e9duction du bruit am\u00e9lior\u00e9e gr\u00e2ce aux doubles microphones<\/li>\n<li>Technologie DECT 6.0 fiable \u00e0 1,9 GHz<\/li>\n<li>Casque sans c\u00e2ble pour une exp\u00e9rience v\u00e9ritablement sans fil<\/li>\n<li>Conception \u00e0 deux oreilles pour un port confortable<\/li>\n<li>Une performance audio claire avec une large gamme de fr\u00e9quences<\/li>\n<li>Port\u00e9e de communication bidirectionnelle \u00e9tendue de 1100\u2032<\/li>\n<li>Touche Mute\/PTT pratique ou bras de microphone pivotant pour la mise en sourdine<\/li>\n<li>Deux batteries Li-Ion incluses pour une utilisation \u00e0 long terme<\/li>\n<\/ul>","protected":false},"featured_media":3071,"template":"","meta":{"_acf_changed":false},"product_brand":[],"product_cat":[268,419,97,207],"product_tag":[],"class_list":{"0":"post-3076","1":"product","2":"type-product","3":"status-publish","4":"has-post-thumbnail","6":"product_cat-alle-accessoires","7":"product_cat-alle-hoofdtelefoons","8":"product_cat-alle-producten","9":"product_cat-hollyland","10":"product_shipping_class-outofstock","11":"pa_brand-hollyland","12":"pa_productfamily-hoofdtelefoonsysteem","13":"pa_producttype-hoofdtelefoonsysteem","14":"pa_series-solidcom-c1","16":"first","17":"outofstock","18":"taxable","19":"shipping-taxable","20":"purchasable","21":"product-type-simple"},"acf":[],"yoast_head":"<!-- This site is optimized with the Yoast SEO Premium plugin v27.2 (Yoast SEO v27.2) - https:\/\/yoast.com\/product\/yoast-seo-premium-wordpress\/ -->\n<title>Hollyland Solidcom C1 Pro Wireless Stereo Remote Headset Double-Ear Version - koningdrone.be<\/title>\n<meta name=\"robots\" content=\"index, follow, max-snippet:-1, max-image-preview:large, max-video-preview:-1\" \/>\n<link rel=\"canonical\" href=\"https:\/\/koningdrone.be\/fr\/produit\/hollyland-solidcom-c1-pro-wireless-stereo-remote-headset-double-ear-version\/\" \/>\n<meta property=\"og:locale\" content=\"fr_FR\" \/>\n<meta property=\"og:type\" content=\"article\" \/>\n<meta property=\"og:title\" content=\"Hollyland Solidcom C1 Pro Wireless Stereo Remote Headset Double-Ear Version\" \/>\n<meta property=\"og:description\" content=\"Verbeterde ruisonderdrukking met dubbele microfoonsBetrouwbare 1,9 GHz DECT 6.0-technologieKabelvrije headset voor een echte draadloze ervaringOntwerp met twee oren voor een comfortabele pasvormHeldere audioprestaties met breed frequentiebereikUitgebreid 2-weg communicatiebereik van 1100&#039;Handige Mute\/PTT-knop of draaibare microfoonarm voor dempenTwee meegeleverde Li-Ion batterijen voor langdurig gebruik\" \/>\n<meta property=\"og:url\" content=\"https:\/\/koningdrone.be\/fr\/produit\/hollyland-solidcom-c1-pro-wireless-stereo-remote-headset-double-ear-version\/\" \/>\n<meta property=\"og:site_name\" content=\"koningdrone.be\" \/>\n<meta property=\"article:modified_time\" content=\"2026-04-29T14:00:50+00:00\" \/>\n<meta property=\"og:image\" content=\"https:\/\/koningdrone.be\/wp-content\/uploads\/sites\/13\/2025\/04\/5803__remote-dh-_3.jpg\" \/>\n\t<meta property=\"og:image:width\" content=\"811\" \/>\n\t<meta property=\"og:image:height\" content=\"811\" \/>\n\t<meta property=\"og:image:type\" content=\"image\/jpeg\" \/>\n<meta name=\"twitter:card\" content=\"summary_large_image\" \/>\n<script type=\"application\/ld+json\" class=\"yoast-schema-graph\">{\"@context\":\"https:\/\/schema.org\",\"@graph\":[{\"@type\":\"WebPage\",\"@id\":\"https:\/\/koningdrone.be\/product\/hollyland-solidcom-c1-pro-wireless-stereo-remote-headset-double-ear-version\/\",\"url\":\"https:\/\/koningdrone.be\/product\/hollyland-solidcom-c1-pro-wireless-stereo-remote-headset-double-ear-version\/\",\"name\":\"Hollyland Solidcom C1 Pro Wireless Stereo Remote Headset Double-Ear Version - koningdrone.be\",\"isPartOf\":{\"@id\":\"https:\/\/koningdrone.be\/#website\"},\"primaryImageOfPage\":{\"@id\":\"https:\/\/koningdrone.be\/product\/hollyland-solidcom-c1-pro-wireless-stereo-remote-headset-double-ear-version\/#primaryimage\"},\"image\":{\"@id\":\"https:\/\/koningdrone.be\/product\/hollyland-solidcom-c1-pro-wireless-stereo-remote-headset-double-ear-version\/#primaryimage\"},\"thumbnailUrl\":\"https:\/\/koningdrone.be\/wp-content\/uploads\/sites\/13\/2025\/04\/5803__remote-dh-_3.jpg\",\"datePublished\":\"2024-09-05T09:53:16+00:00\",\"dateModified\":\"2026-04-29T14:00:50+00:00\",\"breadcrumb\":{\"@id\":\"https:\/\/koningdrone.be\/product\/hollyland-solidcom-c1-pro-wireless-stereo-remote-headset-double-ear-version\/#breadcrumb\"},\"inLanguage\":\"fr-BE\",\"potentialAction\":[{\"@type\":\"ReadAction\",\"target\":[\"https:\/\/koningdrone.be\/product\/hollyland-solidcom-c1-pro-wireless-stereo-remote-headset-double-ear-version\/\"]}]},{\"@type\":\"ImageObject\",\"inLanguage\":\"fr-BE\",\"@id\":\"https:\/\/koningdrone.be\/product\/hollyland-solidcom-c1-pro-wireless-stereo-remote-headset-double-ear-version\/#primaryimage\",\"url\":\"https:\/\/koningdrone.be\/wp-content\/uploads\/sites\/13\/2025\/04\/5803__remote-dh-_3.jpg\",\"contentUrl\":\"https:\/\/koningdrone.be\/wp-content\/uploads\/sites\/13\/2025\/04\/5803__remote-dh-_3.jpg\",\"width\":811,\"height\":811},{\"@type\":\"BreadcrumbList\",\"@id\":\"https:\/\/koningdrone.be\/product\/hollyland-solidcom-c1-pro-wireless-stereo-remote-headset-double-ear-version\/#breadcrumb\",\"itemListElement\":[{\"@type\":\"ListItem\",\"position\":1,\"name\":\"Home\",\"item\":\"https:\/\/koningdrone.be\/\"},{\"@type\":\"ListItem\",\"position\":2,\"name\":\"AVSS Parachute Recovery System for DJI Matrice 300\/350\",\"item\":\"https:\/\/koningdrone.be\/product\/avss-parachute-recovery-system-for-dji-matrice-300-350\/\"},{\"@type\":\"ListItem\",\"position\":3,\"name\":\"Alle accessoires\",\"item\":\"https:\/\/koningdrone.be\/categorie\/alle-accessoires\/\"},{\"@type\":\"ListItem\",\"position\":4,\"name\":\"Hollyland Solidcom C1 Pro Wireless Stereo Remote Headset Double-Ear Version\"}]},{\"@type\":\"WebSite\",\"@id\":\"https:\/\/koningdrone.be\/#website\",\"url\":\"https:\/\/koningdrone.be\/\",\"name\":\"Koningdrone.be - Uw online specialist in drones, gimbals, camera's en power stations.\",\"description\":\"De webshop in drones en gimbals\",\"publisher\":{\"@id\":\"https:\/\/koningdrone.be\/#organization\"},\"potentialAction\":[{\"@type\":\"SearchAction\",\"target\":{\"@type\":\"EntryPoint\",\"urlTemplate\":\"https:\/\/koningdrone.be\/?s={search_term_string}\"},\"query-input\":{\"@type\":\"PropertyValueSpecification\",\"valueRequired\":true,\"valueName\":\"search_term_string\"}}],\"inLanguage\":\"fr-BE\"},{\"@type\":\"Organization\",\"@id\":\"https:\/\/koningdrone.be\/#organization\",\"name\":\"Koningdrone.be\",\"url\":\"https:\/\/koningdrone.be\/\",\"logo\":{\"@type\":\"ImageObject\",\"inLanguage\":\"fr-BE\",\"@id\":\"https:\/\/koningdrone.be\/#\/schema\/logo\/image\/\",\"url\":\"https:\/\/koningdrone.be\/wp-content\/uploads\/sites\/13\/2025\/04\/koningdrone-copyright-logo.svg\",\"contentUrl\":\"https:\/\/koningdrone.be\/wp-content\/uploads\/sites\/13\/2025\/04\/koningdrone-copyright-logo.svg\",\"width\":227,\"height\":38,\"caption\":\"Koningdrone.be\"},\"image\":{\"@id\":\"https:\/\/koningdrone.be\/#\/schema\/logo\/image\/\"}}]}<\/script>\n<!-- \/ Yoast SEO Premium plugin. -->","yoast_head_json":{"title":"Hollyland Solidcom C1 Pro Wireless Stereo Remote Headset Double-Ear Version - koningdrone.be","robots":{"index":"index","follow":"follow","max-snippet":"max-snippet:-1","max-image-preview":"max-image-preview:large","max-video-preview":"max-video-preview:-1"},"canonical":"https:\/\/koningdrone.be\/fr\/produit\/hollyland-solidcom-c1-pro-wireless-stereo-remote-headset-double-ear-version\/","og_locale":"fr_FR","og_type":"article","og_title":"Hollyland Solidcom C1 Pro Wireless Stereo Remote Headset Double-Ear Version","og_description":"Verbeterde ruisonderdrukking met dubbele microfoonsBetrouwbare 1,9 GHz DECT 6.0-technologieKabelvrije headset voor een echte draadloze ervaringOntwerp met twee oren voor een comfortabele pasvormHeldere audioprestaties met breed frequentiebereikUitgebreid 2-weg communicatiebereik van 1100'Handige Mute\/PTT-knop of draaibare microfoonarm voor dempenTwee meegeleverde Li-Ion batterijen voor langdurig gebruik","og_url":"https:\/\/koningdrone.be\/fr\/produit\/hollyland-solidcom-c1-pro-wireless-stereo-remote-headset-double-ear-version\/","og_site_name":"koningdrone.be","article_modified_time":"2026-04-29T14:00:50+00:00","og_image":[{"width":811,"height":811,"url":"https:\/\/koningdrone.be\/wp-content\/uploads\/sites\/13\/2025\/04\/5803__remote-dh-_3.jpg","type":"image\/jpeg"}],"twitter_card":"summary_large_image","schema":{"@context":"https:\/\/schema.org","@graph":[{"@type":"WebPage","@id":"https:\/\/koningdrone.be\/product\/hollyland-solidcom-c1-pro-wireless-stereo-remote-headset-double-ear-version\/","url":"https:\/\/koningdrone.be\/product\/hollyland-solidcom-c1-pro-wireless-stereo-remote-headset-double-ear-version\/","name":"Hollyland Solidcom C1 Pro Wireless Stereo Remote Headset Double-Ear Version - koningdrone.be","isPartOf":{"@id":"https:\/\/koningdrone.be\/#website"},"primaryImageOfPage":{"@id":"https:\/\/koningdrone.be\/product\/hollyland-solidcom-c1-pro-wireless-stereo-remote-headset-double-ear-version\/#primaryimage"},"image":{"@id":"https:\/\/koningdrone.be\/product\/hollyland-solidcom-c1-pro-wireless-stereo-remote-headset-double-ear-version\/#primaryimage"},"thumbnailUrl":"https:\/\/koningdrone.be\/wp-content\/uploads\/sites\/13\/2025\/04\/5803__remote-dh-_3.jpg","datePublished":"2024-09-05T09:53:16+00:00","dateModified":"2026-04-29T14:00:50+00:00","breadcrumb":{"@id":"https:\/\/koningdrone.be\/product\/hollyland-solidcom-c1-pro-wireless-stereo-remote-headset-double-ear-version\/#breadcrumb"},"inLanguage":"fr-BE","potentialAction":[{"@type":"ReadAction","target":["https:\/\/koningdrone.be\/product\/hollyland-solidcom-c1-pro-wireless-stereo-remote-headset-double-ear-version\/"]}]},{"@type":"ImageObject","inLanguage":"fr-BE","@id":"https:\/\/koningdrone.be\/product\/hollyland-solidcom-c1-pro-wireless-stereo-remote-headset-double-ear-version\/#primaryimage","url":"https:\/\/koningdrone.be\/wp-content\/uploads\/sites\/13\/2025\/04\/5803__remote-dh-_3.jpg","contentUrl":"https:\/\/koningdrone.be\/wp-content\/uploads\/sites\/13\/2025\/04\/5803__remote-dh-_3.jpg","width":811,"height":811},{"@type":"BreadcrumbList","@id":"https:\/\/koningdrone.be\/product\/hollyland-solidcom-c1-pro-wireless-stereo-remote-headset-double-ear-version\/#breadcrumb","itemListElement":[{"@type":"ListItem","position":1,"name":"Home","item":"https:\/\/koningdrone.be\/"},{"@type":"ListItem","position":2,"name":"AVSS Parachute Recovery System for DJI Matrice 300\/350","item":"https:\/\/koningdrone.be\/product\/avss-parachute-recovery-system-for-dji-matrice-300-350\/"},{"@type":"ListItem","position":3,"name":"Alle accessoires","item":"https:\/\/koningdrone.be\/categorie\/alle-accessoires\/"},{"@type":"ListItem","position":4,"name":"Hollyland Solidcom C1 Pro Wireless Stereo Remote Headset Double-Ear Version"}]},{"@type":"WebSite","@id":"https:\/\/koningdrone.be\/#website","url":"https:\/\/koningdrone.be\/","name":"Koningdrone.be - Votre sp\u00e9cialiste en ligne en mati\u00e8re de drones, de cardans, de cam\u00e9ras et de centrales \u00e9lectriques.","description":"La boutique en ligne de drones et de cardans","publisher":{"@id":"https:\/\/koningdrone.be\/#organization"},"potentialAction":[{"@type":"SearchAction","target":{"@type":"EntryPoint","urlTemplate":"https:\/\/koningdrone.be\/?s={search_term_string}"},"query-input":{"@type":"PropertyValueSpecification","valueRequired":true,"valueName":"search_term_string"}}],"inLanguage":"fr-BE"},{"@type":"Organization","@id":"https:\/\/koningdrone.be\/#organization","name":"Kingdrone.co.uk","url":"https:\/\/koningdrone.be\/","logo":{"@type":"ImageObject","inLanguage":"fr-BE","@id":"https:\/\/koningdrone.be\/#\/schema\/logo\/image\/","url":"https:\/\/koningdrone.be\/wp-content\/uploads\/sites\/13\/2025\/04\/koningdrone-copyright-logo.svg","contentUrl":"https:\/\/koningdrone.be\/wp-content\/uploads\/sites\/13\/2025\/04\/koningdrone-copyright-logo.svg","width":227,"height":38,"caption":"Koningdrone.be"},"image":{"@id":"https:\/\/koningdrone.be\/#\/schema\/logo\/image\/"}}]}},"df_price":410.19,"df_sale_price":"","df_regular_price":410.19,"df_image_link":"https:\/\/koningdrone.be\/wp-content\/uploads\/sites\/13\/2025\/04\/5803__remote-dh-_3-300x300.jpg","_links":{"self":[{"href":"https:\/\/koningdrone.be\/fr\/wp-json\/wp\/v2\/product\/3076","targetHints":{"allow":["GET"]}}],"collection":[{"href":"https:\/\/koningdrone.be\/fr\/wp-json\/wp\/v2\/product"}],"about":[{"href":"https:\/\/koningdrone.be\/fr\/wp-json\/wp\/v2\/types\/product"}],"wp:featuredmedia":[{"embeddable":true,"href":"https:\/\/koningdrone.be\/fr\/wp-json\/wp\/v2\/media\/3071"}],"wp:attachment":[{"href":"https:\/\/koningdrone.be\/fr\/wp-json\/wp\/v2\/media?parent=3076"}],"wp:term":[{"taxonomy":"product_brand","embeddable":true,"href":"https:\/\/koningdrone.be\/fr\/wp-json\/wp\/v2\/product_brand?post=3076"},{"taxonomy":"product_cat","embeddable":true,"href":"https:\/\/koningdrone.be\/fr\/wp-json\/wp\/v2\/product_cat?post=3076"},{"taxonomy":"product_tag","embeddable":true,"href":"https:\/\/koningdrone.be\/fr\/wp-json\/wp\/v2\/product_tag?post=3076"}],"curies":[{"name":"wp","href":"https:\/\/api.w.org\/{rel}","templated":true}]}}