{"id":3062,"date":"2024-09-05T11:53:41","date_gmt":"2024-09-05T09:53:41","guid":{"rendered":"https:\/\/koningdrone.nl\/kon\/product\/skywatch-meteos-wind-meter\/"},"modified":"2026-05-01T04:30:33","modified_gmt":"2026-05-01T02:30:33","slug":"skywatch-meteos-wind-meter","status":"publish","type":"product","link":"https:\/\/koningdrone.be\/fr\/produit\/skywatch-meteos-wind-meter\/","title":{"rendered":"Mesureur de vent Skywatch Meteos"},"content":{"rendered":"<p>Bienvenue au NOUVEAU et am\u00e9lior\u00e9 JDC Skywatch Meteos 1 An\u00e9mom\u00e8tre thermom\u00e8tre avec h\u00e9lice de 54 mm. La version actualis\u00e9e du tr\u00e8s appr\u00e9ci\u00e9 JDC Meteos original conserve toutes les caract\u00e9ristiques famili\u00e8res, avec une nouvelle protection en poly\u00e9thyl\u00e8ne, qui permet de le tenir confortablement tout en mesurant rapidement et facilement la vitesse du vent.<\/p>\n<p>Skywatch Meteos est un thermo-an\u00e9mom\u00e8tre qui mesure la force du vent sans se soucier de l'alignement exact de l'instrument. Le Skywatch Meteos 1 fonctionne avec deux piles AA rempla\u00e7ables. L'affichage se fait \u00e0 99,9 le 10 d'une unit\u00e9, puis \u00e0 l'unit\u00e9. Un filetage sur la plaque de base permet le montage sur un tr\u00e9pied.<\/p>","protected":false},"excerpt":{"rendered":"<ul>\n<li>Modes : courant ; moyenne sur 3 secondes avec mise \u00e0 jour d'une seconde ; maximum<\/li>\n<li>Imperm\u00e9able \u00e0 l'eau<\/li>\n<li>Plaque de base en aluminium pour le montage d'un tr\u00e9pied<\/li>\n<li>Indicateur de batterie faible<\/li>\n<li>Calibrage officiel suisse<\/li>\n<li>Couvercle de protection pour l'h\u00e9lice<\/li>\n<li>Garantie : 1 an<\/li>\n<\/ul>","protected":false},"featured_media":3058,"template":"","meta":{"_acf_changed":false},"product_brand":[],"product_cat":[97],"product_tag":[],"class_list":{"0":"post-3062","1":"product","2":"type-product","3":"status-publish","4":"has-post-thumbnail","6":"product_cat-alle-producten","7":"product_shipping_class-dronelandall","8":"pa_brand-skywatch","9":"pa_productfamily-windmeter","10":"pa_producttype-windmeter","11":"pa_series-meteos","13":"first","14":"instock","15":"taxable","16":"shipping-taxable","17":"purchasable","18":"product-type-simple"},"acf":[],"yoast_head":"<!-- This site is optimized with the Yoast SEO Premium plugin v27.2 (Yoast SEO v27.2) - https:\/\/yoast.com\/product\/yoast-seo-premium-wordpress\/ -->\n<title>Skywatch Meteos Wind Meter - koningdrone.be<\/title>\n<meta name=\"robots\" content=\"index, follow, max-snippet:-1, max-image-preview:large, max-video-preview:-1\" \/>\n<link rel=\"canonical\" href=\"https:\/\/koningdrone.be\/fr\/produit\/skywatch-meteos-wind-meter\/\" \/>\n<meta property=\"og:locale\" content=\"fr_FR\" \/>\n<meta property=\"og:type\" content=\"article\" \/>\n<meta property=\"og:title\" content=\"Skywatch Meteos Wind Meter\" \/>\n<meta property=\"og:description\" content=\"Modi: Actueel; gemiddeld over 3 seconden met een seconde update; maximaalWaterdichtAluminium bodemplaat voor statiefbevestigingIndicator voor lege batterijZwitserse offici\u00eble kalibratieBeschermkap voor propellerGarantie: 1 jaar\" \/>\n<meta property=\"og:url\" content=\"https:\/\/koningdrone.be\/fr\/produit\/skywatch-meteos-wind-meter\/\" \/>\n<meta property=\"og:site_name\" content=\"koningdrone.be\" \/>\n<meta property=\"article:modified_time\" content=\"2026-05-01T02:30:33+00:00\" \/>\n<meta property=\"og:image\" content=\"https:\/\/koningdrone.be\/wp-content\/uploads\/sites\/13\/2025\/04\/JDC_METEOS.jpg\" \/>\n\t<meta property=\"og:image:width\" content=\"600\" \/>\n\t<meta property=\"og:image:height\" content=\"600\" \/>\n\t<meta property=\"og:image:type\" content=\"image\/jpeg\" \/>\n<meta name=\"twitter:card\" content=\"summary_large_image\" \/>\n<meta name=\"twitter:label1\" content=\"Dur\u00e9e de lecture est.\" \/>\n\t<meta name=\"twitter:data1\" content=\"1 minute\" \/>\n<script type=\"application\/ld+json\" class=\"yoast-schema-graph\">{\"@context\":\"https:\/\/schema.org\",\"@graph\":[{\"@type\":\"WebPage\",\"@id\":\"https:\/\/koningdrone.be\/product\/skywatch-meteos-wind-meter\/\",\"url\":\"https:\/\/koningdrone.be\/product\/skywatch-meteos-wind-meter\/\",\"name\":\"Skywatch Meteos Wind Meter - koningdrone.be\",\"isPartOf\":{\"@id\":\"https:\/\/koningdrone.be\/#website\"},\"primaryImageOfPage\":{\"@id\":\"https:\/\/koningdrone.be\/product\/skywatch-meteos-wind-meter\/#primaryimage\"},\"image\":{\"@id\":\"https:\/\/koningdrone.be\/product\/skywatch-meteos-wind-meter\/#primaryimage\"},\"thumbnailUrl\":\"https:\/\/koningdrone.be\/wp-content\/uploads\/sites\/13\/2025\/04\/JDC_METEOS.jpg\",\"datePublished\":\"2024-09-05T09:53:41+00:00\",\"dateModified\":\"2026-05-01T02:30:33+00:00\",\"breadcrumb\":{\"@id\":\"https:\/\/koningdrone.be\/product\/skywatch-meteos-wind-meter\/#breadcrumb\"},\"inLanguage\":\"fr-BE\",\"potentialAction\":[{\"@type\":\"ReadAction\",\"target\":[\"https:\/\/koningdrone.be\/product\/skywatch-meteos-wind-meter\/\"]}]},{\"@type\":\"ImageObject\",\"inLanguage\":\"fr-BE\",\"@id\":\"https:\/\/koningdrone.be\/product\/skywatch-meteos-wind-meter\/#primaryimage\",\"url\":\"https:\/\/koningdrone.be\/wp-content\/uploads\/sites\/13\/2025\/04\/JDC_METEOS.jpg\",\"contentUrl\":\"https:\/\/koningdrone.be\/wp-content\/uploads\/sites\/13\/2025\/04\/JDC_METEOS.jpg\",\"width\":600,\"height\":600},{\"@type\":\"BreadcrumbList\",\"@id\":\"https:\/\/koningdrone.be\/product\/skywatch-meteos-wind-meter\/#breadcrumb\",\"itemListElement\":[{\"@type\":\"ListItem\",\"position\":1,\"name\":\"Home\",\"item\":\"https:\/\/koningdrone.be\/\"},{\"@type\":\"ListItem\",\"position\":2,\"name\":\"AVSS Parachute Recovery System for DJI Matrice 300\/350\",\"item\":\"https:\/\/koningdrone.be\/product\/avss-parachute-recovery-system-for-dji-matrice-300-350\/\"},{\"@type\":\"ListItem\",\"position\":3,\"name\":\"Alle producten\",\"item\":\"https:\/\/koningdrone.be\/categorie\/alle-producten\/\"},{\"@type\":\"ListItem\",\"position\":4,\"name\":\"Skywatch Meteos Wind Meter\"}]},{\"@type\":\"WebSite\",\"@id\":\"https:\/\/koningdrone.be\/#website\",\"url\":\"https:\/\/koningdrone.be\/\",\"name\":\"Koningdrone.be - Uw online specialist in drones, gimbals, camera's en power stations.\",\"description\":\"De webshop in drones en gimbals\",\"publisher\":{\"@id\":\"https:\/\/koningdrone.be\/#organization\"},\"potentialAction\":[{\"@type\":\"SearchAction\",\"target\":{\"@type\":\"EntryPoint\",\"urlTemplate\":\"https:\/\/koningdrone.be\/?s={search_term_string}\"},\"query-input\":{\"@type\":\"PropertyValueSpecification\",\"valueRequired\":true,\"valueName\":\"search_term_string\"}}],\"inLanguage\":\"fr-BE\"},{\"@type\":\"Organization\",\"@id\":\"https:\/\/koningdrone.be\/#organization\",\"name\":\"Koningdrone.be\",\"url\":\"https:\/\/koningdrone.be\/\",\"logo\":{\"@type\":\"ImageObject\",\"inLanguage\":\"fr-BE\",\"@id\":\"https:\/\/koningdrone.be\/#\/schema\/logo\/image\/\",\"url\":\"https:\/\/koningdrone.be\/wp-content\/uploads\/sites\/13\/2025\/04\/koningdrone-copyright-logo.svg\",\"contentUrl\":\"https:\/\/koningdrone.be\/wp-content\/uploads\/sites\/13\/2025\/04\/koningdrone-copyright-logo.svg\",\"width\":227,\"height\":38,\"caption\":\"Koningdrone.be\"},\"image\":{\"@id\":\"https:\/\/koningdrone.be\/#\/schema\/logo\/image\/\"}}]}<\/script>\n<!-- \/ Yoast SEO Premium plugin. -->","yoast_head_json":{"title":"Skywatch Meteos Wind Meter - koningdrone.be","robots":{"index":"index","follow":"follow","max-snippet":"max-snippet:-1","max-image-preview":"max-image-preview:large","max-video-preview":"max-video-preview:-1"},"canonical":"https:\/\/koningdrone.be\/fr\/produit\/skywatch-meteos-wind-meter\/","og_locale":"fr_FR","og_type":"article","og_title":"Skywatch Meteos Wind Meter","og_description":"Modi: Actueel; gemiddeld over 3 seconden met een seconde update; maximaalWaterdichtAluminium bodemplaat voor statiefbevestigingIndicator voor lege batterijZwitserse offici\u00eble kalibratieBeschermkap voor propellerGarantie: 1 jaar","og_url":"https:\/\/koningdrone.be\/fr\/produit\/skywatch-meteos-wind-meter\/","og_site_name":"koningdrone.be","article_modified_time":"2026-05-01T02:30:33+00:00","og_image":[{"width":600,"height":600,"url":"https:\/\/koningdrone.be\/wp-content\/uploads\/sites\/13\/2025\/04\/JDC_METEOS.jpg","type":"image\/jpeg"}],"twitter_card":"summary_large_image","twitter_misc":{"Dur\u00e9e de lecture est.":"1 minute"},"schema":{"@context":"https:\/\/schema.org","@graph":[{"@type":"WebPage","@id":"https:\/\/koningdrone.be\/product\/skywatch-meteos-wind-meter\/","url":"https:\/\/koningdrone.be\/product\/skywatch-meteos-wind-meter\/","name":"Skywatch Meteos Wind Meter - koningdrone.be","isPartOf":{"@id":"https:\/\/koningdrone.be\/#website"},"primaryImageOfPage":{"@id":"https:\/\/koningdrone.be\/product\/skywatch-meteos-wind-meter\/#primaryimage"},"image":{"@id":"https:\/\/koningdrone.be\/product\/skywatch-meteos-wind-meter\/#primaryimage"},"thumbnailUrl":"https:\/\/koningdrone.be\/wp-content\/uploads\/sites\/13\/2025\/04\/JDC_METEOS.jpg","datePublished":"2024-09-05T09:53:41+00:00","dateModified":"2026-05-01T02:30:33+00:00","breadcrumb":{"@id":"https:\/\/koningdrone.be\/product\/skywatch-meteos-wind-meter\/#breadcrumb"},"inLanguage":"fr-BE","potentialAction":[{"@type":"ReadAction","target":["https:\/\/koningdrone.be\/product\/skywatch-meteos-wind-meter\/"]}]},{"@type":"ImageObject","inLanguage":"fr-BE","@id":"https:\/\/koningdrone.be\/product\/skywatch-meteos-wind-meter\/#primaryimage","url":"https:\/\/koningdrone.be\/wp-content\/uploads\/sites\/13\/2025\/04\/JDC_METEOS.jpg","contentUrl":"https:\/\/koningdrone.be\/wp-content\/uploads\/sites\/13\/2025\/04\/JDC_METEOS.jpg","width":600,"height":600},{"@type":"BreadcrumbList","@id":"https:\/\/koningdrone.be\/product\/skywatch-meteos-wind-meter\/#breadcrumb","itemListElement":[{"@type":"ListItem","position":1,"name":"Home","item":"https:\/\/koningdrone.be\/"},{"@type":"ListItem","position":2,"name":"AVSS Parachute Recovery System for DJI Matrice 300\/350","item":"https:\/\/koningdrone.be\/product\/avss-parachute-recovery-system-for-dji-matrice-300-350\/"},{"@type":"ListItem","position":3,"name":"Alle producten","item":"https:\/\/koningdrone.be\/categorie\/alle-producten\/"},{"@type":"ListItem","position":4,"name":"Skywatch Meteos Wind Meter"}]},{"@type":"WebSite","@id":"https:\/\/koningdrone.be\/#website","url":"https:\/\/koningdrone.be\/","name":"Koningdrone.be - Votre sp\u00e9cialiste en ligne en mati\u00e8re de drones, de cardans, de cam\u00e9ras et de centrales \u00e9lectriques.","description":"La boutique en ligne de drones et de cardans","publisher":{"@id":"https:\/\/koningdrone.be\/#organization"},"potentialAction":[{"@type":"SearchAction","target":{"@type":"EntryPoint","urlTemplate":"https:\/\/koningdrone.be\/?s={search_term_string}"},"query-input":{"@type":"PropertyValueSpecification","valueRequired":true,"valueName":"search_term_string"}}],"inLanguage":"fr-BE"},{"@type":"Organization","@id":"https:\/\/koningdrone.be\/#organization","name":"Kingdrone.co.uk","url":"https:\/\/koningdrone.be\/","logo":{"@type":"ImageObject","inLanguage":"fr-BE","@id":"https:\/\/koningdrone.be\/#\/schema\/logo\/image\/","url":"https:\/\/koningdrone.be\/wp-content\/uploads\/sites\/13\/2025\/04\/koningdrone-copyright-logo.svg","contentUrl":"https:\/\/koningdrone.be\/wp-content\/uploads\/sites\/13\/2025\/04\/koningdrone-copyright-logo.svg","width":227,"height":38,"caption":"Koningdrone.be"},"image":{"@id":"https:\/\/koningdrone.be\/#\/schema\/logo\/image\/"}}]}},"df_price":162,"df_sale_price":"","df_regular_price":162,"df_image_link":"https:\/\/koningdrone.be\/wp-content\/uploads\/sites\/13\/2025\/04\/JDC_METEOS-300x300.jpg","_links":{"self":[{"href":"https:\/\/koningdrone.be\/fr\/wp-json\/wp\/v2\/product\/3062","targetHints":{"allow":["GET"]}}],"collection":[{"href":"https:\/\/koningdrone.be\/fr\/wp-json\/wp\/v2\/product"}],"about":[{"href":"https:\/\/koningdrone.be\/fr\/wp-json\/wp\/v2\/types\/product"}],"wp:featuredmedia":[{"embeddable":true,"href":"https:\/\/koningdrone.be\/fr\/wp-json\/wp\/v2\/media\/3058"}],"wp:attachment":[{"href":"https:\/\/koningdrone.be\/fr\/wp-json\/wp\/v2\/media?parent=3062"}],"wp:term":[{"taxonomy":"product_brand","embeddable":true,"href":"https:\/\/koningdrone.be\/fr\/wp-json\/wp\/v2\/product_brand?post=3062"},{"taxonomy":"product_cat","embeddable":true,"href":"https:\/\/koningdrone.be\/fr\/wp-json\/wp\/v2\/product_cat?post=3062"},{"taxonomy":"product_tag","embeddable":true,"href":"https:\/\/koningdrone.be\/fr\/wp-json\/wp\/v2\/product_tag?post=3062"}],"curies":[{"name":"wp","href":"https:\/\/api.w.org\/{rel}","templated":true}]}}