{"id":3043,"date":"2024-09-05T11:54:12","date_gmt":"2024-09-05T09:54:12","guid":{"rendered":"https:\/\/koningdrone.nl\/kon\/product\/hprc-2550w-case-for-tb51-wb37-batteries-and-charging-hub\/"},"modified":"2026-04-29T16:00:23","modified_gmt":"2026-04-29T14:00:23","slug":"hprc-2550w-case-for-tb51-wb37-batteries-and-charging-hub","status":"publish","type":"product","link":"https:\/\/koningdrone.be\/fr\/produit\/hprc-2550w-case-for-tb51-wb37-batteries-and-charging-hub\/","title":{"rendered":"HPRC 2550W Etui pour batteries TB51\/WB37 et concentrateur de charge"},"content":{"rendered":"<p>L'\u00e9tui de protection l\u00e9ger et \u00e9tanche en r\u00e9sine, bas\u00e9 sur le mod\u00e8le HPRC2550W, est con\u00e7u pour prot\u00e9ger et transporter les batteries et le concentrateur de charge intelligent du DJI Inspire 3.<\/p>","protected":false},"excerpt":{"rendered":"<ul>\n<li>La l\u00e9g\u00e8ret\u00e9 de la valise et sa poign\u00e9e ergonomique la rendent tr\u00e8s pratique. Approuv\u00e9e comme bagage \u00e0 main. La valise est r\u00e9sistante aux chocs, aux chutes et \u00e0 la corrosion.<\/li>\n<\/ul>","protected":false},"featured_media":3040,"template":"","meta":{"_acf_changed":false},"product_brand":[],"product_cat":[97,201,433],"product_tag":[],"class_list":{"0":"post-3043","1":"product","2":"type-product","3":"status-publish","4":"has-post-thumbnail","6":"product_cat-alle-producten","7":"product_cat-alle-tassen-en-koffers","8":"product_cat-dji-inspire-3","9":"product_shipping_class-outofstock","10":"pa_brand-hprc","11":"pa_productfamily-koffer","12":"pa_producttype-koffer","13":"pa_series-inspire-3","15":"first","16":"outofstock","17":"taxable","18":"shipping-taxable","19":"purchasable","20":"product-type-simple"},"acf":[],"yoast_head":"<!-- This site is optimized with the Yoast SEO Premium plugin v27.2 (Yoast SEO v27.2) - https:\/\/yoast.com\/product\/yoast-seo-premium-wordpress\/ -->\n<title>HPRC 2550W Case for TB51\/WB37 Batteries And Charging Hub - koningdrone.be<\/title>\n<meta name=\"robots\" content=\"index, follow, max-snippet:-1, max-image-preview:large, max-video-preview:-1\" \/>\n<link rel=\"canonical\" href=\"https:\/\/koningdrone.be\/fr\/produit\/hprc-2550w-case-for-tb51-wb37-batteries-and-charging-hub\/\" \/>\n<meta property=\"og:locale\" content=\"fr_FR\" \/>\n<meta property=\"og:type\" content=\"article\" \/>\n<meta property=\"og:title\" content=\"HPRC 2550W Case for TB51\/WB37 Batteries And Charging Hub\" \/>\n<meta property=\"og:description\" content=\"De lichtheid van de koffer en het ergonomische handvat maken de koffer erg handig. Goedgekeurd voor handbagage. De koffer is stoot-, val- en corrosiebestendig.\" \/>\n<meta property=\"og:url\" content=\"https:\/\/koningdrone.be\/fr\/produit\/hprc-2550w-case-for-tb51-wb37-batteries-and-charging-hub\/\" \/>\n<meta property=\"og:site_name\" content=\"koningdrone.be\" \/>\n<meta property=\"article:modified_time\" content=\"2026-04-29T14:00:23+00:00\" \/>\n<meta property=\"og:image\" content=\"https:\/\/koningdrone.be\/wp-content\/uploads\/sites\/13\/2025\/04\/20230712130216_S-BAT2550W-O5_Con-Battery.jpg\" \/>\n\t<meta property=\"og:image:width\" content=\"960\" \/>\n\t<meta property=\"og:image:height\" content=\"960\" \/>\n\t<meta property=\"og:image:type\" content=\"image\/jpeg\" \/>\n<meta name=\"twitter:card\" content=\"summary_large_image\" \/>\n<script type=\"application\/ld+json\" class=\"yoast-schema-graph\">{\"@context\":\"https:\/\/schema.org\",\"@graph\":[{\"@type\":\"WebPage\",\"@id\":\"https:\/\/koningdrone.be\/product\/hprc-2550w-case-for-tb51-wb37-batteries-and-charging-hub\/\",\"url\":\"https:\/\/koningdrone.be\/product\/hprc-2550w-case-for-tb51-wb37-batteries-and-charging-hub\/\",\"name\":\"HPRC 2550W Case for TB51\/WB37 Batteries And Charging Hub - koningdrone.be\",\"isPartOf\":{\"@id\":\"https:\/\/koningdrone.be\/#website\"},\"primaryImageOfPage\":{\"@id\":\"https:\/\/koningdrone.be\/product\/hprc-2550w-case-for-tb51-wb37-batteries-and-charging-hub\/#primaryimage\"},\"image\":{\"@id\":\"https:\/\/koningdrone.be\/product\/hprc-2550w-case-for-tb51-wb37-batteries-and-charging-hub\/#primaryimage\"},\"thumbnailUrl\":\"https:\/\/koningdrone.be\/wp-content\/uploads\/sites\/13\/2025\/04\/20230712130216_S-BAT2550W-O5_Con-Battery.jpg\",\"datePublished\":\"2024-09-05T09:54:12+00:00\",\"dateModified\":\"2026-04-29T14:00:23+00:00\",\"breadcrumb\":{\"@id\":\"https:\/\/koningdrone.be\/product\/hprc-2550w-case-for-tb51-wb37-batteries-and-charging-hub\/#breadcrumb\"},\"inLanguage\":\"fr-BE\",\"potentialAction\":[{\"@type\":\"ReadAction\",\"target\":[\"https:\/\/koningdrone.be\/product\/hprc-2550w-case-for-tb51-wb37-batteries-and-charging-hub\/\"]}]},{\"@type\":\"ImageObject\",\"inLanguage\":\"fr-BE\",\"@id\":\"https:\/\/koningdrone.be\/product\/hprc-2550w-case-for-tb51-wb37-batteries-and-charging-hub\/#primaryimage\",\"url\":\"https:\/\/koningdrone.be\/wp-content\/uploads\/sites\/13\/2025\/04\/20230712130216_S-BAT2550W-O5_Con-Battery.jpg\",\"contentUrl\":\"https:\/\/koningdrone.be\/wp-content\/uploads\/sites\/13\/2025\/04\/20230712130216_S-BAT2550W-O5_Con-Battery.jpg\",\"width\":960,\"height\":960},{\"@type\":\"BreadcrumbList\",\"@id\":\"https:\/\/koningdrone.be\/product\/hprc-2550w-case-for-tb51-wb37-batteries-and-charging-hub\/#breadcrumb\",\"itemListElement\":[{\"@type\":\"ListItem\",\"position\":1,\"name\":\"Home\",\"item\":\"https:\/\/koningdrone.be\/\"},{\"@type\":\"ListItem\",\"position\":2,\"name\":\"AVSS Parachute Recovery System for DJI Matrice 300\/350\",\"item\":\"https:\/\/koningdrone.be\/product\/avss-parachute-recovery-system-for-dji-matrice-300-350\/\"},{\"@type\":\"ListItem\",\"position\":3,\"name\":\"Alle producten\",\"item\":\"https:\/\/koningdrone.be\/categorie\/alle-producten\/\"},{\"@type\":\"ListItem\",\"position\":4,\"name\":\"HPRC 2550W Case for TB51\/WB37 Batteries And Charging Hub\"}]},{\"@type\":\"WebSite\",\"@id\":\"https:\/\/koningdrone.be\/#website\",\"url\":\"https:\/\/koningdrone.be\/\",\"name\":\"Koningdrone.be - Uw online specialist in drones, gimbals, camera's en power stations.\",\"description\":\"De webshop in drones en gimbals\",\"publisher\":{\"@id\":\"https:\/\/koningdrone.be\/#organization\"},\"potentialAction\":[{\"@type\":\"SearchAction\",\"target\":{\"@type\":\"EntryPoint\",\"urlTemplate\":\"https:\/\/koningdrone.be\/?s={search_term_string}\"},\"query-input\":{\"@type\":\"PropertyValueSpecification\",\"valueRequired\":true,\"valueName\":\"search_term_string\"}}],\"inLanguage\":\"fr-BE\"},{\"@type\":\"Organization\",\"@id\":\"https:\/\/koningdrone.be\/#organization\",\"name\":\"Koningdrone.be\",\"url\":\"https:\/\/koningdrone.be\/\",\"logo\":{\"@type\":\"ImageObject\",\"inLanguage\":\"fr-BE\",\"@id\":\"https:\/\/koningdrone.be\/#\/schema\/logo\/image\/\",\"url\":\"https:\/\/koningdrone.be\/wp-content\/uploads\/sites\/13\/2025\/04\/koningdrone-copyright-logo.svg\",\"contentUrl\":\"https:\/\/koningdrone.be\/wp-content\/uploads\/sites\/13\/2025\/04\/koningdrone-copyright-logo.svg\",\"width\":227,\"height\":38,\"caption\":\"Koningdrone.be\"},\"image\":{\"@id\":\"https:\/\/koningdrone.be\/#\/schema\/logo\/image\/\"}}]}<\/script>\n<!-- \/ Yoast SEO Premium plugin. -->","yoast_head_json":{"title":"HPRC 2550W Case for TB51\/WB37 Batteries And Charging Hub - koningdrone.be","robots":{"index":"index","follow":"follow","max-snippet":"max-snippet:-1","max-image-preview":"max-image-preview:large","max-video-preview":"max-video-preview:-1"},"canonical":"https:\/\/koningdrone.be\/fr\/produit\/hprc-2550w-case-for-tb51-wb37-batteries-and-charging-hub\/","og_locale":"fr_FR","og_type":"article","og_title":"HPRC 2550W Case for TB51\/WB37 Batteries And Charging Hub","og_description":"De lichtheid van de koffer en het ergonomische handvat maken de koffer erg handig. Goedgekeurd voor handbagage. De koffer is stoot-, val- en corrosiebestendig.","og_url":"https:\/\/koningdrone.be\/fr\/produit\/hprc-2550w-case-for-tb51-wb37-batteries-and-charging-hub\/","og_site_name":"koningdrone.be","article_modified_time":"2026-04-29T14:00:23+00:00","og_image":[{"width":960,"height":960,"url":"https:\/\/koningdrone.be\/wp-content\/uploads\/sites\/13\/2025\/04\/20230712130216_S-BAT2550W-O5_Con-Battery.jpg","type":"image\/jpeg"}],"twitter_card":"summary_large_image","schema":{"@context":"https:\/\/schema.org","@graph":[{"@type":"WebPage","@id":"https:\/\/koningdrone.be\/product\/hprc-2550w-case-for-tb51-wb37-batteries-and-charging-hub\/","url":"https:\/\/koningdrone.be\/product\/hprc-2550w-case-for-tb51-wb37-batteries-and-charging-hub\/","name":"HPRC 2550W Case for TB51\/WB37 Batteries And Charging Hub - koningdrone.be","isPartOf":{"@id":"https:\/\/koningdrone.be\/#website"},"primaryImageOfPage":{"@id":"https:\/\/koningdrone.be\/product\/hprc-2550w-case-for-tb51-wb37-batteries-and-charging-hub\/#primaryimage"},"image":{"@id":"https:\/\/koningdrone.be\/product\/hprc-2550w-case-for-tb51-wb37-batteries-and-charging-hub\/#primaryimage"},"thumbnailUrl":"https:\/\/koningdrone.be\/wp-content\/uploads\/sites\/13\/2025\/04\/20230712130216_S-BAT2550W-O5_Con-Battery.jpg","datePublished":"2024-09-05T09:54:12+00:00","dateModified":"2026-04-29T14:00:23+00:00","breadcrumb":{"@id":"https:\/\/koningdrone.be\/product\/hprc-2550w-case-for-tb51-wb37-batteries-and-charging-hub\/#breadcrumb"},"inLanguage":"fr-BE","potentialAction":[{"@type":"ReadAction","target":["https:\/\/koningdrone.be\/product\/hprc-2550w-case-for-tb51-wb37-batteries-and-charging-hub\/"]}]},{"@type":"ImageObject","inLanguage":"fr-BE","@id":"https:\/\/koningdrone.be\/product\/hprc-2550w-case-for-tb51-wb37-batteries-and-charging-hub\/#primaryimage","url":"https:\/\/koningdrone.be\/wp-content\/uploads\/sites\/13\/2025\/04\/20230712130216_S-BAT2550W-O5_Con-Battery.jpg","contentUrl":"https:\/\/koningdrone.be\/wp-content\/uploads\/sites\/13\/2025\/04\/20230712130216_S-BAT2550W-O5_Con-Battery.jpg","width":960,"height":960},{"@type":"BreadcrumbList","@id":"https:\/\/koningdrone.be\/product\/hprc-2550w-case-for-tb51-wb37-batteries-and-charging-hub\/#breadcrumb","itemListElement":[{"@type":"ListItem","position":1,"name":"Home","item":"https:\/\/koningdrone.be\/"},{"@type":"ListItem","position":2,"name":"AVSS Parachute Recovery System for DJI Matrice 300\/350","item":"https:\/\/koningdrone.be\/product\/avss-parachute-recovery-system-for-dji-matrice-300-350\/"},{"@type":"ListItem","position":3,"name":"Alle producten","item":"https:\/\/koningdrone.be\/categorie\/alle-producten\/"},{"@type":"ListItem","position":4,"name":"HPRC 2550W Case for TB51\/WB37 Batteries And Charging Hub"}]},{"@type":"WebSite","@id":"https:\/\/koningdrone.be\/#website","url":"https:\/\/koningdrone.be\/","name":"Koningdrone.be - Votre sp\u00e9cialiste en ligne en mati\u00e8re de drones, de cardans, de cam\u00e9ras et de centrales \u00e9lectriques.","description":"La boutique en ligne de drones et de cardans","publisher":{"@id":"https:\/\/koningdrone.be\/#organization"},"potentialAction":[{"@type":"SearchAction","target":{"@type":"EntryPoint","urlTemplate":"https:\/\/koningdrone.be\/?s={search_term_string}"},"query-input":{"@type":"PropertyValueSpecification","valueRequired":true,"valueName":"search_term_string"}}],"inLanguage":"fr-BE"},{"@type":"Organization","@id":"https:\/\/koningdrone.be\/#organization","name":"Kingdrone.co.uk","url":"https:\/\/koningdrone.be\/","logo":{"@type":"ImageObject","inLanguage":"fr-BE","@id":"https:\/\/koningdrone.be\/#\/schema\/logo\/image\/","url":"https:\/\/koningdrone.be\/wp-content\/uploads\/sites\/13\/2025\/04\/koningdrone-copyright-logo.svg","contentUrl":"https:\/\/koningdrone.be\/wp-content\/uploads\/sites\/13\/2025\/04\/koningdrone-copyright-logo.svg","width":227,"height":38,"caption":"Koningdrone.be"},"image":{"@id":"https:\/\/koningdrone.be\/#\/schema\/logo\/image\/"}}]}},"df_price":420,"df_sale_price":"","df_regular_price":420,"df_image_link":"https:\/\/koningdrone.be\/wp-content\/uploads\/sites\/13\/2025\/04\/20230712130216_S-BAT2550W-O5_Con-Battery-300x300.jpg","_links":{"self":[{"href":"https:\/\/koningdrone.be\/fr\/wp-json\/wp\/v2\/product\/3043","targetHints":{"allow":["GET"]}}],"collection":[{"href":"https:\/\/koningdrone.be\/fr\/wp-json\/wp\/v2\/product"}],"about":[{"href":"https:\/\/koningdrone.be\/fr\/wp-json\/wp\/v2\/types\/product"}],"wp:featuredmedia":[{"embeddable":true,"href":"https:\/\/koningdrone.be\/fr\/wp-json\/wp\/v2\/media\/3040"}],"wp:attachment":[{"href":"https:\/\/koningdrone.be\/fr\/wp-json\/wp\/v2\/media?parent=3043"}],"wp:term":[{"taxonomy":"product_brand","embeddable":true,"href":"https:\/\/koningdrone.be\/fr\/wp-json\/wp\/v2\/product_brand?post=3043"},{"taxonomy":"product_cat","embeddable":true,"href":"https:\/\/koningdrone.be\/fr\/wp-json\/wp\/v2\/product_cat?post=3043"},{"taxonomy":"product_tag","embeddable":true,"href":"https:\/\/koningdrone.be\/fr\/wp-json\/wp\/v2\/product_tag?post=3043"}],"curies":[{"name":"wp","href":"https:\/\/api.w.org\/{rel}","templated":true}]}}