{"id":3037,"date":"2024-09-05T11:54:12","date_gmt":"2024-09-05T09:54:12","guid":{"rendered":"https:\/\/koningdrone.nl\/kon\/product\/hprc2500-for-dji-rc-plus-controllers-and-wb37-batteries\/"},"modified":"2026-04-30T16:10:23","modified_gmt":"2026-04-30T14:10:23","slug":"hprc2500-for-dji-rc-plus-controllers-and-wb37-batteries","status":"publish","type":"product","link":"https:\/\/koningdrone.be\/fr\/produit\/hprc2500-for-dji-rc-plus-controllers-and-wb37-batteries\/","title":{"rendered":"HPRC2500 POUR CONTR\u00d4LEURS DJI RC PLUS ET BATTERIES WB37"},"content":{"rendered":"<p>S-RCP-2500-01 est la valise HPRC bas\u00e9e sur la HPRC2500 et con\u00e7ue pour transporter en toute s\u00e9curit\u00e9 2 contr\u00f4leurs DJI RC Plus et 4 batteries WB37.<\/p>\n<p>Gr\u00e2ce \u00e0 son poids l\u00e9ger et \u00e0 sa poign\u00e9e ergonomique, la valise est tr\u00e8s pratique et facile \u00e0 transporter. Id\u00e9ale comme bagage \u00e0 main (avec des dimensions approuv\u00e9es en cabine).<\/p>\n<p>L'\u00e9tui est \u00e9galement r\u00e9sistant aux chocs, \u00e0 la poussi\u00e8re, aux acides et est \u00e9tanche, de sorte que les contr\u00f4leurs radio peuvent \u00eatre emport\u00e9s partout et par tous les temps.<\/p>","protected":false},"excerpt":{"rendered":"<ul>\n<li>La soupape de d\u00e9compression automatique int\u00e9gr\u00e9e garantit que l'\u00e9tui reste facile \u00e0 ouvrir, m\u00eame apr\u00e8s des changements de pression d'air.<\/li>\n<\/ul>","protected":false},"featured_media":3032,"template":"","meta":{"_acf_changed":false},"product_brand":[],"product_cat":[97,201,540],"product_tag":[],"class_list":{"0":"post-3037","1":"product","2":"type-product","3":"status-publish","4":"has-post-thumbnail","6":"product_cat-alle-producten","7":"product_cat-alle-tassen-en-koffers","8":"product_cat-dji-rc","9":"product_shipping_class-outofstock","10":"pa_brand-hprc","11":"pa_productfamily-koffer","12":"pa_producttype-koffer","13":"pa_series-dji-rc","15":"first","16":"outofstock","17":"taxable","18":"shipping-taxable","19":"purchasable","20":"product-type-simple"},"acf":[],"yoast_head":"<!-- This site is optimized with the Yoast SEO Premium plugin v27.2 (Yoast SEO v27.2) - https:\/\/yoast.com\/product\/yoast-seo-premium-wordpress\/ -->\n<title>HPRC2500 FOR DJI RC PLUS CONTROLLERS AND WB37 BATTERIES - koningdrone.be<\/title>\n<meta name=\"robots\" content=\"index, follow, max-snippet:-1, max-image-preview:large, max-video-preview:-1\" \/>\n<link rel=\"canonical\" href=\"https:\/\/koningdrone.be\/fr\/produit\/hprc2500-for-dji-rc-plus-controllers-and-wb37-batteries\/\" \/>\n<meta property=\"og:locale\" content=\"fr_FR\" \/>\n<meta property=\"og:type\" content=\"article\" \/>\n<meta property=\"og:title\" content=\"HPRC2500 FOR DJI RC PLUS CONTROLLERS AND WB37 BATTERIES\" \/>\n<meta property=\"og:description\" content=\"Het ge\u00efntegreerde automatische drukontlastingsventiel zorgt ervoor dat de koffer gemakkelijk te openen blijft, zelfs na veranderingen in de luchtdruk.\" \/>\n<meta property=\"og:url\" content=\"https:\/\/koningdrone.be\/fr\/produit\/hprc2500-for-dji-rc-plus-controllers-and-wb37-batteries\/\" \/>\n<meta property=\"og:site_name\" content=\"koningdrone.be\" \/>\n<meta property=\"article:modified_time\" content=\"2026-04-30T14:10:23+00:00\" \/>\n<meta property=\"og:image\" content=\"https:\/\/koningdrone.be\/wp-content\/uploads\/sites\/13\/2025\/04\/1720528348_IMG_2282735.jpg\" \/>\n\t<meta property=\"og:image:width\" content=\"500\" \/>\n\t<meta property=\"og:image:height\" content=\"500\" \/>\n\t<meta property=\"og:image:type\" content=\"image\/jpeg\" \/>\n<meta name=\"twitter:card\" content=\"summary_large_image\" \/>\n<script type=\"application\/ld+json\" class=\"yoast-schema-graph\">{\"@context\":\"https:\/\/schema.org\",\"@graph\":[{\"@type\":\"WebPage\",\"@id\":\"https:\/\/koningdrone.be\/product\/hprc2500-for-dji-rc-plus-controllers-and-wb37-batteries\/\",\"url\":\"https:\/\/koningdrone.be\/product\/hprc2500-for-dji-rc-plus-controllers-and-wb37-batteries\/\",\"name\":\"HPRC2500 FOR DJI RC PLUS CONTROLLERS AND WB37 BATTERIES - koningdrone.be\",\"isPartOf\":{\"@id\":\"https:\/\/koningdrone.be\/#website\"},\"primaryImageOfPage\":{\"@id\":\"https:\/\/koningdrone.be\/product\/hprc2500-for-dji-rc-plus-controllers-and-wb37-batteries\/#primaryimage\"},\"image\":{\"@id\":\"https:\/\/koningdrone.be\/product\/hprc2500-for-dji-rc-plus-controllers-and-wb37-batteries\/#primaryimage\"},\"thumbnailUrl\":\"https:\/\/koningdrone.be\/wp-content\/uploads\/sites\/13\/2025\/04\/1720528348_IMG_2282735.jpg\",\"datePublished\":\"2024-09-05T09:54:12+00:00\",\"dateModified\":\"2026-04-30T14:10:23+00:00\",\"breadcrumb\":{\"@id\":\"https:\/\/koningdrone.be\/product\/hprc2500-for-dji-rc-plus-controllers-and-wb37-batteries\/#breadcrumb\"},\"inLanguage\":\"fr-BE\",\"potentialAction\":[{\"@type\":\"ReadAction\",\"target\":[\"https:\/\/koningdrone.be\/product\/hprc2500-for-dji-rc-plus-controllers-and-wb37-batteries\/\"]}]},{\"@type\":\"ImageObject\",\"inLanguage\":\"fr-BE\",\"@id\":\"https:\/\/koningdrone.be\/product\/hprc2500-for-dji-rc-plus-controllers-and-wb37-batteries\/#primaryimage\",\"url\":\"https:\/\/koningdrone.be\/wp-content\/uploads\/sites\/13\/2025\/04\/1720528348_IMG_2282735.jpg\",\"contentUrl\":\"https:\/\/koningdrone.be\/wp-content\/uploads\/sites\/13\/2025\/04\/1720528348_IMG_2282735.jpg\",\"width\":500,\"height\":500},{\"@type\":\"BreadcrumbList\",\"@id\":\"https:\/\/koningdrone.be\/product\/hprc2500-for-dji-rc-plus-controllers-and-wb37-batteries\/#breadcrumb\",\"itemListElement\":[{\"@type\":\"ListItem\",\"position\":1,\"name\":\"Home\",\"item\":\"https:\/\/koningdrone.be\/\"},{\"@type\":\"ListItem\",\"position\":2,\"name\":\"AVSS Parachute Recovery System for DJI Matrice 300\/350\",\"item\":\"https:\/\/koningdrone.be\/product\/avss-parachute-recovery-system-for-dji-matrice-300-350\/\"},{\"@type\":\"ListItem\",\"position\":3,\"name\":\"Alle producten\",\"item\":\"https:\/\/koningdrone.be\/categorie\/alle-producten\/\"},{\"@type\":\"ListItem\",\"position\":4,\"name\":\"HPRC2500 FOR DJI RC PLUS CONTROLLERS AND WB37 BATTERIES\"}]},{\"@type\":\"WebSite\",\"@id\":\"https:\/\/koningdrone.be\/#website\",\"url\":\"https:\/\/koningdrone.be\/\",\"name\":\"Koningdrone.be - Uw online specialist in drones, gimbals, camera's en power stations.\",\"description\":\"De webshop in drones en gimbals\",\"publisher\":{\"@id\":\"https:\/\/koningdrone.be\/#organization\"},\"potentialAction\":[{\"@type\":\"SearchAction\",\"target\":{\"@type\":\"EntryPoint\",\"urlTemplate\":\"https:\/\/koningdrone.be\/?s={search_term_string}\"},\"query-input\":{\"@type\":\"PropertyValueSpecification\",\"valueRequired\":true,\"valueName\":\"search_term_string\"}}],\"inLanguage\":\"fr-BE\"},{\"@type\":\"Organization\",\"@id\":\"https:\/\/koningdrone.be\/#organization\",\"name\":\"Koningdrone.be\",\"url\":\"https:\/\/koningdrone.be\/\",\"logo\":{\"@type\":\"ImageObject\",\"inLanguage\":\"fr-BE\",\"@id\":\"https:\/\/koningdrone.be\/#\/schema\/logo\/image\/\",\"url\":\"https:\/\/koningdrone.be\/wp-content\/uploads\/sites\/13\/2025\/04\/koningdrone-copyright-logo.svg\",\"contentUrl\":\"https:\/\/koningdrone.be\/wp-content\/uploads\/sites\/13\/2025\/04\/koningdrone-copyright-logo.svg\",\"width\":227,\"height\":38,\"caption\":\"Koningdrone.be\"},\"image\":{\"@id\":\"https:\/\/koningdrone.be\/#\/schema\/logo\/image\/\"}}]}<\/script>\n<!-- \/ Yoast SEO Premium plugin. -->","yoast_head_json":{"title":"HPRC2500 FOR DJI RC PLUS CONTROLLERS AND WB37 BATTERIES - koningdrone.be","robots":{"index":"index","follow":"follow","max-snippet":"max-snippet:-1","max-image-preview":"max-image-preview:large","max-video-preview":"max-video-preview:-1"},"canonical":"https:\/\/koningdrone.be\/fr\/produit\/hprc2500-for-dji-rc-plus-controllers-and-wb37-batteries\/","og_locale":"fr_FR","og_type":"article","og_title":"HPRC2500 FOR DJI RC PLUS CONTROLLERS AND WB37 BATTERIES","og_description":"Het ge\u00efntegreerde automatische drukontlastingsventiel zorgt ervoor dat de koffer gemakkelijk te openen blijft, zelfs na veranderingen in de luchtdruk.","og_url":"https:\/\/koningdrone.be\/fr\/produit\/hprc2500-for-dji-rc-plus-controllers-and-wb37-batteries\/","og_site_name":"koningdrone.be","article_modified_time":"2026-04-30T14:10:23+00:00","og_image":[{"width":500,"height":500,"url":"https:\/\/koningdrone.be\/wp-content\/uploads\/sites\/13\/2025\/04\/1720528348_IMG_2282735.jpg","type":"image\/jpeg"}],"twitter_card":"summary_large_image","schema":{"@context":"https:\/\/schema.org","@graph":[{"@type":"WebPage","@id":"https:\/\/koningdrone.be\/product\/hprc2500-for-dji-rc-plus-controllers-and-wb37-batteries\/","url":"https:\/\/koningdrone.be\/product\/hprc2500-for-dji-rc-plus-controllers-and-wb37-batteries\/","name":"HPRC2500 FOR DJI RC PLUS CONTROLLERS AND WB37 BATTERIES - koningdrone.be","isPartOf":{"@id":"https:\/\/koningdrone.be\/#website"},"primaryImageOfPage":{"@id":"https:\/\/koningdrone.be\/product\/hprc2500-for-dji-rc-plus-controllers-and-wb37-batteries\/#primaryimage"},"image":{"@id":"https:\/\/koningdrone.be\/product\/hprc2500-for-dji-rc-plus-controllers-and-wb37-batteries\/#primaryimage"},"thumbnailUrl":"https:\/\/koningdrone.be\/wp-content\/uploads\/sites\/13\/2025\/04\/1720528348_IMG_2282735.jpg","datePublished":"2024-09-05T09:54:12+00:00","dateModified":"2026-04-30T14:10:23+00:00","breadcrumb":{"@id":"https:\/\/koningdrone.be\/product\/hprc2500-for-dji-rc-plus-controllers-and-wb37-batteries\/#breadcrumb"},"inLanguage":"fr-BE","potentialAction":[{"@type":"ReadAction","target":["https:\/\/koningdrone.be\/product\/hprc2500-for-dji-rc-plus-controllers-and-wb37-batteries\/"]}]},{"@type":"ImageObject","inLanguage":"fr-BE","@id":"https:\/\/koningdrone.be\/product\/hprc2500-for-dji-rc-plus-controllers-and-wb37-batteries\/#primaryimage","url":"https:\/\/koningdrone.be\/wp-content\/uploads\/sites\/13\/2025\/04\/1720528348_IMG_2282735.jpg","contentUrl":"https:\/\/koningdrone.be\/wp-content\/uploads\/sites\/13\/2025\/04\/1720528348_IMG_2282735.jpg","width":500,"height":500},{"@type":"BreadcrumbList","@id":"https:\/\/koningdrone.be\/product\/hprc2500-for-dji-rc-plus-controllers-and-wb37-batteries\/#breadcrumb","itemListElement":[{"@type":"ListItem","position":1,"name":"Home","item":"https:\/\/koningdrone.be\/"},{"@type":"ListItem","position":2,"name":"AVSS Parachute Recovery System for DJI Matrice 300\/350","item":"https:\/\/koningdrone.be\/product\/avss-parachute-recovery-system-for-dji-matrice-300-350\/"},{"@type":"ListItem","position":3,"name":"Alle producten","item":"https:\/\/koningdrone.be\/categorie\/alle-producten\/"},{"@type":"ListItem","position":4,"name":"HPRC2500 FOR DJI RC PLUS CONTROLLERS AND WB37 BATTERIES"}]},{"@type":"WebSite","@id":"https:\/\/koningdrone.be\/#website","url":"https:\/\/koningdrone.be\/","name":"Koningdrone.be - Votre sp\u00e9cialiste en ligne en mati\u00e8re de drones, de cardans, de cam\u00e9ras et de centrales \u00e9lectriques.","description":"La boutique en ligne de drones et de cardans","publisher":{"@id":"https:\/\/koningdrone.be\/#organization"},"potentialAction":[{"@type":"SearchAction","target":{"@type":"EntryPoint","urlTemplate":"https:\/\/koningdrone.be\/?s={search_term_string}"},"query-input":{"@type":"PropertyValueSpecification","valueRequired":true,"valueName":"search_term_string"}}],"inLanguage":"fr-BE"},{"@type":"Organization","@id":"https:\/\/koningdrone.be\/#organization","name":"Kingdrone.co.uk","url":"https:\/\/koningdrone.be\/","logo":{"@type":"ImageObject","inLanguage":"fr-BE","@id":"https:\/\/koningdrone.be\/#\/schema\/logo\/image\/","url":"https:\/\/koningdrone.be\/wp-content\/uploads\/sites\/13\/2025\/04\/koningdrone-copyright-logo.svg","contentUrl":"https:\/\/koningdrone.be\/wp-content\/uploads\/sites\/13\/2025\/04\/koningdrone-copyright-logo.svg","width":227,"height":38,"caption":"Koningdrone.be"},"image":{"@id":"https:\/\/koningdrone.be\/#\/schema\/logo\/image\/"}}]}},"df_price":298,"df_sale_price":"","df_regular_price":298,"df_image_link":"https:\/\/koningdrone.be\/wp-content\/uploads\/sites\/13\/2025\/04\/1720528348_IMG_2282735-300x300.jpg","_links":{"self":[{"href":"https:\/\/koningdrone.be\/fr\/wp-json\/wp\/v2\/product\/3037","targetHints":{"allow":["GET"]}}],"collection":[{"href":"https:\/\/koningdrone.be\/fr\/wp-json\/wp\/v2\/product"}],"about":[{"href":"https:\/\/koningdrone.be\/fr\/wp-json\/wp\/v2\/types\/product"}],"wp:featuredmedia":[{"embeddable":true,"href":"https:\/\/koningdrone.be\/fr\/wp-json\/wp\/v2\/media\/3032"}],"wp:attachment":[{"href":"https:\/\/koningdrone.be\/fr\/wp-json\/wp\/v2\/media?parent=3037"}],"wp:term":[{"taxonomy":"product_brand","embeddable":true,"href":"https:\/\/koningdrone.be\/fr\/wp-json\/wp\/v2\/product_brand?post=3037"},{"taxonomy":"product_cat","embeddable":true,"href":"https:\/\/koningdrone.be\/fr\/wp-json\/wp\/v2\/product_cat?post=3037"},{"taxonomy":"product_tag","embeddable":true,"href":"https:\/\/koningdrone.be\/fr\/wp-json\/wp\/v2\/product_tag?post=3037"}],"curies":[{"name":"wp","href":"https:\/\/api.w.org\/{rel}","templated":true}]}}