{"id":3031,"date":"2024-09-05T11:54:41","date_gmt":"2024-09-05T09:54:41","guid":{"rendered":"https:\/\/koningdrone.nl\/kon\/product\/micasense-rededge-p-dual-red-and-blue-multispectral-kit\/"},"modified":"2026-05-01T12:30:28","modified_gmt":"2026-05-01T10:30:28","slug":"micasense-rededge-p-dual-red-and-blue-multispectral-kit","status":"publish","type":"product","link":"https:\/\/koningdrone.be\/fr\/produit\/micasense-rededge-p-dual-red-and-blue-multispectral-kit\/","title":{"rendered":"Kit multispectral Micasense Rededge-P Dual (rouge et bleu)"},"content":{"rendered":"<p>Le kit multispectral RedEdge-P Dual Red and Blue est un puissant syst\u00e8me d'imagerie con\u00e7u pour le drone DJI Matrice 300. Il fournit une imagerie multispectrale \u00e0 double bande avec des filtres rouges et bleus pour des analyses agricoles et environnementales pr\u00e9cises. Il fournit des donn\u00e9es multispectrales pr\u00e9cises et d\u00e9taill\u00e9es pour une meilleure surveillance de la v\u00e9g\u00e9tation et des cultures.<\/p>","protected":false},"excerpt":{"rendered":"<ul>\n<li>10 bandes multispectrales de 1,6 MP chacune<\/li>\n<li>Bande panchromatique pour des images plus nettes<\/li>\n<li>Bande c\u00f4ti\u00e8re bleue pour l'analyse de la v\u00e9g\u00e9tation aquatique et l'identification des mauvaises herbes<\/li>\n<li>Bandes spectrales \u00e9troites pour des donn\u00e9es plus pr\u00e9cises<\/li>\n<li>Double \u00e9talonnage pour l'analyse des s\u00e9ries temporelles<\/li>\n<li>Obturateur global pour des images sans distorsion.<\/li>\n<li>Jusqu'\u00e0 3 images par seconde<\/li>\n<li>Enregistrement synchronis\u00e9 des 10 bandes<\/li>\n<li>Fourni avec un capteur de lumi\u00e8re DLS et un panneau de r\u00e9flexion calibr\u00e9 CRP<\/li>\n<\/ul>","protected":false},"featured_media":3028,"template":"","meta":{"_acf_changed":false},"product_brand":[],"product_cat":[97,427],"product_tag":[],"class_list":{"0":"post-3031","1":"product","2":"type-product","3":"status-publish","4":"has-post-thumbnail","6":"product_cat-alle-producten","7":"product_cat-micasense","8":"product_shipping_class-outofstock","9":"pa_brand-micasense","10":"pa_productfamily-multispectrale-kit","11":"pa_producttype-multispectrale-kit","12":"pa_series-rededge-p","14":"first","15":"outofstock","16":"taxable","17":"shipping-taxable","18":"product-type-simple"},"acf":[],"yoast_head":"<!-- This site is optimized with the Yoast SEO Premium plugin v27.2 (Yoast SEO v27.2) - https:\/\/yoast.com\/product\/yoast-seo-premium-wordpress\/ -->\n<title>Micasense Rededge-P Dual (Red and Blue) Multispectral Kit - koningdrone.be<\/title>\n<meta name=\"robots\" content=\"index, follow, max-snippet:-1, max-image-preview:large, max-video-preview:-1\" \/>\n<link rel=\"canonical\" href=\"https:\/\/koningdrone.be\/fr\/produit\/micasense-rededge-p-dual-red-and-blue-multispectral-kit\/\" \/>\n<meta property=\"og:locale\" content=\"fr_FR\" \/>\n<meta property=\"og:type\" content=\"article\" \/>\n<meta property=\"og:title\" content=\"Micasense Rededge-P Dual (Red and Blue) Multispectral Kit\" \/>\n<meta property=\"og:description\" content=\"10 multispectrale banden met elk 1,6 MPPanchromatische band voor scherpere beeldenBlauwe kustband voor analyse van watervegetatie en onkruididentificatieSpectrale smalle banden voor nauwkeurigere gegevensDubbele kalibratie voor tijdreeksanalyseGlobale sluiter voor vervormingsvrije beeldopnamen.Tot 3 beelden per secondeGesynchroniseerde opname van alle 10 bandenGeleverd met DLS-lichtsensor en CRP gekalibreerd reflectiepaneel\" \/>\n<meta property=\"og:url\" content=\"https:\/\/koningdrone.be\/fr\/produit\/micasense-rededge-p-dual-red-and-blue-multispectral-kit\/\" \/>\n<meta property=\"og:site_name\" content=\"koningdrone.be\" \/>\n<meta property=\"article:modified_time\" content=\"2026-05-01T10:30:28+00:00\" \/>\n<meta property=\"og:image\" content=\"https:\/\/koningdrone.be\/wp-content\/uploads\/sites\/13\/2025\/04\/REP-dual-quart_610x_crop_center.png\" \/>\n\t<meta property=\"og:image:width\" content=\"610\" \/>\n\t<meta property=\"og:image:height\" content=\"610\" \/>\n\t<meta property=\"og:image:type\" content=\"image\/png\" \/>\n<meta name=\"twitter:card\" content=\"summary_large_image\" \/>\n<script type=\"application\/ld+json\" class=\"yoast-schema-graph\">{\"@context\":\"https:\/\/schema.org\",\"@graph\":[{\"@type\":\"WebPage\",\"@id\":\"https:\/\/koningdrone.be\/product\/micasense-rededge-p-dual-red-and-blue-multispectral-kit\/\",\"url\":\"https:\/\/koningdrone.be\/product\/micasense-rededge-p-dual-red-and-blue-multispectral-kit\/\",\"name\":\"Micasense Rededge-P Dual (Red and Blue) Multispectral Kit - koningdrone.be\",\"isPartOf\":{\"@id\":\"https:\/\/koningdrone.be\/#website\"},\"primaryImageOfPage\":{\"@id\":\"https:\/\/koningdrone.be\/product\/micasense-rededge-p-dual-red-and-blue-multispectral-kit\/#primaryimage\"},\"image\":{\"@id\":\"https:\/\/koningdrone.be\/product\/micasense-rededge-p-dual-red-and-blue-multispectral-kit\/#primaryimage\"},\"thumbnailUrl\":\"https:\/\/koningdrone.be\/wp-content\/uploads\/sites\/13\/2025\/04\/REP-dual-quart_610x_crop_center.png\",\"datePublished\":\"2024-09-05T09:54:41+00:00\",\"dateModified\":\"2026-05-01T10:30:28+00:00\",\"breadcrumb\":{\"@id\":\"https:\/\/koningdrone.be\/product\/micasense-rededge-p-dual-red-and-blue-multispectral-kit\/#breadcrumb\"},\"inLanguage\":\"fr-BE\",\"potentialAction\":[{\"@type\":\"ReadAction\",\"target\":[\"https:\/\/koningdrone.be\/product\/micasense-rededge-p-dual-red-and-blue-multispectral-kit\/\"]}]},{\"@type\":\"ImageObject\",\"inLanguage\":\"fr-BE\",\"@id\":\"https:\/\/koningdrone.be\/product\/micasense-rededge-p-dual-red-and-blue-multispectral-kit\/#primaryimage\",\"url\":\"https:\/\/koningdrone.be\/wp-content\/uploads\/sites\/13\/2025\/04\/REP-dual-quart_610x_crop_center.png\",\"contentUrl\":\"https:\/\/koningdrone.be\/wp-content\/uploads\/sites\/13\/2025\/04\/REP-dual-quart_610x_crop_center.png\",\"width\":610,\"height\":610},{\"@type\":\"BreadcrumbList\",\"@id\":\"https:\/\/koningdrone.be\/product\/micasense-rededge-p-dual-red-and-blue-multispectral-kit\/#breadcrumb\",\"itemListElement\":[{\"@type\":\"ListItem\",\"position\":1,\"name\":\"Home\",\"item\":\"https:\/\/koningdrone.be\/\"},{\"@type\":\"ListItem\",\"position\":2,\"name\":\"AVSS Parachute Recovery System for DJI Matrice 300\/350\",\"item\":\"https:\/\/koningdrone.be\/product\/avss-parachute-recovery-system-for-dji-matrice-300-350\/\"},{\"@type\":\"ListItem\",\"position\":3,\"name\":\"Alle producten\",\"item\":\"https:\/\/koningdrone.be\/categorie\/alle-producten\/\"},{\"@type\":\"ListItem\",\"position\":4,\"name\":\"Micasense Rededge-P Dual (Red and Blue) Multispectral Kit\"}]},{\"@type\":\"WebSite\",\"@id\":\"https:\/\/koningdrone.be\/#website\",\"url\":\"https:\/\/koningdrone.be\/\",\"name\":\"Koningdrone.be - Uw online specialist in drones, gimbals, camera's en power stations.\",\"description\":\"De webshop in drones en gimbals\",\"publisher\":{\"@id\":\"https:\/\/koningdrone.be\/#organization\"},\"potentialAction\":[{\"@type\":\"SearchAction\",\"target\":{\"@type\":\"EntryPoint\",\"urlTemplate\":\"https:\/\/koningdrone.be\/?s={search_term_string}\"},\"query-input\":{\"@type\":\"PropertyValueSpecification\",\"valueRequired\":true,\"valueName\":\"search_term_string\"}}],\"inLanguage\":\"fr-BE\"},{\"@type\":\"Organization\",\"@id\":\"https:\/\/koningdrone.be\/#organization\",\"name\":\"Koningdrone.be\",\"url\":\"https:\/\/koningdrone.be\/\",\"logo\":{\"@type\":\"ImageObject\",\"inLanguage\":\"fr-BE\",\"@id\":\"https:\/\/koningdrone.be\/#\/schema\/logo\/image\/\",\"url\":\"https:\/\/koningdrone.be\/wp-content\/uploads\/sites\/13\/2025\/04\/koningdrone-copyright-logo.svg\",\"contentUrl\":\"https:\/\/koningdrone.be\/wp-content\/uploads\/sites\/13\/2025\/04\/koningdrone-copyright-logo.svg\",\"width\":227,\"height\":38,\"caption\":\"Koningdrone.be\"},\"image\":{\"@id\":\"https:\/\/koningdrone.be\/#\/schema\/logo\/image\/\"}}]}<\/script>\n<!-- \/ Yoast SEO Premium plugin. -->","yoast_head_json":{"title":"Micasense Rededge-P Dual (Red and Blue) Multispectral Kit - koningdrone.be","robots":{"index":"index","follow":"follow","max-snippet":"max-snippet:-1","max-image-preview":"max-image-preview:large","max-video-preview":"max-video-preview:-1"},"canonical":"https:\/\/koningdrone.be\/fr\/produit\/micasense-rededge-p-dual-red-and-blue-multispectral-kit\/","og_locale":"fr_FR","og_type":"article","og_title":"Micasense Rededge-P Dual (Red and Blue) Multispectral Kit","og_description":"10 multispectrale banden met elk 1,6 MPPanchromatische band voor scherpere beeldenBlauwe kustband voor analyse van watervegetatie en onkruididentificatieSpectrale smalle banden voor nauwkeurigere gegevensDubbele kalibratie voor tijdreeksanalyseGlobale sluiter voor vervormingsvrije beeldopnamen.Tot 3 beelden per secondeGesynchroniseerde opname van alle 10 bandenGeleverd met DLS-lichtsensor en CRP gekalibreerd reflectiepaneel","og_url":"https:\/\/koningdrone.be\/fr\/produit\/micasense-rededge-p-dual-red-and-blue-multispectral-kit\/","og_site_name":"koningdrone.be","article_modified_time":"2026-05-01T10:30:28+00:00","og_image":[{"width":610,"height":610,"url":"https:\/\/koningdrone.be\/wp-content\/uploads\/sites\/13\/2025\/04\/REP-dual-quart_610x_crop_center.png","type":"image\/png"}],"twitter_card":"summary_large_image","schema":{"@context":"https:\/\/schema.org","@graph":[{"@type":"WebPage","@id":"https:\/\/koningdrone.be\/product\/micasense-rededge-p-dual-red-and-blue-multispectral-kit\/","url":"https:\/\/koningdrone.be\/product\/micasense-rededge-p-dual-red-and-blue-multispectral-kit\/","name":"Micasense Rededge-P Dual (Red and Blue) Multispectral Kit - koningdrone.be","isPartOf":{"@id":"https:\/\/koningdrone.be\/#website"},"primaryImageOfPage":{"@id":"https:\/\/koningdrone.be\/product\/micasense-rededge-p-dual-red-and-blue-multispectral-kit\/#primaryimage"},"image":{"@id":"https:\/\/koningdrone.be\/product\/micasense-rededge-p-dual-red-and-blue-multispectral-kit\/#primaryimage"},"thumbnailUrl":"https:\/\/koningdrone.be\/wp-content\/uploads\/sites\/13\/2025\/04\/REP-dual-quart_610x_crop_center.png","datePublished":"2024-09-05T09:54:41+00:00","dateModified":"2026-05-01T10:30:28+00:00","breadcrumb":{"@id":"https:\/\/koningdrone.be\/product\/micasense-rededge-p-dual-red-and-blue-multispectral-kit\/#breadcrumb"},"inLanguage":"fr-BE","potentialAction":[{"@type":"ReadAction","target":["https:\/\/koningdrone.be\/product\/micasense-rededge-p-dual-red-and-blue-multispectral-kit\/"]}]},{"@type":"ImageObject","inLanguage":"fr-BE","@id":"https:\/\/koningdrone.be\/product\/micasense-rededge-p-dual-red-and-blue-multispectral-kit\/#primaryimage","url":"https:\/\/koningdrone.be\/wp-content\/uploads\/sites\/13\/2025\/04\/REP-dual-quart_610x_crop_center.png","contentUrl":"https:\/\/koningdrone.be\/wp-content\/uploads\/sites\/13\/2025\/04\/REP-dual-quart_610x_crop_center.png","width":610,"height":610},{"@type":"BreadcrumbList","@id":"https:\/\/koningdrone.be\/product\/micasense-rededge-p-dual-red-and-blue-multispectral-kit\/#breadcrumb","itemListElement":[{"@type":"ListItem","position":1,"name":"Home","item":"https:\/\/koningdrone.be\/"},{"@type":"ListItem","position":2,"name":"AVSS Parachute Recovery System for DJI Matrice 300\/350","item":"https:\/\/koningdrone.be\/product\/avss-parachute-recovery-system-for-dji-matrice-300-350\/"},{"@type":"ListItem","position":3,"name":"Alle producten","item":"https:\/\/koningdrone.be\/categorie\/alle-producten\/"},{"@type":"ListItem","position":4,"name":"Micasense Rededge-P Dual (Red and Blue) Multispectral Kit"}]},{"@type":"WebSite","@id":"https:\/\/koningdrone.be\/#website","url":"https:\/\/koningdrone.be\/","name":"Koningdrone.be - Votre sp\u00e9cialiste en ligne en mati\u00e8re de drones, de cardans, de cam\u00e9ras et de centrales \u00e9lectriques.","description":"La boutique en ligne de drones et de cardans","publisher":{"@id":"https:\/\/koningdrone.be\/#organization"},"potentialAction":[{"@type":"SearchAction","target":{"@type":"EntryPoint","urlTemplate":"https:\/\/koningdrone.be\/?s={search_term_string}"},"query-input":{"@type":"PropertyValueSpecification","valueRequired":true,"valueName":"search_term_string"}}],"inLanguage":"fr-BE"},{"@type":"Organization","@id":"https:\/\/koningdrone.be\/#organization","name":"Kingdrone.co.uk","url":"https:\/\/koningdrone.be\/","logo":{"@type":"ImageObject","inLanguage":"fr-BE","@id":"https:\/\/koningdrone.be\/#\/schema\/logo\/image\/","url":"https:\/\/koningdrone.be\/wp-content\/uploads\/sites\/13\/2025\/04\/koningdrone-copyright-logo.svg","contentUrl":"https:\/\/koningdrone.be\/wp-content\/uploads\/sites\/13\/2025\/04\/koningdrone-copyright-logo.svg","width":227,"height":38,"caption":"Koningdrone.be"},"image":{"@id":"https:\/\/koningdrone.be\/#\/schema\/logo\/image\/"}}]}},"df_price":"","df_sale_price":"","df_regular_price":"","df_image_link":"https:\/\/koningdrone.be\/wp-content\/uploads\/sites\/13\/2025\/04\/REP-dual-quart_610x_crop_center-300x300.png","_links":{"self":[{"href":"https:\/\/koningdrone.be\/fr\/wp-json\/wp\/v2\/product\/3031","targetHints":{"allow":["GET"]}}],"collection":[{"href":"https:\/\/koningdrone.be\/fr\/wp-json\/wp\/v2\/product"}],"about":[{"href":"https:\/\/koningdrone.be\/fr\/wp-json\/wp\/v2\/types\/product"}],"wp:featuredmedia":[{"embeddable":true,"href":"https:\/\/koningdrone.be\/fr\/wp-json\/wp\/v2\/media\/3028"}],"wp:attachment":[{"href":"https:\/\/koningdrone.be\/fr\/wp-json\/wp\/v2\/media?parent=3031"}],"wp:term":[{"taxonomy":"product_brand","embeddable":true,"href":"https:\/\/koningdrone.be\/fr\/wp-json\/wp\/v2\/product_brand?post=3031"},{"taxonomy":"product_cat","embeddable":true,"href":"https:\/\/koningdrone.be\/fr\/wp-json\/wp\/v2\/product_cat?post=3031"},{"taxonomy":"product_tag","embeddable":true,"href":"https:\/\/koningdrone.be\/fr\/wp-json\/wp\/v2\/product_tag?post=3031"}],"curies":[{"name":"wp","href":"https:\/\/api.w.org\/{rel}","templated":true}]}}