{"id":2891,"date":"2024-09-05T11:56:56","date_gmt":"2024-09-05T09:56:56","guid":{"rendered":"https:\/\/koningdrone.nl\/kon\/product\/insta360-bike-headset-cap-mount\/"},"modified":"2026-05-01T04:40:25","modified_gmt":"2026-05-01T02:40:25","slug":"insta360-bike-headset-cap-mount","status":"publish","type":"product","link":"https:\/\/koningdrone.be\/fr\/produit\/insta360-bike-headset-cap-mount\/","title":{"rendered":"Insta360 Support pour casque de v\u00e9lo"},"content":{"rendered":"<p>La fixation Insta360 pour casque de v\u00e9lo est une solution de montage compacte et s\u00fbre pour les cam\u00e9ras d'action, con\u00e7ue pour se fixer sur le haut du casque de votre v\u00e9lo. Il offre un moyen stable et discret de capturer des s\u00e9quences immersives \u00e0 la premi\u00e8re personne tout en p\u00e9dalant, en maintenant fermement votre cam\u00e9ra en place m\u00eame sur un terrain accident\u00e9. Id\u00e9al pour les cyclistes aventureux et les cr\u00e9ateurs de contenu qui souhaitent filmer leurs sorties d'un point de vue unique.<\/p>","protected":false},"excerpt":{"rendered":"<ul>\n<li>\u00c0 utiliser avec une cam\u00e9ra d'action 360\u00ba Insta360 et le b\u00e2ton selfie invisible Action pour des angles impossibles \u00e0 la troisi\u00e8me personne.<\/li>\n<li>Ce support n'est compatible qu'avec le b\u00e2ton de selfie invisible Insta360 Action.<\/li>\n<li>Utilisez une cam\u00e9ra d'action Insta360 grand angle pour des prises de vue immersives \u00e0 la premi\u00e8re personne.<\/li>\n<li>Livr\u00e9 avec tout ce dont vous avez besoin pour une installation facile \u00e0 domicile.<\/li>\n<li>Se fixe solidement sur le tube de direction de votre v\u00e9lo et remplace tous les capuchons de t\u00eate standard de 28,6 mm (1-1\/8in).<\/li>\n<\/ul>","protected":false},"featured_media":2884,"template":"","meta":{"_acf_changed":false},"product_brand":[],"product_cat":[97,343],"product_tag":[],"class_list":{"0":"post-2891","1":"product","2":"type-product","3":"status-publish","4":"has-post-thumbnail","6":"product_cat-alle-producten","7":"product_cat-insta360","8":"product_shipping_class-europafotoall","9":"pa_brand-insta360","10":"pa_productfamily-kapmontage","11":"pa_producttype-kapmontage","12":"pa_series-insta360-go","14":"first","15":"instock","16":"taxable","17":"shipping-taxable","18":"purchasable","19":"product-type-simple"},"acf":[],"yoast_head":"<!-- This site is optimized with the Yoast SEO Premium plugin v27.2 (Yoast SEO v27.2) - https:\/\/yoast.com\/product\/yoast-seo-premium-wordpress\/ -->\n<title>Insta360 Bike Headset Cap Mount - koningdrone.be<\/title>\n<meta name=\"robots\" content=\"index, follow, max-snippet:-1, max-image-preview:large, max-video-preview:-1\" \/>\n<link rel=\"canonical\" href=\"https:\/\/koningdrone.be\/fr\/produit\/insta360-bike-headset-cap-mount\/\" \/>\n<meta property=\"og:locale\" content=\"fr_FR\" \/>\n<meta property=\"og:type\" content=\"article\" \/>\n<meta property=\"og:title\" content=\"Insta360 Bike Headset Cap Mount\" \/>\n<meta property=\"og:description\" content=\"Gebruik met een 360\u00ba Insta360 actiecamera en de Action Invisible Selfie Stick voor onmogelijke derde-persoonshoeken.Deze houder is alleen compatibel met de Insta360 Action Invisible Selfie Stick.Gebruik met een Insta360 actiecamera met groothoek voor meeslepende eerste-persoon POV&#039;s.Wordt geleverd met alles wat je nodig hebt voor eenvoudige installatie thuis.Zit veilig op de balhoofdbuis van je fiets en vervangt alle standaard 28,6 mm (1-1\/8in) balhoofdkapjes.\" \/>\n<meta property=\"og:url\" content=\"https:\/\/koningdrone.be\/fr\/produit\/insta360-bike-headset-cap-mount\/\" \/>\n<meta property=\"og:site_name\" content=\"koningdrone.be\" \/>\n<meta property=\"article:modified_time\" content=\"2026-05-01T02:40:25+00:00\" \/>\n<meta property=\"og:image\" content=\"https:\/\/koningdrone.be\/wp-content\/uploads\/sites\/13\/2025\/04\/2673_171add51-c1e6-4d4b-88d4-72aa319ebebb.webp\" \/>\n\t<meta property=\"og:image:width\" content=\"1280\" \/>\n\t<meta property=\"og:image:height\" content=\"1280\" \/>\n\t<meta property=\"og:image:type\" content=\"image\/webp\" \/>\n<meta name=\"twitter:card\" content=\"summary_large_image\" \/>\n<script type=\"application\/ld+json\" class=\"yoast-schema-graph\">{\"@context\":\"https:\/\/schema.org\",\"@graph\":[{\"@type\":\"WebPage\",\"@id\":\"https:\/\/koningdrone.be\/product\/insta360-bike-headset-cap-mount\/\",\"url\":\"https:\/\/koningdrone.be\/product\/insta360-bike-headset-cap-mount\/\",\"name\":\"Insta360 Bike Headset Cap Mount - koningdrone.be\",\"isPartOf\":{\"@id\":\"https:\/\/koningdrone.be\/#website\"},\"primaryImageOfPage\":{\"@id\":\"https:\/\/koningdrone.be\/product\/insta360-bike-headset-cap-mount\/#primaryimage\"},\"image\":{\"@id\":\"https:\/\/koningdrone.be\/product\/insta360-bike-headset-cap-mount\/#primaryimage\"},\"thumbnailUrl\":\"https:\/\/koningdrone.be\/wp-content\/uploads\/sites\/13\/2025\/04\/2673_171add51-c1e6-4d4b-88d4-72aa319ebebb.webp\",\"datePublished\":\"2024-09-05T09:56:56+00:00\",\"dateModified\":\"2026-05-01T02:40:25+00:00\",\"breadcrumb\":{\"@id\":\"https:\/\/koningdrone.be\/product\/insta360-bike-headset-cap-mount\/#breadcrumb\"},\"inLanguage\":\"fr-BE\",\"potentialAction\":[{\"@type\":\"ReadAction\",\"target\":[\"https:\/\/koningdrone.be\/product\/insta360-bike-headset-cap-mount\/\"]}]},{\"@type\":\"ImageObject\",\"inLanguage\":\"fr-BE\",\"@id\":\"https:\/\/koningdrone.be\/product\/insta360-bike-headset-cap-mount\/#primaryimage\",\"url\":\"https:\/\/koningdrone.be\/wp-content\/uploads\/sites\/13\/2025\/04\/2673_171add51-c1e6-4d4b-88d4-72aa319ebebb.webp\",\"contentUrl\":\"https:\/\/koningdrone.be\/wp-content\/uploads\/sites\/13\/2025\/04\/2673_171add51-c1e6-4d4b-88d4-72aa319ebebb.webp\",\"width\":1280,\"height\":1280},{\"@type\":\"BreadcrumbList\",\"@id\":\"https:\/\/koningdrone.be\/product\/insta360-bike-headset-cap-mount\/#breadcrumb\",\"itemListElement\":[{\"@type\":\"ListItem\",\"position\":1,\"name\":\"Home\",\"item\":\"https:\/\/koningdrone.be\/\"},{\"@type\":\"ListItem\",\"position\":2,\"name\":\"AVSS Parachute Recovery System for DJI Matrice 300\/350\",\"item\":\"https:\/\/koningdrone.be\/product\/avss-parachute-recovery-system-for-dji-matrice-300-350\/\"},{\"@type\":\"ListItem\",\"position\":3,\"name\":\"Alle producten\",\"item\":\"https:\/\/koningdrone.be\/categorie\/alle-producten\/\"},{\"@type\":\"ListItem\",\"position\":4,\"name\":\"Insta360 Bike Headset Cap Mount\"}]},{\"@type\":\"WebSite\",\"@id\":\"https:\/\/koningdrone.be\/#website\",\"url\":\"https:\/\/koningdrone.be\/\",\"name\":\"Koningdrone.be - Uw online specialist in drones, gimbals, camera's en power stations.\",\"description\":\"De webshop in drones en gimbals\",\"publisher\":{\"@id\":\"https:\/\/koningdrone.be\/#organization\"},\"potentialAction\":[{\"@type\":\"SearchAction\",\"target\":{\"@type\":\"EntryPoint\",\"urlTemplate\":\"https:\/\/koningdrone.be\/?s={search_term_string}\"},\"query-input\":{\"@type\":\"PropertyValueSpecification\",\"valueRequired\":true,\"valueName\":\"search_term_string\"}}],\"inLanguage\":\"fr-BE\"},{\"@type\":\"Organization\",\"@id\":\"https:\/\/koningdrone.be\/#organization\",\"name\":\"Koningdrone.be\",\"url\":\"https:\/\/koningdrone.be\/\",\"logo\":{\"@type\":\"ImageObject\",\"inLanguage\":\"fr-BE\",\"@id\":\"https:\/\/koningdrone.be\/#\/schema\/logo\/image\/\",\"url\":\"https:\/\/koningdrone.be\/wp-content\/uploads\/sites\/13\/2025\/04\/koningdrone-copyright-logo.svg\",\"contentUrl\":\"https:\/\/koningdrone.be\/wp-content\/uploads\/sites\/13\/2025\/04\/koningdrone-copyright-logo.svg\",\"width\":227,\"height\":38,\"caption\":\"Koningdrone.be\"},\"image\":{\"@id\":\"https:\/\/koningdrone.be\/#\/schema\/logo\/image\/\"}}]}<\/script>\n<!-- \/ Yoast SEO Premium plugin. -->","yoast_head_json":{"title":"Insta360 Bike Headset Cap Mount - koningdrone.be","robots":{"index":"index","follow":"follow","max-snippet":"max-snippet:-1","max-image-preview":"max-image-preview:large","max-video-preview":"max-video-preview:-1"},"canonical":"https:\/\/koningdrone.be\/fr\/produit\/insta360-bike-headset-cap-mount\/","og_locale":"fr_FR","og_type":"article","og_title":"Insta360 Bike Headset Cap Mount","og_description":"Gebruik met een 360\u00ba Insta360 actiecamera en de Action Invisible Selfie Stick voor onmogelijke derde-persoonshoeken.Deze houder is alleen compatibel met de Insta360 Action Invisible Selfie Stick.Gebruik met een Insta360 actiecamera met groothoek voor meeslepende eerste-persoon POV's.Wordt geleverd met alles wat je nodig hebt voor eenvoudige installatie thuis.Zit veilig op de balhoofdbuis van je fiets en vervangt alle standaard 28,6 mm (1-1\/8in) balhoofdkapjes.","og_url":"https:\/\/koningdrone.be\/fr\/produit\/insta360-bike-headset-cap-mount\/","og_site_name":"koningdrone.be","article_modified_time":"2026-05-01T02:40:25+00:00","og_image":[{"width":1280,"height":1280,"url":"https:\/\/koningdrone.be\/wp-content\/uploads\/sites\/13\/2025\/04\/2673_171add51-c1e6-4d4b-88d4-72aa319ebebb.webp","type":"image\/webp"}],"twitter_card":"summary_large_image","schema":{"@context":"https:\/\/schema.org","@graph":[{"@type":"WebPage","@id":"https:\/\/koningdrone.be\/product\/insta360-bike-headset-cap-mount\/","url":"https:\/\/koningdrone.be\/product\/insta360-bike-headset-cap-mount\/","name":"Insta360 Bike Headset Cap Mount - koningdrone.be","isPartOf":{"@id":"https:\/\/koningdrone.be\/#website"},"primaryImageOfPage":{"@id":"https:\/\/koningdrone.be\/product\/insta360-bike-headset-cap-mount\/#primaryimage"},"image":{"@id":"https:\/\/koningdrone.be\/product\/insta360-bike-headset-cap-mount\/#primaryimage"},"thumbnailUrl":"https:\/\/koningdrone.be\/wp-content\/uploads\/sites\/13\/2025\/04\/2673_171add51-c1e6-4d4b-88d4-72aa319ebebb.webp","datePublished":"2024-09-05T09:56:56+00:00","dateModified":"2026-05-01T02:40:25+00:00","breadcrumb":{"@id":"https:\/\/koningdrone.be\/product\/insta360-bike-headset-cap-mount\/#breadcrumb"},"inLanguage":"fr-BE","potentialAction":[{"@type":"ReadAction","target":["https:\/\/koningdrone.be\/product\/insta360-bike-headset-cap-mount\/"]}]},{"@type":"ImageObject","inLanguage":"fr-BE","@id":"https:\/\/koningdrone.be\/product\/insta360-bike-headset-cap-mount\/#primaryimage","url":"https:\/\/koningdrone.be\/wp-content\/uploads\/sites\/13\/2025\/04\/2673_171add51-c1e6-4d4b-88d4-72aa319ebebb.webp","contentUrl":"https:\/\/koningdrone.be\/wp-content\/uploads\/sites\/13\/2025\/04\/2673_171add51-c1e6-4d4b-88d4-72aa319ebebb.webp","width":1280,"height":1280},{"@type":"BreadcrumbList","@id":"https:\/\/koningdrone.be\/product\/insta360-bike-headset-cap-mount\/#breadcrumb","itemListElement":[{"@type":"ListItem","position":1,"name":"Home","item":"https:\/\/koningdrone.be\/"},{"@type":"ListItem","position":2,"name":"AVSS Parachute Recovery System for DJI Matrice 300\/350","item":"https:\/\/koningdrone.be\/product\/avss-parachute-recovery-system-for-dji-matrice-300-350\/"},{"@type":"ListItem","position":3,"name":"Alle producten","item":"https:\/\/koningdrone.be\/categorie\/alle-producten\/"},{"@type":"ListItem","position":4,"name":"Insta360 Bike Headset Cap Mount"}]},{"@type":"WebSite","@id":"https:\/\/koningdrone.be\/#website","url":"https:\/\/koningdrone.be\/","name":"Koningdrone.be - Votre sp\u00e9cialiste en ligne en mati\u00e8re de drones, de cardans, de cam\u00e9ras et de centrales \u00e9lectriques.","description":"La boutique en ligne de drones et de cardans","publisher":{"@id":"https:\/\/koningdrone.be\/#organization"},"potentialAction":[{"@type":"SearchAction","target":{"@type":"EntryPoint","urlTemplate":"https:\/\/koningdrone.be\/?s={search_term_string}"},"query-input":{"@type":"PropertyValueSpecification","valueRequired":true,"valueName":"search_term_string"}}],"inLanguage":"fr-BE"},{"@type":"Organization","@id":"https:\/\/koningdrone.be\/#organization","name":"Kingdrone.co.uk","url":"https:\/\/koningdrone.be\/","logo":{"@type":"ImageObject","inLanguage":"fr-BE","@id":"https:\/\/koningdrone.be\/#\/schema\/logo\/image\/","url":"https:\/\/koningdrone.be\/wp-content\/uploads\/sites\/13\/2025\/04\/koningdrone-copyright-logo.svg","contentUrl":"https:\/\/koningdrone.be\/wp-content\/uploads\/sites\/13\/2025\/04\/koningdrone-copyright-logo.svg","width":227,"height":38,"caption":"Koningdrone.be"},"image":{"@id":"https:\/\/koningdrone.be\/#\/schema\/logo\/image\/"}}]}},"df_price":51,"df_sale_price":"","df_regular_price":51,"df_image_link":"https:\/\/koningdrone.be\/wp-content\/uploads\/sites\/13\/2025\/04\/2673_171add51-c1e6-4d4b-88d4-72aa319ebebb-300x300.webp","_links":{"self":[{"href":"https:\/\/koningdrone.be\/fr\/wp-json\/wp\/v2\/product\/2891","targetHints":{"allow":["GET"]}}],"collection":[{"href":"https:\/\/koningdrone.be\/fr\/wp-json\/wp\/v2\/product"}],"about":[{"href":"https:\/\/koningdrone.be\/fr\/wp-json\/wp\/v2\/types\/product"}],"wp:featuredmedia":[{"embeddable":true,"href":"https:\/\/koningdrone.be\/fr\/wp-json\/wp\/v2\/media\/2884"}],"wp:attachment":[{"href":"https:\/\/koningdrone.be\/fr\/wp-json\/wp\/v2\/media?parent=2891"}],"wp:term":[{"taxonomy":"product_brand","embeddable":true,"href":"https:\/\/koningdrone.be\/fr\/wp-json\/wp\/v2\/product_brand?post=2891"},{"taxonomy":"product_cat","embeddable":true,"href":"https:\/\/koningdrone.be\/fr\/wp-json\/wp\/v2\/product_cat?post=2891"},{"taxonomy":"product_tag","embeddable":true,"href":"https:\/\/koningdrone.be\/fr\/wp-json\/wp\/v2\/product_tag?post=2891"}],"curies":[{"name":"wp","href":"https:\/\/api.w.org\/{rel}","templated":true}]}}