{"id":2860,"date":"2024-09-05T11:57:24","date_gmt":"2024-09-05T09:57:24","guid":{"rendered":"https:\/\/koningdrone.nl\/kon\/product\/insta360-go-3-go-3s-quick-reader\/"},"modified":"2026-05-01T04:40:17","modified_gmt":"2026-05-01T02:40:17","slug":"insta360-go-3-go-3s-quick-reader","status":"publish","type":"product","link":"https:\/\/koningdrone.be\/fr\/produit\/insta360-go-3-go-3s-quick-reader\/","title":{"rendered":"Lecteur rapide Insta360 Go 3\/Go 3S"},"content":{"rendered":"<p>Le lecteur rapide Insta360 GO 3S est un accessoire compact con\u00e7u pour transf\u00e9rer rapidement les fichiers de la cam\u00e9ra Insta360 GO 3S vers votre ordinateur ou d'autres appareils. Il simplifie le processus de transfert de donn\u00e9es, vous permettant d'acc\u00e9der \u00e0 vos photos et de les g\u00e9rer plus rapidement et plus efficacement.<\/p>","protected":false},"excerpt":{"rendered":"<ul>\n<li>Transf\u00e9rez rapidement vos fichiers vers une carte SD externe, \u00e0 tout moment et en tout lieu, sans Wi-Fi.<\/li>\n<li>Connexion directe \u00e0 votre smartphone pour une \u00e9dition plus rapide.<\/li>\n<li>Placez l'appareil photo dans le lecteur rapide pour pouvoir le recharger \u00e0 l'aide d'un c\u00e2ble. Plus besoin de transporter l'Action Pod partout.<\/li>\n<li>Compatible avec les interfaces Type-C et Lightning.<\/li>\n<li>Note : Lors de l'utilisation du lecteur rapide, il est recommand\u00e9 de positionner l'objectif de l'appareil photo vers le haut afin d'assurer une connexion stable entre l'appareil photo et le lecteur rapide.<\/li>\n<li>Pour \u00e9conomiser de l'\u00e9nergie, il est recommand\u00e9 d'utiliser cet accessoire avec une banque d'alimentation\/batterie comme premier choix lors du transfert de s\u00e9quences. La connexion de l'Action Pod peut \u00eatre utilis\u00e9e pour transf\u00e9rer des fichiers plus petits ou pour une utilisation temporaire afin de lib\u00e9rer de l'espace dans la cam\u00e9ra.<\/li>\n<li>Pour une utilisation avec le GO 3, mettez \u00e0 jour le micrologiciel avec la version 1.3.11.<\/li>\n<\/ul>","protected":false},"featured_media":2853,"template":"","meta":{"_acf_changed":false},"product_brand":[],"product_cat":[97,343],"product_tag":[],"class_list":{"0":"post-2860","1":"product","2":"type-product","3":"status-publish","4":"has-post-thumbnail","6":"product_cat-alle-producten","7":"product_cat-insta360","8":"product_shipping_class-europafotoall","9":"pa_brand-insta360","10":"pa_productfamily-snelle-lezer","11":"pa_producttype-snelle-lezer","12":"pa_series-insta360-go","14":"first","15":"instock","16":"taxable","17":"shipping-taxable","18":"purchasable","19":"product-type-simple"},"acf":[],"yoast_head":"<!-- This site is optimized with the Yoast SEO Premium plugin v27.2 (Yoast SEO v27.2) - https:\/\/yoast.com\/product\/yoast-seo-premium-wordpress\/ -->\n<title>Insta360 Go 3\/Go 3S Quick Reader - koningdrone.be<\/title>\n<meta name=\"robots\" content=\"index, follow, max-snippet:-1, max-image-preview:large, max-video-preview:-1\" \/>\n<link rel=\"canonical\" href=\"https:\/\/koningdrone.be\/fr\/produit\/insta360-go-3-go-3s-quick-reader\/\" \/>\n<meta property=\"og:locale\" content=\"fr_FR\" \/>\n<meta property=\"og:type\" content=\"article\" \/>\n<meta property=\"og:title\" content=\"Insta360 Go 3\/Go 3S Quick Reader\" \/>\n<meta property=\"og:description\" content=\"Zet je bestanden snel over naar een externe SD-kaart, altijd en overal, zonder Wi-Fi.Directe verbinding met je smartphone voor snellere bewerking.Dock de camera in de Quick Reader om opladen via een kabel mogelijk te maken. U hoeft de Action Pod niet overal mee naartoe te nemen.Compatibel met zowel Type-C als Lightning interfaces.Opmerking: Wanneer u de Quick Reader gebruikt, is het aanbevolen om de cameralens naar boven te plaatsen voor een stabiele verbinding tussen de camera en de Quick Reader.Om stroom te besparen, wordt aanbevolen om dit accessoire te gebruiken met een voeding\/batterijbank als eerste keuze bij het overzetten van beeldmateriaal. Het aansluiten van de Action Pod kan worden gebruikt om kleinere bestanden over te zetten of voor tijdelijk gebruik om ruimte vrij te maken in de camera.Voor gebruik met GO 3 moet u de firmware upgraden naar v1.3.11.\" \/>\n<meta property=\"og:url\" content=\"https:\/\/koningdrone.be\/fr\/produit\/insta360-go-3-go-3s-quick-reader\/\" \/>\n<meta property=\"og:site_name\" content=\"koningdrone.be\" \/>\n<meta property=\"article:modified_time\" content=\"2026-05-01T02:40:17+00:00\" \/>\n<meta property=\"og:image\" content=\"https:\/\/koningdrone.be\/wp-content\/uploads\/sites\/13\/2025\/04\/731_6d3c0115-05f5-424e-ae1e-c0405a72649b.webp\" \/>\n\t<meta property=\"og:image:width\" content=\"1280\" \/>\n\t<meta property=\"og:image:height\" content=\"1280\" \/>\n\t<meta property=\"og:image:type\" content=\"image\/webp\" \/>\n<meta name=\"twitter:card\" content=\"summary_large_image\" \/>\n<script type=\"application\/ld+json\" class=\"yoast-schema-graph\">{\"@context\":\"https:\/\/schema.org\",\"@graph\":[{\"@type\":\"WebPage\",\"@id\":\"https:\/\/koningdrone.be\/product\/insta360-go-3-go-3s-quick-reader\/\",\"url\":\"https:\/\/koningdrone.be\/product\/insta360-go-3-go-3s-quick-reader\/\",\"name\":\"Insta360 Go 3\/Go 3S Quick Reader - koningdrone.be\",\"isPartOf\":{\"@id\":\"https:\/\/koningdrone.be\/#website\"},\"primaryImageOfPage\":{\"@id\":\"https:\/\/koningdrone.be\/product\/insta360-go-3-go-3s-quick-reader\/#primaryimage\"},\"image\":{\"@id\":\"https:\/\/koningdrone.be\/product\/insta360-go-3-go-3s-quick-reader\/#primaryimage\"},\"thumbnailUrl\":\"https:\/\/koningdrone.be\/wp-content\/uploads\/sites\/13\/2025\/04\/731_6d3c0115-05f5-424e-ae1e-c0405a72649b.webp\",\"datePublished\":\"2024-09-05T09:57:24+00:00\",\"dateModified\":\"2026-05-01T02:40:17+00:00\",\"breadcrumb\":{\"@id\":\"https:\/\/koningdrone.be\/product\/insta360-go-3-go-3s-quick-reader\/#breadcrumb\"},\"inLanguage\":\"fr-BE\",\"potentialAction\":[{\"@type\":\"ReadAction\",\"target\":[\"https:\/\/koningdrone.be\/product\/insta360-go-3-go-3s-quick-reader\/\"]}]},{\"@type\":\"ImageObject\",\"inLanguage\":\"fr-BE\",\"@id\":\"https:\/\/koningdrone.be\/product\/insta360-go-3-go-3s-quick-reader\/#primaryimage\",\"url\":\"https:\/\/koningdrone.be\/wp-content\/uploads\/sites\/13\/2025\/04\/731_6d3c0115-05f5-424e-ae1e-c0405a72649b.webp\",\"contentUrl\":\"https:\/\/koningdrone.be\/wp-content\/uploads\/sites\/13\/2025\/04\/731_6d3c0115-05f5-424e-ae1e-c0405a72649b.webp\",\"width\":1280,\"height\":1280},{\"@type\":\"BreadcrumbList\",\"@id\":\"https:\/\/koningdrone.be\/product\/insta360-go-3-go-3s-quick-reader\/#breadcrumb\",\"itemListElement\":[{\"@type\":\"ListItem\",\"position\":1,\"name\":\"Home\",\"item\":\"https:\/\/koningdrone.be\/\"},{\"@type\":\"ListItem\",\"position\":2,\"name\":\"AVSS Parachute Recovery System for DJI Matrice 300\/350\",\"item\":\"https:\/\/koningdrone.be\/product\/avss-parachute-recovery-system-for-dji-matrice-300-350\/\"},{\"@type\":\"ListItem\",\"position\":3,\"name\":\"Alle producten\",\"item\":\"https:\/\/koningdrone.be\/categorie\/alle-producten\/\"},{\"@type\":\"ListItem\",\"position\":4,\"name\":\"Insta360 Go 3\/Go 3S Quick Reader\"}]},{\"@type\":\"WebSite\",\"@id\":\"https:\/\/koningdrone.be\/#website\",\"url\":\"https:\/\/koningdrone.be\/\",\"name\":\"Koningdrone.be - Uw online specialist in drones, gimbals, camera's en power stations.\",\"description\":\"De webshop in drones en gimbals\",\"publisher\":{\"@id\":\"https:\/\/koningdrone.be\/#organization\"},\"potentialAction\":[{\"@type\":\"SearchAction\",\"target\":{\"@type\":\"EntryPoint\",\"urlTemplate\":\"https:\/\/koningdrone.be\/?s={search_term_string}\"},\"query-input\":{\"@type\":\"PropertyValueSpecification\",\"valueRequired\":true,\"valueName\":\"search_term_string\"}}],\"inLanguage\":\"fr-BE\"},{\"@type\":\"Organization\",\"@id\":\"https:\/\/koningdrone.be\/#organization\",\"name\":\"Koningdrone.be\",\"url\":\"https:\/\/koningdrone.be\/\",\"logo\":{\"@type\":\"ImageObject\",\"inLanguage\":\"fr-BE\",\"@id\":\"https:\/\/koningdrone.be\/#\/schema\/logo\/image\/\",\"url\":\"https:\/\/koningdrone.be\/wp-content\/uploads\/sites\/13\/2025\/04\/koningdrone-copyright-logo.svg\",\"contentUrl\":\"https:\/\/koningdrone.be\/wp-content\/uploads\/sites\/13\/2025\/04\/koningdrone-copyright-logo.svg\",\"width\":227,\"height\":38,\"caption\":\"Koningdrone.be\"},\"image\":{\"@id\":\"https:\/\/koningdrone.be\/#\/schema\/logo\/image\/\"}}]}<\/script>\n<!-- \/ Yoast SEO Premium plugin. -->","yoast_head_json":{"title":"Insta360 Go 3\/Go 3S Quick Reader - koningdrone.be","robots":{"index":"index","follow":"follow","max-snippet":"max-snippet:-1","max-image-preview":"max-image-preview:large","max-video-preview":"max-video-preview:-1"},"canonical":"https:\/\/koningdrone.be\/fr\/produit\/insta360-go-3-go-3s-quick-reader\/","og_locale":"fr_FR","og_type":"article","og_title":"Insta360 Go 3\/Go 3S Quick Reader","og_description":"Zet je bestanden snel over naar een externe SD-kaart, altijd en overal, zonder Wi-Fi.Directe verbinding met je smartphone voor snellere bewerking.Dock de camera in de Quick Reader om opladen via een kabel mogelijk te maken. U hoeft de Action Pod niet overal mee naartoe te nemen.Compatibel met zowel Type-C als Lightning interfaces.Opmerking: Wanneer u de Quick Reader gebruikt, is het aanbevolen om de cameralens naar boven te plaatsen voor een stabiele verbinding tussen de camera en de Quick Reader.Om stroom te besparen, wordt aanbevolen om dit accessoire te gebruiken met een voeding\/batterijbank als eerste keuze bij het overzetten van beeldmateriaal. Het aansluiten van de Action Pod kan worden gebruikt om kleinere bestanden over te zetten of voor tijdelijk gebruik om ruimte vrij te maken in de camera.Voor gebruik met GO 3 moet u de firmware upgraden naar v1.3.11.","og_url":"https:\/\/koningdrone.be\/fr\/produit\/insta360-go-3-go-3s-quick-reader\/","og_site_name":"koningdrone.be","article_modified_time":"2026-05-01T02:40:17+00:00","og_image":[{"width":1280,"height":1280,"url":"https:\/\/koningdrone.be\/wp-content\/uploads\/sites\/13\/2025\/04\/731_6d3c0115-05f5-424e-ae1e-c0405a72649b.webp","type":"image\/webp"}],"twitter_card":"summary_large_image","schema":{"@context":"https:\/\/schema.org","@graph":[{"@type":"WebPage","@id":"https:\/\/koningdrone.be\/product\/insta360-go-3-go-3s-quick-reader\/","url":"https:\/\/koningdrone.be\/product\/insta360-go-3-go-3s-quick-reader\/","name":"Insta360 Go 3\/Go 3S Quick Reader - koningdrone.be","isPartOf":{"@id":"https:\/\/koningdrone.be\/#website"},"primaryImageOfPage":{"@id":"https:\/\/koningdrone.be\/product\/insta360-go-3-go-3s-quick-reader\/#primaryimage"},"image":{"@id":"https:\/\/koningdrone.be\/product\/insta360-go-3-go-3s-quick-reader\/#primaryimage"},"thumbnailUrl":"https:\/\/koningdrone.be\/wp-content\/uploads\/sites\/13\/2025\/04\/731_6d3c0115-05f5-424e-ae1e-c0405a72649b.webp","datePublished":"2024-09-05T09:57:24+00:00","dateModified":"2026-05-01T02:40:17+00:00","breadcrumb":{"@id":"https:\/\/koningdrone.be\/product\/insta360-go-3-go-3s-quick-reader\/#breadcrumb"},"inLanguage":"fr-BE","potentialAction":[{"@type":"ReadAction","target":["https:\/\/koningdrone.be\/product\/insta360-go-3-go-3s-quick-reader\/"]}]},{"@type":"ImageObject","inLanguage":"fr-BE","@id":"https:\/\/koningdrone.be\/product\/insta360-go-3-go-3s-quick-reader\/#primaryimage","url":"https:\/\/koningdrone.be\/wp-content\/uploads\/sites\/13\/2025\/04\/731_6d3c0115-05f5-424e-ae1e-c0405a72649b.webp","contentUrl":"https:\/\/koningdrone.be\/wp-content\/uploads\/sites\/13\/2025\/04\/731_6d3c0115-05f5-424e-ae1e-c0405a72649b.webp","width":1280,"height":1280},{"@type":"BreadcrumbList","@id":"https:\/\/koningdrone.be\/product\/insta360-go-3-go-3s-quick-reader\/#breadcrumb","itemListElement":[{"@type":"ListItem","position":1,"name":"Home","item":"https:\/\/koningdrone.be\/"},{"@type":"ListItem","position":2,"name":"AVSS Parachute Recovery System for DJI Matrice 300\/350","item":"https:\/\/koningdrone.be\/product\/avss-parachute-recovery-system-for-dji-matrice-300-350\/"},{"@type":"ListItem","position":3,"name":"Alle producten","item":"https:\/\/koningdrone.be\/categorie\/alle-producten\/"},{"@type":"ListItem","position":4,"name":"Insta360 Go 3\/Go 3S Quick Reader"}]},{"@type":"WebSite","@id":"https:\/\/koningdrone.be\/#website","url":"https:\/\/koningdrone.be\/","name":"Koningdrone.be - Votre sp\u00e9cialiste en ligne en mati\u00e8re de drones, de cardans, de cam\u00e9ras et de centrales \u00e9lectriques.","description":"La boutique en ligne de drones et de cardans","publisher":{"@id":"https:\/\/koningdrone.be\/#organization"},"potentialAction":[{"@type":"SearchAction","target":{"@type":"EntryPoint","urlTemplate":"https:\/\/koningdrone.be\/?s={search_term_string}"},"query-input":{"@type":"PropertyValueSpecification","valueRequired":true,"valueName":"search_term_string"}}],"inLanguage":"fr-BE"},{"@type":"Organization","@id":"https:\/\/koningdrone.be\/#organization","name":"Kingdrone.co.uk","url":"https:\/\/koningdrone.be\/","logo":{"@type":"ImageObject","inLanguage":"fr-BE","@id":"https:\/\/koningdrone.be\/#\/schema\/logo\/image\/","url":"https:\/\/koningdrone.be\/wp-content\/uploads\/sites\/13\/2025\/04\/koningdrone-copyright-logo.svg","contentUrl":"https:\/\/koningdrone.be\/wp-content\/uploads\/sites\/13\/2025\/04\/koningdrone-copyright-logo.svg","width":227,"height":38,"caption":"Koningdrone.be"},"image":{"@id":"https:\/\/koningdrone.be\/#\/schema\/logo\/image\/"}}]}},"df_price":57,"df_sale_price":"","df_regular_price":57,"df_image_link":"https:\/\/koningdrone.be\/wp-content\/uploads\/sites\/13\/2025\/04\/731_6d3c0115-05f5-424e-ae1e-c0405a72649b-300x300.webp","_links":{"self":[{"href":"https:\/\/koningdrone.be\/fr\/wp-json\/wp\/v2\/product\/2860","targetHints":{"allow":["GET"]}}],"collection":[{"href":"https:\/\/koningdrone.be\/fr\/wp-json\/wp\/v2\/product"}],"about":[{"href":"https:\/\/koningdrone.be\/fr\/wp-json\/wp\/v2\/types\/product"}],"wp:featuredmedia":[{"embeddable":true,"href":"https:\/\/koningdrone.be\/fr\/wp-json\/wp\/v2\/media\/2853"}],"wp:attachment":[{"href":"https:\/\/koningdrone.be\/fr\/wp-json\/wp\/v2\/media?parent=2860"}],"wp:term":[{"taxonomy":"product_brand","embeddable":true,"href":"https:\/\/koningdrone.be\/fr\/wp-json\/wp\/v2\/product_brand?post=2860"},{"taxonomy":"product_cat","embeddable":true,"href":"https:\/\/koningdrone.be\/fr\/wp-json\/wp\/v2\/product_cat?post=2860"},{"taxonomy":"product_tag","embeddable":true,"href":"https:\/\/koningdrone.be\/fr\/wp-json\/wp\/v2\/product_tag?post=2860"}],"curies":[{"name":"wp","href":"https:\/\/api.w.org\/{rel}","templated":true}]}}