{"id":2852,"date":"2024-09-05T11:57:24","date_gmt":"2024-09-05T09:57:24","guid":{"rendered":"https:\/\/koningdrone.nl\/kon\/product\/insta360-go-3s-nd-filter-set\/"},"modified":"2026-05-01T04:40:33","modified_gmt":"2026-05-01T02:40:33","slug":"insta360-go-3s-nd-filter-set","status":"publish","type":"product","link":"https:\/\/koningdrone.be\/fr\/produit\/insta360-go-3s-nd-filter-set\/","title":{"rendered":"Set de filtres ND Insta360 Go 3S"},"content":{"rendered":"<p>Le jeu de filtres ND Insta360 GO 3S est con\u00e7u pour am\u00e9liorer vos prises de vue en r\u00e9duisant l'exposition \u00e0 la lumi\u00e8re, ce qui vous permet de vous d\u00e9placer avec plus de fluidit\u00e9 et d'am\u00e9liorer la qualit\u00e9 de la vid\u00e9o. Le kit comprend plusieurs filtres ND pour diff\u00e9rentes conditions d'\u00e9clairage, afin que vous puissiez obtenir la photo parfaite en contr\u00f4lant la vitesse d'obturation et en \u00e9vitant la surexposition.<\/p>","protected":false},"excerpt":{"rendered":"<ul>\n<li>Cr\u00e9ez facilement des ambiances cin\u00e9matographiques et des effets de flou de mouvement.<\/li>\n<li>Comprend des filtres ND8, ND16, ND32 et ND64 pour diff\u00e9rents niveaux de r\u00e9duction de la lumi\u00e8re.<\/li>\n<li>Prenez la photo parfaite dans diff\u00e9rentes conditions d'\u00e9clairage.<\/li>\n<li>Prenez des photos en pose longue avec des effets uniques tels que des tra\u00een\u00e9es de lumi\u00e8re urbaines stri\u00e9es et de magnifiques tra\u00een\u00e9es d'\u00e9toiles.<\/li>\n<\/ul>","protected":false},"featured_media":2848,"template":"","meta":{"_acf_changed":false},"product_brand":[],"product_cat":[97,343],"product_tag":[],"class_list":{"0":"post-2852","1":"product","2":"type-product","3":"status-publish","4":"has-post-thumbnail","6":"product_cat-alle-producten","7":"product_cat-insta360","8":"product_shipping_class-europafotoall","9":"pa_brand-insta360","10":"pa_productfamily-filterset","11":"pa_producttype-filterset","12":"pa_series-insta360-go","14":"first","15":"instock","16":"taxable","17":"shipping-taxable","18":"purchasable","19":"product-type-simple"},"acf":[],"yoast_head":"<!-- This site is optimized with the Yoast SEO Premium plugin v27.2 (Yoast SEO v27.2) - https:\/\/yoast.com\/product\/yoast-seo-premium-wordpress\/ -->\n<title>Insta360 Go 3S ND Filter Set - koningdrone.be<\/title>\n<meta name=\"robots\" content=\"index, follow, max-snippet:-1, max-image-preview:large, max-video-preview:-1\" \/>\n<link rel=\"canonical\" href=\"https:\/\/koningdrone.be\/fr\/produit\/insta360-go-3s-nd-filter-set\/\" \/>\n<meta property=\"og:locale\" content=\"fr_FR\" \/>\n<meta property=\"og:type\" content=\"article\" \/>\n<meta property=\"og:title\" content=\"Insta360 Go 3S ND Filter Set\" \/>\n<meta property=\"og:description\" content=\"Cre\u00eber eenvoudig een filmische sfeer en bewegingsonscherpte-effecten.Inclusief ND8-, ND16-, ND32- en ND64-filters voor verschillende niveaus van lichtreductie.Maak de perfecte opname in verschillende lichtomstandigheden.Maak opnamen met lange belichting en unieke effecten zoals streperige stedelijke lichtsporen en prachtige sterrensporen.\" \/>\n<meta property=\"og:url\" content=\"https:\/\/koningdrone.be\/fr\/produit\/insta360-go-3s-nd-filter-set\/\" \/>\n<meta property=\"og:site_name\" content=\"koningdrone.be\" \/>\n<meta property=\"article:modified_time\" content=\"2026-05-01T02:40:33+00:00\" \/>\n<meta property=\"og:image\" content=\"https:\/\/koningdrone.be\/wp-content\/uploads\/sites\/13\/2025\/04\/731_f2d60e19-9f93-43cc-a5c3-7b38df033a34.webp\" \/>\n\t<meta property=\"og:image:width\" content=\"1280\" \/>\n\t<meta property=\"og:image:height\" content=\"1280\" \/>\n\t<meta property=\"og:image:type\" content=\"image\/webp\" \/>\n<meta name=\"twitter:card\" content=\"summary_large_image\" \/>\n<script type=\"application\/ld+json\" class=\"yoast-schema-graph\">{\"@context\":\"https:\/\/schema.org\",\"@graph\":[{\"@type\":\"WebPage\",\"@id\":\"https:\/\/koningdrone.be\/product\/insta360-go-3s-nd-filter-set\/\",\"url\":\"https:\/\/koningdrone.be\/product\/insta360-go-3s-nd-filter-set\/\",\"name\":\"Insta360 Go 3S ND Filter Set - koningdrone.be\",\"isPartOf\":{\"@id\":\"https:\/\/koningdrone.be\/#website\"},\"primaryImageOfPage\":{\"@id\":\"https:\/\/koningdrone.be\/product\/insta360-go-3s-nd-filter-set\/#primaryimage\"},\"image\":{\"@id\":\"https:\/\/koningdrone.be\/product\/insta360-go-3s-nd-filter-set\/#primaryimage\"},\"thumbnailUrl\":\"https:\/\/koningdrone.be\/wp-content\/uploads\/sites\/13\/2025\/04\/731_f2d60e19-9f93-43cc-a5c3-7b38df033a34.webp\",\"datePublished\":\"2024-09-05T09:57:24+00:00\",\"dateModified\":\"2026-05-01T02:40:33+00:00\",\"breadcrumb\":{\"@id\":\"https:\/\/koningdrone.be\/product\/insta360-go-3s-nd-filter-set\/#breadcrumb\"},\"inLanguage\":\"fr-BE\",\"potentialAction\":[{\"@type\":\"ReadAction\",\"target\":[\"https:\/\/koningdrone.be\/product\/insta360-go-3s-nd-filter-set\/\"]}]},{\"@type\":\"ImageObject\",\"inLanguage\":\"fr-BE\",\"@id\":\"https:\/\/koningdrone.be\/product\/insta360-go-3s-nd-filter-set\/#primaryimage\",\"url\":\"https:\/\/koningdrone.be\/wp-content\/uploads\/sites\/13\/2025\/04\/731_f2d60e19-9f93-43cc-a5c3-7b38df033a34.webp\",\"contentUrl\":\"https:\/\/koningdrone.be\/wp-content\/uploads\/sites\/13\/2025\/04\/731_f2d60e19-9f93-43cc-a5c3-7b38df033a34.webp\",\"width\":1280,\"height\":1280},{\"@type\":\"BreadcrumbList\",\"@id\":\"https:\/\/koningdrone.be\/product\/insta360-go-3s-nd-filter-set\/#breadcrumb\",\"itemListElement\":[{\"@type\":\"ListItem\",\"position\":1,\"name\":\"Home\",\"item\":\"https:\/\/koningdrone.be\/\"},{\"@type\":\"ListItem\",\"position\":2,\"name\":\"AVSS Parachute Recovery System for DJI Matrice 300\/350\",\"item\":\"https:\/\/koningdrone.be\/product\/avss-parachute-recovery-system-for-dji-matrice-300-350\/\"},{\"@type\":\"ListItem\",\"position\":3,\"name\":\"Alle producten\",\"item\":\"https:\/\/koningdrone.be\/categorie\/alle-producten\/\"},{\"@type\":\"ListItem\",\"position\":4,\"name\":\"Insta360 Go 3S ND Filter Set\"}]},{\"@type\":\"WebSite\",\"@id\":\"https:\/\/koningdrone.be\/#website\",\"url\":\"https:\/\/koningdrone.be\/\",\"name\":\"Koningdrone.be - Uw online specialist in drones, gimbals, camera's en power stations.\",\"description\":\"De webshop in drones en gimbals\",\"publisher\":{\"@id\":\"https:\/\/koningdrone.be\/#organization\"},\"potentialAction\":[{\"@type\":\"SearchAction\",\"target\":{\"@type\":\"EntryPoint\",\"urlTemplate\":\"https:\/\/koningdrone.be\/?s={search_term_string}\"},\"query-input\":{\"@type\":\"PropertyValueSpecification\",\"valueRequired\":true,\"valueName\":\"search_term_string\"}}],\"inLanguage\":\"fr-BE\"},{\"@type\":\"Organization\",\"@id\":\"https:\/\/koningdrone.be\/#organization\",\"name\":\"Koningdrone.be\",\"url\":\"https:\/\/koningdrone.be\/\",\"logo\":{\"@type\":\"ImageObject\",\"inLanguage\":\"fr-BE\",\"@id\":\"https:\/\/koningdrone.be\/#\/schema\/logo\/image\/\",\"url\":\"https:\/\/koningdrone.be\/wp-content\/uploads\/sites\/13\/2025\/04\/koningdrone-copyright-logo.svg\",\"contentUrl\":\"https:\/\/koningdrone.be\/wp-content\/uploads\/sites\/13\/2025\/04\/koningdrone-copyright-logo.svg\",\"width\":227,\"height\":38,\"caption\":\"Koningdrone.be\"},\"image\":{\"@id\":\"https:\/\/koningdrone.be\/#\/schema\/logo\/image\/\"}}]}<\/script>\n<!-- \/ Yoast SEO Premium plugin. -->","yoast_head_json":{"title":"Insta360 Go 3S ND Filter Set - koningdrone.be","robots":{"index":"index","follow":"follow","max-snippet":"max-snippet:-1","max-image-preview":"max-image-preview:large","max-video-preview":"max-video-preview:-1"},"canonical":"https:\/\/koningdrone.be\/fr\/produit\/insta360-go-3s-nd-filter-set\/","og_locale":"fr_FR","og_type":"article","og_title":"Insta360 Go 3S ND Filter Set","og_description":"Cre\u00eber eenvoudig een filmische sfeer en bewegingsonscherpte-effecten.Inclusief ND8-, ND16-, ND32- en ND64-filters voor verschillende niveaus van lichtreductie.Maak de perfecte opname in verschillende lichtomstandigheden.Maak opnamen met lange belichting en unieke effecten zoals streperige stedelijke lichtsporen en prachtige sterrensporen.","og_url":"https:\/\/koningdrone.be\/fr\/produit\/insta360-go-3s-nd-filter-set\/","og_site_name":"koningdrone.be","article_modified_time":"2026-05-01T02:40:33+00:00","og_image":[{"width":1280,"height":1280,"url":"https:\/\/koningdrone.be\/wp-content\/uploads\/sites\/13\/2025\/04\/731_f2d60e19-9f93-43cc-a5c3-7b38df033a34.webp","type":"image\/webp"}],"twitter_card":"summary_large_image","schema":{"@context":"https:\/\/schema.org","@graph":[{"@type":"WebPage","@id":"https:\/\/koningdrone.be\/product\/insta360-go-3s-nd-filter-set\/","url":"https:\/\/koningdrone.be\/product\/insta360-go-3s-nd-filter-set\/","name":"Insta360 Go 3S ND Filter Set - koningdrone.be","isPartOf":{"@id":"https:\/\/koningdrone.be\/#website"},"primaryImageOfPage":{"@id":"https:\/\/koningdrone.be\/product\/insta360-go-3s-nd-filter-set\/#primaryimage"},"image":{"@id":"https:\/\/koningdrone.be\/product\/insta360-go-3s-nd-filter-set\/#primaryimage"},"thumbnailUrl":"https:\/\/koningdrone.be\/wp-content\/uploads\/sites\/13\/2025\/04\/731_f2d60e19-9f93-43cc-a5c3-7b38df033a34.webp","datePublished":"2024-09-05T09:57:24+00:00","dateModified":"2026-05-01T02:40:33+00:00","breadcrumb":{"@id":"https:\/\/koningdrone.be\/product\/insta360-go-3s-nd-filter-set\/#breadcrumb"},"inLanguage":"fr-BE","potentialAction":[{"@type":"ReadAction","target":["https:\/\/koningdrone.be\/product\/insta360-go-3s-nd-filter-set\/"]}]},{"@type":"ImageObject","inLanguage":"fr-BE","@id":"https:\/\/koningdrone.be\/product\/insta360-go-3s-nd-filter-set\/#primaryimage","url":"https:\/\/koningdrone.be\/wp-content\/uploads\/sites\/13\/2025\/04\/731_f2d60e19-9f93-43cc-a5c3-7b38df033a34.webp","contentUrl":"https:\/\/koningdrone.be\/wp-content\/uploads\/sites\/13\/2025\/04\/731_f2d60e19-9f93-43cc-a5c3-7b38df033a34.webp","width":1280,"height":1280},{"@type":"BreadcrumbList","@id":"https:\/\/koningdrone.be\/product\/insta360-go-3s-nd-filter-set\/#breadcrumb","itemListElement":[{"@type":"ListItem","position":1,"name":"Home","item":"https:\/\/koningdrone.be\/"},{"@type":"ListItem","position":2,"name":"AVSS Parachute Recovery System for DJI Matrice 300\/350","item":"https:\/\/koningdrone.be\/product\/avss-parachute-recovery-system-for-dji-matrice-300-350\/"},{"@type":"ListItem","position":3,"name":"Alle producten","item":"https:\/\/koningdrone.be\/categorie\/alle-producten\/"},{"@type":"ListItem","position":4,"name":"Insta360 Go 3S ND Filter Set"}]},{"@type":"WebSite","@id":"https:\/\/koningdrone.be\/#website","url":"https:\/\/koningdrone.be\/","name":"Koningdrone.be - Votre sp\u00e9cialiste en ligne en mati\u00e8re de drones, de cardans, de cam\u00e9ras et de centrales \u00e9lectriques.","description":"La boutique en ligne de drones et de cardans","publisher":{"@id":"https:\/\/koningdrone.be\/#organization"},"potentialAction":[{"@type":"SearchAction","target":{"@type":"EntryPoint","urlTemplate":"https:\/\/koningdrone.be\/?s={search_term_string}"},"query-input":{"@type":"PropertyValueSpecification","valueRequired":true,"valueName":"search_term_string"}}],"inLanguage":"fr-BE"},{"@type":"Organization","@id":"https:\/\/koningdrone.be\/#organization","name":"Kingdrone.co.uk","url":"https:\/\/koningdrone.be\/","logo":{"@type":"ImageObject","inLanguage":"fr-BE","@id":"https:\/\/koningdrone.be\/#\/schema\/logo\/image\/","url":"https:\/\/koningdrone.be\/wp-content\/uploads\/sites\/13\/2025\/04\/koningdrone-copyright-logo.svg","contentUrl":"https:\/\/koningdrone.be\/wp-content\/uploads\/sites\/13\/2025\/04\/koningdrone-copyright-logo.svg","width":227,"height":38,"caption":"Koningdrone.be"},"image":{"@id":"https:\/\/koningdrone.be\/#\/schema\/logo\/image\/"}}]}},"df_price":72,"df_sale_price":"","df_regular_price":72,"df_image_link":"https:\/\/koningdrone.be\/wp-content\/uploads\/sites\/13\/2025\/04\/731_f2d60e19-9f93-43cc-a5c3-7b38df033a34-300x300.webp","_links":{"self":[{"href":"https:\/\/koningdrone.be\/fr\/wp-json\/wp\/v2\/product\/2852","targetHints":{"allow":["GET"]}}],"collection":[{"href":"https:\/\/koningdrone.be\/fr\/wp-json\/wp\/v2\/product"}],"about":[{"href":"https:\/\/koningdrone.be\/fr\/wp-json\/wp\/v2\/types\/product"}],"wp:featuredmedia":[{"embeddable":true,"href":"https:\/\/koningdrone.be\/fr\/wp-json\/wp\/v2\/media\/2848"}],"wp:attachment":[{"href":"https:\/\/koningdrone.be\/fr\/wp-json\/wp\/v2\/media?parent=2852"}],"wp:term":[{"taxonomy":"product_brand","embeddable":true,"href":"https:\/\/koningdrone.be\/fr\/wp-json\/wp\/v2\/product_brand?post=2852"},{"taxonomy":"product_cat","embeddable":true,"href":"https:\/\/koningdrone.be\/fr\/wp-json\/wp\/v2\/product_cat?post=2852"},{"taxonomy":"product_tag","embeddable":true,"href":"https:\/\/koningdrone.be\/fr\/wp-json\/wp\/v2\/product_tag?post=2852"}],"curies":[{"name":"wp","href":"https:\/\/api.w.org\/{rel}","templated":true}]}}