{"id":2829,"date":"2024-09-05T11:57:51","date_gmt":"2024-09-05T09:57:51","guid":{"rendered":"https:\/\/koningdrone.nl\/kon\/product\/insta360-selfie-stick-sleeve-85114cm\/"},"modified":"2026-05-01T04:40:13","modified_gmt":"2026-05-01T02:40:13","slug":"insta360-selfie-stick-sleeve-85114cm","status":"publish","type":"product","link":"https:\/\/koningdrone.be\/fr\/produit\/insta360-selfie-stick-sleeve-85114cm\/","title":{"rendered":"Insta360 Selfie Stick Sleeve (85&amp;114cm)"},"content":{"rendered":"<p>L'Insta360 Selfie Stick Sleeve est un \u00e9tui de protection durable con\u00e7u pour s'adapter aux selfie sticks Insta360. Il prot\u00e8ge le b\u00e2ton des rayures, des chocs et de l'usure g\u00e9n\u00e9rale, tout en am\u00e9liorant la prise en main. Cette housse permet de conserver le b\u00e2ton en bon \u00e9tat et offre une prise en main plus s\u00fbre et plus confortable pendant l'utilisation.<\/p>","protected":false},"excerpt":{"rendered":"<ul>\n<li>Poign\u00e9e en silicone confortable pour une meilleure prise en main de votre selfie stick, facilitant ainsi la photographie.<\/li>\n<li>Forme ergonomique de la broche pour une meilleure prise en main sur de longues p\u00e9riodes.<\/li>\n<li>Faites glisser le couvercle par le haut du selfie stick (c\u00f4t\u00e9 vis de 1\/4\"). Pour le retirer, tirez dans la m\u00eame direction en effectuant un mouvement vers le haut.<\/li>\n<\/ul>","protected":false},"featured_media":2825,"template":"","meta":{"_acf_changed":false},"product_brand":[],"product_cat":[97,343],"product_tag":[],"class_list":{"0":"post-2829","1":"product","2":"type-product","3":"status-publish","4":"has-post-thumbnail","6":"product_cat-alle-producten","7":"product_cat-insta360","8":"product_shipping_class-europafotoall","9":"pa_brand-insta360","10":"pa_productfamily-selfie-stick-hoes","11":"pa_producttype-selfie-stick-hoes","12":"pa_series-insta360-go","14":"first","15":"instock","16":"taxable","17":"shipping-taxable","18":"purchasable","19":"product-type-simple"},"acf":[],"yoast_head":"<!-- This site is optimized with the Yoast SEO Premium plugin v27.2 (Yoast SEO v27.2) - https:\/\/yoast.com\/product\/yoast-seo-premium-wordpress\/ -->\n<title>Insta360 Selfie Stick Sleeve (85&amp;114cm) - koningdrone.be<\/title>\n<meta name=\"robots\" content=\"index, follow, max-snippet:-1, max-image-preview:large, max-video-preview:-1\" \/>\n<link rel=\"canonical\" href=\"https:\/\/koningdrone.be\/fr\/produit\/insta360-selfie-stick-sleeve-85114cm\/\" \/>\n<meta property=\"og:locale\" content=\"fr_FR\" \/>\n<meta property=\"og:type\" content=\"article\" \/>\n<meta property=\"og:title\" content=\"Insta360 Selfie Stick Sleeve (85&amp;114cm)\" \/>\n<meta property=\"og:description\" content=\"Comfortabele siliconen grip voor eenvoudiger hanteren van je selfie stick, waardoor fotograferen makkelijker wordt.Ergonomisch ontworpen spindelvorm voor betere grip gedurende langere perioden.Schuif de hoes aan vanaf de bovenkant van de selfie stick (1\/4\u201d schroefzijde). Om te verwijderen, trek je vanuit dezelfde richting in een opwaartse beweging.\" \/>\n<meta property=\"og:url\" content=\"https:\/\/koningdrone.be\/fr\/produit\/insta360-selfie-stick-sleeve-85114cm\/\" \/>\n<meta property=\"og:site_name\" content=\"koningdrone.be\" \/>\n<meta property=\"article:modified_time\" content=\"2026-05-01T02:40:13+00:00\" \/>\n<meta property=\"og:image\" content=\"https:\/\/koningdrone.be\/wp-content\/uploads\/sites\/13\/2025\/04\/2673_fc820ddf-f483-4669-b0c9-5b66d12d6e5a.webp\" \/>\n\t<meta property=\"og:image:width\" content=\"1280\" \/>\n\t<meta property=\"og:image:height\" content=\"1280\" \/>\n\t<meta property=\"og:image:type\" content=\"image\/webp\" \/>\n<meta name=\"twitter:card\" content=\"summary_large_image\" \/>\n<script type=\"application\/ld+json\" class=\"yoast-schema-graph\">{\"@context\":\"https:\/\/schema.org\",\"@graph\":[{\"@type\":\"WebPage\",\"@id\":\"https:\/\/koningdrone.be\/product\/insta360-selfie-stick-sleeve-85114cm\/\",\"url\":\"https:\/\/koningdrone.be\/product\/insta360-selfie-stick-sleeve-85114cm\/\",\"name\":\"Insta360 Selfie Stick Sleeve (85&amp;114cm) - koningdrone.be\",\"isPartOf\":{\"@id\":\"https:\/\/koningdrone.be\/#website\"},\"primaryImageOfPage\":{\"@id\":\"https:\/\/koningdrone.be\/product\/insta360-selfie-stick-sleeve-85114cm\/#primaryimage\"},\"image\":{\"@id\":\"https:\/\/koningdrone.be\/product\/insta360-selfie-stick-sleeve-85114cm\/#primaryimage\"},\"thumbnailUrl\":\"https:\/\/koningdrone.be\/wp-content\/uploads\/sites\/13\/2025\/04\/2673_fc820ddf-f483-4669-b0c9-5b66d12d6e5a.webp\",\"datePublished\":\"2024-09-05T09:57:51+00:00\",\"dateModified\":\"2026-05-01T02:40:13+00:00\",\"breadcrumb\":{\"@id\":\"https:\/\/koningdrone.be\/product\/insta360-selfie-stick-sleeve-85114cm\/#breadcrumb\"},\"inLanguage\":\"fr-BE\",\"potentialAction\":[{\"@type\":\"ReadAction\",\"target\":[\"https:\/\/koningdrone.be\/product\/insta360-selfie-stick-sleeve-85114cm\/\"]}]},{\"@type\":\"ImageObject\",\"inLanguage\":\"fr-BE\",\"@id\":\"https:\/\/koningdrone.be\/product\/insta360-selfie-stick-sleeve-85114cm\/#primaryimage\",\"url\":\"https:\/\/koningdrone.be\/wp-content\/uploads\/sites\/13\/2025\/04\/2673_fc820ddf-f483-4669-b0c9-5b66d12d6e5a.webp\",\"contentUrl\":\"https:\/\/koningdrone.be\/wp-content\/uploads\/sites\/13\/2025\/04\/2673_fc820ddf-f483-4669-b0c9-5b66d12d6e5a.webp\",\"width\":1280,\"height\":1280},{\"@type\":\"BreadcrumbList\",\"@id\":\"https:\/\/koningdrone.be\/product\/insta360-selfie-stick-sleeve-85114cm\/#breadcrumb\",\"itemListElement\":[{\"@type\":\"ListItem\",\"position\":1,\"name\":\"Home\",\"item\":\"https:\/\/koningdrone.be\/\"},{\"@type\":\"ListItem\",\"position\":2,\"name\":\"AVSS Parachute Recovery System for DJI Matrice 300\/350\",\"item\":\"https:\/\/koningdrone.be\/product\/avss-parachute-recovery-system-for-dji-matrice-300-350\/\"},{\"@type\":\"ListItem\",\"position\":3,\"name\":\"Alle producten\",\"item\":\"https:\/\/koningdrone.be\/categorie\/alle-producten\/\"},{\"@type\":\"ListItem\",\"position\":4,\"name\":\"Insta360 Selfie Stick Sleeve (85&amp;114cm)\"}]},{\"@type\":\"WebSite\",\"@id\":\"https:\/\/koningdrone.be\/#website\",\"url\":\"https:\/\/koningdrone.be\/\",\"name\":\"Koningdrone.be - Uw online specialist in drones, gimbals, camera's en power stations.\",\"description\":\"De webshop in drones en gimbals\",\"publisher\":{\"@id\":\"https:\/\/koningdrone.be\/#organization\"},\"potentialAction\":[{\"@type\":\"SearchAction\",\"target\":{\"@type\":\"EntryPoint\",\"urlTemplate\":\"https:\/\/koningdrone.be\/?s={search_term_string}\"},\"query-input\":{\"@type\":\"PropertyValueSpecification\",\"valueRequired\":true,\"valueName\":\"search_term_string\"}}],\"inLanguage\":\"fr-BE\"},{\"@type\":\"Organization\",\"@id\":\"https:\/\/koningdrone.be\/#organization\",\"name\":\"Koningdrone.be\",\"url\":\"https:\/\/koningdrone.be\/\",\"logo\":{\"@type\":\"ImageObject\",\"inLanguage\":\"fr-BE\",\"@id\":\"https:\/\/koningdrone.be\/#\/schema\/logo\/image\/\",\"url\":\"https:\/\/koningdrone.be\/wp-content\/uploads\/sites\/13\/2025\/04\/koningdrone-copyright-logo.svg\",\"contentUrl\":\"https:\/\/koningdrone.be\/wp-content\/uploads\/sites\/13\/2025\/04\/koningdrone-copyright-logo.svg\",\"width\":227,\"height\":38,\"caption\":\"Koningdrone.be\"},\"image\":{\"@id\":\"https:\/\/koningdrone.be\/#\/schema\/logo\/image\/\"}}]}<\/script>\n<!-- \/ Yoast SEO Premium plugin. -->","yoast_head_json":{"title":"Insta360 Selfie Stick Sleeve (85&amp;114cm) - koningdrone.be","robots":{"index":"index","follow":"follow","max-snippet":"max-snippet:-1","max-image-preview":"max-image-preview:large","max-video-preview":"max-video-preview:-1"},"canonical":"https:\/\/koningdrone.be\/fr\/produit\/insta360-selfie-stick-sleeve-85114cm\/","og_locale":"fr_FR","og_type":"article","og_title":"Insta360 Selfie Stick Sleeve (85&amp;114cm)","og_description":"Comfortabele siliconen grip voor eenvoudiger hanteren van je selfie stick, waardoor fotograferen makkelijker wordt.Ergonomisch ontworpen spindelvorm voor betere grip gedurende langere perioden.Schuif de hoes aan vanaf de bovenkant van de selfie stick (1\/4\u201d schroefzijde). Om te verwijderen, trek je vanuit dezelfde richting in een opwaartse beweging.","og_url":"https:\/\/koningdrone.be\/fr\/produit\/insta360-selfie-stick-sleeve-85114cm\/","og_site_name":"koningdrone.be","article_modified_time":"2026-05-01T02:40:13+00:00","og_image":[{"width":1280,"height":1280,"url":"https:\/\/koningdrone.be\/wp-content\/uploads\/sites\/13\/2025\/04\/2673_fc820ddf-f483-4669-b0c9-5b66d12d6e5a.webp","type":"image\/webp"}],"twitter_card":"summary_large_image","schema":{"@context":"https:\/\/schema.org","@graph":[{"@type":"WebPage","@id":"https:\/\/koningdrone.be\/product\/insta360-selfie-stick-sleeve-85114cm\/","url":"https:\/\/koningdrone.be\/product\/insta360-selfie-stick-sleeve-85114cm\/","name":"Insta360 Selfie Stick Sleeve (85&amp;114cm) - koningdrone.be","isPartOf":{"@id":"https:\/\/koningdrone.be\/#website"},"primaryImageOfPage":{"@id":"https:\/\/koningdrone.be\/product\/insta360-selfie-stick-sleeve-85114cm\/#primaryimage"},"image":{"@id":"https:\/\/koningdrone.be\/product\/insta360-selfie-stick-sleeve-85114cm\/#primaryimage"},"thumbnailUrl":"https:\/\/koningdrone.be\/wp-content\/uploads\/sites\/13\/2025\/04\/2673_fc820ddf-f483-4669-b0c9-5b66d12d6e5a.webp","datePublished":"2024-09-05T09:57:51+00:00","dateModified":"2026-05-01T02:40:13+00:00","breadcrumb":{"@id":"https:\/\/koningdrone.be\/product\/insta360-selfie-stick-sleeve-85114cm\/#breadcrumb"},"inLanguage":"fr-BE","potentialAction":[{"@type":"ReadAction","target":["https:\/\/koningdrone.be\/product\/insta360-selfie-stick-sleeve-85114cm\/"]}]},{"@type":"ImageObject","inLanguage":"fr-BE","@id":"https:\/\/koningdrone.be\/product\/insta360-selfie-stick-sleeve-85114cm\/#primaryimage","url":"https:\/\/koningdrone.be\/wp-content\/uploads\/sites\/13\/2025\/04\/2673_fc820ddf-f483-4669-b0c9-5b66d12d6e5a.webp","contentUrl":"https:\/\/koningdrone.be\/wp-content\/uploads\/sites\/13\/2025\/04\/2673_fc820ddf-f483-4669-b0c9-5b66d12d6e5a.webp","width":1280,"height":1280},{"@type":"BreadcrumbList","@id":"https:\/\/koningdrone.be\/product\/insta360-selfie-stick-sleeve-85114cm\/#breadcrumb","itemListElement":[{"@type":"ListItem","position":1,"name":"Home","item":"https:\/\/koningdrone.be\/"},{"@type":"ListItem","position":2,"name":"AVSS Parachute Recovery System for DJI Matrice 300\/350","item":"https:\/\/koningdrone.be\/product\/avss-parachute-recovery-system-for-dji-matrice-300-350\/"},{"@type":"ListItem","position":3,"name":"Alle producten","item":"https:\/\/koningdrone.be\/categorie\/alle-producten\/"},{"@type":"ListItem","position":4,"name":"Insta360 Selfie Stick Sleeve (85&amp;114cm)"}]},{"@type":"WebSite","@id":"https:\/\/koningdrone.be\/#website","url":"https:\/\/koningdrone.be\/","name":"Koningdrone.be - Votre sp\u00e9cialiste en ligne en mati\u00e8re de drones, de cardans, de cam\u00e9ras et de centrales \u00e9lectriques.","description":"La boutique en ligne de drones et de cardans","publisher":{"@id":"https:\/\/koningdrone.be\/#organization"},"potentialAction":[{"@type":"SearchAction","target":{"@type":"EntryPoint","urlTemplate":"https:\/\/koningdrone.be\/?s={search_term_string}"},"query-input":{"@type":"PropertyValueSpecification","valueRequired":true,"valueName":"search_term_string"}}],"inLanguage":"fr-BE"},{"@type":"Organization","@id":"https:\/\/koningdrone.be\/#organization","name":"Kingdrone.co.uk","url":"https:\/\/koningdrone.be\/","logo":{"@type":"ImageObject","inLanguage":"fr-BE","@id":"https:\/\/koningdrone.be\/#\/schema\/logo\/image\/","url":"https:\/\/koningdrone.be\/wp-content\/uploads\/sites\/13\/2025\/04\/koningdrone-copyright-logo.svg","contentUrl":"https:\/\/koningdrone.be\/wp-content\/uploads\/sites\/13\/2025\/04\/koningdrone-copyright-logo.svg","width":227,"height":38,"caption":"Koningdrone.be"},"image":{"@id":"https:\/\/koningdrone.be\/#\/schema\/logo\/image\/"}}]}},"df_price":17,"df_sale_price":"","df_regular_price":17,"df_image_link":"https:\/\/koningdrone.be\/wp-content\/uploads\/sites\/13\/2025\/04\/2673_fc820ddf-f483-4669-b0c9-5b66d12d6e5a-300x300.webp","_links":{"self":[{"href":"https:\/\/koningdrone.be\/fr\/wp-json\/wp\/v2\/product\/2829","targetHints":{"allow":["GET"]}}],"collection":[{"href":"https:\/\/koningdrone.be\/fr\/wp-json\/wp\/v2\/product"}],"about":[{"href":"https:\/\/koningdrone.be\/fr\/wp-json\/wp\/v2\/types\/product"}],"wp:featuredmedia":[{"embeddable":true,"href":"https:\/\/koningdrone.be\/fr\/wp-json\/wp\/v2\/media\/2825"}],"wp:attachment":[{"href":"https:\/\/koningdrone.be\/fr\/wp-json\/wp\/v2\/media?parent=2829"}],"wp:term":[{"taxonomy":"product_brand","embeddable":true,"href":"https:\/\/koningdrone.be\/fr\/wp-json\/wp\/v2\/product_brand?post=2829"},{"taxonomy":"product_cat","embeddable":true,"href":"https:\/\/koningdrone.be\/fr\/wp-json\/wp\/v2\/product_cat?post=2829"},{"taxonomy":"product_tag","embeddable":true,"href":"https:\/\/koningdrone.be\/fr\/wp-json\/wp\/v2\/product_tag?post=2829"}],"curies":[{"name":"wp","href":"https:\/\/api.w.org\/{rel}","templated":true}]}}