{"id":2778,"date":"2024-09-05T11:58:34","date_gmt":"2024-09-05T09:58:34","guid":{"rendered":"https:\/\/koningdrone.nl\/kon\/product\/insta360-go-3-go-3s-magnet-pendant-safety-cord-white\/"},"modified":"2026-05-01T04:40:39","modified_gmt":"2026-05-01T02:40:39","slug":"insta360-go-3-go-3s-magnet-pendant-safety-cord-white","status":"publish","type":"product","link":"https:\/\/koningdrone.be\/fr\/produit\/insta360-go-3-go-3s-magnet-pendant-safety-cord-white\/","title":{"rendered":"Insta360 Go 3\/Go 3S Pendentif aimant\u00e9 Cordon de s\u00e9curit\u00e9 (blanc)"},"content":{"rendered":"<p>Le cordon de s\u00e9curit\u00e9 du pendentif magn\u00e9tique Insta360 GO 3S est un accessoire pratique con\u00e7u pour garder votre cam\u00e9ra en s\u00e9curit\u00e9 et facilement accessible. Il comporte un pendentif magn\u00e9tique qui peut \u00eatre fix\u00e9 \u00e0 votre appareil photo et port\u00e9 autour du cou ou attach\u00e9 \u00e0 votre \u00e9quipement. Ce cordon de s\u00e9curit\u00e9 minimise le risque de chutes accidentelles et garde votre cam\u00e9ra \u00e0 port\u00e9e de main pendant vos aventures.<\/p>","protected":false},"excerpt":{"rendered":"<ul>\n<li>Cordon en caoutchouc solide qui emp\u00eache l'appareil photo de se perdre s'il tombe du pendentif aimant\u00e9.<\/li>\n<li>Il peut \u00eatre facilement attach\u00e9 au cordon magn\u00e9tique et est dot\u00e9 d'un \u00e9tui de protection sp\u00e9cialement con\u00e7u pour pr\u00e9server la s\u00e9curit\u00e9 de l'appareil photo.<\/li>\n<li>Disponible en noir et blanc.<\/li>\n<\/ul>","protected":false},"featured_media":2774,"template":"","meta":{"_acf_changed":false},"product_brand":[],"product_cat":[97,343],"product_tag":[],"class_list":{"0":"post-2778","1":"product","2":"type-product","3":"status-publish","4":"has-post-thumbnail","6":"product_cat-alle-producten","7":"product_cat-insta360","8":"product_shipping_class-europafotoall","9":"pa_brand-insta360","10":"pa_productfamily-magneet-hanger-veiligheidskoord","11":"pa_producttype-magneet-hanger-veiligheidskoord","12":"pa_series-insta360-go","14":"first","15":"instock","16":"taxable","17":"shipping-taxable","18":"purchasable","19":"product-type-simple"},"acf":[],"yoast_head":"<!-- This site is optimized with the Yoast SEO Premium plugin v27.2 (Yoast SEO v27.2) - https:\/\/yoast.com\/product\/yoast-seo-premium-wordpress\/ -->\n<title>Insta360 Go 3\/Go 3S Magnet Pendant Safety Cord (White) - koningdrone.be<\/title>\n<meta name=\"robots\" content=\"index, follow, max-snippet:-1, max-image-preview:large, max-video-preview:-1\" \/>\n<link rel=\"canonical\" href=\"https:\/\/koningdrone.be\/fr\/produit\/insta360-go-3-go-3s-magnet-pendant-safety-cord-white\/\" \/>\n<meta property=\"og:locale\" content=\"fr_FR\" \/>\n<meta property=\"og:type\" content=\"article\" \/>\n<meta property=\"og:title\" content=\"Insta360 Go 3\/Go 3S Magnet Pendant Safety Cord (White)\" \/>\n<meta property=\"og:description\" content=\"Sterk rubberen koord dat voorkomt dat de camera zoekraakt als hij van de magneethanger valt.Kan eenvoudig aan het koord van de magneethanger worden bevestigd en heeft een speciaal ontworpen beschermhoesje om de camera veilig te houden.Verkrijgbaar in zwart en wit.\" \/>\n<meta property=\"og:url\" content=\"https:\/\/koningdrone.be\/fr\/produit\/insta360-go-3-go-3s-magnet-pendant-safety-cord-white\/\" \/>\n<meta property=\"og:site_name\" content=\"koningdrone.be\" \/>\n<meta property=\"article:modified_time\" content=\"2026-05-01T02:40:39+00:00\" \/>\n<meta property=\"og:image\" content=\"https:\/\/koningdrone.be\/wp-content\/uploads\/sites\/13\/2025\/04\/731_4959971f-696e-4399-957b-a33ec73dd393.webp\" \/>\n\t<meta property=\"og:image:width\" content=\"1280\" \/>\n\t<meta property=\"og:image:height\" content=\"1280\" \/>\n\t<meta property=\"og:image:type\" content=\"image\/webp\" \/>\n<meta name=\"twitter:card\" content=\"summary_large_image\" \/>\n<script type=\"application\/ld+json\" class=\"yoast-schema-graph\">{\"@context\":\"https:\/\/schema.org\",\"@graph\":[{\"@type\":\"WebPage\",\"@id\":\"https:\/\/koningdrone.be\/product\/insta360-go-3-go-3s-magnet-pendant-safety-cord-white\/\",\"url\":\"https:\/\/koningdrone.be\/product\/insta360-go-3-go-3s-magnet-pendant-safety-cord-white\/\",\"name\":\"Insta360 Go 3\/Go 3S Magnet Pendant Safety Cord (White) - koningdrone.be\",\"isPartOf\":{\"@id\":\"https:\/\/koningdrone.be\/#website\"},\"primaryImageOfPage\":{\"@id\":\"https:\/\/koningdrone.be\/product\/insta360-go-3-go-3s-magnet-pendant-safety-cord-white\/#primaryimage\"},\"image\":{\"@id\":\"https:\/\/koningdrone.be\/product\/insta360-go-3-go-3s-magnet-pendant-safety-cord-white\/#primaryimage\"},\"thumbnailUrl\":\"https:\/\/koningdrone.be\/wp-content\/uploads\/sites\/13\/2025\/04\/731_4959971f-696e-4399-957b-a33ec73dd393.webp\",\"datePublished\":\"2024-09-05T09:58:34+00:00\",\"dateModified\":\"2026-05-01T02:40:39+00:00\",\"breadcrumb\":{\"@id\":\"https:\/\/koningdrone.be\/product\/insta360-go-3-go-3s-magnet-pendant-safety-cord-white\/#breadcrumb\"},\"inLanguage\":\"fr-BE\",\"potentialAction\":[{\"@type\":\"ReadAction\",\"target\":[\"https:\/\/koningdrone.be\/product\/insta360-go-3-go-3s-magnet-pendant-safety-cord-white\/\"]}]},{\"@type\":\"ImageObject\",\"inLanguage\":\"fr-BE\",\"@id\":\"https:\/\/koningdrone.be\/product\/insta360-go-3-go-3s-magnet-pendant-safety-cord-white\/#primaryimage\",\"url\":\"https:\/\/koningdrone.be\/wp-content\/uploads\/sites\/13\/2025\/04\/731_4959971f-696e-4399-957b-a33ec73dd393.webp\",\"contentUrl\":\"https:\/\/koningdrone.be\/wp-content\/uploads\/sites\/13\/2025\/04\/731_4959971f-696e-4399-957b-a33ec73dd393.webp\",\"width\":1280,\"height\":1280},{\"@type\":\"BreadcrumbList\",\"@id\":\"https:\/\/koningdrone.be\/product\/insta360-go-3-go-3s-magnet-pendant-safety-cord-white\/#breadcrumb\",\"itemListElement\":[{\"@type\":\"ListItem\",\"position\":1,\"name\":\"Home\",\"item\":\"https:\/\/koningdrone.be\/\"},{\"@type\":\"ListItem\",\"position\":2,\"name\":\"AVSS Parachute Recovery System for DJI Matrice 300\/350\",\"item\":\"https:\/\/koningdrone.be\/product\/avss-parachute-recovery-system-for-dji-matrice-300-350\/\"},{\"@type\":\"ListItem\",\"position\":3,\"name\":\"Alle producten\",\"item\":\"https:\/\/koningdrone.be\/categorie\/alle-producten\/\"},{\"@type\":\"ListItem\",\"position\":4,\"name\":\"Insta360 Go 3\/Go 3S Magnet Pendant Safety Cord (White)\"}]},{\"@type\":\"WebSite\",\"@id\":\"https:\/\/koningdrone.be\/#website\",\"url\":\"https:\/\/koningdrone.be\/\",\"name\":\"Koningdrone.be - Uw online specialist in drones, gimbals, camera's en power stations.\",\"description\":\"De webshop in drones en gimbals\",\"publisher\":{\"@id\":\"https:\/\/koningdrone.be\/#organization\"},\"potentialAction\":[{\"@type\":\"SearchAction\",\"target\":{\"@type\":\"EntryPoint\",\"urlTemplate\":\"https:\/\/koningdrone.be\/?s={search_term_string}\"},\"query-input\":{\"@type\":\"PropertyValueSpecification\",\"valueRequired\":true,\"valueName\":\"search_term_string\"}}],\"inLanguage\":\"fr-BE\"},{\"@type\":\"Organization\",\"@id\":\"https:\/\/koningdrone.be\/#organization\",\"name\":\"Koningdrone.be\",\"url\":\"https:\/\/koningdrone.be\/\",\"logo\":{\"@type\":\"ImageObject\",\"inLanguage\":\"fr-BE\",\"@id\":\"https:\/\/koningdrone.be\/#\/schema\/logo\/image\/\",\"url\":\"https:\/\/koningdrone.be\/wp-content\/uploads\/sites\/13\/2025\/04\/koningdrone-copyright-logo.svg\",\"contentUrl\":\"https:\/\/koningdrone.be\/wp-content\/uploads\/sites\/13\/2025\/04\/koningdrone-copyright-logo.svg\",\"width\":227,\"height\":38,\"caption\":\"Koningdrone.be\"},\"image\":{\"@id\":\"https:\/\/koningdrone.be\/#\/schema\/logo\/image\/\"}}]}<\/script>\n<!-- \/ Yoast SEO Premium plugin. -->","yoast_head_json":{"title":"Insta360 Go 3\/Go 3S Magnet Pendant Safety Cord (White) - koningdrone.be","robots":{"index":"index","follow":"follow","max-snippet":"max-snippet:-1","max-image-preview":"max-image-preview:large","max-video-preview":"max-video-preview:-1"},"canonical":"https:\/\/koningdrone.be\/fr\/produit\/insta360-go-3-go-3s-magnet-pendant-safety-cord-white\/","og_locale":"fr_FR","og_type":"article","og_title":"Insta360 Go 3\/Go 3S Magnet Pendant Safety Cord (White)","og_description":"Sterk rubberen koord dat voorkomt dat de camera zoekraakt als hij van de magneethanger valt.Kan eenvoudig aan het koord van de magneethanger worden bevestigd en heeft een speciaal ontworpen beschermhoesje om de camera veilig te houden.Verkrijgbaar in zwart en wit.","og_url":"https:\/\/koningdrone.be\/fr\/produit\/insta360-go-3-go-3s-magnet-pendant-safety-cord-white\/","og_site_name":"koningdrone.be","article_modified_time":"2026-05-01T02:40:39+00:00","og_image":[{"width":1280,"height":1280,"url":"https:\/\/koningdrone.be\/wp-content\/uploads\/sites\/13\/2025\/04\/731_4959971f-696e-4399-957b-a33ec73dd393.webp","type":"image\/webp"}],"twitter_card":"summary_large_image","schema":{"@context":"https:\/\/schema.org","@graph":[{"@type":"WebPage","@id":"https:\/\/koningdrone.be\/product\/insta360-go-3-go-3s-magnet-pendant-safety-cord-white\/","url":"https:\/\/koningdrone.be\/product\/insta360-go-3-go-3s-magnet-pendant-safety-cord-white\/","name":"Insta360 Go 3\/Go 3S Magnet Pendant Safety Cord (White) - koningdrone.be","isPartOf":{"@id":"https:\/\/koningdrone.be\/#website"},"primaryImageOfPage":{"@id":"https:\/\/koningdrone.be\/product\/insta360-go-3-go-3s-magnet-pendant-safety-cord-white\/#primaryimage"},"image":{"@id":"https:\/\/koningdrone.be\/product\/insta360-go-3-go-3s-magnet-pendant-safety-cord-white\/#primaryimage"},"thumbnailUrl":"https:\/\/koningdrone.be\/wp-content\/uploads\/sites\/13\/2025\/04\/731_4959971f-696e-4399-957b-a33ec73dd393.webp","datePublished":"2024-09-05T09:58:34+00:00","dateModified":"2026-05-01T02:40:39+00:00","breadcrumb":{"@id":"https:\/\/koningdrone.be\/product\/insta360-go-3-go-3s-magnet-pendant-safety-cord-white\/#breadcrumb"},"inLanguage":"fr-BE","potentialAction":[{"@type":"ReadAction","target":["https:\/\/koningdrone.be\/product\/insta360-go-3-go-3s-magnet-pendant-safety-cord-white\/"]}]},{"@type":"ImageObject","inLanguage":"fr-BE","@id":"https:\/\/koningdrone.be\/product\/insta360-go-3-go-3s-magnet-pendant-safety-cord-white\/#primaryimage","url":"https:\/\/koningdrone.be\/wp-content\/uploads\/sites\/13\/2025\/04\/731_4959971f-696e-4399-957b-a33ec73dd393.webp","contentUrl":"https:\/\/koningdrone.be\/wp-content\/uploads\/sites\/13\/2025\/04\/731_4959971f-696e-4399-957b-a33ec73dd393.webp","width":1280,"height":1280},{"@type":"BreadcrumbList","@id":"https:\/\/koningdrone.be\/product\/insta360-go-3-go-3s-magnet-pendant-safety-cord-white\/#breadcrumb","itemListElement":[{"@type":"ListItem","position":1,"name":"Home","item":"https:\/\/koningdrone.be\/"},{"@type":"ListItem","position":2,"name":"AVSS Parachute Recovery System for DJI Matrice 300\/350","item":"https:\/\/koningdrone.be\/product\/avss-parachute-recovery-system-for-dji-matrice-300-350\/"},{"@type":"ListItem","position":3,"name":"Alle producten","item":"https:\/\/koningdrone.be\/categorie\/alle-producten\/"},{"@type":"ListItem","position":4,"name":"Insta360 Go 3\/Go 3S Magnet Pendant Safety Cord (White)"}]},{"@type":"WebSite","@id":"https:\/\/koningdrone.be\/#website","url":"https:\/\/koningdrone.be\/","name":"Koningdrone.be - Votre sp\u00e9cialiste en ligne en mati\u00e8re de drones, de cardans, de cam\u00e9ras et de centrales \u00e9lectriques.","description":"La boutique en ligne de drones et de cardans","publisher":{"@id":"https:\/\/koningdrone.be\/#organization"},"potentialAction":[{"@type":"SearchAction","target":{"@type":"EntryPoint","urlTemplate":"https:\/\/koningdrone.be\/?s={search_term_string}"},"query-input":{"@type":"PropertyValueSpecification","valueRequired":true,"valueName":"search_term_string"}}],"inLanguage":"fr-BE"},{"@type":"Organization","@id":"https:\/\/koningdrone.be\/#organization","name":"Kingdrone.co.uk","url":"https:\/\/koningdrone.be\/","logo":{"@type":"ImageObject","inLanguage":"fr-BE","@id":"https:\/\/koningdrone.be\/#\/schema\/logo\/image\/","url":"https:\/\/koningdrone.be\/wp-content\/uploads\/sites\/13\/2025\/04\/koningdrone-copyright-logo.svg","contentUrl":"https:\/\/koningdrone.be\/wp-content\/uploads\/sites\/13\/2025\/04\/koningdrone-copyright-logo.svg","width":227,"height":38,"caption":"Koningdrone.be"},"image":{"@id":"https:\/\/koningdrone.be\/#\/schema\/logo\/image\/"}}]}},"df_price":17,"df_sale_price":"","df_regular_price":17,"df_image_link":"https:\/\/koningdrone.be\/wp-content\/uploads\/sites\/13\/2025\/04\/731_4959971f-696e-4399-957b-a33ec73dd393-300x300.webp","_links":{"self":[{"href":"https:\/\/koningdrone.be\/fr\/wp-json\/wp\/v2\/product\/2778","targetHints":{"allow":["GET"]}}],"collection":[{"href":"https:\/\/koningdrone.be\/fr\/wp-json\/wp\/v2\/product"}],"about":[{"href":"https:\/\/koningdrone.be\/fr\/wp-json\/wp\/v2\/types\/product"}],"wp:featuredmedia":[{"embeddable":true,"href":"https:\/\/koningdrone.be\/fr\/wp-json\/wp\/v2\/media\/2774"}],"wp:attachment":[{"href":"https:\/\/koningdrone.be\/fr\/wp-json\/wp\/v2\/media?parent=2778"}],"wp:term":[{"taxonomy":"product_brand","embeddable":true,"href":"https:\/\/koningdrone.be\/fr\/wp-json\/wp\/v2\/product_brand?post=2778"},{"taxonomy":"product_cat","embeddable":true,"href":"https:\/\/koningdrone.be\/fr\/wp-json\/wp\/v2\/product_cat?post=2778"},{"taxonomy":"product_tag","embeddable":true,"href":"https:\/\/koningdrone.be\/fr\/wp-json\/wp\/v2\/product_tag?post=2778"}],"curies":[{"name":"wp","href":"https:\/\/api.w.org\/{rel}","templated":true}]}}