{"id":2760,"date":"2024-09-05T11:59:05","date_gmt":"2024-09-05T09:59:05","guid":{"rendered":"https:\/\/koningdrone.nl\/kon\/product\/insta360-go-3-go-3s-mic-wind-muff\/"},"modified":"2026-05-01T04:50:16","modified_gmt":"2026-05-01T02:50:16","slug":"insta360-go-3-go-3s-mic-wind-muff","status":"publish","type":"product","link":"https:\/\/koningdrone.be\/fr\/produit\/insta360-go-3-go-3s-mic-wind-muff\/","title":{"rendered":"Insta360 Go 3\/Go 3S Mic Wind Muff"},"content":{"rendered":"<p>Le coupe-vent Insta360 GO 3S Mic est une housse souple et coupe-vent con\u00e7ue pour r\u00e9duire le bruit du vent pendant les enregistrements. Il s'adapte au microphone de votre cam\u00e9ra et offre une qualit\u00e9 sonore plus claire dans des conditions venteuses et am\u00e9liore la performance audio globale de vos enregistrements.<\/p>","protected":false},"excerpt":{"rendered":"<ul>\n<li>Coton coupe-vent sans couture pour une transmission sonore de haute qualit\u00e9.<\/li>\n<li>Mousse acoustique de haute qualit\u00e9 pour r\u00e9duire le bruit du vent et produire un son plus transparent.<\/li>\n<li>Sp\u00e9cialement con\u00e7u pour GO 3\/GO 3S.<\/li>\n<\/ul>","protected":false},"featured_media":2755,"template":"","meta":{"_acf_changed":false},"product_brand":[],"product_cat":[97,343],"product_tag":[],"class_list":{"0":"post-2760","1":"product","2":"type-product","3":"status-publish","4":"has-post-thumbnail","6":"product_cat-alle-producten","7":"product_cat-insta360","8":"product_shipping_class-europafotoall","9":"pa_brand-insta360","10":"pa_productfamily-windkap-microfoon","11":"pa_producttype-windkap-microfoon","12":"pa_series-insta360-go","14":"first","15":"instock","16":"taxable","17":"shipping-taxable","18":"purchasable","19":"product-type-simple"},"acf":[],"yoast_head":"<!-- This site is optimized with the Yoast SEO Premium plugin v27.2 (Yoast SEO v27.2) - https:\/\/yoast.com\/product\/yoast-seo-premium-wordpress\/ -->\n<title>Insta360 Go 3\/Go 3S Mic Wind Muff - koningdrone.be<\/title>\n<meta name=\"robots\" content=\"index, follow, max-snippet:-1, max-image-preview:large, max-video-preview:-1\" \/>\n<link rel=\"canonical\" href=\"https:\/\/koningdrone.be\/fr\/produit\/insta360-go-3-go-3s-mic-wind-muff\/\" \/>\n<meta property=\"og:locale\" content=\"fr_FR\" \/>\n<meta property=\"og:type\" content=\"article\" \/>\n<meta property=\"og:title\" content=\"Insta360 Go 3\/Go 3S Mic Wind Muff\" \/>\n<meta property=\"og:description\" content=\"Naadloos winddicht katoen voor hoogwaardige geluidsoverdracht.Akoestisch schuim van hoge kwaliteit om windruis te verminderen en een transparanter geluid te produceren.Speciaal ontworpen voor GO 3\/GO 3S.\" \/>\n<meta property=\"og:url\" content=\"https:\/\/koningdrone.be\/fr\/produit\/insta360-go-3-go-3s-mic-wind-muff\/\" \/>\n<meta property=\"og:site_name\" content=\"koningdrone.be\" \/>\n<meta property=\"article:modified_time\" content=\"2026-05-01T02:50:16+00:00\" \/>\n<meta property=\"og:image\" content=\"https:\/\/koningdrone.be\/wp-content\/uploads\/sites\/13\/2025\/04\/731_51b58260-c503-4b6c-aaad-dc99f57e3e06.webp\" \/>\n\t<meta property=\"og:image:width\" content=\"1280\" \/>\n\t<meta property=\"og:image:height\" content=\"1280\" \/>\n\t<meta property=\"og:image:type\" content=\"image\/webp\" \/>\n<meta name=\"twitter:card\" content=\"summary_large_image\" \/>\n<script type=\"application\/ld+json\" class=\"yoast-schema-graph\">{\"@context\":\"https:\/\/schema.org\",\"@graph\":[{\"@type\":\"WebPage\",\"@id\":\"https:\/\/koningdrone.be\/product\/insta360-go-3-go-3s-mic-wind-muff\/\",\"url\":\"https:\/\/koningdrone.be\/product\/insta360-go-3-go-3s-mic-wind-muff\/\",\"name\":\"Insta360 Go 3\/Go 3S Mic Wind Muff - koningdrone.be\",\"isPartOf\":{\"@id\":\"https:\/\/koningdrone.be\/#website\"},\"primaryImageOfPage\":{\"@id\":\"https:\/\/koningdrone.be\/product\/insta360-go-3-go-3s-mic-wind-muff\/#primaryimage\"},\"image\":{\"@id\":\"https:\/\/koningdrone.be\/product\/insta360-go-3-go-3s-mic-wind-muff\/#primaryimage\"},\"thumbnailUrl\":\"https:\/\/koningdrone.be\/wp-content\/uploads\/sites\/13\/2025\/04\/731_51b58260-c503-4b6c-aaad-dc99f57e3e06.webp\",\"datePublished\":\"2024-09-05T09:59:05+00:00\",\"dateModified\":\"2026-05-01T02:50:16+00:00\",\"breadcrumb\":{\"@id\":\"https:\/\/koningdrone.be\/product\/insta360-go-3-go-3s-mic-wind-muff\/#breadcrumb\"},\"inLanguage\":\"fr-BE\",\"potentialAction\":[{\"@type\":\"ReadAction\",\"target\":[\"https:\/\/koningdrone.be\/product\/insta360-go-3-go-3s-mic-wind-muff\/\"]}]},{\"@type\":\"ImageObject\",\"inLanguage\":\"fr-BE\",\"@id\":\"https:\/\/koningdrone.be\/product\/insta360-go-3-go-3s-mic-wind-muff\/#primaryimage\",\"url\":\"https:\/\/koningdrone.be\/wp-content\/uploads\/sites\/13\/2025\/04\/731_51b58260-c503-4b6c-aaad-dc99f57e3e06.webp\",\"contentUrl\":\"https:\/\/koningdrone.be\/wp-content\/uploads\/sites\/13\/2025\/04\/731_51b58260-c503-4b6c-aaad-dc99f57e3e06.webp\",\"width\":1280,\"height\":1280},{\"@type\":\"BreadcrumbList\",\"@id\":\"https:\/\/koningdrone.be\/product\/insta360-go-3-go-3s-mic-wind-muff\/#breadcrumb\",\"itemListElement\":[{\"@type\":\"ListItem\",\"position\":1,\"name\":\"Home\",\"item\":\"https:\/\/koningdrone.be\/\"},{\"@type\":\"ListItem\",\"position\":2,\"name\":\"AVSS Parachute Recovery System for DJI Matrice 300\/350\",\"item\":\"https:\/\/koningdrone.be\/product\/avss-parachute-recovery-system-for-dji-matrice-300-350\/\"},{\"@type\":\"ListItem\",\"position\":3,\"name\":\"Alle producten\",\"item\":\"https:\/\/koningdrone.be\/categorie\/alle-producten\/\"},{\"@type\":\"ListItem\",\"position\":4,\"name\":\"Insta360 Go 3\/Go 3S Mic Wind Muff\"}]},{\"@type\":\"WebSite\",\"@id\":\"https:\/\/koningdrone.be\/#website\",\"url\":\"https:\/\/koningdrone.be\/\",\"name\":\"Koningdrone.be - Uw online specialist in drones, gimbals, camera's en power stations.\",\"description\":\"De webshop in drones en gimbals\",\"publisher\":{\"@id\":\"https:\/\/koningdrone.be\/#organization\"},\"potentialAction\":[{\"@type\":\"SearchAction\",\"target\":{\"@type\":\"EntryPoint\",\"urlTemplate\":\"https:\/\/koningdrone.be\/?s={search_term_string}\"},\"query-input\":{\"@type\":\"PropertyValueSpecification\",\"valueRequired\":true,\"valueName\":\"search_term_string\"}}],\"inLanguage\":\"fr-BE\"},{\"@type\":\"Organization\",\"@id\":\"https:\/\/koningdrone.be\/#organization\",\"name\":\"Koningdrone.be\",\"url\":\"https:\/\/koningdrone.be\/\",\"logo\":{\"@type\":\"ImageObject\",\"inLanguage\":\"fr-BE\",\"@id\":\"https:\/\/koningdrone.be\/#\/schema\/logo\/image\/\",\"url\":\"https:\/\/koningdrone.be\/wp-content\/uploads\/sites\/13\/2025\/04\/koningdrone-copyright-logo.svg\",\"contentUrl\":\"https:\/\/koningdrone.be\/wp-content\/uploads\/sites\/13\/2025\/04\/koningdrone-copyright-logo.svg\",\"width\":227,\"height\":38,\"caption\":\"Koningdrone.be\"},\"image\":{\"@id\":\"https:\/\/koningdrone.be\/#\/schema\/logo\/image\/\"}}]}<\/script>\n<!-- \/ Yoast SEO Premium plugin. -->","yoast_head_json":{"title":"Insta360 Go 3\/Go 3S Mic Wind Muff - koningdrone.be","robots":{"index":"index","follow":"follow","max-snippet":"max-snippet:-1","max-image-preview":"max-image-preview:large","max-video-preview":"max-video-preview:-1"},"canonical":"https:\/\/koningdrone.be\/fr\/produit\/insta360-go-3-go-3s-mic-wind-muff\/","og_locale":"fr_FR","og_type":"article","og_title":"Insta360 Go 3\/Go 3S Mic Wind Muff","og_description":"Naadloos winddicht katoen voor hoogwaardige geluidsoverdracht.Akoestisch schuim van hoge kwaliteit om windruis te verminderen en een transparanter geluid te produceren.Speciaal ontworpen voor GO 3\/GO 3S.","og_url":"https:\/\/koningdrone.be\/fr\/produit\/insta360-go-3-go-3s-mic-wind-muff\/","og_site_name":"koningdrone.be","article_modified_time":"2026-05-01T02:50:16+00:00","og_image":[{"width":1280,"height":1280,"url":"https:\/\/koningdrone.be\/wp-content\/uploads\/sites\/13\/2025\/04\/731_51b58260-c503-4b6c-aaad-dc99f57e3e06.webp","type":"image\/webp"}],"twitter_card":"summary_large_image","schema":{"@context":"https:\/\/schema.org","@graph":[{"@type":"WebPage","@id":"https:\/\/koningdrone.be\/product\/insta360-go-3-go-3s-mic-wind-muff\/","url":"https:\/\/koningdrone.be\/product\/insta360-go-3-go-3s-mic-wind-muff\/","name":"Insta360 Go 3\/Go 3S Mic Wind Muff - koningdrone.be","isPartOf":{"@id":"https:\/\/koningdrone.be\/#website"},"primaryImageOfPage":{"@id":"https:\/\/koningdrone.be\/product\/insta360-go-3-go-3s-mic-wind-muff\/#primaryimage"},"image":{"@id":"https:\/\/koningdrone.be\/product\/insta360-go-3-go-3s-mic-wind-muff\/#primaryimage"},"thumbnailUrl":"https:\/\/koningdrone.be\/wp-content\/uploads\/sites\/13\/2025\/04\/731_51b58260-c503-4b6c-aaad-dc99f57e3e06.webp","datePublished":"2024-09-05T09:59:05+00:00","dateModified":"2026-05-01T02:50:16+00:00","breadcrumb":{"@id":"https:\/\/koningdrone.be\/product\/insta360-go-3-go-3s-mic-wind-muff\/#breadcrumb"},"inLanguage":"fr-BE","potentialAction":[{"@type":"ReadAction","target":["https:\/\/koningdrone.be\/product\/insta360-go-3-go-3s-mic-wind-muff\/"]}]},{"@type":"ImageObject","inLanguage":"fr-BE","@id":"https:\/\/koningdrone.be\/product\/insta360-go-3-go-3s-mic-wind-muff\/#primaryimage","url":"https:\/\/koningdrone.be\/wp-content\/uploads\/sites\/13\/2025\/04\/731_51b58260-c503-4b6c-aaad-dc99f57e3e06.webp","contentUrl":"https:\/\/koningdrone.be\/wp-content\/uploads\/sites\/13\/2025\/04\/731_51b58260-c503-4b6c-aaad-dc99f57e3e06.webp","width":1280,"height":1280},{"@type":"BreadcrumbList","@id":"https:\/\/koningdrone.be\/product\/insta360-go-3-go-3s-mic-wind-muff\/#breadcrumb","itemListElement":[{"@type":"ListItem","position":1,"name":"Home","item":"https:\/\/koningdrone.be\/"},{"@type":"ListItem","position":2,"name":"AVSS Parachute Recovery System for DJI Matrice 300\/350","item":"https:\/\/koningdrone.be\/product\/avss-parachute-recovery-system-for-dji-matrice-300-350\/"},{"@type":"ListItem","position":3,"name":"Alle producten","item":"https:\/\/koningdrone.be\/categorie\/alle-producten\/"},{"@type":"ListItem","position":4,"name":"Insta360 Go 3\/Go 3S Mic Wind Muff"}]},{"@type":"WebSite","@id":"https:\/\/koningdrone.be\/#website","url":"https:\/\/koningdrone.be\/","name":"Koningdrone.be - Votre sp\u00e9cialiste en ligne en mati\u00e8re de drones, de cardans, de cam\u00e9ras et de centrales \u00e9lectriques.","description":"La boutique en ligne de drones et de cardans","publisher":{"@id":"https:\/\/koningdrone.be\/#organization"},"potentialAction":[{"@type":"SearchAction","target":{"@type":"EntryPoint","urlTemplate":"https:\/\/koningdrone.be\/?s={search_term_string}"},"query-input":{"@type":"PropertyValueSpecification","valueRequired":true,"valueName":"search_term_string"}}],"inLanguage":"fr-BE"},{"@type":"Organization","@id":"https:\/\/koningdrone.be\/#organization","name":"Kingdrone.co.uk","url":"https:\/\/koningdrone.be\/","logo":{"@type":"ImageObject","inLanguage":"fr-BE","@id":"https:\/\/koningdrone.be\/#\/schema\/logo\/image\/","url":"https:\/\/koningdrone.be\/wp-content\/uploads\/sites\/13\/2025\/04\/koningdrone-copyright-logo.svg","contentUrl":"https:\/\/koningdrone.be\/wp-content\/uploads\/sites\/13\/2025\/04\/koningdrone-copyright-logo.svg","width":227,"height":38,"caption":"Koningdrone.be"},"image":{"@id":"https:\/\/koningdrone.be\/#\/schema\/logo\/image\/"}}]}},"df_price":21,"df_sale_price":"","df_regular_price":21,"df_image_link":"https:\/\/koningdrone.be\/wp-content\/uploads\/sites\/13\/2025\/04\/731_51b58260-c503-4b6c-aaad-dc99f57e3e06-300x300.webp","_links":{"self":[{"href":"https:\/\/koningdrone.be\/fr\/wp-json\/wp\/v2\/product\/2760","targetHints":{"allow":["GET"]}}],"collection":[{"href":"https:\/\/koningdrone.be\/fr\/wp-json\/wp\/v2\/product"}],"about":[{"href":"https:\/\/koningdrone.be\/fr\/wp-json\/wp\/v2\/types\/product"}],"wp:featuredmedia":[{"embeddable":true,"href":"https:\/\/koningdrone.be\/fr\/wp-json\/wp\/v2\/media\/2755"}],"wp:attachment":[{"href":"https:\/\/koningdrone.be\/fr\/wp-json\/wp\/v2\/media?parent=2760"}],"wp:term":[{"taxonomy":"product_brand","embeddable":true,"href":"https:\/\/koningdrone.be\/fr\/wp-json\/wp\/v2\/product_brand?post=2760"},{"taxonomy":"product_cat","embeddable":true,"href":"https:\/\/koningdrone.be\/fr\/wp-json\/wp\/v2\/product_cat?post=2760"},{"taxonomy":"product_tag","embeddable":true,"href":"https:\/\/koningdrone.be\/fr\/wp-json\/wp\/v2\/product_tag?post=2760"}],"curies":[{"name":"wp","href":"https:\/\/api.w.org\/{rel}","templated":true}]}}