{"id":2741,"date":"2024-09-05T11:59:05","date_gmt":"2024-09-05T09:59:05","guid":{"rendered":"https:\/\/koningdrone.nl\/kon\/product\/insta360-go-3-go-3s-magnet-pendant\/"},"modified":"2026-04-30T11:10:19","modified_gmt":"2026-04-30T09:10:19","slug":"insta360-go-3-go-3s-magnet-pendant","status":"publish","type":"product","link":"https:\/\/koningdrone.be\/fr\/produit\/insta360-go-3-go-3s-magnet-pendant\/","title":{"rendered":"Insta360 Go 3\/Go 3S Pendentif aimant\u00e9"},"content":{"rendered":"<p>Le pendentif magn\u00e9tique Insta360 GO 3S est un accessoire pratique et mains libres qui vous permet d'attacher votre cam\u00e9ra \u00e0 un pendentif magn\u00e9tique que vous portez autour du cou. Cette conception permet de garder votre cam\u00e9ra accessible et en s\u00e9curit\u00e9, de r\u00e9duire le risque de chute et de s'assurer qu'elle est toujours pr\u00eate pour des prises de vue rapides.<\/p>","protected":false},"excerpt":{"rendered":"<ul>\n<li>Lib\u00e9rez vos mains pour des prises de vue POV parfaites.<\/li>\n<li>Panneau arri\u00e8re en silicone lisse et incurv\u00e9.<\/li>\n<li>La nouvelle conception du cordon permet de le ranger plus facilement et de le porter plus confortablement.<\/li>\n<li>Utilisez le nouveau Easy Clip pour des angles plus flexibles.<\/li>\n<\/ul>","protected":false},"featured_media":2736,"template":"","meta":{"_acf_changed":false},"product_brand":[],"product_cat":[97,343],"product_tag":[],"class_list":{"0":"post-2741","1":"product","2":"type-product","3":"status-publish","4":"has-post-thumbnail","6":"product_cat-alle-producten","7":"product_cat-insta360","8":"product_shipping_class-outofstock","9":"pa_brand-insta360","10":"pa_productfamily-magneet-hanger","11":"pa_producttype-magneet-hanger","12":"pa_series-insta360-go","14":"first","15":"outofstock","16":"taxable","17":"shipping-taxable","18":"product-type-simple"},"acf":[],"yoast_head":"<!-- This site is optimized with the Yoast SEO Premium plugin v27.2 (Yoast SEO v27.2) - https:\/\/yoast.com\/product\/yoast-seo-premium-wordpress\/ -->\n<title>Insta360 Go 3\/Go 3S Magnet Pendant - koningdrone.be<\/title>\n<meta name=\"robots\" content=\"index, follow, max-snippet:-1, max-image-preview:large, max-video-preview:-1\" \/>\n<link rel=\"canonical\" href=\"https:\/\/koningdrone.be\/fr\/produit\/insta360-go-3-go-3s-magnet-pendant\/\" \/>\n<meta property=\"og:locale\" content=\"fr_FR\" \/>\n<meta property=\"og:type\" content=\"article\" \/>\n<meta property=\"og:title\" content=\"Insta360 Go 3\/Go 3S Magnet Pendant\" \/>\n<meta property=\"og:description\" content=\"Maak je handen vrij voor perfecte POV-opnamen.Glad, gebogen siliconen achterpaneel.Vernieuwd koordontwerp maakt het makkelijker op te bergen en comfortabeler om te dragen.Gebruik de nieuwe Easy Clip voor flexibelere hoeken.\" \/>\n<meta property=\"og:url\" content=\"https:\/\/koningdrone.be\/fr\/produit\/insta360-go-3-go-3s-magnet-pendant\/\" \/>\n<meta property=\"og:site_name\" content=\"koningdrone.be\" \/>\n<meta property=\"article:modified_time\" content=\"2026-04-30T09:10:19+00:00\" \/>\n<meta property=\"og:image\" content=\"https:\/\/koningdrone.be\/wp-content\/uploads\/sites\/13\/2025\/04\/731_e0dc57c8-6e7e-482c-b670-9091a4c993ee.webp\" \/>\n\t<meta property=\"og:image:width\" content=\"1280\" \/>\n\t<meta property=\"og:image:height\" content=\"1280\" \/>\n\t<meta property=\"og:image:type\" content=\"image\/webp\" \/>\n<meta name=\"twitter:card\" content=\"summary_large_image\" \/>\n<script type=\"application\/ld+json\" class=\"yoast-schema-graph\">{\"@context\":\"https:\/\/schema.org\",\"@graph\":[{\"@type\":\"WebPage\",\"@id\":\"https:\/\/koningdrone.be\/product\/insta360-go-3-go-3s-magnet-pendant\/\",\"url\":\"https:\/\/koningdrone.be\/product\/insta360-go-3-go-3s-magnet-pendant\/\",\"name\":\"Insta360 Go 3\/Go 3S Magnet Pendant - koningdrone.be\",\"isPartOf\":{\"@id\":\"https:\/\/koningdrone.be\/#website\"},\"primaryImageOfPage\":{\"@id\":\"https:\/\/koningdrone.be\/product\/insta360-go-3-go-3s-magnet-pendant\/#primaryimage\"},\"image\":{\"@id\":\"https:\/\/koningdrone.be\/product\/insta360-go-3-go-3s-magnet-pendant\/#primaryimage\"},\"thumbnailUrl\":\"https:\/\/koningdrone.be\/wp-content\/uploads\/sites\/13\/2025\/04\/731_e0dc57c8-6e7e-482c-b670-9091a4c993ee.webp\",\"datePublished\":\"2024-09-05T09:59:05+00:00\",\"dateModified\":\"2026-04-30T09:10:19+00:00\",\"breadcrumb\":{\"@id\":\"https:\/\/koningdrone.be\/product\/insta360-go-3-go-3s-magnet-pendant\/#breadcrumb\"},\"inLanguage\":\"fr-BE\",\"potentialAction\":[{\"@type\":\"ReadAction\",\"target\":[\"https:\/\/koningdrone.be\/product\/insta360-go-3-go-3s-magnet-pendant\/\"]}]},{\"@type\":\"ImageObject\",\"inLanguage\":\"fr-BE\",\"@id\":\"https:\/\/koningdrone.be\/product\/insta360-go-3-go-3s-magnet-pendant\/#primaryimage\",\"url\":\"https:\/\/koningdrone.be\/wp-content\/uploads\/sites\/13\/2025\/04\/731_e0dc57c8-6e7e-482c-b670-9091a4c993ee.webp\",\"contentUrl\":\"https:\/\/koningdrone.be\/wp-content\/uploads\/sites\/13\/2025\/04\/731_e0dc57c8-6e7e-482c-b670-9091a4c993ee.webp\",\"width\":1280,\"height\":1280},{\"@type\":\"BreadcrumbList\",\"@id\":\"https:\/\/koningdrone.be\/product\/insta360-go-3-go-3s-magnet-pendant\/#breadcrumb\",\"itemListElement\":[{\"@type\":\"ListItem\",\"position\":1,\"name\":\"Home\",\"item\":\"https:\/\/koningdrone.be\/\"},{\"@type\":\"ListItem\",\"position\":2,\"name\":\"AVSS Parachute Recovery System for DJI Matrice 300\/350\",\"item\":\"https:\/\/koningdrone.be\/product\/avss-parachute-recovery-system-for-dji-matrice-300-350\/\"},{\"@type\":\"ListItem\",\"position\":3,\"name\":\"Alle producten\",\"item\":\"https:\/\/koningdrone.be\/categorie\/alle-producten\/\"},{\"@type\":\"ListItem\",\"position\":4,\"name\":\"Insta360 Go 3\/Go 3S Magnet Pendant\"}]},{\"@type\":\"WebSite\",\"@id\":\"https:\/\/koningdrone.be\/#website\",\"url\":\"https:\/\/koningdrone.be\/\",\"name\":\"Koningdrone.be - Uw online specialist in drones, gimbals, camera's en power stations.\",\"description\":\"De webshop in drones en gimbals\",\"publisher\":{\"@id\":\"https:\/\/koningdrone.be\/#organization\"},\"potentialAction\":[{\"@type\":\"SearchAction\",\"target\":{\"@type\":\"EntryPoint\",\"urlTemplate\":\"https:\/\/koningdrone.be\/?s={search_term_string}\"},\"query-input\":{\"@type\":\"PropertyValueSpecification\",\"valueRequired\":true,\"valueName\":\"search_term_string\"}}],\"inLanguage\":\"fr-BE\"},{\"@type\":\"Organization\",\"@id\":\"https:\/\/koningdrone.be\/#organization\",\"name\":\"Koningdrone.be\",\"url\":\"https:\/\/koningdrone.be\/\",\"logo\":{\"@type\":\"ImageObject\",\"inLanguage\":\"fr-BE\",\"@id\":\"https:\/\/koningdrone.be\/#\/schema\/logo\/image\/\",\"url\":\"https:\/\/koningdrone.be\/wp-content\/uploads\/sites\/13\/2025\/04\/koningdrone-copyright-logo.svg\",\"contentUrl\":\"https:\/\/koningdrone.be\/wp-content\/uploads\/sites\/13\/2025\/04\/koningdrone-copyright-logo.svg\",\"width\":227,\"height\":38,\"caption\":\"Koningdrone.be\"},\"image\":{\"@id\":\"https:\/\/koningdrone.be\/#\/schema\/logo\/image\/\"}}]}<\/script>\n<!-- \/ Yoast SEO Premium plugin. -->","yoast_head_json":{"title":"Insta360 Go 3\/Go 3S Magnet Pendant - koningdrone.be","robots":{"index":"index","follow":"follow","max-snippet":"max-snippet:-1","max-image-preview":"max-image-preview:large","max-video-preview":"max-video-preview:-1"},"canonical":"https:\/\/koningdrone.be\/fr\/produit\/insta360-go-3-go-3s-magnet-pendant\/","og_locale":"fr_FR","og_type":"article","og_title":"Insta360 Go 3\/Go 3S Magnet Pendant","og_description":"Maak je handen vrij voor perfecte POV-opnamen.Glad, gebogen siliconen achterpaneel.Vernieuwd koordontwerp maakt het makkelijker op te bergen en comfortabeler om te dragen.Gebruik de nieuwe Easy Clip voor flexibelere hoeken.","og_url":"https:\/\/koningdrone.be\/fr\/produit\/insta360-go-3-go-3s-magnet-pendant\/","og_site_name":"koningdrone.be","article_modified_time":"2026-04-30T09:10:19+00:00","og_image":[{"width":1280,"height":1280,"url":"https:\/\/koningdrone.be\/wp-content\/uploads\/sites\/13\/2025\/04\/731_e0dc57c8-6e7e-482c-b670-9091a4c993ee.webp","type":"image\/webp"}],"twitter_card":"summary_large_image","schema":{"@context":"https:\/\/schema.org","@graph":[{"@type":"WebPage","@id":"https:\/\/koningdrone.be\/product\/insta360-go-3-go-3s-magnet-pendant\/","url":"https:\/\/koningdrone.be\/product\/insta360-go-3-go-3s-magnet-pendant\/","name":"Insta360 Go 3\/Go 3S Magnet Pendant - koningdrone.be","isPartOf":{"@id":"https:\/\/koningdrone.be\/#website"},"primaryImageOfPage":{"@id":"https:\/\/koningdrone.be\/product\/insta360-go-3-go-3s-magnet-pendant\/#primaryimage"},"image":{"@id":"https:\/\/koningdrone.be\/product\/insta360-go-3-go-3s-magnet-pendant\/#primaryimage"},"thumbnailUrl":"https:\/\/koningdrone.be\/wp-content\/uploads\/sites\/13\/2025\/04\/731_e0dc57c8-6e7e-482c-b670-9091a4c993ee.webp","datePublished":"2024-09-05T09:59:05+00:00","dateModified":"2026-04-30T09:10:19+00:00","breadcrumb":{"@id":"https:\/\/koningdrone.be\/product\/insta360-go-3-go-3s-magnet-pendant\/#breadcrumb"},"inLanguage":"fr-BE","potentialAction":[{"@type":"ReadAction","target":["https:\/\/koningdrone.be\/product\/insta360-go-3-go-3s-magnet-pendant\/"]}]},{"@type":"ImageObject","inLanguage":"fr-BE","@id":"https:\/\/koningdrone.be\/product\/insta360-go-3-go-3s-magnet-pendant\/#primaryimage","url":"https:\/\/koningdrone.be\/wp-content\/uploads\/sites\/13\/2025\/04\/731_e0dc57c8-6e7e-482c-b670-9091a4c993ee.webp","contentUrl":"https:\/\/koningdrone.be\/wp-content\/uploads\/sites\/13\/2025\/04\/731_e0dc57c8-6e7e-482c-b670-9091a4c993ee.webp","width":1280,"height":1280},{"@type":"BreadcrumbList","@id":"https:\/\/koningdrone.be\/product\/insta360-go-3-go-3s-magnet-pendant\/#breadcrumb","itemListElement":[{"@type":"ListItem","position":1,"name":"Home","item":"https:\/\/koningdrone.be\/"},{"@type":"ListItem","position":2,"name":"AVSS Parachute Recovery System for DJI Matrice 300\/350","item":"https:\/\/koningdrone.be\/product\/avss-parachute-recovery-system-for-dji-matrice-300-350\/"},{"@type":"ListItem","position":3,"name":"Alle producten","item":"https:\/\/koningdrone.be\/categorie\/alle-producten\/"},{"@type":"ListItem","position":4,"name":"Insta360 Go 3\/Go 3S Magnet Pendant"}]},{"@type":"WebSite","@id":"https:\/\/koningdrone.be\/#website","url":"https:\/\/koningdrone.be\/","name":"Koningdrone.be - Votre sp\u00e9cialiste en ligne en mati\u00e8re de drones, de cardans, de cam\u00e9ras et de centrales \u00e9lectriques.","description":"La boutique en ligne de drones et de cardans","publisher":{"@id":"https:\/\/koningdrone.be\/#organization"},"potentialAction":[{"@type":"SearchAction","target":{"@type":"EntryPoint","urlTemplate":"https:\/\/koningdrone.be\/?s={search_term_string}"},"query-input":{"@type":"PropertyValueSpecification","valueRequired":true,"valueName":"search_term_string"}}],"inLanguage":"fr-BE"},{"@type":"Organization","@id":"https:\/\/koningdrone.be\/#organization","name":"Kingdrone.co.uk","url":"https:\/\/koningdrone.be\/","logo":{"@type":"ImageObject","inLanguage":"fr-BE","@id":"https:\/\/koningdrone.be\/#\/schema\/logo\/image\/","url":"https:\/\/koningdrone.be\/wp-content\/uploads\/sites\/13\/2025\/04\/koningdrone-copyright-logo.svg","contentUrl":"https:\/\/koningdrone.be\/wp-content\/uploads\/sites\/13\/2025\/04\/koningdrone-copyright-logo.svg","width":227,"height":38,"caption":"Koningdrone.be"},"image":{"@id":"https:\/\/koningdrone.be\/#\/schema\/logo\/image\/"}}]}},"df_price":"","df_sale_price":"","df_regular_price":"","df_image_link":"https:\/\/koningdrone.be\/wp-content\/uploads\/sites\/13\/2025\/04\/731_e0dc57c8-6e7e-482c-b670-9091a4c993ee-300x300.webp","_links":{"self":[{"href":"https:\/\/koningdrone.be\/fr\/wp-json\/wp\/v2\/product\/2741","targetHints":{"allow":["GET"]}}],"collection":[{"href":"https:\/\/koningdrone.be\/fr\/wp-json\/wp\/v2\/product"}],"about":[{"href":"https:\/\/koningdrone.be\/fr\/wp-json\/wp\/v2\/types\/product"}],"wp:featuredmedia":[{"embeddable":true,"href":"https:\/\/koningdrone.be\/fr\/wp-json\/wp\/v2\/media\/2736"}],"wp:attachment":[{"href":"https:\/\/koningdrone.be\/fr\/wp-json\/wp\/v2\/media?parent=2741"}],"wp:term":[{"taxonomy":"product_brand","embeddable":true,"href":"https:\/\/koningdrone.be\/fr\/wp-json\/wp\/v2\/product_brand?post=2741"},{"taxonomy":"product_cat","embeddable":true,"href":"https:\/\/koningdrone.be\/fr\/wp-json\/wp\/v2\/product_cat?post=2741"},{"taxonomy":"product_tag","embeddable":true,"href":"https:\/\/koningdrone.be\/fr\/wp-json\/wp\/v2\/product_tag?post=2741"}],"curies":[{"name":"wp","href":"https:\/\/api.w.org\/{rel}","templated":true}]}}