{"id":2735,"date":"2024-09-18T10:09:21","date_gmt":"2024-09-18T08:09:21","guid":{"rendered":"https:\/\/koningdrone.nl\/kon\/product\/anker-solix-rs40d-balcony-solar-system\/"},"modified":"2025-06-10T14:41:20","modified_gmt":"2025-06-10T12:41:20","slug":"anker-solix-rs40d-balcony-solar-system","status":"publish","type":"product","link":"https:\/\/koningdrone.be\/fr\/produit\/anker-solix-rs40d-balcony-solar-system\/","title":{"rendered":"Syst\u00e8me solaire de balcon ANKER SOLIX RS40D"},"content":{"rendered":"<p>Lot de 2 panneaux solaires rigides Anker Solix RS40D 440W Les panneaux solaires rigides Anker Solix RS40D 440W sont compatibles avec le Solarbank et offrent d'excellentes performances dans toutes les conditions, m\u00eame par temps nuageux. Ils ont une dur\u00e9e de vie allant jusqu'\u00e0 25 ans, une puissance de sortie maximale de 440 W et sont \u00e9tanches gr\u00e2ce \u00e0 la certification IP68.<\/p>","protected":false},"excerpt":{"rendered":"<ul>\n<li>Le syst\u00e8me solaire de balcon ANKER SOLIX RS40D est une solution solaire compacte et \u00e9cologique con\u00e7ue pour la vie urbaine. Id\u00e9al pour les appartements, il offre une production d'\u00e9nergie efficace et une installation facile, ce qui permet de r\u00e9duire les co\u00fbts d'\u00e9lectricit\u00e9 et de promouvoir une utilisation durable de l'\u00e9nergie.<\/li>\n<\/ul>","protected":false},"featured_media":2730,"template":"","meta":{"_acf_changed":false},"product_brand":[],"product_cat":[97,197,415,198],"product_tag":[],"class_list":{"0":"post-2735","1":"product","2":"type-product","3":"status-publish","4":"has-post-thumbnail","6":"product_cat-alle-producten","7":"product_cat-anker","8":"product_cat-energy","9":"product_cat-zonnepanelen","10":"product_shipping_class-outofstock","11":"pa_brand-anker","12":"pa_productfamily-zonnepaneel","13":"pa_producttype-zonnepaneel","14":"pa_series-solix","16":"first","17":"outofstock","18":"taxable","19":"shipping-taxable","20":"product-type-simple"},"acf":[],"yoast_head":"<!-- This site is optimized with the Yoast SEO Premium plugin v27.2 (Yoast SEO v27.2) - https:\/\/yoast.com\/product\/yoast-seo-premium-wordpress\/ -->\n<title>ANKER SOLIX RS40D Balcony Solar System - koningdrone.be<\/title>\n<meta name=\"robots\" content=\"index, follow, max-snippet:-1, max-image-preview:large, max-video-preview:-1\" \/>\n<link rel=\"canonical\" href=\"https:\/\/koningdrone.be\/fr\/produit\/anker-solix-rs40d-balcony-solar-system\/\" \/>\n<meta property=\"og:locale\" content=\"fr_FR\" \/>\n<meta property=\"og:type\" content=\"article\" \/>\n<meta property=\"og:title\" content=\"ANKER SOLIX RS40D Balcony Solar System\" \/>\n<meta property=\"og:description\" content=\"Het ANKER SOLIX RS40D Balcony Solar System is een compacte, milieuvriendelijke zonne-energieoplossing die is ontworpen voor stedelijk wonen. Het is ideaal voor appartementen en biedt effici\u00ebnte stroomopwekking en eenvoudige installatie, waardoor de elektriciteitskosten worden verlaagd en duurzaam energiegebruik wordt gestimuleerd.\" \/>\n<meta property=\"og:url\" content=\"https:\/\/koningdrone.be\/fr\/produit\/anker-solix-rs40d-balcony-solar-system\/\" \/>\n<meta property=\"og:site_name\" content=\"koningdrone.be\" \/>\n<meta property=\"article:modified_time\" content=\"2025-06-10T12:41:20+00:00\" \/>\n<meta property=\"og:image\" content=\"https:\/\/koningdrone.be\/wp-content\/uploads\/sites\/13\/2025\/04\/res_1c8cd05a9be60b225cb5dc4fb68a3220.jpg\" \/>\n\t<meta property=\"og:image:width\" content=\"720\" \/>\n\t<meta property=\"og:image:height\" content=\"720\" \/>\n\t<meta property=\"og:image:type\" content=\"image\/jpeg\" \/>\n<meta name=\"twitter:card\" content=\"summary_large_image\" \/>\n<script type=\"application\/ld+json\" class=\"yoast-schema-graph\">{\"@context\":\"https:\/\/schema.org\",\"@graph\":[{\"@type\":\"WebPage\",\"@id\":\"https:\/\/koningdrone.be\/product\/anker-solix-rs40d-balcony-solar-system\/\",\"url\":\"https:\/\/koningdrone.be\/product\/anker-solix-rs40d-balcony-solar-system\/\",\"name\":\"ANKER SOLIX RS40D Balcony Solar System - koningdrone.be\",\"isPartOf\":{\"@id\":\"https:\/\/koningdrone.be\/#website\"},\"primaryImageOfPage\":{\"@id\":\"https:\/\/koningdrone.be\/product\/anker-solix-rs40d-balcony-solar-system\/#primaryimage\"},\"image\":{\"@id\":\"https:\/\/koningdrone.be\/product\/anker-solix-rs40d-balcony-solar-system\/#primaryimage\"},\"thumbnailUrl\":\"https:\/\/koningdrone.be\/wp-content\/uploads\/sites\/13\/2025\/04\/res_1c8cd05a9be60b225cb5dc4fb68a3220.jpg\",\"datePublished\":\"2024-09-18T08:09:21+00:00\",\"dateModified\":\"2025-06-10T12:41:20+00:00\",\"breadcrumb\":{\"@id\":\"https:\/\/koningdrone.be\/product\/anker-solix-rs40d-balcony-solar-system\/#breadcrumb\"},\"inLanguage\":\"fr-BE\",\"potentialAction\":[{\"@type\":\"ReadAction\",\"target\":[\"https:\/\/koningdrone.be\/product\/anker-solix-rs40d-balcony-solar-system\/\"]}]},{\"@type\":\"ImageObject\",\"inLanguage\":\"fr-BE\",\"@id\":\"https:\/\/koningdrone.be\/product\/anker-solix-rs40d-balcony-solar-system\/#primaryimage\",\"url\":\"https:\/\/koningdrone.be\/wp-content\/uploads\/sites\/13\/2025\/04\/res_1c8cd05a9be60b225cb5dc4fb68a3220.jpg\",\"contentUrl\":\"https:\/\/koningdrone.be\/wp-content\/uploads\/sites\/13\/2025\/04\/res_1c8cd05a9be60b225cb5dc4fb68a3220.jpg\",\"width\":720,\"height\":720},{\"@type\":\"BreadcrumbList\",\"@id\":\"https:\/\/koningdrone.be\/product\/anker-solix-rs40d-balcony-solar-system\/#breadcrumb\",\"itemListElement\":[{\"@type\":\"ListItem\",\"position\":1,\"name\":\"Home\",\"item\":\"https:\/\/koningdrone.be\/\"},{\"@type\":\"ListItem\",\"position\":2,\"name\":\"AVSS Parachute Recovery System for DJI Matrice 300\/350\",\"item\":\"https:\/\/koningdrone.be\/product\/avss-parachute-recovery-system-for-dji-matrice-300-350\/\"},{\"@type\":\"ListItem\",\"position\":3,\"name\":\"Alle producten\",\"item\":\"https:\/\/koningdrone.be\/categorie\/alle-producten\/\"},{\"@type\":\"ListItem\",\"position\":4,\"name\":\"ANKER SOLIX RS40D Balcony Solar System\"}]},{\"@type\":\"WebSite\",\"@id\":\"https:\/\/koningdrone.be\/#website\",\"url\":\"https:\/\/koningdrone.be\/\",\"name\":\"Koningdrone.be - Uw online specialist in drones, gimbals, camera's en power stations.\",\"description\":\"De webshop in drones en gimbals\",\"publisher\":{\"@id\":\"https:\/\/koningdrone.be\/#organization\"},\"potentialAction\":[{\"@type\":\"SearchAction\",\"target\":{\"@type\":\"EntryPoint\",\"urlTemplate\":\"https:\/\/koningdrone.be\/?s={search_term_string}\"},\"query-input\":{\"@type\":\"PropertyValueSpecification\",\"valueRequired\":true,\"valueName\":\"search_term_string\"}}],\"inLanguage\":\"fr-BE\"},{\"@type\":\"Organization\",\"@id\":\"https:\/\/koningdrone.be\/#organization\",\"name\":\"Koningdrone.be\",\"url\":\"https:\/\/koningdrone.be\/\",\"logo\":{\"@type\":\"ImageObject\",\"inLanguage\":\"fr-BE\",\"@id\":\"https:\/\/koningdrone.be\/#\/schema\/logo\/image\/\",\"url\":\"https:\/\/koningdrone.be\/wp-content\/uploads\/sites\/13\/2025\/04\/koningdrone-copyright-logo.svg\",\"contentUrl\":\"https:\/\/koningdrone.be\/wp-content\/uploads\/sites\/13\/2025\/04\/koningdrone-copyright-logo.svg\",\"width\":227,\"height\":38,\"caption\":\"Koningdrone.be\"},\"image\":{\"@id\":\"https:\/\/koningdrone.be\/#\/schema\/logo\/image\/\"}}]}<\/script>\n<!-- \/ Yoast SEO Premium plugin. -->","yoast_head_json":{"title":"ANKER SOLIX RS40D Balcony Solar System - koningdrone.be","robots":{"index":"index","follow":"follow","max-snippet":"max-snippet:-1","max-image-preview":"max-image-preview:large","max-video-preview":"max-video-preview:-1"},"canonical":"https:\/\/koningdrone.be\/fr\/produit\/anker-solix-rs40d-balcony-solar-system\/","og_locale":"fr_FR","og_type":"article","og_title":"ANKER SOLIX RS40D Balcony Solar System","og_description":"Het ANKER SOLIX RS40D Balcony Solar System is een compacte, milieuvriendelijke zonne-energieoplossing die is ontworpen voor stedelijk wonen. Het is ideaal voor appartementen en biedt effici\u00ebnte stroomopwekking en eenvoudige installatie, waardoor de elektriciteitskosten worden verlaagd en duurzaam energiegebruik wordt gestimuleerd.","og_url":"https:\/\/koningdrone.be\/fr\/produit\/anker-solix-rs40d-balcony-solar-system\/","og_site_name":"koningdrone.be","article_modified_time":"2025-06-10T12:41:20+00:00","og_image":[{"width":720,"height":720,"url":"https:\/\/koningdrone.be\/wp-content\/uploads\/sites\/13\/2025\/04\/res_1c8cd05a9be60b225cb5dc4fb68a3220.jpg","type":"image\/jpeg"}],"twitter_card":"summary_large_image","schema":{"@context":"https:\/\/schema.org","@graph":[{"@type":"WebPage","@id":"https:\/\/koningdrone.be\/product\/anker-solix-rs40d-balcony-solar-system\/","url":"https:\/\/koningdrone.be\/product\/anker-solix-rs40d-balcony-solar-system\/","name":"ANKER SOLIX RS40D Balcony Solar System - koningdrone.be","isPartOf":{"@id":"https:\/\/koningdrone.be\/#website"},"primaryImageOfPage":{"@id":"https:\/\/koningdrone.be\/product\/anker-solix-rs40d-balcony-solar-system\/#primaryimage"},"image":{"@id":"https:\/\/koningdrone.be\/product\/anker-solix-rs40d-balcony-solar-system\/#primaryimage"},"thumbnailUrl":"https:\/\/koningdrone.be\/wp-content\/uploads\/sites\/13\/2025\/04\/res_1c8cd05a9be60b225cb5dc4fb68a3220.jpg","datePublished":"2024-09-18T08:09:21+00:00","dateModified":"2025-06-10T12:41:20+00:00","breadcrumb":{"@id":"https:\/\/koningdrone.be\/product\/anker-solix-rs40d-balcony-solar-system\/#breadcrumb"},"inLanguage":"fr-BE","potentialAction":[{"@type":"ReadAction","target":["https:\/\/koningdrone.be\/product\/anker-solix-rs40d-balcony-solar-system\/"]}]},{"@type":"ImageObject","inLanguage":"fr-BE","@id":"https:\/\/koningdrone.be\/product\/anker-solix-rs40d-balcony-solar-system\/#primaryimage","url":"https:\/\/koningdrone.be\/wp-content\/uploads\/sites\/13\/2025\/04\/res_1c8cd05a9be60b225cb5dc4fb68a3220.jpg","contentUrl":"https:\/\/koningdrone.be\/wp-content\/uploads\/sites\/13\/2025\/04\/res_1c8cd05a9be60b225cb5dc4fb68a3220.jpg","width":720,"height":720},{"@type":"BreadcrumbList","@id":"https:\/\/koningdrone.be\/product\/anker-solix-rs40d-balcony-solar-system\/#breadcrumb","itemListElement":[{"@type":"ListItem","position":1,"name":"Home","item":"https:\/\/koningdrone.be\/"},{"@type":"ListItem","position":2,"name":"AVSS Parachute Recovery System for DJI Matrice 300\/350","item":"https:\/\/koningdrone.be\/product\/avss-parachute-recovery-system-for-dji-matrice-300-350\/"},{"@type":"ListItem","position":3,"name":"Alle producten","item":"https:\/\/koningdrone.be\/categorie\/alle-producten\/"},{"@type":"ListItem","position":4,"name":"ANKER SOLIX RS40D Balcony Solar System"}]},{"@type":"WebSite","@id":"https:\/\/koningdrone.be\/#website","url":"https:\/\/koningdrone.be\/","name":"Koningdrone.be - Votre sp\u00e9cialiste en ligne en mati\u00e8re de drones, de cardans, de cam\u00e9ras et de centrales \u00e9lectriques.","description":"La boutique en ligne de drones et de cardans","publisher":{"@id":"https:\/\/koningdrone.be\/#organization"},"potentialAction":[{"@type":"SearchAction","target":{"@type":"EntryPoint","urlTemplate":"https:\/\/koningdrone.be\/?s={search_term_string}"},"query-input":{"@type":"PropertyValueSpecification","valueRequired":true,"valueName":"search_term_string"}}],"inLanguage":"fr-BE"},{"@type":"Organization","@id":"https:\/\/koningdrone.be\/#organization","name":"Kingdrone.co.uk","url":"https:\/\/koningdrone.be\/","logo":{"@type":"ImageObject","inLanguage":"fr-BE","@id":"https:\/\/koningdrone.be\/#\/schema\/logo\/image\/","url":"https:\/\/koningdrone.be\/wp-content\/uploads\/sites\/13\/2025\/04\/koningdrone-copyright-logo.svg","contentUrl":"https:\/\/koningdrone.be\/wp-content\/uploads\/sites\/13\/2025\/04\/koningdrone-copyright-logo.svg","width":227,"height":38,"caption":"Koningdrone.be"},"image":{"@id":"https:\/\/koningdrone.be\/#\/schema\/logo\/image\/"}}]}},"df_price":"","df_sale_price":"","df_regular_price":"","df_image_link":"https:\/\/koningdrone.be\/wp-content\/uploads\/sites\/13\/2025\/04\/res_1c8cd05a9be60b225cb5dc4fb68a3220-300x300.jpg","_links":{"self":[{"href":"https:\/\/koningdrone.be\/fr\/wp-json\/wp\/v2\/product\/2735","targetHints":{"allow":["GET"]}}],"collection":[{"href":"https:\/\/koningdrone.be\/fr\/wp-json\/wp\/v2\/product"}],"about":[{"href":"https:\/\/koningdrone.be\/fr\/wp-json\/wp\/v2\/types\/product"}],"wp:featuredmedia":[{"embeddable":true,"href":"https:\/\/koningdrone.be\/fr\/wp-json\/wp\/v2\/media\/2730"}],"wp:attachment":[{"href":"https:\/\/koningdrone.be\/fr\/wp-json\/wp\/v2\/media?parent=2735"}],"wp:term":[{"taxonomy":"product_brand","embeddable":true,"href":"https:\/\/koningdrone.be\/fr\/wp-json\/wp\/v2\/product_brand?post=2735"},{"taxonomy":"product_cat","embeddable":true,"href":"https:\/\/koningdrone.be\/fr\/wp-json\/wp\/v2\/product_cat?post=2735"},{"taxonomy":"product_tag","embeddable":true,"href":"https:\/\/koningdrone.be\/fr\/wp-json\/wp\/v2\/product_tag?post=2735"}],"curies":[{"name":"wp","href":"https:\/\/api.w.org\/{rel}","templated":true}]}}