{"id":2729,"date":"2024-09-18T10:09:21","date_gmt":"2024-09-18T08:09:21","guid":{"rendered":"https:\/\/koningdrone.nl\/kon\/product\/jackery-battery-pack-1000-plus\/"},"modified":"2026-04-29T14:50:23","modified_gmt":"2026-04-29T12:50:23","slug":"jackery-battery-pack-1000-plus","status":"publish","type":"product","link":"https:\/\/koningdrone.be\/fr\/produit\/jackery-battery-pack-1000-plus\/","title":{"rendered":"BLOC-BATTERIE JACKERY 1000 PLUS"},"content":{"rendered":"<p>Le Jackery Battery Pack 1000 Plus est une batterie d'extension con\u00e7ue pour augmenter la capacit\u00e9 d'alimentation du Jackery Explorer 1000 Plus. Avec une capacit\u00e9 de 1 262 Wh, elle se connecte de mani\u00e8re transparente pour augmenter la consommation d'\u00e9nergie lors d'aventures en plein air, d'une sauvegarde d'urgence ou d'une vie hors r\u00e9seau. La batterie est compacte et l\u00e9g\u00e8re, ce qui la rend portable tout en offrant la flexibilit\u00e9 de connecter plusieurs unit\u00e9s ensemble, augmentant la capacit\u00e9 totale du syst\u00e8me \u00e0 5kWh. Id\u00e9al pour les utilisateurs \u00e0 la recherche de solutions d'\u00e9nergie renouvelable.<\/p>","protected":false},"excerpt":{"rendered":"<ul>\n<li>Grande capacit\u00e9 de 1264Wh<\/li>\n<li>Batterie au phosphate de fer lithi\u00e9 (LiFePO4) \u00e0 longue dur\u00e9e de vie<\/li>\n<li>Dur\u00e9e de vie : conserve une capacit\u00e9 sup\u00e9rieure \u00e0 70% apr\u00e8s 4000 cycles.<\/li>\n<li>Compatibilit\u00e9 exclusive avec le Jackery Explorer 1000 Plus<\/li>\n<li>Extension de la garantie : 3 ans de garantie + 2 ans d'extension de garantie<\/li>\n<\/ul>","protected":false},"featured_media":2726,"template":"","meta":{"_acf_changed":false},"product_brand":[],"product_cat":[113,454,97,415,475,476],"product_tag":[],"class_list":{"0":"post-2729","1":"product","2":"type-product","3":"status-publish","4":"has-post-thumbnail","6":"product_cat-alle-batterijen","7":"product_cat-alle-powerstations","8":"product_cat-alle-producten","9":"product_cat-energy","10":"product_cat-jackery","11":"product_cat-jackery-powerstations","12":"product_shipping_class-outofstock","13":"pa_brand-jackery","14":"pa_productfamily-extra-batterij","15":"pa_producttype-extra-batterij","17":"first","18":"outofstock","19":"taxable","20":"shipping-taxable","21":"product-type-simple"},"acf":[],"yoast_head":"<!-- This site is optimized with the Yoast SEO Premium plugin v27.2 (Yoast SEO v27.2) - https:\/\/yoast.com\/product\/yoast-seo-premium-wordpress\/ -->\n<title>JACKERY BATTERY PACK 1000 PLUS - koningdrone.be<\/title>\n<meta name=\"robots\" content=\"index, follow, max-snippet:-1, max-image-preview:large, max-video-preview:-1\" \/>\n<link rel=\"canonical\" href=\"https:\/\/koningdrone.be\/fr\/produit\/jackery-battery-pack-1000-plus\/\" \/>\n<meta property=\"og:locale\" content=\"fr_FR\" \/>\n<meta property=\"og:type\" content=\"article\" \/>\n<meta property=\"og:title\" content=\"JACKERY BATTERY PACK 1000 PLUS\" \/>\n<meta property=\"og:description\" content=\"Grote capaciteit van 1264Wh  Duurzame lithium-ijzerfosfaatbatterij (LiFePO4)  Levensduur: Behoudt meer dan 70% capaciteit na 4000 cycli  Exclusieve compatibiliteit met Jackery Explorer 1000 Plus  Garantie uitbreiding: 3 jaar garantie + 2 jaar verlengde garantie\" \/>\n<meta property=\"og:url\" content=\"https:\/\/koningdrone.be\/fr\/produit\/jackery-battery-pack-1000-plus\/\" \/>\n<meta property=\"og:site_name\" content=\"koningdrone.be\" \/>\n<meta property=\"article:modified_time\" content=\"2026-04-29T12:50:23+00:00\" \/>\n<meta property=\"og:image\" content=\"https:\/\/koningdrone.be\/wp-content\/uploads\/sites\/13\/2025\/04\/1000_739115af-e706-4583-90cd-6413c434305d.jpg\" \/>\n\t<meta property=\"og:image:width\" content=\"1080\" \/>\n\t<meta property=\"og:image:height\" content=\"1080\" \/>\n\t<meta property=\"og:image:type\" content=\"image\/jpeg\" \/>\n<meta name=\"twitter:card\" content=\"summary_large_image\" \/>\n<script type=\"application\/ld+json\" class=\"yoast-schema-graph\">{\"@context\":\"https:\/\/schema.org\",\"@graph\":[{\"@type\":\"WebPage\",\"@id\":\"https:\/\/koningdrone.be\/product\/jackery-battery-pack-1000-plus\/\",\"url\":\"https:\/\/koningdrone.be\/product\/jackery-battery-pack-1000-plus\/\",\"name\":\"JACKERY BATTERY PACK 1000 PLUS - koningdrone.be\",\"isPartOf\":{\"@id\":\"https:\/\/koningdrone.be\/#website\"},\"primaryImageOfPage\":{\"@id\":\"https:\/\/koningdrone.be\/product\/jackery-battery-pack-1000-plus\/#primaryimage\"},\"image\":{\"@id\":\"https:\/\/koningdrone.be\/product\/jackery-battery-pack-1000-plus\/#primaryimage\"},\"thumbnailUrl\":\"https:\/\/koningdrone.be\/wp-content\/uploads\/sites\/13\/2025\/04\/1000_739115af-e706-4583-90cd-6413c434305d.jpg\",\"datePublished\":\"2024-09-18T08:09:21+00:00\",\"dateModified\":\"2026-04-29T12:50:23+00:00\",\"breadcrumb\":{\"@id\":\"https:\/\/koningdrone.be\/product\/jackery-battery-pack-1000-plus\/#breadcrumb\"},\"inLanguage\":\"fr-BE\",\"potentialAction\":[{\"@type\":\"ReadAction\",\"target\":[\"https:\/\/koningdrone.be\/product\/jackery-battery-pack-1000-plus\/\"]}]},{\"@type\":\"ImageObject\",\"inLanguage\":\"fr-BE\",\"@id\":\"https:\/\/koningdrone.be\/product\/jackery-battery-pack-1000-plus\/#primaryimage\",\"url\":\"https:\/\/koningdrone.be\/wp-content\/uploads\/sites\/13\/2025\/04\/1000_739115af-e706-4583-90cd-6413c434305d.jpg\",\"contentUrl\":\"https:\/\/koningdrone.be\/wp-content\/uploads\/sites\/13\/2025\/04\/1000_739115af-e706-4583-90cd-6413c434305d.jpg\",\"width\":1080,\"height\":1080},{\"@type\":\"BreadcrumbList\",\"@id\":\"https:\/\/koningdrone.be\/product\/jackery-battery-pack-1000-plus\/#breadcrumb\",\"itemListElement\":[{\"@type\":\"ListItem\",\"position\":1,\"name\":\"Home\",\"item\":\"https:\/\/koningdrone.be\/\"},{\"@type\":\"ListItem\",\"position\":2,\"name\":\"AVSS Parachute Recovery System for DJI Matrice 300\/350\",\"item\":\"https:\/\/koningdrone.be\/product\/avss-parachute-recovery-system-for-dji-matrice-300-350\/\"},{\"@type\":\"ListItem\",\"position\":3,\"name\":\"Alle batterijen\",\"item\":\"https:\/\/koningdrone.be\/categorie\/alle-batterijen\/\"},{\"@type\":\"ListItem\",\"position\":4,\"name\":\"JACKERY BATTERY PACK 1000 PLUS\"}]},{\"@type\":\"WebSite\",\"@id\":\"https:\/\/koningdrone.be\/#website\",\"url\":\"https:\/\/koningdrone.be\/\",\"name\":\"Koningdrone.be - Uw online specialist in drones, gimbals, camera's en power stations.\",\"description\":\"De webshop in drones en gimbals\",\"publisher\":{\"@id\":\"https:\/\/koningdrone.be\/#organization\"},\"potentialAction\":[{\"@type\":\"SearchAction\",\"target\":{\"@type\":\"EntryPoint\",\"urlTemplate\":\"https:\/\/koningdrone.be\/?s={search_term_string}\"},\"query-input\":{\"@type\":\"PropertyValueSpecification\",\"valueRequired\":true,\"valueName\":\"search_term_string\"}}],\"inLanguage\":\"fr-BE\"},{\"@type\":\"Organization\",\"@id\":\"https:\/\/koningdrone.be\/#organization\",\"name\":\"Koningdrone.be\",\"url\":\"https:\/\/koningdrone.be\/\",\"logo\":{\"@type\":\"ImageObject\",\"inLanguage\":\"fr-BE\",\"@id\":\"https:\/\/koningdrone.be\/#\/schema\/logo\/image\/\",\"url\":\"https:\/\/koningdrone.be\/wp-content\/uploads\/sites\/13\/2025\/04\/koningdrone-copyright-logo.svg\",\"contentUrl\":\"https:\/\/koningdrone.be\/wp-content\/uploads\/sites\/13\/2025\/04\/koningdrone-copyright-logo.svg\",\"width\":227,\"height\":38,\"caption\":\"Koningdrone.be\"},\"image\":{\"@id\":\"https:\/\/koningdrone.be\/#\/schema\/logo\/image\/\"}}]}<\/script>\n<!-- \/ Yoast SEO Premium plugin. -->","yoast_head_json":{"title":"JACKERY BATTERY PACK 1000 PLUS - koningdrone.be","robots":{"index":"index","follow":"follow","max-snippet":"max-snippet:-1","max-image-preview":"max-image-preview:large","max-video-preview":"max-video-preview:-1"},"canonical":"https:\/\/koningdrone.be\/fr\/produit\/jackery-battery-pack-1000-plus\/","og_locale":"fr_FR","og_type":"article","og_title":"JACKERY BATTERY PACK 1000 PLUS","og_description":"Grote capaciteit van 1264Wh  Duurzame lithium-ijzerfosfaatbatterij (LiFePO4)  Levensduur: Behoudt meer dan 70% capaciteit na 4000 cycli  Exclusieve compatibiliteit met Jackery Explorer 1000 Plus  Garantie uitbreiding: 3 jaar garantie + 2 jaar verlengde garantie","og_url":"https:\/\/koningdrone.be\/fr\/produit\/jackery-battery-pack-1000-plus\/","og_site_name":"koningdrone.be","article_modified_time":"2026-04-29T12:50:23+00:00","og_image":[{"width":1080,"height":1080,"url":"https:\/\/koningdrone.be\/wp-content\/uploads\/sites\/13\/2025\/04\/1000_739115af-e706-4583-90cd-6413c434305d.jpg","type":"image\/jpeg"}],"twitter_card":"summary_large_image","schema":{"@context":"https:\/\/schema.org","@graph":[{"@type":"WebPage","@id":"https:\/\/koningdrone.be\/product\/jackery-battery-pack-1000-plus\/","url":"https:\/\/koningdrone.be\/product\/jackery-battery-pack-1000-plus\/","name":"JACKERY BATTERY PACK 1000 PLUS - koningdrone.be","isPartOf":{"@id":"https:\/\/koningdrone.be\/#website"},"primaryImageOfPage":{"@id":"https:\/\/koningdrone.be\/product\/jackery-battery-pack-1000-plus\/#primaryimage"},"image":{"@id":"https:\/\/koningdrone.be\/product\/jackery-battery-pack-1000-plus\/#primaryimage"},"thumbnailUrl":"https:\/\/koningdrone.be\/wp-content\/uploads\/sites\/13\/2025\/04\/1000_739115af-e706-4583-90cd-6413c434305d.jpg","datePublished":"2024-09-18T08:09:21+00:00","dateModified":"2026-04-29T12:50:23+00:00","breadcrumb":{"@id":"https:\/\/koningdrone.be\/product\/jackery-battery-pack-1000-plus\/#breadcrumb"},"inLanguage":"fr-BE","potentialAction":[{"@type":"ReadAction","target":["https:\/\/koningdrone.be\/product\/jackery-battery-pack-1000-plus\/"]}]},{"@type":"ImageObject","inLanguage":"fr-BE","@id":"https:\/\/koningdrone.be\/product\/jackery-battery-pack-1000-plus\/#primaryimage","url":"https:\/\/koningdrone.be\/wp-content\/uploads\/sites\/13\/2025\/04\/1000_739115af-e706-4583-90cd-6413c434305d.jpg","contentUrl":"https:\/\/koningdrone.be\/wp-content\/uploads\/sites\/13\/2025\/04\/1000_739115af-e706-4583-90cd-6413c434305d.jpg","width":1080,"height":1080},{"@type":"BreadcrumbList","@id":"https:\/\/koningdrone.be\/product\/jackery-battery-pack-1000-plus\/#breadcrumb","itemListElement":[{"@type":"ListItem","position":1,"name":"Home","item":"https:\/\/koningdrone.be\/"},{"@type":"ListItem","position":2,"name":"AVSS Parachute Recovery System for DJI Matrice 300\/350","item":"https:\/\/koningdrone.be\/product\/avss-parachute-recovery-system-for-dji-matrice-300-350\/"},{"@type":"ListItem","position":3,"name":"Alle batterijen","item":"https:\/\/koningdrone.be\/categorie\/alle-batterijen\/"},{"@type":"ListItem","position":4,"name":"JACKERY BATTERY PACK 1000 PLUS"}]},{"@type":"WebSite","@id":"https:\/\/koningdrone.be\/#website","url":"https:\/\/koningdrone.be\/","name":"Koningdrone.be - Votre sp\u00e9cialiste en ligne en mati\u00e8re de drones, de cardans, de cam\u00e9ras et de centrales \u00e9lectriques.","description":"La boutique en ligne de drones et de cardans","publisher":{"@id":"https:\/\/koningdrone.be\/#organization"},"potentialAction":[{"@type":"SearchAction","target":{"@type":"EntryPoint","urlTemplate":"https:\/\/koningdrone.be\/?s={search_term_string}"},"query-input":{"@type":"PropertyValueSpecification","valueRequired":true,"valueName":"search_term_string"}}],"inLanguage":"fr-BE"},{"@type":"Organization","@id":"https:\/\/koningdrone.be\/#organization","name":"Kingdrone.co.uk","url":"https:\/\/koningdrone.be\/","logo":{"@type":"ImageObject","inLanguage":"fr-BE","@id":"https:\/\/koningdrone.be\/#\/schema\/logo\/image\/","url":"https:\/\/koningdrone.be\/wp-content\/uploads\/sites\/13\/2025\/04\/koningdrone-copyright-logo.svg","contentUrl":"https:\/\/koningdrone.be\/wp-content\/uploads\/sites\/13\/2025\/04\/koningdrone-copyright-logo.svg","width":227,"height":38,"caption":"Koningdrone.be"},"image":{"@id":"https:\/\/koningdrone.be\/#\/schema\/logo\/image\/"}}]}},"df_price":"","df_sale_price":"","df_regular_price":"","df_image_link":"https:\/\/koningdrone.be\/wp-content\/uploads\/sites\/13\/2025\/04\/1000_739115af-e706-4583-90cd-6413c434305d-300x300.jpg","_links":{"self":[{"href":"https:\/\/koningdrone.be\/fr\/wp-json\/wp\/v2\/product\/2729","targetHints":{"allow":["GET"]}}],"collection":[{"href":"https:\/\/koningdrone.be\/fr\/wp-json\/wp\/v2\/product"}],"about":[{"href":"https:\/\/koningdrone.be\/fr\/wp-json\/wp\/v2\/types\/product"}],"wp:featuredmedia":[{"embeddable":true,"href":"https:\/\/koningdrone.be\/fr\/wp-json\/wp\/v2\/media\/2726"}],"wp:attachment":[{"href":"https:\/\/koningdrone.be\/fr\/wp-json\/wp\/v2\/media?parent=2729"}],"wp:term":[{"taxonomy":"product_brand","embeddable":true,"href":"https:\/\/koningdrone.be\/fr\/wp-json\/wp\/v2\/product_brand?post=2729"},{"taxonomy":"product_cat","embeddable":true,"href":"https:\/\/koningdrone.be\/fr\/wp-json\/wp\/v2\/product_cat?post=2729"},{"taxonomy":"product_tag","embeddable":true,"href":"https:\/\/koningdrone.be\/fr\/wp-json\/wp\/v2\/product_tag?post=2729"}],"curies":[{"name":"wp","href":"https:\/\/api.w.org\/{rel}","templated":true}]}}