{"id":2711,"date":"2024-09-18T10:09:21","date_gmt":"2024-09-18T08:09:21","guid":{"rendered":"https:\/\/koningdrone.nl\/kon\/product\/jackery-explorer-300-plus-portable-power-station-entry-level\/"},"modified":"2025-05-20T14:30:53","modified_gmt":"2025-05-20T12:30:53","slug":"jackery-explorer-300-plus-portable-power-station-entry-level","status":"publish","type":"product","link":"https:\/\/koningdrone.be\/fr\/produit\/jackery-explorer-300-plus-portable-power-station-entry-level\/","title":{"rendered":"Jackery Explorer 300 plus - Centrale \u00e9lectrique portable d'entr\u00e9e de gamme"},"content":{"rendered":"<p><span style=\"vertical-align: inherit\"><span style=\"vertical-align: inherit\"><span style=\"vertical-align: inherit\"><span style=\"vertical-align: inherit\"><span style=\"vertical-align: inherit\"><span style=\"vertical-align: inherit\">La station d'alimentation portable Jackery Explorer 300 Plus est une solution d'alimentation compacte et polyvalente con\u00e7ue pour les aventures en plein air, la sauvegarde en cas d'urgence ou l'utilisation \u00e0 domicile. Elle offre une capacit\u00e9 de 288Wh et prend en charge plusieurs appareils avec des ports CA, USB et CC, y compris des options de charge rapide. Sa compatibilit\u00e9 solaire et sa l\u00e9g\u00e8ret\u00e9 en font la solution id\u00e9ale pour alimenter les petits appareils \u00e9lectrom\u00e9nagers, les appareils \u00e9lectroniques et les appareils mobiles en d\u00e9placement. L'unit\u00e9 est dot\u00e9e d'une poign\u00e9e int\u00e9gr\u00e9e pour faciliter le transport et peut \u00eatre recharg\u00e9e via des prises murales, des adaptateurs de voiture ou des panneaux solaires, fournissant ainsi une alimentation fiable \u00e0 l'endroit et au moment voulus.<\/span><\/span><\/span><\/span><\/span><\/span><\/p>","protected":false},"excerpt":{"rendered":"<ul>\n<li><span style=\"vertical-align: inherit\"><span style=\"vertical-align: inherit\"><span style=\"vertical-align: inherit\"><span style=\"vertical-align: inherit\"><span style=\"vertical-align: inherit\"><span style=\"vertical-align: inherit\">De l'\u00e9nergie en d\u00e9placement : Pesant seulement 8,27 kg, il est id\u00e9al pour le camping, les voyages et bien plus encore.<\/span><\/span><\/span><\/span><\/span><\/span><\/li>\n<li><\/li>\n<li><span style=\"vertical-align: inherit\"><span style=\"vertical-align: inherit\"><span style=\"vertical-align: inherit\"><span style=\"vertical-align: inherit\"><span style=\"vertical-align: inherit\"><span style=\"vertical-align: inherit\">S\u00e9curit\u00e9 totale : s\u00e9curit\u00e9 maximale gr\u00e2ce \u00e0 52 m\u00e9canismes de protection, 12 algorithmes BMS et 4 types de protection physique.<\/span><\/span><\/span><\/span><\/span><\/span><\/li>\n<li><\/li>\n<li><span style=\"vertical-align: inherit\"><span style=\"vertical-align: inherit\"><span style=\"vertical-align: inherit\"><span style=\"vertical-align: inherit\"><span style=\"vertical-align: inherit\"><span style=\"vertical-align: inherit\">Fiabilit\u00e9 sup\u00e9rieure : FCC\/CE, UL 94V-0 retardateur de flammes, classe 9 r\u00e9sistant aux chocs et certifi\u00e9 UL pour 300 Plus.<\/span><\/span><\/span><\/span><\/span><\/span><\/li>\n<li><\/li>\n<li><span style=\"vertical-align: inherit\"><span style=\"vertical-align: inherit\"><span style=\"vertical-align: inherit\"><span style=\"vertical-align: inherit\"><span style=\"vertical-align: inherit\"><span style=\"vertical-align: inherit\">Longue dur\u00e9e de vie : la batterie dure 50% plus longtemps. Les batteries LFP (LiFePO4) \u00e0 longue dur\u00e9e de vie, combin\u00e9es aux protections BMS, garantissent une dur\u00e9e d'utilisation allant jusqu'\u00e0 10 ans, m\u00eame lorsque la batterie est recharg\u00e9e tous les 3 jours.<\/span><\/span><\/span><\/span><\/span><\/span><\/li>\n<li><\/li>\n<li><span style=\"vertical-align: inherit\"><span style=\"vertical-align: inherit\"><span style=\"vertical-align: inherit\"><span style=\"vertical-align: inherit\"><span style=\"vertical-align: inherit\"><span style=\"vertical-align: inherit\">Contr\u00f4le par application intelligente : gestion ais\u00e9e de la batterie via Wi-Fi ou Bluetooth<\/span><\/span><\/span><\/span><\/span><\/span><\/li>\n<li><span style=\"vertical-align: inherit\"><span style=\"vertical-align: inherit\"><span style=\"vertical-align: inherit\"><span style=\"vertical-align: inherit\"><span style=\"vertical-align: inherit\"><span style=\"vertical-align: inherit\">Extension de garantie : 3 ans de garantie + 2 ans d'extension de garantie.<\/span><\/span><\/span><\/span><\/span><\/span><\/li>\n<\/ul>","protected":false},"featured_media":2705,"template":"","meta":{"_acf_changed":false},"product_brand":[],"product_cat":[454,97,415,475,476],"product_tag":[],"class_list":{"0":"post-2711","1":"product","2":"type-product","3":"status-publish","4":"has-post-thumbnail","6":"product_cat-alle-powerstations","7":"product_cat-alle-producten","8":"product_cat-energy","9":"product_cat-jackery","10":"product_cat-jackery-powerstations","11":"product_shipping_class-v2futureall","12":"pa_brand-jackery","13":"pa_productfamily-draagbare-krachtcentrale","14":"pa_producttype-draagbare-krachtcentrale","15":"pa_series-explorer","17":"first","18":"instock","19":"taxable","20":"shipping-taxable","21":"purchasable","22":"product-type-simple"},"acf":[],"yoast_head":"<!-- This site is optimized with the Yoast SEO Premium plugin v27.2 (Yoast SEO v27.2) - https:\/\/yoast.com\/product\/yoast-seo-premium-wordpress\/ -->\n<title>Jackery Explorer 300 plus - Portable Power station entry-level - koningdrone.be<\/title>\n<meta name=\"robots\" content=\"index, follow, max-snippet:-1, max-image-preview:large, max-video-preview:-1\" \/>\n<link rel=\"canonical\" href=\"https:\/\/koningdrone.be\/fr\/produit\/jackery-explorer-300-plus-portable-power-station-entry-level\/\" \/>\n<meta property=\"og:locale\" content=\"fr_FR\" \/>\n<meta property=\"og:type\" content=\"article\" \/>\n<meta property=\"og:title\" content=\"Jackery Explorer 300 plus - Portable Power station entry-level\" \/>\n<meta property=\"og:description\" content=\"Power on the go: Weighing just 8.27kg, it&#039;s ideal for camping, traveling and more.    All-round safety: Maximum safety with 52 protection mechanisms, 12 BMS algorithms and 4 types of physical protection.    Superior Reliability: FCC\/CE, UL 94V-0 Flame Retardant, Class 9 Impact Resistant and UL Certified for 300 Plus.    Long life: battery lasts 50% longer. Long-lasting LFP batteries (LiFePO4) combined with BMS protections ensure a usage time of up to 10 years, even when the battery is charged every 3 days.    Smart app control: Easy battery management via Wi-Fi or Bluetooth  Warranty extension: 3 years warranty + 2 years extended warranty.\" \/>\n<meta property=\"og:url\" content=\"https:\/\/koningdrone.be\/fr\/produit\/jackery-explorer-300-plus-portable-power-station-entry-level\/\" \/>\n<meta property=\"og:site_name\" content=\"koningdrone.be\" \/>\n<meta property=\"article:modified_time\" content=\"2025-05-20T12:30:53+00:00\" \/>\n<meta property=\"og:image\" content=\"https:\/\/koningdrone.be\/wp-content\/uploads\/sites\/13\/2025\/04\/Jackery-300-2-1.webp\" \/>\n\t<meta property=\"og:image:width\" content=\"919\" \/>\n\t<meta property=\"og:image:height\" content=\"876\" \/>\n\t<meta property=\"og:image:type\" content=\"image\/webp\" \/>\n<meta name=\"twitter:card\" content=\"summary_large_image\" \/>\n<script type=\"application\/ld+json\" class=\"yoast-schema-graph\">{\"@context\":\"https:\/\/schema.org\",\"@graph\":[{\"@type\":\"WebPage\",\"@id\":\"https:\/\/koningdrone.be\/product\/jackery-explorer-300-plus-portable-power-station-entry-level\/\",\"url\":\"https:\/\/koningdrone.be\/product\/jackery-explorer-300-plus-portable-power-station-entry-level\/\",\"name\":\"Jackery Explorer 300 plus - Portable Power station entry-level - koningdrone.be\",\"isPartOf\":{\"@id\":\"https:\/\/koningdrone.be\/#website\"},\"primaryImageOfPage\":{\"@id\":\"https:\/\/koningdrone.be\/product\/jackery-explorer-300-plus-portable-power-station-entry-level\/#primaryimage\"},\"image\":{\"@id\":\"https:\/\/koningdrone.be\/product\/jackery-explorer-300-plus-portable-power-station-entry-level\/#primaryimage\"},\"thumbnailUrl\":\"https:\/\/koningdrone.be\/wp-content\/uploads\/sites\/13\/2025\/04\/Jackery-300-2-1.webp\",\"datePublished\":\"2024-09-18T08:09:21+00:00\",\"dateModified\":\"2025-05-20T12:30:53+00:00\",\"breadcrumb\":{\"@id\":\"https:\/\/koningdrone.be\/product\/jackery-explorer-300-plus-portable-power-station-entry-level\/#breadcrumb\"},\"inLanguage\":\"fr-BE\",\"potentialAction\":[{\"@type\":\"ReadAction\",\"target\":[\"https:\/\/koningdrone.be\/product\/jackery-explorer-300-plus-portable-power-station-entry-level\/\"]}]},{\"@type\":\"ImageObject\",\"inLanguage\":\"fr-BE\",\"@id\":\"https:\/\/koningdrone.be\/product\/jackery-explorer-300-plus-portable-power-station-entry-level\/#primaryimage\",\"url\":\"https:\/\/koningdrone.be\/wp-content\/uploads\/sites\/13\/2025\/04\/Jackery-300-2-1.webp\",\"contentUrl\":\"https:\/\/koningdrone.be\/wp-content\/uploads\/sites\/13\/2025\/04\/Jackery-300-2-1.webp\",\"width\":919,\"height\":876},{\"@type\":\"BreadcrumbList\",\"@id\":\"https:\/\/koningdrone.be\/product\/jackery-explorer-300-plus-portable-power-station-entry-level\/#breadcrumb\",\"itemListElement\":[{\"@type\":\"ListItem\",\"position\":1,\"name\":\"Home\",\"item\":\"https:\/\/koningdrone.be\/\"},{\"@type\":\"ListItem\",\"position\":2,\"name\":\"AVSS Parachute Recovery System for DJI Matrice 300\/350\",\"item\":\"https:\/\/koningdrone.be\/product\/avss-parachute-recovery-system-for-dji-matrice-300-350\/\"},{\"@type\":\"ListItem\",\"position\":3,\"name\":\"Alle powerstations\",\"item\":\"https:\/\/koningdrone.be\/categorie\/alle-powerstations\/\"},{\"@type\":\"ListItem\",\"position\":4,\"name\":\"Jackery Explorer 300 plus &#8211; Portable Power station entry-level\"}]},{\"@type\":\"WebSite\",\"@id\":\"https:\/\/koningdrone.be\/#website\",\"url\":\"https:\/\/koningdrone.be\/\",\"name\":\"Koningdrone.be - Uw online specialist in drones, gimbals, camera's en power stations.\",\"description\":\"De webshop in drones en gimbals\",\"publisher\":{\"@id\":\"https:\/\/koningdrone.be\/#organization\"},\"potentialAction\":[{\"@type\":\"SearchAction\",\"target\":{\"@type\":\"EntryPoint\",\"urlTemplate\":\"https:\/\/koningdrone.be\/?s={search_term_string}\"},\"query-input\":{\"@type\":\"PropertyValueSpecification\",\"valueRequired\":true,\"valueName\":\"search_term_string\"}}],\"inLanguage\":\"fr-BE\"},{\"@type\":\"Organization\",\"@id\":\"https:\/\/koningdrone.be\/#organization\",\"name\":\"Koningdrone.be\",\"url\":\"https:\/\/koningdrone.be\/\",\"logo\":{\"@type\":\"ImageObject\",\"inLanguage\":\"fr-BE\",\"@id\":\"https:\/\/koningdrone.be\/#\/schema\/logo\/image\/\",\"url\":\"https:\/\/koningdrone.be\/wp-content\/uploads\/sites\/13\/2025\/04\/koningdrone-copyright-logo.svg\",\"contentUrl\":\"https:\/\/koningdrone.be\/wp-content\/uploads\/sites\/13\/2025\/04\/koningdrone-copyright-logo.svg\",\"width\":227,\"height\":38,\"caption\":\"Koningdrone.be\"},\"image\":{\"@id\":\"https:\/\/koningdrone.be\/#\/schema\/logo\/image\/\"}}]}<\/script>\n<!-- \/ Yoast SEO Premium plugin. -->","yoast_head_json":{"title":"Jackery Explorer 300 plus - Portable Power station entry-level - koningdrone.be","robots":{"index":"index","follow":"follow","max-snippet":"max-snippet:-1","max-image-preview":"max-image-preview:large","max-video-preview":"max-video-preview:-1"},"canonical":"https:\/\/koningdrone.be\/fr\/produit\/jackery-explorer-300-plus-portable-power-station-entry-level\/","og_locale":"fr_FR","og_type":"article","og_title":"Jackery Explorer 300 plus - Portable Power station entry-level","og_description":"Power on the go: Weighing just 8.27kg, it's ideal for camping, traveling and more.    All-round safety: Maximum safety with 52 protection mechanisms, 12 BMS algorithms and 4 types of physical protection.    Superior Reliability: FCC\/CE, UL 94V-0 Flame Retardant, Class 9 Impact Resistant and UL Certified for 300 Plus.    Long life: battery lasts 50% longer. Long-lasting LFP batteries (LiFePO4) combined with BMS protections ensure a usage time of up to 10 years, even when the battery is charged every 3 days.    Smart app control: Easy battery management via Wi-Fi or Bluetooth  Warranty extension: 3 years warranty + 2 years extended warranty.","og_url":"https:\/\/koningdrone.be\/fr\/produit\/jackery-explorer-300-plus-portable-power-station-entry-level\/","og_site_name":"koningdrone.be","article_modified_time":"2025-05-20T12:30:53+00:00","og_image":[{"width":919,"height":876,"url":"https:\/\/koningdrone.be\/wp-content\/uploads\/sites\/13\/2025\/04\/Jackery-300-2-1.webp","type":"image\/webp"}],"twitter_card":"summary_large_image","schema":{"@context":"https:\/\/schema.org","@graph":[{"@type":"WebPage","@id":"https:\/\/koningdrone.be\/product\/jackery-explorer-300-plus-portable-power-station-entry-level\/","url":"https:\/\/koningdrone.be\/product\/jackery-explorer-300-plus-portable-power-station-entry-level\/","name":"Jackery Explorer 300 plus - Portable Power station entry-level - koningdrone.be","isPartOf":{"@id":"https:\/\/koningdrone.be\/#website"},"primaryImageOfPage":{"@id":"https:\/\/koningdrone.be\/product\/jackery-explorer-300-plus-portable-power-station-entry-level\/#primaryimage"},"image":{"@id":"https:\/\/koningdrone.be\/product\/jackery-explorer-300-plus-portable-power-station-entry-level\/#primaryimage"},"thumbnailUrl":"https:\/\/koningdrone.be\/wp-content\/uploads\/sites\/13\/2025\/04\/Jackery-300-2-1.webp","datePublished":"2024-09-18T08:09:21+00:00","dateModified":"2025-05-20T12:30:53+00:00","breadcrumb":{"@id":"https:\/\/koningdrone.be\/product\/jackery-explorer-300-plus-portable-power-station-entry-level\/#breadcrumb"},"inLanguage":"fr-BE","potentialAction":[{"@type":"ReadAction","target":["https:\/\/koningdrone.be\/product\/jackery-explorer-300-plus-portable-power-station-entry-level\/"]}]},{"@type":"ImageObject","inLanguage":"fr-BE","@id":"https:\/\/koningdrone.be\/product\/jackery-explorer-300-plus-portable-power-station-entry-level\/#primaryimage","url":"https:\/\/koningdrone.be\/wp-content\/uploads\/sites\/13\/2025\/04\/Jackery-300-2-1.webp","contentUrl":"https:\/\/koningdrone.be\/wp-content\/uploads\/sites\/13\/2025\/04\/Jackery-300-2-1.webp","width":919,"height":876},{"@type":"BreadcrumbList","@id":"https:\/\/koningdrone.be\/product\/jackery-explorer-300-plus-portable-power-station-entry-level\/#breadcrumb","itemListElement":[{"@type":"ListItem","position":1,"name":"Home","item":"https:\/\/koningdrone.be\/"},{"@type":"ListItem","position":2,"name":"AVSS Parachute Recovery System for DJI Matrice 300\/350","item":"https:\/\/koningdrone.be\/product\/avss-parachute-recovery-system-for-dji-matrice-300-350\/"},{"@type":"ListItem","position":3,"name":"Alle powerstations","item":"https:\/\/koningdrone.be\/categorie\/alle-powerstations\/"},{"@type":"ListItem","position":4,"name":"Jackery Explorer 300 plus &#8211; Portable Power station entry-level"}]},{"@type":"WebSite","@id":"https:\/\/koningdrone.be\/#website","url":"https:\/\/koningdrone.be\/","name":"Koningdrone.be - Votre sp\u00e9cialiste en ligne en mati\u00e8re de drones, de cardans, de cam\u00e9ras et de centrales \u00e9lectriques.","description":"La boutique en ligne de drones et de cardans","publisher":{"@id":"https:\/\/koningdrone.be\/#organization"},"potentialAction":[{"@type":"SearchAction","target":{"@type":"EntryPoint","urlTemplate":"https:\/\/koningdrone.be\/?s={search_term_string}"},"query-input":{"@type":"PropertyValueSpecification","valueRequired":true,"valueName":"search_term_string"}}],"inLanguage":"fr-BE"},{"@type":"Organization","@id":"https:\/\/koningdrone.be\/#organization","name":"Kingdrone.co.uk","url":"https:\/\/koningdrone.be\/","logo":{"@type":"ImageObject","inLanguage":"fr-BE","@id":"https:\/\/koningdrone.be\/#\/schema\/logo\/image\/","url":"https:\/\/koningdrone.be\/wp-content\/uploads\/sites\/13\/2025\/04\/koningdrone-copyright-logo.svg","contentUrl":"https:\/\/koningdrone.be\/wp-content\/uploads\/sites\/13\/2025\/04\/koningdrone-copyright-logo.svg","width":227,"height":38,"caption":"Koningdrone.be"},"image":{"@id":"https:\/\/koningdrone.be\/#\/schema\/logo\/image\/"}}]}},"df_price":308.75,"df_sale_price":"","df_regular_price":308.75,"df_image_link":"https:\/\/koningdrone.be\/wp-content\/uploads\/sites\/13\/2025\/04\/Jackery-300-2-1-300x286.webp","_links":{"self":[{"href":"https:\/\/koningdrone.be\/fr\/wp-json\/wp\/v2\/product\/2711","targetHints":{"allow":["GET"]}}],"collection":[{"href":"https:\/\/koningdrone.be\/fr\/wp-json\/wp\/v2\/product"}],"about":[{"href":"https:\/\/koningdrone.be\/fr\/wp-json\/wp\/v2\/types\/product"}],"wp:featuredmedia":[{"embeddable":true,"href":"https:\/\/koningdrone.be\/fr\/wp-json\/wp\/v2\/media\/2705"}],"wp:attachment":[{"href":"https:\/\/koningdrone.be\/fr\/wp-json\/wp\/v2\/media?parent=2711"}],"wp:term":[{"taxonomy":"product_brand","embeddable":true,"href":"https:\/\/koningdrone.be\/fr\/wp-json\/wp\/v2\/product_brand?post=2711"},{"taxonomy":"product_cat","embeddable":true,"href":"https:\/\/koningdrone.be\/fr\/wp-json\/wp\/v2\/product_cat?post=2711"},{"taxonomy":"product_tag","embeddable":true,"href":"https:\/\/koningdrone.be\/fr\/wp-json\/wp\/v2\/product_tag?post=2711"}],"curies":[{"name":"wp","href":"https:\/\/api.w.org\/{rel}","templated":true}]}}