{"id":2660,"date":"2024-09-18T10:10:22","date_gmt":"2024-09-18T08:10:22","guid":{"rendered":"https:\/\/koningdrone.nl\/kon\/product\/dronetag-mini-remote-id-module-with-lte\/"},"modified":"2026-04-30T16:00:45","modified_gmt":"2026-04-30T14:00:45","slug":"dronetag-mini-remote-id-module-with-lte","status":"publish","type":"product","link":"https:\/\/koningdrone.be\/fr\/produit\/dronetag-mini-remote-id-module-with-lte\/","title":{"rendered":"Module d'identification \u00e0 distance Dronetag Mini avec LTE"},"content":{"rendered":"<p>Le Dronetag Mini est un dispositif d'identification \u00e0 distance compact et l\u00e9ger, con\u00e7u pour \u00eatre enti\u00e8rement conforme aux r\u00e9glementations de la FAA et de l'EASA. \u00c9quip\u00e9 de capteurs GNSS, de barom\u00e8tre et d'acc\u00e9l\u00e9ration, l'appareil fournit un suivi pr\u00e9cis et des donn\u00e9es t\u00e9l\u00e9m\u00e9triques en temps r\u00e9el pour les drones. L'appareil dispose d'une communication radio Bluetooth et longue port\u00e9e, et la batterie dure jusqu'\u00e0 14 heures sur une seule charge. Son petit format et sa charge USB-C en font un appareil id\u00e9al pour les op\u00e9rateurs de drones professionnels et amateurs.<\/p>","protected":false},"excerpt":{"rendered":"<ul>\n<li>Conforme aux r\u00e9glementations de l'UE<\/li>\n<li>Direct Remote ID (DRI)<\/li>\n<li>ID r\u00e9seau \u00e0 distance (NRI)<\/li>\n<li>Prise en charge du GPS, du GLONASS, de Galileo et du SBA<\/li>\n<li>Antennes internes LTE, Bluethooth et GNSS<\/li>\n<li>Capacit\u00e9 de la batterie : 14 heures<\/li>\n<\/ul>","protected":false},"featured_media":2655,"template":"","meta":{"_acf_changed":false},"product_brand":[],"product_cat":[97,458,460],"product_tag":[],"class_list":{"0":"post-2660","1":"product","2":"type-product","3":"status-publish","4":"has-post-thumbnail","6":"product_cat-alle-producten","7":"product_cat-dronetag","8":"product_cat-remote-ided","9":"product_shipping_class-outofstock","10":"pa_brand-dronetag","11":"pa_productfamily-externe-id-module","12":"pa_producttype-externe-id-module","14":"first","15":"outofstock","16":"taxable","17":"shipping-taxable","18":"purchasable","19":"product-type-simple"},"acf":[],"yoast_head":"<!-- This site is optimized with the Yoast SEO Premium plugin v27.2 (Yoast SEO v27.2) - https:\/\/yoast.com\/product\/yoast-seo-premium-wordpress\/ -->\n<title>Dronetag Mini Remote ID Module with LTE - koningdrone.be<\/title>\n<meta name=\"robots\" content=\"index, follow, max-snippet:-1, max-image-preview:large, max-video-preview:-1\" \/>\n<link rel=\"canonical\" href=\"https:\/\/koningdrone.be\/fr\/produit\/dronetag-mini-remote-id-module-with-lte\/\" \/>\n<meta property=\"og:locale\" content=\"fr_FR\" \/>\n<meta property=\"og:type\" content=\"article\" \/>\n<meta property=\"og:title\" content=\"Dronetag Mini Remote ID Module with LTE\" \/>\n<meta property=\"og:description\" content=\"Geschikt voor EU regelgevingDirect Remote ID (DRI)Network Remote ID (NRI)Ondersteunt GPS, GLONASS, Galileo and SBAInterne LTE, Bluethooth and GNSS AntennesBatterij capaciteit van 14 uur\" \/>\n<meta property=\"og:url\" content=\"https:\/\/koningdrone.be\/fr\/produit\/dronetag-mini-remote-id-module-with-lte\/\" \/>\n<meta property=\"og:site_name\" content=\"koningdrone.be\" \/>\n<meta property=\"article:modified_time\" content=\"2026-04-30T14:00:45+00:00\" \/>\n<meta property=\"og:image\" content=\"https:\/\/koningdrone.be\/wp-content\/uploads\/sites\/13\/2025\/04\/dronetag-mini.jpg\" \/>\n\t<meta property=\"og:image:width\" content=\"800\" \/>\n\t<meta property=\"og:image:height\" content=\"800\" \/>\n\t<meta property=\"og:image:type\" content=\"image\/jpeg\" \/>\n<meta name=\"twitter:card\" content=\"summary_large_image\" \/>\n<script type=\"application\/ld+json\" class=\"yoast-schema-graph\">{\"@context\":\"https:\/\/schema.org\",\"@graph\":[{\"@type\":\"WebPage\",\"@id\":\"https:\/\/koningdrone.be\/product\/dronetag-mini-remote-id-module-with-lte\/\",\"url\":\"https:\/\/koningdrone.be\/product\/dronetag-mini-remote-id-module-with-lte\/\",\"name\":\"Dronetag Mini Remote ID Module with LTE - koningdrone.be\",\"isPartOf\":{\"@id\":\"https:\/\/koningdrone.be\/#website\"},\"primaryImageOfPage\":{\"@id\":\"https:\/\/koningdrone.be\/product\/dronetag-mini-remote-id-module-with-lte\/#primaryimage\"},\"image\":{\"@id\":\"https:\/\/koningdrone.be\/product\/dronetag-mini-remote-id-module-with-lte\/#primaryimage\"},\"thumbnailUrl\":\"https:\/\/koningdrone.be\/wp-content\/uploads\/sites\/13\/2025\/04\/dronetag-mini.jpg\",\"datePublished\":\"2024-09-18T08:10:22+00:00\",\"dateModified\":\"2026-04-30T14:00:45+00:00\",\"breadcrumb\":{\"@id\":\"https:\/\/koningdrone.be\/product\/dronetag-mini-remote-id-module-with-lte\/#breadcrumb\"},\"inLanguage\":\"fr-BE\",\"potentialAction\":[{\"@type\":\"ReadAction\",\"target\":[\"https:\/\/koningdrone.be\/product\/dronetag-mini-remote-id-module-with-lte\/\"]}]},{\"@type\":\"ImageObject\",\"inLanguage\":\"fr-BE\",\"@id\":\"https:\/\/koningdrone.be\/product\/dronetag-mini-remote-id-module-with-lte\/#primaryimage\",\"url\":\"https:\/\/koningdrone.be\/wp-content\/uploads\/sites\/13\/2025\/04\/dronetag-mini.jpg\",\"contentUrl\":\"https:\/\/koningdrone.be\/wp-content\/uploads\/sites\/13\/2025\/04\/dronetag-mini.jpg\",\"width\":800,\"height\":800},{\"@type\":\"BreadcrumbList\",\"@id\":\"https:\/\/koningdrone.be\/product\/dronetag-mini-remote-id-module-with-lte\/#breadcrumb\",\"itemListElement\":[{\"@type\":\"ListItem\",\"position\":1,\"name\":\"Home\",\"item\":\"https:\/\/koningdrone.be\/\"},{\"@type\":\"ListItem\",\"position\":2,\"name\":\"AVSS Parachute Recovery System for DJI Matrice 300\/350\",\"item\":\"https:\/\/koningdrone.be\/product\/avss-parachute-recovery-system-for-dji-matrice-300-350\/\"},{\"@type\":\"ListItem\",\"position\":3,\"name\":\"Alle producten\",\"item\":\"https:\/\/koningdrone.be\/categorie\/alle-producten\/\"},{\"@type\":\"ListItem\",\"position\":4,\"name\":\"Dronetag Mini Remote ID Module with LTE\"}]},{\"@type\":\"WebSite\",\"@id\":\"https:\/\/koningdrone.be\/#website\",\"url\":\"https:\/\/koningdrone.be\/\",\"name\":\"Koningdrone.be - Uw online specialist in drones, gimbals, camera's en power stations.\",\"description\":\"De webshop in drones en gimbals\",\"publisher\":{\"@id\":\"https:\/\/koningdrone.be\/#organization\"},\"potentialAction\":[{\"@type\":\"SearchAction\",\"target\":{\"@type\":\"EntryPoint\",\"urlTemplate\":\"https:\/\/koningdrone.be\/?s={search_term_string}\"},\"query-input\":{\"@type\":\"PropertyValueSpecification\",\"valueRequired\":true,\"valueName\":\"search_term_string\"}}],\"inLanguage\":\"fr-BE\"},{\"@type\":\"Organization\",\"@id\":\"https:\/\/koningdrone.be\/#organization\",\"name\":\"Koningdrone.be\",\"url\":\"https:\/\/koningdrone.be\/\",\"logo\":{\"@type\":\"ImageObject\",\"inLanguage\":\"fr-BE\",\"@id\":\"https:\/\/koningdrone.be\/#\/schema\/logo\/image\/\",\"url\":\"https:\/\/koningdrone.be\/wp-content\/uploads\/sites\/13\/2025\/04\/koningdrone-copyright-logo.svg\",\"contentUrl\":\"https:\/\/koningdrone.be\/wp-content\/uploads\/sites\/13\/2025\/04\/koningdrone-copyright-logo.svg\",\"width\":227,\"height\":38,\"caption\":\"Koningdrone.be\"},\"image\":{\"@id\":\"https:\/\/koningdrone.be\/#\/schema\/logo\/image\/\"}}]}<\/script>\n<!-- \/ Yoast SEO Premium plugin. -->","yoast_head_json":{"title":"Dronetag Mini Remote ID Module with LTE - koningdrone.be","robots":{"index":"index","follow":"follow","max-snippet":"max-snippet:-1","max-image-preview":"max-image-preview:large","max-video-preview":"max-video-preview:-1"},"canonical":"https:\/\/koningdrone.be\/fr\/produit\/dronetag-mini-remote-id-module-with-lte\/","og_locale":"fr_FR","og_type":"article","og_title":"Dronetag Mini Remote ID Module with LTE","og_description":"Geschikt voor EU regelgevingDirect Remote ID (DRI)Network Remote ID (NRI)Ondersteunt GPS, GLONASS, Galileo and SBAInterne LTE, Bluethooth and GNSS AntennesBatterij capaciteit van 14 uur","og_url":"https:\/\/koningdrone.be\/fr\/produit\/dronetag-mini-remote-id-module-with-lte\/","og_site_name":"koningdrone.be","article_modified_time":"2026-04-30T14:00:45+00:00","og_image":[{"width":800,"height":800,"url":"https:\/\/koningdrone.be\/wp-content\/uploads\/sites\/13\/2025\/04\/dronetag-mini.jpg","type":"image\/jpeg"}],"twitter_card":"summary_large_image","schema":{"@context":"https:\/\/schema.org","@graph":[{"@type":"WebPage","@id":"https:\/\/koningdrone.be\/product\/dronetag-mini-remote-id-module-with-lte\/","url":"https:\/\/koningdrone.be\/product\/dronetag-mini-remote-id-module-with-lte\/","name":"Dronetag Mini Remote ID Module with LTE - koningdrone.be","isPartOf":{"@id":"https:\/\/koningdrone.be\/#website"},"primaryImageOfPage":{"@id":"https:\/\/koningdrone.be\/product\/dronetag-mini-remote-id-module-with-lte\/#primaryimage"},"image":{"@id":"https:\/\/koningdrone.be\/product\/dronetag-mini-remote-id-module-with-lte\/#primaryimage"},"thumbnailUrl":"https:\/\/koningdrone.be\/wp-content\/uploads\/sites\/13\/2025\/04\/dronetag-mini.jpg","datePublished":"2024-09-18T08:10:22+00:00","dateModified":"2026-04-30T14:00:45+00:00","breadcrumb":{"@id":"https:\/\/koningdrone.be\/product\/dronetag-mini-remote-id-module-with-lte\/#breadcrumb"},"inLanguage":"fr-BE","potentialAction":[{"@type":"ReadAction","target":["https:\/\/koningdrone.be\/product\/dronetag-mini-remote-id-module-with-lte\/"]}]},{"@type":"ImageObject","inLanguage":"fr-BE","@id":"https:\/\/koningdrone.be\/product\/dronetag-mini-remote-id-module-with-lte\/#primaryimage","url":"https:\/\/koningdrone.be\/wp-content\/uploads\/sites\/13\/2025\/04\/dronetag-mini.jpg","contentUrl":"https:\/\/koningdrone.be\/wp-content\/uploads\/sites\/13\/2025\/04\/dronetag-mini.jpg","width":800,"height":800},{"@type":"BreadcrumbList","@id":"https:\/\/koningdrone.be\/product\/dronetag-mini-remote-id-module-with-lte\/#breadcrumb","itemListElement":[{"@type":"ListItem","position":1,"name":"Home","item":"https:\/\/koningdrone.be\/"},{"@type":"ListItem","position":2,"name":"AVSS Parachute Recovery System for DJI Matrice 300\/350","item":"https:\/\/koningdrone.be\/product\/avss-parachute-recovery-system-for-dji-matrice-300-350\/"},{"@type":"ListItem","position":3,"name":"Alle producten","item":"https:\/\/koningdrone.be\/categorie\/alle-producten\/"},{"@type":"ListItem","position":4,"name":"Dronetag Mini Remote ID Module with LTE"}]},{"@type":"WebSite","@id":"https:\/\/koningdrone.be\/#website","url":"https:\/\/koningdrone.be\/","name":"Koningdrone.be - Votre sp\u00e9cialiste en ligne en mati\u00e8re de drones, de cardans, de cam\u00e9ras et de centrales \u00e9lectriques.","description":"La boutique en ligne de drones et de cardans","publisher":{"@id":"https:\/\/koningdrone.be\/#organization"},"potentialAction":[{"@type":"SearchAction","target":{"@type":"EntryPoint","urlTemplate":"https:\/\/koningdrone.be\/?s={search_term_string}"},"query-input":{"@type":"PropertyValueSpecification","valueRequired":true,"valueName":"search_term_string"}}],"inLanguage":"fr-BE"},{"@type":"Organization","@id":"https:\/\/koningdrone.be\/#organization","name":"Kingdrone.co.uk","url":"https:\/\/koningdrone.be\/","logo":{"@type":"ImageObject","inLanguage":"fr-BE","@id":"https:\/\/koningdrone.be\/#\/schema\/logo\/image\/","url":"https:\/\/koningdrone.be\/wp-content\/uploads\/sites\/13\/2025\/04\/koningdrone-copyright-logo.svg","contentUrl":"https:\/\/koningdrone.be\/wp-content\/uploads\/sites\/13\/2025\/04\/koningdrone-copyright-logo.svg","width":227,"height":38,"caption":"Koningdrone.be"},"image":{"@id":"https:\/\/koningdrone.be\/#\/schema\/logo\/image\/"}}]}},"df_price":361.79,"df_sale_price":"","df_regular_price":361.79,"df_image_link":"https:\/\/koningdrone.be\/wp-content\/uploads\/sites\/13\/2025\/04\/dronetag-mini-300x300.jpg","_links":{"self":[{"href":"https:\/\/koningdrone.be\/fr\/wp-json\/wp\/v2\/product\/2660","targetHints":{"allow":["GET"]}}],"collection":[{"href":"https:\/\/koningdrone.be\/fr\/wp-json\/wp\/v2\/product"}],"about":[{"href":"https:\/\/koningdrone.be\/fr\/wp-json\/wp\/v2\/types\/product"}],"wp:featuredmedia":[{"embeddable":true,"href":"https:\/\/koningdrone.be\/fr\/wp-json\/wp\/v2\/media\/2655"}],"wp:attachment":[{"href":"https:\/\/koningdrone.be\/fr\/wp-json\/wp\/v2\/media?parent=2660"}],"wp:term":[{"taxonomy":"product_brand","embeddable":true,"href":"https:\/\/koningdrone.be\/fr\/wp-json\/wp\/v2\/product_brand?post=2660"},{"taxonomy":"product_cat","embeddable":true,"href":"https:\/\/koningdrone.be\/fr\/wp-json\/wp\/v2\/product_cat?post=2660"},{"taxonomy":"product_tag","embeddable":true,"href":"https:\/\/koningdrone.be\/fr\/wp-json\/wp\/v2\/product_tag?post=2660"}],"curies":[{"name":"wp","href":"https:\/\/api.w.org\/{rel}","templated":true}]}}