{"id":2643,"date":"2024-09-18T10:10:22","date_gmt":"2024-09-18T10:10:22","guid":{"rendered":"https:\/\/koningdrone.nl\/kon\/product\/anker-solix-f1500-powerstation-1536wh\/"},"modified":"2024-09-18T10:10:22","modified_gmt":"2024-09-18T10:10:22","slug":"anker-solix-f1500-powerstation-1536wh","status":"publish","type":"product","link":"https:\/\/koningdrone.be\/fr\/produit\/anker-solix-f1500-powerstation-1536wh\/","title":{"rendered":"ANKER SOLIX F1500 Powerstation 1536Wh"},"content":{"rendered":"<p>La station d'alimentation portable SOLIX F1500 d'Anker est une solution d'alimentation puissante et compacte d'une capacit\u00e9 de 1 536 Wh, parfaite pour une utilisation quotidienne et les situations d'urgence. Elle d\u00e9livre une puissance robuste de 1 500 W, adapt\u00e9e \u00e0 l'alimentation d'une grande vari\u00e9t\u00e9 d'appareils, des petits appareils \u00e9lectrom\u00e9nagers aux appareils \u00e9lectroniques essentiels. La station d'alimentation est dot\u00e9e de plusieurs ports, notamment des prises, USB-A et USB-C, pour des options de charge polyvalentes. Con\u00e7ue pour \u00eatre facile \u00e0 utiliser et \u00e0 transporter, la SOLIX F1500 est id\u00e9ale pour le camping, les activit\u00e9s de plein air et l'alimentation de secours en cas de panne de courant.<\/p>","protected":false},"excerpt":{"rendered":"<ul>\n<li>Format non modifi\u00e9 avec batterie LFP de 1 536 Wh<\/li>\n<li>Puissance de sortie CA continue de 1800 W, puissance de cr\u00eate de 2400 W<\/li>\n<li>13 Prises polyvalentes pour les besoins en \u00e9lectricit\u00e9 en d\u00e9placement<\/li>\n<li>Max. 600 W d'\u00e9nergie solaire<\/li>\n<li>HyperFlash\u2122 1000W Entr\u00e9e AC<\/li>\n<li>Application \u00e0 distance via WiFi et Bluetooth<\/li>\n<li>Garantie de 5 ans et dur\u00e9e de vie de 10 ans<\/li>\n<\/ul>","protected":false},"featured_media":2635,"template":"","meta":{"_acf_changed":false},"product_brand":[],"product_cat":[454,97,197,415],"product_tag":[],"class_list":{"0":"post-2643","1":"product","2":"type-product","3":"status-publish","4":"has-post-thumbnail","6":"product_cat-alle-powerstations","7":"product_cat-alle-producten","8":"product_cat-anker","9":"product_cat-energy","10":"product_shipping_class-outofstock","11":"pa_brand-anker","12":"pa_productfamily-power-station","13":"pa_producttype-power-station","15":"first","16":"outofstock","17":"taxable","18":"shipping-taxable","19":"product-type-simple"},"acf":[],"yoast_head":"<!-- This site is optimized with the Yoast SEO Premium plugin v27.2 (Yoast SEO v27.2) - https:\/\/yoast.com\/product\/yoast-seo-premium-wordpress\/ -->\n<title>ANKER SOLIX F1500 Powerstation 1536Wh - koningdrone.be<\/title>\n<meta name=\"robots\" content=\"index, follow, max-snippet:-1, max-image-preview:large, max-video-preview:-1\" \/>\n<link rel=\"canonical\" href=\"https:\/\/koningdrone.be\/fr\/produit\/anker-solix-f1500-powerstation-1536wh\/\" \/>\n<meta property=\"og:locale\" content=\"fr_FR\" \/>\n<meta property=\"og:type\" content=\"article\" \/>\n<meta property=\"og:title\" content=\"ANKER SOLIX F1500 Powerstation 1536Wh\" \/>\n<meta property=\"og:description\" content=\"Ongewijzigd formaat met 1.536Wh LFP batterij  1800W continu AC uitgangsvermogen, 2400W piekvermogen  13 Veelzijdige stopcontacten voor stroombehoeften onderweg  Max. 600W zonne-ingang  HyperFlash\u2122 1000W AC-ingang  Remote App via WiFi &amp; Bluetooth  5 jaar garantie &amp; 10 jaar levensduur\" \/>\n<meta property=\"og:url\" content=\"https:\/\/koningdrone.be\/fr\/produit\/anker-solix-f1500-powerstation-1536wh\/\" \/>\n<meta property=\"og:site_name\" content=\"koningdrone.be\" \/>\n<meta property=\"og:image\" content=\"https:\/\/koningdrone.be\/wp-content\/uploads\/sites\/13\/2025\/04\/cq5dam.web_.128013-Photoroom1_3840x-scaled.png\" \/>\n\t<meta property=\"og:image:width\" content=\"2560\" \/>\n\t<meta property=\"og:image:height\" content=\"2560\" \/>\n\t<meta property=\"og:image:type\" content=\"image\/png\" \/>\n<meta name=\"twitter:card\" content=\"summary_large_image\" \/>\n<script type=\"application\/ld+json\" class=\"yoast-schema-graph\">{\"@context\":\"https:\/\/schema.org\",\"@graph\":[{\"@type\":\"WebPage\",\"@id\":\"https:\/\/koningdrone.be\/product\/anker-solix-f1500-powerstation-1536wh\/\",\"url\":\"https:\/\/koningdrone.be\/product\/anker-solix-f1500-powerstation-1536wh\/\",\"name\":\"ANKER SOLIX F1500 Powerstation 1536Wh - koningdrone.be\",\"isPartOf\":{\"@id\":\"https:\/\/koningdrone.be\/#website\"},\"primaryImageOfPage\":{\"@id\":\"https:\/\/koningdrone.be\/product\/anker-solix-f1500-powerstation-1536wh\/#primaryimage\"},\"image\":{\"@id\":\"https:\/\/koningdrone.be\/product\/anker-solix-f1500-powerstation-1536wh\/#primaryimage\"},\"thumbnailUrl\":\"https:\/\/koningdrone.be\/wp-content\/uploads\/sites\/13\/2025\/04\/cq5dam.web_.128013-Photoroom1_3840x-scaled.png\",\"datePublished\":\"2024-09-18T10:10:22+00:00\",\"breadcrumb\":{\"@id\":\"https:\/\/koningdrone.be\/product\/anker-solix-f1500-powerstation-1536wh\/#breadcrumb\"},\"inLanguage\":\"fr-BE\",\"potentialAction\":[{\"@type\":\"ReadAction\",\"target\":[\"https:\/\/koningdrone.be\/product\/anker-solix-f1500-powerstation-1536wh\/\"]}]},{\"@type\":\"ImageObject\",\"inLanguage\":\"fr-BE\",\"@id\":\"https:\/\/koningdrone.be\/product\/anker-solix-f1500-powerstation-1536wh\/#primaryimage\",\"url\":\"https:\/\/koningdrone.be\/wp-content\/uploads\/sites\/13\/2025\/04\/cq5dam.web_.128013-Photoroom1_3840x-scaled.png\",\"contentUrl\":\"https:\/\/koningdrone.be\/wp-content\/uploads\/sites\/13\/2025\/04\/cq5dam.web_.128013-Photoroom1_3840x-scaled.png\",\"width\":2560,\"height\":2560},{\"@type\":\"BreadcrumbList\",\"@id\":\"https:\/\/koningdrone.be\/product\/anker-solix-f1500-powerstation-1536wh\/#breadcrumb\",\"itemListElement\":[{\"@type\":\"ListItem\",\"position\":1,\"name\":\"Home\",\"item\":\"https:\/\/koningdrone.be\/\"},{\"@type\":\"ListItem\",\"position\":2,\"name\":\"AVSS Parachute Recovery System for DJI Matrice 300\/350\",\"item\":\"https:\/\/koningdrone.be\/product\/avss-parachute-recovery-system-for-dji-matrice-300-350\/\"},{\"@type\":\"ListItem\",\"position\":3,\"name\":\"Alle powerstations\",\"item\":\"https:\/\/koningdrone.be\/categorie\/alle-powerstations\/\"},{\"@type\":\"ListItem\",\"position\":4,\"name\":\"ANKER SOLIX F1500 Powerstation 1536Wh\"}]},{\"@type\":\"WebSite\",\"@id\":\"https:\/\/koningdrone.be\/#website\",\"url\":\"https:\/\/koningdrone.be\/\",\"name\":\"Koningdrone.be - Uw online specialist in drones, gimbals, camera's en power stations.\",\"description\":\"De webshop in drones en gimbals\",\"publisher\":{\"@id\":\"https:\/\/koningdrone.be\/#organization\"},\"potentialAction\":[{\"@type\":\"SearchAction\",\"target\":{\"@type\":\"EntryPoint\",\"urlTemplate\":\"https:\/\/koningdrone.be\/?s={search_term_string}\"},\"query-input\":{\"@type\":\"PropertyValueSpecification\",\"valueRequired\":true,\"valueName\":\"search_term_string\"}}],\"inLanguage\":\"fr-BE\"},{\"@type\":\"Organization\",\"@id\":\"https:\/\/koningdrone.be\/#organization\",\"name\":\"Koningdrone.be\",\"url\":\"https:\/\/koningdrone.be\/\",\"logo\":{\"@type\":\"ImageObject\",\"inLanguage\":\"fr-BE\",\"@id\":\"https:\/\/koningdrone.be\/#\/schema\/logo\/image\/\",\"url\":\"https:\/\/koningdrone.be\/wp-content\/uploads\/sites\/13\/2025\/04\/koningdrone-copyright-logo.svg\",\"contentUrl\":\"https:\/\/koningdrone.be\/wp-content\/uploads\/sites\/13\/2025\/04\/koningdrone-copyright-logo.svg\",\"width\":227,\"height\":38,\"caption\":\"Koningdrone.be\"},\"image\":{\"@id\":\"https:\/\/koningdrone.be\/#\/schema\/logo\/image\/\"}}]}<\/script>\n<!-- \/ Yoast SEO Premium plugin. -->","yoast_head_json":{"title":"ANKER SOLIX F1500 Powerstation 1536Wh - koningdrone.be","robots":{"index":"index","follow":"follow","max-snippet":"max-snippet:-1","max-image-preview":"max-image-preview:large","max-video-preview":"max-video-preview:-1"},"canonical":"https:\/\/koningdrone.be\/fr\/produit\/anker-solix-f1500-powerstation-1536wh\/","og_locale":"fr_FR","og_type":"article","og_title":"ANKER SOLIX F1500 Powerstation 1536Wh","og_description":"Ongewijzigd formaat met 1.536Wh LFP batterij  1800W continu AC uitgangsvermogen, 2400W piekvermogen  13 Veelzijdige stopcontacten voor stroombehoeften onderweg  Max. 600W zonne-ingang  HyperFlash\u2122 1000W AC-ingang  Remote App via WiFi &amp; Bluetooth  5 jaar garantie &amp; 10 jaar levensduur","og_url":"https:\/\/koningdrone.be\/fr\/produit\/anker-solix-f1500-powerstation-1536wh\/","og_site_name":"koningdrone.be","og_image":[{"width":2560,"height":2560,"url":"https:\/\/koningdrone.be\/wp-content\/uploads\/sites\/13\/2025\/04\/cq5dam.web_.128013-Photoroom1_3840x-scaled.png","type":"image\/png"}],"twitter_card":"summary_large_image","schema":{"@context":"https:\/\/schema.org","@graph":[{"@type":"WebPage","@id":"https:\/\/koningdrone.be\/product\/anker-solix-f1500-powerstation-1536wh\/","url":"https:\/\/koningdrone.be\/product\/anker-solix-f1500-powerstation-1536wh\/","name":"ANKER SOLIX F1500 Powerstation 1536Wh - koningdrone.be","isPartOf":{"@id":"https:\/\/koningdrone.be\/#website"},"primaryImageOfPage":{"@id":"https:\/\/koningdrone.be\/product\/anker-solix-f1500-powerstation-1536wh\/#primaryimage"},"image":{"@id":"https:\/\/koningdrone.be\/product\/anker-solix-f1500-powerstation-1536wh\/#primaryimage"},"thumbnailUrl":"https:\/\/koningdrone.be\/wp-content\/uploads\/sites\/13\/2025\/04\/cq5dam.web_.128013-Photoroom1_3840x-scaled.png","datePublished":"2024-09-18T10:10:22+00:00","breadcrumb":{"@id":"https:\/\/koningdrone.be\/product\/anker-solix-f1500-powerstation-1536wh\/#breadcrumb"},"inLanguage":"fr-BE","potentialAction":[{"@type":"ReadAction","target":["https:\/\/koningdrone.be\/product\/anker-solix-f1500-powerstation-1536wh\/"]}]},{"@type":"ImageObject","inLanguage":"fr-BE","@id":"https:\/\/koningdrone.be\/product\/anker-solix-f1500-powerstation-1536wh\/#primaryimage","url":"https:\/\/koningdrone.be\/wp-content\/uploads\/sites\/13\/2025\/04\/cq5dam.web_.128013-Photoroom1_3840x-scaled.png","contentUrl":"https:\/\/koningdrone.be\/wp-content\/uploads\/sites\/13\/2025\/04\/cq5dam.web_.128013-Photoroom1_3840x-scaled.png","width":2560,"height":2560},{"@type":"BreadcrumbList","@id":"https:\/\/koningdrone.be\/product\/anker-solix-f1500-powerstation-1536wh\/#breadcrumb","itemListElement":[{"@type":"ListItem","position":1,"name":"Home","item":"https:\/\/koningdrone.be\/"},{"@type":"ListItem","position":2,"name":"AVSS Parachute Recovery System for DJI Matrice 300\/350","item":"https:\/\/koningdrone.be\/product\/avss-parachute-recovery-system-for-dji-matrice-300-350\/"},{"@type":"ListItem","position":3,"name":"Alle powerstations","item":"https:\/\/koningdrone.be\/categorie\/alle-powerstations\/"},{"@type":"ListItem","position":4,"name":"ANKER SOLIX F1500 Powerstation 1536Wh"}]},{"@type":"WebSite","@id":"https:\/\/koningdrone.be\/#website","url":"https:\/\/koningdrone.be\/","name":"Koningdrone.be - Votre sp\u00e9cialiste en ligne en mati\u00e8re de drones, de cardans, de cam\u00e9ras et de centrales \u00e9lectriques.","description":"La boutique en ligne de drones et de cardans","publisher":{"@id":"https:\/\/koningdrone.be\/#organization"},"potentialAction":[{"@type":"SearchAction","target":{"@type":"EntryPoint","urlTemplate":"https:\/\/koningdrone.be\/?s={search_term_string}"},"query-input":{"@type":"PropertyValueSpecification","valueRequired":true,"valueName":"search_term_string"}}],"inLanguage":"fr-BE"},{"@type":"Organization","@id":"https:\/\/koningdrone.be\/#organization","name":"Kingdrone.co.uk","url":"https:\/\/koningdrone.be\/","logo":{"@type":"ImageObject","inLanguage":"fr-BE","@id":"https:\/\/koningdrone.be\/#\/schema\/logo\/image\/","url":"https:\/\/koningdrone.be\/wp-content\/uploads\/sites\/13\/2025\/04\/koningdrone-copyright-logo.svg","contentUrl":"https:\/\/koningdrone.be\/wp-content\/uploads\/sites\/13\/2025\/04\/koningdrone-copyright-logo.svg","width":227,"height":38,"caption":"Koningdrone.be"},"image":{"@id":"https:\/\/koningdrone.be\/#\/schema\/logo\/image\/"}}]}},"df_price":"","df_sale_price":"","df_regular_price":"","df_image_link":"https:\/\/koningdrone.be\/wp-content\/uploads\/sites\/13\/2025\/04\/cq5dam.web_.128013-Photoroom1_3840x-300x300.png","_links":{"self":[{"href":"https:\/\/koningdrone.be\/fr\/wp-json\/wp\/v2\/product\/2643","targetHints":{"allow":["GET"]}}],"collection":[{"href":"https:\/\/koningdrone.be\/fr\/wp-json\/wp\/v2\/product"}],"about":[{"href":"https:\/\/koningdrone.be\/fr\/wp-json\/wp\/v2\/types\/product"}],"wp:featuredmedia":[{"embeddable":true,"href":"https:\/\/koningdrone.be\/fr\/wp-json\/wp\/v2\/media\/2635"}],"wp:attachment":[{"href":"https:\/\/koningdrone.be\/fr\/wp-json\/wp\/v2\/media?parent=2643"}],"wp:term":[{"taxonomy":"product_brand","embeddable":true,"href":"https:\/\/koningdrone.be\/fr\/wp-json\/wp\/v2\/product_brand?post=2643"},{"taxonomy":"product_cat","embeddable":true,"href":"https:\/\/koningdrone.be\/fr\/wp-json\/wp\/v2\/product_cat?post=2643"},{"taxonomy":"product_tag","embeddable":true,"href":"https:\/\/koningdrone.be\/fr\/wp-json\/wp\/v2\/product_tag?post=2643"}],"curies":[{"name":"wp","href":"https:\/\/api.w.org\/{rel}","templated":true}]}}