{"id":2609,"date":"2024-09-18T10:24:17","date_gmt":"2024-09-18T10:24:17","guid":{"rendered":"https:\/\/koningdrone.nl\/kon\/product\/parazero-safeair-m-350-pro\/"},"modified":"2024-09-18T10:24:17","modified_gmt":"2024-09-18T10:24:17","slug":"parazero-safeair-m-350-pro","status":"publish","type":"product","link":"https:\/\/koningdrone.be\/fr\/produit\/parazero-safeair-m-350-pro\/","title":{"rendered":"Parazero - SafeAir M-350 Pro"},"content":{"rendered":"<p>Con\u00e7u pour r\u00e9pondre aux d\u00e9fis de s\u00e9curit\u00e9 les plus critiques dans l'industrie du drone, le SafeAir\u2122 M-350 Pro de ParaZero fournit une solution intelligente et efficace pour prot\u00e9ger les passants au sol ainsi que votre pr\u00e9cieux drone et votre charge utile. Con\u00e7u sur mesure pour le Matrice 350 RTK de DJI, ce syst\u00e8me de s\u00e9curit\u00e9 autonome, le meilleur de sa cat\u00e9gorie, offre une protection in\u00e9gal\u00e9e dans les situations d'urgence.<\/p>","protected":false},"excerpt":{"rendered":"<ul>\n<li>Syst\u00e8me ind\u00e9pendant de terminaison de vol (FTS)<\/li>\n<li>Syst\u00e8me d'activation autonome (ATS)<\/li>\n<li>Activation et d\u00e9sactivation automatiques du syst\u00e8me de parachute<\/li>\n<li>Installation facile, plug-and-play, en 10 minutes<\/li>\n<li>Parachutage automatique et manuel<\/li>\n<li>T\u00e9l\u00e9commande pour le d\u00e9ploiement manuel incluse<\/li>\n<li>Alerte sonore pour les personnes au sol<\/li>\n<li>Acc\u00e8s aux enregistrements de donn\u00e9es \u00e0 partir d'une bo\u00eete noire<\/li>\n<li>Y compris toutes les pi\u00e8ces d'assemblage et d'installation<\/li>\n<li>Syst\u00e8me industriel dont le niveau de fiabilit\u00e9 est comparable \u00e0 celui de l'aviation commerciale<\/li>\n<li>Connexion USB-C<\/li>\n<li>La batterie fonctionne ind\u00e9finiment<\/li>\n<\/ul>","protected":false},"featured_media":2604,"template":"","meta":{"_acf_changed":false},"product_brand":[],"product_cat":[97],"product_tag":[],"class_list":{"0":"post-2609","1":"product","2":"type-product","3":"status-publish","4":"has-post-thumbnail","6":"product_cat-alle-producten","7":"product_shipping_class-outofstock","8":"pa_brand-parazero","9":"pa_productfamily-herstelsysteem-voor-parachutes","10":"pa_producttype-herstelsysteem-voor-parachutes","11":"pa_series-mavic-3","13":"first","14":"outofstock","15":"taxable","16":"shipping-taxable","17":"product-type-simple"},"acf":[],"yoast_head":"<!-- This site is optimized with the Yoast SEO Premium plugin v27.2 (Yoast SEO v27.2) - https:\/\/yoast.com\/product\/yoast-seo-premium-wordpress\/ -->\n<title>Parazero - SafeAir M-350 Pro - koningdrone.be<\/title>\n<meta name=\"robots\" content=\"index, follow, max-snippet:-1, max-image-preview:large, max-video-preview:-1\" \/>\n<link rel=\"canonical\" href=\"https:\/\/koningdrone.be\/fr\/produit\/parazero-safeair-m-350-pro\/\" \/>\n<meta property=\"og:locale\" content=\"fr_FR\" \/>\n<meta property=\"og:type\" content=\"article\" \/>\n<meta property=\"og:title\" content=\"Parazero - SafeAir M-350 Pro\" \/>\n<meta property=\"og:description\" content=\"Onafhankelijk vluchtbe\u00ebindigingssysteem (FTS)Autonoom activeringssysteem (ATS)Automatisch in- en uitschakelen van parachuteersysteemEenvoudige plug-and-play installatie binnen 10 minutenAutomatische en handmatige parachuteringAfstandsbediening voor handmatige ontplooiing inbegrepenGeluidswaarschuwing voor mensen op de grondToegang tot gegevenslogs van zwarte doosInclusief alle montage- en installatieonderdelenIndustrieel systeem met betrouwbaarheidsniveau zoals in de commerci\u00eble luchtvaartUSB-C aansluitingBatterij werkt onbeperkt\" \/>\n<meta property=\"og:url\" content=\"https:\/\/koningdrone.be\/fr\/produit\/parazero-safeair-m-350-pro\/\" \/>\n<meta property=\"og:site_name\" content=\"koningdrone.be\" \/>\n<meta property=\"og:image\" content=\"https:\/\/koningdrone.be\/wp-content\/uploads\/sites\/13\/2025\/04\/keysot-m300.45-scaled.png\" \/>\n\t<meta property=\"og:image:width\" content=\"2560\" \/>\n\t<meta property=\"og:image:height\" content=\"1600\" \/>\n\t<meta property=\"og:image:type\" content=\"image\/png\" \/>\n<meta name=\"twitter:card\" content=\"summary_large_image\" \/>\n<script type=\"application\/ld+json\" class=\"yoast-schema-graph\">{\"@context\":\"https:\/\/schema.org\",\"@graph\":[{\"@type\":\"WebPage\",\"@id\":\"https:\/\/koningdrone.be\/product\/parazero-safeair-m-350-pro\/\",\"url\":\"https:\/\/koningdrone.be\/product\/parazero-safeair-m-350-pro\/\",\"name\":\"Parazero - SafeAir M-350 Pro - koningdrone.be\",\"isPartOf\":{\"@id\":\"https:\/\/koningdrone.be\/#website\"},\"primaryImageOfPage\":{\"@id\":\"https:\/\/koningdrone.be\/product\/parazero-safeair-m-350-pro\/#primaryimage\"},\"image\":{\"@id\":\"https:\/\/koningdrone.be\/product\/parazero-safeair-m-350-pro\/#primaryimage\"},\"thumbnailUrl\":\"https:\/\/koningdrone.be\/wp-content\/uploads\/sites\/13\/2025\/04\/keysot-m300.45-scaled.png\",\"datePublished\":\"2024-09-18T10:24:17+00:00\",\"breadcrumb\":{\"@id\":\"https:\/\/koningdrone.be\/product\/parazero-safeair-m-350-pro\/#breadcrumb\"},\"inLanguage\":\"fr-BE\",\"potentialAction\":[{\"@type\":\"ReadAction\",\"target\":[\"https:\/\/koningdrone.be\/product\/parazero-safeair-m-350-pro\/\"]}]},{\"@type\":\"ImageObject\",\"inLanguage\":\"fr-BE\",\"@id\":\"https:\/\/koningdrone.be\/product\/parazero-safeair-m-350-pro\/#primaryimage\",\"url\":\"https:\/\/koningdrone.be\/wp-content\/uploads\/sites\/13\/2025\/04\/keysot-m300.45-scaled.png\",\"contentUrl\":\"https:\/\/koningdrone.be\/wp-content\/uploads\/sites\/13\/2025\/04\/keysot-m300.45-scaled.png\",\"width\":2560,\"height\":1600},{\"@type\":\"BreadcrumbList\",\"@id\":\"https:\/\/koningdrone.be\/product\/parazero-safeair-m-350-pro\/#breadcrumb\",\"itemListElement\":[{\"@type\":\"ListItem\",\"position\":1,\"name\":\"Home\",\"item\":\"https:\/\/koningdrone.be\/\"},{\"@type\":\"ListItem\",\"position\":2,\"name\":\"AVSS Parachute Recovery System for DJI Matrice 300\/350\",\"item\":\"https:\/\/koningdrone.be\/product\/avss-parachute-recovery-system-for-dji-matrice-300-350\/\"},{\"@type\":\"ListItem\",\"position\":3,\"name\":\"Alle producten\",\"item\":\"https:\/\/koningdrone.be\/categorie\/alle-producten\/\"},{\"@type\":\"ListItem\",\"position\":4,\"name\":\"Parazero &#8211; SafeAir M-350 Pro\"}]},{\"@type\":\"WebSite\",\"@id\":\"https:\/\/koningdrone.be\/#website\",\"url\":\"https:\/\/koningdrone.be\/\",\"name\":\"Koningdrone.be - Uw online specialist in drones, gimbals, camera's en power stations.\",\"description\":\"De webshop in drones en gimbals\",\"publisher\":{\"@id\":\"https:\/\/koningdrone.be\/#organization\"},\"potentialAction\":[{\"@type\":\"SearchAction\",\"target\":{\"@type\":\"EntryPoint\",\"urlTemplate\":\"https:\/\/koningdrone.be\/?s={search_term_string}\"},\"query-input\":{\"@type\":\"PropertyValueSpecification\",\"valueRequired\":true,\"valueName\":\"search_term_string\"}}],\"inLanguage\":\"fr-BE\"},{\"@type\":\"Organization\",\"@id\":\"https:\/\/koningdrone.be\/#organization\",\"name\":\"Koningdrone.be\",\"url\":\"https:\/\/koningdrone.be\/\",\"logo\":{\"@type\":\"ImageObject\",\"inLanguage\":\"fr-BE\",\"@id\":\"https:\/\/koningdrone.be\/#\/schema\/logo\/image\/\",\"url\":\"https:\/\/koningdrone.be\/wp-content\/uploads\/sites\/13\/2025\/04\/koningdrone-copyright-logo.svg\",\"contentUrl\":\"https:\/\/koningdrone.be\/wp-content\/uploads\/sites\/13\/2025\/04\/koningdrone-copyright-logo.svg\",\"width\":227,\"height\":38,\"caption\":\"Koningdrone.be\"},\"image\":{\"@id\":\"https:\/\/koningdrone.be\/#\/schema\/logo\/image\/\"}}]}<\/script>\n<!-- \/ Yoast SEO Premium plugin. -->","yoast_head_json":{"title":"Parazero - SafeAir M-350 Pro - koningdrone.be","robots":{"index":"index","follow":"follow","max-snippet":"max-snippet:-1","max-image-preview":"max-image-preview:large","max-video-preview":"max-video-preview:-1"},"canonical":"https:\/\/koningdrone.be\/fr\/produit\/parazero-safeair-m-350-pro\/","og_locale":"fr_FR","og_type":"article","og_title":"Parazero - SafeAir M-350 Pro","og_description":"Onafhankelijk vluchtbe\u00ebindigingssysteem (FTS)Autonoom activeringssysteem (ATS)Automatisch in- en uitschakelen van parachuteersysteemEenvoudige plug-and-play installatie binnen 10 minutenAutomatische en handmatige parachuteringAfstandsbediening voor handmatige ontplooiing inbegrepenGeluidswaarschuwing voor mensen op de grondToegang tot gegevenslogs van zwarte doosInclusief alle montage- en installatieonderdelenIndustrieel systeem met betrouwbaarheidsniveau zoals in de commerci\u00eble luchtvaartUSB-C aansluitingBatterij werkt onbeperkt","og_url":"https:\/\/koningdrone.be\/fr\/produit\/parazero-safeair-m-350-pro\/","og_site_name":"koningdrone.be","og_image":[{"width":2560,"height":1600,"url":"https:\/\/koningdrone.be\/wp-content\/uploads\/sites\/13\/2025\/04\/keysot-m300.45-scaled.png","type":"image\/png"}],"twitter_card":"summary_large_image","schema":{"@context":"https:\/\/schema.org","@graph":[{"@type":"WebPage","@id":"https:\/\/koningdrone.be\/product\/parazero-safeair-m-350-pro\/","url":"https:\/\/koningdrone.be\/product\/parazero-safeair-m-350-pro\/","name":"Parazero - SafeAir M-350 Pro - koningdrone.be","isPartOf":{"@id":"https:\/\/koningdrone.be\/#website"},"primaryImageOfPage":{"@id":"https:\/\/koningdrone.be\/product\/parazero-safeair-m-350-pro\/#primaryimage"},"image":{"@id":"https:\/\/koningdrone.be\/product\/parazero-safeair-m-350-pro\/#primaryimage"},"thumbnailUrl":"https:\/\/koningdrone.be\/wp-content\/uploads\/sites\/13\/2025\/04\/keysot-m300.45-scaled.png","datePublished":"2024-09-18T10:24:17+00:00","breadcrumb":{"@id":"https:\/\/koningdrone.be\/product\/parazero-safeair-m-350-pro\/#breadcrumb"},"inLanguage":"fr-BE","potentialAction":[{"@type":"ReadAction","target":["https:\/\/koningdrone.be\/product\/parazero-safeair-m-350-pro\/"]}]},{"@type":"ImageObject","inLanguage":"fr-BE","@id":"https:\/\/koningdrone.be\/product\/parazero-safeair-m-350-pro\/#primaryimage","url":"https:\/\/koningdrone.be\/wp-content\/uploads\/sites\/13\/2025\/04\/keysot-m300.45-scaled.png","contentUrl":"https:\/\/koningdrone.be\/wp-content\/uploads\/sites\/13\/2025\/04\/keysot-m300.45-scaled.png","width":2560,"height":1600},{"@type":"BreadcrumbList","@id":"https:\/\/koningdrone.be\/product\/parazero-safeair-m-350-pro\/#breadcrumb","itemListElement":[{"@type":"ListItem","position":1,"name":"Home","item":"https:\/\/koningdrone.be\/"},{"@type":"ListItem","position":2,"name":"AVSS Parachute Recovery System for DJI Matrice 300\/350","item":"https:\/\/koningdrone.be\/product\/avss-parachute-recovery-system-for-dji-matrice-300-350\/"},{"@type":"ListItem","position":3,"name":"Alle producten","item":"https:\/\/koningdrone.be\/categorie\/alle-producten\/"},{"@type":"ListItem","position":4,"name":"Parazero &#8211; SafeAir M-350 Pro"}]},{"@type":"WebSite","@id":"https:\/\/koningdrone.be\/#website","url":"https:\/\/koningdrone.be\/","name":"Koningdrone.be - Votre sp\u00e9cialiste en ligne en mati\u00e8re de drones, de cardans, de cam\u00e9ras et de centrales \u00e9lectriques.","description":"La boutique en ligne de drones et de cardans","publisher":{"@id":"https:\/\/koningdrone.be\/#organization"},"potentialAction":[{"@type":"SearchAction","target":{"@type":"EntryPoint","urlTemplate":"https:\/\/koningdrone.be\/?s={search_term_string}"},"query-input":{"@type":"PropertyValueSpecification","valueRequired":true,"valueName":"search_term_string"}}],"inLanguage":"fr-BE"},{"@type":"Organization","@id":"https:\/\/koningdrone.be\/#organization","name":"Kingdrone.co.uk","url":"https:\/\/koningdrone.be\/","logo":{"@type":"ImageObject","inLanguage":"fr-BE","@id":"https:\/\/koningdrone.be\/#\/schema\/logo\/image\/","url":"https:\/\/koningdrone.be\/wp-content\/uploads\/sites\/13\/2025\/04\/koningdrone-copyright-logo.svg","contentUrl":"https:\/\/koningdrone.be\/wp-content\/uploads\/sites\/13\/2025\/04\/koningdrone-copyright-logo.svg","width":227,"height":38,"caption":"Koningdrone.be"},"image":{"@id":"https:\/\/koningdrone.be\/#\/schema\/logo\/image\/"}}]}},"df_price":"","df_sale_price":"","df_regular_price":"","df_image_link":"https:\/\/koningdrone.be\/wp-content\/uploads\/sites\/13\/2025\/04\/keysot-m300.45-300x188.png","_links":{"self":[{"href":"https:\/\/koningdrone.be\/fr\/wp-json\/wp\/v2\/product\/2609","targetHints":{"allow":["GET"]}}],"collection":[{"href":"https:\/\/koningdrone.be\/fr\/wp-json\/wp\/v2\/product"}],"about":[{"href":"https:\/\/koningdrone.be\/fr\/wp-json\/wp\/v2\/types\/product"}],"wp:featuredmedia":[{"embeddable":true,"href":"https:\/\/koningdrone.be\/fr\/wp-json\/wp\/v2\/media\/2604"}],"wp:attachment":[{"href":"https:\/\/koningdrone.be\/fr\/wp-json\/wp\/v2\/media?parent=2609"}],"wp:term":[{"taxonomy":"product_brand","embeddable":true,"href":"https:\/\/koningdrone.be\/fr\/wp-json\/wp\/v2\/product_brand?post=2609"},{"taxonomy":"product_cat","embeddable":true,"href":"https:\/\/koningdrone.be\/fr\/wp-json\/wp\/v2\/product_cat?post=2609"},{"taxonomy":"product_tag","embeddable":true,"href":"https:\/\/koningdrone.be\/fr\/wp-json\/wp\/v2\/product_tag?post=2609"}],"curies":[{"name":"wp","href":"https:\/\/api.w.org\/{rel}","templated":true}]}}