{"id":2603,"date":"2024-09-18T10:24:17","date_gmt":"2024-09-18T08:24:17","guid":{"rendered":"https:\/\/koningdrone.nl\/kon\/product\/polarpro-dji-mavic-3-pro-vivid-collection-nd8-pl\/"},"modified":"2026-05-01T13:40:21","modified_gmt":"2026-05-01T11:40:21","slug":"polarpro-dji-mavic-3-pro-vivid-collection-nd8-pl","status":"publish","type":"product","link":"https:\/\/koningdrone.be\/fr\/produit\/polarpro-dji-mavic-3-pro-vivid-collection-nd8-pl\/","title":{"rendered":"Polarpro DJI Mavic 3 Pro Vivid Collection ( ND8\/PL"},"content":{"rendered":"<p>La collection Vivid pour le Mavic 3 Pro combine deux effets de filtre (ND + Polarisation) dans un seul \u00e9l\u00e9ment en verre. L'ensemble comprend des filtres ND8\/PL, ND16\/PL et ND32\/PL pour r\u00e9duire la vitesse d'obturation et contrer les reflets dans des conditions lumineuses et r\u00e9fl\u00e9chissantes pour des couleurs \u00e9tonnamment satur\u00e9es. Afin de maintenir un temps de vol maximum et d'optimiser le cardan, chaque filtre est dot\u00e9 d'un cadre en aluminium l\u00e9ger. Gr\u00e2ce aux indicateurs de polarisation grav\u00e9s sur le cadre, ces filtres peuvent \u00eatre r\u00e9gl\u00e9s avec pr\u00e9cision pour obtenir la polarisation de la lumi\u00e8re souhait\u00e9e.<\/p>","protected":false},"excerpt":{"rendered":"<ul>\n<li>Con\u00e7u avec pr\u00e9cision pour le DJI Mavic 3 Pro.<\/li>\n<li><\/li>\n<li>Comprend des filtres ND8\/PL, ND16\/PL, ND32\/PL et un \u00e9tui de protection.<\/li>\n<li><\/li>\n<li>Cadre l\u00e9ger en aluminium.<\/li>\n<li><\/li>\n<li>CinemaSeries\u2122 Glass - Se caract\u00e9rise par un faible indice de r\u00e9fraction, une neutralit\u00e9 des couleurs et une transmission parfaite de la cible.<\/li>\n<\/ul>","protected":false},"featured_media":2599,"template":"","meta":{"_acf_changed":false},"product_brand":[],"product_cat":[97,447],"product_tag":[],"class_list":{"0":"post-2603","1":"product","2":"type-product","3":"status-publish","4":"has-post-thumbnail","6":"product_cat-alle-producten","7":"product_cat-polarpro","8":"product_shipping_class-outofstock","9":"pa_brand-polarpro","10":"pa_productfamily-filterset","11":"pa_producttype-filterset","12":"pa_series-mavic-3","14":"first","15":"outofstock","16":"taxable","17":"shipping-taxable","18":"product-type-simple"},"acf":[],"yoast_head":"<!-- This site is optimized with the Yoast SEO Premium plugin v27.2 (Yoast SEO v27.2) - https:\/\/yoast.com\/product\/yoast-seo-premium-wordpress\/ -->\n<title>Polarpro DJI Mavic 3 Pro Vivid Collection ( ND8\/PL - koningdrone.be<\/title>\n<meta name=\"robots\" content=\"index, follow, max-snippet:-1, max-image-preview:large, max-video-preview:-1\" \/>\n<link rel=\"canonical\" href=\"https:\/\/koningdrone.be\/fr\/produit\/polarpro-dji-mavic-3-pro-vivid-collection-nd8-pl\/\" \/>\n<meta property=\"og:locale\" content=\"fr_FR\" \/>\n<meta property=\"og:type\" content=\"article\" \/>\n<meta property=\"og:title\" content=\"Polarpro DJI Mavic 3 Pro Vivid Collection ( ND8\/PL\" \/>\n<meta property=\"og:description\" content=\"Precision designed for the DJI Mavic 3 Pro.Includes ND8\/PL, ND16\/PL, ND32\/PL filters and a protective storage case.Lightweight aluminium frame design.CinemaSeries\u2122 Glass - Features low refractive index, colour neutrality and perfect target transmission.\" \/>\n<meta property=\"og:url\" content=\"https:\/\/koningdrone.be\/fr\/produit\/polarpro-dji-mavic-3-pro-vivid-collection-nd8-pl\/\" \/>\n<meta property=\"og:site_name\" content=\"koningdrone.be\" \/>\n<meta property=\"article:modified_time\" content=\"2026-05-01T11:40:21+00:00\" \/>\n<meta property=\"og:image\" content=\"https:\/\/koningdrone.be\/wp-content\/uploads\/sites\/13\/2025\/04\/VIVID-1.jpg\" \/>\n\t<meta property=\"og:image:width\" content=\"1500\" \/>\n\t<meta property=\"og:image:height\" content=\"1500\" \/>\n\t<meta property=\"og:image:type\" content=\"image\/jpeg\" \/>\n<meta name=\"twitter:card\" content=\"summary_large_image\" \/>\n<script type=\"application\/ld+json\" class=\"yoast-schema-graph\">{\"@context\":\"https:\/\/schema.org\",\"@graph\":[{\"@type\":\"WebPage\",\"@id\":\"https:\/\/koningdrone.be\/product\/polarpro-dji-mavic-3-pro-vivid-collection-nd8-pl\/\",\"url\":\"https:\/\/koningdrone.be\/product\/polarpro-dji-mavic-3-pro-vivid-collection-nd8-pl\/\",\"name\":\"Polarpro DJI Mavic 3 Pro Vivid Collection ( ND8\/PL - koningdrone.be\",\"isPartOf\":{\"@id\":\"https:\/\/koningdrone.be\/#website\"},\"primaryImageOfPage\":{\"@id\":\"https:\/\/koningdrone.be\/product\/polarpro-dji-mavic-3-pro-vivid-collection-nd8-pl\/#primaryimage\"},\"image\":{\"@id\":\"https:\/\/koningdrone.be\/product\/polarpro-dji-mavic-3-pro-vivid-collection-nd8-pl\/#primaryimage\"},\"thumbnailUrl\":\"https:\/\/koningdrone.be\/wp-content\/uploads\/sites\/13\/2025\/04\/VIVID-1.jpg\",\"datePublished\":\"2024-09-18T08:24:17+00:00\",\"dateModified\":\"2026-05-01T11:40:21+00:00\",\"breadcrumb\":{\"@id\":\"https:\/\/koningdrone.be\/product\/polarpro-dji-mavic-3-pro-vivid-collection-nd8-pl\/#breadcrumb\"},\"inLanguage\":\"fr-BE\",\"potentialAction\":[{\"@type\":\"ReadAction\",\"target\":[\"https:\/\/koningdrone.be\/product\/polarpro-dji-mavic-3-pro-vivid-collection-nd8-pl\/\"]}]},{\"@type\":\"ImageObject\",\"inLanguage\":\"fr-BE\",\"@id\":\"https:\/\/koningdrone.be\/product\/polarpro-dji-mavic-3-pro-vivid-collection-nd8-pl\/#primaryimage\",\"url\":\"https:\/\/koningdrone.be\/wp-content\/uploads\/sites\/13\/2025\/04\/VIVID-1.jpg\",\"contentUrl\":\"https:\/\/koningdrone.be\/wp-content\/uploads\/sites\/13\/2025\/04\/VIVID-1.jpg\",\"width\":1500,\"height\":1500},{\"@type\":\"BreadcrumbList\",\"@id\":\"https:\/\/koningdrone.be\/product\/polarpro-dji-mavic-3-pro-vivid-collection-nd8-pl\/#breadcrumb\",\"itemListElement\":[{\"@type\":\"ListItem\",\"position\":1,\"name\":\"Home\",\"item\":\"https:\/\/koningdrone.be\/\"},{\"@type\":\"ListItem\",\"position\":2,\"name\":\"AVSS Parachute Recovery System for DJI Matrice 300\/350\",\"item\":\"https:\/\/koningdrone.be\/product\/avss-parachute-recovery-system-for-dji-matrice-300-350\/\"},{\"@type\":\"ListItem\",\"position\":3,\"name\":\"Alle producten\",\"item\":\"https:\/\/koningdrone.be\/categorie\/alle-producten\/\"},{\"@type\":\"ListItem\",\"position\":4,\"name\":\"Polarpro DJI Mavic 3 Pro Vivid Collection ( ND8\/PL\"}]},{\"@type\":\"WebSite\",\"@id\":\"https:\/\/koningdrone.be\/#website\",\"url\":\"https:\/\/koningdrone.be\/\",\"name\":\"Koningdrone.be - Uw online specialist in drones, gimbals, camera's en power stations.\",\"description\":\"De webshop in drones en gimbals\",\"publisher\":{\"@id\":\"https:\/\/koningdrone.be\/#organization\"},\"potentialAction\":[{\"@type\":\"SearchAction\",\"target\":{\"@type\":\"EntryPoint\",\"urlTemplate\":\"https:\/\/koningdrone.be\/?s={search_term_string}\"},\"query-input\":{\"@type\":\"PropertyValueSpecification\",\"valueRequired\":true,\"valueName\":\"search_term_string\"}}],\"inLanguage\":\"fr-BE\"},{\"@type\":\"Organization\",\"@id\":\"https:\/\/koningdrone.be\/#organization\",\"name\":\"Koningdrone.be\",\"url\":\"https:\/\/koningdrone.be\/\",\"logo\":{\"@type\":\"ImageObject\",\"inLanguage\":\"fr-BE\",\"@id\":\"https:\/\/koningdrone.be\/#\/schema\/logo\/image\/\",\"url\":\"https:\/\/koningdrone.be\/wp-content\/uploads\/sites\/13\/2025\/04\/koningdrone-copyright-logo.svg\",\"contentUrl\":\"https:\/\/koningdrone.be\/wp-content\/uploads\/sites\/13\/2025\/04\/koningdrone-copyright-logo.svg\",\"width\":227,\"height\":38,\"caption\":\"Koningdrone.be\"},\"image\":{\"@id\":\"https:\/\/koningdrone.be\/#\/schema\/logo\/image\/\"}}]}<\/script>\n<!-- \/ Yoast SEO Premium plugin. -->","yoast_head_json":{"title":"Polarpro DJI Mavic 3 Pro Vivid Collection ( ND8\/PL - koningdrone.be","robots":{"index":"index","follow":"follow","max-snippet":"max-snippet:-1","max-image-preview":"max-image-preview:large","max-video-preview":"max-video-preview:-1"},"canonical":"https:\/\/koningdrone.be\/fr\/produit\/polarpro-dji-mavic-3-pro-vivid-collection-nd8-pl\/","og_locale":"fr_FR","og_type":"article","og_title":"Polarpro DJI Mavic 3 Pro Vivid Collection ( ND8\/PL","og_description":"Precision designed for the DJI Mavic 3 Pro.Includes ND8\/PL, ND16\/PL, ND32\/PL filters and a protective storage case.Lightweight aluminium frame design.CinemaSeries\u2122 Glass - Features low refractive index, colour neutrality and perfect target transmission.","og_url":"https:\/\/koningdrone.be\/fr\/produit\/polarpro-dji-mavic-3-pro-vivid-collection-nd8-pl\/","og_site_name":"koningdrone.be","article_modified_time":"2026-05-01T11:40:21+00:00","og_image":[{"width":1500,"height":1500,"url":"https:\/\/koningdrone.be\/wp-content\/uploads\/sites\/13\/2025\/04\/VIVID-1.jpg","type":"image\/jpeg"}],"twitter_card":"summary_large_image","schema":{"@context":"https:\/\/schema.org","@graph":[{"@type":"WebPage","@id":"https:\/\/koningdrone.be\/product\/polarpro-dji-mavic-3-pro-vivid-collection-nd8-pl\/","url":"https:\/\/koningdrone.be\/product\/polarpro-dji-mavic-3-pro-vivid-collection-nd8-pl\/","name":"Polarpro DJI Mavic 3 Pro Vivid Collection ( ND8\/PL - koningdrone.be","isPartOf":{"@id":"https:\/\/koningdrone.be\/#website"},"primaryImageOfPage":{"@id":"https:\/\/koningdrone.be\/product\/polarpro-dji-mavic-3-pro-vivid-collection-nd8-pl\/#primaryimage"},"image":{"@id":"https:\/\/koningdrone.be\/product\/polarpro-dji-mavic-3-pro-vivid-collection-nd8-pl\/#primaryimage"},"thumbnailUrl":"https:\/\/koningdrone.be\/wp-content\/uploads\/sites\/13\/2025\/04\/VIVID-1.jpg","datePublished":"2024-09-18T08:24:17+00:00","dateModified":"2026-05-01T11:40:21+00:00","breadcrumb":{"@id":"https:\/\/koningdrone.be\/product\/polarpro-dji-mavic-3-pro-vivid-collection-nd8-pl\/#breadcrumb"},"inLanguage":"fr-BE","potentialAction":[{"@type":"ReadAction","target":["https:\/\/koningdrone.be\/product\/polarpro-dji-mavic-3-pro-vivid-collection-nd8-pl\/"]}]},{"@type":"ImageObject","inLanguage":"fr-BE","@id":"https:\/\/koningdrone.be\/product\/polarpro-dji-mavic-3-pro-vivid-collection-nd8-pl\/#primaryimage","url":"https:\/\/koningdrone.be\/wp-content\/uploads\/sites\/13\/2025\/04\/VIVID-1.jpg","contentUrl":"https:\/\/koningdrone.be\/wp-content\/uploads\/sites\/13\/2025\/04\/VIVID-1.jpg","width":1500,"height":1500},{"@type":"BreadcrumbList","@id":"https:\/\/koningdrone.be\/product\/polarpro-dji-mavic-3-pro-vivid-collection-nd8-pl\/#breadcrumb","itemListElement":[{"@type":"ListItem","position":1,"name":"Home","item":"https:\/\/koningdrone.be\/"},{"@type":"ListItem","position":2,"name":"AVSS Parachute Recovery System for DJI Matrice 300\/350","item":"https:\/\/koningdrone.be\/product\/avss-parachute-recovery-system-for-dji-matrice-300-350\/"},{"@type":"ListItem","position":3,"name":"Alle producten","item":"https:\/\/koningdrone.be\/categorie\/alle-producten\/"},{"@type":"ListItem","position":4,"name":"Polarpro DJI Mavic 3 Pro Vivid Collection ( ND8\/PL"}]},{"@type":"WebSite","@id":"https:\/\/koningdrone.be\/#website","url":"https:\/\/koningdrone.be\/","name":"Koningdrone.be - Votre sp\u00e9cialiste en ligne en mati\u00e8re de drones, de cardans, de cam\u00e9ras et de centrales \u00e9lectriques.","description":"La boutique en ligne de drones et de cardans","publisher":{"@id":"https:\/\/koningdrone.be\/#organization"},"potentialAction":[{"@type":"SearchAction","target":{"@type":"EntryPoint","urlTemplate":"https:\/\/koningdrone.be\/?s={search_term_string}"},"query-input":{"@type":"PropertyValueSpecification","valueRequired":true,"valueName":"search_term_string"}}],"inLanguage":"fr-BE"},{"@type":"Organization","@id":"https:\/\/koningdrone.be\/#organization","name":"Kingdrone.co.uk","url":"https:\/\/koningdrone.be\/","logo":{"@type":"ImageObject","inLanguage":"fr-BE","@id":"https:\/\/koningdrone.be\/#\/schema\/logo\/image\/","url":"https:\/\/koningdrone.be\/wp-content\/uploads\/sites\/13\/2025\/04\/koningdrone-copyright-logo.svg","contentUrl":"https:\/\/koningdrone.be\/wp-content\/uploads\/sites\/13\/2025\/04\/koningdrone-copyright-logo.svg","width":227,"height":38,"caption":"Koningdrone.be"},"image":{"@id":"https:\/\/koningdrone.be\/#\/schema\/logo\/image\/"}}]}},"df_price":"","df_sale_price":"","df_regular_price":"","df_image_link":"https:\/\/koningdrone.be\/wp-content\/uploads\/sites\/13\/2025\/04\/VIVID-1-300x300.jpg","_links":{"self":[{"href":"https:\/\/koningdrone.be\/fr\/wp-json\/wp\/v2\/product\/2603","targetHints":{"allow":["GET"]}}],"collection":[{"href":"https:\/\/koningdrone.be\/fr\/wp-json\/wp\/v2\/product"}],"about":[{"href":"https:\/\/koningdrone.be\/fr\/wp-json\/wp\/v2\/types\/product"}],"wp:featuredmedia":[{"embeddable":true,"href":"https:\/\/koningdrone.be\/fr\/wp-json\/wp\/v2\/media\/2599"}],"wp:attachment":[{"href":"https:\/\/koningdrone.be\/fr\/wp-json\/wp\/v2\/media?parent=2603"}],"wp:term":[{"taxonomy":"product_brand","embeddable":true,"href":"https:\/\/koningdrone.be\/fr\/wp-json\/wp\/v2\/product_brand?post=2603"},{"taxonomy":"product_cat","embeddable":true,"href":"https:\/\/koningdrone.be\/fr\/wp-json\/wp\/v2\/product_cat?post=2603"},{"taxonomy":"product_tag","embeddable":true,"href":"https:\/\/koningdrone.be\/fr\/wp-json\/wp\/v2\/product_tag?post=2603"}],"curies":[{"name":"wp","href":"https:\/\/api.w.org\/{rel}","templated":true}]}}