{"id":2598,"date":"2024-09-18T10:24:17","date_gmt":"2024-09-18T08:24:17","guid":{"rendered":"https:\/\/koningdrone.nl\/kon\/product\/polarpro-vivid-nd8-pl-nd16-pl-nd32-pl-3-pack-for-dji-mini-3-pro\/"},"modified":"2026-05-01T13:40:20","modified_gmt":"2026-05-01T11:40:20","slug":"polarpro-vivid-nd8-pl-nd16-pl-nd32-pl-3-pack-for-dji-mini-3-pro","status":"publish","type":"product","link":"https:\/\/koningdrone.be\/fr\/produit\/polarpro-vivid-nd8-pl-nd16-pl-nd32-pl-3-pack-for-dji-mini-3-pro\/","title":{"rendered":"PolarPro VIVID ND8\/PL + ND16\/PL + ND32\/PL (3-pack) pour DJI Mini 3 Pro"},"content":{"rendered":"<p>Ce set comprend les filtres Vivid ND8\/PL, ND16\/PL et ND31\/PL PolarPro, sp\u00e9cialement con\u00e7us pour la DJI Mini 3 Pro. Chacun de ces filtres garantit que seule une partie de la lumi\u00e8re entrante atteint le capteur, am\u00e9liorant ainsi la qualit\u00e9 de l'image. En outre, les filtres r\u00e9duisent \u00e9galement les reflets visibles sur vos images.<\/p>\n<p>Les filtres vous donnent plus de libert\u00e9 pour exp\u00e9rimenter les vitesses d'obturation sans risque de sous-exposition ou de surexposition.<\/p>","protected":false},"excerpt":{"rendered":"<ul>\n<li>Cadre en aluminium.<\/li>\n<li><\/li>\n<li>Poids - 1,6 g<\/li>\n<li><\/li>\n<li>Verre CinemaSeries\u2122 - Avec un faible indice de r\u00e9fraction, une neutralit\u00e9 des couleurs et une transmission parfaite de la cible. Fabriqu\u00e9 en Allemagne.<\/li>\n<li><\/li>\n<li>Adventure Assurance\u2122 - Soyez satisfait de votre \u00e9quipement PolarPro lors de vos aventures ou vous serez rembours\u00e9.<\/li>\n<\/ul>","protected":false},"featured_media":2593,"template":"","meta":{"_acf_changed":false},"product_brand":[],"product_cat":[97,445,446,447],"product_tag":[],"class_list":{"0":"post-2598","1":"product","2":"type-product","3":"status-publish","4":"has-post-thumbnail","6":"product_cat-alle-producten","7":"product_cat-dji-mini","8":"product_cat-dji-mini-3","9":"product_cat-polarpro","10":"product_shipping_class-outofstock","11":"pa_brand-polarpro","12":"pa_productfamily-filterset","13":"pa_producttype-filterset","14":"pa_series-mini-3","16":"first","17":"outofstock","18":"taxable","19":"shipping-taxable","20":"product-type-simple"},"acf":[],"yoast_head":"<!-- This site is optimized with the Yoast SEO Premium plugin v27.2 (Yoast SEO v27.2) - https:\/\/yoast.com\/product\/yoast-seo-premium-wordpress\/ -->\n<title>PolarPro VIVID ND8\/PL + ND16\/PL + ND32\/PL (3-pack) for DJI Mini 3 Pro - koningdrone.be<\/title>\n<meta name=\"robots\" content=\"index, follow, max-snippet:-1, max-image-preview:large, max-video-preview:-1\" \/>\n<link rel=\"canonical\" href=\"https:\/\/koningdrone.be\/fr\/produit\/polarpro-vivid-nd8-pl-nd16-pl-nd32-pl-3-pack-for-dji-mini-3-pro\/\" \/>\n<meta property=\"og:locale\" content=\"fr_FR\" \/>\n<meta property=\"og:type\" content=\"article\" \/>\n<meta property=\"og:title\" content=\"PolarPro VIVID ND8\/PL + ND16\/PL + ND32\/PL (3-pack) for DJI Mini 3 Pro\" \/>\n<meta property=\"og:description\" content=\"Aluminium frame ontwerp.Gewicht - 1,6 gCinemaSeries\u2122-glas - Met een lage brekingsindex, kleurneutraliteit en perfecte doeltransmissie. Gemaakt in Duitsland.Adventure Assurance\u2122 - Wees tevreden met je PolarPro uitrusting tijdens je avonturen of je krijgt je geld terug.\" \/>\n<meta property=\"og:url\" content=\"https:\/\/koningdrone.be\/fr\/produit\/polarpro-vivid-nd8-pl-nd16-pl-nd32-pl-3-pack-for-dji-mini-3-pro\/\" \/>\n<meta property=\"og:site_name\" content=\"koningdrone.be\" \/>\n<meta property=\"article:modified_time\" content=\"2026-05-01T11:40:20+00:00\" \/>\n<meta property=\"og:image\" content=\"https:\/\/koningdrone.be\/wp-content\/uploads\/sites\/13\/2025\/04\/MINI-3-PRO-VIVID-1.jpg\" \/>\n\t<meta property=\"og:image:width\" content=\"1200\" \/>\n\t<meta property=\"og:image:height\" content=\"1200\" \/>\n\t<meta property=\"og:image:type\" content=\"image\/jpeg\" \/>\n<meta name=\"twitter:card\" content=\"summary_large_image\" \/>\n<script type=\"application\/ld+json\" class=\"yoast-schema-graph\">{\"@context\":\"https:\/\/schema.org\",\"@graph\":[{\"@type\":\"WebPage\",\"@id\":\"https:\/\/koningdrone.be\/product\/polarpro-vivid-nd8-pl-nd16-pl-nd32-pl-3-pack-for-dji-mini-3-pro\/\",\"url\":\"https:\/\/koningdrone.be\/product\/polarpro-vivid-nd8-pl-nd16-pl-nd32-pl-3-pack-for-dji-mini-3-pro\/\",\"name\":\"PolarPro VIVID ND8\/PL + ND16\/PL + ND32\/PL (3-pack) for DJI Mini 3 Pro - koningdrone.be\",\"isPartOf\":{\"@id\":\"https:\/\/koningdrone.be\/#website\"},\"primaryImageOfPage\":{\"@id\":\"https:\/\/koningdrone.be\/product\/polarpro-vivid-nd8-pl-nd16-pl-nd32-pl-3-pack-for-dji-mini-3-pro\/#primaryimage\"},\"image\":{\"@id\":\"https:\/\/koningdrone.be\/product\/polarpro-vivid-nd8-pl-nd16-pl-nd32-pl-3-pack-for-dji-mini-3-pro\/#primaryimage\"},\"thumbnailUrl\":\"https:\/\/koningdrone.be\/wp-content\/uploads\/sites\/13\/2025\/04\/MINI-3-PRO-VIVID-1.jpg\",\"datePublished\":\"2024-09-18T08:24:17+00:00\",\"dateModified\":\"2026-05-01T11:40:20+00:00\",\"breadcrumb\":{\"@id\":\"https:\/\/koningdrone.be\/product\/polarpro-vivid-nd8-pl-nd16-pl-nd32-pl-3-pack-for-dji-mini-3-pro\/#breadcrumb\"},\"inLanguage\":\"fr-BE\",\"potentialAction\":[{\"@type\":\"ReadAction\",\"target\":[\"https:\/\/koningdrone.be\/product\/polarpro-vivid-nd8-pl-nd16-pl-nd32-pl-3-pack-for-dji-mini-3-pro\/\"]}]},{\"@type\":\"ImageObject\",\"inLanguage\":\"fr-BE\",\"@id\":\"https:\/\/koningdrone.be\/product\/polarpro-vivid-nd8-pl-nd16-pl-nd32-pl-3-pack-for-dji-mini-3-pro\/#primaryimage\",\"url\":\"https:\/\/koningdrone.be\/wp-content\/uploads\/sites\/13\/2025\/04\/MINI-3-PRO-VIVID-1.jpg\",\"contentUrl\":\"https:\/\/koningdrone.be\/wp-content\/uploads\/sites\/13\/2025\/04\/MINI-3-PRO-VIVID-1.jpg\",\"width\":1200,\"height\":1200},{\"@type\":\"BreadcrumbList\",\"@id\":\"https:\/\/koningdrone.be\/product\/polarpro-vivid-nd8-pl-nd16-pl-nd32-pl-3-pack-for-dji-mini-3-pro\/#breadcrumb\",\"itemListElement\":[{\"@type\":\"ListItem\",\"position\":1,\"name\":\"Home\",\"item\":\"https:\/\/koningdrone.be\/\"},{\"@type\":\"ListItem\",\"position\":2,\"name\":\"AVSS Parachute Recovery System for DJI Matrice 300\/350\",\"item\":\"https:\/\/koningdrone.be\/product\/avss-parachute-recovery-system-for-dji-matrice-300-350\/\"},{\"@type\":\"ListItem\",\"position\":3,\"name\":\"Alle producten\",\"item\":\"https:\/\/koningdrone.be\/categorie\/alle-producten\/\"},{\"@type\":\"ListItem\",\"position\":4,\"name\":\"PolarPro VIVID ND8\/PL + ND16\/PL + ND32\/PL (3-pack) for DJI Mini 3 Pro\"}]},{\"@type\":\"WebSite\",\"@id\":\"https:\/\/koningdrone.be\/#website\",\"url\":\"https:\/\/koningdrone.be\/\",\"name\":\"Koningdrone.be - Uw online specialist in drones, gimbals, camera's en power stations.\",\"description\":\"De webshop in drones en gimbals\",\"publisher\":{\"@id\":\"https:\/\/koningdrone.be\/#organization\"},\"potentialAction\":[{\"@type\":\"SearchAction\",\"target\":{\"@type\":\"EntryPoint\",\"urlTemplate\":\"https:\/\/koningdrone.be\/?s={search_term_string}\"},\"query-input\":{\"@type\":\"PropertyValueSpecification\",\"valueRequired\":true,\"valueName\":\"search_term_string\"}}],\"inLanguage\":\"fr-BE\"},{\"@type\":\"Organization\",\"@id\":\"https:\/\/koningdrone.be\/#organization\",\"name\":\"Koningdrone.be\",\"url\":\"https:\/\/koningdrone.be\/\",\"logo\":{\"@type\":\"ImageObject\",\"inLanguage\":\"fr-BE\",\"@id\":\"https:\/\/koningdrone.be\/#\/schema\/logo\/image\/\",\"url\":\"https:\/\/koningdrone.be\/wp-content\/uploads\/sites\/13\/2025\/04\/koningdrone-copyright-logo.svg\",\"contentUrl\":\"https:\/\/koningdrone.be\/wp-content\/uploads\/sites\/13\/2025\/04\/koningdrone-copyright-logo.svg\",\"width\":227,\"height\":38,\"caption\":\"Koningdrone.be\"},\"image\":{\"@id\":\"https:\/\/koningdrone.be\/#\/schema\/logo\/image\/\"}}]}<\/script>\n<!-- \/ Yoast SEO Premium plugin. -->","yoast_head_json":{"title":"PolarPro VIVID ND8\/PL + ND16\/PL + ND32\/PL (3-pack) for DJI Mini 3 Pro - koningdrone.be","robots":{"index":"index","follow":"follow","max-snippet":"max-snippet:-1","max-image-preview":"max-image-preview:large","max-video-preview":"max-video-preview:-1"},"canonical":"https:\/\/koningdrone.be\/fr\/produit\/polarpro-vivid-nd8-pl-nd16-pl-nd32-pl-3-pack-for-dji-mini-3-pro\/","og_locale":"fr_FR","og_type":"article","og_title":"PolarPro VIVID ND8\/PL + ND16\/PL + ND32\/PL (3-pack) for DJI Mini 3 Pro","og_description":"Aluminium frame ontwerp.Gewicht - 1,6 gCinemaSeries\u2122-glas - Met een lage brekingsindex, kleurneutraliteit en perfecte doeltransmissie. Gemaakt in Duitsland.Adventure Assurance\u2122 - Wees tevreden met je PolarPro uitrusting tijdens je avonturen of je krijgt je geld terug.","og_url":"https:\/\/koningdrone.be\/fr\/produit\/polarpro-vivid-nd8-pl-nd16-pl-nd32-pl-3-pack-for-dji-mini-3-pro\/","og_site_name":"koningdrone.be","article_modified_time":"2026-05-01T11:40:20+00:00","og_image":[{"width":1200,"height":1200,"url":"https:\/\/koningdrone.be\/wp-content\/uploads\/sites\/13\/2025\/04\/MINI-3-PRO-VIVID-1.jpg","type":"image\/jpeg"}],"twitter_card":"summary_large_image","schema":{"@context":"https:\/\/schema.org","@graph":[{"@type":"WebPage","@id":"https:\/\/koningdrone.be\/product\/polarpro-vivid-nd8-pl-nd16-pl-nd32-pl-3-pack-for-dji-mini-3-pro\/","url":"https:\/\/koningdrone.be\/product\/polarpro-vivid-nd8-pl-nd16-pl-nd32-pl-3-pack-for-dji-mini-3-pro\/","name":"PolarPro VIVID ND8\/PL + ND16\/PL + ND32\/PL (3-pack) for DJI Mini 3 Pro - koningdrone.be","isPartOf":{"@id":"https:\/\/koningdrone.be\/#website"},"primaryImageOfPage":{"@id":"https:\/\/koningdrone.be\/product\/polarpro-vivid-nd8-pl-nd16-pl-nd32-pl-3-pack-for-dji-mini-3-pro\/#primaryimage"},"image":{"@id":"https:\/\/koningdrone.be\/product\/polarpro-vivid-nd8-pl-nd16-pl-nd32-pl-3-pack-for-dji-mini-3-pro\/#primaryimage"},"thumbnailUrl":"https:\/\/koningdrone.be\/wp-content\/uploads\/sites\/13\/2025\/04\/MINI-3-PRO-VIVID-1.jpg","datePublished":"2024-09-18T08:24:17+00:00","dateModified":"2026-05-01T11:40:20+00:00","breadcrumb":{"@id":"https:\/\/koningdrone.be\/product\/polarpro-vivid-nd8-pl-nd16-pl-nd32-pl-3-pack-for-dji-mini-3-pro\/#breadcrumb"},"inLanguage":"fr-BE","potentialAction":[{"@type":"ReadAction","target":["https:\/\/koningdrone.be\/product\/polarpro-vivid-nd8-pl-nd16-pl-nd32-pl-3-pack-for-dji-mini-3-pro\/"]}]},{"@type":"ImageObject","inLanguage":"fr-BE","@id":"https:\/\/koningdrone.be\/product\/polarpro-vivid-nd8-pl-nd16-pl-nd32-pl-3-pack-for-dji-mini-3-pro\/#primaryimage","url":"https:\/\/koningdrone.be\/wp-content\/uploads\/sites\/13\/2025\/04\/MINI-3-PRO-VIVID-1.jpg","contentUrl":"https:\/\/koningdrone.be\/wp-content\/uploads\/sites\/13\/2025\/04\/MINI-3-PRO-VIVID-1.jpg","width":1200,"height":1200},{"@type":"BreadcrumbList","@id":"https:\/\/koningdrone.be\/product\/polarpro-vivid-nd8-pl-nd16-pl-nd32-pl-3-pack-for-dji-mini-3-pro\/#breadcrumb","itemListElement":[{"@type":"ListItem","position":1,"name":"Home","item":"https:\/\/koningdrone.be\/"},{"@type":"ListItem","position":2,"name":"AVSS Parachute Recovery System for DJI Matrice 300\/350","item":"https:\/\/koningdrone.be\/product\/avss-parachute-recovery-system-for-dji-matrice-300-350\/"},{"@type":"ListItem","position":3,"name":"Alle producten","item":"https:\/\/koningdrone.be\/categorie\/alle-producten\/"},{"@type":"ListItem","position":4,"name":"PolarPro VIVID ND8\/PL + ND16\/PL + ND32\/PL (3-pack) for DJI Mini 3 Pro"}]},{"@type":"WebSite","@id":"https:\/\/koningdrone.be\/#website","url":"https:\/\/koningdrone.be\/","name":"Koningdrone.be - Votre sp\u00e9cialiste en ligne en mati\u00e8re de drones, de cardans, de cam\u00e9ras et de centrales \u00e9lectriques.","description":"La boutique en ligne de drones et de cardans","publisher":{"@id":"https:\/\/koningdrone.be\/#organization"},"potentialAction":[{"@type":"SearchAction","target":{"@type":"EntryPoint","urlTemplate":"https:\/\/koningdrone.be\/?s={search_term_string}"},"query-input":{"@type":"PropertyValueSpecification","valueRequired":true,"valueName":"search_term_string"}}],"inLanguage":"fr-BE"},{"@type":"Organization","@id":"https:\/\/koningdrone.be\/#organization","name":"Kingdrone.co.uk","url":"https:\/\/koningdrone.be\/","logo":{"@type":"ImageObject","inLanguage":"fr-BE","@id":"https:\/\/koningdrone.be\/#\/schema\/logo\/image\/","url":"https:\/\/koningdrone.be\/wp-content\/uploads\/sites\/13\/2025\/04\/koningdrone-copyright-logo.svg","contentUrl":"https:\/\/koningdrone.be\/wp-content\/uploads\/sites\/13\/2025\/04\/koningdrone-copyright-logo.svg","width":227,"height":38,"caption":"Koningdrone.be"},"image":{"@id":"https:\/\/koningdrone.be\/#\/schema\/logo\/image\/"}}]}},"df_price":"","df_sale_price":"","df_regular_price":"","df_image_link":"https:\/\/koningdrone.be\/wp-content\/uploads\/sites\/13\/2025\/04\/MINI-3-PRO-VIVID-1-300x300.jpg","_links":{"self":[{"href":"https:\/\/koningdrone.be\/fr\/wp-json\/wp\/v2\/product\/2598","targetHints":{"allow":["GET"]}}],"collection":[{"href":"https:\/\/koningdrone.be\/fr\/wp-json\/wp\/v2\/product"}],"about":[{"href":"https:\/\/koningdrone.be\/fr\/wp-json\/wp\/v2\/types\/product"}],"wp:featuredmedia":[{"embeddable":true,"href":"https:\/\/koningdrone.be\/fr\/wp-json\/wp\/v2\/media\/2593"}],"wp:attachment":[{"href":"https:\/\/koningdrone.be\/fr\/wp-json\/wp\/v2\/media?parent=2598"}],"wp:term":[{"taxonomy":"product_brand","embeddable":true,"href":"https:\/\/koningdrone.be\/fr\/wp-json\/wp\/v2\/product_brand?post=2598"},{"taxonomy":"product_cat","embeddable":true,"href":"https:\/\/koningdrone.be\/fr\/wp-json\/wp\/v2\/product_cat?post=2598"},{"taxonomy":"product_tag","embeddable":true,"href":"https:\/\/koningdrone.be\/fr\/wp-json\/wp\/v2\/product_tag?post=2598"}],"curies":[{"name":"wp","href":"https:\/\/api.w.org\/{rel}","templated":true}]}}